{"id":21963,"date":"2023-12-06T09:37:27","date_gmt":"2023-12-06T08:41:44","guid":{"rendered":"https:\/\/eurotrail.info\/?post_type=product&#038;p=21963"},"modified":"2023-12-06T09:41:45","modified_gmt":"2023-12-06T08:41:45","slug":"caldaro-klappstuhl-mit-armlehnen","status":"publish","type":"product","link":"https:\/\/eurotrail.info\/de\/producten\/campingmoebel\/faltmoebel\/caldaro-klappstuhl-mit-armlehnen\/","title":{"rendered":"Caldaro Klappstuhl"},"content":{"rendered":"<p>Bequemer Klappstuhl mit Armlehnen. Der Caldaro hat eine Sitzh\u00f6he von 45cm und eine gro\u00dfz\u00fcgige Sitzfl\u00e4che von 52x46cm. Zusammen mit der hohen R\u00fcckenlehne (60 cm) bietet der Stuhl wunderbaren Sitzkomfort, auch am Tisch. Der stabile Stahlrahmen l\u00e4sst sich leicht zu einem handlichen Paket zusammenfalten. Die gro\u00dfen Untertassenf\u00fc\u00dfe sorgen daf\u00fcr, dass Sie nicht im Boden versinken. Der Stuhl wird in einer praktischen Tragetasche geliefert.<\/p>\n<p>Verf\u00fcgbare Farben: Blau\/Grau, Schwarz\/Grau, Azurblau\/Schwarz<br \/>\nAbmessungen: 67x63x98cm<br \/>\nGefaltet: 97x20x20cm<br \/>\nMaterial: 100 % Polyester<br \/>\nRahmen: Stahl<br \/>\nMax. Tragf\u00e4higkeit 120 kg.<br \/>\nGewicht: 5,3 kg.<\/p>\n","protected":false},"excerpt":{"rendered":"<p>Bequemer Klappstuhl mit Armlehnen. Der Caldaro hat eine Sitzh\u00f6he von 45cm und eine gro\u00dfz\u00fcgige Sitzfl\u00e4che von 52x46cm. Zusammen mit der hohen R\u00fcckenlehne (60 cm) bietet&hellip;<\/p>\n","protected":false},"featured_media":21924,"comment_status":"open","ping_status":"closed","template":"","meta":{"_acf_changed":false},"product_brand":[],"product_cat":[82,89],"product_tag":[],"class_list":{"0":"post-21963","1":"product","2":"type-product","3":"status-publish","4":"has-post-thumbnail","6":"product_cat-campingmoebel","7":"product_cat-faltmoebel","9":"first","10":"instock","11":"shipping-taxable","12":"product-type-simple"},"acf":[],"yoast_head":"<!-- This site is optimized with the Yoast SEO plugin v27.4 - https:\/\/yoast.com\/product\/yoast-seo-wordpress\/ -->\n<title>Caldaro Klappstuhl - Eurotrail<\/title>\n<meta name=\"description\" content=\"Bequemer Klappstuhl mit Armlehnen. Der Caldaro hat eine Sitzh\u00f6he von 45cm und eine gro\u00dfz\u00fcgige Sitzfl\u00e4che von 52x46cm.\" \/>\n<meta name=\"robots\" content=\"index, follow, max-snippet:-1, max-image-preview:large, max-video-preview:-1\" \/>\n<link rel=\"canonical\" href=\"https:\/\/eurotrail.info\/de\/producten\/campingmoebel\/faltmoebel\/caldaro-klappstuhl-mit-armlehnen\/\" \/>\n<meta property=\"og:locale\" content=\"de_DE\" \/>\n<meta property=\"og:type\" content=\"article\" \/>\n<meta property=\"og:title\" content=\"Caldaro Klappstuhl - Eurotrail\" \/>\n<meta property=\"og:description\" content=\"Bequemer Klappstuhl mit Armlehnen. Der Caldaro hat eine Sitzh\u00f6he von 45cm und eine gro\u00dfz\u00fcgige Sitzfl\u00e4che von 52x46cm.\" \/>\n<meta property=\"og:url\" content=\"https:\/\/eurotrail.info\/de\/producten\/campingmoebel\/faltmoebel\/caldaro-klappstuhl-mit-armlehnen\/\" \/>\n<meta property=\"og:site_name\" content=\"Eurotrail\" \/>\n<meta property=\"article:modified_time\" content=\"2023-12-06T08:41:45+00:00\" \/>\n<meta property=\"og:image\" content=\"https:\/\/eurotrail.info\/wp\/wp-content\/uploads\/2023\/12\/ETCF1083-Caldaro-SeaGreen-Black-24-scaled.jpg\" \/>\n\t<meta property=\"og:image:width\" content=\"1727\" \/>\n\t<meta property=\"og:image:height\" content=\"2560\" \/>\n\t<meta property=\"og:image:type\" content=\"image\/jpeg\" \/>\n<meta name=\"twitter:card\" content=\"summary_large_image\" \/>\n<meta name=\"twitter:label1\" content=\"Gesch\u00e4tzte Lesezeit\" \/>\n\t<meta name=\"twitter:data1\" content=\"1\u00a0Minute\" \/>\n<script type=\"application\/ld+json\" class=\"yoast-schema-graph\">{\"@context\":\"https:\\\/\\\/schema.org\",\"@graph\":[{\"@type\":\"WebPage\",\"@id\":\"https:\\\/\\\/eurotrail.info\\\/de\\\/producten\\\/campingmoebel\\\/faltmoebel\\\/caldaro-klappstuhl-mit-armlehnen\\\/\",\"url\":\"https:\\\/\\\/eurotrail.info\\\/de\\\/producten\\\/campingmoebel\\\/faltmoebel\\\/caldaro-klappstuhl-mit-armlehnen\\\/\",\"name\":\"Caldaro Klappstuhl - Eurotrail\",\"isPartOf\":{\"@id\":\"https:\\\/\\\/eurotrail.info\\\/#website\"},\"primaryImageOfPage\":{\"@id\":\"https:\\\/\\\/eurotrail.info\\\/de\\\/producten\\\/campingmoebel\\\/faltmoebel\\\/caldaro-klappstuhl-mit-armlehnen\\\/#primaryimage\"},\"image\":{\"@id\":\"https:\\\/\\\/eurotrail.info\\\/de\\\/producten\\\/campingmoebel\\\/faltmoebel\\\/caldaro-klappstuhl-mit-armlehnen\\\/#primaryimage\"},\"thumbnailUrl\":\"https:\\\/\\\/eurotrail.info\\\/wp\\\/wp-content\\\/uploads\\\/2023\\\/12\\\/ETCF1083-Caldaro-SeaGreen-Black-24-scaled.jpg\",\"datePublished\":\"2023-12-06T08:41:44+00:00\",\"dateModified\":\"2023-12-06T08:41:45+00:00\",\"description\":\"Bequemer Klappstuhl mit Armlehnen. Der Caldaro hat eine Sitzh\u00f6he von 45cm und eine gro\u00dfz\u00fcgige Sitzfl\u00e4che von 52x46cm.\",\"breadcrumb\":{\"@id\":\"https:\\\/\\\/eurotrail.info\\\/de\\\/producten\\\/campingmoebel\\\/faltmoebel\\\/caldaro-klappstuhl-mit-armlehnen\\\/#breadcrumb\"},\"inLanguage\":\"de\",\"potentialAction\":[{\"@type\":\"ReadAction\",\"target\":[\"https:\\\/\\\/eurotrail.info\\\/de\\\/producten\\\/campingmoebel\\\/faltmoebel\\\/caldaro-klappstuhl-mit-armlehnen\\\/\"]}]},{\"@type\":\"ImageObject\",\"inLanguage\":\"de\",\"@id\":\"https:\\\/\\\/eurotrail.info\\\/de\\\/producten\\\/campingmoebel\\\/faltmoebel\\\/caldaro-klappstuhl-mit-armlehnen\\\/#primaryimage\",\"url\":\"https:\\\/\\\/eurotrail.info\\\/wp\\\/wp-content\\\/uploads\\\/2023\\\/12\\\/ETCF1083-Caldaro-SeaGreen-Black-24-scaled.jpg\",\"contentUrl\":\"https:\\\/\\\/eurotrail.info\\\/wp\\\/wp-content\\\/uploads\\\/2023\\\/12\\\/ETCF1083-Caldaro-SeaGreen-Black-24-scaled.jpg\",\"width\":1727,\"height\":2560,\"caption\":\"Comfortabele vouwstoel met armsteunen.\"},{\"@type\":\"BreadcrumbList\",\"@id\":\"https:\\\/\\\/eurotrail.info\\\/de\\\/producten\\\/campingmoebel\\\/faltmoebel\\\/caldaro-klappstuhl-mit-armlehnen\\\/#breadcrumb\",\"itemListElement\":[{\"@type\":\"ListItem\",\"position\":1,\"name\":\"Home\",\"item\":\"https:\\\/\\\/eurotrail.info\\\/de\\\/\"},{\"@type\":\"ListItem\",\"position\":2,\"name\":\"Produkte\",\"item\":\"https:\\\/\\\/eurotrail.info\\\/de\\\/produkte\\\/\"},{\"@type\":\"ListItem\",\"position\":3,\"name\":\"Caldaro Klappstuhl\"}]},{\"@type\":\"WebSite\",\"@id\":\"https:\\\/\\\/eurotrail.info\\\/#website\",\"url\":\"https:\\\/\\\/eurotrail.info\\\/\",\"name\":\"Eurotrail\",\"description\":\"\",\"publisher\":{\"@id\":\"https:\\\/\\\/eurotrail.info\\\/#organization\"},\"potentialAction\":[{\"@type\":\"SearchAction\",\"target\":{\"@type\":\"EntryPoint\",\"urlTemplate\":\"https:\\\/\\\/eurotrail.info\\\/?s={search_term_string}\"},\"query-input\":{\"@type\":\"PropertyValueSpecification\",\"valueRequired\":true,\"valueName\":\"search_term_string\"}}],\"inLanguage\":\"de\"},{\"@type\":\"Organization\",\"@id\":\"https:\\\/\\\/eurotrail.info\\\/#organization\",\"name\":\"Eurotrail\",\"url\":\"https:\\\/\\\/eurotrail.info\\\/\",\"logo\":{\"@type\":\"ImageObject\",\"inLanguage\":\"de\",\"@id\":\"https:\\\/\\\/eurotrail.info\\\/#\\\/schema\\\/logo\\\/image\\\/\",\"url\":\"https:\\\/\\\/eurotrail.info\\\/wp\\\/wp-content\\\/uploads\\\/2023\\\/07\\\/ET-logo-quote_NL-scaled.jpg\",\"contentUrl\":\"https:\\\/\\\/eurotrail.info\\\/wp\\\/wp-content\\\/uploads\\\/2023\\\/07\\\/ET-logo-quote_NL-scaled.jpg\",\"width\":2560,\"height\":675,\"caption\":\"Eurotrail\"},\"image\":{\"@id\":\"https:\\\/\\\/eurotrail.info\\\/#\\\/schema\\\/logo\\\/image\\\/\"}}]}<\/script>\n<!-- \/ Yoast SEO plugin. -->","yoast_head_json":{"title":"Caldaro Klappstuhl - Eurotrail","description":"Bequemer Klappstuhl mit Armlehnen. Der Caldaro hat eine Sitzh\u00f6he von 45cm und eine gro\u00dfz\u00fcgige Sitzfl\u00e4che von 52x46cm.","robots":{"index":"index","follow":"follow","max-snippet":"max-snippet:-1","max-image-preview":"max-image-preview:large","max-video-preview":"max-video-preview:-1"},"canonical":"https:\/\/eurotrail.info\/de\/producten\/campingmoebel\/faltmoebel\/caldaro-klappstuhl-mit-armlehnen\/","og_locale":"de_DE","og_type":"article","og_title":"Caldaro Klappstuhl - Eurotrail","og_description":"Bequemer Klappstuhl mit Armlehnen. Der Caldaro hat eine Sitzh\u00f6he von 45cm und eine gro\u00dfz\u00fcgige Sitzfl\u00e4che von 52x46cm.","og_url":"https:\/\/eurotrail.info\/de\/producten\/campingmoebel\/faltmoebel\/caldaro-klappstuhl-mit-armlehnen\/","og_site_name":"Eurotrail","article_modified_time":"2023-12-06T08:41:45+00:00","og_image":[{"width":1727,"height":2560,"url":"https:\/\/eurotrail.info\/wp\/wp-content\/uploads\/2023\/12\/ETCF1083-Caldaro-SeaGreen-Black-24-scaled.jpg","type":"image\/jpeg"}],"twitter_card":"summary_large_image","twitter_misc":{"Gesch\u00e4tzte Lesezeit":"1\u00a0Minute"},"schema":{"@context":"https:\/\/schema.org","@graph":[{"@type":"WebPage","@id":"https:\/\/eurotrail.info\/de\/producten\/campingmoebel\/faltmoebel\/caldaro-klappstuhl-mit-armlehnen\/","url":"https:\/\/eurotrail.info\/de\/producten\/campingmoebel\/faltmoebel\/caldaro-klappstuhl-mit-armlehnen\/","name":"Caldaro Klappstuhl - Eurotrail","isPartOf":{"@id":"https:\/\/eurotrail.info\/#website"},"primaryImageOfPage":{"@id":"https:\/\/eurotrail.info\/de\/producten\/campingmoebel\/faltmoebel\/caldaro-klappstuhl-mit-armlehnen\/#primaryimage"},"image":{"@id":"https:\/\/eurotrail.info\/de\/producten\/campingmoebel\/faltmoebel\/caldaro-klappstuhl-mit-armlehnen\/#primaryimage"},"thumbnailUrl":"https:\/\/eurotrail.info\/wp\/wp-content\/uploads\/2023\/12\/ETCF1083-Caldaro-SeaGreen-Black-24-scaled.jpg","datePublished":"2023-12-06T08:41:44+00:00","dateModified":"2023-12-06T08:41:45+00:00","description":"Bequemer Klappstuhl mit Armlehnen. Der Caldaro hat eine Sitzh\u00f6he von 45cm und eine gro\u00dfz\u00fcgige Sitzfl\u00e4che von 52x46cm.","breadcrumb":{"@id":"https:\/\/eurotrail.info\/de\/producten\/campingmoebel\/faltmoebel\/caldaro-klappstuhl-mit-armlehnen\/#breadcrumb"},"inLanguage":"de","potentialAction":[{"@type":"ReadAction","target":["https:\/\/eurotrail.info\/de\/producten\/campingmoebel\/faltmoebel\/caldaro-klappstuhl-mit-armlehnen\/"]}]},{"@type":"ImageObject","inLanguage":"de","@id":"https:\/\/eurotrail.info\/de\/producten\/campingmoebel\/faltmoebel\/caldaro-klappstuhl-mit-armlehnen\/#primaryimage","url":"https:\/\/eurotrail.info\/wp\/wp-content\/uploads\/2023\/12\/ETCF1083-Caldaro-SeaGreen-Black-24-scaled.jpg","contentUrl":"https:\/\/eurotrail.info\/wp\/wp-content\/uploads\/2023\/12\/ETCF1083-Caldaro-SeaGreen-Black-24-scaled.jpg","width":1727,"height":2560,"caption":"Comfortabele vouwstoel met armsteunen."},{"@type":"BreadcrumbList","@id":"https:\/\/eurotrail.info\/de\/producten\/campingmoebel\/faltmoebel\/caldaro-klappstuhl-mit-armlehnen\/#breadcrumb","itemListElement":[{"@type":"ListItem","position":1,"name":"Home","item":"https:\/\/eurotrail.info\/de\/"},{"@type":"ListItem","position":2,"name":"Produkte","item":"https:\/\/eurotrail.info\/de\/produkte\/"},{"@type":"ListItem","position":3,"name":"Caldaro Klappstuhl"}]},{"@type":"WebSite","@id":"https:\/\/eurotrail.info\/#website","url":"https:\/\/eurotrail.info\/","name":"Eurotrail","description":"","publisher":{"@id":"https:\/\/eurotrail.info\/#organization"},"potentialAction":[{"@type":"SearchAction","target":{"@type":"EntryPoint","urlTemplate":"https:\/\/eurotrail.info\/?s={search_term_string}"},"query-input":{"@type":"PropertyValueSpecification","valueRequired":true,"valueName":"search_term_string"}}],"inLanguage":"de"},{"@type":"Organization","@id":"https:\/\/eurotrail.info\/#organization","name":"Eurotrail","url":"https:\/\/eurotrail.info\/","logo":{"@type":"ImageObject","inLanguage":"de","@id":"https:\/\/eurotrail.info\/#\/schema\/logo\/image\/","url":"https:\/\/eurotrail.info\/wp\/wp-content\/uploads\/2023\/07\/ET-logo-quote_NL-scaled.jpg","contentUrl":"https:\/\/eurotrail.info\/wp\/wp-content\/uploads\/2023\/07\/ET-logo-quote_NL-scaled.jpg","width":2560,"height":675,"caption":"Eurotrail"},"image":{"@id":"https:\/\/eurotrail.info\/#\/schema\/logo\/image\/"}}]}},"_links":{"self":[{"href":"https:\/\/eurotrail.info\/de\/wp-json\/wp\/v2\/product\/21963","targetHints":{"allow":["GET"]}}],"collection":[{"href":"https:\/\/eurotrail.info\/de\/wp-json\/wp\/v2\/product"}],"about":[{"href":"https:\/\/eurotrail.info\/de\/wp-json\/wp\/v2\/types\/product"}],"replies":[{"embeddable":true,"href":"https:\/\/eurotrail.info\/de\/wp-json\/wp\/v2\/comments?post=21963"}],"wp:featuredmedia":[{"embeddable":true,"href":"https:\/\/eurotrail.info\/de\/wp-json\/wp\/v2\/media\/21924"}],"wp:attachment":[{"href":"https:\/\/eurotrail.info\/de\/wp-json\/wp\/v2\/media?parent=21963"}],"wp:term":[{"taxonomy":"product_brand","embeddable":true,"href":"https:\/\/eurotrail.info\/de\/wp-json\/wp\/v2\/product_brand?post=21963"},{"taxonomy":"product_cat","embeddable":true,"href":"https:\/\/eurotrail.info\/de\/wp-json\/wp\/v2\/product_cat?post=21963"},{"taxonomy":"product_tag","embeddable":true,"href":"https:\/\/eurotrail.info\/de\/wp-json\/wp\/v2\/product_tag?post=21963"}],"curies":[{"name":"wp","href":"https:\/\/api.w.org\/{rel}","templated":true}]}}