{"id":22024,"date":"2023-12-06T15:19:07","date_gmt":"2023-12-06T14:19:07","guid":{"rendered":"https:\/\/eurotrail.info\/?post_type=product&#038;p=22024"},"modified":"2026-02-25T16:52:36","modified_gmt":"2026-02-25T15:52:36","slug":"abfalleimer-mit-sensor","status":"publish","type":"product","link":"https:\/\/eurotrail.info\/de\/producten\/haushaltartikel\/faltbaren-artikeln-aus-silikon\/abfalleimer-mit-sensor\/","title":{"rendered":"Faltbarer Abfalleimer mit Sensor"},"content":{"rendered":"<p>Faltbarer Abfalleimer mit Sensor f\u00fcr Wohnmobile, Wohnwagen und Camping<\/p>\n<p>Halten Sie Ihren Campingplatz, Wohnwagen oder Ihr Wohnmobil m\u00fchelos sauber und hygienisch mit diesem cleveren, faltbaren Abfalleimer. Dank des integrierten Bewegungssensors \u00f6ffnet sich der Deckel automatisch, sobald Sie Ihre H\u00e4nde in die N\u00e4he bringen. Ideal, wenn Sie die H\u00e4nde voll haben oder Abfall hygienisch entsorgen m\u00f6chten, ohne etwas zu ber\u00fchren.<\/p>\n<p>Der Abfalleimer ist kompakt, leicht und vollst\u00e4ndig zusammenfaltbar und ben\u00f6tigt daher nur minimalen Platz auf Reisen oder bei der Lagerung. Ausgeklappt bietet er ausreichend Fassungsverm\u00f6gen f\u00fcr den t\u00e4glichen Gebrauch, zusammengefaltet passt er perfekt in kleine R\u00e4ume wie Wohnmobile, Wohnwagen oder Zelte.<\/p>\n<p>Das durchdachte Design sorgt f\u00fcr einen sicheren Verschluss des Abfalls und beugt so Ger\u00fcchen und Insekten vor. Eine praktische und moderne L\u00f6sung f\u00fcr alle, die Wert auf Komfort und Hygiene beim Camping oder unterwegs legen.<\/p>\n<p>* Automatisches \u00d6ffnen und Schlie\u00dfen per Bewegungssensor<br \/>\n* Hygienisch: ber\u00fchrungslos<br \/>\n* Faltbar und platzsparend<br \/>\n* Leicht und einfach zu transportieren<br \/>\n* Ideal f\u00fcr Wohnwagen, Wohnmobile, Boote oder Zelte<\/p>\n<p>Ein kleiner Abfalleimer mit hohem Komfort \u2013 f\u00fcr ein unbeschwertes Campingerlebnis.<\/p>\n<p>Material: ABS, PP, TPR<br \/>\nAbmessungen: 25 x 25 x 30,5 cm<br \/>\nZusammengeklappt: 25 x 25 x 11,5 cm<br \/>\nFassungsverm\u00f6gen: 8,5 Liter<br \/>\nGewicht: 1050 g<br \/>\nStromversorgung: 2 AA-Batterien (nicht im Lieferumfang enthalten)<\/p>\n","protected":false},"excerpt":{"rendered":"<p>Faltbarer Abfalleimer mit Sensor f\u00fcr Wohnmobile, Wohnwagen und Camping Halten Sie Ihren Campingplatz, Wohnwagen oder Ihr Wohnmobil m\u00fchelos sauber und hygienisch mit diesem cleveren, faltbaren&hellip;<\/p>\n","protected":false},"featured_media":22000,"comment_status":"open","ping_status":"closed","template":"","meta":{"_acf_changed":false},"product_brand":[],"product_cat":[80,78],"product_tag":[],"class_list":{"0":"post-22024","1":"product","2":"type-product","3":"status-publish","4":"has-post-thumbnail","6":"product_cat-faltbaren-artikeln-aus-silikon","7":"product_cat-haushaltartikel","9":"first","10":"instock","11":"shipping-taxable","12":"product-type-simple"},"acf":[],"yoast_head":"<!-- This site is optimized with the Yoast SEO plugin v27.3 - https:\/\/yoast.com\/product\/yoast-seo-wordpress\/ -->\n<title>Faltbarer Abfalleimer mit Sensor - Eurotrail<\/title>\n<meta name=\"description\" content=\"Praktischer faltbarer Abfalleimer mit einem Infrarot-Bewegungssensor. Dieser sorgt daf\u00fcr, dass sich der Eimer automatisch \u00f6ffnet, sobald Sie Ihre Hand in einem Abstand von 20 cm halten\" \/>\n<meta name=\"robots\" content=\"index, follow, max-snippet:-1, max-image-preview:large, max-video-preview:-1\" \/>\n<link rel=\"canonical\" href=\"https:\/\/eurotrail.info\/de\/producten\/haushaltartikel\/faltbaren-artikeln-aus-silikon\/abfalleimer-mit-sensor\/\" \/>\n<meta property=\"og:locale\" content=\"de_DE\" \/>\n<meta property=\"og:type\" content=\"article\" \/>\n<meta property=\"og:title\" content=\"Faltbarer Abfalleimer mit Sensor - Eurotrail\" \/>\n<meta property=\"og:description\" content=\"Praktischer faltbarer Abfalleimer mit einem Infrarot-Bewegungssensor. Dieser sorgt daf\u00fcr, dass sich der Eimer automatisch \u00f6ffnet, sobald Sie Ihre Hand in einem Abstand von 20 cm halten\" \/>\n<meta property=\"og:url\" content=\"https:\/\/eurotrail.info\/de\/producten\/haushaltartikel\/faltbaren-artikeln-aus-silikon\/abfalleimer-mit-sensor\/\" \/>\n<meta property=\"og:site_name\" content=\"Eurotrail\" \/>\n<meta property=\"article:modified_time\" content=\"2026-02-25T15:52:36+00:00\" \/>\n<meta property=\"og:image\" content=\"https:\/\/eurotrail.info\/wp\/wp-content\/uploads\/2023\/12\/afvalbak-sensor-8-1-klein.jpg\" \/>\n\t<meta property=\"og:image:width\" content=\"1446\" \/>\n\t<meta property=\"og:image:height\" content=\"1591\" \/>\n\t<meta property=\"og:image:type\" content=\"image\/jpeg\" \/>\n<meta name=\"twitter:card\" content=\"summary_large_image\" \/>\n<meta name=\"twitter:label1\" content=\"Gesch\u00e4tzte Lesezeit\" \/>\n\t<meta name=\"twitter:data1\" content=\"2\u00a0Minuten\" \/>\n<script type=\"application\/ld+json\" class=\"yoast-schema-graph\">{\"@context\":\"https:\\\/\\\/schema.org\",\"@graph\":[{\"@type\":\"WebPage\",\"@id\":\"https:\\\/\\\/eurotrail.info\\\/de\\\/producten\\\/haushaltartikel\\\/faltbaren-artikeln-aus-silikon\\\/abfalleimer-mit-sensor\\\/\",\"url\":\"https:\\\/\\\/eurotrail.info\\\/de\\\/producten\\\/haushaltartikel\\\/faltbaren-artikeln-aus-silikon\\\/abfalleimer-mit-sensor\\\/\",\"name\":\"Faltbarer Abfalleimer mit Sensor - Eurotrail\",\"isPartOf\":{\"@id\":\"https:\\\/\\\/eurotrail.info\\\/#website\"},\"primaryImageOfPage\":{\"@id\":\"https:\\\/\\\/eurotrail.info\\\/de\\\/producten\\\/haushaltartikel\\\/faltbaren-artikeln-aus-silikon\\\/abfalleimer-mit-sensor\\\/#primaryimage\"},\"image\":{\"@id\":\"https:\\\/\\\/eurotrail.info\\\/de\\\/producten\\\/haushaltartikel\\\/faltbaren-artikeln-aus-silikon\\\/abfalleimer-mit-sensor\\\/#primaryimage\"},\"thumbnailUrl\":\"https:\\\/\\\/eurotrail.info\\\/wp\\\/wp-content\\\/uploads\\\/2023\\\/12\\\/afvalbak-sensor-8-1-klein.jpg\",\"datePublished\":\"2023-12-06T14:19:07+00:00\",\"dateModified\":\"2026-02-25T15:52:36+00:00\",\"description\":\"Praktischer faltbarer Abfalleimer mit einem Infrarot-Bewegungssensor. Dieser sorgt daf\u00fcr, dass sich der Eimer automatisch \u00f6ffnet, sobald Sie Ihre Hand in einem Abstand von 20 cm halten\",\"breadcrumb\":{\"@id\":\"https:\\\/\\\/eurotrail.info\\\/de\\\/producten\\\/haushaltartikel\\\/faltbaren-artikeln-aus-silikon\\\/abfalleimer-mit-sensor\\\/#breadcrumb\"},\"inLanguage\":\"de\",\"potentialAction\":[{\"@type\":\"ReadAction\",\"target\":[\"https:\\\/\\\/eurotrail.info\\\/de\\\/producten\\\/haushaltartikel\\\/faltbaren-artikeln-aus-silikon\\\/abfalleimer-mit-sensor\\\/\"]}]},{\"@type\":\"ImageObject\",\"inLanguage\":\"de\",\"@id\":\"https:\\\/\\\/eurotrail.info\\\/de\\\/producten\\\/haushaltartikel\\\/faltbaren-artikeln-aus-silikon\\\/abfalleimer-mit-sensor\\\/#primaryimage\",\"url\":\"https:\\\/\\\/eurotrail.info\\\/wp\\\/wp-content\\\/uploads\\\/2023\\\/12\\\/afvalbak-sensor-8-1-klein.jpg\",\"contentUrl\":\"https:\\\/\\\/eurotrail.info\\\/wp\\\/wp-content\\\/uploads\\\/2023\\\/12\\\/afvalbak-sensor-8-1-klein.jpg\",\"width\":1446,\"height\":1591,\"caption\":\"Praktische opvouwbare afvalemmer met een infrarood bewegingssensor\"},{\"@type\":\"BreadcrumbList\",\"@id\":\"https:\\\/\\\/eurotrail.info\\\/de\\\/producten\\\/haushaltartikel\\\/faltbaren-artikeln-aus-silikon\\\/abfalleimer-mit-sensor\\\/#breadcrumb\",\"itemListElement\":[{\"@type\":\"ListItem\",\"position\":1,\"name\":\"Home\",\"item\":\"https:\\\/\\\/eurotrail.info\\\/de\\\/\"},{\"@type\":\"ListItem\",\"position\":2,\"name\":\"Produkte\",\"item\":\"https:\\\/\\\/eurotrail.info\\\/de\\\/produkte\\\/\"},{\"@type\":\"ListItem\",\"position\":3,\"name\":\"Faltbarer Abfalleimer mit Sensor\"}]},{\"@type\":\"WebSite\",\"@id\":\"https:\\\/\\\/eurotrail.info\\\/#website\",\"url\":\"https:\\\/\\\/eurotrail.info\\\/\",\"name\":\"Eurotrail\",\"description\":\"\",\"publisher\":{\"@id\":\"https:\\\/\\\/eurotrail.info\\\/#organization\"},\"potentialAction\":[{\"@type\":\"SearchAction\",\"target\":{\"@type\":\"EntryPoint\",\"urlTemplate\":\"https:\\\/\\\/eurotrail.info\\\/?s={search_term_string}\"},\"query-input\":{\"@type\":\"PropertyValueSpecification\",\"valueRequired\":true,\"valueName\":\"search_term_string\"}}],\"inLanguage\":\"de\"},{\"@type\":\"Organization\",\"@id\":\"https:\\\/\\\/eurotrail.info\\\/#organization\",\"name\":\"Eurotrail\",\"url\":\"https:\\\/\\\/eurotrail.info\\\/\",\"logo\":{\"@type\":\"ImageObject\",\"inLanguage\":\"de\",\"@id\":\"https:\\\/\\\/eurotrail.info\\\/#\\\/schema\\\/logo\\\/image\\\/\",\"url\":\"https:\\\/\\\/eurotrail.info\\\/wp\\\/wp-content\\\/uploads\\\/2023\\\/07\\\/ET-logo-quote_NL-scaled.jpg\",\"contentUrl\":\"https:\\\/\\\/eurotrail.info\\\/wp\\\/wp-content\\\/uploads\\\/2023\\\/07\\\/ET-logo-quote_NL-scaled.jpg\",\"width\":2560,\"height\":675,\"caption\":\"Eurotrail\"},\"image\":{\"@id\":\"https:\\\/\\\/eurotrail.info\\\/#\\\/schema\\\/logo\\\/image\\\/\"}}]}<\/script>\n<!-- \/ Yoast SEO plugin. -->","yoast_head_json":{"title":"Faltbarer Abfalleimer mit Sensor - Eurotrail","description":"Praktischer faltbarer Abfalleimer mit einem Infrarot-Bewegungssensor. Dieser sorgt daf\u00fcr, dass sich der Eimer automatisch \u00f6ffnet, sobald Sie Ihre Hand in einem Abstand von 20 cm halten","robots":{"index":"index","follow":"follow","max-snippet":"max-snippet:-1","max-image-preview":"max-image-preview:large","max-video-preview":"max-video-preview:-1"},"canonical":"https:\/\/eurotrail.info\/de\/producten\/haushaltartikel\/faltbaren-artikeln-aus-silikon\/abfalleimer-mit-sensor\/","og_locale":"de_DE","og_type":"article","og_title":"Faltbarer Abfalleimer mit Sensor - Eurotrail","og_description":"Praktischer faltbarer Abfalleimer mit einem Infrarot-Bewegungssensor. Dieser sorgt daf\u00fcr, dass sich der Eimer automatisch \u00f6ffnet, sobald Sie Ihre Hand in einem Abstand von 20 cm halten","og_url":"https:\/\/eurotrail.info\/de\/producten\/haushaltartikel\/faltbaren-artikeln-aus-silikon\/abfalleimer-mit-sensor\/","og_site_name":"Eurotrail","article_modified_time":"2026-02-25T15:52:36+00:00","og_image":[{"width":1446,"height":1591,"url":"https:\/\/eurotrail.info\/wp\/wp-content\/uploads\/2023\/12\/afvalbak-sensor-8-1-klein.jpg","type":"image\/jpeg"}],"twitter_card":"summary_large_image","twitter_misc":{"Gesch\u00e4tzte Lesezeit":"2\u00a0Minuten"},"schema":{"@context":"https:\/\/schema.org","@graph":[{"@type":"WebPage","@id":"https:\/\/eurotrail.info\/de\/producten\/haushaltartikel\/faltbaren-artikeln-aus-silikon\/abfalleimer-mit-sensor\/","url":"https:\/\/eurotrail.info\/de\/producten\/haushaltartikel\/faltbaren-artikeln-aus-silikon\/abfalleimer-mit-sensor\/","name":"Faltbarer Abfalleimer mit Sensor - Eurotrail","isPartOf":{"@id":"https:\/\/eurotrail.info\/#website"},"primaryImageOfPage":{"@id":"https:\/\/eurotrail.info\/de\/producten\/haushaltartikel\/faltbaren-artikeln-aus-silikon\/abfalleimer-mit-sensor\/#primaryimage"},"image":{"@id":"https:\/\/eurotrail.info\/de\/producten\/haushaltartikel\/faltbaren-artikeln-aus-silikon\/abfalleimer-mit-sensor\/#primaryimage"},"thumbnailUrl":"https:\/\/eurotrail.info\/wp\/wp-content\/uploads\/2023\/12\/afvalbak-sensor-8-1-klein.jpg","datePublished":"2023-12-06T14:19:07+00:00","dateModified":"2026-02-25T15:52:36+00:00","description":"Praktischer faltbarer Abfalleimer mit einem Infrarot-Bewegungssensor. Dieser sorgt daf\u00fcr, dass sich der Eimer automatisch \u00f6ffnet, sobald Sie Ihre Hand in einem Abstand von 20 cm halten","breadcrumb":{"@id":"https:\/\/eurotrail.info\/de\/producten\/haushaltartikel\/faltbaren-artikeln-aus-silikon\/abfalleimer-mit-sensor\/#breadcrumb"},"inLanguage":"de","potentialAction":[{"@type":"ReadAction","target":["https:\/\/eurotrail.info\/de\/producten\/haushaltartikel\/faltbaren-artikeln-aus-silikon\/abfalleimer-mit-sensor\/"]}]},{"@type":"ImageObject","inLanguage":"de","@id":"https:\/\/eurotrail.info\/de\/producten\/haushaltartikel\/faltbaren-artikeln-aus-silikon\/abfalleimer-mit-sensor\/#primaryimage","url":"https:\/\/eurotrail.info\/wp\/wp-content\/uploads\/2023\/12\/afvalbak-sensor-8-1-klein.jpg","contentUrl":"https:\/\/eurotrail.info\/wp\/wp-content\/uploads\/2023\/12\/afvalbak-sensor-8-1-klein.jpg","width":1446,"height":1591,"caption":"Praktische opvouwbare afvalemmer met een infrarood bewegingssensor"},{"@type":"BreadcrumbList","@id":"https:\/\/eurotrail.info\/de\/producten\/haushaltartikel\/faltbaren-artikeln-aus-silikon\/abfalleimer-mit-sensor\/#breadcrumb","itemListElement":[{"@type":"ListItem","position":1,"name":"Home","item":"https:\/\/eurotrail.info\/de\/"},{"@type":"ListItem","position":2,"name":"Produkte","item":"https:\/\/eurotrail.info\/de\/produkte\/"},{"@type":"ListItem","position":3,"name":"Faltbarer Abfalleimer mit Sensor"}]},{"@type":"WebSite","@id":"https:\/\/eurotrail.info\/#website","url":"https:\/\/eurotrail.info\/","name":"Eurotrail","description":"","publisher":{"@id":"https:\/\/eurotrail.info\/#organization"},"potentialAction":[{"@type":"SearchAction","target":{"@type":"EntryPoint","urlTemplate":"https:\/\/eurotrail.info\/?s={search_term_string}"},"query-input":{"@type":"PropertyValueSpecification","valueRequired":true,"valueName":"search_term_string"}}],"inLanguage":"de"},{"@type":"Organization","@id":"https:\/\/eurotrail.info\/#organization","name":"Eurotrail","url":"https:\/\/eurotrail.info\/","logo":{"@type":"ImageObject","inLanguage":"de","@id":"https:\/\/eurotrail.info\/#\/schema\/logo\/image\/","url":"https:\/\/eurotrail.info\/wp\/wp-content\/uploads\/2023\/07\/ET-logo-quote_NL-scaled.jpg","contentUrl":"https:\/\/eurotrail.info\/wp\/wp-content\/uploads\/2023\/07\/ET-logo-quote_NL-scaled.jpg","width":2560,"height":675,"caption":"Eurotrail"},"image":{"@id":"https:\/\/eurotrail.info\/#\/schema\/logo\/image\/"}}]}},"_links":{"self":[{"href":"https:\/\/eurotrail.info\/de\/wp-json\/wp\/v2\/product\/22024","targetHints":{"allow":["GET"]}}],"collection":[{"href":"https:\/\/eurotrail.info\/de\/wp-json\/wp\/v2\/product"}],"about":[{"href":"https:\/\/eurotrail.info\/de\/wp-json\/wp\/v2\/types\/product"}],"replies":[{"embeddable":true,"href":"https:\/\/eurotrail.info\/de\/wp-json\/wp\/v2\/comments?post=22024"}],"wp:featuredmedia":[{"embeddable":true,"href":"https:\/\/eurotrail.info\/de\/wp-json\/wp\/v2\/media\/22000"}],"wp:attachment":[{"href":"https:\/\/eurotrail.info\/de\/wp-json\/wp\/v2\/media?parent=22024"}],"wp:term":[{"taxonomy":"product_brand","embeddable":true,"href":"https:\/\/eurotrail.info\/de\/wp-json\/wp\/v2\/product_brand?post=22024"},{"taxonomy":"product_cat","embeddable":true,"href":"https:\/\/eurotrail.info\/de\/wp-json\/wp\/v2\/product_cat?post=22024"},{"taxonomy":"product_tag","embeddable":true,"href":"https:\/\/eurotrail.info\/de\/wp-json\/wp\/v2\/product_tag?post=22024"}],"curies":[{"name":"wp","href":"https:\/\/api.w.org\/{rel}","templated":true}]}}