{"id":22066,"date":"2023-12-06T15:31:25","date_gmt":"2023-12-06T14:34:41","guid":{"rendered":"https:\/\/eurotrail.info\/?post_type=product&#038;p=22066"},"modified":"2026-03-19T12:40:28","modified_gmt":"2026-03-19T11:40:28","slug":"retro-tischlampe-aufladbar","status":"publish","type":"product","link":"https:\/\/eurotrail.info\/de\/producten\/campingleuchten\/retro-tischlampe-aufladbar\/","title":{"rendered":"Retro Tischlampe aufladbar"},"content":{"rendered":"<p>Klassisches Modell einer Tischlampe erh\u00e4ltlich in Olive oder Elfenbein. Mit dem Drehknopf k\u00f6nnen Sie die Lichtst\u00e4rke von warmem Licht bis zu hellem wei\u00dfem Licht einstellen, das gedimmt werden kann. Aufladbar mit dem mitgelieferten Typ-C-Ladekabel. Die Lampe kann auch als Powerbank verwendet werden.<\/p>\n<p>Material: ABS+PC+Metall<br \/>\nBatterie: 2400 mAh 18650<br \/>\nLichtquelle: LED + COB<br \/>\nLumen: 20-260LM, Dimmer<br \/>\nAbmessungen: \u00d8 12 x 25 cm<br \/>\nGewicht: 550 g<br \/>\nStromversorgung: Aufladbarer Typ C<br \/>\nNutzungsdauer: 4-6 Stunden<br \/>\nLadezeit: 4 Stunden<\/p>\n","protected":false},"excerpt":{"rendered":"<p>Klassisches Modell einer Tischlampe erh\u00e4ltlich in Olive oder Elfenbein. Mit dem Drehknopf k\u00f6nnen Sie die Lichtst\u00e4rke von warmem Licht bis zu hellem wei\u00dfem Licht einstellen,&hellip;<\/p>\n","protected":false},"featured_media":22042,"comment_status":"open","ping_status":"closed","template":"","meta":{"_acf_changed":false},"product_brand":[],"product_cat":[102],"product_tag":[],"class_list":{"0":"post-22066","1":"product","2":"type-product","3":"status-publish","4":"has-post-thumbnail","6":"product_cat-campingleuchten","8":"first","9":"instock","10":"shipping-taxable","11":"product-type-simple"},"acf":[],"yoast_head":"<!-- This site is optimized with the Yoast SEO plugin v27.4 - https:\/\/yoast.com\/product\/yoast-seo-wordpress\/ -->\n<title>Retro Tischlampe aufladbar - Eurotrail<\/title>\n<meta name=\"description\" content=\"Klassisches Modell Tischlampe erh\u00e4ltlich mit dem Drehknopf k\u00f6nnen Sie die Lichtst\u00e4rke von warmem Licht bis zu hellem wei\u00dfem Licht einstellen\" \/>\n<meta name=\"robots\" content=\"index, follow, max-snippet:-1, max-image-preview:large, max-video-preview:-1\" \/>\n<link rel=\"canonical\" href=\"https:\/\/eurotrail.info\/de\/producten\/campingleuchten\/retro-tischlampe-aufladbar\/\" \/>\n<meta property=\"og:locale\" content=\"de_DE\" \/>\n<meta property=\"og:type\" content=\"article\" \/>\n<meta property=\"og:title\" content=\"Retro Tischlampe aufladbar - Eurotrail\" \/>\n<meta property=\"og:description\" content=\"Klassisches Modell Tischlampe erh\u00e4ltlich mit dem Drehknopf k\u00f6nnen Sie die Lichtst\u00e4rke von warmem Licht bis zu hellem wei\u00dfem Licht einstellen\" \/>\n<meta property=\"og:url\" content=\"https:\/\/eurotrail.info\/de\/producten\/campingleuchten\/retro-tischlampe-aufladbar\/\" \/>\n<meta property=\"og:site_name\" content=\"Eurotrail\" \/>\n<meta property=\"article:modified_time\" content=\"2026-03-19T11:40:28+00:00\" \/>\n<meta property=\"og:image\" content=\"https:\/\/eurotrail.info\/wp\/wp-content\/uploads\/2023\/12\/Camp-Retro-2.jpg\" \/>\n\t<meta property=\"og:image:width\" content=\"202\" \/>\n\t<meta property=\"og:image:height\" content=\"365\" \/>\n\t<meta property=\"og:image:type\" content=\"image\/jpeg\" \/>\n<meta name=\"twitter:card\" content=\"summary_large_image\" \/>\n<meta name=\"twitter:label1\" content=\"Gesch\u00e4tzte Lesezeit\" \/>\n\t<meta name=\"twitter:data1\" content=\"1\u00a0Minute\" \/>\n<script type=\"application\/ld+json\" class=\"yoast-schema-graph\">{\"@context\":\"https:\\\/\\\/schema.org\",\"@graph\":[{\"@type\":\"WebPage\",\"@id\":\"https:\\\/\\\/eurotrail.info\\\/de\\\/producten\\\/campingleuchten\\\/retro-tischlampe-aufladbar\\\/\",\"url\":\"https:\\\/\\\/eurotrail.info\\\/de\\\/producten\\\/campingleuchten\\\/retro-tischlampe-aufladbar\\\/\",\"name\":\"Retro Tischlampe aufladbar - Eurotrail\",\"isPartOf\":{\"@id\":\"https:\\\/\\\/eurotrail.info\\\/#website\"},\"primaryImageOfPage\":{\"@id\":\"https:\\\/\\\/eurotrail.info\\\/de\\\/producten\\\/campingleuchten\\\/retro-tischlampe-aufladbar\\\/#primaryimage\"},\"image\":{\"@id\":\"https:\\\/\\\/eurotrail.info\\\/de\\\/producten\\\/campingleuchten\\\/retro-tischlampe-aufladbar\\\/#primaryimage\"},\"thumbnailUrl\":\"https:\\\/\\\/eurotrail.info\\\/wp\\\/wp-content\\\/uploads\\\/2023\\\/12\\\/Camp-Retro-2.jpg\",\"datePublished\":\"2023-12-06T14:34:41+00:00\",\"dateModified\":\"2026-03-19T11:40:28+00:00\",\"description\":\"Klassisches Modell Tischlampe erh\u00e4ltlich mit dem Drehknopf k\u00f6nnen Sie die Lichtst\u00e4rke von warmem Licht bis zu hellem wei\u00dfem Licht einstellen\",\"breadcrumb\":{\"@id\":\"https:\\\/\\\/eurotrail.info\\\/de\\\/producten\\\/campingleuchten\\\/retro-tischlampe-aufladbar\\\/#breadcrumb\"},\"inLanguage\":\"de\",\"potentialAction\":[{\"@type\":\"ReadAction\",\"target\":[\"https:\\\/\\\/eurotrail.info\\\/de\\\/producten\\\/campingleuchten\\\/retro-tischlampe-aufladbar\\\/\"]}]},{\"@type\":\"ImageObject\",\"inLanguage\":\"de\",\"@id\":\"https:\\\/\\\/eurotrail.info\\\/de\\\/producten\\\/campingleuchten\\\/retro-tischlampe-aufladbar\\\/#primaryimage\",\"url\":\"https:\\\/\\\/eurotrail.info\\\/wp\\\/wp-content\\\/uploads\\\/2023\\\/12\\\/Camp-Retro-2.jpg\",\"contentUrl\":\"https:\\\/\\\/eurotrail.info\\\/wp\\\/wp-content\\\/uploads\\\/2023\\\/12\\\/Camp-Retro-2.jpg\",\"width\":202,\"height\":365,\"caption\":\"Klassiek model tafellamp leverbaar in olijf of een ivoor kleur.\"},{\"@type\":\"BreadcrumbList\",\"@id\":\"https:\\\/\\\/eurotrail.info\\\/de\\\/producten\\\/campingleuchten\\\/retro-tischlampe-aufladbar\\\/#breadcrumb\",\"itemListElement\":[{\"@type\":\"ListItem\",\"position\":1,\"name\":\"Home\",\"item\":\"https:\\\/\\\/eurotrail.info\\\/de\\\/\"},{\"@type\":\"ListItem\",\"position\":2,\"name\":\"Produkte\",\"item\":\"https:\\\/\\\/eurotrail.info\\\/de\\\/produkte\\\/\"},{\"@type\":\"ListItem\",\"position\":3,\"name\":\"Retro Tischlampe aufladbar\"}]},{\"@type\":\"WebSite\",\"@id\":\"https:\\\/\\\/eurotrail.info\\\/#website\",\"url\":\"https:\\\/\\\/eurotrail.info\\\/\",\"name\":\"Eurotrail\",\"description\":\"\",\"publisher\":{\"@id\":\"https:\\\/\\\/eurotrail.info\\\/#organization\"},\"potentialAction\":[{\"@type\":\"SearchAction\",\"target\":{\"@type\":\"EntryPoint\",\"urlTemplate\":\"https:\\\/\\\/eurotrail.info\\\/?s={search_term_string}\"},\"query-input\":{\"@type\":\"PropertyValueSpecification\",\"valueRequired\":true,\"valueName\":\"search_term_string\"}}],\"inLanguage\":\"de\"},{\"@type\":\"Organization\",\"@id\":\"https:\\\/\\\/eurotrail.info\\\/#organization\",\"name\":\"Eurotrail\",\"url\":\"https:\\\/\\\/eurotrail.info\\\/\",\"logo\":{\"@type\":\"ImageObject\",\"inLanguage\":\"de\",\"@id\":\"https:\\\/\\\/eurotrail.info\\\/#\\\/schema\\\/logo\\\/image\\\/\",\"url\":\"https:\\\/\\\/eurotrail.info\\\/wp\\\/wp-content\\\/uploads\\\/2023\\\/07\\\/ET-logo-quote_NL-scaled.jpg\",\"contentUrl\":\"https:\\\/\\\/eurotrail.info\\\/wp\\\/wp-content\\\/uploads\\\/2023\\\/07\\\/ET-logo-quote_NL-scaled.jpg\",\"width\":2560,\"height\":675,\"caption\":\"Eurotrail\"},\"image\":{\"@id\":\"https:\\\/\\\/eurotrail.info\\\/#\\\/schema\\\/logo\\\/image\\\/\"}}]}<\/script>\n<!-- \/ Yoast SEO plugin. -->","yoast_head_json":{"title":"Retro Tischlampe aufladbar - Eurotrail","description":"Klassisches Modell Tischlampe erh\u00e4ltlich mit dem Drehknopf k\u00f6nnen Sie die Lichtst\u00e4rke von warmem Licht bis zu hellem wei\u00dfem Licht einstellen","robots":{"index":"index","follow":"follow","max-snippet":"max-snippet:-1","max-image-preview":"max-image-preview:large","max-video-preview":"max-video-preview:-1"},"canonical":"https:\/\/eurotrail.info\/de\/producten\/campingleuchten\/retro-tischlampe-aufladbar\/","og_locale":"de_DE","og_type":"article","og_title":"Retro Tischlampe aufladbar - Eurotrail","og_description":"Klassisches Modell Tischlampe erh\u00e4ltlich mit dem Drehknopf k\u00f6nnen Sie die Lichtst\u00e4rke von warmem Licht bis zu hellem wei\u00dfem Licht einstellen","og_url":"https:\/\/eurotrail.info\/de\/producten\/campingleuchten\/retro-tischlampe-aufladbar\/","og_site_name":"Eurotrail","article_modified_time":"2026-03-19T11:40:28+00:00","og_image":[{"width":202,"height":365,"url":"https:\/\/eurotrail.info\/wp\/wp-content\/uploads\/2023\/12\/Camp-Retro-2.jpg","type":"image\/jpeg"}],"twitter_card":"summary_large_image","twitter_misc":{"Gesch\u00e4tzte Lesezeit":"1\u00a0Minute"},"schema":{"@context":"https:\/\/schema.org","@graph":[{"@type":"WebPage","@id":"https:\/\/eurotrail.info\/de\/producten\/campingleuchten\/retro-tischlampe-aufladbar\/","url":"https:\/\/eurotrail.info\/de\/producten\/campingleuchten\/retro-tischlampe-aufladbar\/","name":"Retro Tischlampe aufladbar - Eurotrail","isPartOf":{"@id":"https:\/\/eurotrail.info\/#website"},"primaryImageOfPage":{"@id":"https:\/\/eurotrail.info\/de\/producten\/campingleuchten\/retro-tischlampe-aufladbar\/#primaryimage"},"image":{"@id":"https:\/\/eurotrail.info\/de\/producten\/campingleuchten\/retro-tischlampe-aufladbar\/#primaryimage"},"thumbnailUrl":"https:\/\/eurotrail.info\/wp\/wp-content\/uploads\/2023\/12\/Camp-Retro-2.jpg","datePublished":"2023-12-06T14:34:41+00:00","dateModified":"2026-03-19T11:40:28+00:00","description":"Klassisches Modell Tischlampe erh\u00e4ltlich mit dem Drehknopf k\u00f6nnen Sie die Lichtst\u00e4rke von warmem Licht bis zu hellem wei\u00dfem Licht einstellen","breadcrumb":{"@id":"https:\/\/eurotrail.info\/de\/producten\/campingleuchten\/retro-tischlampe-aufladbar\/#breadcrumb"},"inLanguage":"de","potentialAction":[{"@type":"ReadAction","target":["https:\/\/eurotrail.info\/de\/producten\/campingleuchten\/retro-tischlampe-aufladbar\/"]}]},{"@type":"ImageObject","inLanguage":"de","@id":"https:\/\/eurotrail.info\/de\/producten\/campingleuchten\/retro-tischlampe-aufladbar\/#primaryimage","url":"https:\/\/eurotrail.info\/wp\/wp-content\/uploads\/2023\/12\/Camp-Retro-2.jpg","contentUrl":"https:\/\/eurotrail.info\/wp\/wp-content\/uploads\/2023\/12\/Camp-Retro-2.jpg","width":202,"height":365,"caption":"Klassiek model tafellamp leverbaar in olijf of een ivoor kleur."},{"@type":"BreadcrumbList","@id":"https:\/\/eurotrail.info\/de\/producten\/campingleuchten\/retro-tischlampe-aufladbar\/#breadcrumb","itemListElement":[{"@type":"ListItem","position":1,"name":"Home","item":"https:\/\/eurotrail.info\/de\/"},{"@type":"ListItem","position":2,"name":"Produkte","item":"https:\/\/eurotrail.info\/de\/produkte\/"},{"@type":"ListItem","position":3,"name":"Retro Tischlampe aufladbar"}]},{"@type":"WebSite","@id":"https:\/\/eurotrail.info\/#website","url":"https:\/\/eurotrail.info\/","name":"Eurotrail","description":"","publisher":{"@id":"https:\/\/eurotrail.info\/#organization"},"potentialAction":[{"@type":"SearchAction","target":{"@type":"EntryPoint","urlTemplate":"https:\/\/eurotrail.info\/?s={search_term_string}"},"query-input":{"@type":"PropertyValueSpecification","valueRequired":true,"valueName":"search_term_string"}}],"inLanguage":"de"},{"@type":"Organization","@id":"https:\/\/eurotrail.info\/#organization","name":"Eurotrail","url":"https:\/\/eurotrail.info\/","logo":{"@type":"ImageObject","inLanguage":"de","@id":"https:\/\/eurotrail.info\/#\/schema\/logo\/image\/","url":"https:\/\/eurotrail.info\/wp\/wp-content\/uploads\/2023\/07\/ET-logo-quote_NL-scaled.jpg","contentUrl":"https:\/\/eurotrail.info\/wp\/wp-content\/uploads\/2023\/07\/ET-logo-quote_NL-scaled.jpg","width":2560,"height":675,"caption":"Eurotrail"},"image":{"@id":"https:\/\/eurotrail.info\/#\/schema\/logo\/image\/"}}]}},"_links":{"self":[{"href":"https:\/\/eurotrail.info\/de\/wp-json\/wp\/v2\/product\/22066","targetHints":{"allow":["GET"]}}],"collection":[{"href":"https:\/\/eurotrail.info\/de\/wp-json\/wp\/v2\/product"}],"about":[{"href":"https:\/\/eurotrail.info\/de\/wp-json\/wp\/v2\/types\/product"}],"replies":[{"embeddable":true,"href":"https:\/\/eurotrail.info\/de\/wp-json\/wp\/v2\/comments?post=22066"}],"wp:featuredmedia":[{"embeddable":true,"href":"https:\/\/eurotrail.info\/de\/wp-json\/wp\/v2\/media\/22042"}],"wp:attachment":[{"href":"https:\/\/eurotrail.info\/de\/wp-json\/wp\/v2\/media?parent=22066"}],"wp:term":[{"taxonomy":"product_brand","embeddable":true,"href":"https:\/\/eurotrail.info\/de\/wp-json\/wp\/v2\/product_brand?post=22066"},{"taxonomy":"product_cat","embeddable":true,"href":"https:\/\/eurotrail.info\/de\/wp-json\/wp\/v2\/product_cat?post=22066"},{"taxonomy":"product_tag","embeddable":true,"href":"https:\/\/eurotrail.info\/de\/wp-json\/wp\/v2\/product_tag?post=22066"}],"curies":[{"name":"wp","href":"https:\/\/api.w.org\/{rel}","templated":true}]}}