{"id":22119,"date":"2023-12-06T15:48:13","date_gmt":"2023-12-06T14:51:43","guid":{"rendered":"https:\/\/eurotrail.info\/?post_type=product&#038;p=22119"},"modified":"2023-12-06T15:51:43","modified_gmt":"2023-12-06T14:51:43","slug":"faltbares-ovales-waschbecken-mit-stopper","status":"publish","type":"product","link":"https:\/\/eurotrail.info\/de\/producten\/haushaltartikel\/faltbaren-artikeln-aus-silikon\/faltbares-ovales-waschbecken-mit-stopper\/","title":{"rendered":"Faltbares ovales Waschbecken mit Stopper"},"content":{"rendered":"<p>Handlicher faltbarer Silikonbeh\u00e4lter mit einem Fassungsverm\u00f6gen von 8 Litern. Ovale Form mit Griffen. Ideal als Sp\u00fclbecken oder Abfalleimer beim Camping oder zu Hause. L\u00e4sst sich leicht flach auf eine handliche Gr\u00f6\u00dfe zusammenfalten.<\/p>\n<p>Farbe: Seegr\u00fcn\/Grau<br \/>\nMaterial: TPR + PP<br \/>\nAbmessungen: 40&#215;31,5&#215;14,5<br \/>\nGefaltet: 40x3cm<br \/>\nGewicht: 510 gr.<\/p>\n","protected":false},"excerpt":{"rendered":"<p>Handlicher faltbarer Silikonbeh\u00e4lter mit einem Fassungsverm\u00f6gen von 8 Litern. Ovale Form mit Griffen. Ideal als Sp\u00fclbecken oder Abfalleimer beim Camping oder zu Hause. L\u00e4sst sich&hellip;<\/p>\n","protected":false},"featured_media":22115,"comment_status":"open","ping_status":"closed","template":"","meta":{"_acf_changed":false},"product_brand":[],"product_cat":[80,78],"product_tag":[],"class_list":{"0":"post-22119","1":"product","2":"type-product","3":"status-publish","4":"has-post-thumbnail","6":"product_cat-faltbaren-artikeln-aus-silikon","7":"product_cat-haushaltartikel","9":"first","10":"instock","11":"shipping-taxable","12":"product-type-simple"},"acf":[],"yoast_head":"<!-- This site is optimized with the Yoast SEO plugin v27.3 - https:\/\/yoast.com\/product\/yoast-seo-wordpress\/ -->\n<title>Faltbares ovales Waschbecken mit Stopper - Eurotrail<\/title>\n<meta name=\"description\" content=\"Handlicher Silikonbeh\u00e4lter mit einem Fassungsverm\u00f6gen von 8 Litern. Mit Griffen. Ideal als Sp\u00fclbecken oder Abfalleimer beim Camping oder zu Hause.\" \/>\n<meta name=\"robots\" content=\"index, follow, max-snippet:-1, max-image-preview:large, max-video-preview:-1\" \/>\n<link rel=\"canonical\" href=\"https:\/\/eurotrail.info\/de\/producten\/haushaltartikel\/faltbaren-artikeln-aus-silikon\/faltbares-ovales-waschbecken-mit-stopper\/\" \/>\n<meta property=\"og:locale\" content=\"de_DE\" \/>\n<meta property=\"og:type\" content=\"article\" \/>\n<meta property=\"og:title\" content=\"Faltbares ovales Waschbecken mit Stopper - Eurotrail\" \/>\n<meta property=\"og:description\" content=\"Handlicher Silikonbeh\u00e4lter mit einem Fassungsverm\u00f6gen von 8 Litern. Mit Griffen. Ideal als Sp\u00fclbecken oder Abfalleimer beim Camping oder zu Hause.\" \/>\n<meta property=\"og:url\" content=\"https:\/\/eurotrail.info\/de\/producten\/haushaltartikel\/faltbaren-artikeln-aus-silikon\/faltbares-ovales-waschbecken-mit-stopper\/\" \/>\n<meta property=\"og:site_name\" content=\"Eurotrail\" \/>\n<meta property=\"og:image\" content=\"https:\/\/eurotrail.info\/wp\/wp-content\/uploads\/2023\/12\/opvouwbare-ovale-wasbak-4-scaled.jpg\" \/>\n\t<meta property=\"og:image:width\" content=\"2560\" \/>\n\t<meta property=\"og:image:height\" content=\"1882\" \/>\n\t<meta property=\"og:image:type\" content=\"image\/jpeg\" \/>\n<meta name=\"twitter:card\" content=\"summary_large_image\" \/>\n<meta name=\"twitter:label1\" content=\"Gesch\u00e4tzte Lesezeit\" \/>\n\t<meta name=\"twitter:data1\" content=\"1\u00a0Minute\" \/>\n<script type=\"application\/ld+json\" class=\"yoast-schema-graph\">{\"@context\":\"https:\\\/\\\/schema.org\",\"@graph\":[{\"@type\":\"WebPage\",\"@id\":\"https:\\\/\\\/eurotrail.info\\\/de\\\/producten\\\/haushaltartikel\\\/faltbaren-artikeln-aus-silikon\\\/faltbares-ovales-waschbecken-mit-stopper\\\/\",\"url\":\"https:\\\/\\\/eurotrail.info\\\/de\\\/producten\\\/haushaltartikel\\\/faltbaren-artikeln-aus-silikon\\\/faltbares-ovales-waschbecken-mit-stopper\\\/\",\"name\":\"Faltbares ovales Waschbecken mit Stopper - Eurotrail\",\"isPartOf\":{\"@id\":\"https:\\\/\\\/eurotrail.info\\\/#website\"},\"primaryImageOfPage\":{\"@id\":\"https:\\\/\\\/eurotrail.info\\\/de\\\/producten\\\/haushaltartikel\\\/faltbaren-artikeln-aus-silikon\\\/faltbares-ovales-waschbecken-mit-stopper\\\/#primaryimage\"},\"image\":{\"@id\":\"https:\\\/\\\/eurotrail.info\\\/de\\\/producten\\\/haushaltartikel\\\/faltbaren-artikeln-aus-silikon\\\/faltbares-ovales-waschbecken-mit-stopper\\\/#primaryimage\"},\"thumbnailUrl\":\"https:\\\/\\\/eurotrail.info\\\/wp\\\/wp-content\\\/uploads\\\/2023\\\/12\\\/opvouwbare-ovale-wasbak-4-scaled.jpg\",\"datePublished\":\"2023-12-06T14:51:43+00:00\",\"description\":\"Handlicher Silikonbeh\u00e4lter mit einem Fassungsverm\u00f6gen von 8 Litern. Mit Griffen. Ideal als Sp\u00fclbecken oder Abfalleimer beim Camping oder zu Hause.\",\"breadcrumb\":{\"@id\":\"https:\\\/\\\/eurotrail.info\\\/de\\\/producten\\\/haushaltartikel\\\/faltbaren-artikeln-aus-silikon\\\/faltbares-ovales-waschbecken-mit-stopper\\\/#breadcrumb\"},\"inLanguage\":\"de\",\"potentialAction\":[{\"@type\":\"ReadAction\",\"target\":[\"https:\\\/\\\/eurotrail.info\\\/de\\\/producten\\\/haushaltartikel\\\/faltbaren-artikeln-aus-silikon\\\/faltbares-ovales-waschbecken-mit-stopper\\\/\"]}]},{\"@type\":\"ImageObject\",\"inLanguage\":\"de\",\"@id\":\"https:\\\/\\\/eurotrail.info\\\/de\\\/producten\\\/haushaltartikel\\\/faltbaren-artikeln-aus-silikon\\\/faltbares-ovales-waschbecken-mit-stopper\\\/#primaryimage\",\"url\":\"https:\\\/\\\/eurotrail.info\\\/wp\\\/wp-content\\\/uploads\\\/2023\\\/12\\\/opvouwbare-ovale-wasbak-4-scaled.jpg\",\"contentUrl\":\"https:\\\/\\\/eurotrail.info\\\/wp\\\/wp-content\\\/uploads\\\/2023\\\/12\\\/opvouwbare-ovale-wasbak-4-scaled.jpg\",\"width\":2560,\"height\":1882,\"caption\":\"Handige opvouwbare silicone bak met een inhoud van 8 ltr. Ovale vorm met handgrepen.\"},{\"@type\":\"BreadcrumbList\",\"@id\":\"https:\\\/\\\/eurotrail.info\\\/de\\\/producten\\\/haushaltartikel\\\/faltbaren-artikeln-aus-silikon\\\/faltbares-ovales-waschbecken-mit-stopper\\\/#breadcrumb\",\"itemListElement\":[{\"@type\":\"ListItem\",\"position\":1,\"name\":\"Home\",\"item\":\"https:\\\/\\\/eurotrail.info\\\/de\\\/\"},{\"@type\":\"ListItem\",\"position\":2,\"name\":\"Produkte\",\"item\":\"https:\\\/\\\/eurotrail.info\\\/de\\\/produkte\\\/\"},{\"@type\":\"ListItem\",\"position\":3,\"name\":\"Faltbares ovales Waschbecken mit Stopper\"}]},{\"@type\":\"WebSite\",\"@id\":\"https:\\\/\\\/eurotrail.info\\\/#website\",\"url\":\"https:\\\/\\\/eurotrail.info\\\/\",\"name\":\"Eurotrail\",\"description\":\"\",\"publisher\":{\"@id\":\"https:\\\/\\\/eurotrail.info\\\/#organization\"},\"potentialAction\":[{\"@type\":\"SearchAction\",\"target\":{\"@type\":\"EntryPoint\",\"urlTemplate\":\"https:\\\/\\\/eurotrail.info\\\/?s={search_term_string}\"},\"query-input\":{\"@type\":\"PropertyValueSpecification\",\"valueRequired\":true,\"valueName\":\"search_term_string\"}}],\"inLanguage\":\"de\"},{\"@type\":\"Organization\",\"@id\":\"https:\\\/\\\/eurotrail.info\\\/#organization\",\"name\":\"Eurotrail\",\"url\":\"https:\\\/\\\/eurotrail.info\\\/\",\"logo\":{\"@type\":\"ImageObject\",\"inLanguage\":\"de\",\"@id\":\"https:\\\/\\\/eurotrail.info\\\/#\\\/schema\\\/logo\\\/image\\\/\",\"url\":\"https:\\\/\\\/eurotrail.info\\\/wp\\\/wp-content\\\/uploads\\\/2023\\\/07\\\/ET-logo-quote_NL-scaled.jpg\",\"contentUrl\":\"https:\\\/\\\/eurotrail.info\\\/wp\\\/wp-content\\\/uploads\\\/2023\\\/07\\\/ET-logo-quote_NL-scaled.jpg\",\"width\":2560,\"height\":675,\"caption\":\"Eurotrail\"},\"image\":{\"@id\":\"https:\\\/\\\/eurotrail.info\\\/#\\\/schema\\\/logo\\\/image\\\/\"}}]}<\/script>\n<!-- \/ Yoast SEO plugin. -->","yoast_head_json":{"title":"Faltbares ovales Waschbecken mit Stopper - Eurotrail","description":"Handlicher Silikonbeh\u00e4lter mit einem Fassungsverm\u00f6gen von 8 Litern. Mit Griffen. Ideal als Sp\u00fclbecken oder Abfalleimer beim Camping oder zu Hause.","robots":{"index":"index","follow":"follow","max-snippet":"max-snippet:-1","max-image-preview":"max-image-preview:large","max-video-preview":"max-video-preview:-1"},"canonical":"https:\/\/eurotrail.info\/de\/producten\/haushaltartikel\/faltbaren-artikeln-aus-silikon\/faltbares-ovales-waschbecken-mit-stopper\/","og_locale":"de_DE","og_type":"article","og_title":"Faltbares ovales Waschbecken mit Stopper - Eurotrail","og_description":"Handlicher Silikonbeh\u00e4lter mit einem Fassungsverm\u00f6gen von 8 Litern. Mit Griffen. Ideal als Sp\u00fclbecken oder Abfalleimer beim Camping oder zu Hause.","og_url":"https:\/\/eurotrail.info\/de\/producten\/haushaltartikel\/faltbaren-artikeln-aus-silikon\/faltbares-ovales-waschbecken-mit-stopper\/","og_site_name":"Eurotrail","og_image":[{"width":2560,"height":1882,"url":"https:\/\/eurotrail.info\/wp\/wp-content\/uploads\/2023\/12\/opvouwbare-ovale-wasbak-4-scaled.jpg","type":"image\/jpeg"}],"twitter_card":"summary_large_image","twitter_misc":{"Gesch\u00e4tzte Lesezeit":"1\u00a0Minute"},"schema":{"@context":"https:\/\/schema.org","@graph":[{"@type":"WebPage","@id":"https:\/\/eurotrail.info\/de\/producten\/haushaltartikel\/faltbaren-artikeln-aus-silikon\/faltbares-ovales-waschbecken-mit-stopper\/","url":"https:\/\/eurotrail.info\/de\/producten\/haushaltartikel\/faltbaren-artikeln-aus-silikon\/faltbares-ovales-waschbecken-mit-stopper\/","name":"Faltbares ovales Waschbecken mit Stopper - Eurotrail","isPartOf":{"@id":"https:\/\/eurotrail.info\/#website"},"primaryImageOfPage":{"@id":"https:\/\/eurotrail.info\/de\/producten\/haushaltartikel\/faltbaren-artikeln-aus-silikon\/faltbares-ovales-waschbecken-mit-stopper\/#primaryimage"},"image":{"@id":"https:\/\/eurotrail.info\/de\/producten\/haushaltartikel\/faltbaren-artikeln-aus-silikon\/faltbares-ovales-waschbecken-mit-stopper\/#primaryimage"},"thumbnailUrl":"https:\/\/eurotrail.info\/wp\/wp-content\/uploads\/2023\/12\/opvouwbare-ovale-wasbak-4-scaled.jpg","datePublished":"2023-12-06T14:51:43+00:00","description":"Handlicher Silikonbeh\u00e4lter mit einem Fassungsverm\u00f6gen von 8 Litern. Mit Griffen. Ideal als Sp\u00fclbecken oder Abfalleimer beim Camping oder zu Hause.","breadcrumb":{"@id":"https:\/\/eurotrail.info\/de\/producten\/haushaltartikel\/faltbaren-artikeln-aus-silikon\/faltbares-ovales-waschbecken-mit-stopper\/#breadcrumb"},"inLanguage":"de","potentialAction":[{"@type":"ReadAction","target":["https:\/\/eurotrail.info\/de\/producten\/haushaltartikel\/faltbaren-artikeln-aus-silikon\/faltbares-ovales-waschbecken-mit-stopper\/"]}]},{"@type":"ImageObject","inLanguage":"de","@id":"https:\/\/eurotrail.info\/de\/producten\/haushaltartikel\/faltbaren-artikeln-aus-silikon\/faltbares-ovales-waschbecken-mit-stopper\/#primaryimage","url":"https:\/\/eurotrail.info\/wp\/wp-content\/uploads\/2023\/12\/opvouwbare-ovale-wasbak-4-scaled.jpg","contentUrl":"https:\/\/eurotrail.info\/wp\/wp-content\/uploads\/2023\/12\/opvouwbare-ovale-wasbak-4-scaled.jpg","width":2560,"height":1882,"caption":"Handige opvouwbare silicone bak met een inhoud van 8 ltr. Ovale vorm met handgrepen."},{"@type":"BreadcrumbList","@id":"https:\/\/eurotrail.info\/de\/producten\/haushaltartikel\/faltbaren-artikeln-aus-silikon\/faltbares-ovales-waschbecken-mit-stopper\/#breadcrumb","itemListElement":[{"@type":"ListItem","position":1,"name":"Home","item":"https:\/\/eurotrail.info\/de\/"},{"@type":"ListItem","position":2,"name":"Produkte","item":"https:\/\/eurotrail.info\/de\/produkte\/"},{"@type":"ListItem","position":3,"name":"Faltbares ovales Waschbecken mit Stopper"}]},{"@type":"WebSite","@id":"https:\/\/eurotrail.info\/#website","url":"https:\/\/eurotrail.info\/","name":"Eurotrail","description":"","publisher":{"@id":"https:\/\/eurotrail.info\/#organization"},"potentialAction":[{"@type":"SearchAction","target":{"@type":"EntryPoint","urlTemplate":"https:\/\/eurotrail.info\/?s={search_term_string}"},"query-input":{"@type":"PropertyValueSpecification","valueRequired":true,"valueName":"search_term_string"}}],"inLanguage":"de"},{"@type":"Organization","@id":"https:\/\/eurotrail.info\/#organization","name":"Eurotrail","url":"https:\/\/eurotrail.info\/","logo":{"@type":"ImageObject","inLanguage":"de","@id":"https:\/\/eurotrail.info\/#\/schema\/logo\/image\/","url":"https:\/\/eurotrail.info\/wp\/wp-content\/uploads\/2023\/07\/ET-logo-quote_NL-scaled.jpg","contentUrl":"https:\/\/eurotrail.info\/wp\/wp-content\/uploads\/2023\/07\/ET-logo-quote_NL-scaled.jpg","width":2560,"height":675,"caption":"Eurotrail"},"image":{"@id":"https:\/\/eurotrail.info\/#\/schema\/logo\/image\/"}}]}},"_links":{"self":[{"href":"https:\/\/eurotrail.info\/de\/wp-json\/wp\/v2\/product\/22119","targetHints":{"allow":["GET"]}}],"collection":[{"href":"https:\/\/eurotrail.info\/de\/wp-json\/wp\/v2\/product"}],"about":[{"href":"https:\/\/eurotrail.info\/de\/wp-json\/wp\/v2\/types\/product"}],"replies":[{"embeddable":true,"href":"https:\/\/eurotrail.info\/de\/wp-json\/wp\/v2\/comments?post=22119"}],"wp:featuredmedia":[{"embeddable":true,"href":"https:\/\/eurotrail.info\/de\/wp-json\/wp\/v2\/media\/22115"}],"wp:attachment":[{"href":"https:\/\/eurotrail.info\/de\/wp-json\/wp\/v2\/media?parent=22119"}],"wp:term":[{"taxonomy":"product_brand","embeddable":true,"href":"https:\/\/eurotrail.info\/de\/wp-json\/wp\/v2\/product_brand?post=22119"},{"taxonomy":"product_cat","embeddable":true,"href":"https:\/\/eurotrail.info\/de\/wp-json\/wp\/v2\/product_cat?post=22119"},{"taxonomy":"product_tag","embeddable":true,"href":"https:\/\/eurotrail.info\/de\/wp-json\/wp\/v2\/product_tag?post=22119"}],"curies":[{"name":"wp","href":"https:\/\/api.w.org\/{rel}","templated":true}]}}