{"id":22154,"date":"2023-12-06T16:03:41","date_gmt":"2023-12-06T15:03:41","guid":{"rendered":"https:\/\/eurotrail.info\/?post_type=product&#038;p=22154"},"modified":"2026-01-08T12:35:56","modified_gmt":"2026-01-08T11:35:56","slug":"perkolator-6-9-tassen","status":"publish","type":"product","link":"https:\/\/eurotrail.info\/de\/producten\/haushaltartikel\/perkolator-kaffeemaschine\/perkolator-6-9-tassen\/","title":{"rendered":"Cubana Kaffeemaschine mit Filter (3\/6\/9 Tassen)"},"content":{"rendered":"<p>Genie\u00dfen Sie den leckersten Kaffee mit dem Eurotrail Perkolator.<br \/>\nDer auff\u00e4llige achteckige Aluminiumtopf ist einfach zu bedienen und bereitet Ihren Kaffee auf authentische Weise zu. F\u00fcllen Sie den Boden des Beh\u00e4lters mit Wasser, geben Sie gemahlenen Kaffee in den Filter, schrauben Sie ihn zusammen und stellen Sie ihn auf eine Hitzequelle. Das Wasser steigt langsam durch den Kaffee hoch und erzeugt in nur wenigen Minuten einen reichen, k\u00f6stlichen, aromatischen Kaffee. Der Aluminiumtopf kann f\u00fcr eine einfache Reinigung zerlegt werden. Der Perkolator ist f\u00fcr 6 oder 9 kleine Tassen Kaffee erh\u00e4ltlich. Der Perkolator ist f\u00fcr Gas-, Keramik-, Elektro- und Halogenherde geeignet.<\/p>\n<p>Cubana Kaffeemaschine mit Filter 3: 150 ml, \u00d8 9\u201316 cm x 16 cm, 299 g, 3 Espresso (ca. 2 gro\u00dfe)<br \/>\nCubana Kaffeemaschine mit Filter 6: 350 ml, \u00d8 10\u201317 cm x 20 cm, 425 g, 6 Espresso (ca. 3 gro\u00dfe)<br \/>\nCubana Kaffeemaschine mit Filter 9: 550 ml, \u00d8 11\u201319 cm x 22 cm, 580 g, 9 Espresso (ca. 4 gro\u00dfe)<\/p>\n<p><a href=\"https:\/\/eurotrail.info\/wp\/wp-content\/uploads\/2023\/12\/ETKW5616-5621-Percolator-manual-24.pdf\">Gebrauchsanleitung Perkolator<\/a><\/p>\n<p>&nbsp;<\/p>\n","protected":false},"excerpt":{"rendered":"<p>Genie\u00dfen Sie den leckersten Kaffee mit dem Eurotrail Perkolator. Der auff\u00e4llige achteckige Aluminiumtopf ist einfach zu bedienen und bereitet Ihren Kaffee auf authentische Weise zu.&hellip;<\/p>\n","protected":false},"featured_media":22125,"comment_status":"open","ping_status":"closed","template":"","meta":{"_acf_changed":false},"product_brand":[],"product_cat":[78,386],"product_tag":[],"class_list":{"0":"post-22154","1":"product","2":"type-product","3":"status-publish","4":"has-post-thumbnail","6":"product_cat-haushaltartikel","7":"product_cat-perkolator-kaffeemaschine","9":"first","10":"instock","11":"shipping-taxable","12":"product-type-simple"},"acf":[],"yoast_head":"<!-- This site is optimized with the Yoast SEO plugin v27.3 - https:\/\/yoast.com\/product\/yoast-seo-wordpress\/ -->\n<title>Cubana Kaffeemaschine mit Filter (3\/6\/9 Tassen) - Eurotrail<\/title>\n<meta name=\"description\" content=\"Genie\u00dfen Sie den leckersten Kaffee mit dem Eurotrail Perkolator.Der auff\u00e4llige achteckige Aluminiumtopf ist einfach zu bedienen und bereitet Ihren Kaffee auf authentische Weise zu.\" \/>\n<meta name=\"robots\" content=\"index, follow, max-snippet:-1, max-image-preview:large, max-video-preview:-1\" \/>\n<link rel=\"canonical\" href=\"https:\/\/eurotrail.info\/de\/producten\/haushaltartikel\/perkolator-kaffeemaschine\/perkolator-6-9-tassen\/\" \/>\n<meta property=\"og:locale\" content=\"de_DE\" \/>\n<meta property=\"og:type\" content=\"article\" \/>\n<meta property=\"og:title\" content=\"Cubana Kaffeemaschine mit Filter (3\/6\/9 Tassen) - Eurotrail\" \/>\n<meta property=\"og:description\" content=\"Genie\u00dfen Sie den leckersten Kaffee mit dem Eurotrail Perkolator.Der auff\u00e4llige achteckige Aluminiumtopf ist einfach zu bedienen und bereitet Ihren Kaffee auf authentische Weise zu.\" \/>\n<meta property=\"og:url\" content=\"https:\/\/eurotrail.info\/de\/producten\/haushaltartikel\/perkolator-kaffeemaschine\/perkolator-6-9-tassen\/\" \/>\n<meta property=\"og:site_name\" content=\"Eurotrail\" \/>\n<meta property=\"article:modified_time\" content=\"2026-01-08T11:35:56+00:00\" \/>\n<meta property=\"og:image\" content=\"https:\/\/eurotrail.info\/wp\/wp-content\/uploads\/2023\/12\/Cubana-percolator-B-1-1-scaled.jpg\" \/>\n\t<meta property=\"og:image:width\" content=\"1722\" \/>\n\t<meta property=\"og:image:height\" content=\"2560\" \/>\n\t<meta property=\"og:image:type\" content=\"image\/jpeg\" \/>\n<meta name=\"twitter:card\" content=\"summary_large_image\" \/>\n<meta name=\"twitter:label1\" content=\"Gesch\u00e4tzte Lesezeit\" \/>\n\t<meta name=\"twitter:data1\" content=\"2\u00a0Minuten\" \/>\n<script type=\"application\/ld+json\" class=\"yoast-schema-graph\">{\"@context\":\"https:\\\/\\\/schema.org\",\"@graph\":[{\"@type\":\"WebPage\",\"@id\":\"https:\\\/\\\/eurotrail.info\\\/de\\\/producten\\\/haushaltartikel\\\/perkolator-kaffeemaschine\\\/perkolator-6-9-tassen\\\/\",\"url\":\"https:\\\/\\\/eurotrail.info\\\/de\\\/producten\\\/haushaltartikel\\\/perkolator-kaffeemaschine\\\/perkolator-6-9-tassen\\\/\",\"name\":\"Cubana Kaffeemaschine mit Filter (3\\\/6\\\/9 Tassen) - Eurotrail\",\"isPartOf\":{\"@id\":\"https:\\\/\\\/eurotrail.info\\\/#website\"},\"primaryImageOfPage\":{\"@id\":\"https:\\\/\\\/eurotrail.info\\\/de\\\/producten\\\/haushaltartikel\\\/perkolator-kaffeemaschine\\\/perkolator-6-9-tassen\\\/#primaryimage\"},\"image\":{\"@id\":\"https:\\\/\\\/eurotrail.info\\\/de\\\/producten\\\/haushaltartikel\\\/perkolator-kaffeemaschine\\\/perkolator-6-9-tassen\\\/#primaryimage\"},\"thumbnailUrl\":\"https:\\\/\\\/eurotrail.info\\\/wp\\\/wp-content\\\/uploads\\\/2023\\\/12\\\/Cubana-percolator-B-1-1-scaled.jpg\",\"datePublished\":\"2023-12-06T15:03:41+00:00\",\"dateModified\":\"2026-01-08T11:35:56+00:00\",\"description\":\"Genie\u00dfen Sie den leckersten Kaffee mit dem Eurotrail Perkolator.Der auff\u00e4llige achteckige Aluminiumtopf ist einfach zu bedienen und bereitet Ihren Kaffee auf authentische Weise zu.\",\"breadcrumb\":{\"@id\":\"https:\\\/\\\/eurotrail.info\\\/de\\\/producten\\\/haushaltartikel\\\/perkolator-kaffeemaschine\\\/perkolator-6-9-tassen\\\/#breadcrumb\"},\"inLanguage\":\"de\",\"potentialAction\":[{\"@type\":\"ReadAction\",\"target\":[\"https:\\\/\\\/eurotrail.info\\\/de\\\/producten\\\/haushaltartikel\\\/perkolator-kaffeemaschine\\\/perkolator-6-9-tassen\\\/\"]}]},{\"@type\":\"ImageObject\",\"inLanguage\":\"de\",\"@id\":\"https:\\\/\\\/eurotrail.info\\\/de\\\/producten\\\/haushaltartikel\\\/perkolator-kaffeemaschine\\\/perkolator-6-9-tassen\\\/#primaryimage\",\"url\":\"https:\\\/\\\/eurotrail.info\\\/wp\\\/wp-content\\\/uploads\\\/2023\\\/12\\\/Cubana-percolator-B-1-1-scaled.jpg\",\"contentUrl\":\"https:\\\/\\\/eurotrail.info\\\/wp\\\/wp-content\\\/uploads\\\/2023\\\/12\\\/Cubana-percolator-B-1-1-scaled.jpg\",\"width\":1722,\"height\":2560,\"caption\":\"De opvallende achthoekige aluminium kan is eenvoudig in gebruik en bereidt uw koffie op authentieke wijze.\"},{\"@type\":\"BreadcrumbList\",\"@id\":\"https:\\\/\\\/eurotrail.info\\\/de\\\/producten\\\/haushaltartikel\\\/perkolator-kaffeemaschine\\\/perkolator-6-9-tassen\\\/#breadcrumb\",\"itemListElement\":[{\"@type\":\"ListItem\",\"position\":1,\"name\":\"Home\",\"item\":\"https:\\\/\\\/eurotrail.info\\\/de\\\/\"},{\"@type\":\"ListItem\",\"position\":2,\"name\":\"Produkte\",\"item\":\"https:\\\/\\\/eurotrail.info\\\/de\\\/produkte\\\/\"},{\"@type\":\"ListItem\",\"position\":3,\"name\":\"Cubana Kaffeemaschine mit Filter (3\\\/6\\\/9 Tassen)\"}]},{\"@type\":\"WebSite\",\"@id\":\"https:\\\/\\\/eurotrail.info\\\/#website\",\"url\":\"https:\\\/\\\/eurotrail.info\\\/\",\"name\":\"Eurotrail\",\"description\":\"\",\"publisher\":{\"@id\":\"https:\\\/\\\/eurotrail.info\\\/#organization\"},\"potentialAction\":[{\"@type\":\"SearchAction\",\"target\":{\"@type\":\"EntryPoint\",\"urlTemplate\":\"https:\\\/\\\/eurotrail.info\\\/?s={search_term_string}\"},\"query-input\":{\"@type\":\"PropertyValueSpecification\",\"valueRequired\":true,\"valueName\":\"search_term_string\"}}],\"inLanguage\":\"de\"},{\"@type\":\"Organization\",\"@id\":\"https:\\\/\\\/eurotrail.info\\\/#organization\",\"name\":\"Eurotrail\",\"url\":\"https:\\\/\\\/eurotrail.info\\\/\",\"logo\":{\"@type\":\"ImageObject\",\"inLanguage\":\"de\",\"@id\":\"https:\\\/\\\/eurotrail.info\\\/#\\\/schema\\\/logo\\\/image\\\/\",\"url\":\"https:\\\/\\\/eurotrail.info\\\/wp\\\/wp-content\\\/uploads\\\/2023\\\/07\\\/ET-logo-quote_NL-scaled.jpg\",\"contentUrl\":\"https:\\\/\\\/eurotrail.info\\\/wp\\\/wp-content\\\/uploads\\\/2023\\\/07\\\/ET-logo-quote_NL-scaled.jpg\",\"width\":2560,\"height\":675,\"caption\":\"Eurotrail\"},\"image\":{\"@id\":\"https:\\\/\\\/eurotrail.info\\\/#\\\/schema\\\/logo\\\/image\\\/\"}}]}<\/script>\n<!-- \/ Yoast SEO plugin. -->","yoast_head_json":{"title":"Cubana Kaffeemaschine mit Filter (3\/6\/9 Tassen) - Eurotrail","description":"Genie\u00dfen Sie den leckersten Kaffee mit dem Eurotrail Perkolator.Der auff\u00e4llige achteckige Aluminiumtopf ist einfach zu bedienen und bereitet Ihren Kaffee auf authentische Weise zu.","robots":{"index":"index","follow":"follow","max-snippet":"max-snippet:-1","max-image-preview":"max-image-preview:large","max-video-preview":"max-video-preview:-1"},"canonical":"https:\/\/eurotrail.info\/de\/producten\/haushaltartikel\/perkolator-kaffeemaschine\/perkolator-6-9-tassen\/","og_locale":"de_DE","og_type":"article","og_title":"Cubana Kaffeemaschine mit Filter (3\/6\/9 Tassen) - Eurotrail","og_description":"Genie\u00dfen Sie den leckersten Kaffee mit dem Eurotrail Perkolator.Der auff\u00e4llige achteckige Aluminiumtopf ist einfach zu bedienen und bereitet Ihren Kaffee auf authentische Weise zu.","og_url":"https:\/\/eurotrail.info\/de\/producten\/haushaltartikel\/perkolator-kaffeemaschine\/perkolator-6-9-tassen\/","og_site_name":"Eurotrail","article_modified_time":"2026-01-08T11:35:56+00:00","og_image":[{"width":1722,"height":2560,"url":"https:\/\/eurotrail.info\/wp\/wp-content\/uploads\/2023\/12\/Cubana-percolator-B-1-1-scaled.jpg","type":"image\/jpeg"}],"twitter_card":"summary_large_image","twitter_misc":{"Gesch\u00e4tzte Lesezeit":"2\u00a0Minuten"},"schema":{"@context":"https:\/\/schema.org","@graph":[{"@type":"WebPage","@id":"https:\/\/eurotrail.info\/de\/producten\/haushaltartikel\/perkolator-kaffeemaschine\/perkolator-6-9-tassen\/","url":"https:\/\/eurotrail.info\/de\/producten\/haushaltartikel\/perkolator-kaffeemaschine\/perkolator-6-9-tassen\/","name":"Cubana Kaffeemaschine mit Filter (3\/6\/9 Tassen) - Eurotrail","isPartOf":{"@id":"https:\/\/eurotrail.info\/#website"},"primaryImageOfPage":{"@id":"https:\/\/eurotrail.info\/de\/producten\/haushaltartikel\/perkolator-kaffeemaschine\/perkolator-6-9-tassen\/#primaryimage"},"image":{"@id":"https:\/\/eurotrail.info\/de\/producten\/haushaltartikel\/perkolator-kaffeemaschine\/perkolator-6-9-tassen\/#primaryimage"},"thumbnailUrl":"https:\/\/eurotrail.info\/wp\/wp-content\/uploads\/2023\/12\/Cubana-percolator-B-1-1-scaled.jpg","datePublished":"2023-12-06T15:03:41+00:00","dateModified":"2026-01-08T11:35:56+00:00","description":"Genie\u00dfen Sie den leckersten Kaffee mit dem Eurotrail Perkolator.Der auff\u00e4llige achteckige Aluminiumtopf ist einfach zu bedienen und bereitet Ihren Kaffee auf authentische Weise zu.","breadcrumb":{"@id":"https:\/\/eurotrail.info\/de\/producten\/haushaltartikel\/perkolator-kaffeemaschine\/perkolator-6-9-tassen\/#breadcrumb"},"inLanguage":"de","potentialAction":[{"@type":"ReadAction","target":["https:\/\/eurotrail.info\/de\/producten\/haushaltartikel\/perkolator-kaffeemaschine\/perkolator-6-9-tassen\/"]}]},{"@type":"ImageObject","inLanguage":"de","@id":"https:\/\/eurotrail.info\/de\/producten\/haushaltartikel\/perkolator-kaffeemaschine\/perkolator-6-9-tassen\/#primaryimage","url":"https:\/\/eurotrail.info\/wp\/wp-content\/uploads\/2023\/12\/Cubana-percolator-B-1-1-scaled.jpg","contentUrl":"https:\/\/eurotrail.info\/wp\/wp-content\/uploads\/2023\/12\/Cubana-percolator-B-1-1-scaled.jpg","width":1722,"height":2560,"caption":"De opvallende achthoekige aluminium kan is eenvoudig in gebruik en bereidt uw koffie op authentieke wijze."},{"@type":"BreadcrumbList","@id":"https:\/\/eurotrail.info\/de\/producten\/haushaltartikel\/perkolator-kaffeemaschine\/perkolator-6-9-tassen\/#breadcrumb","itemListElement":[{"@type":"ListItem","position":1,"name":"Home","item":"https:\/\/eurotrail.info\/de\/"},{"@type":"ListItem","position":2,"name":"Produkte","item":"https:\/\/eurotrail.info\/de\/produkte\/"},{"@type":"ListItem","position":3,"name":"Cubana Kaffeemaschine mit Filter (3\/6\/9 Tassen)"}]},{"@type":"WebSite","@id":"https:\/\/eurotrail.info\/#website","url":"https:\/\/eurotrail.info\/","name":"Eurotrail","description":"","publisher":{"@id":"https:\/\/eurotrail.info\/#organization"},"potentialAction":[{"@type":"SearchAction","target":{"@type":"EntryPoint","urlTemplate":"https:\/\/eurotrail.info\/?s={search_term_string}"},"query-input":{"@type":"PropertyValueSpecification","valueRequired":true,"valueName":"search_term_string"}}],"inLanguage":"de"},{"@type":"Organization","@id":"https:\/\/eurotrail.info\/#organization","name":"Eurotrail","url":"https:\/\/eurotrail.info\/","logo":{"@type":"ImageObject","inLanguage":"de","@id":"https:\/\/eurotrail.info\/#\/schema\/logo\/image\/","url":"https:\/\/eurotrail.info\/wp\/wp-content\/uploads\/2023\/07\/ET-logo-quote_NL-scaled.jpg","contentUrl":"https:\/\/eurotrail.info\/wp\/wp-content\/uploads\/2023\/07\/ET-logo-quote_NL-scaled.jpg","width":2560,"height":675,"caption":"Eurotrail"},"image":{"@id":"https:\/\/eurotrail.info\/#\/schema\/logo\/image\/"}}]}},"_links":{"self":[{"href":"https:\/\/eurotrail.info\/de\/wp-json\/wp\/v2\/product\/22154","targetHints":{"allow":["GET"]}}],"collection":[{"href":"https:\/\/eurotrail.info\/de\/wp-json\/wp\/v2\/product"}],"about":[{"href":"https:\/\/eurotrail.info\/de\/wp-json\/wp\/v2\/types\/product"}],"replies":[{"embeddable":true,"href":"https:\/\/eurotrail.info\/de\/wp-json\/wp\/v2\/comments?post=22154"}],"wp:featuredmedia":[{"embeddable":true,"href":"https:\/\/eurotrail.info\/de\/wp-json\/wp\/v2\/media\/22125"}],"wp:attachment":[{"href":"https:\/\/eurotrail.info\/de\/wp-json\/wp\/v2\/media?parent=22154"}],"wp:term":[{"taxonomy":"product_brand","embeddable":true,"href":"https:\/\/eurotrail.info\/de\/wp-json\/wp\/v2\/product_brand?post=22154"},{"taxonomy":"product_cat","embeddable":true,"href":"https:\/\/eurotrail.info\/de\/wp-json\/wp\/v2\/product_cat?post=22154"},{"taxonomy":"product_tag","embeddable":true,"href":"https:\/\/eurotrail.info\/de\/wp-json\/wp\/v2\/product_tag?post=22154"}],"curies":[{"name":"wp","href":"https:\/\/api.w.org\/{rel}","templated":true}]}}