{"id":2220,"date":"2016-09-28T16:21:11","date_gmt":"2016-09-28T15:21:11","guid":{"rendered":"http:\/\/preview.eurotrail.info\/producten\/pfeffer-und-salzmuehle\/"},"modified":"2017-01-18T14:40:39","modified_gmt":"2017-01-18T13:40:39","slug":"pfeffer-und-salzmuehle","status":"publish","type":"product","link":"https:\/\/eurotrail.info\/de\/producten\/haushaltartikel\/faltbaren-artikeln-aus-silikon\/pfeffer-und-salzmuehle\/","title":{"rendered":"Pfeffer und Salzmuehle"},"content":{"rendered":"<p>Salz- und Pfefferm\u00fchle aus Kunstof und Silikonen.<br \/>\nGrose verschlusskappen um die M\u00fchle zu f\u00fcllen, mit st\u00e4rkes Mahlwerk.. <\/p>\n<p>Lieferbare Farbe ist Gr\u00fcn.<br \/>\nMaterial: Silijkoen mit robustem PA Kunststoff<br \/>\nGro\u03b2e: 10&#215;9.3&#215;4.5cm<\/p>\n","protected":false},"excerpt":{"rendered":"<p>Salz- und Pfefferm\u00fchle aus Kunstof und Silikonen. Grose verschlusskappen um die M\u00fchle zu f\u00fcllen, mit st\u00e4rkes Mahlwerk.. Lieferbare Farbe ist Gr\u00fcn. Material: Silijkoen mit robustem&hellip;<\/p>\n","protected":false},"featured_media":2202,"comment_status":"open","ping_status":"closed","template":"","meta":{"_acf_changed":false},"product_brand":[],"product_cat":[80],"product_tag":[],"class_list":{"0":"post-2220","1":"product","2":"type-product","3":"status-publish","4":"has-post-thumbnail","6":"product_cat-faltbaren-artikeln-aus-silikon","8":"first","9":"instock","10":"shipping-taxable","11":"product-type-simple"},"acf":[],"yoast_head":"<!-- This site is optimized with the Yoast SEO plugin v27.4 - https:\/\/yoast.com\/product\/yoast-seo-wordpress\/ -->\n<title>Pfeffer und Salzmuehle - Eurotrail<\/title>\n<meta name=\"robots\" content=\"index, follow, max-snippet:-1, max-image-preview:large, max-video-preview:-1\" \/>\n<link rel=\"canonical\" href=\"https:\/\/eurotrail.info\/de\/producten\/haushaltartikel\/faltbaren-artikeln-aus-silikon\/pfeffer-und-salzmuehle\/\" \/>\n<meta property=\"og:locale\" content=\"de_DE\" \/>\n<meta property=\"og:type\" content=\"article\" \/>\n<meta property=\"og:title\" content=\"Pfeffer und Salzmuehle - Eurotrail\" \/>\n<meta property=\"og:description\" content=\"Salz- und Pfefferm\u00fchle aus Kunstof und Silikonen. Grose verschlusskappen um die M\u00fchle zu f\u00fcllen, mit st\u00e4rkes Mahlwerk.. Lieferbare Farbe ist Gr\u00fcn. Material: Silijkoen mit robustem&hellip;\" \/>\n<meta property=\"og:url\" content=\"https:\/\/eurotrail.info\/de\/producten\/haushaltartikel\/faltbaren-artikeln-aus-silikon\/pfeffer-und-salzmuehle\/\" \/>\n<meta property=\"og:site_name\" content=\"Eurotrail\" \/>\n<meta property=\"article:modified_time\" content=\"2017-01-18T13:40:39+00:00\" \/>\n<meta property=\"og:image\" content=\"https:\/\/eurotrail.info\/wp\/wp-content\/uploads\/2016\/09\/Eurtotrail-peper-zout-model.jpg\" \/>\n\t<meta property=\"og:image:width\" content=\"1345\" \/>\n\t<meta property=\"og:image:height\" content=\"1721\" \/>\n\t<meta property=\"og:image:type\" content=\"image\/jpeg\" \/>\n<meta name=\"twitter:card\" content=\"summary_large_image\" \/>\n<script type=\"application\/ld+json\" class=\"yoast-schema-graph\">{\"@context\":\"https:\\\/\\\/schema.org\",\"@graph\":[{\"@type\":\"WebPage\",\"@id\":\"https:\\\/\\\/eurotrail.info\\\/de\\\/producten\\\/haushaltartikel\\\/faltbaren-artikeln-aus-silikon\\\/pfeffer-und-salzmuehle\\\/\",\"url\":\"https:\\\/\\\/eurotrail.info\\\/de\\\/producten\\\/haushaltartikel\\\/faltbaren-artikeln-aus-silikon\\\/pfeffer-und-salzmuehle\\\/\",\"name\":\"Pfeffer und Salzmuehle - Eurotrail\",\"isPartOf\":{\"@id\":\"https:\\\/\\\/eurotrail.info\\\/#website\"},\"primaryImageOfPage\":{\"@id\":\"https:\\\/\\\/eurotrail.info\\\/de\\\/producten\\\/haushaltartikel\\\/faltbaren-artikeln-aus-silikon\\\/pfeffer-und-salzmuehle\\\/#primaryimage\"},\"image\":{\"@id\":\"https:\\\/\\\/eurotrail.info\\\/de\\\/producten\\\/haushaltartikel\\\/faltbaren-artikeln-aus-silikon\\\/pfeffer-und-salzmuehle\\\/#primaryimage\"},\"thumbnailUrl\":\"https:\\\/\\\/eurotrail.info\\\/wp\\\/wp-content\\\/uploads\\\/2016\\\/09\\\/Eurtotrail-peper-zout-model.jpg\",\"datePublished\":\"2016-09-28T15:21:11+00:00\",\"dateModified\":\"2017-01-18T13:40:39+00:00\",\"breadcrumb\":{\"@id\":\"https:\\\/\\\/eurotrail.info\\\/de\\\/producten\\\/haushaltartikel\\\/faltbaren-artikeln-aus-silikon\\\/pfeffer-und-salzmuehle\\\/#breadcrumb\"},\"inLanguage\":\"de\",\"potentialAction\":[{\"@type\":\"ReadAction\",\"target\":[\"https:\\\/\\\/eurotrail.info\\\/de\\\/producten\\\/haushaltartikel\\\/faltbaren-artikeln-aus-silikon\\\/pfeffer-und-salzmuehle\\\/\"]}]},{\"@type\":\"ImageObject\",\"inLanguage\":\"de\",\"@id\":\"https:\\\/\\\/eurotrail.info\\\/de\\\/producten\\\/haushaltartikel\\\/faltbaren-artikeln-aus-silikon\\\/pfeffer-und-salzmuehle\\\/#primaryimage\",\"url\":\"https:\\\/\\\/eurotrail.info\\\/wp\\\/wp-content\\\/uploads\\\/2016\\\/09\\\/Eurtotrail-peper-zout-model.jpg\",\"contentUrl\":\"https:\\\/\\\/eurotrail.info\\\/wp\\\/wp-content\\\/uploads\\\/2016\\\/09\\\/Eurtotrail-peper-zout-model.jpg\",\"width\":1345,\"height\":1721,\"caption\":\"Einfache Salz und Pfeffermuhle\"},{\"@type\":\"BreadcrumbList\",\"@id\":\"https:\\\/\\\/eurotrail.info\\\/de\\\/producten\\\/haushaltartikel\\\/faltbaren-artikeln-aus-silikon\\\/pfeffer-und-salzmuehle\\\/#breadcrumb\",\"itemListElement\":[{\"@type\":\"ListItem\",\"position\":1,\"name\":\"Home\",\"item\":\"https:\\\/\\\/eurotrail.info\\\/de\\\/\"},{\"@type\":\"ListItem\",\"position\":2,\"name\":\"Produkte\",\"item\":\"https:\\\/\\\/eurotrail.info\\\/de\\\/produkte\\\/\"},{\"@type\":\"ListItem\",\"position\":3,\"name\":\"Pfeffer und Salzmuehle\"}]},{\"@type\":\"WebSite\",\"@id\":\"https:\\\/\\\/eurotrail.info\\\/#website\",\"url\":\"https:\\\/\\\/eurotrail.info\\\/\",\"name\":\"Eurotrail\",\"description\":\"\",\"publisher\":{\"@id\":\"https:\\\/\\\/eurotrail.info\\\/#organization\"},\"potentialAction\":[{\"@type\":\"SearchAction\",\"target\":{\"@type\":\"EntryPoint\",\"urlTemplate\":\"https:\\\/\\\/eurotrail.info\\\/?s={search_term_string}\"},\"query-input\":{\"@type\":\"PropertyValueSpecification\",\"valueRequired\":true,\"valueName\":\"search_term_string\"}}],\"inLanguage\":\"de\"},{\"@type\":\"Organization\",\"@id\":\"https:\\\/\\\/eurotrail.info\\\/#organization\",\"name\":\"Eurotrail\",\"url\":\"https:\\\/\\\/eurotrail.info\\\/\",\"logo\":{\"@type\":\"ImageObject\",\"inLanguage\":\"de\",\"@id\":\"https:\\\/\\\/eurotrail.info\\\/#\\\/schema\\\/logo\\\/image\\\/\",\"url\":\"https:\\\/\\\/eurotrail.info\\\/wp\\\/wp-content\\\/uploads\\\/2023\\\/07\\\/ET-logo-quote_NL-scaled.jpg\",\"contentUrl\":\"https:\\\/\\\/eurotrail.info\\\/wp\\\/wp-content\\\/uploads\\\/2023\\\/07\\\/ET-logo-quote_NL-scaled.jpg\",\"width\":2560,\"height\":675,\"caption\":\"Eurotrail\"},\"image\":{\"@id\":\"https:\\\/\\\/eurotrail.info\\\/#\\\/schema\\\/logo\\\/image\\\/\"}}]}<\/script>\n<!-- \/ Yoast SEO plugin. -->","yoast_head_json":{"title":"Pfeffer und Salzmuehle - Eurotrail","robots":{"index":"index","follow":"follow","max-snippet":"max-snippet:-1","max-image-preview":"max-image-preview:large","max-video-preview":"max-video-preview:-1"},"canonical":"https:\/\/eurotrail.info\/de\/producten\/haushaltartikel\/faltbaren-artikeln-aus-silikon\/pfeffer-und-salzmuehle\/","og_locale":"de_DE","og_type":"article","og_title":"Pfeffer und Salzmuehle - Eurotrail","og_description":"Salz- und Pfefferm\u00fchle aus Kunstof und Silikonen. Grose verschlusskappen um die M\u00fchle zu f\u00fcllen, mit st\u00e4rkes Mahlwerk.. Lieferbare Farbe ist Gr\u00fcn. Material: Silijkoen mit robustem&hellip;","og_url":"https:\/\/eurotrail.info\/de\/producten\/haushaltartikel\/faltbaren-artikeln-aus-silikon\/pfeffer-und-salzmuehle\/","og_site_name":"Eurotrail","article_modified_time":"2017-01-18T13:40:39+00:00","og_image":[{"width":1345,"height":1721,"url":"https:\/\/eurotrail.info\/wp\/wp-content\/uploads\/2016\/09\/Eurtotrail-peper-zout-model.jpg","type":"image\/jpeg"}],"twitter_card":"summary_large_image","schema":{"@context":"https:\/\/schema.org","@graph":[{"@type":"WebPage","@id":"https:\/\/eurotrail.info\/de\/producten\/haushaltartikel\/faltbaren-artikeln-aus-silikon\/pfeffer-und-salzmuehle\/","url":"https:\/\/eurotrail.info\/de\/producten\/haushaltartikel\/faltbaren-artikeln-aus-silikon\/pfeffer-und-salzmuehle\/","name":"Pfeffer und Salzmuehle - Eurotrail","isPartOf":{"@id":"https:\/\/eurotrail.info\/#website"},"primaryImageOfPage":{"@id":"https:\/\/eurotrail.info\/de\/producten\/haushaltartikel\/faltbaren-artikeln-aus-silikon\/pfeffer-und-salzmuehle\/#primaryimage"},"image":{"@id":"https:\/\/eurotrail.info\/de\/producten\/haushaltartikel\/faltbaren-artikeln-aus-silikon\/pfeffer-und-salzmuehle\/#primaryimage"},"thumbnailUrl":"https:\/\/eurotrail.info\/wp\/wp-content\/uploads\/2016\/09\/Eurtotrail-peper-zout-model.jpg","datePublished":"2016-09-28T15:21:11+00:00","dateModified":"2017-01-18T13:40:39+00:00","breadcrumb":{"@id":"https:\/\/eurotrail.info\/de\/producten\/haushaltartikel\/faltbaren-artikeln-aus-silikon\/pfeffer-und-salzmuehle\/#breadcrumb"},"inLanguage":"de","potentialAction":[{"@type":"ReadAction","target":["https:\/\/eurotrail.info\/de\/producten\/haushaltartikel\/faltbaren-artikeln-aus-silikon\/pfeffer-und-salzmuehle\/"]}]},{"@type":"ImageObject","inLanguage":"de","@id":"https:\/\/eurotrail.info\/de\/producten\/haushaltartikel\/faltbaren-artikeln-aus-silikon\/pfeffer-und-salzmuehle\/#primaryimage","url":"https:\/\/eurotrail.info\/wp\/wp-content\/uploads\/2016\/09\/Eurtotrail-peper-zout-model.jpg","contentUrl":"https:\/\/eurotrail.info\/wp\/wp-content\/uploads\/2016\/09\/Eurtotrail-peper-zout-model.jpg","width":1345,"height":1721,"caption":"Einfache Salz und Pfeffermuhle"},{"@type":"BreadcrumbList","@id":"https:\/\/eurotrail.info\/de\/producten\/haushaltartikel\/faltbaren-artikeln-aus-silikon\/pfeffer-und-salzmuehle\/#breadcrumb","itemListElement":[{"@type":"ListItem","position":1,"name":"Home","item":"https:\/\/eurotrail.info\/de\/"},{"@type":"ListItem","position":2,"name":"Produkte","item":"https:\/\/eurotrail.info\/de\/produkte\/"},{"@type":"ListItem","position":3,"name":"Pfeffer und Salzmuehle"}]},{"@type":"WebSite","@id":"https:\/\/eurotrail.info\/#website","url":"https:\/\/eurotrail.info\/","name":"Eurotrail","description":"","publisher":{"@id":"https:\/\/eurotrail.info\/#organization"},"potentialAction":[{"@type":"SearchAction","target":{"@type":"EntryPoint","urlTemplate":"https:\/\/eurotrail.info\/?s={search_term_string}"},"query-input":{"@type":"PropertyValueSpecification","valueRequired":true,"valueName":"search_term_string"}}],"inLanguage":"de"},{"@type":"Organization","@id":"https:\/\/eurotrail.info\/#organization","name":"Eurotrail","url":"https:\/\/eurotrail.info\/","logo":{"@type":"ImageObject","inLanguage":"de","@id":"https:\/\/eurotrail.info\/#\/schema\/logo\/image\/","url":"https:\/\/eurotrail.info\/wp\/wp-content\/uploads\/2023\/07\/ET-logo-quote_NL-scaled.jpg","contentUrl":"https:\/\/eurotrail.info\/wp\/wp-content\/uploads\/2023\/07\/ET-logo-quote_NL-scaled.jpg","width":2560,"height":675,"caption":"Eurotrail"},"image":{"@id":"https:\/\/eurotrail.info\/#\/schema\/logo\/image\/"}}]}},"_links":{"self":[{"href":"https:\/\/eurotrail.info\/de\/wp-json\/wp\/v2\/product\/2220","targetHints":{"allow":["GET"]}}],"collection":[{"href":"https:\/\/eurotrail.info\/de\/wp-json\/wp\/v2\/product"}],"about":[{"href":"https:\/\/eurotrail.info\/de\/wp-json\/wp\/v2\/types\/product"}],"replies":[{"embeddable":true,"href":"https:\/\/eurotrail.info\/de\/wp-json\/wp\/v2\/comments?post=2220"}],"wp:featuredmedia":[{"embeddable":true,"href":"https:\/\/eurotrail.info\/de\/wp-json\/wp\/v2\/media\/2202"}],"wp:attachment":[{"href":"https:\/\/eurotrail.info\/de\/wp-json\/wp\/v2\/media?parent=2220"}],"wp:term":[{"taxonomy":"product_brand","embeddable":true,"href":"https:\/\/eurotrail.info\/de\/wp-json\/wp\/v2\/product_brand?post=2220"},{"taxonomy":"product_cat","embeddable":true,"href":"https:\/\/eurotrail.info\/de\/wp-json\/wp\/v2\/product_cat?post=2220"},{"taxonomy":"product_tag","embeddable":true,"href":"https:\/\/eurotrail.info\/de\/wp-json\/wp\/v2\/product_tag?post=2220"}],"curies":[{"name":"wp","href":"https:\/\/api.w.org\/{rel}","templated":true}]}}