{"id":22275,"date":"2023-12-06T16:48:40","date_gmt":"2023-12-06T15:54:01","guid":{"rendered":"https:\/\/eurotrail.info\/?post_type=product&#038;p=22275"},"modified":"2023-12-06T16:54:01","modified_gmt":"2023-12-06T15:54:01","slug":"roadster-air-aufblasbare-buszelt","status":"publish","type":"product","link":"https:\/\/eurotrail.info\/de\/producten\/wohnwagenwohnmobilebus\/busvorzelt-air\/roadster-air-aufblasbare-buszelt\/","title":{"rendered":"Roadster Air aufblasbare Buszelt"},"content":{"rendered":"<p>Ideale aufblasbare Buszelt (Anschlussh\u00f6he 180-210 cm). Der Roadster ist ein kompaktes freistehendes Zelt, das parallel zum Bus aufgebaut wird. Das Zelt ist aufblasbar, was den Aufbau erheblich erleichtert. Das Zelt verf\u00fcgt \u00fcber ein gro\u00dfes Seitenfenster mit Abdeckung und auf beiden Seiten eine Eingangst\u00fcr mit Moskitonetz zur Bel\u00fcftung. Vollst\u00e4ndig befestigte Bodenplane, um Schmutz und Wasser fernzuhalten. Die kleinen Markisen auf beiden Seiten spenden zus\u00e4tzlichen Schatten und halten den Regen beim Betreten des Zeltes fern. Das Zelt l\u00e4sst sich einfach mit einem 7-mm-Keder, Klettb\u00e4ndern oder einer Dachstange am Bus befestigen. Dieser Teil l\u00e4sst sich abzippen, sodass Sie das Zelt einfach vom Bus trennen k\u00f6nnen. Das Zelt wird mit einem Sturmschl\u00e4uche geliefert, sodass das Zelt auch bei weniger Wetter robust und stabil ist.<\/p>\n<p>Material: 150D Oxford-Polyester, 3000 mm<br \/>\nAbmessung: 230x280x205 cm<br \/>\nKeder: \u00d8 7,0 mm, L\u00e4nge 235 cm<br \/>\nAirTube:<br \/>\nHauptrohre: \u00d8 10 cm TPU<br \/>\nStangen: \u00d8 9,5 mm Fiberglas-Vordachstange<br \/>\nVerpackt: 70x35x30 cm<br \/>\nGewicht: 11.4 kg.<\/p>\n","protected":false},"excerpt":{"rendered":"<p>Ideale aufblasbare Buszelt (Anschlussh\u00f6he 180-210 cm). Der Roadster ist ein kompaktes freistehendes Zelt, das parallel zum Bus aufgebaut wird. Das Zelt ist aufblasbar, was den&hellip;<\/p>\n","protected":false},"featured_media":22270,"comment_status":"open","ping_status":"closed","template":"","meta":{"_acf_changed":false},"product_brand":[],"product_cat":[74,71],"product_tag":[],"class_list":{"0":"post-22275","1":"product","2":"type-product","3":"status-publish","4":"has-post-thumbnail","6":"product_cat-busvorzelt-air","7":"product_cat-wohnwagenwohnmobilebus","9":"first","10":"instock","11":"shipping-taxable","12":"product-type-simple"},"acf":[],"yoast_head":"<!-- This site is optimized with the Yoast SEO plugin v27.3 - https:\/\/yoast.com\/product\/yoast-seo-wordpress\/ -->\n<title>Roadster Air aufblasbare Buszelt - Eurotrail<\/title>\n<meta name=\"description\" content=\"Ideale aufblasbare Buszelt (Anschlussh\u00f6he 180-210 cm). Der Roadster ist ein kompaktes freistehendes Zelt, das parallel zum Bus aufgebaut wird.\" \/>\n<meta name=\"robots\" content=\"index, follow, max-snippet:-1, max-image-preview:large, max-video-preview:-1\" \/>\n<link rel=\"canonical\" href=\"https:\/\/eurotrail.info\/de\/producten\/wohnwagenwohnmobilebus\/busvorzelt-air\/roadster-air-aufblasbare-buszelt\/\" \/>\n<meta property=\"og:locale\" content=\"de_DE\" \/>\n<meta property=\"og:type\" content=\"article\" \/>\n<meta property=\"og:title\" content=\"Roadster Air aufblasbare Buszelt - Eurotrail\" \/>\n<meta property=\"og:description\" content=\"Ideale aufblasbare Buszelt (Anschlussh\u00f6he 180-210 cm). Der Roadster ist ein kompaktes freistehendes Zelt, das parallel zum Bus aufgebaut wird.\" \/>\n<meta property=\"og:url\" content=\"https:\/\/eurotrail.info\/de\/producten\/wohnwagenwohnmobilebus\/busvorzelt-air\/roadster-air-aufblasbare-buszelt\/\" \/>\n<meta property=\"og:site_name\" content=\"Eurotrail\" \/>\n<meta property=\"og:image\" content=\"https:\/\/eurotrail.info\/wp\/wp-content\/uploads\/2023\/12\/ETCT0188-Roadster-Air-Set01-24-1280x917.jpg\" \/>\n\t<meta property=\"og:image:width\" content=\"1280\" \/>\n\t<meta property=\"og:image:height\" content=\"917\" \/>\n\t<meta property=\"og:image:type\" content=\"image\/jpeg\" \/>\n<meta name=\"twitter:card\" content=\"summary_large_image\" \/>\n<meta name=\"twitter:label1\" content=\"Gesch\u00e4tzte Lesezeit\" \/>\n\t<meta name=\"twitter:data1\" content=\"1\u00a0Minute\" \/>\n<script type=\"application\/ld+json\" class=\"yoast-schema-graph\">{\"@context\":\"https:\\\/\\\/schema.org\",\"@graph\":[{\"@type\":\"WebPage\",\"@id\":\"https:\\\/\\\/eurotrail.info\\\/de\\\/producten\\\/wohnwagenwohnmobilebus\\\/busvorzelt-air\\\/roadster-air-aufblasbare-buszelt\\\/\",\"url\":\"https:\\\/\\\/eurotrail.info\\\/de\\\/producten\\\/wohnwagenwohnmobilebus\\\/busvorzelt-air\\\/roadster-air-aufblasbare-buszelt\\\/\",\"name\":\"Roadster Air aufblasbare Buszelt - Eurotrail\",\"isPartOf\":{\"@id\":\"https:\\\/\\\/eurotrail.info\\\/#website\"},\"primaryImageOfPage\":{\"@id\":\"https:\\\/\\\/eurotrail.info\\\/de\\\/producten\\\/wohnwagenwohnmobilebus\\\/busvorzelt-air\\\/roadster-air-aufblasbare-buszelt\\\/#primaryimage\"},\"image\":{\"@id\":\"https:\\\/\\\/eurotrail.info\\\/de\\\/producten\\\/wohnwagenwohnmobilebus\\\/busvorzelt-air\\\/roadster-air-aufblasbare-buszelt\\\/#primaryimage\"},\"thumbnailUrl\":\"https:\\\/\\\/eurotrail.info\\\/wp\\\/wp-content\\\/uploads\\\/2023\\\/12\\\/ETCT0188-Roadster-Air-Set01-24-scaled.jpg\",\"datePublished\":\"2023-12-06T15:54:01+00:00\",\"description\":\"Ideale aufblasbare Buszelt (Anschlussh\u00f6he 180-210 cm). Der Roadster ist ein kompaktes freistehendes Zelt, das parallel zum Bus aufgebaut wird.\",\"breadcrumb\":{\"@id\":\"https:\\\/\\\/eurotrail.info\\\/de\\\/producten\\\/wohnwagenwohnmobilebus\\\/busvorzelt-air\\\/roadster-air-aufblasbare-buszelt\\\/#breadcrumb\"},\"inLanguage\":\"de\",\"potentialAction\":[{\"@type\":\"ReadAction\",\"target\":[\"https:\\\/\\\/eurotrail.info\\\/de\\\/producten\\\/wohnwagenwohnmobilebus\\\/busvorzelt-air\\\/roadster-air-aufblasbare-buszelt\\\/\"]}]},{\"@type\":\"ImageObject\",\"inLanguage\":\"de\",\"@id\":\"https:\\\/\\\/eurotrail.info\\\/de\\\/producten\\\/wohnwagenwohnmobilebus\\\/busvorzelt-air\\\/roadster-air-aufblasbare-buszelt\\\/#primaryimage\",\"url\":\"https:\\\/\\\/eurotrail.info\\\/wp\\\/wp-content\\\/uploads\\\/2023\\\/12\\\/ETCT0188-Roadster-Air-Set01-24-scaled.jpg\",\"contentUrl\":\"https:\\\/\\\/eurotrail.info\\\/wp\\\/wp-content\\\/uploads\\\/2023\\\/12\\\/ETCT0188-Roadster-Air-Set01-24-scaled.jpg\",\"width\":2560,\"height\":1833,\"caption\":\"). De Roadster is een compacte vrijstaande tent die parallel aan de bus wordt opgesteld\"},{\"@type\":\"BreadcrumbList\",\"@id\":\"https:\\\/\\\/eurotrail.info\\\/de\\\/producten\\\/wohnwagenwohnmobilebus\\\/busvorzelt-air\\\/roadster-air-aufblasbare-buszelt\\\/#breadcrumb\",\"itemListElement\":[{\"@type\":\"ListItem\",\"position\":1,\"name\":\"Home\",\"item\":\"https:\\\/\\\/eurotrail.info\\\/de\\\/\"},{\"@type\":\"ListItem\",\"position\":2,\"name\":\"Produkte\",\"item\":\"https:\\\/\\\/eurotrail.info\\\/de\\\/produkte\\\/\"},{\"@type\":\"ListItem\",\"position\":3,\"name\":\"Roadster Air aufblasbare Buszelt\"}]},{\"@type\":\"WebSite\",\"@id\":\"https:\\\/\\\/eurotrail.info\\\/#website\",\"url\":\"https:\\\/\\\/eurotrail.info\\\/\",\"name\":\"Eurotrail\",\"description\":\"\",\"publisher\":{\"@id\":\"https:\\\/\\\/eurotrail.info\\\/#organization\"},\"potentialAction\":[{\"@type\":\"SearchAction\",\"target\":{\"@type\":\"EntryPoint\",\"urlTemplate\":\"https:\\\/\\\/eurotrail.info\\\/?s={search_term_string}\"},\"query-input\":{\"@type\":\"PropertyValueSpecification\",\"valueRequired\":true,\"valueName\":\"search_term_string\"}}],\"inLanguage\":\"de\"},{\"@type\":\"Organization\",\"@id\":\"https:\\\/\\\/eurotrail.info\\\/#organization\",\"name\":\"Eurotrail\",\"url\":\"https:\\\/\\\/eurotrail.info\\\/\",\"logo\":{\"@type\":\"ImageObject\",\"inLanguage\":\"de\",\"@id\":\"https:\\\/\\\/eurotrail.info\\\/#\\\/schema\\\/logo\\\/image\\\/\",\"url\":\"https:\\\/\\\/eurotrail.info\\\/wp\\\/wp-content\\\/uploads\\\/2023\\\/07\\\/ET-logo-quote_NL-scaled.jpg\",\"contentUrl\":\"https:\\\/\\\/eurotrail.info\\\/wp\\\/wp-content\\\/uploads\\\/2023\\\/07\\\/ET-logo-quote_NL-scaled.jpg\",\"width\":2560,\"height\":675,\"caption\":\"Eurotrail\"},\"image\":{\"@id\":\"https:\\\/\\\/eurotrail.info\\\/#\\\/schema\\\/logo\\\/image\\\/\"}}]}<\/script>\n<!-- \/ Yoast SEO plugin. -->","yoast_head_json":{"title":"Roadster Air aufblasbare Buszelt - Eurotrail","description":"Ideale aufblasbare Buszelt (Anschlussh\u00f6he 180-210 cm). Der Roadster ist ein kompaktes freistehendes Zelt, das parallel zum Bus aufgebaut wird.","robots":{"index":"index","follow":"follow","max-snippet":"max-snippet:-1","max-image-preview":"max-image-preview:large","max-video-preview":"max-video-preview:-1"},"canonical":"https:\/\/eurotrail.info\/de\/producten\/wohnwagenwohnmobilebus\/busvorzelt-air\/roadster-air-aufblasbare-buszelt\/","og_locale":"de_DE","og_type":"article","og_title":"Roadster Air aufblasbare Buszelt - Eurotrail","og_description":"Ideale aufblasbare Buszelt (Anschlussh\u00f6he 180-210 cm). Der Roadster ist ein kompaktes freistehendes Zelt, das parallel zum Bus aufgebaut wird.","og_url":"https:\/\/eurotrail.info\/de\/producten\/wohnwagenwohnmobilebus\/busvorzelt-air\/roadster-air-aufblasbare-buszelt\/","og_site_name":"Eurotrail","og_image":[{"width":1280,"height":917,"url":"https:\/\/eurotrail.info\/wp\/wp-content\/uploads\/2023\/12\/ETCT0188-Roadster-Air-Set01-24-1280x917.jpg","type":"image\/jpeg"}],"twitter_card":"summary_large_image","twitter_misc":{"Gesch\u00e4tzte Lesezeit":"1\u00a0Minute"},"schema":{"@context":"https:\/\/schema.org","@graph":[{"@type":"WebPage","@id":"https:\/\/eurotrail.info\/de\/producten\/wohnwagenwohnmobilebus\/busvorzelt-air\/roadster-air-aufblasbare-buszelt\/","url":"https:\/\/eurotrail.info\/de\/producten\/wohnwagenwohnmobilebus\/busvorzelt-air\/roadster-air-aufblasbare-buszelt\/","name":"Roadster Air aufblasbare Buszelt - Eurotrail","isPartOf":{"@id":"https:\/\/eurotrail.info\/#website"},"primaryImageOfPage":{"@id":"https:\/\/eurotrail.info\/de\/producten\/wohnwagenwohnmobilebus\/busvorzelt-air\/roadster-air-aufblasbare-buszelt\/#primaryimage"},"image":{"@id":"https:\/\/eurotrail.info\/de\/producten\/wohnwagenwohnmobilebus\/busvorzelt-air\/roadster-air-aufblasbare-buszelt\/#primaryimage"},"thumbnailUrl":"https:\/\/eurotrail.info\/wp\/wp-content\/uploads\/2023\/12\/ETCT0188-Roadster-Air-Set01-24-scaled.jpg","datePublished":"2023-12-06T15:54:01+00:00","description":"Ideale aufblasbare Buszelt (Anschlussh\u00f6he 180-210 cm). Der Roadster ist ein kompaktes freistehendes Zelt, das parallel zum Bus aufgebaut wird.","breadcrumb":{"@id":"https:\/\/eurotrail.info\/de\/producten\/wohnwagenwohnmobilebus\/busvorzelt-air\/roadster-air-aufblasbare-buszelt\/#breadcrumb"},"inLanguage":"de","potentialAction":[{"@type":"ReadAction","target":["https:\/\/eurotrail.info\/de\/producten\/wohnwagenwohnmobilebus\/busvorzelt-air\/roadster-air-aufblasbare-buszelt\/"]}]},{"@type":"ImageObject","inLanguage":"de","@id":"https:\/\/eurotrail.info\/de\/producten\/wohnwagenwohnmobilebus\/busvorzelt-air\/roadster-air-aufblasbare-buszelt\/#primaryimage","url":"https:\/\/eurotrail.info\/wp\/wp-content\/uploads\/2023\/12\/ETCT0188-Roadster-Air-Set01-24-scaled.jpg","contentUrl":"https:\/\/eurotrail.info\/wp\/wp-content\/uploads\/2023\/12\/ETCT0188-Roadster-Air-Set01-24-scaled.jpg","width":2560,"height":1833,"caption":"). De Roadster is een compacte vrijstaande tent die parallel aan de bus wordt opgesteld"},{"@type":"BreadcrumbList","@id":"https:\/\/eurotrail.info\/de\/producten\/wohnwagenwohnmobilebus\/busvorzelt-air\/roadster-air-aufblasbare-buszelt\/#breadcrumb","itemListElement":[{"@type":"ListItem","position":1,"name":"Home","item":"https:\/\/eurotrail.info\/de\/"},{"@type":"ListItem","position":2,"name":"Produkte","item":"https:\/\/eurotrail.info\/de\/produkte\/"},{"@type":"ListItem","position":3,"name":"Roadster Air aufblasbare Buszelt"}]},{"@type":"WebSite","@id":"https:\/\/eurotrail.info\/#website","url":"https:\/\/eurotrail.info\/","name":"Eurotrail","description":"","publisher":{"@id":"https:\/\/eurotrail.info\/#organization"},"potentialAction":[{"@type":"SearchAction","target":{"@type":"EntryPoint","urlTemplate":"https:\/\/eurotrail.info\/?s={search_term_string}"},"query-input":{"@type":"PropertyValueSpecification","valueRequired":true,"valueName":"search_term_string"}}],"inLanguage":"de"},{"@type":"Organization","@id":"https:\/\/eurotrail.info\/#organization","name":"Eurotrail","url":"https:\/\/eurotrail.info\/","logo":{"@type":"ImageObject","inLanguage":"de","@id":"https:\/\/eurotrail.info\/#\/schema\/logo\/image\/","url":"https:\/\/eurotrail.info\/wp\/wp-content\/uploads\/2023\/07\/ET-logo-quote_NL-scaled.jpg","contentUrl":"https:\/\/eurotrail.info\/wp\/wp-content\/uploads\/2023\/07\/ET-logo-quote_NL-scaled.jpg","width":2560,"height":675,"caption":"Eurotrail"},"image":{"@id":"https:\/\/eurotrail.info\/#\/schema\/logo\/image\/"}}]}},"_links":{"self":[{"href":"https:\/\/eurotrail.info\/de\/wp-json\/wp\/v2\/product\/22275","targetHints":{"allow":["GET"]}}],"collection":[{"href":"https:\/\/eurotrail.info\/de\/wp-json\/wp\/v2\/product"}],"about":[{"href":"https:\/\/eurotrail.info\/de\/wp-json\/wp\/v2\/types\/product"}],"replies":[{"embeddable":true,"href":"https:\/\/eurotrail.info\/de\/wp-json\/wp\/v2\/comments?post=22275"}],"wp:featuredmedia":[{"embeddable":true,"href":"https:\/\/eurotrail.info\/de\/wp-json\/wp\/v2\/media\/22270"}],"wp:attachment":[{"href":"https:\/\/eurotrail.info\/de\/wp-json\/wp\/v2\/media?parent=22275"}],"wp:term":[{"taxonomy":"product_brand","embeddable":true,"href":"https:\/\/eurotrail.info\/de\/wp-json\/wp\/v2\/product_brand?post=22275"},{"taxonomy":"product_cat","embeddable":true,"href":"https:\/\/eurotrail.info\/de\/wp-json\/wp\/v2\/product_cat?post=22275"},{"taxonomy":"product_tag","embeddable":true,"href":"https:\/\/eurotrail.info\/de\/wp-json\/wp\/v2\/product_tag?post=22275"}],"curies":[{"name":"wp","href":"https:\/\/api.w.org\/{rel}","templated":true}]}}