{"id":22295,"date":"2023-12-06T15:42:32","date_gmt":"2024-01-12T14:59:40","guid":{"rendered":"https:\/\/eurotrail.info\/?post_type=product&#038;p=22295"},"modified":"2024-01-12T15:59:40","modified_gmt":"2024-01-12T14:59:40","slug":"mueckenlampe-wiederaufladbar","status":"publish","type":"product","link":"https:\/\/eurotrail.info\/de\/producten\/haushaltartikel\/anti-muecken-lampe\/mueckenlampe-wiederaufladbar\/","title":{"rendered":"M\u00fcckenlampe wiederaufladbar"},"content":{"rendered":"<p>Kompakte, aber sehr effektive M\u00fcckenlampe. Diese Lampe ist wiederaufladbar und nach einer vollst\u00e4ndigen Aufladung funktioniert die Lampe bis zu 16 Stunden. Die Lampe strahlt ein starkes ultraviolettes Licht aus, das M\u00fccken in einem weiten Bereich anlockt. Im Inneren befindet sich ein Spannungsgitter, das M\u00fccken vertreibt. Unten befindet sich eine herausnehmbare Auffangschale. Vollst\u00e4ndig wiederaufladbar mit dem mitgelieferten USB-Typ-C-Ladekabel.<\/p>\n<p>Material: ABS<br \/>\nLicht: UV-A-LED-R\u00f6hre<br \/>\nBatterie: 3,7 V 5000 mAh, 18650 Lithiumbatterie<br \/>\nAbmessungen: \u00d8 12 x 25 cm<br \/>\nGewicht: 550 gr.<br \/>\nAufladung: DC 5V USB Typ C<br \/>\nNutzungsdauer: 14-16 Std.<br \/>\nLadezeit: 5\u20137 Stunden.<\/p>\n","protected":false},"excerpt":{"rendered":"<p>Kompakte, aber sehr effektive M\u00fcckenlampe. Diese Lampe ist wiederaufladbar und nach einer vollst\u00e4ndigen Aufladung funktioniert die Lampe bis zu 16 Stunden. Die Lampe strahlt ein&hellip;<\/p>\n","protected":false},"featured_media":22079,"comment_status":"open","ping_status":"closed","template":"","meta":{"_acf_changed":false},"product_brand":[],"product_cat":[208,78],"product_tag":[],"class_list":{"0":"post-22295","1":"product","2":"type-product","3":"status-publish","4":"has-post-thumbnail","6":"product_cat-anti-muecken-lampe","7":"product_cat-haushaltartikel","9":"first","10":"instock","11":"shipping-taxable","12":"product-type-simple"},"acf":[],"yoast_head":"<!-- This site is optimized with the Yoast SEO plugin v27.3 - https:\/\/yoast.com\/product\/yoast-seo-wordpress\/ -->\n<title>M\u00fcckenlampe wiederaufladbar - Eurotrail<\/title>\n<meta name=\"description\" content=\"Kompakte, aber sehr effektive M\u00fcckenlampe. Diese Lampe ist wiederaufladbar und nach einer vollst\u00e4ndigen Aufladung funktioniert die Lampe bis zu 16 Stunden.\" \/>\n<meta name=\"robots\" content=\"index, follow, max-snippet:-1, max-image-preview:large, max-video-preview:-1\" \/>\n<link rel=\"canonical\" href=\"https:\/\/eurotrail.info\/de\/producten\/haushaltartikel\/anti-muecken-lampe\/mueckenlampe-wiederaufladbar\/\" \/>\n<meta property=\"og:locale\" content=\"de_DE\" \/>\n<meta property=\"og:type\" content=\"article\" \/>\n<meta property=\"og:title\" content=\"M\u00fcckenlampe wiederaufladbar - Eurotrail\" \/>\n<meta property=\"og:description\" content=\"Kompakte, aber sehr effektive M\u00fcckenlampe. Diese Lampe ist wiederaufladbar und nach einer vollst\u00e4ndigen Aufladung funktioniert die Lampe bis zu 16 Stunden.\" \/>\n<meta property=\"og:url\" content=\"https:\/\/eurotrail.info\/de\/producten\/haushaltartikel\/anti-muecken-lampe\/mueckenlampe-wiederaufladbar\/\" \/>\n<meta property=\"og:site_name\" content=\"Eurotrail\" \/>\n<meta property=\"og:image\" content=\"https:\/\/eurotrail.info\/wp\/wp-content\/uploads\/2023\/12\/muggenlamp-b-scaled.jpg\" \/>\n\t<meta property=\"og:image:width\" content=\"1322\" \/>\n\t<meta property=\"og:image:height\" content=\"2560\" \/>\n\t<meta property=\"og:image:type\" content=\"image\/jpeg\" \/>\n<meta name=\"twitter:card\" content=\"summary_large_image\" \/>\n<meta name=\"twitter:label1\" content=\"Gesch\u00e4tzte Lesezeit\" \/>\n\t<meta name=\"twitter:data1\" content=\"1\u00a0Minute\" \/>\n<script type=\"application\/ld+json\" class=\"yoast-schema-graph\">{\"@context\":\"https:\\\/\\\/schema.org\",\"@graph\":[{\"@type\":\"WebPage\",\"@id\":\"https:\\\/\\\/eurotrail.info\\\/de\\\/producten\\\/haushaltartikel\\\/anti-muecken-lampe\\\/mueckenlampe-wiederaufladbar\\\/\",\"url\":\"https:\\\/\\\/eurotrail.info\\\/de\\\/producten\\\/haushaltartikel\\\/anti-muecken-lampe\\\/mueckenlampe-wiederaufladbar\\\/\",\"name\":\"M\u00fcckenlampe wiederaufladbar - Eurotrail\",\"isPartOf\":{\"@id\":\"https:\\\/\\\/eurotrail.info\\\/#website\"},\"primaryImageOfPage\":{\"@id\":\"https:\\\/\\\/eurotrail.info\\\/de\\\/producten\\\/haushaltartikel\\\/anti-muecken-lampe\\\/mueckenlampe-wiederaufladbar\\\/#primaryimage\"},\"image\":{\"@id\":\"https:\\\/\\\/eurotrail.info\\\/de\\\/producten\\\/haushaltartikel\\\/anti-muecken-lampe\\\/mueckenlampe-wiederaufladbar\\\/#primaryimage\"},\"thumbnailUrl\":\"https:\\\/\\\/eurotrail.info\\\/wp\\\/wp-content\\\/uploads\\\/2023\\\/12\\\/muggenlamp-b-scaled.jpg\",\"datePublished\":\"2024-01-12T14:59:40+00:00\",\"description\":\"Kompakte, aber sehr effektive M\u00fcckenlampe. Diese Lampe ist wiederaufladbar und nach einer vollst\u00e4ndigen Aufladung funktioniert die Lampe bis zu 16 Stunden.\",\"breadcrumb\":{\"@id\":\"https:\\\/\\\/eurotrail.info\\\/de\\\/producten\\\/haushaltartikel\\\/anti-muecken-lampe\\\/mueckenlampe-wiederaufladbar\\\/#breadcrumb\"},\"inLanguage\":\"de\",\"potentialAction\":[{\"@type\":\"ReadAction\",\"target\":[\"https:\\\/\\\/eurotrail.info\\\/de\\\/producten\\\/haushaltartikel\\\/anti-muecken-lampe\\\/mueckenlampe-wiederaufladbar\\\/\"]}]},{\"@type\":\"ImageObject\",\"inLanguage\":\"de\",\"@id\":\"https:\\\/\\\/eurotrail.info\\\/de\\\/producten\\\/haushaltartikel\\\/anti-muecken-lampe\\\/mueckenlampe-wiederaufladbar\\\/#primaryimage\",\"url\":\"https:\\\/\\\/eurotrail.info\\\/wp\\\/wp-content\\\/uploads\\\/2023\\\/12\\\/muggenlamp-b-scaled.jpg\",\"contentUrl\":\"https:\\\/\\\/eurotrail.info\\\/wp\\\/wp-content\\\/uploads\\\/2023\\\/12\\\/muggenlamp-b-scaled.jpg\",\"width\":1322,\"height\":2560,\"caption\":\"Compact maar zeer effectieve muggenlamp.\"},{\"@type\":\"BreadcrumbList\",\"@id\":\"https:\\\/\\\/eurotrail.info\\\/de\\\/producten\\\/haushaltartikel\\\/anti-muecken-lampe\\\/mueckenlampe-wiederaufladbar\\\/#breadcrumb\",\"itemListElement\":[{\"@type\":\"ListItem\",\"position\":1,\"name\":\"Home\",\"item\":\"https:\\\/\\\/eurotrail.info\\\/de\\\/\"},{\"@type\":\"ListItem\",\"position\":2,\"name\":\"Produkte\",\"item\":\"https:\\\/\\\/eurotrail.info\\\/de\\\/produkte\\\/\"},{\"@type\":\"ListItem\",\"position\":3,\"name\":\"M\u00fcckenlampe wiederaufladbar\"}]},{\"@type\":\"WebSite\",\"@id\":\"https:\\\/\\\/eurotrail.info\\\/#website\",\"url\":\"https:\\\/\\\/eurotrail.info\\\/\",\"name\":\"Eurotrail\",\"description\":\"\",\"publisher\":{\"@id\":\"https:\\\/\\\/eurotrail.info\\\/#organization\"},\"potentialAction\":[{\"@type\":\"SearchAction\",\"target\":{\"@type\":\"EntryPoint\",\"urlTemplate\":\"https:\\\/\\\/eurotrail.info\\\/?s={search_term_string}\"},\"query-input\":{\"@type\":\"PropertyValueSpecification\",\"valueRequired\":true,\"valueName\":\"search_term_string\"}}],\"inLanguage\":\"de\"},{\"@type\":\"Organization\",\"@id\":\"https:\\\/\\\/eurotrail.info\\\/#organization\",\"name\":\"Eurotrail\",\"url\":\"https:\\\/\\\/eurotrail.info\\\/\",\"logo\":{\"@type\":\"ImageObject\",\"inLanguage\":\"de\",\"@id\":\"https:\\\/\\\/eurotrail.info\\\/#\\\/schema\\\/logo\\\/image\\\/\",\"url\":\"https:\\\/\\\/eurotrail.info\\\/wp\\\/wp-content\\\/uploads\\\/2023\\\/07\\\/ET-logo-quote_NL-scaled.jpg\",\"contentUrl\":\"https:\\\/\\\/eurotrail.info\\\/wp\\\/wp-content\\\/uploads\\\/2023\\\/07\\\/ET-logo-quote_NL-scaled.jpg\",\"width\":2560,\"height\":675,\"caption\":\"Eurotrail\"},\"image\":{\"@id\":\"https:\\\/\\\/eurotrail.info\\\/#\\\/schema\\\/logo\\\/image\\\/\"}}]}<\/script>\n<!-- \/ Yoast SEO plugin. -->","yoast_head_json":{"title":"M\u00fcckenlampe wiederaufladbar - Eurotrail","description":"Kompakte, aber sehr effektive M\u00fcckenlampe. Diese Lampe ist wiederaufladbar und nach einer vollst\u00e4ndigen Aufladung funktioniert die Lampe bis zu 16 Stunden.","robots":{"index":"index","follow":"follow","max-snippet":"max-snippet:-1","max-image-preview":"max-image-preview:large","max-video-preview":"max-video-preview:-1"},"canonical":"https:\/\/eurotrail.info\/de\/producten\/haushaltartikel\/anti-muecken-lampe\/mueckenlampe-wiederaufladbar\/","og_locale":"de_DE","og_type":"article","og_title":"M\u00fcckenlampe wiederaufladbar - Eurotrail","og_description":"Kompakte, aber sehr effektive M\u00fcckenlampe. Diese Lampe ist wiederaufladbar und nach einer vollst\u00e4ndigen Aufladung funktioniert die Lampe bis zu 16 Stunden.","og_url":"https:\/\/eurotrail.info\/de\/producten\/haushaltartikel\/anti-muecken-lampe\/mueckenlampe-wiederaufladbar\/","og_site_name":"Eurotrail","og_image":[{"width":1322,"height":2560,"url":"https:\/\/eurotrail.info\/wp\/wp-content\/uploads\/2023\/12\/muggenlamp-b-scaled.jpg","type":"image\/jpeg"}],"twitter_card":"summary_large_image","twitter_misc":{"Gesch\u00e4tzte Lesezeit":"1\u00a0Minute"},"schema":{"@context":"https:\/\/schema.org","@graph":[{"@type":"WebPage","@id":"https:\/\/eurotrail.info\/de\/producten\/haushaltartikel\/anti-muecken-lampe\/mueckenlampe-wiederaufladbar\/","url":"https:\/\/eurotrail.info\/de\/producten\/haushaltartikel\/anti-muecken-lampe\/mueckenlampe-wiederaufladbar\/","name":"M\u00fcckenlampe wiederaufladbar - Eurotrail","isPartOf":{"@id":"https:\/\/eurotrail.info\/#website"},"primaryImageOfPage":{"@id":"https:\/\/eurotrail.info\/de\/producten\/haushaltartikel\/anti-muecken-lampe\/mueckenlampe-wiederaufladbar\/#primaryimage"},"image":{"@id":"https:\/\/eurotrail.info\/de\/producten\/haushaltartikel\/anti-muecken-lampe\/mueckenlampe-wiederaufladbar\/#primaryimage"},"thumbnailUrl":"https:\/\/eurotrail.info\/wp\/wp-content\/uploads\/2023\/12\/muggenlamp-b-scaled.jpg","datePublished":"2024-01-12T14:59:40+00:00","description":"Kompakte, aber sehr effektive M\u00fcckenlampe. Diese Lampe ist wiederaufladbar und nach einer vollst\u00e4ndigen Aufladung funktioniert die Lampe bis zu 16 Stunden.","breadcrumb":{"@id":"https:\/\/eurotrail.info\/de\/producten\/haushaltartikel\/anti-muecken-lampe\/mueckenlampe-wiederaufladbar\/#breadcrumb"},"inLanguage":"de","potentialAction":[{"@type":"ReadAction","target":["https:\/\/eurotrail.info\/de\/producten\/haushaltartikel\/anti-muecken-lampe\/mueckenlampe-wiederaufladbar\/"]}]},{"@type":"ImageObject","inLanguage":"de","@id":"https:\/\/eurotrail.info\/de\/producten\/haushaltartikel\/anti-muecken-lampe\/mueckenlampe-wiederaufladbar\/#primaryimage","url":"https:\/\/eurotrail.info\/wp\/wp-content\/uploads\/2023\/12\/muggenlamp-b-scaled.jpg","contentUrl":"https:\/\/eurotrail.info\/wp\/wp-content\/uploads\/2023\/12\/muggenlamp-b-scaled.jpg","width":1322,"height":2560,"caption":"Compact maar zeer effectieve muggenlamp."},{"@type":"BreadcrumbList","@id":"https:\/\/eurotrail.info\/de\/producten\/haushaltartikel\/anti-muecken-lampe\/mueckenlampe-wiederaufladbar\/#breadcrumb","itemListElement":[{"@type":"ListItem","position":1,"name":"Home","item":"https:\/\/eurotrail.info\/de\/"},{"@type":"ListItem","position":2,"name":"Produkte","item":"https:\/\/eurotrail.info\/de\/produkte\/"},{"@type":"ListItem","position":3,"name":"M\u00fcckenlampe wiederaufladbar"}]},{"@type":"WebSite","@id":"https:\/\/eurotrail.info\/#website","url":"https:\/\/eurotrail.info\/","name":"Eurotrail","description":"","publisher":{"@id":"https:\/\/eurotrail.info\/#organization"},"potentialAction":[{"@type":"SearchAction","target":{"@type":"EntryPoint","urlTemplate":"https:\/\/eurotrail.info\/?s={search_term_string}"},"query-input":{"@type":"PropertyValueSpecification","valueRequired":true,"valueName":"search_term_string"}}],"inLanguage":"de"},{"@type":"Organization","@id":"https:\/\/eurotrail.info\/#organization","name":"Eurotrail","url":"https:\/\/eurotrail.info\/","logo":{"@type":"ImageObject","inLanguage":"de","@id":"https:\/\/eurotrail.info\/#\/schema\/logo\/image\/","url":"https:\/\/eurotrail.info\/wp\/wp-content\/uploads\/2023\/07\/ET-logo-quote_NL-scaled.jpg","contentUrl":"https:\/\/eurotrail.info\/wp\/wp-content\/uploads\/2023\/07\/ET-logo-quote_NL-scaled.jpg","width":2560,"height":675,"caption":"Eurotrail"},"image":{"@id":"https:\/\/eurotrail.info\/#\/schema\/logo\/image\/"}}]}},"_links":{"self":[{"href":"https:\/\/eurotrail.info\/de\/wp-json\/wp\/v2\/product\/22295","targetHints":{"allow":["GET"]}}],"collection":[{"href":"https:\/\/eurotrail.info\/de\/wp-json\/wp\/v2\/product"}],"about":[{"href":"https:\/\/eurotrail.info\/de\/wp-json\/wp\/v2\/types\/product"}],"replies":[{"embeddable":true,"href":"https:\/\/eurotrail.info\/de\/wp-json\/wp\/v2\/comments?post=22295"}],"wp:featuredmedia":[{"embeddable":true,"href":"https:\/\/eurotrail.info\/de\/wp-json\/wp\/v2\/media\/22079"}],"wp:attachment":[{"href":"https:\/\/eurotrail.info\/de\/wp-json\/wp\/v2\/media?parent=22295"}],"wp:term":[{"taxonomy":"product_brand","embeddable":true,"href":"https:\/\/eurotrail.info\/de\/wp-json\/wp\/v2\/product_brand?post=22295"},{"taxonomy":"product_cat","embeddable":true,"href":"https:\/\/eurotrail.info\/de\/wp-json\/wp\/v2\/product_cat?post=22295"},{"taxonomy":"product_tag","embeddable":true,"href":"https:\/\/eurotrail.info\/de\/wp-json\/wp\/v2\/product_tag?post=22295"}],"curies":[{"name":"wp","href":"https:\/\/api.w.org\/{rel}","templated":true}]}}