{"id":22352,"date":"2024-01-15T11:01:27","date_gmt":"2024-01-15T10:01:27","guid":{"rendered":"https:\/\/eurotrail.info\/?post_type=product&#038;p=22352"},"modified":"2026-01-14T09:22:21","modified_gmt":"2026-01-14T08:22:21","slug":"marbella-strandstuhl","status":"publish","type":"product","link":"https:\/\/eurotrail.info\/de\/producten\/campingmoebel\/strandstuhlen\/marbella-strandstuhl\/","title":{"rendered":"Marbella Strandstuhl"},"content":{"rendered":"<p>Niedrige Liegefl\u00e4che \u2013 bequeme Strandliege aus Aluminium<\/p>\n<p>Diese niedrige Liegefl\u00e4che ist ideal zum Entspannen am Strand, auf dem Campingplatz oder im Garten. Dank der 5-fach verstellbaren R\u00fcckenlehne l\u00e4sst sich die Liegefl\u00e4che ganz einfach in eine bequeme Liege verwandeln.<\/p>\n<p>Die niedrige Sitzh\u00f6he von 25 cm erm\u00f6glicht eine entspannte, bodennahe Position, w\u00e4hrend die gro\u00dfz\u00fcgige Sitzfl\u00e4che (47 x 36 cm) optimalen Sitz- und Liegekomfort bietet. Gefertigt aus strapazierf\u00e4higem, atmungsaktivem Textilene und mit einem robusten, aber dennoch leichten Aluminiumrahmen ist die Liegefl\u00e4che leicht zu transportieren und langlebig.<\/p>\n<p>F\u00fcr zus\u00e4tzlichen Komfort ist die Liegefl\u00e4che mit einer Kopfst\u00fctze ausgestattet. Dank der Schultergurte l\u00e4sst sich diese leichte Liegefl\u00e4che bequem zum Strand, Park oder Campingplatz tragen. Ideal f\u00fcr Sonnenanbeter, die Wert auf Komfort, Bequemlichkeit und Qualit\u00e4t legen.<\/p>\n<ul>\n<li>Niedriger Strandstuhl mit vollst\u00e4ndig verstellbarer Liegeposition<\/li>\n<li>Verstellbare R\u00fcckenlehne (5 Positionen)<\/li>\n<li>Sowohl als Strandstuhl als auch als Strandliege verwendbar<\/li>\n<li>Leichter Aluminiumrahmen<\/li>\n<li>Atmungsaktives Textilene-Material<\/li>\n<li>Inklusive Kopfst\u00fctze<\/li>\n<li>Mit Schultergurten f\u00fcr einfachen Transport<\/li>\n<\/ul>\n<p>Material: 100 % Textilene<br \/>\nRahmen: Aluminium \u00d8 22\/19 mm<br \/>\nMa\u00dfe: 59 x 50 x 88 cm<br \/>\nZusammengeklappt: 80 x 59 x 16 cm<br \/>\nGewicht: 3,75 kg<br \/>\nMax. Belastung: 100 kg<\/p>\n<p>&nbsp;<\/p>\n","protected":false},"excerpt":{"rendered":"<p>Niedrige Liegefl\u00e4che \u2013 bequeme Strandliege aus Aluminium Diese niedrige Liegefl\u00e4che ist ideal zum Entspannen am Strand, auf dem Campingplatz oder im Garten. Dank der 5-fach&hellip;<\/p>\n","protected":false},"featured_media":22349,"comment_status":"open","ping_status":"closed","template":"","meta":{"_acf_changed":false},"product_brand":[],"product_cat":[82,88],"product_tag":[],"class_list":{"0":"post-22352","1":"product","2":"type-product","3":"status-publish","4":"has-post-thumbnail","6":"product_cat-campingmoebel","7":"product_cat-strandstuhlen","9":"first","10":"instock","11":"shipping-taxable","12":"product-type-simple"},"acf":[],"yoast_head":"<!-- This site is optimized with the Yoast SEO plugin v27.4 - https:\/\/yoast.com\/product\/yoast-seo-wordpress\/ -->\n<title>Marbella Strandstuhl - Eurotrail<\/title>\n<meta name=\"description\" content=\"Bequemer Strandstuhl mit Liegeposition. Die verstellbare R\u00fcckenlehne (5-fach) kann komplett nach hinten verstellt werden, so dass eine Art Liege entsteht.\" \/>\n<meta name=\"robots\" content=\"index, follow, max-snippet:-1, max-image-preview:large, max-video-preview:-1\" \/>\n<link rel=\"canonical\" href=\"https:\/\/eurotrail.info\/de\/producten\/campingmoebel\/strandstuhlen\/marbella-strandstuhl\/\" \/>\n<meta property=\"og:locale\" content=\"de_DE\" \/>\n<meta property=\"og:type\" content=\"article\" \/>\n<meta property=\"og:title\" content=\"Marbella Strandstuhl - Eurotrail\" \/>\n<meta property=\"og:description\" content=\"Bequemer Strandstuhl mit Liegeposition. Die verstellbare R\u00fcckenlehne (5-fach) kann komplett nach hinten verstellt werden, so dass eine Art Liege entsteht.\" \/>\n<meta property=\"og:url\" content=\"https:\/\/eurotrail.info\/de\/producten\/campingmoebel\/strandstuhlen\/marbella-strandstuhl\/\" \/>\n<meta property=\"og:site_name\" content=\"Eurotrail\" \/>\n<meta property=\"article:modified_time\" content=\"2026-01-14T08:22:21+00:00\" \/>\n<meta property=\"og:image\" content=\"https:\/\/eurotrail.info\/wp\/wp-content\/uploads\/2024\/01\/ETCF5038-Marbella-5900-24-scaled.jpg\" \/>\n\t<meta property=\"og:image:width\" content=\"2096\" \/>\n\t<meta property=\"og:image:height\" content=\"2560\" \/>\n\t<meta property=\"og:image:type\" content=\"image\/jpeg\" \/>\n<meta name=\"twitter:card\" content=\"summary_large_image\" \/>\n<meta name=\"twitter:label1\" content=\"Gesch\u00e4tzte Lesezeit\" \/>\n\t<meta name=\"twitter:data1\" content=\"2\u00a0Minuten\" \/>\n<script type=\"application\/ld+json\" class=\"yoast-schema-graph\">{\"@context\":\"https:\\\/\\\/schema.org\",\"@graph\":[{\"@type\":\"WebPage\",\"@id\":\"https:\\\/\\\/eurotrail.info\\\/de\\\/producten\\\/campingmoebel\\\/strandstuhlen\\\/marbella-strandstuhl\\\/\",\"url\":\"https:\\\/\\\/eurotrail.info\\\/de\\\/producten\\\/campingmoebel\\\/strandstuhlen\\\/marbella-strandstuhl\\\/\",\"name\":\"Marbella Strandstuhl - Eurotrail\",\"isPartOf\":{\"@id\":\"https:\\\/\\\/eurotrail.info\\\/#website\"},\"primaryImageOfPage\":{\"@id\":\"https:\\\/\\\/eurotrail.info\\\/de\\\/producten\\\/campingmoebel\\\/strandstuhlen\\\/marbella-strandstuhl\\\/#primaryimage\"},\"image\":{\"@id\":\"https:\\\/\\\/eurotrail.info\\\/de\\\/producten\\\/campingmoebel\\\/strandstuhlen\\\/marbella-strandstuhl\\\/#primaryimage\"},\"thumbnailUrl\":\"https:\\\/\\\/eurotrail.info\\\/wp\\\/wp-content\\\/uploads\\\/2024\\\/01\\\/ETCF5038-Marbella-5900-24-scaled.jpg\",\"datePublished\":\"2024-01-15T10:01:27+00:00\",\"dateModified\":\"2026-01-14T08:22:21+00:00\",\"description\":\"Bequemer Strandstuhl mit Liegeposition. Die verstellbare R\u00fcckenlehne (5-fach) kann komplett nach hinten verstellt werden, so dass eine Art Liege entsteht.\",\"breadcrumb\":{\"@id\":\"https:\\\/\\\/eurotrail.info\\\/de\\\/producten\\\/campingmoebel\\\/strandstuhlen\\\/marbella-strandstuhl\\\/#breadcrumb\"},\"inLanguage\":\"de\",\"potentialAction\":[{\"@type\":\"ReadAction\",\"target\":[\"https:\\\/\\\/eurotrail.info\\\/de\\\/producten\\\/campingmoebel\\\/strandstuhlen\\\/marbella-strandstuhl\\\/\"]}]},{\"@type\":\"ImageObject\",\"inLanguage\":\"de\",\"@id\":\"https:\\\/\\\/eurotrail.info\\\/de\\\/producten\\\/campingmoebel\\\/strandstuhlen\\\/marbella-strandstuhl\\\/#primaryimage\",\"url\":\"https:\\\/\\\/eurotrail.info\\\/wp\\\/wp-content\\\/uploads\\\/2024\\\/01\\\/ETCF5038-Marbella-5900-24-scaled.jpg\",\"contentUrl\":\"https:\\\/\\\/eurotrail.info\\\/wp\\\/wp-content\\\/uploads\\\/2024\\\/01\\\/ETCF5038-Marbella-5900-24-scaled.jpg\",\"width\":2096,\"height\":2560,\"caption\":\"Comfortabele strandstoel met ligstand.\"},{\"@type\":\"BreadcrumbList\",\"@id\":\"https:\\\/\\\/eurotrail.info\\\/de\\\/producten\\\/campingmoebel\\\/strandstuhlen\\\/marbella-strandstuhl\\\/#breadcrumb\",\"itemListElement\":[{\"@type\":\"ListItem\",\"position\":1,\"name\":\"Home\",\"item\":\"https:\\\/\\\/eurotrail.info\\\/de\\\/\"},{\"@type\":\"ListItem\",\"position\":2,\"name\":\"Produkte\",\"item\":\"https:\\\/\\\/eurotrail.info\\\/de\\\/produkte\\\/\"},{\"@type\":\"ListItem\",\"position\":3,\"name\":\"Marbella Strandstuhl\"}]},{\"@type\":\"WebSite\",\"@id\":\"https:\\\/\\\/eurotrail.info\\\/#website\",\"url\":\"https:\\\/\\\/eurotrail.info\\\/\",\"name\":\"Eurotrail\",\"description\":\"\",\"publisher\":{\"@id\":\"https:\\\/\\\/eurotrail.info\\\/#organization\"},\"potentialAction\":[{\"@type\":\"SearchAction\",\"target\":{\"@type\":\"EntryPoint\",\"urlTemplate\":\"https:\\\/\\\/eurotrail.info\\\/?s={search_term_string}\"},\"query-input\":{\"@type\":\"PropertyValueSpecification\",\"valueRequired\":true,\"valueName\":\"search_term_string\"}}],\"inLanguage\":\"de\"},{\"@type\":\"Organization\",\"@id\":\"https:\\\/\\\/eurotrail.info\\\/#organization\",\"name\":\"Eurotrail\",\"url\":\"https:\\\/\\\/eurotrail.info\\\/\",\"logo\":{\"@type\":\"ImageObject\",\"inLanguage\":\"de\",\"@id\":\"https:\\\/\\\/eurotrail.info\\\/#\\\/schema\\\/logo\\\/image\\\/\",\"url\":\"https:\\\/\\\/eurotrail.info\\\/wp\\\/wp-content\\\/uploads\\\/2023\\\/07\\\/ET-logo-quote_NL-scaled.jpg\",\"contentUrl\":\"https:\\\/\\\/eurotrail.info\\\/wp\\\/wp-content\\\/uploads\\\/2023\\\/07\\\/ET-logo-quote_NL-scaled.jpg\",\"width\":2560,\"height\":675,\"caption\":\"Eurotrail\"},\"image\":{\"@id\":\"https:\\\/\\\/eurotrail.info\\\/#\\\/schema\\\/logo\\\/image\\\/\"}}]}<\/script>\n<!-- \/ Yoast SEO plugin. -->","yoast_head_json":{"title":"Marbella Strandstuhl - Eurotrail","description":"Bequemer Strandstuhl mit Liegeposition. Die verstellbare R\u00fcckenlehne (5-fach) kann komplett nach hinten verstellt werden, so dass eine Art Liege entsteht.","robots":{"index":"index","follow":"follow","max-snippet":"max-snippet:-1","max-image-preview":"max-image-preview:large","max-video-preview":"max-video-preview:-1"},"canonical":"https:\/\/eurotrail.info\/de\/producten\/campingmoebel\/strandstuhlen\/marbella-strandstuhl\/","og_locale":"de_DE","og_type":"article","og_title":"Marbella Strandstuhl - Eurotrail","og_description":"Bequemer Strandstuhl mit Liegeposition. Die verstellbare R\u00fcckenlehne (5-fach) kann komplett nach hinten verstellt werden, so dass eine Art Liege entsteht.","og_url":"https:\/\/eurotrail.info\/de\/producten\/campingmoebel\/strandstuhlen\/marbella-strandstuhl\/","og_site_name":"Eurotrail","article_modified_time":"2026-01-14T08:22:21+00:00","og_image":[{"width":2096,"height":2560,"url":"https:\/\/eurotrail.info\/wp\/wp-content\/uploads\/2024\/01\/ETCF5038-Marbella-5900-24-scaled.jpg","type":"image\/jpeg"}],"twitter_card":"summary_large_image","twitter_misc":{"Gesch\u00e4tzte Lesezeit":"2\u00a0Minuten"},"schema":{"@context":"https:\/\/schema.org","@graph":[{"@type":"WebPage","@id":"https:\/\/eurotrail.info\/de\/producten\/campingmoebel\/strandstuhlen\/marbella-strandstuhl\/","url":"https:\/\/eurotrail.info\/de\/producten\/campingmoebel\/strandstuhlen\/marbella-strandstuhl\/","name":"Marbella Strandstuhl - Eurotrail","isPartOf":{"@id":"https:\/\/eurotrail.info\/#website"},"primaryImageOfPage":{"@id":"https:\/\/eurotrail.info\/de\/producten\/campingmoebel\/strandstuhlen\/marbella-strandstuhl\/#primaryimage"},"image":{"@id":"https:\/\/eurotrail.info\/de\/producten\/campingmoebel\/strandstuhlen\/marbella-strandstuhl\/#primaryimage"},"thumbnailUrl":"https:\/\/eurotrail.info\/wp\/wp-content\/uploads\/2024\/01\/ETCF5038-Marbella-5900-24-scaled.jpg","datePublished":"2024-01-15T10:01:27+00:00","dateModified":"2026-01-14T08:22:21+00:00","description":"Bequemer Strandstuhl mit Liegeposition. Die verstellbare R\u00fcckenlehne (5-fach) kann komplett nach hinten verstellt werden, so dass eine Art Liege entsteht.","breadcrumb":{"@id":"https:\/\/eurotrail.info\/de\/producten\/campingmoebel\/strandstuhlen\/marbella-strandstuhl\/#breadcrumb"},"inLanguage":"de","potentialAction":[{"@type":"ReadAction","target":["https:\/\/eurotrail.info\/de\/producten\/campingmoebel\/strandstuhlen\/marbella-strandstuhl\/"]}]},{"@type":"ImageObject","inLanguage":"de","@id":"https:\/\/eurotrail.info\/de\/producten\/campingmoebel\/strandstuhlen\/marbella-strandstuhl\/#primaryimage","url":"https:\/\/eurotrail.info\/wp\/wp-content\/uploads\/2024\/01\/ETCF5038-Marbella-5900-24-scaled.jpg","contentUrl":"https:\/\/eurotrail.info\/wp\/wp-content\/uploads\/2024\/01\/ETCF5038-Marbella-5900-24-scaled.jpg","width":2096,"height":2560,"caption":"Comfortabele strandstoel met ligstand."},{"@type":"BreadcrumbList","@id":"https:\/\/eurotrail.info\/de\/producten\/campingmoebel\/strandstuhlen\/marbella-strandstuhl\/#breadcrumb","itemListElement":[{"@type":"ListItem","position":1,"name":"Home","item":"https:\/\/eurotrail.info\/de\/"},{"@type":"ListItem","position":2,"name":"Produkte","item":"https:\/\/eurotrail.info\/de\/produkte\/"},{"@type":"ListItem","position":3,"name":"Marbella Strandstuhl"}]},{"@type":"WebSite","@id":"https:\/\/eurotrail.info\/#website","url":"https:\/\/eurotrail.info\/","name":"Eurotrail","description":"","publisher":{"@id":"https:\/\/eurotrail.info\/#organization"},"potentialAction":[{"@type":"SearchAction","target":{"@type":"EntryPoint","urlTemplate":"https:\/\/eurotrail.info\/?s={search_term_string}"},"query-input":{"@type":"PropertyValueSpecification","valueRequired":true,"valueName":"search_term_string"}}],"inLanguage":"de"},{"@type":"Organization","@id":"https:\/\/eurotrail.info\/#organization","name":"Eurotrail","url":"https:\/\/eurotrail.info\/","logo":{"@type":"ImageObject","inLanguage":"de","@id":"https:\/\/eurotrail.info\/#\/schema\/logo\/image\/","url":"https:\/\/eurotrail.info\/wp\/wp-content\/uploads\/2023\/07\/ET-logo-quote_NL-scaled.jpg","contentUrl":"https:\/\/eurotrail.info\/wp\/wp-content\/uploads\/2023\/07\/ET-logo-quote_NL-scaled.jpg","width":2560,"height":675,"caption":"Eurotrail"},"image":{"@id":"https:\/\/eurotrail.info\/#\/schema\/logo\/image\/"}}]}},"_links":{"self":[{"href":"https:\/\/eurotrail.info\/de\/wp-json\/wp\/v2\/product\/22352","targetHints":{"allow":["GET"]}}],"collection":[{"href":"https:\/\/eurotrail.info\/de\/wp-json\/wp\/v2\/product"}],"about":[{"href":"https:\/\/eurotrail.info\/de\/wp-json\/wp\/v2\/types\/product"}],"replies":[{"embeddable":true,"href":"https:\/\/eurotrail.info\/de\/wp-json\/wp\/v2\/comments?post=22352"}],"wp:featuredmedia":[{"embeddable":true,"href":"https:\/\/eurotrail.info\/de\/wp-json\/wp\/v2\/media\/22349"}],"wp:attachment":[{"href":"https:\/\/eurotrail.info\/de\/wp-json\/wp\/v2\/media?parent=22352"}],"wp:term":[{"taxonomy":"product_brand","embeddable":true,"href":"https:\/\/eurotrail.info\/de\/wp-json\/wp\/v2\/product_brand?post=22352"},{"taxonomy":"product_cat","embeddable":true,"href":"https:\/\/eurotrail.info\/de\/wp-json\/wp\/v2\/product_cat?post=22352"},{"taxonomy":"product_tag","embeddable":true,"href":"https:\/\/eurotrail.info\/de\/wp-json\/wp\/v2\/product_tag?post=22352"}],"curies":[{"name":"wp","href":"https:\/\/api.w.org\/{rel}","templated":true}]}}