{"id":22671,"date":"2025-01-27T13:12:05","date_gmt":"2025-01-27T12:18:57","guid":{"rendered":"https:\/\/eurotrail.info\/?post_type=product&#038;p=22671"},"modified":"2025-05-26T18:23:46","modified_gmt":"2025-05-26T17:23:46","slug":"autu-verstellbare-campingstuhl-faltbar","status":"publish","type":"product","link":"https:\/\/eurotrail.info\/de\/producten\/campingmoebel\/faltmoebel\/autu-verstellbare-campingstuhl-faltbar\/","title":{"rendered":"Aut\u00fan verstellbare Campingstuhl, faltbar"},"content":{"rendered":"<p>Camping-Klappstuhl mit verstellbarer R\u00fcckenlehne Camping- und Outdoor-Fans aufgepasst: Der neueste Camping-Klappstuhl vereint Komfort und Funktionalit\u00e4t in einem intelligenten Design. Dank der verstellbaren R\u00fcckenlehne kann der Stuhl sowohl in eine aufrechte als auch in eine liegende Position gebracht werden, ideal f\u00fcr jede Situation &#8211; vom aktiven Sitzen bis hin zur ultimativen Entspannung.<\/p>\n<p>Der Sitzbezug besteht aus hochwertigem, gepolstertem Air-Mesh-Material, das auch an hei\u00dfen Tagen ein atmungsaktives und bequemes Sitzen erm\u00f6glicht. Der Stuhl ist vollst\u00e4ndig zusammenklappbar und wird mit einer praktischen Tragetasche geliefert, so dass er leicht auf den Campingplatz, in den Garten oder zu einem Tagesausflug mitgenommen werden kann.<\/p>\n<p>Stoff: 100 % 3D-Mesh-Polyester<br \/>\nRahmen: ovales Aluminiumrohr 32 x 20 mm<br \/>\nGr\u00f6\u00dfe: 61 x 75 x 110 cm<br \/>\nGefaltet: 91 x 24 x 13 cm<br \/>\nGewicht: 4,6 kg.<br \/>\nMax. Belastung: 120 kg<\/p>\n","protected":false},"excerpt":{"rendered":"<p>Camping-Klappstuhl mit verstellbarer R\u00fcckenlehne Camping- und Outdoor-Fans aufgepasst: Der neueste Camping-Klappstuhl vereint Komfort und Funktionalit\u00e4t in einem intelligenten Design. Dank der verstellbaren R\u00fcckenlehne kann der&hellip;<\/p>\n","protected":false},"featured_media":22637,"comment_status":"open","ping_status":"closed","template":"","meta":{"_acf_changed":false},"product_brand":[],"product_cat":[82,89],"product_tag":[],"class_list":{"0":"post-22671","1":"product","2":"type-product","3":"status-publish","4":"has-post-thumbnail","6":"product_cat-campingmoebel","7":"product_cat-faltmoebel","9":"first","10":"instock","11":"shipping-taxable","12":"product-type-simple"},"acf":[],"yoast_head":"<!-- This site is optimized with the Yoast SEO plugin v27.4 - https:\/\/yoast.com\/product\/yoast-seo-wordpress\/ -->\n<title>Aut\u00fan verstellbare Campingstuhl, faltbar - Eurotrail<\/title>\n<meta name=\"description\" content=\"Faltbarer Campingstuhl mit atmungsaktivem 3D Mesh. Die hohe R\u00fcckenlehne ist 5-fach auf die gew\u00fcnschte Sitzposition verstellbar.\" \/>\n<meta name=\"robots\" content=\"index, follow, max-snippet:-1, max-image-preview:large, max-video-preview:-1\" \/>\n<link rel=\"canonical\" href=\"https:\/\/eurotrail.info\/de\/producten\/campingmoebel\/faltmoebel\/autu-verstellbare-campingstuhl-faltbar\/\" \/>\n<meta property=\"og:locale\" content=\"de_DE\" \/>\n<meta property=\"og:type\" content=\"article\" \/>\n<meta property=\"og:title\" content=\"Aut\u00fan verstellbare Campingstuhl, faltbar - Eurotrail\" \/>\n<meta property=\"og:description\" content=\"Faltbarer Campingstuhl mit atmungsaktivem 3D Mesh. Die hohe R\u00fcckenlehne ist 5-fach auf die gew\u00fcnschte Sitzposition verstellbar.\" \/>\n<meta property=\"og:url\" content=\"https:\/\/eurotrail.info\/de\/producten\/campingmoebel\/faltmoebel\/autu-verstellbare-campingstuhl-faltbar\/\" \/>\n<meta property=\"og:site_name\" content=\"Eurotrail\" \/>\n<meta property=\"article:modified_time\" content=\"2025-05-26T17:23:46+00:00\" \/>\n<meta property=\"og:image\" content=\"https:\/\/eurotrail.info\/wp\/wp-content\/uploads\/2025\/01\/ETCF1631-Autun-1-scaled.jpg\" \/>\n\t<meta property=\"og:image:width\" content=\"1646\" \/>\n\t<meta property=\"og:image:height\" content=\"2560\" \/>\n\t<meta property=\"og:image:type\" content=\"image\/jpeg\" \/>\n<meta name=\"twitter:card\" content=\"summary_large_image\" \/>\n<meta name=\"twitter:label1\" content=\"Gesch\u00e4tzte Lesezeit\" \/>\n\t<meta name=\"twitter:data1\" content=\"1\u00a0Minute\" \/>\n<script type=\"application\/ld+json\" class=\"yoast-schema-graph\">{\"@context\":\"https:\\\/\\\/schema.org\",\"@graph\":[{\"@type\":\"WebPage\",\"@id\":\"https:\\\/\\\/eurotrail.info\\\/de\\\/producten\\\/campingmoebel\\\/faltmoebel\\\/autu-verstellbare-campingstuhl-faltbar\\\/\",\"url\":\"https:\\\/\\\/eurotrail.info\\\/de\\\/producten\\\/campingmoebel\\\/faltmoebel\\\/autu-verstellbare-campingstuhl-faltbar\\\/\",\"name\":\"Aut\u00fan verstellbare Campingstuhl, faltbar - Eurotrail\",\"isPartOf\":{\"@id\":\"https:\\\/\\\/eurotrail.info\\\/#website\"},\"primaryImageOfPage\":{\"@id\":\"https:\\\/\\\/eurotrail.info\\\/de\\\/producten\\\/campingmoebel\\\/faltmoebel\\\/autu-verstellbare-campingstuhl-faltbar\\\/#primaryimage\"},\"image\":{\"@id\":\"https:\\\/\\\/eurotrail.info\\\/de\\\/producten\\\/campingmoebel\\\/faltmoebel\\\/autu-verstellbare-campingstuhl-faltbar\\\/#primaryimage\"},\"thumbnailUrl\":\"https:\\\/\\\/eurotrail.info\\\/wp\\\/wp-content\\\/uploads\\\/2025\\\/01\\\/ETCF1631-Autun-1-scaled.jpg\",\"datePublished\":\"2025-01-27T12:18:57+00:00\",\"dateModified\":\"2025-05-26T17:23:46+00:00\",\"description\":\"Faltbarer Campingstuhl mit atmungsaktivem 3D Mesh. Die hohe R\u00fcckenlehne ist 5-fach auf die gew\u00fcnschte Sitzposition verstellbar.\",\"breadcrumb\":{\"@id\":\"https:\\\/\\\/eurotrail.info\\\/de\\\/producten\\\/campingmoebel\\\/faltmoebel\\\/autu-verstellbare-campingstuhl-faltbar\\\/#breadcrumb\"},\"inLanguage\":\"de\",\"potentialAction\":[{\"@type\":\"ReadAction\",\"target\":[\"https:\\\/\\\/eurotrail.info\\\/de\\\/producten\\\/campingmoebel\\\/faltmoebel\\\/autu-verstellbare-campingstuhl-faltbar\\\/\"]}]},{\"@type\":\"ImageObject\",\"inLanguage\":\"de\",\"@id\":\"https:\\\/\\\/eurotrail.info\\\/de\\\/producten\\\/campingmoebel\\\/faltmoebel\\\/autu-verstellbare-campingstuhl-faltbar\\\/#primaryimage\",\"url\":\"https:\\\/\\\/eurotrail.info\\\/wp\\\/wp-content\\\/uploads\\\/2025\\\/01\\\/ETCF1631-Autun-1-scaled.jpg\",\"contentUrl\":\"https:\\\/\\\/eurotrail.info\\\/wp\\\/wp-content\\\/uploads\\\/2025\\\/01\\\/ETCF1631-Autun-1-scaled.jpg\",\"width\":1646,\"height\":2560,\"caption\":\"Opvouwbare kampeerstoel voorzien van het ademende 3D mesh.\"},{\"@type\":\"BreadcrumbList\",\"@id\":\"https:\\\/\\\/eurotrail.info\\\/de\\\/producten\\\/campingmoebel\\\/faltmoebel\\\/autu-verstellbare-campingstuhl-faltbar\\\/#breadcrumb\",\"itemListElement\":[{\"@type\":\"ListItem\",\"position\":1,\"name\":\"Home\",\"item\":\"https:\\\/\\\/eurotrail.info\\\/de\\\/\"},{\"@type\":\"ListItem\",\"position\":2,\"name\":\"Produkte\",\"item\":\"https:\\\/\\\/eurotrail.info\\\/de\\\/produkte\\\/\"},{\"@type\":\"ListItem\",\"position\":3,\"name\":\"Aut\u00fan verstellbare Campingstuhl, faltbar\"}]},{\"@type\":\"WebSite\",\"@id\":\"https:\\\/\\\/eurotrail.info\\\/#website\",\"url\":\"https:\\\/\\\/eurotrail.info\\\/\",\"name\":\"Eurotrail\",\"description\":\"\",\"publisher\":{\"@id\":\"https:\\\/\\\/eurotrail.info\\\/#organization\"},\"potentialAction\":[{\"@type\":\"SearchAction\",\"target\":{\"@type\":\"EntryPoint\",\"urlTemplate\":\"https:\\\/\\\/eurotrail.info\\\/?s={search_term_string}\"},\"query-input\":{\"@type\":\"PropertyValueSpecification\",\"valueRequired\":true,\"valueName\":\"search_term_string\"}}],\"inLanguage\":\"de\"},{\"@type\":\"Organization\",\"@id\":\"https:\\\/\\\/eurotrail.info\\\/#organization\",\"name\":\"Eurotrail\",\"url\":\"https:\\\/\\\/eurotrail.info\\\/\",\"logo\":{\"@type\":\"ImageObject\",\"inLanguage\":\"de\",\"@id\":\"https:\\\/\\\/eurotrail.info\\\/#\\\/schema\\\/logo\\\/image\\\/\",\"url\":\"https:\\\/\\\/eurotrail.info\\\/wp\\\/wp-content\\\/uploads\\\/2023\\\/07\\\/ET-logo-quote_NL-scaled.jpg\",\"contentUrl\":\"https:\\\/\\\/eurotrail.info\\\/wp\\\/wp-content\\\/uploads\\\/2023\\\/07\\\/ET-logo-quote_NL-scaled.jpg\",\"width\":2560,\"height\":675,\"caption\":\"Eurotrail\"},\"image\":{\"@id\":\"https:\\\/\\\/eurotrail.info\\\/#\\\/schema\\\/logo\\\/image\\\/\"}}]}<\/script>\n<!-- \/ Yoast SEO plugin. -->","yoast_head_json":{"title":"Aut\u00fan verstellbare Campingstuhl, faltbar - Eurotrail","description":"Faltbarer Campingstuhl mit atmungsaktivem 3D Mesh. Die hohe R\u00fcckenlehne ist 5-fach auf die gew\u00fcnschte Sitzposition verstellbar.","robots":{"index":"index","follow":"follow","max-snippet":"max-snippet:-1","max-image-preview":"max-image-preview:large","max-video-preview":"max-video-preview:-1"},"canonical":"https:\/\/eurotrail.info\/de\/producten\/campingmoebel\/faltmoebel\/autu-verstellbare-campingstuhl-faltbar\/","og_locale":"de_DE","og_type":"article","og_title":"Aut\u00fan verstellbare Campingstuhl, faltbar - Eurotrail","og_description":"Faltbarer Campingstuhl mit atmungsaktivem 3D Mesh. Die hohe R\u00fcckenlehne ist 5-fach auf die gew\u00fcnschte Sitzposition verstellbar.","og_url":"https:\/\/eurotrail.info\/de\/producten\/campingmoebel\/faltmoebel\/autu-verstellbare-campingstuhl-faltbar\/","og_site_name":"Eurotrail","article_modified_time":"2025-05-26T17:23:46+00:00","og_image":[{"width":1646,"height":2560,"url":"https:\/\/eurotrail.info\/wp\/wp-content\/uploads\/2025\/01\/ETCF1631-Autun-1-scaled.jpg","type":"image\/jpeg"}],"twitter_card":"summary_large_image","twitter_misc":{"Gesch\u00e4tzte Lesezeit":"1\u00a0Minute"},"schema":{"@context":"https:\/\/schema.org","@graph":[{"@type":"WebPage","@id":"https:\/\/eurotrail.info\/de\/producten\/campingmoebel\/faltmoebel\/autu-verstellbare-campingstuhl-faltbar\/","url":"https:\/\/eurotrail.info\/de\/producten\/campingmoebel\/faltmoebel\/autu-verstellbare-campingstuhl-faltbar\/","name":"Aut\u00fan verstellbare Campingstuhl, faltbar - Eurotrail","isPartOf":{"@id":"https:\/\/eurotrail.info\/#website"},"primaryImageOfPage":{"@id":"https:\/\/eurotrail.info\/de\/producten\/campingmoebel\/faltmoebel\/autu-verstellbare-campingstuhl-faltbar\/#primaryimage"},"image":{"@id":"https:\/\/eurotrail.info\/de\/producten\/campingmoebel\/faltmoebel\/autu-verstellbare-campingstuhl-faltbar\/#primaryimage"},"thumbnailUrl":"https:\/\/eurotrail.info\/wp\/wp-content\/uploads\/2025\/01\/ETCF1631-Autun-1-scaled.jpg","datePublished":"2025-01-27T12:18:57+00:00","dateModified":"2025-05-26T17:23:46+00:00","description":"Faltbarer Campingstuhl mit atmungsaktivem 3D Mesh. Die hohe R\u00fcckenlehne ist 5-fach auf die gew\u00fcnschte Sitzposition verstellbar.","breadcrumb":{"@id":"https:\/\/eurotrail.info\/de\/producten\/campingmoebel\/faltmoebel\/autu-verstellbare-campingstuhl-faltbar\/#breadcrumb"},"inLanguage":"de","potentialAction":[{"@type":"ReadAction","target":["https:\/\/eurotrail.info\/de\/producten\/campingmoebel\/faltmoebel\/autu-verstellbare-campingstuhl-faltbar\/"]}]},{"@type":"ImageObject","inLanguage":"de","@id":"https:\/\/eurotrail.info\/de\/producten\/campingmoebel\/faltmoebel\/autu-verstellbare-campingstuhl-faltbar\/#primaryimage","url":"https:\/\/eurotrail.info\/wp\/wp-content\/uploads\/2025\/01\/ETCF1631-Autun-1-scaled.jpg","contentUrl":"https:\/\/eurotrail.info\/wp\/wp-content\/uploads\/2025\/01\/ETCF1631-Autun-1-scaled.jpg","width":1646,"height":2560,"caption":"Opvouwbare kampeerstoel voorzien van het ademende 3D mesh."},{"@type":"BreadcrumbList","@id":"https:\/\/eurotrail.info\/de\/producten\/campingmoebel\/faltmoebel\/autu-verstellbare-campingstuhl-faltbar\/#breadcrumb","itemListElement":[{"@type":"ListItem","position":1,"name":"Home","item":"https:\/\/eurotrail.info\/de\/"},{"@type":"ListItem","position":2,"name":"Produkte","item":"https:\/\/eurotrail.info\/de\/produkte\/"},{"@type":"ListItem","position":3,"name":"Aut\u00fan verstellbare Campingstuhl, faltbar"}]},{"@type":"WebSite","@id":"https:\/\/eurotrail.info\/#website","url":"https:\/\/eurotrail.info\/","name":"Eurotrail","description":"","publisher":{"@id":"https:\/\/eurotrail.info\/#organization"},"potentialAction":[{"@type":"SearchAction","target":{"@type":"EntryPoint","urlTemplate":"https:\/\/eurotrail.info\/?s={search_term_string}"},"query-input":{"@type":"PropertyValueSpecification","valueRequired":true,"valueName":"search_term_string"}}],"inLanguage":"de"},{"@type":"Organization","@id":"https:\/\/eurotrail.info\/#organization","name":"Eurotrail","url":"https:\/\/eurotrail.info\/","logo":{"@type":"ImageObject","inLanguage":"de","@id":"https:\/\/eurotrail.info\/#\/schema\/logo\/image\/","url":"https:\/\/eurotrail.info\/wp\/wp-content\/uploads\/2023\/07\/ET-logo-quote_NL-scaled.jpg","contentUrl":"https:\/\/eurotrail.info\/wp\/wp-content\/uploads\/2023\/07\/ET-logo-quote_NL-scaled.jpg","width":2560,"height":675,"caption":"Eurotrail"},"image":{"@id":"https:\/\/eurotrail.info\/#\/schema\/logo\/image\/"}}]}},"_links":{"self":[{"href":"https:\/\/eurotrail.info\/de\/wp-json\/wp\/v2\/product\/22671","targetHints":{"allow":["GET"]}}],"collection":[{"href":"https:\/\/eurotrail.info\/de\/wp-json\/wp\/v2\/product"}],"about":[{"href":"https:\/\/eurotrail.info\/de\/wp-json\/wp\/v2\/types\/product"}],"replies":[{"embeddable":true,"href":"https:\/\/eurotrail.info\/de\/wp-json\/wp\/v2\/comments?post=22671"}],"wp:featuredmedia":[{"embeddable":true,"href":"https:\/\/eurotrail.info\/de\/wp-json\/wp\/v2\/media\/22637"}],"wp:attachment":[{"href":"https:\/\/eurotrail.info\/de\/wp-json\/wp\/v2\/media?parent=22671"}],"wp:term":[{"taxonomy":"product_brand","embeddable":true,"href":"https:\/\/eurotrail.info\/de\/wp-json\/wp\/v2\/product_brand?post=22671"},{"taxonomy":"product_cat","embeddable":true,"href":"https:\/\/eurotrail.info\/de\/wp-json\/wp\/v2\/product_cat?post=22671"},{"taxonomy":"product_tag","embeddable":true,"href":"https:\/\/eurotrail.info\/de\/wp-json\/wp\/v2\/product_tag?post=22671"}],"curies":[{"name":"wp","href":"https:\/\/api.w.org\/{rel}","templated":true}]}}