{"id":2268,"date":"2017-01-03T14:07:26","date_gmt":"2017-01-03T13:07:26","guid":{"rendered":"http:\/\/preview.eurotrail.info\/producten\/alabama-btc-2\/"},"modified":"2022-05-02T16:15:00","modified_gmt":"2022-05-02T15:15:00","slug":"alabama-btc-2","status":"publish","type":"product","link":"https:\/\/eurotrail.info\/de\/producten\/zelte\/atmungsaktive-baumwolle-mischgewebe\/alabama-btc-2\/","title":{"rendered":"Alabama BTC"},"content":{"rendered":"<p>Familienzelt aus atmungsaktives Baumwoll\/Mischgewebe und geeignet f\u00fcr 4 bis 5 Personen.<br \/>\nGro\u00dfen Wohnbereich mit gro\u00dfen Klarsichtfenster rundum f\u00fcr einen sch\u00f6ne Panoramablick. Die Seitent\u00fcr mit Wetterdach und einem Moskitonetz T\u00fcr um frische Luft hereinzulassen. Die Vorderwand ist eine praktische D-T\u00fcr (das Bild zeigt eine gerade T\u00fcr) und hat gro\u00dfe Fenster. Festes Vorderdach sch\u00fctzt vor schlechtem Wetter, sondern bietet Ihnen auch einen perfekten Schatten Platz zum Sitzen und Entspannen.<br \/>\nVoll eingen\u00e4hte Bodenplane. Innenzelt mit Organizer in der Frontwand sowie Privattaschen im Innenzelt und Trennwand.<br \/>\nZeltteppich ist optional erh\u00e4ltlich.<\/p>\n<p>Au\u03b2enhaut: Atmungsaktives 65% Polyester \/ 35% Baumwollmischgewebe<br \/>\nFarbe: Beige\/Dunkel Grau<br \/>\nInnenzelt: Atmungsactive Baumwollemischgewebe<br \/>\nBoden: PE-Gewebe<br \/>\nGest\u00e4nge: Fiberglas 12.7 mm<br \/>\nH\u00f6he: 200cm<br \/>\nGewicht: 21.7 kg.<br \/>\nPackma\u03b2: 80x31x34cm<\/p>\n<p><a href=\"https:\/\/eurotrail.info\/wp\/wp-content\/uploads\/2017\/01\/Manual-Aufbauanleitung-Opzetschema-1-Alabama-BTC.pdf\">Manual-Aufbauanleitung-Opzetschema 1 Alabama BTC<\/a><br \/>\n<a href=\"https:\/\/eurotrail.info\/wp\/wp-content\/uploads\/2017\/01\/Manual-Aufbauanleitung-Opzetschema-2-Alabama-BTC.pdf\">Manual-Aufbauanleitung-Opzetschema 2 Alabama BTC<\/a><\/p>\n","protected":false},"excerpt":{"rendered":"<p>Familienzelt aus atmungsaktives Baumwoll\/Mischgewebe und geeignet f\u00fcr 4 bis 5 Personen. Gro\u00dfen Wohnbereich mit gro\u00dfen Klarsichtfenster rundum f\u00fcr einen sch\u00f6ne Panoramablick. Die Seitent\u00fcr mit Wetterdach&hellip;<\/p>\n","protected":false},"featured_media":15349,"comment_status":"open","ping_status":"closed","template":"","meta":{"_acf_changed":false},"product_brand":[],"product_cat":[219,98],"product_tag":[],"class_list":{"0":"post-2268","1":"product","2":"type-product","3":"status-publish","4":"has-post-thumbnail","6":"product_cat-atmungsaktive-baumwolle-mischgewebe","7":"product_cat-zelte","9":"first","10":"instock","11":"shipping-taxable","12":"product-type-simple"},"acf":[],"yoast_head":"<!-- This site is optimized with the Yoast SEO plugin v27.4 - https:\/\/yoast.com\/product\/yoast-seo-wordpress\/ -->\n<title>Alabama BTC - Eurotrail<\/title>\n<meta name=\"robots\" content=\"index, follow, max-snippet:-1, max-image-preview:large, max-video-preview:-1\" \/>\n<link rel=\"canonical\" href=\"https:\/\/eurotrail.info\/de\/producten\/zelte\/atmungsaktive-baumwolle-mischgewebe\/alabama-btc-2\/\" \/>\n<meta property=\"og:locale\" content=\"de_DE\" \/>\n<meta property=\"og:type\" content=\"article\" \/>\n<meta property=\"og:title\" content=\"Alabama BTC - Eurotrail\" \/>\n<meta property=\"og:description\" content=\"Familienzelt aus atmungsaktives Baumwoll\/Mischgewebe und geeignet f\u00fcr 4 bis 5 Personen. Gro\u00dfen Wohnbereich mit gro\u00dfen Klarsichtfenster rundum f\u00fcr einen sch\u00f6ne Panoramablick. Die Seitent\u00fcr mit Wetterdach&hellip;\" \/>\n<meta property=\"og:url\" content=\"https:\/\/eurotrail.info\/de\/producten\/zelte\/atmungsaktive-baumwolle-mischgewebe\/alabama-btc-2\/\" \/>\n<meta property=\"og:site_name\" content=\"Eurotrail\" \/>\n<meta property=\"article:modified_time\" content=\"2022-05-02T15:15:00+00:00\" \/>\n<meta property=\"og:image\" content=\"https:\/\/eurotrail.info\/wp\/wp-content\/uploads\/2017\/01\/ETTE0885_2704_5-1280x974.jpg\" \/>\n\t<meta property=\"og:image:width\" content=\"1280\" \/>\n\t<meta property=\"og:image:height\" content=\"974\" \/>\n\t<meta property=\"og:image:type\" content=\"image\/jpeg\" \/>\n<meta name=\"twitter:card\" content=\"summary_large_image\" \/>\n<meta name=\"twitter:label1\" content=\"Gesch\u00e4tzte Lesezeit\" \/>\n\t<meta name=\"twitter:data1\" content=\"1\u00a0Minute\" \/>\n<script type=\"application\/ld+json\" class=\"yoast-schema-graph\">{\"@context\":\"https:\\\/\\\/schema.org\",\"@graph\":[{\"@type\":\"WebPage\",\"@id\":\"https:\\\/\\\/eurotrail.info\\\/de\\\/producten\\\/zelte\\\/atmungsaktive-baumwolle-mischgewebe\\\/alabama-btc-2\\\/\",\"url\":\"https:\\\/\\\/eurotrail.info\\\/de\\\/producten\\\/zelte\\\/atmungsaktive-baumwolle-mischgewebe\\\/alabama-btc-2\\\/\",\"name\":\"Alabama BTC - Eurotrail\",\"isPartOf\":{\"@id\":\"https:\\\/\\\/eurotrail.info\\\/#website\"},\"primaryImageOfPage\":{\"@id\":\"https:\\\/\\\/eurotrail.info\\\/de\\\/producten\\\/zelte\\\/atmungsaktive-baumwolle-mischgewebe\\\/alabama-btc-2\\\/#primaryimage\"},\"image\":{\"@id\":\"https:\\\/\\\/eurotrail.info\\\/de\\\/producten\\\/zelte\\\/atmungsaktive-baumwolle-mischgewebe\\\/alabama-btc-2\\\/#primaryimage\"},\"thumbnailUrl\":\"https:\\\/\\\/eurotrail.info\\\/wp\\\/wp-content\\\/uploads\\\/2017\\\/01\\\/ETTE0885_2704_5.jpg\",\"datePublished\":\"2017-01-03T13:07:26+00:00\",\"dateModified\":\"2022-05-02T15:15:00+00:00\",\"breadcrumb\":{\"@id\":\"https:\\\/\\\/eurotrail.info\\\/de\\\/producten\\\/zelte\\\/atmungsaktive-baumwolle-mischgewebe\\\/alabama-btc-2\\\/#breadcrumb\"},\"inLanguage\":\"de\",\"potentialAction\":[{\"@type\":\"ReadAction\",\"target\":[\"https:\\\/\\\/eurotrail.info\\\/de\\\/producten\\\/zelte\\\/atmungsaktive-baumwolle-mischgewebe\\\/alabama-btc-2\\\/\"]}]},{\"@type\":\"ImageObject\",\"inLanguage\":\"de\",\"@id\":\"https:\\\/\\\/eurotrail.info\\\/de\\\/producten\\\/zelte\\\/atmungsaktive-baumwolle-mischgewebe\\\/alabama-btc-2\\\/#primaryimage\",\"url\":\"https:\\\/\\\/eurotrail.info\\\/wp\\\/wp-content\\\/uploads\\\/2017\\\/01\\\/ETTE0885_2704_5.jpg\",\"contentUrl\":\"https:\\\/\\\/eurotrail.info\\\/wp\\\/wp-content\\\/uploads\\\/2017\\\/01\\\/ETTE0885_2704_5.jpg\",\"width\":1772,\"height\":1349,\"caption\":\"Eurotrail Alabama BTC\"},{\"@type\":\"BreadcrumbList\",\"@id\":\"https:\\\/\\\/eurotrail.info\\\/de\\\/producten\\\/zelte\\\/atmungsaktive-baumwolle-mischgewebe\\\/alabama-btc-2\\\/#breadcrumb\",\"itemListElement\":[{\"@type\":\"ListItem\",\"position\":1,\"name\":\"Home\",\"item\":\"https:\\\/\\\/eurotrail.info\\\/de\\\/\"},{\"@type\":\"ListItem\",\"position\":2,\"name\":\"Produkte\",\"item\":\"https:\\\/\\\/eurotrail.info\\\/de\\\/produkte\\\/\"},{\"@type\":\"ListItem\",\"position\":3,\"name\":\"Alabama BTC\"}]},{\"@type\":\"WebSite\",\"@id\":\"https:\\\/\\\/eurotrail.info\\\/#website\",\"url\":\"https:\\\/\\\/eurotrail.info\\\/\",\"name\":\"Eurotrail\",\"description\":\"\",\"publisher\":{\"@id\":\"https:\\\/\\\/eurotrail.info\\\/#organization\"},\"potentialAction\":[{\"@type\":\"SearchAction\",\"target\":{\"@type\":\"EntryPoint\",\"urlTemplate\":\"https:\\\/\\\/eurotrail.info\\\/?s={search_term_string}\"},\"query-input\":{\"@type\":\"PropertyValueSpecification\",\"valueRequired\":true,\"valueName\":\"search_term_string\"}}],\"inLanguage\":\"de\"},{\"@type\":\"Organization\",\"@id\":\"https:\\\/\\\/eurotrail.info\\\/#organization\",\"name\":\"Eurotrail\",\"url\":\"https:\\\/\\\/eurotrail.info\\\/\",\"logo\":{\"@type\":\"ImageObject\",\"inLanguage\":\"de\",\"@id\":\"https:\\\/\\\/eurotrail.info\\\/#\\\/schema\\\/logo\\\/image\\\/\",\"url\":\"https:\\\/\\\/eurotrail.info\\\/wp\\\/wp-content\\\/uploads\\\/2023\\\/07\\\/ET-logo-quote_NL-scaled.jpg\",\"contentUrl\":\"https:\\\/\\\/eurotrail.info\\\/wp\\\/wp-content\\\/uploads\\\/2023\\\/07\\\/ET-logo-quote_NL-scaled.jpg\",\"width\":2560,\"height\":675,\"caption\":\"Eurotrail\"},\"image\":{\"@id\":\"https:\\\/\\\/eurotrail.info\\\/#\\\/schema\\\/logo\\\/image\\\/\"}}]}<\/script>\n<!-- \/ Yoast SEO plugin. -->","yoast_head_json":{"title":"Alabama BTC - Eurotrail","robots":{"index":"index","follow":"follow","max-snippet":"max-snippet:-1","max-image-preview":"max-image-preview:large","max-video-preview":"max-video-preview:-1"},"canonical":"https:\/\/eurotrail.info\/de\/producten\/zelte\/atmungsaktive-baumwolle-mischgewebe\/alabama-btc-2\/","og_locale":"de_DE","og_type":"article","og_title":"Alabama BTC - Eurotrail","og_description":"Familienzelt aus atmungsaktives Baumwoll\/Mischgewebe und geeignet f\u00fcr 4 bis 5 Personen. Gro\u00dfen Wohnbereich mit gro\u00dfen Klarsichtfenster rundum f\u00fcr einen sch\u00f6ne Panoramablick. Die Seitent\u00fcr mit Wetterdach&hellip;","og_url":"https:\/\/eurotrail.info\/de\/producten\/zelte\/atmungsaktive-baumwolle-mischgewebe\/alabama-btc-2\/","og_site_name":"Eurotrail","article_modified_time":"2022-05-02T15:15:00+00:00","og_image":[{"width":1280,"height":974,"url":"https:\/\/eurotrail.info\/wp\/wp-content\/uploads\/2017\/01\/ETTE0885_2704_5-1280x974.jpg","type":"image\/jpeg"}],"twitter_card":"summary_large_image","twitter_misc":{"Gesch\u00e4tzte Lesezeit":"1\u00a0Minute"},"schema":{"@context":"https:\/\/schema.org","@graph":[{"@type":"WebPage","@id":"https:\/\/eurotrail.info\/de\/producten\/zelte\/atmungsaktive-baumwolle-mischgewebe\/alabama-btc-2\/","url":"https:\/\/eurotrail.info\/de\/producten\/zelte\/atmungsaktive-baumwolle-mischgewebe\/alabama-btc-2\/","name":"Alabama BTC - Eurotrail","isPartOf":{"@id":"https:\/\/eurotrail.info\/#website"},"primaryImageOfPage":{"@id":"https:\/\/eurotrail.info\/de\/producten\/zelte\/atmungsaktive-baumwolle-mischgewebe\/alabama-btc-2\/#primaryimage"},"image":{"@id":"https:\/\/eurotrail.info\/de\/producten\/zelte\/atmungsaktive-baumwolle-mischgewebe\/alabama-btc-2\/#primaryimage"},"thumbnailUrl":"https:\/\/eurotrail.info\/wp\/wp-content\/uploads\/2017\/01\/ETTE0885_2704_5.jpg","datePublished":"2017-01-03T13:07:26+00:00","dateModified":"2022-05-02T15:15:00+00:00","breadcrumb":{"@id":"https:\/\/eurotrail.info\/de\/producten\/zelte\/atmungsaktive-baumwolle-mischgewebe\/alabama-btc-2\/#breadcrumb"},"inLanguage":"de","potentialAction":[{"@type":"ReadAction","target":["https:\/\/eurotrail.info\/de\/producten\/zelte\/atmungsaktive-baumwolle-mischgewebe\/alabama-btc-2\/"]}]},{"@type":"ImageObject","inLanguage":"de","@id":"https:\/\/eurotrail.info\/de\/producten\/zelte\/atmungsaktive-baumwolle-mischgewebe\/alabama-btc-2\/#primaryimage","url":"https:\/\/eurotrail.info\/wp\/wp-content\/uploads\/2017\/01\/ETTE0885_2704_5.jpg","contentUrl":"https:\/\/eurotrail.info\/wp\/wp-content\/uploads\/2017\/01\/ETTE0885_2704_5.jpg","width":1772,"height":1349,"caption":"Eurotrail Alabama BTC"},{"@type":"BreadcrumbList","@id":"https:\/\/eurotrail.info\/de\/producten\/zelte\/atmungsaktive-baumwolle-mischgewebe\/alabama-btc-2\/#breadcrumb","itemListElement":[{"@type":"ListItem","position":1,"name":"Home","item":"https:\/\/eurotrail.info\/de\/"},{"@type":"ListItem","position":2,"name":"Produkte","item":"https:\/\/eurotrail.info\/de\/produkte\/"},{"@type":"ListItem","position":3,"name":"Alabama BTC"}]},{"@type":"WebSite","@id":"https:\/\/eurotrail.info\/#website","url":"https:\/\/eurotrail.info\/","name":"Eurotrail","description":"","publisher":{"@id":"https:\/\/eurotrail.info\/#organization"},"potentialAction":[{"@type":"SearchAction","target":{"@type":"EntryPoint","urlTemplate":"https:\/\/eurotrail.info\/?s={search_term_string}"},"query-input":{"@type":"PropertyValueSpecification","valueRequired":true,"valueName":"search_term_string"}}],"inLanguage":"de"},{"@type":"Organization","@id":"https:\/\/eurotrail.info\/#organization","name":"Eurotrail","url":"https:\/\/eurotrail.info\/","logo":{"@type":"ImageObject","inLanguage":"de","@id":"https:\/\/eurotrail.info\/#\/schema\/logo\/image\/","url":"https:\/\/eurotrail.info\/wp\/wp-content\/uploads\/2023\/07\/ET-logo-quote_NL-scaled.jpg","contentUrl":"https:\/\/eurotrail.info\/wp\/wp-content\/uploads\/2023\/07\/ET-logo-quote_NL-scaled.jpg","width":2560,"height":675,"caption":"Eurotrail"},"image":{"@id":"https:\/\/eurotrail.info\/#\/schema\/logo\/image\/"}}]}},"_links":{"self":[{"href":"https:\/\/eurotrail.info\/de\/wp-json\/wp\/v2\/product\/2268","targetHints":{"allow":["GET"]}}],"collection":[{"href":"https:\/\/eurotrail.info\/de\/wp-json\/wp\/v2\/product"}],"about":[{"href":"https:\/\/eurotrail.info\/de\/wp-json\/wp\/v2\/types\/product"}],"replies":[{"embeddable":true,"href":"https:\/\/eurotrail.info\/de\/wp-json\/wp\/v2\/comments?post=2268"}],"wp:featuredmedia":[{"embeddable":true,"href":"https:\/\/eurotrail.info\/de\/wp-json\/wp\/v2\/media\/15349"}],"wp:attachment":[{"href":"https:\/\/eurotrail.info\/de\/wp-json\/wp\/v2\/media?parent=2268"}],"wp:term":[{"taxonomy":"product_brand","embeddable":true,"href":"https:\/\/eurotrail.info\/de\/wp-json\/wp\/v2\/product_brand?post=2268"},{"taxonomy":"product_cat","embeddable":true,"href":"https:\/\/eurotrail.info\/de\/wp-json\/wp\/v2\/product_cat?post=2268"},{"taxonomy":"product_tag","embeddable":true,"href":"https:\/\/eurotrail.info\/de\/wp-json\/wp\/v2\/product_tag?post=2268"}],"curies":[{"name":"wp","href":"https:\/\/api.w.org\/{rel}","templated":true}]}}