{"id":22714,"date":"2025-01-27T14:22:26","date_gmt":"2025-01-27T13:22:26","guid":{"rendered":"https:\/\/eurotrail.info\/?post_type=product&#038;p=22714"},"modified":"2026-03-09T11:06:38","modified_gmt":"2026-03-09T10:06:38","slug":"sisteron-klappstuhl-mit-beistelltisch","status":"publish","type":"product","link":"https:\/\/eurotrail.info\/de\/producten\/campingmoebel\/faltmoebel\/sisteron-klappstuhl-mit-beistelltisch\/","title":{"rendered":"Sisteron Klappstuhl mit Beistelltisch"},"content":{"rendered":"<h5>Sisteron Klappstuhl mit Seitentisch \u2013 Kompakt, schlank und bequem<\/h5>\n<p>Der Sisteron ist der ideale Klappstuhl f\u00fcr Camper, die clever packen m\u00f6chten. Dieser praktische Campingstuhl ist mit einem praktischen Seitentisch mit integriertem Getr\u00e4nkehalter ausgestattet \u2013 perfekt f\u00fcr Ihren Kaffee in der Morgensonne oder ein Getr\u00e4nk am Lagerfeuer.<\/p>\n<p>Dank des cleveren Klappsystems l\u00e4sst sich der Stuhl in wenigen Sekunden zu einem sehr kompakten Paket zusammenklappen. Durch sein minimales Packvolumen eignet sich der Sisteron besonders f\u00fcr Dachzeltcamper und Reisende, bei denen jeder Zentimeter Stauraum z\u00e4hlt. Die Aufbewahrung im Auto, in der Dachbox oder im Staufach ist kein Problem.<\/p>\n<p>Warum sollten Sie sich f\u00fcr den Sisteron entscheiden?<br \/>\n\u2714 Praktischer Seitentisch mit Getr\u00e4nkehalter<br \/>\n\u2714 Schnell und einfach zusammenklappbar<br \/>\n\u2714 Sehr kompakt zu verstauen<br \/>\n\u2714 Stabiler Aluminium- und Stahlrahmen mit langlebiger Pulverbeschichtung<br \/>\n\u2714 Kunststoffschutz an jedem Stuhlbein<br \/>\n\u2714 Mit Tragegriff ausgestattet<br \/>\n\u2714 Inklusive praktischer Tragetasche<\/p>\n<p>Ob Sie mit dem Dachzelt auf Abenteuerreise gehen oder mit begrenztem Stauraum kompakt campen \u2013 der Sisteron bietet Komfort ohne Kompromisse beim Packvolumen.<\/p>\n<p>Material: 600D\/PVC Polyester<br \/>\nGestell: Aluminium Ovalrohr 30x16mm<br \/>\nGr\u00f6\u00dfe: 56x50x97cm<br \/>\nZusammengeklappt: 56x49x15cm<br \/>\nGewicht: 5,6 kg.<br \/>\nMax. Belastung: 120 kg<\/p>\n","protected":false},"excerpt":{"rendered":"<p>Sisteron Klappstuhl mit Seitentisch \u2013 Kompakt, schlank und bequem Der Sisteron ist der ideale Klappstuhl f\u00fcr Camper, die clever packen m\u00f6chten. Dieser praktische Campingstuhl ist&hellip;<\/p>\n","protected":false},"featured_media":22677,"comment_status":"open","ping_status":"closed","template":"","meta":{"_acf_changed":false},"product_brand":[],"product_cat":[82,89],"product_tag":[],"class_list":{"0":"post-22714","1":"product","2":"type-product","3":"status-publish","4":"has-post-thumbnail","6":"product_cat-campingmoebel","7":"product_cat-faltmoebel","9":"first","10":"instock","11":"shipping-taxable","12":"product-type-simple"},"acf":[],"yoast_head":"<!-- This site is optimized with the Yoast SEO plugin v27.4 - https:\/\/yoast.com\/product\/yoast-seo-wordpress\/ -->\n<title>Sisteron Klappstuhl mit Beistelltisch - Eurotrail<\/title>\n<meta name=\"description\" content=\"Praktischer Klappstuhl mit praktischem Seitentisch mit Becherhalter. Dieser Stuhl l\u00e4sst sich leicht zu einem kompakten Paket\" \/>\n<meta name=\"robots\" content=\"index, follow, max-snippet:-1, max-image-preview:large, max-video-preview:-1\" \/>\n<link rel=\"canonical\" href=\"https:\/\/eurotrail.info\/de\/producten\/campingmoebel\/faltmoebel\/sisteron-klappstuhl-mit-beistelltisch\/\" \/>\n<meta property=\"og:locale\" content=\"de_DE\" \/>\n<meta property=\"og:type\" content=\"article\" \/>\n<meta property=\"og:title\" content=\"Sisteron Klappstuhl mit Beistelltisch - Eurotrail\" \/>\n<meta property=\"og:description\" content=\"Praktischer Klappstuhl mit praktischem Seitentisch mit Becherhalter. Dieser Stuhl l\u00e4sst sich leicht zu einem kompakten Paket\" \/>\n<meta property=\"og:url\" content=\"https:\/\/eurotrail.info\/de\/producten\/campingmoebel\/faltmoebel\/sisteron-klappstuhl-mit-beistelltisch\/\" \/>\n<meta property=\"og:site_name\" content=\"Eurotrail\" \/>\n<meta property=\"article:modified_time\" content=\"2026-03-09T10:06:38+00:00\" \/>\n<meta property=\"og:image\" content=\"https:\/\/eurotrail.info\/wp\/wp-content\/uploads\/2025\/01\/ETCF1621-Sisteron_24-scaled.jpg\" \/>\n\t<meta property=\"og:image:width\" content=\"2054\" \/>\n\t<meta property=\"og:image:height\" content=\"2560\" \/>\n\t<meta property=\"og:image:type\" content=\"image\/jpeg\" \/>\n<meta name=\"twitter:card\" content=\"summary_large_image\" \/>\n<meta name=\"twitter:label1\" content=\"Gesch\u00e4tzte Lesezeit\" \/>\n\t<meta name=\"twitter:data1\" content=\"2\u00a0Minuten\" \/>\n<script type=\"application\/ld+json\" class=\"yoast-schema-graph\">{\"@context\":\"https:\\\/\\\/schema.org\",\"@graph\":[{\"@type\":\"WebPage\",\"@id\":\"https:\\\/\\\/eurotrail.info\\\/de\\\/producten\\\/campingmoebel\\\/faltmoebel\\\/sisteron-klappstuhl-mit-beistelltisch\\\/\",\"url\":\"https:\\\/\\\/eurotrail.info\\\/de\\\/producten\\\/campingmoebel\\\/faltmoebel\\\/sisteron-klappstuhl-mit-beistelltisch\\\/\",\"name\":\"Sisteron Klappstuhl mit Beistelltisch - Eurotrail\",\"isPartOf\":{\"@id\":\"https:\\\/\\\/eurotrail.info\\\/#website\"},\"primaryImageOfPage\":{\"@id\":\"https:\\\/\\\/eurotrail.info\\\/de\\\/producten\\\/campingmoebel\\\/faltmoebel\\\/sisteron-klappstuhl-mit-beistelltisch\\\/#primaryimage\"},\"image\":{\"@id\":\"https:\\\/\\\/eurotrail.info\\\/de\\\/producten\\\/campingmoebel\\\/faltmoebel\\\/sisteron-klappstuhl-mit-beistelltisch\\\/#primaryimage\"},\"thumbnailUrl\":\"https:\\\/\\\/eurotrail.info\\\/wp\\\/wp-content\\\/uploads\\\/2025\\\/01\\\/ETCF1621-Sisteron_24-scaled.jpg\",\"datePublished\":\"2025-01-27T13:22:26+00:00\",\"dateModified\":\"2026-03-09T10:06:38+00:00\",\"description\":\"Praktischer Klappstuhl mit praktischem Seitentisch mit Becherhalter. Dieser Stuhl l\u00e4sst sich leicht zu einem kompakten Paket\",\"breadcrumb\":{\"@id\":\"https:\\\/\\\/eurotrail.info\\\/de\\\/producten\\\/campingmoebel\\\/faltmoebel\\\/sisteron-klappstuhl-mit-beistelltisch\\\/#breadcrumb\"},\"inLanguage\":\"de\",\"potentialAction\":[{\"@type\":\"ReadAction\",\"target\":[\"https:\\\/\\\/eurotrail.info\\\/de\\\/producten\\\/campingmoebel\\\/faltmoebel\\\/sisteron-klappstuhl-mit-beistelltisch\\\/\"]}]},{\"@type\":\"ImageObject\",\"inLanguage\":\"de\",\"@id\":\"https:\\\/\\\/eurotrail.info\\\/de\\\/producten\\\/campingmoebel\\\/faltmoebel\\\/sisteron-klappstuhl-mit-beistelltisch\\\/#primaryimage\",\"url\":\"https:\\\/\\\/eurotrail.info\\\/wp\\\/wp-content\\\/uploads\\\/2025\\\/01\\\/ETCF1621-Sisteron_24-scaled.jpg\",\"contentUrl\":\"https:\\\/\\\/eurotrail.info\\\/wp\\\/wp-content\\\/uploads\\\/2025\\\/01\\\/ETCF1621-Sisteron_24-scaled.jpg\",\"width\":2054,\"height\":2560,\"caption\":\"Praktische klapstoel met handig zijtafeltje met bekerhouder.\"},{\"@type\":\"BreadcrumbList\",\"@id\":\"https:\\\/\\\/eurotrail.info\\\/de\\\/producten\\\/campingmoebel\\\/faltmoebel\\\/sisteron-klappstuhl-mit-beistelltisch\\\/#breadcrumb\",\"itemListElement\":[{\"@type\":\"ListItem\",\"position\":1,\"name\":\"Home\",\"item\":\"https:\\\/\\\/eurotrail.info\\\/de\\\/\"},{\"@type\":\"ListItem\",\"position\":2,\"name\":\"Produkte\",\"item\":\"https:\\\/\\\/eurotrail.info\\\/de\\\/produkte\\\/\"},{\"@type\":\"ListItem\",\"position\":3,\"name\":\"Sisteron Klappstuhl mit Beistelltisch\"}]},{\"@type\":\"WebSite\",\"@id\":\"https:\\\/\\\/eurotrail.info\\\/#website\",\"url\":\"https:\\\/\\\/eurotrail.info\\\/\",\"name\":\"Eurotrail\",\"description\":\"\",\"publisher\":{\"@id\":\"https:\\\/\\\/eurotrail.info\\\/#organization\"},\"potentialAction\":[{\"@type\":\"SearchAction\",\"target\":{\"@type\":\"EntryPoint\",\"urlTemplate\":\"https:\\\/\\\/eurotrail.info\\\/?s={search_term_string}\"},\"query-input\":{\"@type\":\"PropertyValueSpecification\",\"valueRequired\":true,\"valueName\":\"search_term_string\"}}],\"inLanguage\":\"de\"},{\"@type\":\"Organization\",\"@id\":\"https:\\\/\\\/eurotrail.info\\\/#organization\",\"name\":\"Eurotrail\",\"url\":\"https:\\\/\\\/eurotrail.info\\\/\",\"logo\":{\"@type\":\"ImageObject\",\"inLanguage\":\"de\",\"@id\":\"https:\\\/\\\/eurotrail.info\\\/#\\\/schema\\\/logo\\\/image\\\/\",\"url\":\"https:\\\/\\\/eurotrail.info\\\/wp\\\/wp-content\\\/uploads\\\/2023\\\/07\\\/ET-logo-quote_NL-scaled.jpg\",\"contentUrl\":\"https:\\\/\\\/eurotrail.info\\\/wp\\\/wp-content\\\/uploads\\\/2023\\\/07\\\/ET-logo-quote_NL-scaled.jpg\",\"width\":2560,\"height\":675,\"caption\":\"Eurotrail\"},\"image\":{\"@id\":\"https:\\\/\\\/eurotrail.info\\\/#\\\/schema\\\/logo\\\/image\\\/\"}}]}<\/script>\n<!-- \/ Yoast SEO plugin. -->","yoast_head_json":{"title":"Sisteron Klappstuhl mit Beistelltisch - Eurotrail","description":"Praktischer Klappstuhl mit praktischem Seitentisch mit Becherhalter. Dieser Stuhl l\u00e4sst sich leicht zu einem kompakten Paket","robots":{"index":"index","follow":"follow","max-snippet":"max-snippet:-1","max-image-preview":"max-image-preview:large","max-video-preview":"max-video-preview:-1"},"canonical":"https:\/\/eurotrail.info\/de\/producten\/campingmoebel\/faltmoebel\/sisteron-klappstuhl-mit-beistelltisch\/","og_locale":"de_DE","og_type":"article","og_title":"Sisteron Klappstuhl mit Beistelltisch - Eurotrail","og_description":"Praktischer Klappstuhl mit praktischem Seitentisch mit Becherhalter. Dieser Stuhl l\u00e4sst sich leicht zu einem kompakten Paket","og_url":"https:\/\/eurotrail.info\/de\/producten\/campingmoebel\/faltmoebel\/sisteron-klappstuhl-mit-beistelltisch\/","og_site_name":"Eurotrail","article_modified_time":"2026-03-09T10:06:38+00:00","og_image":[{"width":2054,"height":2560,"url":"https:\/\/eurotrail.info\/wp\/wp-content\/uploads\/2025\/01\/ETCF1621-Sisteron_24-scaled.jpg","type":"image\/jpeg"}],"twitter_card":"summary_large_image","twitter_misc":{"Gesch\u00e4tzte Lesezeit":"2\u00a0Minuten"},"schema":{"@context":"https:\/\/schema.org","@graph":[{"@type":"WebPage","@id":"https:\/\/eurotrail.info\/de\/producten\/campingmoebel\/faltmoebel\/sisteron-klappstuhl-mit-beistelltisch\/","url":"https:\/\/eurotrail.info\/de\/producten\/campingmoebel\/faltmoebel\/sisteron-klappstuhl-mit-beistelltisch\/","name":"Sisteron Klappstuhl mit Beistelltisch - Eurotrail","isPartOf":{"@id":"https:\/\/eurotrail.info\/#website"},"primaryImageOfPage":{"@id":"https:\/\/eurotrail.info\/de\/producten\/campingmoebel\/faltmoebel\/sisteron-klappstuhl-mit-beistelltisch\/#primaryimage"},"image":{"@id":"https:\/\/eurotrail.info\/de\/producten\/campingmoebel\/faltmoebel\/sisteron-klappstuhl-mit-beistelltisch\/#primaryimage"},"thumbnailUrl":"https:\/\/eurotrail.info\/wp\/wp-content\/uploads\/2025\/01\/ETCF1621-Sisteron_24-scaled.jpg","datePublished":"2025-01-27T13:22:26+00:00","dateModified":"2026-03-09T10:06:38+00:00","description":"Praktischer Klappstuhl mit praktischem Seitentisch mit Becherhalter. Dieser Stuhl l\u00e4sst sich leicht zu einem kompakten Paket","breadcrumb":{"@id":"https:\/\/eurotrail.info\/de\/producten\/campingmoebel\/faltmoebel\/sisteron-klappstuhl-mit-beistelltisch\/#breadcrumb"},"inLanguage":"de","potentialAction":[{"@type":"ReadAction","target":["https:\/\/eurotrail.info\/de\/producten\/campingmoebel\/faltmoebel\/sisteron-klappstuhl-mit-beistelltisch\/"]}]},{"@type":"ImageObject","inLanguage":"de","@id":"https:\/\/eurotrail.info\/de\/producten\/campingmoebel\/faltmoebel\/sisteron-klappstuhl-mit-beistelltisch\/#primaryimage","url":"https:\/\/eurotrail.info\/wp\/wp-content\/uploads\/2025\/01\/ETCF1621-Sisteron_24-scaled.jpg","contentUrl":"https:\/\/eurotrail.info\/wp\/wp-content\/uploads\/2025\/01\/ETCF1621-Sisteron_24-scaled.jpg","width":2054,"height":2560,"caption":"Praktische klapstoel met handig zijtafeltje met bekerhouder."},{"@type":"BreadcrumbList","@id":"https:\/\/eurotrail.info\/de\/producten\/campingmoebel\/faltmoebel\/sisteron-klappstuhl-mit-beistelltisch\/#breadcrumb","itemListElement":[{"@type":"ListItem","position":1,"name":"Home","item":"https:\/\/eurotrail.info\/de\/"},{"@type":"ListItem","position":2,"name":"Produkte","item":"https:\/\/eurotrail.info\/de\/produkte\/"},{"@type":"ListItem","position":3,"name":"Sisteron Klappstuhl mit Beistelltisch"}]},{"@type":"WebSite","@id":"https:\/\/eurotrail.info\/#website","url":"https:\/\/eurotrail.info\/","name":"Eurotrail","description":"","publisher":{"@id":"https:\/\/eurotrail.info\/#organization"},"potentialAction":[{"@type":"SearchAction","target":{"@type":"EntryPoint","urlTemplate":"https:\/\/eurotrail.info\/?s={search_term_string}"},"query-input":{"@type":"PropertyValueSpecification","valueRequired":true,"valueName":"search_term_string"}}],"inLanguage":"de"},{"@type":"Organization","@id":"https:\/\/eurotrail.info\/#organization","name":"Eurotrail","url":"https:\/\/eurotrail.info\/","logo":{"@type":"ImageObject","inLanguage":"de","@id":"https:\/\/eurotrail.info\/#\/schema\/logo\/image\/","url":"https:\/\/eurotrail.info\/wp\/wp-content\/uploads\/2023\/07\/ET-logo-quote_NL-scaled.jpg","contentUrl":"https:\/\/eurotrail.info\/wp\/wp-content\/uploads\/2023\/07\/ET-logo-quote_NL-scaled.jpg","width":2560,"height":675,"caption":"Eurotrail"},"image":{"@id":"https:\/\/eurotrail.info\/#\/schema\/logo\/image\/"}}]}},"_links":{"self":[{"href":"https:\/\/eurotrail.info\/de\/wp-json\/wp\/v2\/product\/22714","targetHints":{"allow":["GET"]}}],"collection":[{"href":"https:\/\/eurotrail.info\/de\/wp-json\/wp\/v2\/product"}],"about":[{"href":"https:\/\/eurotrail.info\/de\/wp-json\/wp\/v2\/types\/product"}],"replies":[{"embeddable":true,"href":"https:\/\/eurotrail.info\/de\/wp-json\/wp\/v2\/comments?post=22714"}],"wp:featuredmedia":[{"embeddable":true,"href":"https:\/\/eurotrail.info\/de\/wp-json\/wp\/v2\/media\/22677"}],"wp:attachment":[{"href":"https:\/\/eurotrail.info\/de\/wp-json\/wp\/v2\/media?parent=22714"}],"wp:term":[{"taxonomy":"product_brand","embeddable":true,"href":"https:\/\/eurotrail.info\/de\/wp-json\/wp\/v2\/product_brand?post=22714"},{"taxonomy":"product_cat","embeddable":true,"href":"https:\/\/eurotrail.info\/de\/wp-json\/wp\/v2\/product_cat?post=22714"},{"taxonomy":"product_tag","embeddable":true,"href":"https:\/\/eurotrail.info\/de\/wp-json\/wp\/v2\/product_tag?post=22714"}],"curies":[{"name":"wp","href":"https:\/\/api.w.org\/{rel}","templated":true}]}}