{"id":22763,"date":"2025-01-27T14:52:46","date_gmt":"2025-01-27T14:11:42","guid":{"rendered":"https:\/\/eurotrail.info\/?post_type=product&#038;p=22763"},"modified":"2025-03-21T09:38:44","modified_gmt":"2025-03-21T08:38:44","slug":"stuhl-mit-abnehmbarer-tischplatte","status":"publish","type":"product","link":"https:\/\/eurotrail.info\/de\/producten\/campingmoebel\/kinderstuhlen\/stuhl-mit-abnehmbarer-tischplatte\/","title":{"rendered":"Poitiers klappbarer Kinderstuhl mit Tischplatte"},"content":{"rendered":"<p>Kindersitz \u2013 Sicher, stabil &amp; praktisch f\u00fcr unterwegs!<\/p>\n<p>Speziell f\u00fcr die kleinen Abenteurer in der Familie! Dieser robuste und stabile Hochstuhl ist perfekt zum Camping, f\u00fcr den Strand oder einen Tagesausflug. Dank des starken Stahlrahmens und des Klappschutzes sitzt Ihr Kind immer sicher und bequem.<\/p>\n<ul>\n<li>Sicher und stabil \u2013 Robuster Stahlrahmen mit H\u00fcftgurt f\u00fcr zus\u00e4tzliche Sicherheit.<\/li>\n<li>Praktischer Klapptisch \u2013 Ideal zum Essen oder Spielen und bei Bedarf einfach zusammenzuklappen.<\/li>\n<li>Einfach zusammenklappbar \u2013 Schnell auf- und zusammenklappbar, mit Klappschutz f\u00fcr zus\u00e4tzliche Sicherheit.<\/li>\n<li>Inklusive Tragetasche \u2013 Nehmen Sie den Sitz m\u00fchelos \u00fcberallhin mit!<\/li>\n<\/ul>\n<p>Mit diesem Hochstuhl hat Ihr Kleines \u00fcberall seinen eigenen Platz, sicher und bequem! \ud83c\udfd5\ufe0f\ud83c\udf7d\ufe0f\ud83c\udf88<\/p>\n<p>Material: 100% Polyester<br \/>\nGestell: 15,5 mm Stahlrohr<br \/>\nAbmessungen: 47x47x83cm<br \/>\nZusammengeklappt: 20x20x83cm<br \/>\nGewicht: 3,2kg.<br \/>\nMax. Belastung: 50kg<\/p>\n","protected":false},"excerpt":{"rendered":"<p>Kindersitz \u2013 Sicher, stabil &amp; praktisch f\u00fcr unterwegs! Speziell f\u00fcr die kleinen Abenteurer in der Familie! Dieser robuste und stabile Hochstuhl ist perfekt zum Camping,&hellip;<\/p>\n","protected":false},"featured_media":22753,"comment_status":"open","ping_status":"closed","template":"","meta":{"_acf_changed":false},"product_brand":[],"product_cat":[82,62],"product_tag":[],"class_list":{"0":"post-22763","1":"product","2":"type-product","3":"status-publish","4":"has-post-thumbnail","6":"product_cat-campingmoebel","7":"product_cat-kinderstuhlen","9":"first","10":"instock","11":"shipping-taxable","12":"product-type-simple"},"acf":[],"yoast_head":"<!-- This site is optimized with the Yoast SEO plugin v27.4 - https:\/\/yoast.com\/product\/yoast-seo-wordpress\/ -->\n<title>Poitiers klappbarer Kinderstuhl mit Tischplatte - Eurotrail<\/title>\n<meta name=\"description\" content=\"Kinderstuhl mit abnehmbarer Tischplatte. Der Poitiers l\u00e4sst sich leicht zu einem handlichen Paket zusammenlegen. Der Sitz ist mit einem 4-Punkt-Gurt\" \/>\n<meta name=\"robots\" content=\"index, follow, max-snippet:-1, max-image-preview:large, max-video-preview:-1\" \/>\n<link rel=\"canonical\" href=\"https:\/\/eurotrail.info\/de\/producten\/campingmoebel\/kinderstuhlen\/stuhl-mit-abnehmbarer-tischplatte\/\" \/>\n<meta property=\"og:locale\" content=\"de_DE\" \/>\n<meta property=\"og:type\" content=\"article\" \/>\n<meta property=\"og:title\" content=\"Poitiers klappbarer Kinderstuhl mit Tischplatte - Eurotrail\" \/>\n<meta property=\"og:description\" content=\"Kinderstuhl mit abnehmbarer Tischplatte. Der Poitiers l\u00e4sst sich leicht zu einem handlichen Paket zusammenlegen. Der Sitz ist mit einem 4-Punkt-Gurt\" \/>\n<meta property=\"og:url\" content=\"https:\/\/eurotrail.info\/de\/producten\/campingmoebel\/kinderstuhlen\/stuhl-mit-abnehmbarer-tischplatte\/\" \/>\n<meta property=\"og:site_name\" content=\"Eurotrail\" \/>\n<meta property=\"article:modified_time\" content=\"2025-03-21T08:38:44+00:00\" \/>\n<meta property=\"og:image\" content=\"https:\/\/eurotrail.info\/wp\/wp-content\/uploads\/2025\/01\/ETCF1601-Poitiers_0400_25-scaled.jpg\" \/>\n\t<meta property=\"og:image:width\" content=\"1616\" \/>\n\t<meta property=\"og:image:height\" content=\"2560\" \/>\n\t<meta property=\"og:image:type\" content=\"image\/jpeg\" \/>\n<meta name=\"twitter:card\" content=\"summary_large_image\" \/>\n<meta name=\"twitter:label1\" content=\"Gesch\u00e4tzte Lesezeit\" \/>\n\t<meta name=\"twitter:data1\" content=\"1\u00a0Minute\" \/>\n<script type=\"application\/ld+json\" class=\"yoast-schema-graph\">{\"@context\":\"https:\\\/\\\/schema.org\",\"@graph\":[{\"@type\":\"WebPage\",\"@id\":\"https:\\\/\\\/eurotrail.info\\\/de\\\/producten\\\/campingmoebel\\\/kinderstuhlen\\\/stuhl-mit-abnehmbarer-tischplatte\\\/\",\"url\":\"https:\\\/\\\/eurotrail.info\\\/de\\\/producten\\\/campingmoebel\\\/kinderstuhlen\\\/stuhl-mit-abnehmbarer-tischplatte\\\/\",\"name\":\"Poitiers klappbarer Kinderstuhl mit Tischplatte - Eurotrail\",\"isPartOf\":{\"@id\":\"https:\\\/\\\/eurotrail.info\\\/#website\"},\"primaryImageOfPage\":{\"@id\":\"https:\\\/\\\/eurotrail.info\\\/de\\\/producten\\\/campingmoebel\\\/kinderstuhlen\\\/stuhl-mit-abnehmbarer-tischplatte\\\/#primaryimage\"},\"image\":{\"@id\":\"https:\\\/\\\/eurotrail.info\\\/de\\\/producten\\\/campingmoebel\\\/kinderstuhlen\\\/stuhl-mit-abnehmbarer-tischplatte\\\/#primaryimage\"},\"thumbnailUrl\":\"https:\\\/\\\/eurotrail.info\\\/wp\\\/wp-content\\\/uploads\\\/2025\\\/01\\\/ETCF1601-Poitiers_0400_25-scaled.jpg\",\"datePublished\":\"2025-01-27T14:11:42+00:00\",\"dateModified\":\"2025-03-21T08:38:44+00:00\",\"description\":\"Kinderstuhl mit abnehmbarer Tischplatte. Der Poitiers l\u00e4sst sich leicht zu einem handlichen Paket zusammenlegen. Der Sitz ist mit einem 4-Punkt-Gurt\",\"breadcrumb\":{\"@id\":\"https:\\\/\\\/eurotrail.info\\\/de\\\/producten\\\/campingmoebel\\\/kinderstuhlen\\\/stuhl-mit-abnehmbarer-tischplatte\\\/#breadcrumb\"},\"inLanguage\":\"de\",\"potentialAction\":[{\"@type\":\"ReadAction\",\"target\":[\"https:\\\/\\\/eurotrail.info\\\/de\\\/producten\\\/campingmoebel\\\/kinderstuhlen\\\/stuhl-mit-abnehmbarer-tischplatte\\\/\"]}]},{\"@type\":\"ImageObject\",\"inLanguage\":\"de\",\"@id\":\"https:\\\/\\\/eurotrail.info\\\/de\\\/producten\\\/campingmoebel\\\/kinderstuhlen\\\/stuhl-mit-abnehmbarer-tischplatte\\\/#primaryimage\",\"url\":\"https:\\\/\\\/eurotrail.info\\\/wp\\\/wp-content\\\/uploads\\\/2025\\\/01\\\/ETCF1601-Poitiers_0400_25-scaled.jpg\",\"contentUrl\":\"https:\\\/\\\/eurotrail.info\\\/wp\\\/wp-content\\\/uploads\\\/2025\\\/01\\\/ETCF1601-Poitiers_0400_25-scaled.jpg\",\"width\":1616,\"height\":2560,\"caption\":\"Praktisch stoeltje met afneembaar tafelblad voor de kleinste van het gezin.\"},{\"@type\":\"BreadcrumbList\",\"@id\":\"https:\\\/\\\/eurotrail.info\\\/de\\\/producten\\\/campingmoebel\\\/kinderstuhlen\\\/stuhl-mit-abnehmbarer-tischplatte\\\/#breadcrumb\",\"itemListElement\":[{\"@type\":\"ListItem\",\"position\":1,\"name\":\"Home\",\"item\":\"https:\\\/\\\/eurotrail.info\\\/de\\\/\"},{\"@type\":\"ListItem\",\"position\":2,\"name\":\"Produkte\",\"item\":\"https:\\\/\\\/eurotrail.info\\\/de\\\/produkte\\\/\"},{\"@type\":\"ListItem\",\"position\":3,\"name\":\"Poitiers klappbarer Kinderstuhl mit Tischplatte\"}]},{\"@type\":\"WebSite\",\"@id\":\"https:\\\/\\\/eurotrail.info\\\/#website\",\"url\":\"https:\\\/\\\/eurotrail.info\\\/\",\"name\":\"Eurotrail\",\"description\":\"\",\"publisher\":{\"@id\":\"https:\\\/\\\/eurotrail.info\\\/#organization\"},\"potentialAction\":[{\"@type\":\"SearchAction\",\"target\":{\"@type\":\"EntryPoint\",\"urlTemplate\":\"https:\\\/\\\/eurotrail.info\\\/?s={search_term_string}\"},\"query-input\":{\"@type\":\"PropertyValueSpecification\",\"valueRequired\":true,\"valueName\":\"search_term_string\"}}],\"inLanguage\":\"de\"},{\"@type\":\"Organization\",\"@id\":\"https:\\\/\\\/eurotrail.info\\\/#organization\",\"name\":\"Eurotrail\",\"url\":\"https:\\\/\\\/eurotrail.info\\\/\",\"logo\":{\"@type\":\"ImageObject\",\"inLanguage\":\"de\",\"@id\":\"https:\\\/\\\/eurotrail.info\\\/#\\\/schema\\\/logo\\\/image\\\/\",\"url\":\"https:\\\/\\\/eurotrail.info\\\/wp\\\/wp-content\\\/uploads\\\/2023\\\/07\\\/ET-logo-quote_NL-scaled.jpg\",\"contentUrl\":\"https:\\\/\\\/eurotrail.info\\\/wp\\\/wp-content\\\/uploads\\\/2023\\\/07\\\/ET-logo-quote_NL-scaled.jpg\",\"width\":2560,\"height\":675,\"caption\":\"Eurotrail\"},\"image\":{\"@id\":\"https:\\\/\\\/eurotrail.info\\\/#\\\/schema\\\/logo\\\/image\\\/\"}}]}<\/script>\n<!-- \/ Yoast SEO plugin. -->","yoast_head_json":{"title":"Poitiers klappbarer Kinderstuhl mit Tischplatte - Eurotrail","description":"Kinderstuhl mit abnehmbarer Tischplatte. Der Poitiers l\u00e4sst sich leicht zu einem handlichen Paket zusammenlegen. Der Sitz ist mit einem 4-Punkt-Gurt","robots":{"index":"index","follow":"follow","max-snippet":"max-snippet:-1","max-image-preview":"max-image-preview:large","max-video-preview":"max-video-preview:-1"},"canonical":"https:\/\/eurotrail.info\/de\/producten\/campingmoebel\/kinderstuhlen\/stuhl-mit-abnehmbarer-tischplatte\/","og_locale":"de_DE","og_type":"article","og_title":"Poitiers klappbarer Kinderstuhl mit Tischplatte - Eurotrail","og_description":"Kinderstuhl mit abnehmbarer Tischplatte. Der Poitiers l\u00e4sst sich leicht zu einem handlichen Paket zusammenlegen. Der Sitz ist mit einem 4-Punkt-Gurt","og_url":"https:\/\/eurotrail.info\/de\/producten\/campingmoebel\/kinderstuhlen\/stuhl-mit-abnehmbarer-tischplatte\/","og_site_name":"Eurotrail","article_modified_time":"2025-03-21T08:38:44+00:00","og_image":[{"width":1616,"height":2560,"url":"https:\/\/eurotrail.info\/wp\/wp-content\/uploads\/2025\/01\/ETCF1601-Poitiers_0400_25-scaled.jpg","type":"image\/jpeg"}],"twitter_card":"summary_large_image","twitter_misc":{"Gesch\u00e4tzte Lesezeit":"1\u00a0Minute"},"schema":{"@context":"https:\/\/schema.org","@graph":[{"@type":"WebPage","@id":"https:\/\/eurotrail.info\/de\/producten\/campingmoebel\/kinderstuhlen\/stuhl-mit-abnehmbarer-tischplatte\/","url":"https:\/\/eurotrail.info\/de\/producten\/campingmoebel\/kinderstuhlen\/stuhl-mit-abnehmbarer-tischplatte\/","name":"Poitiers klappbarer Kinderstuhl mit Tischplatte - Eurotrail","isPartOf":{"@id":"https:\/\/eurotrail.info\/#website"},"primaryImageOfPage":{"@id":"https:\/\/eurotrail.info\/de\/producten\/campingmoebel\/kinderstuhlen\/stuhl-mit-abnehmbarer-tischplatte\/#primaryimage"},"image":{"@id":"https:\/\/eurotrail.info\/de\/producten\/campingmoebel\/kinderstuhlen\/stuhl-mit-abnehmbarer-tischplatte\/#primaryimage"},"thumbnailUrl":"https:\/\/eurotrail.info\/wp\/wp-content\/uploads\/2025\/01\/ETCF1601-Poitiers_0400_25-scaled.jpg","datePublished":"2025-01-27T14:11:42+00:00","dateModified":"2025-03-21T08:38:44+00:00","description":"Kinderstuhl mit abnehmbarer Tischplatte. Der Poitiers l\u00e4sst sich leicht zu einem handlichen Paket zusammenlegen. Der Sitz ist mit einem 4-Punkt-Gurt","breadcrumb":{"@id":"https:\/\/eurotrail.info\/de\/producten\/campingmoebel\/kinderstuhlen\/stuhl-mit-abnehmbarer-tischplatte\/#breadcrumb"},"inLanguage":"de","potentialAction":[{"@type":"ReadAction","target":["https:\/\/eurotrail.info\/de\/producten\/campingmoebel\/kinderstuhlen\/stuhl-mit-abnehmbarer-tischplatte\/"]}]},{"@type":"ImageObject","inLanguage":"de","@id":"https:\/\/eurotrail.info\/de\/producten\/campingmoebel\/kinderstuhlen\/stuhl-mit-abnehmbarer-tischplatte\/#primaryimage","url":"https:\/\/eurotrail.info\/wp\/wp-content\/uploads\/2025\/01\/ETCF1601-Poitiers_0400_25-scaled.jpg","contentUrl":"https:\/\/eurotrail.info\/wp\/wp-content\/uploads\/2025\/01\/ETCF1601-Poitiers_0400_25-scaled.jpg","width":1616,"height":2560,"caption":"Praktisch stoeltje met afneembaar tafelblad voor de kleinste van het gezin."},{"@type":"BreadcrumbList","@id":"https:\/\/eurotrail.info\/de\/producten\/campingmoebel\/kinderstuhlen\/stuhl-mit-abnehmbarer-tischplatte\/#breadcrumb","itemListElement":[{"@type":"ListItem","position":1,"name":"Home","item":"https:\/\/eurotrail.info\/de\/"},{"@type":"ListItem","position":2,"name":"Produkte","item":"https:\/\/eurotrail.info\/de\/produkte\/"},{"@type":"ListItem","position":3,"name":"Poitiers klappbarer Kinderstuhl mit Tischplatte"}]},{"@type":"WebSite","@id":"https:\/\/eurotrail.info\/#website","url":"https:\/\/eurotrail.info\/","name":"Eurotrail","description":"","publisher":{"@id":"https:\/\/eurotrail.info\/#organization"},"potentialAction":[{"@type":"SearchAction","target":{"@type":"EntryPoint","urlTemplate":"https:\/\/eurotrail.info\/?s={search_term_string}"},"query-input":{"@type":"PropertyValueSpecification","valueRequired":true,"valueName":"search_term_string"}}],"inLanguage":"de"},{"@type":"Organization","@id":"https:\/\/eurotrail.info\/#organization","name":"Eurotrail","url":"https:\/\/eurotrail.info\/","logo":{"@type":"ImageObject","inLanguage":"de","@id":"https:\/\/eurotrail.info\/#\/schema\/logo\/image\/","url":"https:\/\/eurotrail.info\/wp\/wp-content\/uploads\/2023\/07\/ET-logo-quote_NL-scaled.jpg","contentUrl":"https:\/\/eurotrail.info\/wp\/wp-content\/uploads\/2023\/07\/ET-logo-quote_NL-scaled.jpg","width":2560,"height":675,"caption":"Eurotrail"},"image":{"@id":"https:\/\/eurotrail.info\/#\/schema\/logo\/image\/"}}]}},"_links":{"self":[{"href":"https:\/\/eurotrail.info\/de\/wp-json\/wp\/v2\/product\/22763","targetHints":{"allow":["GET"]}}],"collection":[{"href":"https:\/\/eurotrail.info\/de\/wp-json\/wp\/v2\/product"}],"about":[{"href":"https:\/\/eurotrail.info\/de\/wp-json\/wp\/v2\/types\/product"}],"replies":[{"embeddable":true,"href":"https:\/\/eurotrail.info\/de\/wp-json\/wp\/v2\/comments?post=22763"}],"wp:featuredmedia":[{"embeddable":true,"href":"https:\/\/eurotrail.info\/de\/wp-json\/wp\/v2\/media\/22753"}],"wp:attachment":[{"href":"https:\/\/eurotrail.info\/de\/wp-json\/wp\/v2\/media?parent=22763"}],"wp:term":[{"taxonomy":"product_brand","embeddable":true,"href":"https:\/\/eurotrail.info\/de\/wp-json\/wp\/v2\/product_brand?post=22763"},{"taxonomy":"product_cat","embeddable":true,"href":"https:\/\/eurotrail.info\/de\/wp-json\/wp\/v2\/product_cat?post=22763"},{"taxonomy":"product_tag","embeddable":true,"href":"https:\/\/eurotrail.info\/de\/wp-json\/wp\/v2\/product_tag?post=22763"}],"curies":[{"name":"wp","href":"https:\/\/api.w.org\/{rel}","templated":true}]}}