{"id":22821,"date":"2025-01-27T15:26:53","date_gmt":"2025-01-27T14:28:57","guid":{"rendered":"https:\/\/eurotrail.info\/?post_type=product&#038;p=22821"},"modified":"2025-03-21T10:00:40","modified_gmt":"2025-03-21T09:00:40","slug":"rouen-zusammenklappbarer-alu-tisch","status":"publish","type":"product","link":"https:\/\/eurotrail.info\/de\/producten\/campingmoebel\/campingtische\/rouen-zusammenklappbarer-alu-tisch\/","title":{"rendered":"Rouen zusammenklappbarer Alu Tisch"},"content":{"rendered":"<p>Klappbarer Campingtisch &#8211; leicht, stabil und wasserdicht!<\/p>\n<p>Ob Sie zelten gehen, ein Picknick planen oder zus\u00e4tzlichen Platz im Garten ben\u00f6tigen &#8211; dieser klappbare Campingtisch ist die perfekte L\u00f6sung. Das leichte Aluminiumgestell und die Tischplatte machen den Tisch stabil, wasserdicht und wetterfest.<\/p>\n<p>Die Beine lassen sich mit Hilfe von Stellschrauben leicht in der H\u00f6he verstellen, so dass der Tisch auch auf unebenem Untergrund immer stabil steht. Wenn Sie fertig sind, klappen Sie den Tisch m\u00fchelos zusammen und nehmen ihn dank des integrierten Griffs einfach mit. Die Aluminiumplatte ist nicht nur leicht, sondern auch pflegeleicht und unempfindlich gegen Feuchtigkeit und Schmutz.<\/p>\n<p>Ob beim Camping oder bei der Gartenparty, dieser praktische und robuste Tisch ist immer eine zuverl\u00e4ssige Basis. Leicht, kompakt und einfach zu transportieren &#8211; ein Muss f\u00fcr jeden Outdoor-Fan!<\/p>\n<p>Abmessungen: 90x60x70cm<br \/>\nGefaltet: 90x60x7cm<br \/>\nMaterial: Alu-Oberplatte<br \/>\nRahmen: Aluminium<br \/>\nGewicht: 4,6 kg.<\/p>\n","protected":false},"excerpt":{"rendered":"<p>Klappbarer Campingtisch &#8211; leicht, stabil und wasserdicht! Ob Sie zelten gehen, ein Picknick planen oder zus\u00e4tzlichen Platz im Garten ben\u00f6tigen &#8211; dieser klappbare Campingtisch ist&hellip;<\/p>\n","protected":false},"featured_media":22803,"comment_status":"open","ping_status":"closed","template":"","meta":{"_acf_changed":false},"product_brand":[],"product_cat":[82,85],"product_tag":[],"class_list":{"0":"post-22821","1":"product","2":"type-product","3":"status-publish","4":"has-post-thumbnail","6":"product_cat-campingmoebel","7":"product_cat-campingtische","9":"first","10":"instock","11":"shipping-taxable","12":"product-type-simple"},"acf":[],"yoast_head":"<!-- This site is optimized with the Yoast SEO plugin v27.3 - https:\/\/yoast.com\/product\/yoast-seo-wordpress\/ -->\n<title>Rouen zusammenklappbarer Alu Tisch - Eurotrail<\/title>\n<meta name=\"description\" content=\"Leichter Aluminiumtisch mit klappbaren Beinen, verstellbaren F\u00fc\u00dfen. Die Oberseite besteht aus einer Aluminiumkonstruktion\" \/>\n<meta name=\"robots\" content=\"index, follow, max-snippet:-1, max-image-preview:large, max-video-preview:-1\" \/>\n<link rel=\"canonical\" href=\"https:\/\/eurotrail.info\/de\/producten\/campingmoebel\/campingtische\/rouen-zusammenklappbarer-alu-tisch\/\" \/>\n<meta property=\"og:locale\" content=\"de_DE\" \/>\n<meta property=\"og:type\" content=\"article\" \/>\n<meta property=\"og:title\" content=\"Rouen zusammenklappbarer Alu Tisch - Eurotrail\" \/>\n<meta property=\"og:description\" content=\"Leichter Aluminiumtisch mit klappbaren Beinen, verstellbaren F\u00fc\u00dfen. Die Oberseite besteht aus einer Aluminiumkonstruktion\" \/>\n<meta property=\"og:url\" content=\"https:\/\/eurotrail.info\/de\/producten\/campingmoebel\/campingtische\/rouen-zusammenklappbarer-alu-tisch\/\" \/>\n<meta property=\"og:site_name\" content=\"Eurotrail\" \/>\n<meta property=\"article:modified_time\" content=\"2025-03-21T09:00:40+00:00\" \/>\n<meta property=\"og:image\" content=\"https:\/\/eurotrail.info\/wp\/wp-content\/uploads\/2025\/01\/ETCF1641-Rouen-Tisch-1.jpg\" \/>\n\t<meta property=\"og:image:width\" content=\"2308\" \/>\n\t<meta property=\"og:image:height\" content=\"2084\" \/>\n\t<meta property=\"og:image:type\" content=\"image\/jpeg\" \/>\n<meta name=\"twitter:card\" content=\"summary_large_image\" \/>\n<meta name=\"twitter:label1\" content=\"Gesch\u00e4tzte Lesezeit\" \/>\n\t<meta name=\"twitter:data1\" content=\"1\u00a0Minute\" \/>\n<script type=\"application\/ld+json\" class=\"yoast-schema-graph\">{\"@context\":\"https:\\\/\\\/schema.org\",\"@graph\":[{\"@type\":\"WebPage\",\"@id\":\"https:\\\/\\\/eurotrail.info\\\/de\\\/producten\\\/campingmoebel\\\/campingtische\\\/rouen-zusammenklappbarer-alu-tisch\\\/\",\"url\":\"https:\\\/\\\/eurotrail.info\\\/de\\\/producten\\\/campingmoebel\\\/campingtische\\\/rouen-zusammenklappbarer-alu-tisch\\\/\",\"name\":\"Rouen zusammenklappbarer Alu Tisch - Eurotrail\",\"isPartOf\":{\"@id\":\"https:\\\/\\\/eurotrail.info\\\/#website\"},\"primaryImageOfPage\":{\"@id\":\"https:\\\/\\\/eurotrail.info\\\/de\\\/producten\\\/campingmoebel\\\/campingtische\\\/rouen-zusammenklappbarer-alu-tisch\\\/#primaryimage\"},\"image\":{\"@id\":\"https:\\\/\\\/eurotrail.info\\\/de\\\/producten\\\/campingmoebel\\\/campingtische\\\/rouen-zusammenklappbarer-alu-tisch\\\/#primaryimage\"},\"thumbnailUrl\":\"https:\\\/\\\/eurotrail.info\\\/wp\\\/wp-content\\\/uploads\\\/2025\\\/01\\\/ETCF1641-Rouen-Tisch-1.jpg\",\"datePublished\":\"2025-01-27T14:28:57+00:00\",\"dateModified\":\"2025-03-21T09:00:40+00:00\",\"description\":\"Leichter Aluminiumtisch mit klappbaren Beinen, verstellbaren F\u00fc\u00dfen. Die Oberseite besteht aus einer Aluminiumkonstruktion\",\"breadcrumb\":{\"@id\":\"https:\\\/\\\/eurotrail.info\\\/de\\\/producten\\\/campingmoebel\\\/campingtische\\\/rouen-zusammenklappbarer-alu-tisch\\\/#breadcrumb\"},\"inLanguage\":\"de\",\"potentialAction\":[{\"@type\":\"ReadAction\",\"target\":[\"https:\\\/\\\/eurotrail.info\\\/de\\\/producten\\\/campingmoebel\\\/campingtische\\\/rouen-zusammenklappbarer-alu-tisch\\\/\"]}]},{\"@type\":\"ImageObject\",\"inLanguage\":\"de\",\"@id\":\"https:\\\/\\\/eurotrail.info\\\/de\\\/producten\\\/campingmoebel\\\/campingtische\\\/rouen-zusammenklappbarer-alu-tisch\\\/#primaryimage\",\"url\":\"https:\\\/\\\/eurotrail.info\\\/wp\\\/wp-content\\\/uploads\\\/2025\\\/01\\\/ETCF1641-Rouen-Tisch-1.jpg\",\"contentUrl\":\"https:\\\/\\\/eurotrail.info\\\/wp\\\/wp-content\\\/uploads\\\/2025\\\/01\\\/ETCF1641-Rouen-Tisch-1.jpg\",\"width\":2308,\"height\":2084,\"caption\":\"Rouen opvouwbare aluminium tafel\"},{\"@type\":\"BreadcrumbList\",\"@id\":\"https:\\\/\\\/eurotrail.info\\\/de\\\/producten\\\/campingmoebel\\\/campingtische\\\/rouen-zusammenklappbarer-alu-tisch\\\/#breadcrumb\",\"itemListElement\":[{\"@type\":\"ListItem\",\"position\":1,\"name\":\"Home\",\"item\":\"https:\\\/\\\/eurotrail.info\\\/de\\\/\"},{\"@type\":\"ListItem\",\"position\":2,\"name\":\"Produkte\",\"item\":\"https:\\\/\\\/eurotrail.info\\\/de\\\/produkte\\\/\"},{\"@type\":\"ListItem\",\"position\":3,\"name\":\"Rouen zusammenklappbarer Alu Tisch\"}]},{\"@type\":\"WebSite\",\"@id\":\"https:\\\/\\\/eurotrail.info\\\/#website\",\"url\":\"https:\\\/\\\/eurotrail.info\\\/\",\"name\":\"Eurotrail\",\"description\":\"\",\"publisher\":{\"@id\":\"https:\\\/\\\/eurotrail.info\\\/#organization\"},\"potentialAction\":[{\"@type\":\"SearchAction\",\"target\":{\"@type\":\"EntryPoint\",\"urlTemplate\":\"https:\\\/\\\/eurotrail.info\\\/?s={search_term_string}\"},\"query-input\":{\"@type\":\"PropertyValueSpecification\",\"valueRequired\":true,\"valueName\":\"search_term_string\"}}],\"inLanguage\":\"de\"},{\"@type\":\"Organization\",\"@id\":\"https:\\\/\\\/eurotrail.info\\\/#organization\",\"name\":\"Eurotrail\",\"url\":\"https:\\\/\\\/eurotrail.info\\\/\",\"logo\":{\"@type\":\"ImageObject\",\"inLanguage\":\"de\",\"@id\":\"https:\\\/\\\/eurotrail.info\\\/#\\\/schema\\\/logo\\\/image\\\/\",\"url\":\"https:\\\/\\\/eurotrail.info\\\/wp\\\/wp-content\\\/uploads\\\/2023\\\/07\\\/ET-logo-quote_NL-scaled.jpg\",\"contentUrl\":\"https:\\\/\\\/eurotrail.info\\\/wp\\\/wp-content\\\/uploads\\\/2023\\\/07\\\/ET-logo-quote_NL-scaled.jpg\",\"width\":2560,\"height\":675,\"caption\":\"Eurotrail\"},\"image\":{\"@id\":\"https:\\\/\\\/eurotrail.info\\\/#\\\/schema\\\/logo\\\/image\\\/\"}}]}<\/script>\n<!-- \/ Yoast SEO plugin. -->","yoast_head_json":{"title":"Rouen zusammenklappbarer Alu Tisch - Eurotrail","description":"Leichter Aluminiumtisch mit klappbaren Beinen, verstellbaren F\u00fc\u00dfen. Die Oberseite besteht aus einer Aluminiumkonstruktion","robots":{"index":"index","follow":"follow","max-snippet":"max-snippet:-1","max-image-preview":"max-image-preview:large","max-video-preview":"max-video-preview:-1"},"canonical":"https:\/\/eurotrail.info\/de\/producten\/campingmoebel\/campingtische\/rouen-zusammenklappbarer-alu-tisch\/","og_locale":"de_DE","og_type":"article","og_title":"Rouen zusammenklappbarer Alu Tisch - Eurotrail","og_description":"Leichter Aluminiumtisch mit klappbaren Beinen, verstellbaren F\u00fc\u00dfen. Die Oberseite besteht aus einer Aluminiumkonstruktion","og_url":"https:\/\/eurotrail.info\/de\/producten\/campingmoebel\/campingtische\/rouen-zusammenklappbarer-alu-tisch\/","og_site_name":"Eurotrail","article_modified_time":"2025-03-21T09:00:40+00:00","og_image":[{"width":2308,"height":2084,"url":"https:\/\/eurotrail.info\/wp\/wp-content\/uploads\/2025\/01\/ETCF1641-Rouen-Tisch-1.jpg","type":"image\/jpeg"}],"twitter_card":"summary_large_image","twitter_misc":{"Gesch\u00e4tzte Lesezeit":"1\u00a0Minute"},"schema":{"@context":"https:\/\/schema.org","@graph":[{"@type":"WebPage","@id":"https:\/\/eurotrail.info\/de\/producten\/campingmoebel\/campingtische\/rouen-zusammenklappbarer-alu-tisch\/","url":"https:\/\/eurotrail.info\/de\/producten\/campingmoebel\/campingtische\/rouen-zusammenklappbarer-alu-tisch\/","name":"Rouen zusammenklappbarer Alu Tisch - Eurotrail","isPartOf":{"@id":"https:\/\/eurotrail.info\/#website"},"primaryImageOfPage":{"@id":"https:\/\/eurotrail.info\/de\/producten\/campingmoebel\/campingtische\/rouen-zusammenklappbarer-alu-tisch\/#primaryimage"},"image":{"@id":"https:\/\/eurotrail.info\/de\/producten\/campingmoebel\/campingtische\/rouen-zusammenklappbarer-alu-tisch\/#primaryimage"},"thumbnailUrl":"https:\/\/eurotrail.info\/wp\/wp-content\/uploads\/2025\/01\/ETCF1641-Rouen-Tisch-1.jpg","datePublished":"2025-01-27T14:28:57+00:00","dateModified":"2025-03-21T09:00:40+00:00","description":"Leichter Aluminiumtisch mit klappbaren Beinen, verstellbaren F\u00fc\u00dfen. Die Oberseite besteht aus einer Aluminiumkonstruktion","breadcrumb":{"@id":"https:\/\/eurotrail.info\/de\/producten\/campingmoebel\/campingtische\/rouen-zusammenklappbarer-alu-tisch\/#breadcrumb"},"inLanguage":"de","potentialAction":[{"@type":"ReadAction","target":["https:\/\/eurotrail.info\/de\/producten\/campingmoebel\/campingtische\/rouen-zusammenklappbarer-alu-tisch\/"]}]},{"@type":"ImageObject","inLanguage":"de","@id":"https:\/\/eurotrail.info\/de\/producten\/campingmoebel\/campingtische\/rouen-zusammenklappbarer-alu-tisch\/#primaryimage","url":"https:\/\/eurotrail.info\/wp\/wp-content\/uploads\/2025\/01\/ETCF1641-Rouen-Tisch-1.jpg","contentUrl":"https:\/\/eurotrail.info\/wp\/wp-content\/uploads\/2025\/01\/ETCF1641-Rouen-Tisch-1.jpg","width":2308,"height":2084,"caption":"Rouen opvouwbare aluminium tafel"},{"@type":"BreadcrumbList","@id":"https:\/\/eurotrail.info\/de\/producten\/campingmoebel\/campingtische\/rouen-zusammenklappbarer-alu-tisch\/#breadcrumb","itemListElement":[{"@type":"ListItem","position":1,"name":"Home","item":"https:\/\/eurotrail.info\/de\/"},{"@type":"ListItem","position":2,"name":"Produkte","item":"https:\/\/eurotrail.info\/de\/produkte\/"},{"@type":"ListItem","position":3,"name":"Rouen zusammenklappbarer Alu Tisch"}]},{"@type":"WebSite","@id":"https:\/\/eurotrail.info\/#website","url":"https:\/\/eurotrail.info\/","name":"Eurotrail","description":"","publisher":{"@id":"https:\/\/eurotrail.info\/#organization"},"potentialAction":[{"@type":"SearchAction","target":{"@type":"EntryPoint","urlTemplate":"https:\/\/eurotrail.info\/?s={search_term_string}"},"query-input":{"@type":"PropertyValueSpecification","valueRequired":true,"valueName":"search_term_string"}}],"inLanguage":"de"},{"@type":"Organization","@id":"https:\/\/eurotrail.info\/#organization","name":"Eurotrail","url":"https:\/\/eurotrail.info\/","logo":{"@type":"ImageObject","inLanguage":"de","@id":"https:\/\/eurotrail.info\/#\/schema\/logo\/image\/","url":"https:\/\/eurotrail.info\/wp\/wp-content\/uploads\/2023\/07\/ET-logo-quote_NL-scaled.jpg","contentUrl":"https:\/\/eurotrail.info\/wp\/wp-content\/uploads\/2023\/07\/ET-logo-quote_NL-scaled.jpg","width":2560,"height":675,"caption":"Eurotrail"},"image":{"@id":"https:\/\/eurotrail.info\/#\/schema\/logo\/image\/"}}]}},"_links":{"self":[{"href":"https:\/\/eurotrail.info\/de\/wp-json\/wp\/v2\/product\/22821","targetHints":{"allow":["GET"]}}],"collection":[{"href":"https:\/\/eurotrail.info\/de\/wp-json\/wp\/v2\/product"}],"about":[{"href":"https:\/\/eurotrail.info\/de\/wp-json\/wp\/v2\/types\/product"}],"replies":[{"embeddable":true,"href":"https:\/\/eurotrail.info\/de\/wp-json\/wp\/v2\/comments?post=22821"}],"wp:featuredmedia":[{"embeddable":true,"href":"https:\/\/eurotrail.info\/de\/wp-json\/wp\/v2\/media\/22803"}],"wp:attachment":[{"href":"https:\/\/eurotrail.info\/de\/wp-json\/wp\/v2\/media?parent=22821"}],"wp:term":[{"taxonomy":"product_brand","embeddable":true,"href":"https:\/\/eurotrail.info\/de\/wp-json\/wp\/v2\/product_brand?post=22821"},{"taxonomy":"product_cat","embeddable":true,"href":"https:\/\/eurotrail.info\/de\/wp-json\/wp\/v2\/product_cat?post=22821"},{"taxonomy":"product_tag","embeddable":true,"href":"https:\/\/eurotrail.info\/de\/wp-json\/wp\/v2\/product_tag?post=22821"}],"curies":[{"name":"wp","href":"https:\/\/api.w.org\/{rel}","templated":true}]}}