{"id":22878,"date":"2025-01-27T16:56:12","date_gmt":"2025-01-27T15:59:05","guid":{"rendered":"https:\/\/eurotrail.info\/?post_type=product&#038;p=22878"},"modified":"2025-01-27T16:59:05","modified_gmt":"2025-01-27T15:59:05","slug":"vienne-klapptisch-aus-aluminium-ist-ideal-fuer-jeden-campingausflug","status":"publish","type":"product","link":"https:\/\/eurotrail.info\/de\/producten\/campingmoebel\/campingtische\/vienne-klapptisch-aus-aluminium-ist-ideal-fuer-jeden-campingausflug\/","title":{"rendered":"Vienne Alu-Klapptisch"},"content":{"rendered":"<p>Aluminium-Klapptisch<br \/>\nDieser praktische Klapptisch aus Aluminium ist ideal f\u00fcr jeden Campingausflug. Dank seines geringen Gewichts und seines kompakten Designs l\u00e4sst er sich leicht verstauen und \u00fcberall hin mitnehmen.<br \/>\nDer Tisch ist einfach zu bedienen und auf zwei H\u00f6hen einstellbar: 45 und 62 cm.<\/p>\n<p>Material: Aluminium<br \/>\nGestell: Aluminium<br \/>\nAbmessungen: 50x48x45\/62cm<br \/>\nZusammengeklappt: 52&#215;54,5&#215;6,5cm<br \/>\nGewicht: 1,95 kg.<br \/>\nMax. Belastung: 25 kg.<\/p>\n","protected":false},"excerpt":{"rendered":"<p>Aluminium-Klapptisch Dieser praktische Klapptisch aus Aluminium ist ideal f\u00fcr jeden Campingausflug. Dank seines geringen Gewichts und seines kompakten Designs l\u00e4sst er sich leicht verstauen und&hellip;<\/p>\n","protected":false},"featured_media":22869,"comment_status":"open","ping_status":"closed","template":"","meta":{"_acf_changed":false},"product_brand":[],"product_cat":[82,85],"product_tag":[],"class_list":{"0":"post-22878","1":"product","2":"type-product","3":"status-publish","4":"has-post-thumbnail","6":"product_cat-campingmoebel","7":"product_cat-campingtische","9":"first","10":"instock","11":"shipping-taxable","12":"product-type-simple"},"acf":[],"yoast_head":"<!-- This site is optimized with the Yoast SEO plugin v27.3 - https:\/\/yoast.com\/product\/yoast-seo-wordpress\/ -->\n<title>Vienne Alu-Klapptisch - Eurotrail<\/title>\n<meta name=\"description\" content=\"Aluminium-KlapptischDieser ist ideal f\u00fcr jeden Campingausflug. Dank seines geringen Gewichts und seines kompakten Designs\" \/>\n<meta name=\"robots\" content=\"index, follow, max-snippet:-1, max-image-preview:large, max-video-preview:-1\" \/>\n<link rel=\"canonical\" href=\"https:\/\/eurotrail.info\/de\/producten\/campingmoebel\/campingtische\/vienne-klapptisch-aus-aluminium-ist-ideal-fuer-jeden-campingausflug\/\" \/>\n<meta property=\"og:locale\" content=\"de_DE\" \/>\n<meta property=\"og:type\" content=\"article\" \/>\n<meta property=\"og:title\" content=\"Vienne Alu-Klapptisch - Eurotrail\" \/>\n<meta property=\"og:description\" content=\"Aluminium-KlapptischDieser ist ideal f\u00fcr jeden Campingausflug. Dank seines geringen Gewichts und seines kompakten Designs\" \/>\n<meta property=\"og:url\" content=\"https:\/\/eurotrail.info\/de\/producten\/campingmoebel\/campingtische\/vienne-klapptisch-aus-aluminium-ist-ideal-fuer-jeden-campingausflug\/\" \/>\n<meta property=\"og:site_name\" content=\"Eurotrail\" \/>\n<meta property=\"og:image\" content=\"https:\/\/eurotrail.info\/wp\/wp-content\/uploads\/2025\/01\/tafel-1f-scaled.jpg\" \/>\n\t<meta property=\"og:image:width\" content=\"1906\" \/>\n\t<meta property=\"og:image:height\" content=\"2560\" \/>\n\t<meta property=\"og:image:type\" content=\"image\/jpeg\" \/>\n<meta name=\"twitter:card\" content=\"summary_large_image\" \/>\n<meta name=\"twitter:label1\" content=\"Gesch\u00e4tzte Lesezeit\" \/>\n\t<meta name=\"twitter:data1\" content=\"1\u00a0Minute\" \/>\n<script type=\"application\/ld+json\" class=\"yoast-schema-graph\">{\"@context\":\"https:\\\/\\\/schema.org\",\"@graph\":[{\"@type\":\"WebPage\",\"@id\":\"https:\\\/\\\/eurotrail.info\\\/de\\\/producten\\\/campingmoebel\\\/campingtische\\\/vienne-klapptisch-aus-aluminium-ist-ideal-fuer-jeden-campingausflug\\\/\",\"url\":\"https:\\\/\\\/eurotrail.info\\\/de\\\/producten\\\/campingmoebel\\\/campingtische\\\/vienne-klapptisch-aus-aluminium-ist-ideal-fuer-jeden-campingausflug\\\/\",\"name\":\"Vienne Alu-Klapptisch - Eurotrail\",\"isPartOf\":{\"@id\":\"https:\\\/\\\/eurotrail.info\\\/#website\"},\"primaryImageOfPage\":{\"@id\":\"https:\\\/\\\/eurotrail.info\\\/de\\\/producten\\\/campingmoebel\\\/campingtische\\\/vienne-klapptisch-aus-aluminium-ist-ideal-fuer-jeden-campingausflug\\\/#primaryimage\"},\"image\":{\"@id\":\"https:\\\/\\\/eurotrail.info\\\/de\\\/producten\\\/campingmoebel\\\/campingtische\\\/vienne-klapptisch-aus-aluminium-ist-ideal-fuer-jeden-campingausflug\\\/#primaryimage\"},\"thumbnailUrl\":\"https:\\\/\\\/eurotrail.info\\\/wp\\\/wp-content\\\/uploads\\\/2025\\\/01\\\/tafel-1f-scaled.jpg\",\"datePublished\":\"2025-01-27T15:59:05+00:00\",\"description\":\"Aluminium-KlapptischDieser ist ideal f\u00fcr jeden Campingausflug. Dank seines geringen Gewichts und seines kompakten Designs\",\"breadcrumb\":{\"@id\":\"https:\\\/\\\/eurotrail.info\\\/de\\\/producten\\\/campingmoebel\\\/campingtische\\\/vienne-klapptisch-aus-aluminium-ist-ideal-fuer-jeden-campingausflug\\\/#breadcrumb\"},\"inLanguage\":\"de\",\"potentialAction\":[{\"@type\":\"ReadAction\",\"target\":[\"https:\\\/\\\/eurotrail.info\\\/de\\\/producten\\\/campingmoebel\\\/campingtische\\\/vienne-klapptisch-aus-aluminium-ist-ideal-fuer-jeden-campingausflug\\\/\"]}]},{\"@type\":\"ImageObject\",\"inLanguage\":\"de\",\"@id\":\"https:\\\/\\\/eurotrail.info\\\/de\\\/producten\\\/campingmoebel\\\/campingtische\\\/vienne-klapptisch-aus-aluminium-ist-ideal-fuer-jeden-campingausflug\\\/#primaryimage\",\"url\":\"https:\\\/\\\/eurotrail.info\\\/wp\\\/wp-content\\\/uploads\\\/2025\\\/01\\\/tafel-1f-scaled.jpg\",\"contentUrl\":\"https:\\\/\\\/eurotrail.info\\\/wp\\\/wp-content\\\/uploads\\\/2025\\\/01\\\/tafel-1f-scaled.jpg\",\"width\":1906,\"height\":2560},{\"@type\":\"BreadcrumbList\",\"@id\":\"https:\\\/\\\/eurotrail.info\\\/de\\\/producten\\\/campingmoebel\\\/campingtische\\\/vienne-klapptisch-aus-aluminium-ist-ideal-fuer-jeden-campingausflug\\\/#breadcrumb\",\"itemListElement\":[{\"@type\":\"ListItem\",\"position\":1,\"name\":\"Home\",\"item\":\"https:\\\/\\\/eurotrail.info\\\/de\\\/\"},{\"@type\":\"ListItem\",\"position\":2,\"name\":\"Produkte\",\"item\":\"https:\\\/\\\/eurotrail.info\\\/de\\\/produkte\\\/\"},{\"@type\":\"ListItem\",\"position\":3,\"name\":\"Vienne Alu-Klapptisch\"}]},{\"@type\":\"WebSite\",\"@id\":\"https:\\\/\\\/eurotrail.info\\\/#website\",\"url\":\"https:\\\/\\\/eurotrail.info\\\/\",\"name\":\"Eurotrail\",\"description\":\"\",\"publisher\":{\"@id\":\"https:\\\/\\\/eurotrail.info\\\/#organization\"},\"potentialAction\":[{\"@type\":\"SearchAction\",\"target\":{\"@type\":\"EntryPoint\",\"urlTemplate\":\"https:\\\/\\\/eurotrail.info\\\/?s={search_term_string}\"},\"query-input\":{\"@type\":\"PropertyValueSpecification\",\"valueRequired\":true,\"valueName\":\"search_term_string\"}}],\"inLanguage\":\"de\"},{\"@type\":\"Organization\",\"@id\":\"https:\\\/\\\/eurotrail.info\\\/#organization\",\"name\":\"Eurotrail\",\"url\":\"https:\\\/\\\/eurotrail.info\\\/\",\"logo\":{\"@type\":\"ImageObject\",\"inLanguage\":\"de\",\"@id\":\"https:\\\/\\\/eurotrail.info\\\/#\\\/schema\\\/logo\\\/image\\\/\",\"url\":\"https:\\\/\\\/eurotrail.info\\\/wp\\\/wp-content\\\/uploads\\\/2023\\\/07\\\/ET-logo-quote_NL-scaled.jpg\",\"contentUrl\":\"https:\\\/\\\/eurotrail.info\\\/wp\\\/wp-content\\\/uploads\\\/2023\\\/07\\\/ET-logo-quote_NL-scaled.jpg\",\"width\":2560,\"height\":675,\"caption\":\"Eurotrail\"},\"image\":{\"@id\":\"https:\\\/\\\/eurotrail.info\\\/#\\\/schema\\\/logo\\\/image\\\/\"}}]}<\/script>\n<!-- \/ Yoast SEO plugin. -->","yoast_head_json":{"title":"Vienne Alu-Klapptisch - Eurotrail","description":"Aluminium-KlapptischDieser ist ideal f\u00fcr jeden Campingausflug. Dank seines geringen Gewichts und seines kompakten Designs","robots":{"index":"index","follow":"follow","max-snippet":"max-snippet:-1","max-image-preview":"max-image-preview:large","max-video-preview":"max-video-preview:-1"},"canonical":"https:\/\/eurotrail.info\/de\/producten\/campingmoebel\/campingtische\/vienne-klapptisch-aus-aluminium-ist-ideal-fuer-jeden-campingausflug\/","og_locale":"de_DE","og_type":"article","og_title":"Vienne Alu-Klapptisch - Eurotrail","og_description":"Aluminium-KlapptischDieser ist ideal f\u00fcr jeden Campingausflug. Dank seines geringen Gewichts und seines kompakten Designs","og_url":"https:\/\/eurotrail.info\/de\/producten\/campingmoebel\/campingtische\/vienne-klapptisch-aus-aluminium-ist-ideal-fuer-jeden-campingausflug\/","og_site_name":"Eurotrail","og_image":[{"width":1906,"height":2560,"url":"https:\/\/eurotrail.info\/wp\/wp-content\/uploads\/2025\/01\/tafel-1f-scaled.jpg","type":"image\/jpeg"}],"twitter_card":"summary_large_image","twitter_misc":{"Gesch\u00e4tzte Lesezeit":"1\u00a0Minute"},"schema":{"@context":"https:\/\/schema.org","@graph":[{"@type":"WebPage","@id":"https:\/\/eurotrail.info\/de\/producten\/campingmoebel\/campingtische\/vienne-klapptisch-aus-aluminium-ist-ideal-fuer-jeden-campingausflug\/","url":"https:\/\/eurotrail.info\/de\/producten\/campingmoebel\/campingtische\/vienne-klapptisch-aus-aluminium-ist-ideal-fuer-jeden-campingausflug\/","name":"Vienne Alu-Klapptisch - Eurotrail","isPartOf":{"@id":"https:\/\/eurotrail.info\/#website"},"primaryImageOfPage":{"@id":"https:\/\/eurotrail.info\/de\/producten\/campingmoebel\/campingtische\/vienne-klapptisch-aus-aluminium-ist-ideal-fuer-jeden-campingausflug\/#primaryimage"},"image":{"@id":"https:\/\/eurotrail.info\/de\/producten\/campingmoebel\/campingtische\/vienne-klapptisch-aus-aluminium-ist-ideal-fuer-jeden-campingausflug\/#primaryimage"},"thumbnailUrl":"https:\/\/eurotrail.info\/wp\/wp-content\/uploads\/2025\/01\/tafel-1f-scaled.jpg","datePublished":"2025-01-27T15:59:05+00:00","description":"Aluminium-KlapptischDieser ist ideal f\u00fcr jeden Campingausflug. Dank seines geringen Gewichts und seines kompakten Designs","breadcrumb":{"@id":"https:\/\/eurotrail.info\/de\/producten\/campingmoebel\/campingtische\/vienne-klapptisch-aus-aluminium-ist-ideal-fuer-jeden-campingausflug\/#breadcrumb"},"inLanguage":"de","potentialAction":[{"@type":"ReadAction","target":["https:\/\/eurotrail.info\/de\/producten\/campingmoebel\/campingtische\/vienne-klapptisch-aus-aluminium-ist-ideal-fuer-jeden-campingausflug\/"]}]},{"@type":"ImageObject","inLanguage":"de","@id":"https:\/\/eurotrail.info\/de\/producten\/campingmoebel\/campingtische\/vienne-klapptisch-aus-aluminium-ist-ideal-fuer-jeden-campingausflug\/#primaryimage","url":"https:\/\/eurotrail.info\/wp\/wp-content\/uploads\/2025\/01\/tafel-1f-scaled.jpg","contentUrl":"https:\/\/eurotrail.info\/wp\/wp-content\/uploads\/2025\/01\/tafel-1f-scaled.jpg","width":1906,"height":2560},{"@type":"BreadcrumbList","@id":"https:\/\/eurotrail.info\/de\/producten\/campingmoebel\/campingtische\/vienne-klapptisch-aus-aluminium-ist-ideal-fuer-jeden-campingausflug\/#breadcrumb","itemListElement":[{"@type":"ListItem","position":1,"name":"Home","item":"https:\/\/eurotrail.info\/de\/"},{"@type":"ListItem","position":2,"name":"Produkte","item":"https:\/\/eurotrail.info\/de\/produkte\/"},{"@type":"ListItem","position":3,"name":"Vienne Alu-Klapptisch"}]},{"@type":"WebSite","@id":"https:\/\/eurotrail.info\/#website","url":"https:\/\/eurotrail.info\/","name":"Eurotrail","description":"","publisher":{"@id":"https:\/\/eurotrail.info\/#organization"},"potentialAction":[{"@type":"SearchAction","target":{"@type":"EntryPoint","urlTemplate":"https:\/\/eurotrail.info\/?s={search_term_string}"},"query-input":{"@type":"PropertyValueSpecification","valueRequired":true,"valueName":"search_term_string"}}],"inLanguage":"de"},{"@type":"Organization","@id":"https:\/\/eurotrail.info\/#organization","name":"Eurotrail","url":"https:\/\/eurotrail.info\/","logo":{"@type":"ImageObject","inLanguage":"de","@id":"https:\/\/eurotrail.info\/#\/schema\/logo\/image\/","url":"https:\/\/eurotrail.info\/wp\/wp-content\/uploads\/2023\/07\/ET-logo-quote_NL-scaled.jpg","contentUrl":"https:\/\/eurotrail.info\/wp\/wp-content\/uploads\/2023\/07\/ET-logo-quote_NL-scaled.jpg","width":2560,"height":675,"caption":"Eurotrail"},"image":{"@id":"https:\/\/eurotrail.info\/#\/schema\/logo\/image\/"}}]}},"_links":{"self":[{"href":"https:\/\/eurotrail.info\/de\/wp-json\/wp\/v2\/product\/22878","targetHints":{"allow":["GET"]}}],"collection":[{"href":"https:\/\/eurotrail.info\/de\/wp-json\/wp\/v2\/product"}],"about":[{"href":"https:\/\/eurotrail.info\/de\/wp-json\/wp\/v2\/types\/product"}],"replies":[{"embeddable":true,"href":"https:\/\/eurotrail.info\/de\/wp-json\/wp\/v2\/comments?post=22878"}],"wp:featuredmedia":[{"embeddable":true,"href":"https:\/\/eurotrail.info\/de\/wp-json\/wp\/v2\/media\/22869"}],"wp:attachment":[{"href":"https:\/\/eurotrail.info\/de\/wp-json\/wp\/v2\/media?parent=22878"}],"wp:term":[{"taxonomy":"product_brand","embeddable":true,"href":"https:\/\/eurotrail.info\/de\/wp-json\/wp\/v2\/product_brand?post=22878"},{"taxonomy":"product_cat","embeddable":true,"href":"https:\/\/eurotrail.info\/de\/wp-json\/wp\/v2\/product_cat?post=22878"},{"taxonomy":"product_tag","embeddable":true,"href":"https:\/\/eurotrail.info\/de\/wp-json\/wp\/v2\/product_tag?post=22878"}],"curies":[{"name":"wp","href":"https:\/\/api.w.org\/{rel}","templated":true}]}}