{"id":22963,"date":"2025-01-29T13:54:55","date_gmt":"2025-01-29T12:56:37","guid":{"rendered":"https:\/\/eurotrail.info\/?post_type=product&#038;p=22963"},"modified":"2025-01-29T13:56:37","modified_gmt":"2025-01-29T12:56:37","slug":"reisewasserkocher-faltbar","status":"publish","type":"product","link":"https:\/\/eurotrail.info\/de\/producten\/haushaltartikel\/elektrische-kuechengeraete\/reisewasserkocher-faltbar\/","title":{"rendered":"Reisewasserkocher faltbar"},"content":{"rendered":"<p>Dieser neue faltbare Wasserkocher ist eine innovative L\u00f6sung f\u00fcr alle, die Komfort und Platzersparnis suchen. Dieses Modell ist einfach zu bedienen und l\u00e4sst sich kompakt zusammenfalten, was es ideal f\u00fcr kleine K\u00fcchen, unterwegs oder im B\u00fcro macht. Mit Trockengehschutz und \u00dcberhitzungsschutz bietet dieser Wasserkocher eine sichere und zuverl\u00e4ssige M\u00f6glichkeit, Wasser schnell zum Kochen zu bringen. Egal, ob Sie Tee, Kaffee oder Fertiggerichte zubereiten m\u00f6chten, dieser Wasserkocher ist auf Ihre Bed\u00fcrfnisse zugeschnitten und legt besonderen Wert auf Sicherheit und Benutzerfreundlichkeit.<\/p>\n<p>Material: Silikon (lebensmittelecht, hochtemperaturbest\u00e4ndig) und PP, SUS304<br \/>\nHeizung: Flaches Heizelement aus Edelstahl<br \/>\nEingangsspannung: 220\u2013240 V ~ 50\/60 Hz, 600 W<br \/>\nInhalt: 0,6L<br \/>\nMa\u00dfe: \u00d8 14,5 x 8,5 cm<br \/>\nGewicht: 616g<\/p>\n","protected":false},"excerpt":{"rendered":"<p>Dieser neue faltbare Wasserkocher ist eine innovative L\u00f6sung f\u00fcr alle, die Komfort und Platzersparnis suchen. Dieses Modell ist einfach zu bedienen und l\u00e4sst sich kompakt&hellip;<\/p>\n","protected":false},"featured_media":22960,"comment_status":"open","ping_status":"closed","template":"","meta":{"_acf_changed":false},"product_brand":[],"product_cat":[288,78],"product_tag":[],"class_list":{"0":"post-22963","1":"product","2":"type-product","3":"status-publish","4":"has-post-thumbnail","6":"product_cat-elektrische-kuechengeraete","7":"product_cat-haushaltartikel","9":"first","10":"instock","11":"shipping-taxable","12":"product-type-simple"},"acf":[],"yoast_head":"<!-- This site is optimized with the Yoast SEO plugin v27.3 - https:\/\/yoast.com\/product\/yoast-seo-wordpress\/ -->\n<title>Reisewasserkocher faltbar - Eurotrail<\/title>\n<meta name=\"description\" content=\"Dieser neue faltbare Wasserkocher ist eine innovative L\u00f6sung f\u00fcr alle, die Komfort und Platzersparnis suchen.\" \/>\n<meta name=\"robots\" content=\"index, follow, max-snippet:-1, max-image-preview:large, max-video-preview:-1\" \/>\n<link rel=\"canonical\" href=\"https:\/\/eurotrail.info\/de\/producten\/haushaltartikel\/elektrische-kuechengeraete\/reisewasserkocher-faltbar\/\" \/>\n<meta property=\"og:locale\" content=\"de_DE\" \/>\n<meta property=\"og:type\" content=\"article\" \/>\n<meta property=\"og:title\" content=\"Reisewasserkocher faltbar - Eurotrail\" \/>\n<meta property=\"og:description\" content=\"Dieser neue faltbare Wasserkocher ist eine innovative L\u00f6sung f\u00fcr alle, die Komfort und Platzersparnis suchen.\" \/>\n<meta property=\"og:url\" content=\"https:\/\/eurotrail.info\/de\/producten\/haushaltartikel\/elektrische-kuechengeraete\/reisewasserkocher-faltbar\/\" \/>\n<meta property=\"og:site_name\" content=\"Eurotrail\" \/>\n<meta property=\"og:image\" content=\"https:\/\/eurotrail.info\/wp\/wp-content\/uploads\/2025\/01\/ETKW6012-Reisewasserkocher-6-scaled.jpg\" \/>\n\t<meta property=\"og:image:width\" content=\"2560\" \/>\n\t<meta property=\"og:image:height\" content=\"2013\" \/>\n\t<meta property=\"og:image:type\" content=\"image\/jpeg\" \/>\n<meta name=\"twitter:card\" content=\"summary_large_image\" \/>\n<meta name=\"twitter:label1\" content=\"Gesch\u00e4tzte Lesezeit\" \/>\n\t<meta name=\"twitter:data1\" content=\"1\u00a0Minute\" \/>\n<script type=\"application\/ld+json\" class=\"yoast-schema-graph\">{\"@context\":\"https:\\\/\\\/schema.org\",\"@graph\":[{\"@type\":\"WebPage\",\"@id\":\"https:\\\/\\\/eurotrail.info\\\/de\\\/producten\\\/haushaltartikel\\\/elektrische-kuechengeraete\\\/reisewasserkocher-faltbar\\\/\",\"url\":\"https:\\\/\\\/eurotrail.info\\\/de\\\/producten\\\/haushaltartikel\\\/elektrische-kuechengeraete\\\/reisewasserkocher-faltbar\\\/\",\"name\":\"Reisewasserkocher faltbar - Eurotrail\",\"isPartOf\":{\"@id\":\"https:\\\/\\\/eurotrail.info\\\/#website\"},\"primaryImageOfPage\":{\"@id\":\"https:\\\/\\\/eurotrail.info\\\/de\\\/producten\\\/haushaltartikel\\\/elektrische-kuechengeraete\\\/reisewasserkocher-faltbar\\\/#primaryimage\"},\"image\":{\"@id\":\"https:\\\/\\\/eurotrail.info\\\/de\\\/producten\\\/haushaltartikel\\\/elektrische-kuechengeraete\\\/reisewasserkocher-faltbar\\\/#primaryimage\"},\"thumbnailUrl\":\"https:\\\/\\\/eurotrail.info\\\/wp\\\/wp-content\\\/uploads\\\/2025\\\/01\\\/ETKW6012-Reisewasserkocher-6-scaled.jpg\",\"datePublished\":\"2025-01-29T12:56:37+00:00\",\"description\":\"Dieser neue faltbare Wasserkocher ist eine innovative L\u00f6sung f\u00fcr alle, die Komfort und Platzersparnis suchen.\",\"breadcrumb\":{\"@id\":\"https:\\\/\\\/eurotrail.info\\\/de\\\/producten\\\/haushaltartikel\\\/elektrische-kuechengeraete\\\/reisewasserkocher-faltbar\\\/#breadcrumb\"},\"inLanguage\":\"de\",\"potentialAction\":[{\"@type\":\"ReadAction\",\"target\":[\"https:\\\/\\\/eurotrail.info\\\/de\\\/producten\\\/haushaltartikel\\\/elektrische-kuechengeraete\\\/reisewasserkocher-faltbar\\\/\"]}]},{\"@type\":\"ImageObject\",\"inLanguage\":\"de\",\"@id\":\"https:\\\/\\\/eurotrail.info\\\/de\\\/producten\\\/haushaltartikel\\\/elektrische-kuechengeraete\\\/reisewasserkocher-faltbar\\\/#primaryimage\",\"url\":\"https:\\\/\\\/eurotrail.info\\\/wp\\\/wp-content\\\/uploads\\\/2025\\\/01\\\/ETKW6012-Reisewasserkocher-6-scaled.jpg\",\"contentUrl\":\"https:\\\/\\\/eurotrail.info\\\/wp\\\/wp-content\\\/uploads\\\/2025\\\/01\\\/ETKW6012-Reisewasserkocher-6-scaled.jpg\",\"width\":2560,\"height\":2013,\"caption\":\"eenvoudig in gebruik en kan compact worden opgevouwen\"},{\"@type\":\"BreadcrumbList\",\"@id\":\"https:\\\/\\\/eurotrail.info\\\/de\\\/producten\\\/haushaltartikel\\\/elektrische-kuechengeraete\\\/reisewasserkocher-faltbar\\\/#breadcrumb\",\"itemListElement\":[{\"@type\":\"ListItem\",\"position\":1,\"name\":\"Home\",\"item\":\"https:\\\/\\\/eurotrail.info\\\/de\\\/\"},{\"@type\":\"ListItem\",\"position\":2,\"name\":\"Produkte\",\"item\":\"https:\\\/\\\/eurotrail.info\\\/de\\\/produkte\\\/\"},{\"@type\":\"ListItem\",\"position\":3,\"name\":\"Reisewasserkocher faltbar\"}]},{\"@type\":\"WebSite\",\"@id\":\"https:\\\/\\\/eurotrail.info\\\/#website\",\"url\":\"https:\\\/\\\/eurotrail.info\\\/\",\"name\":\"Eurotrail\",\"description\":\"\",\"publisher\":{\"@id\":\"https:\\\/\\\/eurotrail.info\\\/#organization\"},\"potentialAction\":[{\"@type\":\"SearchAction\",\"target\":{\"@type\":\"EntryPoint\",\"urlTemplate\":\"https:\\\/\\\/eurotrail.info\\\/?s={search_term_string}\"},\"query-input\":{\"@type\":\"PropertyValueSpecification\",\"valueRequired\":true,\"valueName\":\"search_term_string\"}}],\"inLanguage\":\"de\"},{\"@type\":\"Organization\",\"@id\":\"https:\\\/\\\/eurotrail.info\\\/#organization\",\"name\":\"Eurotrail\",\"url\":\"https:\\\/\\\/eurotrail.info\\\/\",\"logo\":{\"@type\":\"ImageObject\",\"inLanguage\":\"de\",\"@id\":\"https:\\\/\\\/eurotrail.info\\\/#\\\/schema\\\/logo\\\/image\\\/\",\"url\":\"https:\\\/\\\/eurotrail.info\\\/wp\\\/wp-content\\\/uploads\\\/2023\\\/07\\\/ET-logo-quote_NL-scaled.jpg\",\"contentUrl\":\"https:\\\/\\\/eurotrail.info\\\/wp\\\/wp-content\\\/uploads\\\/2023\\\/07\\\/ET-logo-quote_NL-scaled.jpg\",\"width\":2560,\"height\":675,\"caption\":\"Eurotrail\"},\"image\":{\"@id\":\"https:\\\/\\\/eurotrail.info\\\/#\\\/schema\\\/logo\\\/image\\\/\"}}]}<\/script>\n<!-- \/ Yoast SEO plugin. -->","yoast_head_json":{"title":"Reisewasserkocher faltbar - Eurotrail","description":"Dieser neue faltbare Wasserkocher ist eine innovative L\u00f6sung f\u00fcr alle, die Komfort und Platzersparnis suchen.","robots":{"index":"index","follow":"follow","max-snippet":"max-snippet:-1","max-image-preview":"max-image-preview:large","max-video-preview":"max-video-preview:-1"},"canonical":"https:\/\/eurotrail.info\/de\/producten\/haushaltartikel\/elektrische-kuechengeraete\/reisewasserkocher-faltbar\/","og_locale":"de_DE","og_type":"article","og_title":"Reisewasserkocher faltbar - Eurotrail","og_description":"Dieser neue faltbare Wasserkocher ist eine innovative L\u00f6sung f\u00fcr alle, die Komfort und Platzersparnis suchen.","og_url":"https:\/\/eurotrail.info\/de\/producten\/haushaltartikel\/elektrische-kuechengeraete\/reisewasserkocher-faltbar\/","og_site_name":"Eurotrail","og_image":[{"width":2560,"height":2013,"url":"https:\/\/eurotrail.info\/wp\/wp-content\/uploads\/2025\/01\/ETKW6012-Reisewasserkocher-6-scaled.jpg","type":"image\/jpeg"}],"twitter_card":"summary_large_image","twitter_misc":{"Gesch\u00e4tzte Lesezeit":"1\u00a0Minute"},"schema":{"@context":"https:\/\/schema.org","@graph":[{"@type":"WebPage","@id":"https:\/\/eurotrail.info\/de\/producten\/haushaltartikel\/elektrische-kuechengeraete\/reisewasserkocher-faltbar\/","url":"https:\/\/eurotrail.info\/de\/producten\/haushaltartikel\/elektrische-kuechengeraete\/reisewasserkocher-faltbar\/","name":"Reisewasserkocher faltbar - Eurotrail","isPartOf":{"@id":"https:\/\/eurotrail.info\/#website"},"primaryImageOfPage":{"@id":"https:\/\/eurotrail.info\/de\/producten\/haushaltartikel\/elektrische-kuechengeraete\/reisewasserkocher-faltbar\/#primaryimage"},"image":{"@id":"https:\/\/eurotrail.info\/de\/producten\/haushaltartikel\/elektrische-kuechengeraete\/reisewasserkocher-faltbar\/#primaryimage"},"thumbnailUrl":"https:\/\/eurotrail.info\/wp\/wp-content\/uploads\/2025\/01\/ETKW6012-Reisewasserkocher-6-scaled.jpg","datePublished":"2025-01-29T12:56:37+00:00","description":"Dieser neue faltbare Wasserkocher ist eine innovative L\u00f6sung f\u00fcr alle, die Komfort und Platzersparnis suchen.","breadcrumb":{"@id":"https:\/\/eurotrail.info\/de\/producten\/haushaltartikel\/elektrische-kuechengeraete\/reisewasserkocher-faltbar\/#breadcrumb"},"inLanguage":"de","potentialAction":[{"@type":"ReadAction","target":["https:\/\/eurotrail.info\/de\/producten\/haushaltartikel\/elektrische-kuechengeraete\/reisewasserkocher-faltbar\/"]}]},{"@type":"ImageObject","inLanguage":"de","@id":"https:\/\/eurotrail.info\/de\/producten\/haushaltartikel\/elektrische-kuechengeraete\/reisewasserkocher-faltbar\/#primaryimage","url":"https:\/\/eurotrail.info\/wp\/wp-content\/uploads\/2025\/01\/ETKW6012-Reisewasserkocher-6-scaled.jpg","contentUrl":"https:\/\/eurotrail.info\/wp\/wp-content\/uploads\/2025\/01\/ETKW6012-Reisewasserkocher-6-scaled.jpg","width":2560,"height":2013,"caption":"eenvoudig in gebruik en kan compact worden opgevouwen"},{"@type":"BreadcrumbList","@id":"https:\/\/eurotrail.info\/de\/producten\/haushaltartikel\/elektrische-kuechengeraete\/reisewasserkocher-faltbar\/#breadcrumb","itemListElement":[{"@type":"ListItem","position":1,"name":"Home","item":"https:\/\/eurotrail.info\/de\/"},{"@type":"ListItem","position":2,"name":"Produkte","item":"https:\/\/eurotrail.info\/de\/produkte\/"},{"@type":"ListItem","position":3,"name":"Reisewasserkocher faltbar"}]},{"@type":"WebSite","@id":"https:\/\/eurotrail.info\/#website","url":"https:\/\/eurotrail.info\/","name":"Eurotrail","description":"","publisher":{"@id":"https:\/\/eurotrail.info\/#organization"},"potentialAction":[{"@type":"SearchAction","target":{"@type":"EntryPoint","urlTemplate":"https:\/\/eurotrail.info\/?s={search_term_string}"},"query-input":{"@type":"PropertyValueSpecification","valueRequired":true,"valueName":"search_term_string"}}],"inLanguage":"de"},{"@type":"Organization","@id":"https:\/\/eurotrail.info\/#organization","name":"Eurotrail","url":"https:\/\/eurotrail.info\/","logo":{"@type":"ImageObject","inLanguage":"de","@id":"https:\/\/eurotrail.info\/#\/schema\/logo\/image\/","url":"https:\/\/eurotrail.info\/wp\/wp-content\/uploads\/2023\/07\/ET-logo-quote_NL-scaled.jpg","contentUrl":"https:\/\/eurotrail.info\/wp\/wp-content\/uploads\/2023\/07\/ET-logo-quote_NL-scaled.jpg","width":2560,"height":675,"caption":"Eurotrail"},"image":{"@id":"https:\/\/eurotrail.info\/#\/schema\/logo\/image\/"}}]}},"_links":{"self":[{"href":"https:\/\/eurotrail.info\/de\/wp-json\/wp\/v2\/product\/22963","targetHints":{"allow":["GET"]}}],"collection":[{"href":"https:\/\/eurotrail.info\/de\/wp-json\/wp\/v2\/product"}],"about":[{"href":"https:\/\/eurotrail.info\/de\/wp-json\/wp\/v2\/types\/product"}],"replies":[{"embeddable":true,"href":"https:\/\/eurotrail.info\/de\/wp-json\/wp\/v2\/comments?post=22963"}],"wp:featuredmedia":[{"embeddable":true,"href":"https:\/\/eurotrail.info\/de\/wp-json\/wp\/v2\/media\/22960"}],"wp:attachment":[{"href":"https:\/\/eurotrail.info\/de\/wp-json\/wp\/v2\/media?parent=22963"}],"wp:term":[{"taxonomy":"product_brand","embeddable":true,"href":"https:\/\/eurotrail.info\/de\/wp-json\/wp\/v2\/product_brand?post=22963"},{"taxonomy":"product_cat","embeddable":true,"href":"https:\/\/eurotrail.info\/de\/wp-json\/wp\/v2\/product_cat?post=22963"},{"taxonomy":"product_tag","embeddable":true,"href":"https:\/\/eurotrail.info\/de\/wp-json\/wp\/v2\/product_tag?post=22963"}],"curies":[{"name":"wp","href":"https:\/\/api.w.org\/{rel}","templated":true}]}}