{"id":22994,"date":"2025-01-29T14:16:43","date_gmt":"2025-01-29T13:16:43","guid":{"rendered":"https:\/\/eurotrail.info\/?post_type=product&#038;p=22994"},"modified":"2026-01-09T14:25:08","modified_gmt":"2026-01-09T13:25:08","slug":"relax-matte-mit-eingebaute-pumpe","status":"publish","type":"product","link":"https:\/\/eurotrail.info\/de\/producten\/schlafmatten\/thermomatten-de\/relax-matte-mit-eingebaute-pumpe\/","title":{"rendered":"Relax Matte mit eingebaute Pumpe"},"content":{"rendered":"<p><strong>Eurotrail Relax-Schlafmatte &#8211; Ultimative Bequemlichkeit und Komfort<\/strong><\/p>\n<p>Genie\u00dfen Sie eine wunderbare Nachtruhe mit der Eurotrail Relax-Schlafmatte, die in 10 cm oder 15 cm Dicke erh\u00e4ltlich ist. Dank der eingebauten Pumpe bl\u00e4st sich die Matte automatisch auf und entleert sich wieder. Alles, was Sie tun m\u00fcssen, ist sie aufzurollen.<\/p>\n<p>Mit einer komfortablen Gr\u00f6\u00dfe von 198 x 65 cm ist diese Matte ideal f\u00fcr zu Hause und beim Camping. Die mitgelieferte Tragetasche macht den Transport einfach. Au\u00dferdem ist die Pumpe multifunktional und kann auch f\u00fcr andere aufblasbare Campingausr\u00fcstung verwendet werden. Super einfach zu bedienen und immer bereit zum Entspannen!<\/p>\n<p><em><strong>M\u00f6chten Sie sehen, wie sie funktioniert? Scannen Sie den QR-Code oder <a href=\"https:\/\/youtu.be\/oA4ykNxJKtk\">klicken Sie hier.<\/a><\/strong><\/em><\/p>\n<p>Material: 30D Gewirke + 0,08 mm TPU \/ 190T Polyester Pongee + 0,08 mm TPU<br \/>\nPumpe: 0,73 PSI wiederaufladbare Pumpe<br \/>\nSchaumstoff: Dichte 19 kg, R-Wert 5,9.<br \/>\nAbmessungen:<br \/>\nRelax Powerflow 10: 198 x 65 x 10 cm, Gewicht: 2,75 kg.<br \/>\nRelax Powerflow 15: 198 x 65 x 15 cm, Gewicht: 3,25 kg.<\/p>\n","protected":false},"excerpt":{"rendered":"<p>Eurotrail Relax-Schlafmatte &#8211; Ultimative Bequemlichkeit und Komfort Genie\u00dfen Sie eine wunderbare Nachtruhe mit der Eurotrail Relax-Schlafmatte, die in 10 cm oder 15 cm Dicke erh\u00e4ltlich&hellip;<\/p>\n","protected":false},"featured_media":22976,"comment_status":"open","ping_status":"closed","template":"","meta":{"_acf_changed":false},"product_brand":[],"product_cat":[111,95],"product_tag":[],"class_list":{"0":"post-22994","1":"product","2":"type-product","3":"status-publish","4":"has-post-thumbnail","6":"product_cat-schlafmatten","7":"product_cat-thermomatten-de","9":"first","10":"instock","11":"shipping-taxable","12":"product-type-simple"},"acf":[],"yoast_head":"<!-- This site is optimized with the Yoast SEO plugin v27.4 - https:\/\/yoast.com\/product\/yoast-seo-wordpress\/ -->\n<title>Relax Matte mit eingebaute Pumpe - Eurotrail<\/title>\n<meta name=\"description\" content=\"Eurotrail Relax-Schlafmatte in 10 cm oder 15 cm Dicke erh\u00e4ltlich. Dank der eingebauten Pumpe bl\u00e4st sich die Matte automatisch auf und entleert sich wieder.\" \/>\n<meta name=\"robots\" content=\"index, follow, max-snippet:-1, max-image-preview:large, max-video-preview:-1\" \/>\n<link rel=\"canonical\" href=\"https:\/\/eurotrail.info\/de\/producten\/schlafmatten\/thermomatten-de\/relax-matte-mit-eingebaute-pumpe\/\" \/>\n<meta property=\"og:locale\" content=\"de_DE\" \/>\n<meta property=\"og:type\" content=\"article\" \/>\n<meta property=\"og:title\" content=\"Relax Matte mit eingebaute Pumpe - Eurotrail\" \/>\n<meta property=\"og:description\" content=\"Eurotrail Relax-Schlafmatte in 10 cm oder 15 cm Dicke erh\u00e4ltlich. Dank der eingebauten Pumpe bl\u00e4st sich die Matte automatisch auf und entleert sich wieder.\" \/>\n<meta property=\"og:url\" content=\"https:\/\/eurotrail.info\/de\/producten\/schlafmatten\/thermomatten-de\/relax-matte-mit-eingebaute-pumpe\/\" \/>\n<meta property=\"og:site_name\" content=\"Eurotrail\" \/>\n<meta property=\"article:modified_time\" content=\"2026-01-09T13:25:08+00:00\" \/>\n<meta property=\"og:image\" content=\"https:\/\/eurotrail.info\/wp\/wp-content\/uploads\/2025\/01\/ETIC0203-0204-Relax-Sleepingpad_3204_25-1-scaled.jpg\" \/>\n\t<meta property=\"og:image:width\" content=\"2560\" \/>\n\t<meta property=\"og:image:height\" content=\"1756\" \/>\n\t<meta property=\"og:image:type\" content=\"image\/jpeg\" \/>\n<meta name=\"twitter:card\" content=\"summary_large_image\" \/>\n<meta name=\"twitter:label1\" content=\"Gesch\u00e4tzte Lesezeit\" \/>\n\t<meta name=\"twitter:data1\" content=\"1\u00a0Minute\" \/>\n<script type=\"application\/ld+json\" class=\"yoast-schema-graph\">{\"@context\":\"https:\\\/\\\/schema.org\",\"@graph\":[{\"@type\":\"WebPage\",\"@id\":\"https:\\\/\\\/eurotrail.info\\\/de\\\/producten\\\/schlafmatten\\\/thermomatten-de\\\/relax-matte-mit-eingebaute-pumpe\\\/\",\"url\":\"https:\\\/\\\/eurotrail.info\\\/de\\\/producten\\\/schlafmatten\\\/thermomatten-de\\\/relax-matte-mit-eingebaute-pumpe\\\/\",\"name\":\"Relax Matte mit eingebaute Pumpe - Eurotrail\",\"isPartOf\":{\"@id\":\"https:\\\/\\\/eurotrail.info\\\/#website\"},\"primaryImageOfPage\":{\"@id\":\"https:\\\/\\\/eurotrail.info\\\/de\\\/producten\\\/schlafmatten\\\/thermomatten-de\\\/relax-matte-mit-eingebaute-pumpe\\\/#primaryimage\"},\"image\":{\"@id\":\"https:\\\/\\\/eurotrail.info\\\/de\\\/producten\\\/schlafmatten\\\/thermomatten-de\\\/relax-matte-mit-eingebaute-pumpe\\\/#primaryimage\"},\"thumbnailUrl\":\"https:\\\/\\\/eurotrail.info\\\/wp\\\/wp-content\\\/uploads\\\/2025\\\/01\\\/ETIC0203-0204-Relax-Sleepingpad_3204_25-1-scaled.jpg\",\"datePublished\":\"2025-01-29T13:16:43+00:00\",\"dateModified\":\"2026-01-09T13:25:08+00:00\",\"description\":\"Eurotrail Relax-Schlafmatte in 10 cm oder 15 cm Dicke erh\u00e4ltlich. Dank der eingebauten Pumpe bl\u00e4st sich die Matte automatisch auf und entleert sich wieder.\",\"breadcrumb\":{\"@id\":\"https:\\\/\\\/eurotrail.info\\\/de\\\/producten\\\/schlafmatten\\\/thermomatten-de\\\/relax-matte-mit-eingebaute-pumpe\\\/#breadcrumb\"},\"inLanguage\":\"de\",\"potentialAction\":[{\"@type\":\"ReadAction\",\"target\":[\"https:\\\/\\\/eurotrail.info\\\/de\\\/producten\\\/schlafmatten\\\/thermomatten-de\\\/relax-matte-mit-eingebaute-pumpe\\\/\"]}]},{\"@type\":\"ImageObject\",\"inLanguage\":\"de\",\"@id\":\"https:\\\/\\\/eurotrail.info\\\/de\\\/producten\\\/schlafmatten\\\/thermomatten-de\\\/relax-matte-mit-eingebaute-pumpe\\\/#primaryimage\",\"url\":\"https:\\\/\\\/eurotrail.info\\\/wp\\\/wp-content\\\/uploads\\\/2025\\\/01\\\/ETIC0203-0204-Relax-Sleepingpad_3204_25-1-scaled.jpg\",\"contentUrl\":\"https:\\\/\\\/eurotrail.info\\\/wp\\\/wp-content\\\/uploads\\\/2025\\\/01\\\/ETIC0203-0204-Relax-Sleepingpad_3204_25-1-scaled.jpg\",\"width\":2560,\"height\":1756,\"caption\":\"Slaapmat met een ingebouwde elektrische pomp. Leverbaar in 10 en 15 cm dikte.\"},{\"@type\":\"BreadcrumbList\",\"@id\":\"https:\\\/\\\/eurotrail.info\\\/de\\\/producten\\\/schlafmatten\\\/thermomatten-de\\\/relax-matte-mit-eingebaute-pumpe\\\/#breadcrumb\",\"itemListElement\":[{\"@type\":\"ListItem\",\"position\":1,\"name\":\"Home\",\"item\":\"https:\\\/\\\/eurotrail.info\\\/de\\\/\"},{\"@type\":\"ListItem\",\"position\":2,\"name\":\"Produkte\",\"item\":\"https:\\\/\\\/eurotrail.info\\\/de\\\/produkte\\\/\"},{\"@type\":\"ListItem\",\"position\":3,\"name\":\"Relax Matte mit eingebaute Pumpe\"}]},{\"@type\":\"WebSite\",\"@id\":\"https:\\\/\\\/eurotrail.info\\\/#website\",\"url\":\"https:\\\/\\\/eurotrail.info\\\/\",\"name\":\"Eurotrail\",\"description\":\"\",\"publisher\":{\"@id\":\"https:\\\/\\\/eurotrail.info\\\/#organization\"},\"potentialAction\":[{\"@type\":\"SearchAction\",\"target\":{\"@type\":\"EntryPoint\",\"urlTemplate\":\"https:\\\/\\\/eurotrail.info\\\/?s={search_term_string}\"},\"query-input\":{\"@type\":\"PropertyValueSpecification\",\"valueRequired\":true,\"valueName\":\"search_term_string\"}}],\"inLanguage\":\"de\"},{\"@type\":\"Organization\",\"@id\":\"https:\\\/\\\/eurotrail.info\\\/#organization\",\"name\":\"Eurotrail\",\"url\":\"https:\\\/\\\/eurotrail.info\\\/\",\"logo\":{\"@type\":\"ImageObject\",\"inLanguage\":\"de\",\"@id\":\"https:\\\/\\\/eurotrail.info\\\/#\\\/schema\\\/logo\\\/image\\\/\",\"url\":\"https:\\\/\\\/eurotrail.info\\\/wp\\\/wp-content\\\/uploads\\\/2023\\\/07\\\/ET-logo-quote_NL-scaled.jpg\",\"contentUrl\":\"https:\\\/\\\/eurotrail.info\\\/wp\\\/wp-content\\\/uploads\\\/2023\\\/07\\\/ET-logo-quote_NL-scaled.jpg\",\"width\":2560,\"height\":675,\"caption\":\"Eurotrail\"},\"image\":{\"@id\":\"https:\\\/\\\/eurotrail.info\\\/#\\\/schema\\\/logo\\\/image\\\/\"}}]}<\/script>\n<!-- \/ Yoast SEO plugin. -->","yoast_head_json":{"title":"Relax Matte mit eingebaute Pumpe - Eurotrail","description":"Eurotrail Relax-Schlafmatte in 10 cm oder 15 cm Dicke erh\u00e4ltlich. Dank der eingebauten Pumpe bl\u00e4st sich die Matte automatisch auf und entleert sich wieder.","robots":{"index":"index","follow":"follow","max-snippet":"max-snippet:-1","max-image-preview":"max-image-preview:large","max-video-preview":"max-video-preview:-1"},"canonical":"https:\/\/eurotrail.info\/de\/producten\/schlafmatten\/thermomatten-de\/relax-matte-mit-eingebaute-pumpe\/","og_locale":"de_DE","og_type":"article","og_title":"Relax Matte mit eingebaute Pumpe - Eurotrail","og_description":"Eurotrail Relax-Schlafmatte in 10 cm oder 15 cm Dicke erh\u00e4ltlich. Dank der eingebauten Pumpe bl\u00e4st sich die Matte automatisch auf und entleert sich wieder.","og_url":"https:\/\/eurotrail.info\/de\/producten\/schlafmatten\/thermomatten-de\/relax-matte-mit-eingebaute-pumpe\/","og_site_name":"Eurotrail","article_modified_time":"2026-01-09T13:25:08+00:00","og_image":[{"width":2560,"height":1756,"url":"https:\/\/eurotrail.info\/wp\/wp-content\/uploads\/2025\/01\/ETIC0203-0204-Relax-Sleepingpad_3204_25-1-scaled.jpg","type":"image\/jpeg"}],"twitter_card":"summary_large_image","twitter_misc":{"Gesch\u00e4tzte Lesezeit":"1\u00a0Minute"},"schema":{"@context":"https:\/\/schema.org","@graph":[{"@type":"WebPage","@id":"https:\/\/eurotrail.info\/de\/producten\/schlafmatten\/thermomatten-de\/relax-matte-mit-eingebaute-pumpe\/","url":"https:\/\/eurotrail.info\/de\/producten\/schlafmatten\/thermomatten-de\/relax-matte-mit-eingebaute-pumpe\/","name":"Relax Matte mit eingebaute Pumpe - Eurotrail","isPartOf":{"@id":"https:\/\/eurotrail.info\/#website"},"primaryImageOfPage":{"@id":"https:\/\/eurotrail.info\/de\/producten\/schlafmatten\/thermomatten-de\/relax-matte-mit-eingebaute-pumpe\/#primaryimage"},"image":{"@id":"https:\/\/eurotrail.info\/de\/producten\/schlafmatten\/thermomatten-de\/relax-matte-mit-eingebaute-pumpe\/#primaryimage"},"thumbnailUrl":"https:\/\/eurotrail.info\/wp\/wp-content\/uploads\/2025\/01\/ETIC0203-0204-Relax-Sleepingpad_3204_25-1-scaled.jpg","datePublished":"2025-01-29T13:16:43+00:00","dateModified":"2026-01-09T13:25:08+00:00","description":"Eurotrail Relax-Schlafmatte in 10 cm oder 15 cm Dicke erh\u00e4ltlich. Dank der eingebauten Pumpe bl\u00e4st sich die Matte automatisch auf und entleert sich wieder.","breadcrumb":{"@id":"https:\/\/eurotrail.info\/de\/producten\/schlafmatten\/thermomatten-de\/relax-matte-mit-eingebaute-pumpe\/#breadcrumb"},"inLanguage":"de","potentialAction":[{"@type":"ReadAction","target":["https:\/\/eurotrail.info\/de\/producten\/schlafmatten\/thermomatten-de\/relax-matte-mit-eingebaute-pumpe\/"]}]},{"@type":"ImageObject","inLanguage":"de","@id":"https:\/\/eurotrail.info\/de\/producten\/schlafmatten\/thermomatten-de\/relax-matte-mit-eingebaute-pumpe\/#primaryimage","url":"https:\/\/eurotrail.info\/wp\/wp-content\/uploads\/2025\/01\/ETIC0203-0204-Relax-Sleepingpad_3204_25-1-scaled.jpg","contentUrl":"https:\/\/eurotrail.info\/wp\/wp-content\/uploads\/2025\/01\/ETIC0203-0204-Relax-Sleepingpad_3204_25-1-scaled.jpg","width":2560,"height":1756,"caption":"Slaapmat met een ingebouwde elektrische pomp. Leverbaar in 10 en 15 cm dikte."},{"@type":"BreadcrumbList","@id":"https:\/\/eurotrail.info\/de\/producten\/schlafmatten\/thermomatten-de\/relax-matte-mit-eingebaute-pumpe\/#breadcrumb","itemListElement":[{"@type":"ListItem","position":1,"name":"Home","item":"https:\/\/eurotrail.info\/de\/"},{"@type":"ListItem","position":2,"name":"Produkte","item":"https:\/\/eurotrail.info\/de\/produkte\/"},{"@type":"ListItem","position":3,"name":"Relax Matte mit eingebaute Pumpe"}]},{"@type":"WebSite","@id":"https:\/\/eurotrail.info\/#website","url":"https:\/\/eurotrail.info\/","name":"Eurotrail","description":"","publisher":{"@id":"https:\/\/eurotrail.info\/#organization"},"potentialAction":[{"@type":"SearchAction","target":{"@type":"EntryPoint","urlTemplate":"https:\/\/eurotrail.info\/?s={search_term_string}"},"query-input":{"@type":"PropertyValueSpecification","valueRequired":true,"valueName":"search_term_string"}}],"inLanguage":"de"},{"@type":"Organization","@id":"https:\/\/eurotrail.info\/#organization","name":"Eurotrail","url":"https:\/\/eurotrail.info\/","logo":{"@type":"ImageObject","inLanguage":"de","@id":"https:\/\/eurotrail.info\/#\/schema\/logo\/image\/","url":"https:\/\/eurotrail.info\/wp\/wp-content\/uploads\/2023\/07\/ET-logo-quote_NL-scaled.jpg","contentUrl":"https:\/\/eurotrail.info\/wp\/wp-content\/uploads\/2023\/07\/ET-logo-quote_NL-scaled.jpg","width":2560,"height":675,"caption":"Eurotrail"},"image":{"@id":"https:\/\/eurotrail.info\/#\/schema\/logo\/image\/"}}]}},"_links":{"self":[{"href":"https:\/\/eurotrail.info\/de\/wp-json\/wp\/v2\/product\/22994","targetHints":{"allow":["GET"]}}],"collection":[{"href":"https:\/\/eurotrail.info\/de\/wp-json\/wp\/v2\/product"}],"about":[{"href":"https:\/\/eurotrail.info\/de\/wp-json\/wp\/v2\/types\/product"}],"replies":[{"embeddable":true,"href":"https:\/\/eurotrail.info\/de\/wp-json\/wp\/v2\/comments?post=22994"}],"wp:featuredmedia":[{"embeddable":true,"href":"https:\/\/eurotrail.info\/de\/wp-json\/wp\/v2\/media\/22976"}],"wp:attachment":[{"href":"https:\/\/eurotrail.info\/de\/wp-json\/wp\/v2\/media?parent=22994"}],"wp:term":[{"taxonomy":"product_brand","embeddable":true,"href":"https:\/\/eurotrail.info\/de\/wp-json\/wp\/v2\/product_brand?post=22994"},{"taxonomy":"product_cat","embeddable":true,"href":"https:\/\/eurotrail.info\/de\/wp-json\/wp\/v2\/product_cat?post=22994"},{"taxonomy":"product_tag","embeddable":true,"href":"https:\/\/eurotrail.info\/de\/wp-json\/wp\/v2\/product_tag?post=22994"}],"curies":[{"name":"wp","href":"https:\/\/api.w.org\/{rel}","templated":true}]}}