{"id":23030,"date":"2025-01-29T14:45:18","date_gmt":"2025-01-29T13:49:43","guid":{"rendered":"https:\/\/eurotrail.info\/?post_type=product&#038;p=23030"},"modified":"2025-05-26T18:30:20","modified_gmt":"2025-05-26T17:30:20","slug":"sirius-tischlampe-wiederaufladbarsirius-tischlampe-wiederaufladbar","status":"publish","type":"product","link":"https:\/\/eurotrail.info\/de\/producten\/campingleuchten\/sirius-tischlampe-wiederaufladbarsirius-tischlampe-wiederaufladbar\/","title":{"rendered":"Sirius Tischlampe wiederaufladbar"},"content":{"rendered":"<p>Diese wiederaufladbare Tischleuchte ist die perfekte Beleuchtungsl\u00f6sung beim Camping, im Garten oder auf dem Balkon. Dank ihres cleveren Designs kann die Lampe in zwei H\u00f6hen verwendet werden, sodass Sie immer die richtige Beleuchtung f\u00fcr jede Situation haben. W\u00e4hlen Sie zwischen hellem, wei\u00dfem Licht f\u00fcr eine funktionale Beleuchtung oder warmem Umgebungslicht f\u00fcr ein gem\u00fctliches Ambiente.<\/p>\n<p>Die Lampe ist dimmbar, so dass Sie die Lichtintensit\u00e4t ganz einfach an Ihre Bed\u00fcrfnisse anpassen k\u00f6nnen. Dank des robusten Stahlsockels steht die Lampe auch auf unebenen Fl\u00e4chen immer stabil. Dank des wiederaufladbaren Akkus sind Sie nicht auf einen Stromanschluss angewiesen und k\u00f6nnen die Lampe \u00fcberallhin mitnehmen.<\/p>\n<p>Ob Sie im Zelt ein Buch lesen, unter dem Sternenhimmel essen oder einfach nur einen entspannten Abend im Freien genie\u00dfen wollen, diese vielseitige Tischlampe schafft immer die richtige Atmosph\u00e4re!<\/p>\n<p>Lieferumfang: Lampenschirm + Stab + Metallsockel, lackiert + Ladekabel<br \/>\nAbmessungen: 12 x 20 x 35 cm<br \/>\nVerpackungsma\u00dfe: 12,5 x 10 x 28,5 cm<br \/>\nGewicht: 596\u00a0g<br \/>\nWasserdicht: IP44 f\u00fcr den Innen- und Au\u00dfenbereich<br \/>\nLED: 3000K<br \/>\nLumen: 200LM<br \/>\nAnschlussart: USB-C, inklusive Ladekabel<br \/>\nBatterie: 1 x 3,7 V 2500 mAh Li-Ionen-Akku<\/p>\n","protected":false},"excerpt":{"rendered":"<p>Diese wiederaufladbare Tischleuchte ist die perfekte Beleuchtungsl\u00f6sung beim Camping, im Garten oder auf dem Balkon. Dank ihres cleveren Designs kann die Lampe in zwei H\u00f6hen&hellip;<\/p>\n","protected":false},"featured_media":23228,"comment_status":"open","ping_status":"closed","template":"","meta":{"_acf_changed":false},"product_brand":[],"product_cat":[102],"product_tag":[],"class_list":{"0":"post-23030","1":"product","2":"type-product","3":"status-publish","4":"has-post-thumbnail","6":"product_cat-campingleuchten","8":"first","9":"instock","10":"shipping-taxable","11":"product-type-simple"},"acf":[],"yoast_head":"<!-- This site is optimized with the Yoast SEO plugin v27.3 - https:\/\/yoast.com\/product\/yoast-seo-wordpress\/ -->\n<title>Sirius Tischlampe wiederaufladbar - Eurotrail<\/title>\n<meta name=\"description\" content=\"Wiederaufladbare Tischlampe ist die perfekte Beleuchtungsl\u00f6sung f\u00fcr Camping, Garten oder Balkon. Dimmbares wei\u00dfes oder warmes Licht.\" \/>\n<meta name=\"robots\" content=\"index, follow, max-snippet:-1, max-image-preview:large, max-video-preview:-1\" \/>\n<link rel=\"canonical\" href=\"https:\/\/eurotrail.info\/de\/producten\/campingleuchten\/sirius-tischlampe-wiederaufladbarsirius-tischlampe-wiederaufladbar\/\" \/>\n<meta property=\"og:locale\" content=\"de_DE\" \/>\n<meta property=\"og:type\" content=\"article\" \/>\n<meta property=\"og:title\" content=\"Sirius Tischlampe wiederaufladbar - Eurotrail\" \/>\n<meta property=\"og:description\" content=\"Wiederaufladbare Tischlampe ist die perfekte Beleuchtungsl\u00f6sung f\u00fcr Camping, Garten oder Balkon. Dimmbares wei\u00dfes oder warmes Licht.\" \/>\n<meta property=\"og:url\" content=\"https:\/\/eurotrail.info\/de\/producten\/campingleuchten\/sirius-tischlampe-wiederaufladbarsirius-tischlampe-wiederaufladbar\/\" \/>\n<meta property=\"og:site_name\" content=\"Eurotrail\" \/>\n<meta property=\"article:modified_time\" content=\"2025-05-26T17:30:20+00:00\" \/>\n<meta property=\"og:image\" content=\"https:\/\/eurotrail.info\/wp\/wp-content\/uploads\/2025\/01\/ETLT1245-Sirius-11-scaled.jpg\" \/>\n\t<meta property=\"og:image:width\" content=\"2560\" \/>\n\t<meta property=\"og:image:height\" content=\"2533\" \/>\n\t<meta property=\"og:image:type\" content=\"image\/jpeg\" \/>\n<meta name=\"twitter:card\" content=\"summary_large_image\" \/>\n<meta name=\"twitter:label1\" content=\"Gesch\u00e4tzte Lesezeit\" \/>\n\t<meta name=\"twitter:data1\" content=\"2\u00a0Minuten\" \/>\n<script type=\"application\/ld+json\" class=\"yoast-schema-graph\">{\"@context\":\"https:\\\/\\\/schema.org\",\"@graph\":[{\"@type\":\"WebPage\",\"@id\":\"https:\\\/\\\/eurotrail.info\\\/de\\\/producten\\\/campingleuchten\\\/sirius-tischlampe-wiederaufladbarsirius-tischlampe-wiederaufladbar\\\/\",\"url\":\"https:\\\/\\\/eurotrail.info\\\/de\\\/producten\\\/campingleuchten\\\/sirius-tischlampe-wiederaufladbarsirius-tischlampe-wiederaufladbar\\\/\",\"name\":\"Sirius Tischlampe wiederaufladbar - Eurotrail\",\"isPartOf\":{\"@id\":\"https:\\\/\\\/eurotrail.info\\\/#website\"},\"primaryImageOfPage\":{\"@id\":\"https:\\\/\\\/eurotrail.info\\\/de\\\/producten\\\/campingleuchten\\\/sirius-tischlampe-wiederaufladbarsirius-tischlampe-wiederaufladbar\\\/#primaryimage\"},\"image\":{\"@id\":\"https:\\\/\\\/eurotrail.info\\\/de\\\/producten\\\/campingleuchten\\\/sirius-tischlampe-wiederaufladbarsirius-tischlampe-wiederaufladbar\\\/#primaryimage\"},\"thumbnailUrl\":\"https:\\\/\\\/eurotrail.info\\\/wp\\\/wp-content\\\/uploads\\\/2025\\\/01\\\/ETLT1245-Sirius-11-scaled.jpg\",\"datePublished\":\"2025-01-29T13:49:43+00:00\",\"dateModified\":\"2025-05-26T17:30:20+00:00\",\"description\":\"Wiederaufladbare Tischlampe ist die perfekte Beleuchtungsl\u00f6sung f\u00fcr Camping, Garten oder Balkon. Dimmbares wei\u00dfes oder warmes Licht.\",\"breadcrumb\":{\"@id\":\"https:\\\/\\\/eurotrail.info\\\/de\\\/producten\\\/campingleuchten\\\/sirius-tischlampe-wiederaufladbarsirius-tischlampe-wiederaufladbar\\\/#breadcrumb\"},\"inLanguage\":\"de\",\"potentialAction\":[{\"@type\":\"ReadAction\",\"target\":[\"https:\\\/\\\/eurotrail.info\\\/de\\\/producten\\\/campingleuchten\\\/sirius-tischlampe-wiederaufladbarsirius-tischlampe-wiederaufladbar\\\/\"]}]},{\"@type\":\"ImageObject\",\"inLanguage\":\"de\",\"@id\":\"https:\\\/\\\/eurotrail.info\\\/de\\\/producten\\\/campingleuchten\\\/sirius-tischlampe-wiederaufladbarsirius-tischlampe-wiederaufladbar\\\/#primaryimage\",\"url\":\"https:\\\/\\\/eurotrail.info\\\/wp\\\/wp-content\\\/uploads\\\/2025\\\/01\\\/ETLT1245-Sirius-11-scaled.jpg\",\"contentUrl\":\"https:\\\/\\\/eurotrail.info\\\/wp\\\/wp-content\\\/uploads\\\/2025\\\/01\\\/ETLT1245-Sirius-11-scaled.jpg\",\"width\":2560,\"height\":2533,\"caption\":\"ETLT1245 Sirius oplaadbare tafellamp\"},{\"@type\":\"BreadcrumbList\",\"@id\":\"https:\\\/\\\/eurotrail.info\\\/de\\\/producten\\\/campingleuchten\\\/sirius-tischlampe-wiederaufladbarsirius-tischlampe-wiederaufladbar\\\/#breadcrumb\",\"itemListElement\":[{\"@type\":\"ListItem\",\"position\":1,\"name\":\"Home\",\"item\":\"https:\\\/\\\/eurotrail.info\\\/de\\\/\"},{\"@type\":\"ListItem\",\"position\":2,\"name\":\"Produkte\",\"item\":\"https:\\\/\\\/eurotrail.info\\\/de\\\/produkte\\\/\"},{\"@type\":\"ListItem\",\"position\":3,\"name\":\"Sirius Tischlampe wiederaufladbar\"}]},{\"@type\":\"WebSite\",\"@id\":\"https:\\\/\\\/eurotrail.info\\\/#website\",\"url\":\"https:\\\/\\\/eurotrail.info\\\/\",\"name\":\"Eurotrail\",\"description\":\"\",\"publisher\":{\"@id\":\"https:\\\/\\\/eurotrail.info\\\/#organization\"},\"potentialAction\":[{\"@type\":\"SearchAction\",\"target\":{\"@type\":\"EntryPoint\",\"urlTemplate\":\"https:\\\/\\\/eurotrail.info\\\/?s={search_term_string}\"},\"query-input\":{\"@type\":\"PropertyValueSpecification\",\"valueRequired\":true,\"valueName\":\"search_term_string\"}}],\"inLanguage\":\"de\"},{\"@type\":\"Organization\",\"@id\":\"https:\\\/\\\/eurotrail.info\\\/#organization\",\"name\":\"Eurotrail\",\"url\":\"https:\\\/\\\/eurotrail.info\\\/\",\"logo\":{\"@type\":\"ImageObject\",\"inLanguage\":\"de\",\"@id\":\"https:\\\/\\\/eurotrail.info\\\/#\\\/schema\\\/logo\\\/image\\\/\",\"url\":\"https:\\\/\\\/eurotrail.info\\\/wp\\\/wp-content\\\/uploads\\\/2023\\\/07\\\/ET-logo-quote_NL-scaled.jpg\",\"contentUrl\":\"https:\\\/\\\/eurotrail.info\\\/wp\\\/wp-content\\\/uploads\\\/2023\\\/07\\\/ET-logo-quote_NL-scaled.jpg\",\"width\":2560,\"height\":675,\"caption\":\"Eurotrail\"},\"image\":{\"@id\":\"https:\\\/\\\/eurotrail.info\\\/#\\\/schema\\\/logo\\\/image\\\/\"}}]}<\/script>\n<!-- \/ Yoast SEO plugin. -->","yoast_head_json":{"title":"Sirius Tischlampe wiederaufladbar - Eurotrail","description":"Wiederaufladbare Tischlampe ist die perfekte Beleuchtungsl\u00f6sung f\u00fcr Camping, Garten oder Balkon. Dimmbares wei\u00dfes oder warmes Licht.","robots":{"index":"index","follow":"follow","max-snippet":"max-snippet:-1","max-image-preview":"max-image-preview:large","max-video-preview":"max-video-preview:-1"},"canonical":"https:\/\/eurotrail.info\/de\/producten\/campingleuchten\/sirius-tischlampe-wiederaufladbarsirius-tischlampe-wiederaufladbar\/","og_locale":"de_DE","og_type":"article","og_title":"Sirius Tischlampe wiederaufladbar - Eurotrail","og_description":"Wiederaufladbare Tischlampe ist die perfekte Beleuchtungsl\u00f6sung f\u00fcr Camping, Garten oder Balkon. Dimmbares wei\u00dfes oder warmes Licht.","og_url":"https:\/\/eurotrail.info\/de\/producten\/campingleuchten\/sirius-tischlampe-wiederaufladbarsirius-tischlampe-wiederaufladbar\/","og_site_name":"Eurotrail","article_modified_time":"2025-05-26T17:30:20+00:00","og_image":[{"width":2560,"height":2533,"url":"https:\/\/eurotrail.info\/wp\/wp-content\/uploads\/2025\/01\/ETLT1245-Sirius-11-scaled.jpg","type":"image\/jpeg"}],"twitter_card":"summary_large_image","twitter_misc":{"Gesch\u00e4tzte Lesezeit":"2\u00a0Minuten"},"schema":{"@context":"https:\/\/schema.org","@graph":[{"@type":"WebPage","@id":"https:\/\/eurotrail.info\/de\/producten\/campingleuchten\/sirius-tischlampe-wiederaufladbarsirius-tischlampe-wiederaufladbar\/","url":"https:\/\/eurotrail.info\/de\/producten\/campingleuchten\/sirius-tischlampe-wiederaufladbarsirius-tischlampe-wiederaufladbar\/","name":"Sirius Tischlampe wiederaufladbar - Eurotrail","isPartOf":{"@id":"https:\/\/eurotrail.info\/#website"},"primaryImageOfPage":{"@id":"https:\/\/eurotrail.info\/de\/producten\/campingleuchten\/sirius-tischlampe-wiederaufladbarsirius-tischlampe-wiederaufladbar\/#primaryimage"},"image":{"@id":"https:\/\/eurotrail.info\/de\/producten\/campingleuchten\/sirius-tischlampe-wiederaufladbarsirius-tischlampe-wiederaufladbar\/#primaryimage"},"thumbnailUrl":"https:\/\/eurotrail.info\/wp\/wp-content\/uploads\/2025\/01\/ETLT1245-Sirius-11-scaled.jpg","datePublished":"2025-01-29T13:49:43+00:00","dateModified":"2025-05-26T17:30:20+00:00","description":"Wiederaufladbare Tischlampe ist die perfekte Beleuchtungsl\u00f6sung f\u00fcr Camping, Garten oder Balkon. Dimmbares wei\u00dfes oder warmes Licht.","breadcrumb":{"@id":"https:\/\/eurotrail.info\/de\/producten\/campingleuchten\/sirius-tischlampe-wiederaufladbarsirius-tischlampe-wiederaufladbar\/#breadcrumb"},"inLanguage":"de","potentialAction":[{"@type":"ReadAction","target":["https:\/\/eurotrail.info\/de\/producten\/campingleuchten\/sirius-tischlampe-wiederaufladbarsirius-tischlampe-wiederaufladbar\/"]}]},{"@type":"ImageObject","inLanguage":"de","@id":"https:\/\/eurotrail.info\/de\/producten\/campingleuchten\/sirius-tischlampe-wiederaufladbarsirius-tischlampe-wiederaufladbar\/#primaryimage","url":"https:\/\/eurotrail.info\/wp\/wp-content\/uploads\/2025\/01\/ETLT1245-Sirius-11-scaled.jpg","contentUrl":"https:\/\/eurotrail.info\/wp\/wp-content\/uploads\/2025\/01\/ETLT1245-Sirius-11-scaled.jpg","width":2560,"height":2533,"caption":"ETLT1245 Sirius oplaadbare tafellamp"},{"@type":"BreadcrumbList","@id":"https:\/\/eurotrail.info\/de\/producten\/campingleuchten\/sirius-tischlampe-wiederaufladbarsirius-tischlampe-wiederaufladbar\/#breadcrumb","itemListElement":[{"@type":"ListItem","position":1,"name":"Home","item":"https:\/\/eurotrail.info\/de\/"},{"@type":"ListItem","position":2,"name":"Produkte","item":"https:\/\/eurotrail.info\/de\/produkte\/"},{"@type":"ListItem","position":3,"name":"Sirius Tischlampe wiederaufladbar"}]},{"@type":"WebSite","@id":"https:\/\/eurotrail.info\/#website","url":"https:\/\/eurotrail.info\/","name":"Eurotrail","description":"","publisher":{"@id":"https:\/\/eurotrail.info\/#organization"},"potentialAction":[{"@type":"SearchAction","target":{"@type":"EntryPoint","urlTemplate":"https:\/\/eurotrail.info\/?s={search_term_string}"},"query-input":{"@type":"PropertyValueSpecification","valueRequired":true,"valueName":"search_term_string"}}],"inLanguage":"de"},{"@type":"Organization","@id":"https:\/\/eurotrail.info\/#organization","name":"Eurotrail","url":"https:\/\/eurotrail.info\/","logo":{"@type":"ImageObject","inLanguage":"de","@id":"https:\/\/eurotrail.info\/#\/schema\/logo\/image\/","url":"https:\/\/eurotrail.info\/wp\/wp-content\/uploads\/2023\/07\/ET-logo-quote_NL-scaled.jpg","contentUrl":"https:\/\/eurotrail.info\/wp\/wp-content\/uploads\/2023\/07\/ET-logo-quote_NL-scaled.jpg","width":2560,"height":675,"caption":"Eurotrail"},"image":{"@id":"https:\/\/eurotrail.info\/#\/schema\/logo\/image\/"}}]}},"_links":{"self":[{"href":"https:\/\/eurotrail.info\/de\/wp-json\/wp\/v2\/product\/23030","targetHints":{"allow":["GET"]}}],"collection":[{"href":"https:\/\/eurotrail.info\/de\/wp-json\/wp\/v2\/product"}],"about":[{"href":"https:\/\/eurotrail.info\/de\/wp-json\/wp\/v2\/types\/product"}],"replies":[{"embeddable":true,"href":"https:\/\/eurotrail.info\/de\/wp-json\/wp\/v2\/comments?post=23030"}],"wp:featuredmedia":[{"embeddable":true,"href":"https:\/\/eurotrail.info\/de\/wp-json\/wp\/v2\/media\/23228"}],"wp:attachment":[{"href":"https:\/\/eurotrail.info\/de\/wp-json\/wp\/v2\/media?parent=23030"}],"wp:term":[{"taxonomy":"product_brand","embeddable":true,"href":"https:\/\/eurotrail.info\/de\/wp-json\/wp\/v2\/product_brand?post=23030"},{"taxonomy":"product_cat","embeddable":true,"href":"https:\/\/eurotrail.info\/de\/wp-json\/wp\/v2\/product_cat?post=23030"},{"taxonomy":"product_tag","embeddable":true,"href":"https:\/\/eurotrail.info\/de\/wp-json\/wp\/v2\/product_tag?post=23030"}],"curies":[{"name":"wp","href":"https:\/\/api.w.org\/{rel}","templated":true}]}}