{"id":23046,"date":"2025-01-29T15:04:31","date_gmt":"2025-01-29T14:04:31","guid":{"rendered":"https:\/\/eurotrail.info\/?post_type=product&#038;p=23046"},"modified":"2026-02-11T16:51:37","modified_gmt":"2026-02-11T15:51:37","slug":"aufladbarer-standventilator","status":"publish","type":"product","link":"https:\/\/eurotrail.info\/de\/producten\/haushaltartikel\/ventilatoren\/aufladbarer-standventilator\/","title":{"rendered":"Aufladbarer Standventilator"},"content":{"rendered":"<p>Genie\u00dfen Sie angenehme K\u00fchlung, wo immer Sie wollen, mit diesem wiederaufladbaren Standventilator. Dank seines robusten Stativs steht er stabil auf jeder Oberfl\u00e4che und l\u00e4sst sich leicht in der H\u00f6he verstellen. Der Ventilator verf\u00fcgt \u00fcber mehrere Windmodi, die von einer sanften Brise bis zu einem starken Luftstrom reichen, sodass Sie immer die gew\u00fcnschte K\u00fchlung erhalten.<\/p>\n<p>Dieser Ventilator ist extrem leise und daher ideal f\u00fcr den Einsatz im Schlafzimmer oder im Vorzelt. Au\u00dferdem ist er mit integrierten LED-Lichtern ausgestattet, sodass er auch als Stimmungslicht fungiert. Dank des wiederaufladbaren USB-C-Akkus ben\u00f6tigen Sie keine Steckdose und k\u00f6nnen ihn \u00fcberall verwenden.<\/p>\n<p>Egal, ob Sie sich in warmen N\u00e4chten abk\u00fchlen m\u00fcssen oder eine frische Brise in Ihrem Vorzelt w\u00fcnschen, dieser vielseitige und leise Ventilator bietet die perfekte L\u00f6sung!<\/p>\n<p>Abmessungen: 85 cm &#8211; Ventilator \u00d8 26 cm<br \/>\nGewicht: 844g<br \/>\nWindgeschwindigkeiten: 5<br \/>\nLED: 3 Modi \u2013 DC 5 V 1 A (max), 4 W<br \/>\nNutzungsdauer: 3 &#8211; 7 Stunden<br \/>\nLumen: 200LM<br \/>\nVerbindungstyp: USB-C<br \/>\nBatterie: 2000 mAh<br \/>\nMaterial: PP-Kunststoff<\/p>\n","protected":false},"excerpt":{"rendered":"[embed]https:\/\/youtu.be\/j9cfE6jzVzQ[\/embed]\n","protected":false},"featured_media":23038,"comment_status":"open","ping_status":"closed","template":"","meta":{"_acf_changed":false},"product_brand":[],"product_cat":[78,205],"product_tag":[],"class_list":{"0":"post-23046","1":"product","2":"type-product","3":"status-publish","4":"has-post-thumbnail","6":"product_cat-haushaltartikel","7":"product_cat-ventilatoren","9":"first","10":"instock","11":"shipping-taxable","12":"product-type-simple"},"acf":[],"yoast_head":"<!-- This site is optimized with the Yoast SEO plugin v27.4 - https:\/\/yoast.com\/product\/yoast-seo-wordpress\/ -->\n<title>Aufladbarer Standventilator - Eurotrail<\/title>\n<meta name=\"description\" content=\"Wiederaufladbarer Ventilator mit stabilem Stativ, der \u00fcberall eingesetzt werden kann. Verschiedene Windmodi, LED-Stimmungsbeleuchtung, mausleise\" \/>\n<meta name=\"robots\" content=\"index, follow, max-snippet:-1, max-image-preview:large, max-video-preview:-1\" \/>\n<link rel=\"canonical\" href=\"https:\/\/eurotrail.info\/de\/producten\/haushaltartikel\/ventilatoren\/aufladbarer-standventilator\/\" \/>\n<meta property=\"og:locale\" content=\"de_DE\" \/>\n<meta property=\"og:type\" content=\"article\" \/>\n<meta property=\"og:title\" content=\"Aufladbarer Standventilator - Eurotrail\" \/>\n<meta property=\"og:description\" content=\"Wiederaufladbarer Ventilator mit stabilem Stativ, der \u00fcberall eingesetzt werden kann. Verschiedene Windmodi, LED-Stimmungsbeleuchtung, mausleise\" \/>\n<meta property=\"og:url\" content=\"https:\/\/eurotrail.info\/de\/producten\/haushaltartikel\/ventilatoren\/aufladbarer-standventilator\/\" \/>\n<meta property=\"og:site_name\" content=\"Eurotrail\" \/>\n<meta property=\"article:modified_time\" content=\"2026-02-11T15:51:37+00:00\" \/>\n<meta property=\"og:image\" content=\"https:\/\/eurotrail.info\/wp\/wp-content\/uploads\/2025\/01\/ETLT1446-Ventilator-1-scaled.jpg\" \/>\n\t<meta property=\"og:image:width\" content=\"1220\" \/>\n\t<meta property=\"og:image:height\" content=\"2560\" \/>\n\t<meta property=\"og:image:type\" content=\"image\/jpeg\" \/>\n<meta name=\"twitter:card\" content=\"summary_large_image\" \/>\n<meta name=\"twitter:label1\" content=\"Gesch\u00e4tzte Lesezeit\" \/>\n\t<meta name=\"twitter:data1\" content=\"1\u00a0Minute\" \/>\n<script type=\"application\/ld+json\" class=\"yoast-schema-graph\">{\"@context\":\"https:\\\/\\\/schema.org\",\"@graph\":[{\"@type\":\"WebPage\",\"@id\":\"https:\\\/\\\/eurotrail.info\\\/de\\\/producten\\\/haushaltartikel\\\/ventilatoren\\\/aufladbarer-standventilator\\\/\",\"url\":\"https:\\\/\\\/eurotrail.info\\\/de\\\/producten\\\/haushaltartikel\\\/ventilatoren\\\/aufladbarer-standventilator\\\/\",\"name\":\"Aufladbarer Standventilator - Eurotrail\",\"isPartOf\":{\"@id\":\"https:\\\/\\\/eurotrail.info\\\/#website\"},\"primaryImageOfPage\":{\"@id\":\"https:\\\/\\\/eurotrail.info\\\/de\\\/producten\\\/haushaltartikel\\\/ventilatoren\\\/aufladbarer-standventilator\\\/#primaryimage\"},\"image\":{\"@id\":\"https:\\\/\\\/eurotrail.info\\\/de\\\/producten\\\/haushaltartikel\\\/ventilatoren\\\/aufladbarer-standventilator\\\/#primaryimage\"},\"thumbnailUrl\":\"https:\\\/\\\/eurotrail.info\\\/wp\\\/wp-content\\\/uploads\\\/2025\\\/01\\\/ETLT1446-Ventilator-1-scaled.jpg\",\"datePublished\":\"2025-01-29T14:04:31+00:00\",\"dateModified\":\"2026-02-11T15:51:37+00:00\",\"description\":\"Wiederaufladbarer Ventilator mit stabilem Stativ, der \u00fcberall eingesetzt werden kann. Verschiedene Windmodi, LED-Stimmungsbeleuchtung, mausleise\",\"breadcrumb\":{\"@id\":\"https:\\\/\\\/eurotrail.info\\\/de\\\/producten\\\/haushaltartikel\\\/ventilatoren\\\/aufladbarer-standventilator\\\/#breadcrumb\"},\"inLanguage\":\"de\",\"potentialAction\":[{\"@type\":\"ReadAction\",\"target\":[\"https:\\\/\\\/eurotrail.info\\\/de\\\/producten\\\/haushaltartikel\\\/ventilatoren\\\/aufladbarer-standventilator\\\/\"]}]},{\"@type\":\"ImageObject\",\"inLanguage\":\"de\",\"@id\":\"https:\\\/\\\/eurotrail.info\\\/de\\\/producten\\\/haushaltartikel\\\/ventilatoren\\\/aufladbarer-standventilator\\\/#primaryimage\",\"url\":\"https:\\\/\\\/eurotrail.info\\\/wp\\\/wp-content\\\/uploads\\\/2025\\\/01\\\/ETLT1446-Ventilator-1-scaled.jpg\",\"contentUrl\":\"https:\\\/\\\/eurotrail.info\\\/wp\\\/wp-content\\\/uploads\\\/2025\\\/01\\\/ETLT1446-Ventilator-1-scaled.jpg\",\"width\":1220,\"height\":2560},{\"@type\":\"BreadcrumbList\",\"@id\":\"https:\\\/\\\/eurotrail.info\\\/de\\\/producten\\\/haushaltartikel\\\/ventilatoren\\\/aufladbarer-standventilator\\\/#breadcrumb\",\"itemListElement\":[{\"@type\":\"ListItem\",\"position\":1,\"name\":\"Home\",\"item\":\"https:\\\/\\\/eurotrail.info\\\/de\\\/\"},{\"@type\":\"ListItem\",\"position\":2,\"name\":\"Produkte\",\"item\":\"https:\\\/\\\/eurotrail.info\\\/de\\\/produkte\\\/\"},{\"@type\":\"ListItem\",\"position\":3,\"name\":\"Aufladbarer Standventilator\"}]},{\"@type\":\"WebSite\",\"@id\":\"https:\\\/\\\/eurotrail.info\\\/#website\",\"url\":\"https:\\\/\\\/eurotrail.info\\\/\",\"name\":\"Eurotrail\",\"description\":\"\",\"publisher\":{\"@id\":\"https:\\\/\\\/eurotrail.info\\\/#organization\"},\"potentialAction\":[{\"@type\":\"SearchAction\",\"target\":{\"@type\":\"EntryPoint\",\"urlTemplate\":\"https:\\\/\\\/eurotrail.info\\\/?s={search_term_string}\"},\"query-input\":{\"@type\":\"PropertyValueSpecification\",\"valueRequired\":true,\"valueName\":\"search_term_string\"}}],\"inLanguage\":\"de\"},{\"@type\":\"Organization\",\"@id\":\"https:\\\/\\\/eurotrail.info\\\/#organization\",\"name\":\"Eurotrail\",\"url\":\"https:\\\/\\\/eurotrail.info\\\/\",\"logo\":{\"@type\":\"ImageObject\",\"inLanguage\":\"de\",\"@id\":\"https:\\\/\\\/eurotrail.info\\\/#\\\/schema\\\/logo\\\/image\\\/\",\"url\":\"https:\\\/\\\/eurotrail.info\\\/wp\\\/wp-content\\\/uploads\\\/2023\\\/07\\\/ET-logo-quote_NL-scaled.jpg\",\"contentUrl\":\"https:\\\/\\\/eurotrail.info\\\/wp\\\/wp-content\\\/uploads\\\/2023\\\/07\\\/ET-logo-quote_NL-scaled.jpg\",\"width\":2560,\"height\":675,\"caption\":\"Eurotrail\"},\"image\":{\"@id\":\"https:\\\/\\\/eurotrail.info\\\/#\\\/schema\\\/logo\\\/image\\\/\"}}]}<\/script>\n<!-- \/ Yoast SEO plugin. -->","yoast_head_json":{"title":"Aufladbarer Standventilator - Eurotrail","description":"Wiederaufladbarer Ventilator mit stabilem Stativ, der \u00fcberall eingesetzt werden kann. Verschiedene Windmodi, LED-Stimmungsbeleuchtung, mausleise","robots":{"index":"index","follow":"follow","max-snippet":"max-snippet:-1","max-image-preview":"max-image-preview:large","max-video-preview":"max-video-preview:-1"},"canonical":"https:\/\/eurotrail.info\/de\/producten\/haushaltartikel\/ventilatoren\/aufladbarer-standventilator\/","og_locale":"de_DE","og_type":"article","og_title":"Aufladbarer Standventilator - Eurotrail","og_description":"Wiederaufladbarer Ventilator mit stabilem Stativ, der \u00fcberall eingesetzt werden kann. Verschiedene Windmodi, LED-Stimmungsbeleuchtung, mausleise","og_url":"https:\/\/eurotrail.info\/de\/producten\/haushaltartikel\/ventilatoren\/aufladbarer-standventilator\/","og_site_name":"Eurotrail","article_modified_time":"2026-02-11T15:51:37+00:00","og_image":[{"width":1220,"height":2560,"url":"https:\/\/eurotrail.info\/wp\/wp-content\/uploads\/2025\/01\/ETLT1446-Ventilator-1-scaled.jpg","type":"image\/jpeg"}],"twitter_card":"summary_large_image","twitter_misc":{"Gesch\u00e4tzte Lesezeit":"1\u00a0Minute"},"schema":{"@context":"https:\/\/schema.org","@graph":[{"@type":"WebPage","@id":"https:\/\/eurotrail.info\/de\/producten\/haushaltartikel\/ventilatoren\/aufladbarer-standventilator\/","url":"https:\/\/eurotrail.info\/de\/producten\/haushaltartikel\/ventilatoren\/aufladbarer-standventilator\/","name":"Aufladbarer Standventilator - Eurotrail","isPartOf":{"@id":"https:\/\/eurotrail.info\/#website"},"primaryImageOfPage":{"@id":"https:\/\/eurotrail.info\/de\/producten\/haushaltartikel\/ventilatoren\/aufladbarer-standventilator\/#primaryimage"},"image":{"@id":"https:\/\/eurotrail.info\/de\/producten\/haushaltartikel\/ventilatoren\/aufladbarer-standventilator\/#primaryimage"},"thumbnailUrl":"https:\/\/eurotrail.info\/wp\/wp-content\/uploads\/2025\/01\/ETLT1446-Ventilator-1-scaled.jpg","datePublished":"2025-01-29T14:04:31+00:00","dateModified":"2026-02-11T15:51:37+00:00","description":"Wiederaufladbarer Ventilator mit stabilem Stativ, der \u00fcberall eingesetzt werden kann. Verschiedene Windmodi, LED-Stimmungsbeleuchtung, mausleise","breadcrumb":{"@id":"https:\/\/eurotrail.info\/de\/producten\/haushaltartikel\/ventilatoren\/aufladbarer-standventilator\/#breadcrumb"},"inLanguage":"de","potentialAction":[{"@type":"ReadAction","target":["https:\/\/eurotrail.info\/de\/producten\/haushaltartikel\/ventilatoren\/aufladbarer-standventilator\/"]}]},{"@type":"ImageObject","inLanguage":"de","@id":"https:\/\/eurotrail.info\/de\/producten\/haushaltartikel\/ventilatoren\/aufladbarer-standventilator\/#primaryimage","url":"https:\/\/eurotrail.info\/wp\/wp-content\/uploads\/2025\/01\/ETLT1446-Ventilator-1-scaled.jpg","contentUrl":"https:\/\/eurotrail.info\/wp\/wp-content\/uploads\/2025\/01\/ETLT1446-Ventilator-1-scaled.jpg","width":1220,"height":2560},{"@type":"BreadcrumbList","@id":"https:\/\/eurotrail.info\/de\/producten\/haushaltartikel\/ventilatoren\/aufladbarer-standventilator\/#breadcrumb","itemListElement":[{"@type":"ListItem","position":1,"name":"Home","item":"https:\/\/eurotrail.info\/de\/"},{"@type":"ListItem","position":2,"name":"Produkte","item":"https:\/\/eurotrail.info\/de\/produkte\/"},{"@type":"ListItem","position":3,"name":"Aufladbarer Standventilator"}]},{"@type":"WebSite","@id":"https:\/\/eurotrail.info\/#website","url":"https:\/\/eurotrail.info\/","name":"Eurotrail","description":"","publisher":{"@id":"https:\/\/eurotrail.info\/#organization"},"potentialAction":[{"@type":"SearchAction","target":{"@type":"EntryPoint","urlTemplate":"https:\/\/eurotrail.info\/?s={search_term_string}"},"query-input":{"@type":"PropertyValueSpecification","valueRequired":true,"valueName":"search_term_string"}}],"inLanguage":"de"},{"@type":"Organization","@id":"https:\/\/eurotrail.info\/#organization","name":"Eurotrail","url":"https:\/\/eurotrail.info\/","logo":{"@type":"ImageObject","inLanguage":"de","@id":"https:\/\/eurotrail.info\/#\/schema\/logo\/image\/","url":"https:\/\/eurotrail.info\/wp\/wp-content\/uploads\/2023\/07\/ET-logo-quote_NL-scaled.jpg","contentUrl":"https:\/\/eurotrail.info\/wp\/wp-content\/uploads\/2023\/07\/ET-logo-quote_NL-scaled.jpg","width":2560,"height":675,"caption":"Eurotrail"},"image":{"@id":"https:\/\/eurotrail.info\/#\/schema\/logo\/image\/"}}]}},"_links":{"self":[{"href":"https:\/\/eurotrail.info\/de\/wp-json\/wp\/v2\/product\/23046","targetHints":{"allow":["GET"]}}],"collection":[{"href":"https:\/\/eurotrail.info\/de\/wp-json\/wp\/v2\/product"}],"about":[{"href":"https:\/\/eurotrail.info\/de\/wp-json\/wp\/v2\/types\/product"}],"replies":[{"embeddable":true,"href":"https:\/\/eurotrail.info\/de\/wp-json\/wp\/v2\/comments?post=23046"}],"wp:featuredmedia":[{"embeddable":true,"href":"https:\/\/eurotrail.info\/de\/wp-json\/wp\/v2\/media\/23038"}],"wp:attachment":[{"href":"https:\/\/eurotrail.info\/de\/wp-json\/wp\/v2\/media?parent=23046"}],"wp:term":[{"taxonomy":"product_brand","embeddable":true,"href":"https:\/\/eurotrail.info\/de\/wp-json\/wp\/v2\/product_brand?post=23046"},{"taxonomy":"product_cat","embeddable":true,"href":"https:\/\/eurotrail.info\/de\/wp-json\/wp\/v2\/product_cat?post=23046"},{"taxonomy":"product_tag","embeddable":true,"href":"https:\/\/eurotrail.info\/de\/wp-json\/wp\/v2\/product_tag?post=23046"}],"curies":[{"name":"wp","href":"https:\/\/api.w.org\/{rel}","templated":true}]}}