{"id":23070,"date":"2025-01-29T15:37:21","date_gmt":"2025-01-29T14:54:33","guid":{"rendered":"https:\/\/eurotrail.info\/?post_type=product&#038;p=23070"},"modified":"2025-01-29T15:54:33","modified_gmt":"2025-01-29T14:54:33","slug":"trittstuffe-mit-anti-rutsch","status":"publish","type":"product","link":"https:\/\/eurotrail.info\/de\/producten\/wohnwagenwohnmobilebus\/wohnwagen-zubehoer\/trittstuffe-mit-anti-rutsch\/","title":{"rendered":"Trittstuffe mit Anti-Rutsch"},"content":{"rendered":"<p>Steigen Sie einfach und sicher in Ihren Wohnwagen ein mit dieser klappbaren Trittstufe. Dank ihrer perfekten H\u00f6he von 23 cm bietet sie optimalen Komfort beim Ein- und Aussteigen. Die robuste Konstruktion ist mit einer sicheren, rutschfesten Oberschicht ausgestattet, so dass Sie auch bei nassem Wetter immer stabil stehen.<\/p>\n<p>Die Trittstufe ist vollst\u00e4ndig faltbar, so dass sie wenig Platz einnimmt und leicht zu transportieren ist. Au\u00dferdem ist sie gepr\u00fcft und entspricht der Norm EN4183, was Sicherheit und Zuverl\u00e4ssigkeit garantiert.<\/p>\n<p>Ob Sie nun campen oder unterwegs sind, diese Trittstufe ist ein unverzichtbares Zubeh\u00f6r f\u00fcr ein komfortables und sicheres Campingerlebnis!<\/p>\n<p>Abmessungen: 36,5 x 31 x 23 cm<br \/>\nPlattform: 34 x 30 cm<br \/>\nGewicht:\u00a02\u00a0kg<br \/>\nTraggewicht: max. 120 kg<br \/>\nMaterial: PP<\/p>\n","protected":false},"excerpt":{"rendered":"<p>Steigen Sie einfach und sicher in Ihren Wohnwagen ein mit dieser klappbaren Trittstufe. Dank ihrer perfekten H\u00f6he von 23 cm bietet sie optimalen Komfort beim&hellip;<\/p>\n","protected":false},"featured_media":23057,"comment_status":"open","ping_status":"closed","template":"","meta":{"_acf_changed":false},"product_brand":[],"product_cat":[77,71],"product_tag":[],"class_list":{"0":"post-23070","1":"product","2":"type-product","3":"status-publish","4":"has-post-thumbnail","6":"product_cat-wohnwagen-zubehoer","7":"product_cat-wohnwagenwohnmobilebus","9":"first","10":"instock","11":"shipping-taxable","12":"product-type-simple"},"acf":[],"yoast_head":"<!-- This site is optimized with the Yoast SEO plugin v27.3 - https:\/\/yoast.com\/product\/yoast-seo-wordpress\/ -->\n<title>Trittstuffe mit Anti-Rutsch - Eurotrail<\/title>\n<meta name=\"description\" content=\"Klappbare Trittstufe mit Anti-Rusch. H\u00f6he von 23 cm bietet sie optimalen Komfort beim Ein- und Aussteigen aus dem Wohnwagen. Entspricht EN4183.\" \/>\n<meta name=\"robots\" content=\"index, follow, max-snippet:-1, max-image-preview:large, max-video-preview:-1\" \/>\n<link rel=\"canonical\" href=\"https:\/\/eurotrail.info\/de\/producten\/wohnwagenwohnmobilebus\/wohnwagen-zubehoer\/trittstuffe-mit-anti-rutsch\/\" \/>\n<meta property=\"og:locale\" content=\"de_DE\" \/>\n<meta property=\"og:type\" content=\"article\" \/>\n<meta property=\"og:title\" content=\"Trittstuffe mit Anti-Rutsch - Eurotrail\" \/>\n<meta property=\"og:description\" content=\"Klappbare Trittstufe mit Anti-Rusch. H\u00f6he von 23 cm bietet sie optimalen Komfort beim Ein- und Aussteigen aus dem Wohnwagen. Entspricht EN4183.\" \/>\n<meta property=\"og:url\" content=\"https:\/\/eurotrail.info\/de\/producten\/wohnwagenwohnmobilebus\/wohnwagen-zubehoer\/trittstuffe-mit-anti-rutsch\/\" \/>\n<meta property=\"og:site_name\" content=\"Eurotrail\" \/>\n<meta property=\"og:image\" content=\"https:\/\/eurotrail.info\/wp\/wp-content\/uploads\/2025\/01\/ETCF0923-Trittstufe-Anti-Rutsch-1-1152x1024.jpg\" \/>\n\t<meta property=\"og:image:width\" content=\"1152\" \/>\n\t<meta property=\"og:image:height\" content=\"1024\" \/>\n\t<meta property=\"og:image:type\" content=\"image\/jpeg\" \/>\n<meta name=\"twitter:card\" content=\"summary_large_image\" \/>\n<meta name=\"twitter:label1\" content=\"Gesch\u00e4tzte Lesezeit\" \/>\n\t<meta name=\"twitter:data1\" content=\"1\u00a0Minute\" \/>\n<script type=\"application\/ld+json\" class=\"yoast-schema-graph\">{\"@context\":\"https:\\\/\\\/schema.org\",\"@graph\":[{\"@type\":\"WebPage\",\"@id\":\"https:\\\/\\\/eurotrail.info\\\/de\\\/producten\\\/wohnwagenwohnmobilebus\\\/wohnwagen-zubehoer\\\/trittstuffe-mit-anti-rutsch\\\/\",\"url\":\"https:\\\/\\\/eurotrail.info\\\/de\\\/producten\\\/wohnwagenwohnmobilebus\\\/wohnwagen-zubehoer\\\/trittstuffe-mit-anti-rutsch\\\/\",\"name\":\"Trittstuffe mit Anti-Rutsch - Eurotrail\",\"isPartOf\":{\"@id\":\"https:\\\/\\\/eurotrail.info\\\/#website\"},\"primaryImageOfPage\":{\"@id\":\"https:\\\/\\\/eurotrail.info\\\/de\\\/producten\\\/wohnwagenwohnmobilebus\\\/wohnwagen-zubehoer\\\/trittstuffe-mit-anti-rutsch\\\/#primaryimage\"},\"image\":{\"@id\":\"https:\\\/\\\/eurotrail.info\\\/de\\\/producten\\\/wohnwagenwohnmobilebus\\\/wohnwagen-zubehoer\\\/trittstuffe-mit-anti-rutsch\\\/#primaryimage\"},\"thumbnailUrl\":\"https:\\\/\\\/eurotrail.info\\\/wp\\\/wp-content\\\/uploads\\\/2025\\\/01\\\/ETCF0923-Trittstufe-Anti-Rutsch-1.jpg\",\"datePublished\":\"2025-01-29T14:54:33+00:00\",\"description\":\"Klappbare Trittstufe mit Anti-Rusch. H\u00f6he von 23 cm bietet sie optimalen Komfort beim Ein- und Aussteigen aus dem Wohnwagen. Entspricht EN4183.\",\"breadcrumb\":{\"@id\":\"https:\\\/\\\/eurotrail.info\\\/de\\\/producten\\\/wohnwagenwohnmobilebus\\\/wohnwagen-zubehoer\\\/trittstuffe-mit-anti-rutsch\\\/#breadcrumb\"},\"inLanguage\":\"de\",\"potentialAction\":[{\"@type\":\"ReadAction\",\"target\":[\"https:\\\/\\\/eurotrail.info\\\/de\\\/producten\\\/wohnwagenwohnmobilebus\\\/wohnwagen-zubehoer\\\/trittstuffe-mit-anti-rutsch\\\/\"]}]},{\"@type\":\"ImageObject\",\"inLanguage\":\"de\",\"@id\":\"https:\\\/\\\/eurotrail.info\\\/de\\\/producten\\\/wohnwagenwohnmobilebus\\\/wohnwagen-zubehoer\\\/trittstuffe-mit-anti-rutsch\\\/#primaryimage\",\"url\":\"https:\\\/\\\/eurotrail.info\\\/wp\\\/wp-content\\\/uploads\\\/2025\\\/01\\\/ETCF0923-Trittstufe-Anti-Rutsch-1.jpg\",\"contentUrl\":\"https:\\\/\\\/eurotrail.info\\\/wp\\\/wp-content\\\/uploads\\\/2025\\\/01\\\/ETCF0923-Trittstufe-Anti-Rutsch-1.jpg\",\"width\":2489,\"height\":2213,\"caption\":\"Stap eenvoudig en veilig in je caravan met deze inklapbare opstap\"},{\"@type\":\"BreadcrumbList\",\"@id\":\"https:\\\/\\\/eurotrail.info\\\/de\\\/producten\\\/wohnwagenwohnmobilebus\\\/wohnwagen-zubehoer\\\/trittstuffe-mit-anti-rutsch\\\/#breadcrumb\",\"itemListElement\":[{\"@type\":\"ListItem\",\"position\":1,\"name\":\"Home\",\"item\":\"https:\\\/\\\/eurotrail.info\\\/de\\\/\"},{\"@type\":\"ListItem\",\"position\":2,\"name\":\"Produkte\",\"item\":\"https:\\\/\\\/eurotrail.info\\\/de\\\/produkte\\\/\"},{\"@type\":\"ListItem\",\"position\":3,\"name\":\"Trittstuffe mit Anti-Rutsch\"}]},{\"@type\":\"WebSite\",\"@id\":\"https:\\\/\\\/eurotrail.info\\\/#website\",\"url\":\"https:\\\/\\\/eurotrail.info\\\/\",\"name\":\"Eurotrail\",\"description\":\"\",\"publisher\":{\"@id\":\"https:\\\/\\\/eurotrail.info\\\/#organization\"},\"potentialAction\":[{\"@type\":\"SearchAction\",\"target\":{\"@type\":\"EntryPoint\",\"urlTemplate\":\"https:\\\/\\\/eurotrail.info\\\/?s={search_term_string}\"},\"query-input\":{\"@type\":\"PropertyValueSpecification\",\"valueRequired\":true,\"valueName\":\"search_term_string\"}}],\"inLanguage\":\"de\"},{\"@type\":\"Organization\",\"@id\":\"https:\\\/\\\/eurotrail.info\\\/#organization\",\"name\":\"Eurotrail\",\"url\":\"https:\\\/\\\/eurotrail.info\\\/\",\"logo\":{\"@type\":\"ImageObject\",\"inLanguage\":\"de\",\"@id\":\"https:\\\/\\\/eurotrail.info\\\/#\\\/schema\\\/logo\\\/image\\\/\",\"url\":\"https:\\\/\\\/eurotrail.info\\\/wp\\\/wp-content\\\/uploads\\\/2023\\\/07\\\/ET-logo-quote_NL-scaled.jpg\",\"contentUrl\":\"https:\\\/\\\/eurotrail.info\\\/wp\\\/wp-content\\\/uploads\\\/2023\\\/07\\\/ET-logo-quote_NL-scaled.jpg\",\"width\":2560,\"height\":675,\"caption\":\"Eurotrail\"},\"image\":{\"@id\":\"https:\\\/\\\/eurotrail.info\\\/#\\\/schema\\\/logo\\\/image\\\/\"}}]}<\/script>\n<!-- \/ Yoast SEO plugin. -->","yoast_head_json":{"title":"Trittstuffe mit Anti-Rutsch - Eurotrail","description":"Klappbare Trittstufe mit Anti-Rusch. H\u00f6he von 23 cm bietet sie optimalen Komfort beim Ein- und Aussteigen aus dem Wohnwagen. Entspricht EN4183.","robots":{"index":"index","follow":"follow","max-snippet":"max-snippet:-1","max-image-preview":"max-image-preview:large","max-video-preview":"max-video-preview:-1"},"canonical":"https:\/\/eurotrail.info\/de\/producten\/wohnwagenwohnmobilebus\/wohnwagen-zubehoer\/trittstuffe-mit-anti-rutsch\/","og_locale":"de_DE","og_type":"article","og_title":"Trittstuffe mit Anti-Rutsch - Eurotrail","og_description":"Klappbare Trittstufe mit Anti-Rusch. H\u00f6he von 23 cm bietet sie optimalen Komfort beim Ein- und Aussteigen aus dem Wohnwagen. Entspricht EN4183.","og_url":"https:\/\/eurotrail.info\/de\/producten\/wohnwagenwohnmobilebus\/wohnwagen-zubehoer\/trittstuffe-mit-anti-rutsch\/","og_site_name":"Eurotrail","og_image":[{"width":1152,"height":1024,"url":"https:\/\/eurotrail.info\/wp\/wp-content\/uploads\/2025\/01\/ETCF0923-Trittstufe-Anti-Rutsch-1-1152x1024.jpg","type":"image\/jpeg"}],"twitter_card":"summary_large_image","twitter_misc":{"Gesch\u00e4tzte Lesezeit":"1\u00a0Minute"},"schema":{"@context":"https:\/\/schema.org","@graph":[{"@type":"WebPage","@id":"https:\/\/eurotrail.info\/de\/producten\/wohnwagenwohnmobilebus\/wohnwagen-zubehoer\/trittstuffe-mit-anti-rutsch\/","url":"https:\/\/eurotrail.info\/de\/producten\/wohnwagenwohnmobilebus\/wohnwagen-zubehoer\/trittstuffe-mit-anti-rutsch\/","name":"Trittstuffe mit Anti-Rutsch - Eurotrail","isPartOf":{"@id":"https:\/\/eurotrail.info\/#website"},"primaryImageOfPage":{"@id":"https:\/\/eurotrail.info\/de\/producten\/wohnwagenwohnmobilebus\/wohnwagen-zubehoer\/trittstuffe-mit-anti-rutsch\/#primaryimage"},"image":{"@id":"https:\/\/eurotrail.info\/de\/producten\/wohnwagenwohnmobilebus\/wohnwagen-zubehoer\/trittstuffe-mit-anti-rutsch\/#primaryimage"},"thumbnailUrl":"https:\/\/eurotrail.info\/wp\/wp-content\/uploads\/2025\/01\/ETCF0923-Trittstufe-Anti-Rutsch-1.jpg","datePublished":"2025-01-29T14:54:33+00:00","description":"Klappbare Trittstufe mit Anti-Rusch. H\u00f6he von 23 cm bietet sie optimalen Komfort beim Ein- und Aussteigen aus dem Wohnwagen. Entspricht EN4183.","breadcrumb":{"@id":"https:\/\/eurotrail.info\/de\/producten\/wohnwagenwohnmobilebus\/wohnwagen-zubehoer\/trittstuffe-mit-anti-rutsch\/#breadcrumb"},"inLanguage":"de","potentialAction":[{"@type":"ReadAction","target":["https:\/\/eurotrail.info\/de\/producten\/wohnwagenwohnmobilebus\/wohnwagen-zubehoer\/trittstuffe-mit-anti-rutsch\/"]}]},{"@type":"ImageObject","inLanguage":"de","@id":"https:\/\/eurotrail.info\/de\/producten\/wohnwagenwohnmobilebus\/wohnwagen-zubehoer\/trittstuffe-mit-anti-rutsch\/#primaryimage","url":"https:\/\/eurotrail.info\/wp\/wp-content\/uploads\/2025\/01\/ETCF0923-Trittstufe-Anti-Rutsch-1.jpg","contentUrl":"https:\/\/eurotrail.info\/wp\/wp-content\/uploads\/2025\/01\/ETCF0923-Trittstufe-Anti-Rutsch-1.jpg","width":2489,"height":2213,"caption":"Stap eenvoudig en veilig in je caravan met deze inklapbare opstap"},{"@type":"BreadcrumbList","@id":"https:\/\/eurotrail.info\/de\/producten\/wohnwagenwohnmobilebus\/wohnwagen-zubehoer\/trittstuffe-mit-anti-rutsch\/#breadcrumb","itemListElement":[{"@type":"ListItem","position":1,"name":"Home","item":"https:\/\/eurotrail.info\/de\/"},{"@type":"ListItem","position":2,"name":"Produkte","item":"https:\/\/eurotrail.info\/de\/produkte\/"},{"@type":"ListItem","position":3,"name":"Trittstuffe mit Anti-Rutsch"}]},{"@type":"WebSite","@id":"https:\/\/eurotrail.info\/#website","url":"https:\/\/eurotrail.info\/","name":"Eurotrail","description":"","publisher":{"@id":"https:\/\/eurotrail.info\/#organization"},"potentialAction":[{"@type":"SearchAction","target":{"@type":"EntryPoint","urlTemplate":"https:\/\/eurotrail.info\/?s={search_term_string}"},"query-input":{"@type":"PropertyValueSpecification","valueRequired":true,"valueName":"search_term_string"}}],"inLanguage":"de"},{"@type":"Organization","@id":"https:\/\/eurotrail.info\/#organization","name":"Eurotrail","url":"https:\/\/eurotrail.info\/","logo":{"@type":"ImageObject","inLanguage":"de","@id":"https:\/\/eurotrail.info\/#\/schema\/logo\/image\/","url":"https:\/\/eurotrail.info\/wp\/wp-content\/uploads\/2023\/07\/ET-logo-quote_NL-scaled.jpg","contentUrl":"https:\/\/eurotrail.info\/wp\/wp-content\/uploads\/2023\/07\/ET-logo-quote_NL-scaled.jpg","width":2560,"height":675,"caption":"Eurotrail"},"image":{"@id":"https:\/\/eurotrail.info\/#\/schema\/logo\/image\/"}}]}},"_links":{"self":[{"href":"https:\/\/eurotrail.info\/de\/wp-json\/wp\/v2\/product\/23070","targetHints":{"allow":["GET"]}}],"collection":[{"href":"https:\/\/eurotrail.info\/de\/wp-json\/wp\/v2\/product"}],"about":[{"href":"https:\/\/eurotrail.info\/de\/wp-json\/wp\/v2\/types\/product"}],"replies":[{"embeddable":true,"href":"https:\/\/eurotrail.info\/de\/wp-json\/wp\/v2\/comments?post=23070"}],"wp:featuredmedia":[{"embeddable":true,"href":"https:\/\/eurotrail.info\/de\/wp-json\/wp\/v2\/media\/23057"}],"wp:attachment":[{"href":"https:\/\/eurotrail.info\/de\/wp-json\/wp\/v2\/media?parent=23070"}],"wp:term":[{"taxonomy":"product_brand","embeddable":true,"href":"https:\/\/eurotrail.info\/de\/wp-json\/wp\/v2\/product_brand?post=23070"},{"taxonomy":"product_cat","embeddable":true,"href":"https:\/\/eurotrail.info\/de\/wp-json\/wp\/v2\/product_cat?post=23070"},{"taxonomy":"product_tag","embeddable":true,"href":"https:\/\/eurotrail.info\/de\/wp-json\/wp\/v2\/product_tag?post=23070"}],"curies":[{"name":"wp","href":"https:\/\/api.w.org\/{rel}","templated":true}]}}