{"id":23188,"date":"2025-03-12T10:00:12","date_gmt":"2025-03-12T09:00:12","guid":{"rendered":"https:\/\/eurotrail.info\/?post_type=product&#038;p=23188"},"modified":"2026-01-08T11:56:38","modified_gmt":"2026-01-08T10:56:38","slug":"topfet-dublin-3-teilig-mit-faltgriffe","status":"publish","type":"product","link":"https:\/\/eurotrail.info\/de\/producten\/haushaltartikel\/rvs-topsets\/topfet-dublin-3-teilig-mit-faltgriffe\/","title":{"rendered":"Topfet Dublin, 3 Teilig, mit Faltgriffe"},"content":{"rendered":"<h3><strong>Praktisches und Platzsparendes Camping-Kochtopfset<\/strong><\/h3>\n<p>Kochen beim Camping war noch nie so einfach! Unser 3-teiliges Camping-Kochtopfset wurde speziell f\u00fcr Camper entwickelt, die Komfort und Qualit\u00e4t sch\u00e4tzen. Mit drei verschiedenen Topfgr\u00f6\u00dfen und einem Glasdeckel hast du f\u00fcr jede Mahlzeit den passenden Topf zur Hand.<\/p>\n<h4><strong>Warum dieses Kochtopfset?<\/strong><\/h4>\n<ul>\n<li><strong>3 verschiedene Topfgr\u00f6\u00dfen<\/strong> \u2013 Ideal f\u00fcr Suppen, Pasta und viele andere Gerichte.<\/li>\n<li><strong>Hohe Form<\/strong> \u2013 Perfekt f\u00fcr effizientes Kochen auf begrenztem Raum.<\/li>\n<li><strong>Klappgriff &amp; Stapelbares Design<\/strong> \u2013 Die T\u00f6pfe passen perfekt ineinander und sparen Platz.<\/li>\n<li><strong>Geeignet f\u00fcr alle Gaskocher<\/strong> \u2013 Funktioniert auf jedem Gaskochfeld, ideal f\u00fcrs Camping.<\/li>\n<li><strong>Glasdeckel<\/strong> \u2013 Behalte den Kochvorgang stets im Blick.<\/li>\n<\/ul>\n<p>Mit diesem <strong>leichten und robusten Kochtopfset<\/strong> kochst du genauso einfach in der Natur wie zu Hause. <strong>Praktisch, kompakt und unverzichtbar f\u00fcr jede Campingreise!<\/strong><\/p>\n<p>\ud83d\udccf<span style=\"font-size: 1rem;\">Verf\u00fcgbar in 2 Gr\u00f6\u00dfen<\/span><\/p>\n<ul>\n<li>Dublin<br \/>\n\u00d812 x 12 cm, Fassungsverm\u00f6gen 1,3 Liter<br \/>\n\u00d816 x 15 cm, Fassungsverm\u00f6gen 2,5 Liter<br \/>\n\u00d820 x 17 cm, Fassungsverm\u00f6gen 4,5 Liter<\/p>\n<p>Dublin XL<br \/>\n\u00d814 x 13 cm, Fassungsverm\u00f6gen 1,7 Liter<br \/>\n\u00d818 x 16 cm, Fassungsverm\u00f6gen 3,5 Liter<br \/>\n\u00d822 x 18 cm, Fassungsverm\u00f6gen 5 Liter<\/li>\n<\/ul>\n","protected":false},"excerpt":{"rendered":"<p>Praktisches und Platzsparendes Camping-Kochtopfset Kochen beim Camping war noch nie so einfach! Unser 3-teiliges Camping-Kochtopfset wurde speziell f\u00fcr Camper entwickelt, die Komfort und Qualit\u00e4t sch\u00e4tzen.&hellip;<\/p>\n","protected":false},"featured_media":23154,"comment_status":"open","ping_status":"closed","template":"","meta":{"_acf_changed":false},"product_brand":[],"product_cat":[184,78],"product_tag":[],"class_list":{"0":"post-23188","1":"product","2":"type-product","3":"status-publish","4":"has-post-thumbnail","6":"product_cat-rvs-topsets","7":"product_cat-haushaltartikel","9":"first","10":"instock","11":"shipping-taxable","12":"product-type-simple"},"acf":[],"yoast_head":"<!-- This site is optimized with the Yoast SEO plugin v27.3 - https:\/\/yoast.com\/product\/yoast-seo-wordpress\/ -->\n<title>Topfet Dublin, 3 Teilig, mit Faltgriffe - Eurotrail<\/title>\n<meta name=\"description\" content=\"Kochen beim Camping war noch nie so einfach! Unser 3-teiliges Camping-Kochtopfset wurde speziell f\u00fcr Camper entwickelt, die Komfort und Qualit\u00e4t sch\u00e4tzen.\" \/>\n<meta name=\"robots\" content=\"index, follow, max-snippet:-1, max-image-preview:large, max-video-preview:-1\" \/>\n<link rel=\"canonical\" href=\"https:\/\/eurotrail.info\/de\/producten\/haushaltartikel\/rvs-topsets\/topfet-dublin-3-teilig-mit-faltgriffe\/\" \/>\n<meta property=\"og:locale\" content=\"de_DE\" \/>\n<meta property=\"og:type\" content=\"article\" \/>\n<meta property=\"og:title\" content=\"Topfet Dublin, 3 Teilig, mit Faltgriffe - Eurotrail\" \/>\n<meta property=\"og:description\" content=\"Kochen beim Camping war noch nie so einfach! Unser 3-teiliges Camping-Kochtopfset wurde speziell f\u00fcr Camper entwickelt, die Komfort und Qualit\u00e4t sch\u00e4tzen.\" \/>\n<meta property=\"og:url\" content=\"https:\/\/eurotrail.info\/de\/producten\/haushaltartikel\/rvs-topsets\/topfet-dublin-3-teilig-mit-faltgriffe\/\" \/>\n<meta property=\"og:site_name\" content=\"Eurotrail\" \/>\n<meta property=\"article:modified_time\" content=\"2026-01-08T10:56:38+00:00\" \/>\n<meta property=\"og:image\" content=\"https:\/\/eurotrail.info\/wp\/wp-content\/uploads\/2025\/03\/pannenset-1-scaled.jpg\" \/>\n\t<meta property=\"og:image:width\" content=\"2560\" \/>\n\t<meta property=\"og:image:height\" content=\"1818\" \/>\n\t<meta property=\"og:image:type\" content=\"image\/jpeg\" \/>\n<meta name=\"twitter:card\" content=\"summary_large_image\" \/>\n<meta name=\"twitter:label1\" content=\"Gesch\u00e4tzte Lesezeit\" \/>\n\t<meta name=\"twitter:data1\" content=\"2\u00a0Minuten\" \/>\n<script type=\"application\/ld+json\" class=\"yoast-schema-graph\">{\"@context\":\"https:\\\/\\\/schema.org\",\"@graph\":[{\"@type\":\"WebPage\",\"@id\":\"https:\\\/\\\/eurotrail.info\\\/de\\\/producten\\\/haushaltartikel\\\/rvs-topsets\\\/topfet-dublin-3-teilig-mit-faltgriffe\\\/\",\"url\":\"https:\\\/\\\/eurotrail.info\\\/de\\\/producten\\\/haushaltartikel\\\/rvs-topsets\\\/topfet-dublin-3-teilig-mit-faltgriffe\\\/\",\"name\":\"Topfet Dublin, 3 Teilig, mit Faltgriffe - Eurotrail\",\"isPartOf\":{\"@id\":\"https:\\\/\\\/eurotrail.info\\\/#website\"},\"primaryImageOfPage\":{\"@id\":\"https:\\\/\\\/eurotrail.info\\\/de\\\/producten\\\/haushaltartikel\\\/rvs-topsets\\\/topfet-dublin-3-teilig-mit-faltgriffe\\\/#primaryimage\"},\"image\":{\"@id\":\"https:\\\/\\\/eurotrail.info\\\/de\\\/producten\\\/haushaltartikel\\\/rvs-topsets\\\/topfet-dublin-3-teilig-mit-faltgriffe\\\/#primaryimage\"},\"thumbnailUrl\":\"https:\\\/\\\/eurotrail.info\\\/wp\\\/wp-content\\\/uploads\\\/2025\\\/03\\\/pannenset-1-scaled.jpg\",\"datePublished\":\"2025-03-12T09:00:12+00:00\",\"dateModified\":\"2026-01-08T10:56:38+00:00\",\"description\":\"Kochen beim Camping war noch nie so einfach! Unser 3-teiliges Camping-Kochtopfset wurde speziell f\u00fcr Camper entwickelt, die Komfort und Qualit\u00e4t sch\u00e4tzen.\",\"breadcrumb\":{\"@id\":\"https:\\\/\\\/eurotrail.info\\\/de\\\/producten\\\/haushaltartikel\\\/rvs-topsets\\\/topfet-dublin-3-teilig-mit-faltgriffe\\\/#breadcrumb\"},\"inLanguage\":\"de\",\"potentialAction\":[{\"@type\":\"ReadAction\",\"target\":[\"https:\\\/\\\/eurotrail.info\\\/de\\\/producten\\\/haushaltartikel\\\/rvs-topsets\\\/topfet-dublin-3-teilig-mit-faltgriffe\\\/\"]}]},{\"@type\":\"ImageObject\",\"inLanguage\":\"de\",\"@id\":\"https:\\\/\\\/eurotrail.info\\\/de\\\/producten\\\/haushaltartikel\\\/rvs-topsets\\\/topfet-dublin-3-teilig-mit-faltgriffe\\\/#primaryimage\",\"url\":\"https:\\\/\\\/eurotrail.info\\\/wp\\\/wp-content\\\/uploads\\\/2025\\\/03\\\/pannenset-1-scaled.jpg\",\"contentUrl\":\"https:\\\/\\\/eurotrail.info\\\/wp\\\/wp-content\\\/uploads\\\/2025\\\/03\\\/pannenset-1-scaled.jpg\",\"width\":2560,\"height\":1818,\"caption\":\"Koken op de camping was nog nooit zo eenvoudig! Onze 3-delige camping pannenset is speciaal ontworpen voor kampeerders die gemak en kwaliteit willen combineren\"},{\"@type\":\"BreadcrumbList\",\"@id\":\"https:\\\/\\\/eurotrail.info\\\/de\\\/producten\\\/haushaltartikel\\\/rvs-topsets\\\/topfet-dublin-3-teilig-mit-faltgriffe\\\/#breadcrumb\",\"itemListElement\":[{\"@type\":\"ListItem\",\"position\":1,\"name\":\"Home\",\"item\":\"https:\\\/\\\/eurotrail.info\\\/de\\\/\"},{\"@type\":\"ListItem\",\"position\":2,\"name\":\"Produkte\",\"item\":\"https:\\\/\\\/eurotrail.info\\\/de\\\/produkte\\\/\"},{\"@type\":\"ListItem\",\"position\":3,\"name\":\"Topfet Dublin, 3 Teilig, mit Faltgriffe\"}]},{\"@type\":\"WebSite\",\"@id\":\"https:\\\/\\\/eurotrail.info\\\/#website\",\"url\":\"https:\\\/\\\/eurotrail.info\\\/\",\"name\":\"Eurotrail\",\"description\":\"\",\"publisher\":{\"@id\":\"https:\\\/\\\/eurotrail.info\\\/#organization\"},\"potentialAction\":[{\"@type\":\"SearchAction\",\"target\":{\"@type\":\"EntryPoint\",\"urlTemplate\":\"https:\\\/\\\/eurotrail.info\\\/?s={search_term_string}\"},\"query-input\":{\"@type\":\"PropertyValueSpecification\",\"valueRequired\":true,\"valueName\":\"search_term_string\"}}],\"inLanguage\":\"de\"},{\"@type\":\"Organization\",\"@id\":\"https:\\\/\\\/eurotrail.info\\\/#organization\",\"name\":\"Eurotrail\",\"url\":\"https:\\\/\\\/eurotrail.info\\\/\",\"logo\":{\"@type\":\"ImageObject\",\"inLanguage\":\"de\",\"@id\":\"https:\\\/\\\/eurotrail.info\\\/#\\\/schema\\\/logo\\\/image\\\/\",\"url\":\"https:\\\/\\\/eurotrail.info\\\/wp\\\/wp-content\\\/uploads\\\/2023\\\/07\\\/ET-logo-quote_NL-scaled.jpg\",\"contentUrl\":\"https:\\\/\\\/eurotrail.info\\\/wp\\\/wp-content\\\/uploads\\\/2023\\\/07\\\/ET-logo-quote_NL-scaled.jpg\",\"width\":2560,\"height\":675,\"caption\":\"Eurotrail\"},\"image\":{\"@id\":\"https:\\\/\\\/eurotrail.info\\\/#\\\/schema\\\/logo\\\/image\\\/\"}}]}<\/script>\n<!-- \/ Yoast SEO plugin. -->","yoast_head_json":{"title":"Topfet Dublin, 3 Teilig, mit Faltgriffe - Eurotrail","description":"Kochen beim Camping war noch nie so einfach! Unser 3-teiliges Camping-Kochtopfset wurde speziell f\u00fcr Camper entwickelt, die Komfort und Qualit\u00e4t sch\u00e4tzen.","robots":{"index":"index","follow":"follow","max-snippet":"max-snippet:-1","max-image-preview":"max-image-preview:large","max-video-preview":"max-video-preview:-1"},"canonical":"https:\/\/eurotrail.info\/de\/producten\/haushaltartikel\/rvs-topsets\/topfet-dublin-3-teilig-mit-faltgriffe\/","og_locale":"de_DE","og_type":"article","og_title":"Topfet Dublin, 3 Teilig, mit Faltgriffe - Eurotrail","og_description":"Kochen beim Camping war noch nie so einfach! Unser 3-teiliges Camping-Kochtopfset wurde speziell f\u00fcr Camper entwickelt, die Komfort und Qualit\u00e4t sch\u00e4tzen.","og_url":"https:\/\/eurotrail.info\/de\/producten\/haushaltartikel\/rvs-topsets\/topfet-dublin-3-teilig-mit-faltgriffe\/","og_site_name":"Eurotrail","article_modified_time":"2026-01-08T10:56:38+00:00","og_image":[{"width":2560,"height":1818,"url":"https:\/\/eurotrail.info\/wp\/wp-content\/uploads\/2025\/03\/pannenset-1-scaled.jpg","type":"image\/jpeg"}],"twitter_card":"summary_large_image","twitter_misc":{"Gesch\u00e4tzte Lesezeit":"2\u00a0Minuten"},"schema":{"@context":"https:\/\/schema.org","@graph":[{"@type":"WebPage","@id":"https:\/\/eurotrail.info\/de\/producten\/haushaltartikel\/rvs-topsets\/topfet-dublin-3-teilig-mit-faltgriffe\/","url":"https:\/\/eurotrail.info\/de\/producten\/haushaltartikel\/rvs-topsets\/topfet-dublin-3-teilig-mit-faltgriffe\/","name":"Topfet Dublin, 3 Teilig, mit Faltgriffe - Eurotrail","isPartOf":{"@id":"https:\/\/eurotrail.info\/#website"},"primaryImageOfPage":{"@id":"https:\/\/eurotrail.info\/de\/producten\/haushaltartikel\/rvs-topsets\/topfet-dublin-3-teilig-mit-faltgriffe\/#primaryimage"},"image":{"@id":"https:\/\/eurotrail.info\/de\/producten\/haushaltartikel\/rvs-topsets\/topfet-dublin-3-teilig-mit-faltgriffe\/#primaryimage"},"thumbnailUrl":"https:\/\/eurotrail.info\/wp\/wp-content\/uploads\/2025\/03\/pannenset-1-scaled.jpg","datePublished":"2025-03-12T09:00:12+00:00","dateModified":"2026-01-08T10:56:38+00:00","description":"Kochen beim Camping war noch nie so einfach! Unser 3-teiliges Camping-Kochtopfset wurde speziell f\u00fcr Camper entwickelt, die Komfort und Qualit\u00e4t sch\u00e4tzen.","breadcrumb":{"@id":"https:\/\/eurotrail.info\/de\/producten\/haushaltartikel\/rvs-topsets\/topfet-dublin-3-teilig-mit-faltgriffe\/#breadcrumb"},"inLanguage":"de","potentialAction":[{"@type":"ReadAction","target":["https:\/\/eurotrail.info\/de\/producten\/haushaltartikel\/rvs-topsets\/topfet-dublin-3-teilig-mit-faltgriffe\/"]}]},{"@type":"ImageObject","inLanguage":"de","@id":"https:\/\/eurotrail.info\/de\/producten\/haushaltartikel\/rvs-topsets\/topfet-dublin-3-teilig-mit-faltgriffe\/#primaryimage","url":"https:\/\/eurotrail.info\/wp\/wp-content\/uploads\/2025\/03\/pannenset-1-scaled.jpg","contentUrl":"https:\/\/eurotrail.info\/wp\/wp-content\/uploads\/2025\/03\/pannenset-1-scaled.jpg","width":2560,"height":1818,"caption":"Koken op de camping was nog nooit zo eenvoudig! Onze 3-delige camping pannenset is speciaal ontworpen voor kampeerders die gemak en kwaliteit willen combineren"},{"@type":"BreadcrumbList","@id":"https:\/\/eurotrail.info\/de\/producten\/haushaltartikel\/rvs-topsets\/topfet-dublin-3-teilig-mit-faltgriffe\/#breadcrumb","itemListElement":[{"@type":"ListItem","position":1,"name":"Home","item":"https:\/\/eurotrail.info\/de\/"},{"@type":"ListItem","position":2,"name":"Produkte","item":"https:\/\/eurotrail.info\/de\/produkte\/"},{"@type":"ListItem","position":3,"name":"Topfet Dublin, 3 Teilig, mit Faltgriffe"}]},{"@type":"WebSite","@id":"https:\/\/eurotrail.info\/#website","url":"https:\/\/eurotrail.info\/","name":"Eurotrail","description":"","publisher":{"@id":"https:\/\/eurotrail.info\/#organization"},"potentialAction":[{"@type":"SearchAction","target":{"@type":"EntryPoint","urlTemplate":"https:\/\/eurotrail.info\/?s={search_term_string}"},"query-input":{"@type":"PropertyValueSpecification","valueRequired":true,"valueName":"search_term_string"}}],"inLanguage":"de"},{"@type":"Organization","@id":"https:\/\/eurotrail.info\/#organization","name":"Eurotrail","url":"https:\/\/eurotrail.info\/","logo":{"@type":"ImageObject","inLanguage":"de","@id":"https:\/\/eurotrail.info\/#\/schema\/logo\/image\/","url":"https:\/\/eurotrail.info\/wp\/wp-content\/uploads\/2023\/07\/ET-logo-quote_NL-scaled.jpg","contentUrl":"https:\/\/eurotrail.info\/wp\/wp-content\/uploads\/2023\/07\/ET-logo-quote_NL-scaled.jpg","width":2560,"height":675,"caption":"Eurotrail"},"image":{"@id":"https:\/\/eurotrail.info\/#\/schema\/logo\/image\/"}}]}},"_links":{"self":[{"href":"https:\/\/eurotrail.info\/de\/wp-json\/wp\/v2\/product\/23188","targetHints":{"allow":["GET"]}}],"collection":[{"href":"https:\/\/eurotrail.info\/de\/wp-json\/wp\/v2\/product"}],"about":[{"href":"https:\/\/eurotrail.info\/de\/wp-json\/wp\/v2\/types\/product"}],"replies":[{"embeddable":true,"href":"https:\/\/eurotrail.info\/de\/wp-json\/wp\/v2\/comments?post=23188"}],"wp:featuredmedia":[{"embeddable":true,"href":"https:\/\/eurotrail.info\/de\/wp-json\/wp\/v2\/media\/23154"}],"wp:attachment":[{"href":"https:\/\/eurotrail.info\/de\/wp-json\/wp\/v2\/media?parent=23188"}],"wp:term":[{"taxonomy":"product_brand","embeddable":true,"href":"https:\/\/eurotrail.info\/de\/wp-json\/wp\/v2\/product_brand?post=23188"},{"taxonomy":"product_cat","embeddable":true,"href":"https:\/\/eurotrail.info\/de\/wp-json\/wp\/v2\/product_cat?post=23188"},{"taxonomy":"product_tag","embeddable":true,"href":"https:\/\/eurotrail.info\/de\/wp-json\/wp\/v2\/product_tag?post=23188"}],"curies":[{"name":"wp","href":"https:\/\/api.w.org\/{rel}","templated":true}]}}