{"id":2322,"date":"2017-01-03T17:04:02","date_gmt":"2017-01-03T16:04:02","guid":{"rendered":"http:\/\/preview.eurotrail.info\/producten\/fjord-vordach-set-buszelt\/"},"modified":"2019-02-25T08:49:57","modified_gmt":"2019-02-25T07:49:57","slug":"fjord-vordach-set-buszelt","status":"publish","type":"product","link":"https:\/\/eurotrail.info\/de\/producten\/wohnwagenwohnmobilebus\/sonnendaecher\/fjord-vordach-set-buszelt\/","title":{"rendered":"FJORD Buszelt Vordach Set"},"content":{"rendered":"<p><strong>Vorzelt f\u00fcr das Sonnendach Fjord<\/strong><\/p>\n<p>Das Fjord Buszelt ist ein komplettes Set bestehend aus zwei Seitenw\u00e4nden, einer Vorderwand und Gest\u00e4ngeset. Lieferbar in 260cm oder 300cm breite.<br \/>\nSie k\u00f6nnen dieses Zelt mit dem Fjord Busvordach kombinieren und ist die perfekte Erg\u00e4nzung. Die Verbindung zwischen dem Sonnendach und den Zeltw\u00e4nden erfolgt \u00fcber das Gest\u00e4ngeset und das angen\u00e4htes Klettband. Die W\u00e4nde werden mittels Rei\u00dfverschluss miteinander verbunden. Somit entsteht ein geschlossenes Vorzelt vor Ihrem Bus, das Sie vor Regen und Wind sch\u00fctzt. Die Seitenteile haben Klarsichtfenster, die Vorderwand hat neben einem gro\u00dfen Fenster eine Eingangst\u00fcr. Alle Fenster sind von innen mit angen\u00e4hten Klappen verschlie\u00dfbar. Ein komplettes Gest\u00e4ngeset ist im Lieferumfang enthalten.<\/p>\n<p><a href=\"https:\/\/youtu.be\/3Q5z5sV2UbY\">Aufbauanleitung Fjord PR<\/a><\/p>\n<p>Set Information::<br \/>\nFJORD PR 260: 2x Seitenw\u00e4nde 240x210cm, Vorderwand: 260 x 180cm, Gewicht: 5.3 kg. (ohne Gest\u00e4nge), Packma\u00df: 45 x 40 x 10 cm<br \/>\nFJORD PR 300: 2 x Seitenw\u00e4nde 240x210cm, Vorderwand: 300 x 180cm, Gewicht: 5.5 kg. (ohne Gest\u00e4nge), Packma\u00df: 45 x 40 x 12 cm<\/p>\n<p>Material: 100% All Weather Tex, Polyeter UPF 50+<br \/>\nGest\u00e4nge: Stahl Rohr<br \/>\nFarbe: grau\/blau<\/p>\n<p>Lieferumfang: Vorderwand, Seitenw\u00e4nde, Quergest\u00e4nge aus Stahl, Heringe, Abspannleiter und Tasche (das Sonnendach geh\u00f6rt nicht zum Lieferumfang!)<\/p>\n","protected":false},"excerpt":{"rendered":"<p>Vorzelt f\u00fcr das Sonnendach Fjord Das Fjord Buszelt ist ein komplettes Set bestehend aus zwei Seitenw\u00e4nden, einer Vorderwand und Gest\u00e4ngeset. Lieferbar in 260cm oder 300cm&hellip;<\/p>\n","protected":false},"featured_media":5461,"comment_status":"open","ping_status":"closed","template":"","meta":{"_acf_changed":false},"product_brand":[],"product_cat":[75],"product_tag":[],"class_list":{"0":"post-2322","1":"product","2":"type-product","3":"status-publish","4":"has-post-thumbnail","6":"product_cat-sonnendaecher","8":"first","9":"instock","10":"shipping-taxable","11":"product-type-simple"},"acf":[],"yoast_head":"<!-- This site is optimized with the Yoast SEO plugin v27.4 - https:\/\/yoast.com\/product\/yoast-seo-wordpress\/ -->\n<title>FJORD Buszelt Vordach Set - Eurotrail<\/title>\n<meta name=\"robots\" content=\"index, follow, max-snippet:-1, max-image-preview:large, max-video-preview:-1\" \/>\n<link rel=\"canonical\" href=\"https:\/\/eurotrail.info\/de\/producten\/wohnwagenwohnmobilebus\/sonnendaecher\/fjord-vordach-set-buszelt\/\" \/>\n<meta property=\"og:locale\" content=\"de_DE\" \/>\n<meta property=\"og:type\" content=\"article\" \/>\n<meta property=\"og:title\" content=\"FJORD Buszelt Vordach Set - Eurotrail\" \/>\n<meta property=\"og:description\" content=\"Vorzelt f\u00fcr das Sonnendach Fjord Das Fjord Buszelt ist ein komplettes Set bestehend aus zwei Seitenw\u00e4nden, einer Vorderwand und Gest\u00e4ngeset. Lieferbar in 260cm oder 300cm&hellip;\" \/>\n<meta property=\"og:url\" content=\"https:\/\/eurotrail.info\/de\/producten\/wohnwagenwohnmobilebus\/sonnendaecher\/fjord-vordach-set-buszelt\/\" \/>\n<meta property=\"og:site_name\" content=\"Eurotrail\" \/>\n<meta property=\"article:modified_time\" content=\"2019-02-25T07:49:57+00:00\" \/>\n<meta property=\"og:image\" content=\"https:\/\/eurotrail.info\/wp\/wp-content\/uploads\/2017\/01\/bustent-2-klein-formaat.jpg\" \/>\n\t<meta property=\"og:image:width\" content=\"886\" \/>\n\t<meta property=\"og:image:height\" content=\"591\" \/>\n\t<meta property=\"og:image:type\" content=\"image\/jpeg\" \/>\n<meta name=\"twitter:card\" content=\"summary_large_image\" \/>\n<meta name=\"twitter:label1\" content=\"Gesch\u00e4tzte Lesezeit\" \/>\n\t<meta name=\"twitter:data1\" content=\"1\u00a0Minute\" \/>\n<script type=\"application\/ld+json\" class=\"yoast-schema-graph\">{\"@context\":\"https:\\\/\\\/schema.org\",\"@graph\":[{\"@type\":\"WebPage\",\"@id\":\"https:\\\/\\\/eurotrail.info\\\/de\\\/producten\\\/wohnwagenwohnmobilebus\\\/sonnendaecher\\\/fjord-vordach-set-buszelt\\\/\",\"url\":\"https:\\\/\\\/eurotrail.info\\\/de\\\/producten\\\/wohnwagenwohnmobilebus\\\/sonnendaecher\\\/fjord-vordach-set-buszelt\\\/\",\"name\":\"FJORD Buszelt Vordach Set - Eurotrail\",\"isPartOf\":{\"@id\":\"https:\\\/\\\/eurotrail.info\\\/#website\"},\"primaryImageOfPage\":{\"@id\":\"https:\\\/\\\/eurotrail.info\\\/de\\\/producten\\\/wohnwagenwohnmobilebus\\\/sonnendaecher\\\/fjord-vordach-set-buszelt\\\/#primaryimage\"},\"image\":{\"@id\":\"https:\\\/\\\/eurotrail.info\\\/de\\\/producten\\\/wohnwagenwohnmobilebus\\\/sonnendaecher\\\/fjord-vordach-set-buszelt\\\/#primaryimage\"},\"thumbnailUrl\":\"https:\\\/\\\/eurotrail.info\\\/wp\\\/wp-content\\\/uploads\\\/2017\\\/01\\\/bustent-2-klein-formaat.jpg\",\"datePublished\":\"2017-01-03T16:04:02+00:00\",\"dateModified\":\"2019-02-25T07:49:57+00:00\",\"breadcrumb\":{\"@id\":\"https:\\\/\\\/eurotrail.info\\\/de\\\/producten\\\/wohnwagenwohnmobilebus\\\/sonnendaecher\\\/fjord-vordach-set-buszelt\\\/#breadcrumb\"},\"inLanguage\":\"de\",\"potentialAction\":[{\"@type\":\"ReadAction\",\"target\":[\"https:\\\/\\\/eurotrail.info\\\/de\\\/producten\\\/wohnwagenwohnmobilebus\\\/sonnendaecher\\\/fjord-vordach-set-buszelt\\\/\"]}]},{\"@type\":\"ImageObject\",\"inLanguage\":\"de\",\"@id\":\"https:\\\/\\\/eurotrail.info\\\/de\\\/producten\\\/wohnwagenwohnmobilebus\\\/sonnendaecher\\\/fjord-vordach-set-buszelt\\\/#primaryimage\",\"url\":\"https:\\\/\\\/eurotrail.info\\\/wp\\\/wp-content\\\/uploads\\\/2017\\\/01\\\/bustent-2-klein-formaat.jpg\",\"contentUrl\":\"https:\\\/\\\/eurotrail.info\\\/wp\\\/wp-content\\\/uploads\\\/2017\\\/01\\\/bustent-2-klein-formaat.jpg\",\"width\":886,\"height\":591,\"caption\":\"Fjord Private room, Vorzelt f\u00fcr das Sonnendach Fjord\"},{\"@type\":\"BreadcrumbList\",\"@id\":\"https:\\\/\\\/eurotrail.info\\\/de\\\/producten\\\/wohnwagenwohnmobilebus\\\/sonnendaecher\\\/fjord-vordach-set-buszelt\\\/#breadcrumb\",\"itemListElement\":[{\"@type\":\"ListItem\",\"position\":1,\"name\":\"Home\",\"item\":\"https:\\\/\\\/eurotrail.info\\\/de\\\/\"},{\"@type\":\"ListItem\",\"position\":2,\"name\":\"Produkte\",\"item\":\"https:\\\/\\\/eurotrail.info\\\/de\\\/produkte\\\/\"},{\"@type\":\"ListItem\",\"position\":3,\"name\":\"FJORD Buszelt Vordach Set\"}]},{\"@type\":\"WebSite\",\"@id\":\"https:\\\/\\\/eurotrail.info\\\/#website\",\"url\":\"https:\\\/\\\/eurotrail.info\\\/\",\"name\":\"Eurotrail\",\"description\":\"\",\"publisher\":{\"@id\":\"https:\\\/\\\/eurotrail.info\\\/#organization\"},\"potentialAction\":[{\"@type\":\"SearchAction\",\"target\":{\"@type\":\"EntryPoint\",\"urlTemplate\":\"https:\\\/\\\/eurotrail.info\\\/?s={search_term_string}\"},\"query-input\":{\"@type\":\"PropertyValueSpecification\",\"valueRequired\":true,\"valueName\":\"search_term_string\"}}],\"inLanguage\":\"de\"},{\"@type\":\"Organization\",\"@id\":\"https:\\\/\\\/eurotrail.info\\\/#organization\",\"name\":\"Eurotrail\",\"url\":\"https:\\\/\\\/eurotrail.info\\\/\",\"logo\":{\"@type\":\"ImageObject\",\"inLanguage\":\"de\",\"@id\":\"https:\\\/\\\/eurotrail.info\\\/#\\\/schema\\\/logo\\\/image\\\/\",\"url\":\"https:\\\/\\\/eurotrail.info\\\/wp\\\/wp-content\\\/uploads\\\/2023\\\/07\\\/ET-logo-quote_NL-scaled.jpg\",\"contentUrl\":\"https:\\\/\\\/eurotrail.info\\\/wp\\\/wp-content\\\/uploads\\\/2023\\\/07\\\/ET-logo-quote_NL-scaled.jpg\",\"width\":2560,\"height\":675,\"caption\":\"Eurotrail\"},\"image\":{\"@id\":\"https:\\\/\\\/eurotrail.info\\\/#\\\/schema\\\/logo\\\/image\\\/\"}}]}<\/script>\n<!-- \/ Yoast SEO plugin. -->","yoast_head_json":{"title":"FJORD Buszelt Vordach Set - Eurotrail","robots":{"index":"index","follow":"follow","max-snippet":"max-snippet:-1","max-image-preview":"max-image-preview:large","max-video-preview":"max-video-preview:-1"},"canonical":"https:\/\/eurotrail.info\/de\/producten\/wohnwagenwohnmobilebus\/sonnendaecher\/fjord-vordach-set-buszelt\/","og_locale":"de_DE","og_type":"article","og_title":"FJORD Buszelt Vordach Set - Eurotrail","og_description":"Vorzelt f\u00fcr das Sonnendach Fjord Das Fjord Buszelt ist ein komplettes Set bestehend aus zwei Seitenw\u00e4nden, einer Vorderwand und Gest\u00e4ngeset. Lieferbar in 260cm oder 300cm&hellip;","og_url":"https:\/\/eurotrail.info\/de\/producten\/wohnwagenwohnmobilebus\/sonnendaecher\/fjord-vordach-set-buszelt\/","og_site_name":"Eurotrail","article_modified_time":"2019-02-25T07:49:57+00:00","og_image":[{"width":886,"height":591,"url":"https:\/\/eurotrail.info\/wp\/wp-content\/uploads\/2017\/01\/bustent-2-klein-formaat.jpg","type":"image\/jpeg"}],"twitter_card":"summary_large_image","twitter_misc":{"Gesch\u00e4tzte Lesezeit":"1\u00a0Minute"},"schema":{"@context":"https:\/\/schema.org","@graph":[{"@type":"WebPage","@id":"https:\/\/eurotrail.info\/de\/producten\/wohnwagenwohnmobilebus\/sonnendaecher\/fjord-vordach-set-buszelt\/","url":"https:\/\/eurotrail.info\/de\/producten\/wohnwagenwohnmobilebus\/sonnendaecher\/fjord-vordach-set-buszelt\/","name":"FJORD Buszelt Vordach Set - Eurotrail","isPartOf":{"@id":"https:\/\/eurotrail.info\/#website"},"primaryImageOfPage":{"@id":"https:\/\/eurotrail.info\/de\/producten\/wohnwagenwohnmobilebus\/sonnendaecher\/fjord-vordach-set-buszelt\/#primaryimage"},"image":{"@id":"https:\/\/eurotrail.info\/de\/producten\/wohnwagenwohnmobilebus\/sonnendaecher\/fjord-vordach-set-buszelt\/#primaryimage"},"thumbnailUrl":"https:\/\/eurotrail.info\/wp\/wp-content\/uploads\/2017\/01\/bustent-2-klein-formaat.jpg","datePublished":"2017-01-03T16:04:02+00:00","dateModified":"2019-02-25T07:49:57+00:00","breadcrumb":{"@id":"https:\/\/eurotrail.info\/de\/producten\/wohnwagenwohnmobilebus\/sonnendaecher\/fjord-vordach-set-buszelt\/#breadcrumb"},"inLanguage":"de","potentialAction":[{"@type":"ReadAction","target":["https:\/\/eurotrail.info\/de\/producten\/wohnwagenwohnmobilebus\/sonnendaecher\/fjord-vordach-set-buszelt\/"]}]},{"@type":"ImageObject","inLanguage":"de","@id":"https:\/\/eurotrail.info\/de\/producten\/wohnwagenwohnmobilebus\/sonnendaecher\/fjord-vordach-set-buszelt\/#primaryimage","url":"https:\/\/eurotrail.info\/wp\/wp-content\/uploads\/2017\/01\/bustent-2-klein-formaat.jpg","contentUrl":"https:\/\/eurotrail.info\/wp\/wp-content\/uploads\/2017\/01\/bustent-2-klein-formaat.jpg","width":886,"height":591,"caption":"Fjord Private room, Vorzelt f\u00fcr das Sonnendach Fjord"},{"@type":"BreadcrumbList","@id":"https:\/\/eurotrail.info\/de\/producten\/wohnwagenwohnmobilebus\/sonnendaecher\/fjord-vordach-set-buszelt\/#breadcrumb","itemListElement":[{"@type":"ListItem","position":1,"name":"Home","item":"https:\/\/eurotrail.info\/de\/"},{"@type":"ListItem","position":2,"name":"Produkte","item":"https:\/\/eurotrail.info\/de\/produkte\/"},{"@type":"ListItem","position":3,"name":"FJORD Buszelt Vordach Set"}]},{"@type":"WebSite","@id":"https:\/\/eurotrail.info\/#website","url":"https:\/\/eurotrail.info\/","name":"Eurotrail","description":"","publisher":{"@id":"https:\/\/eurotrail.info\/#organization"},"potentialAction":[{"@type":"SearchAction","target":{"@type":"EntryPoint","urlTemplate":"https:\/\/eurotrail.info\/?s={search_term_string}"},"query-input":{"@type":"PropertyValueSpecification","valueRequired":true,"valueName":"search_term_string"}}],"inLanguage":"de"},{"@type":"Organization","@id":"https:\/\/eurotrail.info\/#organization","name":"Eurotrail","url":"https:\/\/eurotrail.info\/","logo":{"@type":"ImageObject","inLanguage":"de","@id":"https:\/\/eurotrail.info\/#\/schema\/logo\/image\/","url":"https:\/\/eurotrail.info\/wp\/wp-content\/uploads\/2023\/07\/ET-logo-quote_NL-scaled.jpg","contentUrl":"https:\/\/eurotrail.info\/wp\/wp-content\/uploads\/2023\/07\/ET-logo-quote_NL-scaled.jpg","width":2560,"height":675,"caption":"Eurotrail"},"image":{"@id":"https:\/\/eurotrail.info\/#\/schema\/logo\/image\/"}}]}},"_links":{"self":[{"href":"https:\/\/eurotrail.info\/de\/wp-json\/wp\/v2\/product\/2322","targetHints":{"allow":["GET"]}}],"collection":[{"href":"https:\/\/eurotrail.info\/de\/wp-json\/wp\/v2\/product"}],"about":[{"href":"https:\/\/eurotrail.info\/de\/wp-json\/wp\/v2\/types\/product"}],"replies":[{"embeddable":true,"href":"https:\/\/eurotrail.info\/de\/wp-json\/wp\/v2\/comments?post=2322"}],"wp:featuredmedia":[{"embeddable":true,"href":"https:\/\/eurotrail.info\/de\/wp-json\/wp\/v2\/media\/5461"}],"wp:attachment":[{"href":"https:\/\/eurotrail.info\/de\/wp-json\/wp\/v2\/media?parent=2322"}],"wp:term":[{"taxonomy":"product_brand","embeddable":true,"href":"https:\/\/eurotrail.info\/de\/wp-json\/wp\/v2\/product_brand?post=2322"},{"taxonomy":"product_cat","embeddable":true,"href":"https:\/\/eurotrail.info\/de\/wp-json\/wp\/v2\/product_cat?post=2322"},{"taxonomy":"product_tag","embeddable":true,"href":"https:\/\/eurotrail.info\/de\/wp-json\/wp\/v2\/product_tag?post=2322"}],"curies":[{"name":"wp","href":"https:\/\/api.w.org\/{rel}","templated":true}]}}