{"id":23285,"date":"2025-04-03T14:14:45","date_gmt":"2025-04-03T13:17:23","guid":{"rendered":"https:\/\/eurotrail.info\/?post_type=product&#038;p=23285"},"modified":"2025-04-03T14:17:23","modified_gmt":"2025-04-03T13:17:23","slug":"murcia-12-tlg-geschirrset-melamine","status":"publish","type":"product","link":"https:\/\/eurotrail.info\/de\/producten\/haushaltartikel\/haushalt-geschirr\/murcia-12-tlg-geschirrset-melamine\/","title":{"rendered":"Murcia 12 Tlg. Geschirrset Melamine"},"content":{"rendered":"<p>Das 12-teilige Campinggeschirr besteht aus Melamin, einem Material, das hohen und niedrigen Temperaturen (-10 bis +70 Grad) zwei Stunden lang standh\u00e4lt.<br \/>\nDie unregelm\u00e4\u00dfigen Konturen des Geschirrs verleihen ihm eine luxuri\u00f6se Ausstrahlung und sorgen daf\u00fcr, dass Sie einen sch\u00f6n gedeckten Tisch gestalten k\u00f6nnen.<br \/>\nBPA-frei, sp\u00fclmaschinenfest, luxuri\u00f6ses Aussehen, kratzfest, praktisch unzerbrechlich, best\u00e4ndig bis 70 \u00baC.<\/p>\n<p>Ideal zum Campen, aber auch f\u00fcr den Einsatz zu Hause auf dem Gartentisch oder beim Grillen.<\/p>\n<p>4 x Essteller, \u00d827,5&#215;1,0 cm, 259 gr.<br \/>\n4 x Fr\u00fchst\u00fccksteller, \u00d823,0&#215;1,0cm, 180 gr.<br \/>\n4 x Suppenteller, \u00d819,0&#215;4,5cm, 202 gr.<\/p>\n<p>Material: 100 % Melamin<\/p>\n","protected":false},"excerpt":{"rendered":"<p>Das 12-teilige Campinggeschirr besteht aus Melamin, einem Material, das hohen und niedrigen Temperaturen (-10 bis +70 Grad) zwei Stunden lang standh\u00e4lt. Die unregelm\u00e4\u00dfigen Konturen des&hellip;<\/p>\n","protected":false},"featured_media":23281,"comment_status":"open","ping_status":"closed","template":"","meta":{"_acf_changed":false},"product_brand":[],"product_cat":[81,78],"product_tag":[],"class_list":{"0":"post-23285","1":"product","2":"type-product","3":"status-publish","4":"has-post-thumbnail","6":"product_cat-haushalt-geschirr","7":"product_cat-haushaltartikel","9":"first","10":"instock","11":"shipping-taxable","12":"product-type-simple"},"acf":[],"yoast_head":"<!-- This site is optimized with the Yoast SEO plugin v27.4 - https:\/\/yoast.com\/product\/yoast-seo-wordpress\/ -->\n<title>Murcia 12 Tlg. Geschirrset Melamine - Eurotrail<\/title>\n<meta name=\"description\" content=\"Die unregelm\u00e4\u00dfigen Konturen des Geschirrs verleihen ihm eine luxuri\u00f6se Ausstrahlung und sorgen daf\u00fcr, dass Sie einen sch\u00f6n gedeckten Tisch gestalten k\u00f6nnen.\" \/>\n<meta name=\"robots\" content=\"index, follow, max-snippet:-1, max-image-preview:large, max-video-preview:-1\" \/>\n<link rel=\"canonical\" href=\"https:\/\/eurotrail.info\/de\/producten\/haushaltartikel\/haushalt-geschirr\/murcia-12-tlg-geschirrset-melamine\/\" \/>\n<meta property=\"og:locale\" content=\"de_DE\" \/>\n<meta property=\"og:type\" content=\"article\" \/>\n<meta property=\"og:title\" content=\"Murcia 12 Tlg. Geschirrset Melamine - Eurotrail\" \/>\n<meta property=\"og:description\" content=\"Die unregelm\u00e4\u00dfigen Konturen des Geschirrs verleihen ihm eine luxuri\u00f6se Ausstrahlung und sorgen daf\u00fcr, dass Sie einen sch\u00f6n gedeckten Tisch gestalten k\u00f6nnen.\" \/>\n<meta property=\"og:url\" content=\"https:\/\/eurotrail.info\/de\/producten\/haushaltartikel\/haushalt-geschirr\/murcia-12-tlg-geschirrset-melamine\/\" \/>\n<meta property=\"og:site_name\" content=\"Eurotrail\" \/>\n<meta property=\"og:image\" content=\"https:\/\/eurotrail.info\/wp\/wp-content\/uploads\/2025\/04\/set-C4-scaled.jpg\" \/>\n\t<meta property=\"og:image:width\" content=\"2476\" \/>\n\t<meta property=\"og:image:height\" content=\"2560\" \/>\n\t<meta property=\"og:image:type\" content=\"image\/jpeg\" \/>\n<meta name=\"twitter:card\" content=\"summary_large_image\" \/>\n<meta name=\"twitter:label1\" content=\"Gesch\u00e4tzte Lesezeit\" \/>\n\t<meta name=\"twitter:data1\" content=\"1\u00a0Minute\" \/>\n<script type=\"application\/ld+json\" class=\"yoast-schema-graph\">{\"@context\":\"https:\\\/\\\/schema.org\",\"@graph\":[{\"@type\":\"WebPage\",\"@id\":\"https:\\\/\\\/eurotrail.info\\\/de\\\/producten\\\/haushaltartikel\\\/haushalt-geschirr\\\/murcia-12-tlg-geschirrset-melamine\\\/\",\"url\":\"https:\\\/\\\/eurotrail.info\\\/de\\\/producten\\\/haushaltartikel\\\/haushalt-geschirr\\\/murcia-12-tlg-geschirrset-melamine\\\/\",\"name\":\"Murcia 12 Tlg. Geschirrset Melamine - Eurotrail\",\"isPartOf\":{\"@id\":\"https:\\\/\\\/eurotrail.info\\\/#website\"},\"primaryImageOfPage\":{\"@id\":\"https:\\\/\\\/eurotrail.info\\\/de\\\/producten\\\/haushaltartikel\\\/haushalt-geschirr\\\/murcia-12-tlg-geschirrset-melamine\\\/#primaryimage\"},\"image\":{\"@id\":\"https:\\\/\\\/eurotrail.info\\\/de\\\/producten\\\/haushaltartikel\\\/haushalt-geschirr\\\/murcia-12-tlg-geschirrset-melamine\\\/#primaryimage\"},\"thumbnailUrl\":\"https:\\\/\\\/eurotrail.info\\\/wp\\\/wp-content\\\/uploads\\\/2025\\\/04\\\/set-C4-scaled.jpg\",\"datePublished\":\"2025-04-03T13:17:23+00:00\",\"description\":\"Die unregelm\u00e4\u00dfigen Konturen des Geschirrs verleihen ihm eine luxuri\u00f6se Ausstrahlung und sorgen daf\u00fcr, dass Sie einen sch\u00f6n gedeckten Tisch gestalten k\u00f6nnen.\",\"breadcrumb\":{\"@id\":\"https:\\\/\\\/eurotrail.info\\\/de\\\/producten\\\/haushaltartikel\\\/haushalt-geschirr\\\/murcia-12-tlg-geschirrset-melamine\\\/#breadcrumb\"},\"inLanguage\":\"de\",\"potentialAction\":[{\"@type\":\"ReadAction\",\"target\":[\"https:\\\/\\\/eurotrail.info\\\/de\\\/producten\\\/haushaltartikel\\\/haushalt-geschirr\\\/murcia-12-tlg-geschirrset-melamine\\\/\"]}]},{\"@type\":\"ImageObject\",\"inLanguage\":\"de\",\"@id\":\"https:\\\/\\\/eurotrail.info\\\/de\\\/producten\\\/haushaltartikel\\\/haushalt-geschirr\\\/murcia-12-tlg-geschirrset-melamine\\\/#primaryimage\",\"url\":\"https:\\\/\\\/eurotrail.info\\\/wp\\\/wp-content\\\/uploads\\\/2025\\\/04\\\/set-C4-scaled.jpg\",\"contentUrl\":\"https:\\\/\\\/eurotrail.info\\\/wp\\\/wp-content\\\/uploads\\\/2025\\\/04\\\/set-C4-scaled.jpg\",\"width\":2476,\"height\":2560,\"caption\":\"Murcia 12 dlg tafelservies melamine\"},{\"@type\":\"BreadcrumbList\",\"@id\":\"https:\\\/\\\/eurotrail.info\\\/de\\\/producten\\\/haushaltartikel\\\/haushalt-geschirr\\\/murcia-12-tlg-geschirrset-melamine\\\/#breadcrumb\",\"itemListElement\":[{\"@type\":\"ListItem\",\"position\":1,\"name\":\"Home\",\"item\":\"https:\\\/\\\/eurotrail.info\\\/de\\\/\"},{\"@type\":\"ListItem\",\"position\":2,\"name\":\"Produkte\",\"item\":\"https:\\\/\\\/eurotrail.info\\\/de\\\/produkte\\\/\"},{\"@type\":\"ListItem\",\"position\":3,\"name\":\"Murcia 12 Tlg. Geschirrset Melamine\"}]},{\"@type\":\"WebSite\",\"@id\":\"https:\\\/\\\/eurotrail.info\\\/#website\",\"url\":\"https:\\\/\\\/eurotrail.info\\\/\",\"name\":\"Eurotrail\",\"description\":\"\",\"publisher\":{\"@id\":\"https:\\\/\\\/eurotrail.info\\\/#organization\"},\"potentialAction\":[{\"@type\":\"SearchAction\",\"target\":{\"@type\":\"EntryPoint\",\"urlTemplate\":\"https:\\\/\\\/eurotrail.info\\\/?s={search_term_string}\"},\"query-input\":{\"@type\":\"PropertyValueSpecification\",\"valueRequired\":true,\"valueName\":\"search_term_string\"}}],\"inLanguage\":\"de\"},{\"@type\":\"Organization\",\"@id\":\"https:\\\/\\\/eurotrail.info\\\/#organization\",\"name\":\"Eurotrail\",\"url\":\"https:\\\/\\\/eurotrail.info\\\/\",\"logo\":{\"@type\":\"ImageObject\",\"inLanguage\":\"de\",\"@id\":\"https:\\\/\\\/eurotrail.info\\\/#\\\/schema\\\/logo\\\/image\\\/\",\"url\":\"https:\\\/\\\/eurotrail.info\\\/wp\\\/wp-content\\\/uploads\\\/2023\\\/07\\\/ET-logo-quote_NL-scaled.jpg\",\"contentUrl\":\"https:\\\/\\\/eurotrail.info\\\/wp\\\/wp-content\\\/uploads\\\/2023\\\/07\\\/ET-logo-quote_NL-scaled.jpg\",\"width\":2560,\"height\":675,\"caption\":\"Eurotrail\"},\"image\":{\"@id\":\"https:\\\/\\\/eurotrail.info\\\/#\\\/schema\\\/logo\\\/image\\\/\"}}]}<\/script>\n<!-- \/ Yoast SEO plugin. -->","yoast_head_json":{"title":"Murcia 12 Tlg. Geschirrset Melamine - Eurotrail","description":"Die unregelm\u00e4\u00dfigen Konturen des Geschirrs verleihen ihm eine luxuri\u00f6se Ausstrahlung und sorgen daf\u00fcr, dass Sie einen sch\u00f6n gedeckten Tisch gestalten k\u00f6nnen.","robots":{"index":"index","follow":"follow","max-snippet":"max-snippet:-1","max-image-preview":"max-image-preview:large","max-video-preview":"max-video-preview:-1"},"canonical":"https:\/\/eurotrail.info\/de\/producten\/haushaltartikel\/haushalt-geschirr\/murcia-12-tlg-geschirrset-melamine\/","og_locale":"de_DE","og_type":"article","og_title":"Murcia 12 Tlg. Geschirrset Melamine - Eurotrail","og_description":"Die unregelm\u00e4\u00dfigen Konturen des Geschirrs verleihen ihm eine luxuri\u00f6se Ausstrahlung und sorgen daf\u00fcr, dass Sie einen sch\u00f6n gedeckten Tisch gestalten k\u00f6nnen.","og_url":"https:\/\/eurotrail.info\/de\/producten\/haushaltartikel\/haushalt-geschirr\/murcia-12-tlg-geschirrset-melamine\/","og_site_name":"Eurotrail","og_image":[{"width":2476,"height":2560,"url":"https:\/\/eurotrail.info\/wp\/wp-content\/uploads\/2025\/04\/set-C4-scaled.jpg","type":"image\/jpeg"}],"twitter_card":"summary_large_image","twitter_misc":{"Gesch\u00e4tzte Lesezeit":"1\u00a0Minute"},"schema":{"@context":"https:\/\/schema.org","@graph":[{"@type":"WebPage","@id":"https:\/\/eurotrail.info\/de\/producten\/haushaltartikel\/haushalt-geschirr\/murcia-12-tlg-geschirrset-melamine\/","url":"https:\/\/eurotrail.info\/de\/producten\/haushaltartikel\/haushalt-geschirr\/murcia-12-tlg-geschirrset-melamine\/","name":"Murcia 12 Tlg. Geschirrset Melamine - Eurotrail","isPartOf":{"@id":"https:\/\/eurotrail.info\/#website"},"primaryImageOfPage":{"@id":"https:\/\/eurotrail.info\/de\/producten\/haushaltartikel\/haushalt-geschirr\/murcia-12-tlg-geschirrset-melamine\/#primaryimage"},"image":{"@id":"https:\/\/eurotrail.info\/de\/producten\/haushaltartikel\/haushalt-geschirr\/murcia-12-tlg-geschirrset-melamine\/#primaryimage"},"thumbnailUrl":"https:\/\/eurotrail.info\/wp\/wp-content\/uploads\/2025\/04\/set-C4-scaled.jpg","datePublished":"2025-04-03T13:17:23+00:00","description":"Die unregelm\u00e4\u00dfigen Konturen des Geschirrs verleihen ihm eine luxuri\u00f6se Ausstrahlung und sorgen daf\u00fcr, dass Sie einen sch\u00f6n gedeckten Tisch gestalten k\u00f6nnen.","breadcrumb":{"@id":"https:\/\/eurotrail.info\/de\/producten\/haushaltartikel\/haushalt-geschirr\/murcia-12-tlg-geschirrset-melamine\/#breadcrumb"},"inLanguage":"de","potentialAction":[{"@type":"ReadAction","target":["https:\/\/eurotrail.info\/de\/producten\/haushaltartikel\/haushalt-geschirr\/murcia-12-tlg-geschirrset-melamine\/"]}]},{"@type":"ImageObject","inLanguage":"de","@id":"https:\/\/eurotrail.info\/de\/producten\/haushaltartikel\/haushalt-geschirr\/murcia-12-tlg-geschirrset-melamine\/#primaryimage","url":"https:\/\/eurotrail.info\/wp\/wp-content\/uploads\/2025\/04\/set-C4-scaled.jpg","contentUrl":"https:\/\/eurotrail.info\/wp\/wp-content\/uploads\/2025\/04\/set-C4-scaled.jpg","width":2476,"height":2560,"caption":"Murcia 12 dlg tafelservies melamine"},{"@type":"BreadcrumbList","@id":"https:\/\/eurotrail.info\/de\/producten\/haushaltartikel\/haushalt-geschirr\/murcia-12-tlg-geschirrset-melamine\/#breadcrumb","itemListElement":[{"@type":"ListItem","position":1,"name":"Home","item":"https:\/\/eurotrail.info\/de\/"},{"@type":"ListItem","position":2,"name":"Produkte","item":"https:\/\/eurotrail.info\/de\/produkte\/"},{"@type":"ListItem","position":3,"name":"Murcia 12 Tlg. Geschirrset Melamine"}]},{"@type":"WebSite","@id":"https:\/\/eurotrail.info\/#website","url":"https:\/\/eurotrail.info\/","name":"Eurotrail","description":"","publisher":{"@id":"https:\/\/eurotrail.info\/#organization"},"potentialAction":[{"@type":"SearchAction","target":{"@type":"EntryPoint","urlTemplate":"https:\/\/eurotrail.info\/?s={search_term_string}"},"query-input":{"@type":"PropertyValueSpecification","valueRequired":true,"valueName":"search_term_string"}}],"inLanguage":"de"},{"@type":"Organization","@id":"https:\/\/eurotrail.info\/#organization","name":"Eurotrail","url":"https:\/\/eurotrail.info\/","logo":{"@type":"ImageObject","inLanguage":"de","@id":"https:\/\/eurotrail.info\/#\/schema\/logo\/image\/","url":"https:\/\/eurotrail.info\/wp\/wp-content\/uploads\/2023\/07\/ET-logo-quote_NL-scaled.jpg","contentUrl":"https:\/\/eurotrail.info\/wp\/wp-content\/uploads\/2023\/07\/ET-logo-quote_NL-scaled.jpg","width":2560,"height":675,"caption":"Eurotrail"},"image":{"@id":"https:\/\/eurotrail.info\/#\/schema\/logo\/image\/"}}]}},"_links":{"self":[{"href":"https:\/\/eurotrail.info\/de\/wp-json\/wp\/v2\/product\/23285","targetHints":{"allow":["GET"]}}],"collection":[{"href":"https:\/\/eurotrail.info\/de\/wp-json\/wp\/v2\/product"}],"about":[{"href":"https:\/\/eurotrail.info\/de\/wp-json\/wp\/v2\/types\/product"}],"replies":[{"embeddable":true,"href":"https:\/\/eurotrail.info\/de\/wp-json\/wp\/v2\/comments?post=23285"}],"wp:featuredmedia":[{"embeddable":true,"href":"https:\/\/eurotrail.info\/de\/wp-json\/wp\/v2\/media\/23281"}],"wp:attachment":[{"href":"https:\/\/eurotrail.info\/de\/wp-json\/wp\/v2\/media?parent=23285"}],"wp:term":[{"taxonomy":"product_brand","embeddable":true,"href":"https:\/\/eurotrail.info\/de\/wp-json\/wp\/v2\/product_brand?post=23285"},{"taxonomy":"product_cat","embeddable":true,"href":"https:\/\/eurotrail.info\/de\/wp-json\/wp\/v2\/product_cat?post=23285"},{"taxonomy":"product_tag","embeddable":true,"href":"https:\/\/eurotrail.info\/de\/wp-json\/wp\/v2\/product_tag?post=23285"}],"curies":[{"name":"wp","href":"https:\/\/api.w.org\/{rel}","templated":true}]}}