{"id":23294,"date":"2025-04-03T14:28:08","date_gmt":"2025-04-03T13:30:08","guid":{"rendered":"https:\/\/eurotrail.info\/?post_type=product&#038;p=23294"},"modified":"2025-04-03T14:30:09","modified_gmt":"2025-04-03T13:30:09","slug":"lucia-12-tlg-geschirrset-melamin","status":"publish","type":"product","link":"https:\/\/eurotrail.info\/de\/producten\/haushaltartikel\/haushalt-geschirr\/lucia-12-tlg-geschirrset-melamin\/","title":{"rendered":"Lucia 12 Tlg. Geschirrset, Melamin"},"content":{"rendered":"<p>Lucia ist ein 12-teiliges Geschirrset. Dieses Set hat ein markantes Design mit unregelm\u00e4\u00dfigen Konturen und besteht aus 100 % Melamin, ist nahezu unzerbrechlich und kratzfest. Dieses Geschirr ist sp\u00fclmaschinenfest und hitzebest\u00e4ndig bis 70 \u00b0C.<br \/>\nBPA-frei, sp\u00fclmaschinenfest, luxuri\u00f6ses Aussehen, kratzfest, praktisch unzerbrechlich, best\u00e4ndig bis 70 \u00baC.<\/p>\n<p>Perfekt f\u00fcr den Einsatz auf dem Campingplatz oder im Garten.<\/p>\n<p>Tassen separat erh\u00e4ltlich.<\/p>\n<p>4 x Essteller, \u00d827,5&#215;1,0 cm, 259 gr.<br \/>\n4 x Fr\u00fchst\u00fccksteller, \u00d823,0&#215;1,0cm, 180 gr.<br \/>\n4 x Suppenteller, \u00d819,0&#215;4,5cm, 202 gr.<\/p>\n<p>Material: 100 % Melamin<\/p>\n","protected":false},"excerpt":{"rendered":"<p>Lucia ist ein 12-teiliges Geschirrset. Dieses Set hat ein markantes Design mit unregelm\u00e4\u00dfigen Konturen und besteht aus 100 % Melamin, ist nahezu unzerbrechlich und kratzfest.&hellip;<\/p>\n","protected":false},"featured_media":23266,"comment_status":"open","ping_status":"closed","template":"","meta":{"_acf_changed":false},"product_brand":[],"product_cat":[81,78],"product_tag":[],"class_list":{"0":"post-23294","1":"product","2":"type-product","3":"status-publish","4":"has-post-thumbnail","6":"product_cat-haushalt-geschirr","7":"product_cat-haushaltartikel","9":"first","10":"instock","11":"shipping-taxable","12":"product-type-simple"},"acf":[],"yoast_head":"<!-- This site is optimized with the Yoast SEO plugin v27.4 - https:\/\/yoast.com\/product\/yoast-seo-wordpress\/ -->\n<title>Lucia 12 Tlg. Geschirrset, Melamin - Eurotrail<\/title>\n<meta name=\"description\" content=\"Dieses Set hat ein markantes Design mit unregelm\u00e4\u00dfigen Konturen und besteht aus 100 % Melamin, ist nahezu unzerbrechlich und kratzfest.\" \/>\n<meta name=\"robots\" content=\"index, follow, max-snippet:-1, max-image-preview:large, max-video-preview:-1\" \/>\n<link rel=\"canonical\" href=\"https:\/\/eurotrail.info\/de\/producten\/haushaltartikel\/haushalt-geschirr\/lucia-12-tlg-geschirrset-melamin\/\" \/>\n<meta property=\"og:locale\" content=\"de_DE\" \/>\n<meta property=\"og:type\" content=\"article\" \/>\n<meta property=\"og:title\" content=\"Lucia 12 Tlg. Geschirrset, Melamin - Eurotrail\" \/>\n<meta property=\"og:description\" content=\"Dieses Set hat ein markantes Design mit unregelm\u00e4\u00dfigen Konturen und besteht aus 100 % Melamin, ist nahezu unzerbrechlich und kratzfest.\" \/>\n<meta property=\"og:url\" content=\"https:\/\/eurotrail.info\/de\/producten\/haushaltartikel\/haushalt-geschirr\/lucia-12-tlg-geschirrset-melamin\/\" \/>\n<meta property=\"og:site_name\" content=\"Eurotrail\" \/>\n<meta property=\"article:modified_time\" content=\"2025-04-03T13:30:09+00:00\" \/>\n<meta property=\"og:image\" content=\"https:\/\/eurotrail.info\/wp\/wp-content\/uploads\/2025\/04\/set-A4-scaled.jpg\" \/>\n\t<meta property=\"og:image:width\" content=\"2560\" \/>\n\t<meta property=\"og:image:height\" content=\"2529\" \/>\n\t<meta property=\"og:image:type\" content=\"image\/jpeg\" \/>\n<meta name=\"twitter:card\" content=\"summary_large_image\" \/>\n<meta name=\"twitter:label1\" content=\"Gesch\u00e4tzte Lesezeit\" \/>\n\t<meta name=\"twitter:data1\" content=\"1\u00a0Minute\" \/>\n<script type=\"application\/ld+json\" class=\"yoast-schema-graph\">{\"@context\":\"https:\\\/\\\/schema.org\",\"@graph\":[{\"@type\":\"WebPage\",\"@id\":\"https:\\\/\\\/eurotrail.info\\\/de\\\/producten\\\/haushaltartikel\\\/haushalt-geschirr\\\/lucia-12-tlg-geschirrset-melamin\\\/\",\"url\":\"https:\\\/\\\/eurotrail.info\\\/de\\\/producten\\\/haushaltartikel\\\/haushalt-geschirr\\\/lucia-12-tlg-geschirrset-melamin\\\/\",\"name\":\"Lucia 12 Tlg. Geschirrset, Melamin - Eurotrail\",\"isPartOf\":{\"@id\":\"https:\\\/\\\/eurotrail.info\\\/#website\"},\"primaryImageOfPage\":{\"@id\":\"https:\\\/\\\/eurotrail.info\\\/de\\\/producten\\\/haushaltartikel\\\/haushalt-geschirr\\\/lucia-12-tlg-geschirrset-melamin\\\/#primaryimage\"},\"image\":{\"@id\":\"https:\\\/\\\/eurotrail.info\\\/de\\\/producten\\\/haushaltartikel\\\/haushalt-geschirr\\\/lucia-12-tlg-geschirrset-melamin\\\/#primaryimage\"},\"thumbnailUrl\":\"https:\\\/\\\/eurotrail.info\\\/wp\\\/wp-content\\\/uploads\\\/2025\\\/04\\\/set-A4-scaled.jpg\",\"datePublished\":\"2025-04-03T13:30:08+00:00\",\"dateModified\":\"2025-04-03T13:30:09+00:00\",\"description\":\"Dieses Set hat ein markantes Design mit unregelm\u00e4\u00dfigen Konturen und besteht aus 100 % Melamin, ist nahezu unzerbrechlich und kratzfest.\",\"breadcrumb\":{\"@id\":\"https:\\\/\\\/eurotrail.info\\\/de\\\/producten\\\/haushaltartikel\\\/haushalt-geschirr\\\/lucia-12-tlg-geschirrset-melamin\\\/#breadcrumb\"},\"inLanguage\":\"de\",\"potentialAction\":[{\"@type\":\"ReadAction\",\"target\":[\"https:\\\/\\\/eurotrail.info\\\/de\\\/producten\\\/haushaltartikel\\\/haushalt-geschirr\\\/lucia-12-tlg-geschirrset-melamin\\\/\"]}]},{\"@type\":\"ImageObject\",\"inLanguage\":\"de\",\"@id\":\"https:\\\/\\\/eurotrail.info\\\/de\\\/producten\\\/haushaltartikel\\\/haushalt-geschirr\\\/lucia-12-tlg-geschirrset-melamin\\\/#primaryimage\",\"url\":\"https:\\\/\\\/eurotrail.info\\\/wp\\\/wp-content\\\/uploads\\\/2025\\\/04\\\/set-A4-scaled.jpg\",\"contentUrl\":\"https:\\\/\\\/eurotrail.info\\\/wp\\\/wp-content\\\/uploads\\\/2025\\\/04\\\/set-A4-scaled.jpg\",\"width\":2560,\"height\":2529,\"caption\":\"Lucia 12 dlg. tafelservies, melamine\"},{\"@type\":\"BreadcrumbList\",\"@id\":\"https:\\\/\\\/eurotrail.info\\\/de\\\/producten\\\/haushaltartikel\\\/haushalt-geschirr\\\/lucia-12-tlg-geschirrset-melamin\\\/#breadcrumb\",\"itemListElement\":[{\"@type\":\"ListItem\",\"position\":1,\"name\":\"Home\",\"item\":\"https:\\\/\\\/eurotrail.info\\\/de\\\/\"},{\"@type\":\"ListItem\",\"position\":2,\"name\":\"Produkte\",\"item\":\"https:\\\/\\\/eurotrail.info\\\/de\\\/produkte\\\/\"},{\"@type\":\"ListItem\",\"position\":3,\"name\":\"Lucia 12 Tlg. Geschirrset, Melamin\"}]},{\"@type\":\"WebSite\",\"@id\":\"https:\\\/\\\/eurotrail.info\\\/#website\",\"url\":\"https:\\\/\\\/eurotrail.info\\\/\",\"name\":\"Eurotrail\",\"description\":\"\",\"publisher\":{\"@id\":\"https:\\\/\\\/eurotrail.info\\\/#organization\"},\"potentialAction\":[{\"@type\":\"SearchAction\",\"target\":{\"@type\":\"EntryPoint\",\"urlTemplate\":\"https:\\\/\\\/eurotrail.info\\\/?s={search_term_string}\"},\"query-input\":{\"@type\":\"PropertyValueSpecification\",\"valueRequired\":true,\"valueName\":\"search_term_string\"}}],\"inLanguage\":\"de\"},{\"@type\":\"Organization\",\"@id\":\"https:\\\/\\\/eurotrail.info\\\/#organization\",\"name\":\"Eurotrail\",\"url\":\"https:\\\/\\\/eurotrail.info\\\/\",\"logo\":{\"@type\":\"ImageObject\",\"inLanguage\":\"de\",\"@id\":\"https:\\\/\\\/eurotrail.info\\\/#\\\/schema\\\/logo\\\/image\\\/\",\"url\":\"https:\\\/\\\/eurotrail.info\\\/wp\\\/wp-content\\\/uploads\\\/2023\\\/07\\\/ET-logo-quote_NL-scaled.jpg\",\"contentUrl\":\"https:\\\/\\\/eurotrail.info\\\/wp\\\/wp-content\\\/uploads\\\/2023\\\/07\\\/ET-logo-quote_NL-scaled.jpg\",\"width\":2560,\"height\":675,\"caption\":\"Eurotrail\"},\"image\":{\"@id\":\"https:\\\/\\\/eurotrail.info\\\/#\\\/schema\\\/logo\\\/image\\\/\"}}]}<\/script>\n<!-- \/ Yoast SEO plugin. -->","yoast_head_json":{"title":"Lucia 12 Tlg. Geschirrset, Melamin - Eurotrail","description":"Dieses Set hat ein markantes Design mit unregelm\u00e4\u00dfigen Konturen und besteht aus 100 % Melamin, ist nahezu unzerbrechlich und kratzfest.","robots":{"index":"index","follow":"follow","max-snippet":"max-snippet:-1","max-image-preview":"max-image-preview:large","max-video-preview":"max-video-preview:-1"},"canonical":"https:\/\/eurotrail.info\/de\/producten\/haushaltartikel\/haushalt-geschirr\/lucia-12-tlg-geschirrset-melamin\/","og_locale":"de_DE","og_type":"article","og_title":"Lucia 12 Tlg. Geschirrset, Melamin - Eurotrail","og_description":"Dieses Set hat ein markantes Design mit unregelm\u00e4\u00dfigen Konturen und besteht aus 100 % Melamin, ist nahezu unzerbrechlich und kratzfest.","og_url":"https:\/\/eurotrail.info\/de\/producten\/haushaltartikel\/haushalt-geschirr\/lucia-12-tlg-geschirrset-melamin\/","og_site_name":"Eurotrail","article_modified_time":"2025-04-03T13:30:09+00:00","og_image":[{"width":2560,"height":2529,"url":"https:\/\/eurotrail.info\/wp\/wp-content\/uploads\/2025\/04\/set-A4-scaled.jpg","type":"image\/jpeg"}],"twitter_card":"summary_large_image","twitter_misc":{"Gesch\u00e4tzte Lesezeit":"1\u00a0Minute"},"schema":{"@context":"https:\/\/schema.org","@graph":[{"@type":"WebPage","@id":"https:\/\/eurotrail.info\/de\/producten\/haushaltartikel\/haushalt-geschirr\/lucia-12-tlg-geschirrset-melamin\/","url":"https:\/\/eurotrail.info\/de\/producten\/haushaltartikel\/haushalt-geschirr\/lucia-12-tlg-geschirrset-melamin\/","name":"Lucia 12 Tlg. Geschirrset, Melamin - Eurotrail","isPartOf":{"@id":"https:\/\/eurotrail.info\/#website"},"primaryImageOfPage":{"@id":"https:\/\/eurotrail.info\/de\/producten\/haushaltartikel\/haushalt-geschirr\/lucia-12-tlg-geschirrset-melamin\/#primaryimage"},"image":{"@id":"https:\/\/eurotrail.info\/de\/producten\/haushaltartikel\/haushalt-geschirr\/lucia-12-tlg-geschirrset-melamin\/#primaryimage"},"thumbnailUrl":"https:\/\/eurotrail.info\/wp\/wp-content\/uploads\/2025\/04\/set-A4-scaled.jpg","datePublished":"2025-04-03T13:30:08+00:00","dateModified":"2025-04-03T13:30:09+00:00","description":"Dieses Set hat ein markantes Design mit unregelm\u00e4\u00dfigen Konturen und besteht aus 100 % Melamin, ist nahezu unzerbrechlich und kratzfest.","breadcrumb":{"@id":"https:\/\/eurotrail.info\/de\/producten\/haushaltartikel\/haushalt-geschirr\/lucia-12-tlg-geschirrset-melamin\/#breadcrumb"},"inLanguage":"de","potentialAction":[{"@type":"ReadAction","target":["https:\/\/eurotrail.info\/de\/producten\/haushaltartikel\/haushalt-geschirr\/lucia-12-tlg-geschirrset-melamin\/"]}]},{"@type":"ImageObject","inLanguage":"de","@id":"https:\/\/eurotrail.info\/de\/producten\/haushaltartikel\/haushalt-geschirr\/lucia-12-tlg-geschirrset-melamin\/#primaryimage","url":"https:\/\/eurotrail.info\/wp\/wp-content\/uploads\/2025\/04\/set-A4-scaled.jpg","contentUrl":"https:\/\/eurotrail.info\/wp\/wp-content\/uploads\/2025\/04\/set-A4-scaled.jpg","width":2560,"height":2529,"caption":"Lucia 12 dlg. tafelservies, melamine"},{"@type":"BreadcrumbList","@id":"https:\/\/eurotrail.info\/de\/producten\/haushaltartikel\/haushalt-geschirr\/lucia-12-tlg-geschirrset-melamin\/#breadcrumb","itemListElement":[{"@type":"ListItem","position":1,"name":"Home","item":"https:\/\/eurotrail.info\/de\/"},{"@type":"ListItem","position":2,"name":"Produkte","item":"https:\/\/eurotrail.info\/de\/produkte\/"},{"@type":"ListItem","position":3,"name":"Lucia 12 Tlg. Geschirrset, Melamin"}]},{"@type":"WebSite","@id":"https:\/\/eurotrail.info\/#website","url":"https:\/\/eurotrail.info\/","name":"Eurotrail","description":"","publisher":{"@id":"https:\/\/eurotrail.info\/#organization"},"potentialAction":[{"@type":"SearchAction","target":{"@type":"EntryPoint","urlTemplate":"https:\/\/eurotrail.info\/?s={search_term_string}"},"query-input":{"@type":"PropertyValueSpecification","valueRequired":true,"valueName":"search_term_string"}}],"inLanguage":"de"},{"@type":"Organization","@id":"https:\/\/eurotrail.info\/#organization","name":"Eurotrail","url":"https:\/\/eurotrail.info\/","logo":{"@type":"ImageObject","inLanguage":"de","@id":"https:\/\/eurotrail.info\/#\/schema\/logo\/image\/","url":"https:\/\/eurotrail.info\/wp\/wp-content\/uploads\/2023\/07\/ET-logo-quote_NL-scaled.jpg","contentUrl":"https:\/\/eurotrail.info\/wp\/wp-content\/uploads\/2023\/07\/ET-logo-quote_NL-scaled.jpg","width":2560,"height":675,"caption":"Eurotrail"},"image":{"@id":"https:\/\/eurotrail.info\/#\/schema\/logo\/image\/"}}]}},"_links":{"self":[{"href":"https:\/\/eurotrail.info\/de\/wp-json\/wp\/v2\/product\/23294","targetHints":{"allow":["GET"]}}],"collection":[{"href":"https:\/\/eurotrail.info\/de\/wp-json\/wp\/v2\/product"}],"about":[{"href":"https:\/\/eurotrail.info\/de\/wp-json\/wp\/v2\/types\/product"}],"replies":[{"embeddable":true,"href":"https:\/\/eurotrail.info\/de\/wp-json\/wp\/v2\/comments?post=23294"}],"wp:featuredmedia":[{"embeddable":true,"href":"https:\/\/eurotrail.info\/de\/wp-json\/wp\/v2\/media\/23266"}],"wp:attachment":[{"href":"https:\/\/eurotrail.info\/de\/wp-json\/wp\/v2\/media?parent=23294"}],"wp:term":[{"taxonomy":"product_brand","embeddable":true,"href":"https:\/\/eurotrail.info\/de\/wp-json\/wp\/v2\/product_brand?post=23294"},{"taxonomy":"product_cat","embeddable":true,"href":"https:\/\/eurotrail.info\/de\/wp-json\/wp\/v2\/product_cat?post=23294"},{"taxonomy":"product_tag","embeddable":true,"href":"https:\/\/eurotrail.info\/de\/wp-json\/wp\/v2\/product_tag?post=23294"}],"curies":[{"name":"wp","href":"https:\/\/api.w.org\/{rel}","templated":true}]}}