{"id":2337,"date":"2017-01-04T10:08:26","date_gmt":"2017-01-04T09:08:26","guid":{"rendered":"http:\/\/preview.eurotrail.info\/producten\/relax-matte\/"},"modified":"2017-03-13T14:13:35","modified_gmt":"2017-03-13T13:13:35","slug":"relax-matte","status":"publish","type":"product","link":"https:\/\/eurotrail.info\/de\/producten\/zeltteppich\/relax-matte\/","title":{"rendered":"Relax Matte"},"content":{"rendered":"<p>Die Relax-Matte ist sehr geeignet als Picknickdecke, oder Teppich in Ihrer Markise oder im Zelt oder sogar am Strand. Die Matte ist aus 100% atmungsaktivem Polypropylen und h\u00e4lt das Gras unbesch\u00e4digt.<\/p>\n<p>Die Relax Mat ist UV-best\u00e4ndig, h\u00e4lt ihre Farbe und ist leicht zu reinigen. Die Matte mit dem Original-Design kann auf beiden Seiten verwendet werden. Die Seiten sind am Rand mit einer Polyestergewebe eingen\u00e4ht und auf die Ecken befinden sich praktische Schlaufen zur Befestigung von Heringen (nicht einbegriffen).<\/p>\n<p>Die Relax-Matte bietet zus\u00e4tzlichen Komfort und ist perfekt als Picknick Decke innerhalb oder au\u00dferhalb Ihres Hauses im Garten, Camping oder sogar am Strand.<\/p>\n<p>Inklusive Aufbewahrungsbeutel.<\/p>\n<p>Erh\u00e4ltlich in 200x180cm oder 200x270cm Gr\u00f6\u00dfe.<br \/>\nFarben: Gr\u00fcn\/Silver Grau, Silver Grau\/Grau<\/p>\n<p>Material: 100% Polypropylen Atmungsaktiv<\/p>\n<ul>\n<li>Leicht zu reinigen<\/li>\n<li>Form- und schimmelresistent<\/li>\n<li>UV-stabil<\/li>\n<li>Auf beiden Seiten verwendbar<\/li>\n<li>Atmungsaktiv Material<\/li>\n<li>Inklusiv Tasche<\/li>\n<\/ul>\n","protected":false},"excerpt":{"rendered":"<p>Die Relax-Matte ist sehr geeignet als Picknickdecke, oder Teppich in Ihrer Markise oder im Zelt oder sogar am Strand. Die Matte ist aus 100% atmungsaktivem&hellip;<\/p>\n","protected":false},"featured_media":22782,"comment_status":"open","ping_status":"closed","template":"","meta":{"_acf_changed":false},"product_brand":[],"product_cat":[70],"product_tag":[],"class_list":{"0":"post-2337","1":"product","2":"type-product","3":"status-publish","4":"has-post-thumbnail","6":"product_cat-zeltteppich","8":"first","9":"instock","10":"shipping-taxable","11":"product-type-simple"},"acf":[],"yoast_head":"<!-- This site is optimized with the Yoast SEO plugin v27.4 - https:\/\/yoast.com\/product\/yoast-seo-wordpress\/ -->\n<title>Relax Matte - Eurotrail<\/title>\n<meta name=\"robots\" content=\"index, follow, max-snippet:-1, max-image-preview:large, max-video-preview:-1\" \/>\n<link rel=\"canonical\" href=\"https:\/\/eurotrail.info\/de\/producten\/zeltteppich\/relax-matte\/\" \/>\n<meta property=\"og:locale\" content=\"de_DE\" \/>\n<meta property=\"og:type\" content=\"article\" \/>\n<meta property=\"og:title\" content=\"Relax Matte - Eurotrail\" \/>\n<meta property=\"og:description\" content=\"Die Relax-Matte ist sehr geeignet als Picknickdecke, oder Teppich in Ihrer Markise oder im Zelt oder sogar am Strand. Die Matte ist aus 100% atmungsaktivem&hellip;\" \/>\n<meta property=\"og:url\" content=\"https:\/\/eurotrail.info\/de\/producten\/zeltteppich\/relax-matte\/\" \/>\n<meta property=\"og:site_name\" content=\"Eurotrail\" \/>\n<meta property=\"article:modified_time\" content=\"2017-03-13T13:13:35+00:00\" \/>\n<meta property=\"og:image\" content=\"https:\/\/eurotrail.info\/wp\/wp-content\/uploads\/2017\/01\/ETGS5001-6-1001-Relax-mat-Inca-3-klein.jpg\" \/>\n\t<meta property=\"og:image:width\" content=\"2230\" \/>\n\t<meta property=\"og:image:height\" content=\"1369\" \/>\n\t<meta property=\"og:image:type\" content=\"image\/jpeg\" \/>\n<meta name=\"twitter:card\" content=\"summary_large_image\" \/>\n<meta name=\"twitter:label1\" content=\"Gesch\u00e4tzte Lesezeit\" \/>\n\t<meta name=\"twitter:data1\" content=\"1\u00a0Minute\" \/>\n<script type=\"application\/ld+json\" class=\"yoast-schema-graph\">{\"@context\":\"https:\\\/\\\/schema.org\",\"@graph\":[{\"@type\":\"WebPage\",\"@id\":\"https:\\\/\\\/eurotrail.info\\\/de\\\/producten\\\/zeltteppich\\\/relax-matte\\\/\",\"url\":\"https:\\\/\\\/eurotrail.info\\\/de\\\/producten\\\/zeltteppich\\\/relax-matte\\\/\",\"name\":\"Relax Matte - Eurotrail\",\"isPartOf\":{\"@id\":\"https:\\\/\\\/eurotrail.info\\\/#website\"},\"primaryImageOfPage\":{\"@id\":\"https:\\\/\\\/eurotrail.info\\\/de\\\/producten\\\/zeltteppich\\\/relax-matte\\\/#primaryimage\"},\"image\":{\"@id\":\"https:\\\/\\\/eurotrail.info\\\/de\\\/producten\\\/zeltteppich\\\/relax-matte\\\/#primaryimage\"},\"thumbnailUrl\":\"https:\\\/\\\/eurotrail.info\\\/wp\\\/wp-content\\\/uploads\\\/2017\\\/01\\\/ETGS5001-6-1001-Relax-mat-Inca-3-klein.jpg\",\"datePublished\":\"2017-01-04T09:08:26+00:00\",\"dateModified\":\"2017-03-13T13:13:35+00:00\",\"breadcrumb\":{\"@id\":\"https:\\\/\\\/eurotrail.info\\\/de\\\/producten\\\/zeltteppich\\\/relax-matte\\\/#breadcrumb\"},\"inLanguage\":\"de\",\"potentialAction\":[{\"@type\":\"ReadAction\",\"target\":[\"https:\\\/\\\/eurotrail.info\\\/de\\\/producten\\\/zeltteppich\\\/relax-matte\\\/\"]}]},{\"@type\":\"ImageObject\",\"inLanguage\":\"de\",\"@id\":\"https:\\\/\\\/eurotrail.info\\\/de\\\/producten\\\/zeltteppich\\\/relax-matte\\\/#primaryimage\",\"url\":\"https:\\\/\\\/eurotrail.info\\\/wp\\\/wp-content\\\/uploads\\\/2017\\\/01\\\/ETGS5001-6-1001-Relax-mat-Inca-3-klein.jpg\",\"contentUrl\":\"https:\\\/\\\/eurotrail.info\\\/wp\\\/wp-content\\\/uploads\\\/2017\\\/01\\\/ETGS5001-6-1001-Relax-mat-Inca-3-klein.jpg\",\"width\":2230,\"height\":1369,\"caption\":\"Eurotrail Relax Mat\"},{\"@type\":\"BreadcrumbList\",\"@id\":\"https:\\\/\\\/eurotrail.info\\\/de\\\/producten\\\/zeltteppich\\\/relax-matte\\\/#breadcrumb\",\"itemListElement\":[{\"@type\":\"ListItem\",\"position\":1,\"name\":\"Home\",\"item\":\"https:\\\/\\\/eurotrail.info\\\/de\\\/\"},{\"@type\":\"ListItem\",\"position\":2,\"name\":\"Produkte\",\"item\":\"https:\\\/\\\/eurotrail.info\\\/de\\\/produkte\\\/\"},{\"@type\":\"ListItem\",\"position\":3,\"name\":\"Relax Matte\"}]},{\"@type\":\"WebSite\",\"@id\":\"https:\\\/\\\/eurotrail.info\\\/#website\",\"url\":\"https:\\\/\\\/eurotrail.info\\\/\",\"name\":\"Eurotrail\",\"description\":\"\",\"publisher\":{\"@id\":\"https:\\\/\\\/eurotrail.info\\\/#organization\"},\"potentialAction\":[{\"@type\":\"SearchAction\",\"target\":{\"@type\":\"EntryPoint\",\"urlTemplate\":\"https:\\\/\\\/eurotrail.info\\\/?s={search_term_string}\"},\"query-input\":{\"@type\":\"PropertyValueSpecification\",\"valueRequired\":true,\"valueName\":\"search_term_string\"}}],\"inLanguage\":\"de\"},{\"@type\":\"Organization\",\"@id\":\"https:\\\/\\\/eurotrail.info\\\/#organization\",\"name\":\"Eurotrail\",\"url\":\"https:\\\/\\\/eurotrail.info\\\/\",\"logo\":{\"@type\":\"ImageObject\",\"inLanguage\":\"de\",\"@id\":\"https:\\\/\\\/eurotrail.info\\\/#\\\/schema\\\/logo\\\/image\\\/\",\"url\":\"https:\\\/\\\/eurotrail.info\\\/wp\\\/wp-content\\\/uploads\\\/2023\\\/07\\\/ET-logo-quote_NL-scaled.jpg\",\"contentUrl\":\"https:\\\/\\\/eurotrail.info\\\/wp\\\/wp-content\\\/uploads\\\/2023\\\/07\\\/ET-logo-quote_NL-scaled.jpg\",\"width\":2560,\"height\":675,\"caption\":\"Eurotrail\"},\"image\":{\"@id\":\"https:\\\/\\\/eurotrail.info\\\/#\\\/schema\\\/logo\\\/image\\\/\"}}]}<\/script>\n<!-- \/ Yoast SEO plugin. -->","yoast_head_json":{"title":"Relax Matte - Eurotrail","robots":{"index":"index","follow":"follow","max-snippet":"max-snippet:-1","max-image-preview":"max-image-preview:large","max-video-preview":"max-video-preview:-1"},"canonical":"https:\/\/eurotrail.info\/de\/producten\/zeltteppich\/relax-matte\/","og_locale":"de_DE","og_type":"article","og_title":"Relax Matte - Eurotrail","og_description":"Die Relax-Matte ist sehr geeignet als Picknickdecke, oder Teppich in Ihrer Markise oder im Zelt oder sogar am Strand. Die Matte ist aus 100% atmungsaktivem&hellip;","og_url":"https:\/\/eurotrail.info\/de\/producten\/zeltteppich\/relax-matte\/","og_site_name":"Eurotrail","article_modified_time":"2017-03-13T13:13:35+00:00","og_image":[{"width":2230,"height":1369,"url":"https:\/\/eurotrail.info\/wp\/wp-content\/uploads\/2017\/01\/ETGS5001-6-1001-Relax-mat-Inca-3-klein.jpg","type":"image\/jpeg"}],"twitter_card":"summary_large_image","twitter_misc":{"Gesch\u00e4tzte Lesezeit":"1\u00a0Minute"},"schema":{"@context":"https:\/\/schema.org","@graph":[{"@type":"WebPage","@id":"https:\/\/eurotrail.info\/de\/producten\/zeltteppich\/relax-matte\/","url":"https:\/\/eurotrail.info\/de\/producten\/zeltteppich\/relax-matte\/","name":"Relax Matte - Eurotrail","isPartOf":{"@id":"https:\/\/eurotrail.info\/#website"},"primaryImageOfPage":{"@id":"https:\/\/eurotrail.info\/de\/producten\/zeltteppich\/relax-matte\/#primaryimage"},"image":{"@id":"https:\/\/eurotrail.info\/de\/producten\/zeltteppich\/relax-matte\/#primaryimage"},"thumbnailUrl":"https:\/\/eurotrail.info\/wp\/wp-content\/uploads\/2017\/01\/ETGS5001-6-1001-Relax-mat-Inca-3-klein.jpg","datePublished":"2017-01-04T09:08:26+00:00","dateModified":"2017-03-13T13:13:35+00:00","breadcrumb":{"@id":"https:\/\/eurotrail.info\/de\/producten\/zeltteppich\/relax-matte\/#breadcrumb"},"inLanguage":"de","potentialAction":[{"@type":"ReadAction","target":["https:\/\/eurotrail.info\/de\/producten\/zeltteppich\/relax-matte\/"]}]},{"@type":"ImageObject","inLanguage":"de","@id":"https:\/\/eurotrail.info\/de\/producten\/zeltteppich\/relax-matte\/#primaryimage","url":"https:\/\/eurotrail.info\/wp\/wp-content\/uploads\/2017\/01\/ETGS5001-6-1001-Relax-mat-Inca-3-klein.jpg","contentUrl":"https:\/\/eurotrail.info\/wp\/wp-content\/uploads\/2017\/01\/ETGS5001-6-1001-Relax-mat-Inca-3-klein.jpg","width":2230,"height":1369,"caption":"Eurotrail Relax Mat"},{"@type":"BreadcrumbList","@id":"https:\/\/eurotrail.info\/de\/producten\/zeltteppich\/relax-matte\/#breadcrumb","itemListElement":[{"@type":"ListItem","position":1,"name":"Home","item":"https:\/\/eurotrail.info\/de\/"},{"@type":"ListItem","position":2,"name":"Produkte","item":"https:\/\/eurotrail.info\/de\/produkte\/"},{"@type":"ListItem","position":3,"name":"Relax Matte"}]},{"@type":"WebSite","@id":"https:\/\/eurotrail.info\/#website","url":"https:\/\/eurotrail.info\/","name":"Eurotrail","description":"","publisher":{"@id":"https:\/\/eurotrail.info\/#organization"},"potentialAction":[{"@type":"SearchAction","target":{"@type":"EntryPoint","urlTemplate":"https:\/\/eurotrail.info\/?s={search_term_string}"},"query-input":{"@type":"PropertyValueSpecification","valueRequired":true,"valueName":"search_term_string"}}],"inLanguage":"de"},{"@type":"Organization","@id":"https:\/\/eurotrail.info\/#organization","name":"Eurotrail","url":"https:\/\/eurotrail.info\/","logo":{"@type":"ImageObject","inLanguage":"de","@id":"https:\/\/eurotrail.info\/#\/schema\/logo\/image\/","url":"https:\/\/eurotrail.info\/wp\/wp-content\/uploads\/2023\/07\/ET-logo-quote_NL-scaled.jpg","contentUrl":"https:\/\/eurotrail.info\/wp\/wp-content\/uploads\/2023\/07\/ET-logo-quote_NL-scaled.jpg","width":2560,"height":675,"caption":"Eurotrail"},"image":{"@id":"https:\/\/eurotrail.info\/#\/schema\/logo\/image\/"}}]}},"_links":{"self":[{"href":"https:\/\/eurotrail.info\/de\/wp-json\/wp\/v2\/product\/2337","targetHints":{"allow":["GET"]}}],"collection":[{"href":"https:\/\/eurotrail.info\/de\/wp-json\/wp\/v2\/product"}],"about":[{"href":"https:\/\/eurotrail.info\/de\/wp-json\/wp\/v2\/types\/product"}],"replies":[{"embeddable":true,"href":"https:\/\/eurotrail.info\/de\/wp-json\/wp\/v2\/comments?post=2337"}],"wp:featuredmedia":[{"embeddable":true,"href":"https:\/\/eurotrail.info\/de\/wp-json\/wp\/v2\/media\/22782"}],"wp:attachment":[{"href":"https:\/\/eurotrail.info\/de\/wp-json\/wp\/v2\/media?parent=2337"}],"wp:term":[{"taxonomy":"product_brand","embeddable":true,"href":"https:\/\/eurotrail.info\/de\/wp-json\/wp\/v2\/product_brand?post=2337"},{"taxonomy":"product_cat","embeddable":true,"href":"https:\/\/eurotrail.info\/de\/wp-json\/wp\/v2\/product_cat?post=2337"},{"taxonomy":"product_tag","embeddable":true,"href":"https:\/\/eurotrail.info\/de\/wp-json\/wp\/v2\/product_tag?post=2337"}],"curies":[{"name":"wp","href":"https:\/\/api.w.org\/{rel}","templated":true}]}}