{"id":2357,"date":"2017-01-04T10:37:35","date_gmt":"2017-01-04T09:37:35","guid":{"rendered":"http:\/\/preview.eurotrail.info\/producten\/2357\/"},"modified":"2020-12-01T14:31:53","modified_gmt":"2020-12-01T13:31:53","slug":"patio-matte","status":"publish","type":"product","link":"https:\/\/eurotrail.info\/de\/producten\/zeltteppich\/patio-matte\/","title":{"rendered":"Patio Matte"},"content":{"rendered":"<p>Eurotrail Patio-matte ist das perfekte Zubeh\u00f6r f\u00fcr alle Vord\u00e4cher und Markisen. Die Patio Matte ist aus 100% atmungsaktiv Polypropylen und f\u00fchlt sich beim barfu\u00df Begehen sehr angenehm an. Das Material ist UV-best\u00e4ndig, leicht zu reinigen und kann auf beiden Seiten verwendet werden. Die Seiten sind am Rand mit einer Polyestergewebe eingen\u00e4ht und auf die Ecken befinden sich praktische Schlaufen zur Befestigung. Die Patio Matte bietet zus\u00e4tzlichen Komfort, f\u00fcr den Einsatz in Vorzelt oder Markise aber auch ideal f\u00fcr den Einsatz im Freien im Garten, Strand \u00a0oder Camping.<\/p>\n<p>Farbe Grau\/Schwarz<\/p>\n<p>Erh\u00e4ltlich in verschiedenen Gr\u00f6\u00dfen<br \/>\n300x250cm<br \/>\n350x250cm<br \/>\n400x250cm<\/p>\n<p>Material: 100% Polypropylen<\/p>\n<ul>\n<li>Leicht zu reinigen<\/li>\n<li>Form- und schimmelresistent<\/li>\n<li>UV-stabil<\/li>\n<li>Auf beiden Seiten verwendbar<\/li>\n<li>Atmungsaktiv Material<\/li>\n<li>Inklusiv Tasche<\/li>\n<\/ul>\n","protected":false},"excerpt":{"rendered":"<p>Eurotrail Patio-matte ist das perfekte Zubeh\u00f6r f\u00fcr alle Vord\u00e4cher und Markisen. Die Patio Matte ist aus 100% atmungsaktiv Polypropylen und f\u00fchlt sich beim barfu\u00df Begehen&hellip;<\/p>\n","protected":false},"featured_media":28785,"comment_status":"open","ping_status":"closed","template":"","meta":{"_acf_changed":false},"product_brand":[],"product_cat":[70],"product_tag":[],"class_list":{"0":"post-2357","1":"product","2":"type-product","3":"status-publish","4":"has-post-thumbnail","6":"product_cat-zeltteppich","8":"first","9":"instock","10":"shipping-taxable","11":"product-type-simple"},"acf":[],"yoast_head":"<!-- This site is optimized with the Yoast SEO plugin v27.4 - https:\/\/yoast.com\/product\/yoast-seo-wordpress\/ -->\n<title>Patio Matte - Eurotrail<\/title>\n<meta name=\"robots\" content=\"index, follow, max-snippet:-1, max-image-preview:large, max-video-preview:-1\" \/>\n<link rel=\"canonical\" href=\"https:\/\/eurotrail.info\/de\/producten\/zeltteppich\/patio-matte\/\" \/>\n<meta property=\"og:locale\" content=\"de_DE\" \/>\n<meta property=\"og:type\" content=\"article\" \/>\n<meta property=\"og:title\" content=\"Patio Matte - Eurotrail\" \/>\n<meta property=\"og:description\" content=\"Eurotrail Patio-matte ist das perfekte Zubeh\u00f6r f\u00fcr alle Vord\u00e4cher und Markisen. Die Patio Matte ist aus 100% atmungsaktiv Polypropylen und f\u00fchlt sich beim barfu\u00df Begehen&hellip;\" \/>\n<meta property=\"og:url\" content=\"https:\/\/eurotrail.info\/de\/producten\/zeltteppich\/patio-matte\/\" \/>\n<meta property=\"og:site_name\" content=\"Eurotrail\" \/>\n<meta property=\"article:modified_time\" content=\"2020-12-01T13:31:53+00:00\" \/>\n<meta property=\"og:image\" content=\"https:\/\/eurotrail.info\/wp\/wp-content\/uploads\/2017\/01\/ETGS5001-Relax-matt-Inca-1001-25-scaled.jpg\" \/>\n\t<meta property=\"og:image:width\" content=\"2560\" \/>\n\t<meta property=\"og:image:height\" content=\"1572\" \/>\n\t<meta property=\"og:image:type\" content=\"image\/jpeg\" \/>\n<meta name=\"twitter:card\" content=\"summary_large_image\" \/>\n<meta name=\"twitter:label1\" content=\"Gesch\u00e4tzte Lesezeit\" \/>\n\t<meta name=\"twitter:data1\" content=\"1\u00a0Minute\" \/>\n<script type=\"application\/ld+json\" class=\"yoast-schema-graph\">{\"@context\":\"https:\\\/\\\/schema.org\",\"@graph\":[{\"@type\":\"WebPage\",\"@id\":\"https:\\\/\\\/eurotrail.info\\\/de\\\/producten\\\/zeltteppich\\\/patio-matte\\\/\",\"url\":\"https:\\\/\\\/eurotrail.info\\\/de\\\/producten\\\/zeltteppich\\\/patio-matte\\\/\",\"name\":\"Patio Matte - Eurotrail\",\"isPartOf\":{\"@id\":\"https:\\\/\\\/eurotrail.info\\\/#website\"},\"primaryImageOfPage\":{\"@id\":\"https:\\\/\\\/eurotrail.info\\\/de\\\/producten\\\/zeltteppich\\\/patio-matte\\\/#primaryimage\"},\"image\":{\"@id\":\"https:\\\/\\\/eurotrail.info\\\/de\\\/producten\\\/zeltteppich\\\/patio-matte\\\/#primaryimage\"},\"thumbnailUrl\":\"https:\\\/\\\/eurotrail.info\\\/wp\\\/wp-content\\\/uploads\\\/2017\\\/01\\\/ETGS5001-Relax-matt-Inca-1001-25-scaled.jpg\",\"datePublished\":\"2017-01-04T09:37:35+00:00\",\"dateModified\":\"2020-12-01T13:31:53+00:00\",\"breadcrumb\":{\"@id\":\"https:\\\/\\\/eurotrail.info\\\/de\\\/producten\\\/zeltteppich\\\/patio-matte\\\/#breadcrumb\"},\"inLanguage\":\"de\",\"potentialAction\":[{\"@type\":\"ReadAction\",\"target\":[\"https:\\\/\\\/eurotrail.info\\\/de\\\/producten\\\/zeltteppich\\\/patio-matte\\\/\"]}]},{\"@type\":\"ImageObject\",\"inLanguage\":\"de\",\"@id\":\"https:\\\/\\\/eurotrail.info\\\/de\\\/producten\\\/zeltteppich\\\/patio-matte\\\/#primaryimage\",\"url\":\"https:\\\/\\\/eurotrail.info\\\/wp\\\/wp-content\\\/uploads\\\/2017\\\/01\\\/ETGS5001-Relax-matt-Inca-1001-25-scaled.jpg\",\"contentUrl\":\"https:\\\/\\\/eurotrail.info\\\/wp\\\/wp-content\\\/uploads\\\/2017\\\/01\\\/ETGS5001-Relax-matt-Inca-1001-25-scaled.jpg\",\"width\":2560,\"height\":1572},{\"@type\":\"BreadcrumbList\",\"@id\":\"https:\\\/\\\/eurotrail.info\\\/de\\\/producten\\\/zeltteppich\\\/patio-matte\\\/#breadcrumb\",\"itemListElement\":[{\"@type\":\"ListItem\",\"position\":1,\"name\":\"Home\",\"item\":\"https:\\\/\\\/eurotrail.info\\\/de\\\/\"},{\"@type\":\"ListItem\",\"position\":2,\"name\":\"Produkte\",\"item\":\"https:\\\/\\\/eurotrail.info\\\/de\\\/produkte\\\/\"},{\"@type\":\"ListItem\",\"position\":3,\"name\":\"Patio Matte\"}]},{\"@type\":\"WebSite\",\"@id\":\"https:\\\/\\\/eurotrail.info\\\/#website\",\"url\":\"https:\\\/\\\/eurotrail.info\\\/\",\"name\":\"Eurotrail\",\"description\":\"\",\"publisher\":{\"@id\":\"https:\\\/\\\/eurotrail.info\\\/#organization\"},\"potentialAction\":[{\"@type\":\"SearchAction\",\"target\":{\"@type\":\"EntryPoint\",\"urlTemplate\":\"https:\\\/\\\/eurotrail.info\\\/?s={search_term_string}\"},\"query-input\":{\"@type\":\"PropertyValueSpecification\",\"valueRequired\":true,\"valueName\":\"search_term_string\"}}],\"inLanguage\":\"de\"},{\"@type\":\"Organization\",\"@id\":\"https:\\\/\\\/eurotrail.info\\\/#organization\",\"name\":\"Eurotrail\",\"url\":\"https:\\\/\\\/eurotrail.info\\\/\",\"logo\":{\"@type\":\"ImageObject\",\"inLanguage\":\"de\",\"@id\":\"https:\\\/\\\/eurotrail.info\\\/#\\\/schema\\\/logo\\\/image\\\/\",\"url\":\"https:\\\/\\\/eurotrail.info\\\/wp\\\/wp-content\\\/uploads\\\/2023\\\/07\\\/ET-logo-quote_NL-scaled.jpg\",\"contentUrl\":\"https:\\\/\\\/eurotrail.info\\\/wp\\\/wp-content\\\/uploads\\\/2023\\\/07\\\/ET-logo-quote_NL-scaled.jpg\",\"width\":2560,\"height\":675,\"caption\":\"Eurotrail\"},\"image\":{\"@id\":\"https:\\\/\\\/eurotrail.info\\\/#\\\/schema\\\/logo\\\/image\\\/\"}}]}<\/script>\n<!-- \/ Yoast SEO plugin. -->","yoast_head_json":{"title":"Patio Matte - Eurotrail","robots":{"index":"index","follow":"follow","max-snippet":"max-snippet:-1","max-image-preview":"max-image-preview:large","max-video-preview":"max-video-preview:-1"},"canonical":"https:\/\/eurotrail.info\/de\/producten\/zeltteppich\/patio-matte\/","og_locale":"de_DE","og_type":"article","og_title":"Patio Matte - Eurotrail","og_description":"Eurotrail Patio-matte ist das perfekte Zubeh\u00f6r f\u00fcr alle Vord\u00e4cher und Markisen. Die Patio Matte ist aus 100% atmungsaktiv Polypropylen und f\u00fchlt sich beim barfu\u00df Begehen&hellip;","og_url":"https:\/\/eurotrail.info\/de\/producten\/zeltteppich\/patio-matte\/","og_site_name":"Eurotrail","article_modified_time":"2020-12-01T13:31:53+00:00","og_image":[{"width":2560,"height":1572,"url":"https:\/\/eurotrail.info\/wp\/wp-content\/uploads\/2017\/01\/ETGS5001-Relax-matt-Inca-1001-25-scaled.jpg","type":"image\/jpeg"}],"twitter_card":"summary_large_image","twitter_misc":{"Gesch\u00e4tzte Lesezeit":"1\u00a0Minute"},"schema":{"@context":"https:\/\/schema.org","@graph":[{"@type":"WebPage","@id":"https:\/\/eurotrail.info\/de\/producten\/zeltteppich\/patio-matte\/","url":"https:\/\/eurotrail.info\/de\/producten\/zeltteppich\/patio-matte\/","name":"Patio Matte - Eurotrail","isPartOf":{"@id":"https:\/\/eurotrail.info\/#website"},"primaryImageOfPage":{"@id":"https:\/\/eurotrail.info\/de\/producten\/zeltteppich\/patio-matte\/#primaryimage"},"image":{"@id":"https:\/\/eurotrail.info\/de\/producten\/zeltteppich\/patio-matte\/#primaryimage"},"thumbnailUrl":"https:\/\/eurotrail.info\/wp\/wp-content\/uploads\/2017\/01\/ETGS5001-Relax-matt-Inca-1001-25-scaled.jpg","datePublished":"2017-01-04T09:37:35+00:00","dateModified":"2020-12-01T13:31:53+00:00","breadcrumb":{"@id":"https:\/\/eurotrail.info\/de\/producten\/zeltteppich\/patio-matte\/#breadcrumb"},"inLanguage":"de","potentialAction":[{"@type":"ReadAction","target":["https:\/\/eurotrail.info\/de\/producten\/zeltteppich\/patio-matte\/"]}]},{"@type":"ImageObject","inLanguage":"de","@id":"https:\/\/eurotrail.info\/de\/producten\/zeltteppich\/patio-matte\/#primaryimage","url":"https:\/\/eurotrail.info\/wp\/wp-content\/uploads\/2017\/01\/ETGS5001-Relax-matt-Inca-1001-25-scaled.jpg","contentUrl":"https:\/\/eurotrail.info\/wp\/wp-content\/uploads\/2017\/01\/ETGS5001-Relax-matt-Inca-1001-25-scaled.jpg","width":2560,"height":1572},{"@type":"BreadcrumbList","@id":"https:\/\/eurotrail.info\/de\/producten\/zeltteppich\/patio-matte\/#breadcrumb","itemListElement":[{"@type":"ListItem","position":1,"name":"Home","item":"https:\/\/eurotrail.info\/de\/"},{"@type":"ListItem","position":2,"name":"Produkte","item":"https:\/\/eurotrail.info\/de\/produkte\/"},{"@type":"ListItem","position":3,"name":"Patio Matte"}]},{"@type":"WebSite","@id":"https:\/\/eurotrail.info\/#website","url":"https:\/\/eurotrail.info\/","name":"Eurotrail","description":"","publisher":{"@id":"https:\/\/eurotrail.info\/#organization"},"potentialAction":[{"@type":"SearchAction","target":{"@type":"EntryPoint","urlTemplate":"https:\/\/eurotrail.info\/?s={search_term_string}"},"query-input":{"@type":"PropertyValueSpecification","valueRequired":true,"valueName":"search_term_string"}}],"inLanguage":"de"},{"@type":"Organization","@id":"https:\/\/eurotrail.info\/#organization","name":"Eurotrail","url":"https:\/\/eurotrail.info\/","logo":{"@type":"ImageObject","inLanguage":"de","@id":"https:\/\/eurotrail.info\/#\/schema\/logo\/image\/","url":"https:\/\/eurotrail.info\/wp\/wp-content\/uploads\/2023\/07\/ET-logo-quote_NL-scaled.jpg","contentUrl":"https:\/\/eurotrail.info\/wp\/wp-content\/uploads\/2023\/07\/ET-logo-quote_NL-scaled.jpg","width":2560,"height":675,"caption":"Eurotrail"},"image":{"@id":"https:\/\/eurotrail.info\/#\/schema\/logo\/image\/"}}]}},"_links":{"self":[{"href":"https:\/\/eurotrail.info\/de\/wp-json\/wp\/v2\/product\/2357","targetHints":{"allow":["GET"]}}],"collection":[{"href":"https:\/\/eurotrail.info\/de\/wp-json\/wp\/v2\/product"}],"about":[{"href":"https:\/\/eurotrail.info\/de\/wp-json\/wp\/v2\/types\/product"}],"replies":[{"embeddable":true,"href":"https:\/\/eurotrail.info\/de\/wp-json\/wp\/v2\/comments?post=2357"}],"wp:featuredmedia":[{"embeddable":true,"href":"https:\/\/eurotrail.info\/de\/wp-json\/wp\/v2\/media\/28785"}],"wp:attachment":[{"href":"https:\/\/eurotrail.info\/de\/wp-json\/wp\/v2\/media?parent=2357"}],"wp:term":[{"taxonomy":"product_brand","embeddable":true,"href":"https:\/\/eurotrail.info\/de\/wp-json\/wp\/v2\/product_brand?post=2357"},{"taxonomy":"product_cat","embeddable":true,"href":"https:\/\/eurotrail.info\/de\/wp-json\/wp\/v2\/product_cat?post=2357"},{"taxonomy":"product_tag","embeddable":true,"href":"https:\/\/eurotrail.info\/de\/wp-json\/wp\/v2\/product_tag?post=2357"}],"curies":[{"name":"wp","href":"https:\/\/api.w.org\/{rel}","templated":true}]}}