{"id":2506,"date":"2017-01-05T13:05:19","date_gmt":"2017-01-05T12:05:19","guid":{"rendered":"http:\/\/preview.eurotrail.info\/producten\/nicky-kids-2\/"},"modified":"2025-02-03T16:07:45","modified_gmt":"2025-02-03T15:07:45","slug":"nicky-kids-2","status":"publish","type":"product","link":"https:\/\/eurotrail.info\/de\/producten\/campingmoebel\/kinderstuhlen\/nicky-kids-2\/","title":{"rendered":"Nicky Kids"},"content":{"rendered":"<p>Dieser fr\u00f6hliche klappbare Hochstuhl ist perfekt f\u00fcr kleine Abenteurer! Er ist in lustigen Farben erh\u00e4ltlich und mit einem robusten Stahl-Klapprahmen ausgestattet und mit einem Arretiersicherung, der optimale Stabilit\u00e4t und Komfort bietet. Die hohe R\u00fcckenlehne und die Armlehnen bieten zus\u00e4tzlichen Halt, w\u00e4hrend das geringe Gewicht den Sitz einfach zu tragen macht. Dank der Klappsicherung klappt der Sitz nicht einfach zusammen, sondern bietet zus\u00e4tzliche Sicherheit. Ideal f\u00fcr zu Hause, beim Camping oder f\u00fcr einen Tagesausflug!<\/p>\n<p>Farben: Pink und Blauw<br \/>\nBezug: 100% polyester<br \/>\nGestell: Stahlrohr<br \/>\nGrosse:<br \/>\nSitzflach: 30x26cm<br \/>\nSitzh\u00f6he: 21cm<br \/>\nGesamt H\u00f6he: 46cm<\/p>\n<p>Pakmaat: 42x38x7cm<br \/>\nGewicht: 995 gr.<br \/>\nMax belasting: ca. 25 kilo<\/p>\n","protected":false},"excerpt":{"rendered":"<p>Dieser fr\u00f6hliche klappbare Hochstuhl ist perfekt f\u00fcr kleine Abenteurer! Er ist in lustigen Farben erh\u00e4ltlich und mit einem robusten Stahl-Klapprahmen ausgestattet und mit einem Arretiersicherung,&hellip;<\/p>\n","protected":false},"featured_media":2505,"comment_status":"open","ping_status":"closed","template":"","meta":{"_acf_changed":false},"product_brand":[],"product_cat":[62],"product_tag":[],"class_list":{"0":"post-2506","1":"product","2":"type-product","3":"status-publish","4":"has-post-thumbnail","6":"product_cat-kinderstuhlen","8":"first","9":"instock","10":"shipping-taxable","11":"product-type-simple"},"acf":[],"yoast_head":"<!-- This site is optimized with the Yoast SEO plugin v27.4 - https:\/\/yoast.com\/product\/yoast-seo-wordpress\/ -->\n<title>Nicky Kids - Eurotrail<\/title>\n<meta name=\"robots\" content=\"index, follow, max-snippet:-1, max-image-preview:large, max-video-preview:-1\" \/>\n<link rel=\"canonical\" href=\"https:\/\/eurotrail.info\/de\/producten\/campingmoebel\/kinderstuhlen\/nicky-kids-2\/\" \/>\n<meta property=\"og:locale\" content=\"de_DE\" \/>\n<meta property=\"og:type\" content=\"article\" \/>\n<meta property=\"og:title\" content=\"Nicky Kids - Eurotrail\" \/>\n<meta property=\"og:description\" content=\"Dieser fr\u00f6hliche klappbare Hochstuhl ist perfekt f\u00fcr kleine Abenteurer! Er ist in lustigen Farben erh\u00e4ltlich und mit einem robusten Stahl-Klapprahmen ausgestattet und mit einem Arretiersicherung,&hellip;\" \/>\n<meta property=\"og:url\" content=\"https:\/\/eurotrail.info\/de\/producten\/campingmoebel\/kinderstuhlen\/nicky-kids-2\/\" \/>\n<meta property=\"og:site_name\" content=\"Eurotrail\" \/>\n<meta property=\"article:modified_time\" content=\"2025-02-03T15:07:45+00:00\" \/>\n<meta property=\"og:image\" content=\"https:\/\/eurotrail.info\/wp\/wp-content\/uploads\/2017\/01\/Eurotrail-Nicky-Kids-7.jpg\" \/>\n\t<meta property=\"og:image:width\" content=\"988\" \/>\n\t<meta property=\"og:image:height\" content=\"1417\" \/>\n\t<meta property=\"og:image:type\" content=\"image\/jpeg\" \/>\n<meta name=\"twitter:card\" content=\"summary_large_image\" \/>\n<meta name=\"twitter:label1\" content=\"Gesch\u00e4tzte Lesezeit\" \/>\n\t<meta name=\"twitter:data1\" content=\"1\u00a0Minute\" \/>\n<script type=\"application\/ld+json\" class=\"yoast-schema-graph\">{\"@context\":\"https:\\\/\\\/schema.org\",\"@graph\":[{\"@type\":\"WebPage\",\"@id\":\"https:\\\/\\\/eurotrail.info\\\/de\\\/producten\\\/campingmoebel\\\/kinderstuhlen\\\/nicky-kids-2\\\/\",\"url\":\"https:\\\/\\\/eurotrail.info\\\/de\\\/producten\\\/campingmoebel\\\/kinderstuhlen\\\/nicky-kids-2\\\/\",\"name\":\"Nicky Kids - Eurotrail\",\"isPartOf\":{\"@id\":\"https:\\\/\\\/eurotrail.info\\\/#website\"},\"primaryImageOfPage\":{\"@id\":\"https:\\\/\\\/eurotrail.info\\\/de\\\/producten\\\/campingmoebel\\\/kinderstuhlen\\\/nicky-kids-2\\\/#primaryimage\"},\"image\":{\"@id\":\"https:\\\/\\\/eurotrail.info\\\/de\\\/producten\\\/campingmoebel\\\/kinderstuhlen\\\/nicky-kids-2\\\/#primaryimage\"},\"thumbnailUrl\":\"https:\\\/\\\/eurotrail.info\\\/wp\\\/wp-content\\\/uploads\\\/2017\\\/01\\\/Eurotrail-Nicky-Kids-7.jpg\",\"datePublished\":\"2017-01-05T12:05:19+00:00\",\"dateModified\":\"2025-02-03T15:07:45+00:00\",\"breadcrumb\":{\"@id\":\"https:\\\/\\\/eurotrail.info\\\/de\\\/producten\\\/campingmoebel\\\/kinderstuhlen\\\/nicky-kids-2\\\/#breadcrumb\"},\"inLanguage\":\"de\",\"potentialAction\":[{\"@type\":\"ReadAction\",\"target\":[\"https:\\\/\\\/eurotrail.info\\\/de\\\/producten\\\/campingmoebel\\\/kinderstuhlen\\\/nicky-kids-2\\\/\"]}]},{\"@type\":\"ImageObject\",\"inLanguage\":\"de\",\"@id\":\"https:\\\/\\\/eurotrail.info\\\/de\\\/producten\\\/campingmoebel\\\/kinderstuhlen\\\/nicky-kids-2\\\/#primaryimage\",\"url\":\"https:\\\/\\\/eurotrail.info\\\/wp\\\/wp-content\\\/uploads\\\/2017\\\/01\\\/Eurotrail-Nicky-Kids-7.jpg\",\"contentUrl\":\"https:\\\/\\\/eurotrail.info\\\/wp\\\/wp-content\\\/uploads\\\/2017\\\/01\\\/Eurotrail-Nicky-Kids-7.jpg\",\"width\":988,\"height\":1417,\"caption\":\"Neue Kinderklappstuhl mit robustem Gestell aus lackiertem Stahlrohr\"},{\"@type\":\"BreadcrumbList\",\"@id\":\"https:\\\/\\\/eurotrail.info\\\/de\\\/producten\\\/campingmoebel\\\/kinderstuhlen\\\/nicky-kids-2\\\/#breadcrumb\",\"itemListElement\":[{\"@type\":\"ListItem\",\"position\":1,\"name\":\"Home\",\"item\":\"https:\\\/\\\/eurotrail.info\\\/de\\\/\"},{\"@type\":\"ListItem\",\"position\":2,\"name\":\"Produkte\",\"item\":\"https:\\\/\\\/eurotrail.info\\\/de\\\/produkte\\\/\"},{\"@type\":\"ListItem\",\"position\":3,\"name\":\"Nicky Kids\"}]},{\"@type\":\"WebSite\",\"@id\":\"https:\\\/\\\/eurotrail.info\\\/#website\",\"url\":\"https:\\\/\\\/eurotrail.info\\\/\",\"name\":\"Eurotrail\",\"description\":\"\",\"publisher\":{\"@id\":\"https:\\\/\\\/eurotrail.info\\\/#organization\"},\"potentialAction\":[{\"@type\":\"SearchAction\",\"target\":{\"@type\":\"EntryPoint\",\"urlTemplate\":\"https:\\\/\\\/eurotrail.info\\\/?s={search_term_string}\"},\"query-input\":{\"@type\":\"PropertyValueSpecification\",\"valueRequired\":true,\"valueName\":\"search_term_string\"}}],\"inLanguage\":\"de\"},{\"@type\":\"Organization\",\"@id\":\"https:\\\/\\\/eurotrail.info\\\/#organization\",\"name\":\"Eurotrail\",\"url\":\"https:\\\/\\\/eurotrail.info\\\/\",\"logo\":{\"@type\":\"ImageObject\",\"inLanguage\":\"de\",\"@id\":\"https:\\\/\\\/eurotrail.info\\\/#\\\/schema\\\/logo\\\/image\\\/\",\"url\":\"https:\\\/\\\/eurotrail.info\\\/wp\\\/wp-content\\\/uploads\\\/2023\\\/07\\\/ET-logo-quote_NL-scaled.jpg\",\"contentUrl\":\"https:\\\/\\\/eurotrail.info\\\/wp\\\/wp-content\\\/uploads\\\/2023\\\/07\\\/ET-logo-quote_NL-scaled.jpg\",\"width\":2560,\"height\":675,\"caption\":\"Eurotrail\"},\"image\":{\"@id\":\"https:\\\/\\\/eurotrail.info\\\/#\\\/schema\\\/logo\\\/image\\\/\"}}]}<\/script>\n<!-- \/ Yoast SEO plugin. -->","yoast_head_json":{"title":"Nicky Kids - Eurotrail","robots":{"index":"index","follow":"follow","max-snippet":"max-snippet:-1","max-image-preview":"max-image-preview:large","max-video-preview":"max-video-preview:-1"},"canonical":"https:\/\/eurotrail.info\/de\/producten\/campingmoebel\/kinderstuhlen\/nicky-kids-2\/","og_locale":"de_DE","og_type":"article","og_title":"Nicky Kids - Eurotrail","og_description":"Dieser fr\u00f6hliche klappbare Hochstuhl ist perfekt f\u00fcr kleine Abenteurer! Er ist in lustigen Farben erh\u00e4ltlich und mit einem robusten Stahl-Klapprahmen ausgestattet und mit einem Arretiersicherung,&hellip;","og_url":"https:\/\/eurotrail.info\/de\/producten\/campingmoebel\/kinderstuhlen\/nicky-kids-2\/","og_site_name":"Eurotrail","article_modified_time":"2025-02-03T15:07:45+00:00","og_image":[{"width":988,"height":1417,"url":"https:\/\/eurotrail.info\/wp\/wp-content\/uploads\/2017\/01\/Eurotrail-Nicky-Kids-7.jpg","type":"image\/jpeg"}],"twitter_card":"summary_large_image","twitter_misc":{"Gesch\u00e4tzte Lesezeit":"1\u00a0Minute"},"schema":{"@context":"https:\/\/schema.org","@graph":[{"@type":"WebPage","@id":"https:\/\/eurotrail.info\/de\/producten\/campingmoebel\/kinderstuhlen\/nicky-kids-2\/","url":"https:\/\/eurotrail.info\/de\/producten\/campingmoebel\/kinderstuhlen\/nicky-kids-2\/","name":"Nicky Kids - Eurotrail","isPartOf":{"@id":"https:\/\/eurotrail.info\/#website"},"primaryImageOfPage":{"@id":"https:\/\/eurotrail.info\/de\/producten\/campingmoebel\/kinderstuhlen\/nicky-kids-2\/#primaryimage"},"image":{"@id":"https:\/\/eurotrail.info\/de\/producten\/campingmoebel\/kinderstuhlen\/nicky-kids-2\/#primaryimage"},"thumbnailUrl":"https:\/\/eurotrail.info\/wp\/wp-content\/uploads\/2017\/01\/Eurotrail-Nicky-Kids-7.jpg","datePublished":"2017-01-05T12:05:19+00:00","dateModified":"2025-02-03T15:07:45+00:00","breadcrumb":{"@id":"https:\/\/eurotrail.info\/de\/producten\/campingmoebel\/kinderstuhlen\/nicky-kids-2\/#breadcrumb"},"inLanguage":"de","potentialAction":[{"@type":"ReadAction","target":["https:\/\/eurotrail.info\/de\/producten\/campingmoebel\/kinderstuhlen\/nicky-kids-2\/"]}]},{"@type":"ImageObject","inLanguage":"de","@id":"https:\/\/eurotrail.info\/de\/producten\/campingmoebel\/kinderstuhlen\/nicky-kids-2\/#primaryimage","url":"https:\/\/eurotrail.info\/wp\/wp-content\/uploads\/2017\/01\/Eurotrail-Nicky-Kids-7.jpg","contentUrl":"https:\/\/eurotrail.info\/wp\/wp-content\/uploads\/2017\/01\/Eurotrail-Nicky-Kids-7.jpg","width":988,"height":1417,"caption":"Neue Kinderklappstuhl mit robustem Gestell aus lackiertem Stahlrohr"},{"@type":"BreadcrumbList","@id":"https:\/\/eurotrail.info\/de\/producten\/campingmoebel\/kinderstuhlen\/nicky-kids-2\/#breadcrumb","itemListElement":[{"@type":"ListItem","position":1,"name":"Home","item":"https:\/\/eurotrail.info\/de\/"},{"@type":"ListItem","position":2,"name":"Produkte","item":"https:\/\/eurotrail.info\/de\/produkte\/"},{"@type":"ListItem","position":3,"name":"Nicky Kids"}]},{"@type":"WebSite","@id":"https:\/\/eurotrail.info\/#website","url":"https:\/\/eurotrail.info\/","name":"Eurotrail","description":"","publisher":{"@id":"https:\/\/eurotrail.info\/#organization"},"potentialAction":[{"@type":"SearchAction","target":{"@type":"EntryPoint","urlTemplate":"https:\/\/eurotrail.info\/?s={search_term_string}"},"query-input":{"@type":"PropertyValueSpecification","valueRequired":true,"valueName":"search_term_string"}}],"inLanguage":"de"},{"@type":"Organization","@id":"https:\/\/eurotrail.info\/#organization","name":"Eurotrail","url":"https:\/\/eurotrail.info\/","logo":{"@type":"ImageObject","inLanguage":"de","@id":"https:\/\/eurotrail.info\/#\/schema\/logo\/image\/","url":"https:\/\/eurotrail.info\/wp\/wp-content\/uploads\/2023\/07\/ET-logo-quote_NL-scaled.jpg","contentUrl":"https:\/\/eurotrail.info\/wp\/wp-content\/uploads\/2023\/07\/ET-logo-quote_NL-scaled.jpg","width":2560,"height":675,"caption":"Eurotrail"},"image":{"@id":"https:\/\/eurotrail.info\/#\/schema\/logo\/image\/"}}]}},"_links":{"self":[{"href":"https:\/\/eurotrail.info\/de\/wp-json\/wp\/v2\/product\/2506","targetHints":{"allow":["GET"]}}],"collection":[{"href":"https:\/\/eurotrail.info\/de\/wp-json\/wp\/v2\/product"}],"about":[{"href":"https:\/\/eurotrail.info\/de\/wp-json\/wp\/v2\/types\/product"}],"replies":[{"embeddable":true,"href":"https:\/\/eurotrail.info\/de\/wp-json\/wp\/v2\/comments?post=2506"}],"wp:featuredmedia":[{"embeddable":true,"href":"https:\/\/eurotrail.info\/de\/wp-json\/wp\/v2\/media\/2505"}],"wp:attachment":[{"href":"https:\/\/eurotrail.info\/de\/wp-json\/wp\/v2\/media?parent=2506"}],"wp:term":[{"taxonomy":"product_brand","embeddable":true,"href":"https:\/\/eurotrail.info\/de\/wp-json\/wp\/v2\/product_brand?post=2506"},{"taxonomy":"product_cat","embeddable":true,"href":"https:\/\/eurotrail.info\/de\/wp-json\/wp\/v2\/product_cat?post=2506"},{"taxonomy":"product_tag","embeddable":true,"href":"https:\/\/eurotrail.info\/de\/wp-json\/wp\/v2\/product_tag?post=2506"}],"curies":[{"name":"wp","href":"https:\/\/api.w.org\/{rel}","templated":true}]}}