{"id":2765,"date":"2017-01-06T15:24:31","date_gmt":"2017-01-06T14:24:31","guid":{"rendered":"http:\/\/preview.eurotrail.info\/producten\/faltbare-sieb\/"},"modified":"2017-03-10T10:07:45","modified_gmt":"2017-03-10T09:07:45","slug":"faltbare-sieb-2","status":"publish","type":"product","link":"https:\/\/eurotrail.info\/de\/producten\/haushaltartikel\/faltbaren-artikeln-aus-silikon\/faltbare-sieb-2\/","title":{"rendered":"Faltbare Sieb"},"content":{"rendered":"<p>Faltbare Sieb mit ausziehbarem St\u00fctze f\u00fcr auf dem Waschbecken.<br \/>\nHergestellt aus Silikon und TPP Kunststoff.<\/p>\n<p>Leicht zu falten und kleinem Packma\u00df.<\/p>\n<p>Material: Silicone \/ TPP<br \/>\nMax L\u00e4nge: 39 bis 60cm,<br \/>\nGrosse Sieb: 39x26x12cm<br \/>\nIngeklapt: 39x26x4.5cm<br \/>\nGewicht: 524 gr.<\/p>\n","protected":false},"excerpt":{"rendered":"<p>Faltbare Sieb mit ausziehbarem St\u00fctze f\u00fcr auf dem Waschbecken. Hergestellt aus Silikon und TPP Kunststoff. Leicht zu falten und kleinem Packma\u00df. Material: Silicone \/ TPP&hellip;<\/p>\n","protected":false},"featured_media":2764,"comment_status":"open","ping_status":"closed","template":"","meta":{"_acf_changed":false},"product_brand":[],"product_cat":[80],"product_tag":[],"class_list":{"0":"post-2765","1":"product","2":"type-product","3":"status-publish","4":"has-post-thumbnail","6":"product_cat-faltbaren-artikeln-aus-silikon","8":"first","9":"instock","10":"shipping-taxable","11":"product-type-simple"},"acf":[],"yoast_head":"<!-- This site is optimized with the Yoast SEO plugin v27.3 - https:\/\/yoast.com\/product\/yoast-seo-wordpress\/ -->\n<title>Faltbare Sieb - Eurotrail<\/title>\n<meta name=\"robots\" content=\"index, follow, max-snippet:-1, max-image-preview:large, max-video-preview:-1\" \/>\n<link rel=\"canonical\" href=\"https:\/\/eurotrail.info\/de\/producten\/haushaltartikel\/faltbaren-artikeln-aus-silikon\/faltbare-sieb-2\/\" \/>\n<meta property=\"og:locale\" content=\"de_DE\" \/>\n<meta property=\"og:type\" content=\"article\" \/>\n<meta property=\"og:title\" content=\"Faltbare Sieb - Eurotrail\" \/>\n<meta property=\"og:description\" content=\"Faltbare Sieb mit ausziehbarem St\u00fctze f\u00fcr auf dem Waschbecken. Hergestellt aus Silikon und TPP Kunststoff. Leicht zu falten und kleinem Packma\u00df. Material: Silicone \/ TPP&hellip;\" \/>\n<meta property=\"og:url\" content=\"https:\/\/eurotrail.info\/de\/producten\/haushaltartikel\/faltbaren-artikeln-aus-silikon\/faltbare-sieb-2\/\" \/>\n<meta property=\"og:site_name\" content=\"Eurotrail\" \/>\n<meta property=\"article:modified_time\" content=\"2017-03-10T09:07:45+00:00\" \/>\n<meta property=\"og:image\" content=\"https:\/\/eurotrail.info\/wp\/wp-content\/uploads\/2017\/01\/Eurotrail-opvouwbare-wasbak-vergiet-4.jpg\" \/>\n\t<meta property=\"og:image:width\" content=\"1772\" \/>\n\t<meta property=\"og:image:height\" content=\"772\" \/>\n\t<meta property=\"og:image:type\" content=\"image\/jpeg\" \/>\n<meta name=\"twitter:card\" content=\"summary_large_image\" \/>\n<script type=\"application\/ld+json\" class=\"yoast-schema-graph\">{\"@context\":\"https:\\\/\\\/schema.org\",\"@graph\":[{\"@type\":\"WebPage\",\"@id\":\"https:\\\/\\\/eurotrail.info\\\/de\\\/producten\\\/haushaltartikel\\\/faltbaren-artikeln-aus-silikon\\\/faltbare-sieb-2\\\/\",\"url\":\"https:\\\/\\\/eurotrail.info\\\/de\\\/producten\\\/haushaltartikel\\\/faltbaren-artikeln-aus-silikon\\\/faltbare-sieb-2\\\/\",\"name\":\"Faltbare Sieb - Eurotrail\",\"isPartOf\":{\"@id\":\"https:\\\/\\\/eurotrail.info\\\/#website\"},\"primaryImageOfPage\":{\"@id\":\"https:\\\/\\\/eurotrail.info\\\/de\\\/producten\\\/haushaltartikel\\\/faltbaren-artikeln-aus-silikon\\\/faltbare-sieb-2\\\/#primaryimage\"},\"image\":{\"@id\":\"https:\\\/\\\/eurotrail.info\\\/de\\\/producten\\\/haushaltartikel\\\/faltbaren-artikeln-aus-silikon\\\/faltbare-sieb-2\\\/#primaryimage\"},\"thumbnailUrl\":\"https:\\\/\\\/eurotrail.info\\\/wp\\\/wp-content\\\/uploads\\\/2017\\\/01\\\/Eurotrail-opvouwbare-wasbak-vergiet-4.jpg\",\"datePublished\":\"2017-01-06T14:24:31+00:00\",\"dateModified\":\"2017-03-10T09:07:45+00:00\",\"breadcrumb\":{\"@id\":\"https:\\\/\\\/eurotrail.info\\\/de\\\/producten\\\/haushaltartikel\\\/faltbaren-artikeln-aus-silikon\\\/faltbare-sieb-2\\\/#breadcrumb\"},\"inLanguage\":\"de\",\"potentialAction\":[{\"@type\":\"ReadAction\",\"target\":[\"https:\\\/\\\/eurotrail.info\\\/de\\\/producten\\\/haushaltartikel\\\/faltbaren-artikeln-aus-silikon\\\/faltbare-sieb-2\\\/\"]}]},{\"@type\":\"ImageObject\",\"inLanguage\":\"de\",\"@id\":\"https:\\\/\\\/eurotrail.info\\\/de\\\/producten\\\/haushaltartikel\\\/faltbaren-artikeln-aus-silikon\\\/faltbare-sieb-2\\\/#primaryimage\",\"url\":\"https:\\\/\\\/eurotrail.info\\\/wp\\\/wp-content\\\/uploads\\\/2017\\\/01\\\/Eurotrail-opvouwbare-wasbak-vergiet-4.jpg\",\"contentUrl\":\"https:\\\/\\\/eurotrail.info\\\/wp\\\/wp-content\\\/uploads\\\/2017\\\/01\\\/Eurotrail-opvouwbare-wasbak-vergiet-4.jpg\",\"width\":1772,\"height\":772,\"caption\":\"Faltbare Sieb mit ausziehbarem St\u00fctze\"},{\"@type\":\"BreadcrumbList\",\"@id\":\"https:\\\/\\\/eurotrail.info\\\/de\\\/producten\\\/haushaltartikel\\\/faltbaren-artikeln-aus-silikon\\\/faltbare-sieb-2\\\/#breadcrumb\",\"itemListElement\":[{\"@type\":\"ListItem\",\"position\":1,\"name\":\"Home\",\"item\":\"https:\\\/\\\/eurotrail.info\\\/de\\\/\"},{\"@type\":\"ListItem\",\"position\":2,\"name\":\"Produkte\",\"item\":\"https:\\\/\\\/eurotrail.info\\\/de\\\/produkte\\\/\"},{\"@type\":\"ListItem\",\"position\":3,\"name\":\"Faltbare Sieb\"}]},{\"@type\":\"WebSite\",\"@id\":\"https:\\\/\\\/eurotrail.info\\\/#website\",\"url\":\"https:\\\/\\\/eurotrail.info\\\/\",\"name\":\"Eurotrail\",\"description\":\"\",\"publisher\":{\"@id\":\"https:\\\/\\\/eurotrail.info\\\/#organization\"},\"potentialAction\":[{\"@type\":\"SearchAction\",\"target\":{\"@type\":\"EntryPoint\",\"urlTemplate\":\"https:\\\/\\\/eurotrail.info\\\/?s={search_term_string}\"},\"query-input\":{\"@type\":\"PropertyValueSpecification\",\"valueRequired\":true,\"valueName\":\"search_term_string\"}}],\"inLanguage\":\"de\"},{\"@type\":\"Organization\",\"@id\":\"https:\\\/\\\/eurotrail.info\\\/#organization\",\"name\":\"Eurotrail\",\"url\":\"https:\\\/\\\/eurotrail.info\\\/\",\"logo\":{\"@type\":\"ImageObject\",\"inLanguage\":\"de\",\"@id\":\"https:\\\/\\\/eurotrail.info\\\/#\\\/schema\\\/logo\\\/image\\\/\",\"url\":\"https:\\\/\\\/eurotrail.info\\\/wp\\\/wp-content\\\/uploads\\\/2023\\\/07\\\/ET-logo-quote_NL-scaled.jpg\",\"contentUrl\":\"https:\\\/\\\/eurotrail.info\\\/wp\\\/wp-content\\\/uploads\\\/2023\\\/07\\\/ET-logo-quote_NL-scaled.jpg\",\"width\":2560,\"height\":675,\"caption\":\"Eurotrail\"},\"image\":{\"@id\":\"https:\\\/\\\/eurotrail.info\\\/#\\\/schema\\\/logo\\\/image\\\/\"}}]}<\/script>\n<!-- \/ Yoast SEO plugin. -->","yoast_head_json":{"title":"Faltbare Sieb - Eurotrail","robots":{"index":"index","follow":"follow","max-snippet":"max-snippet:-1","max-image-preview":"max-image-preview:large","max-video-preview":"max-video-preview:-1"},"canonical":"https:\/\/eurotrail.info\/de\/producten\/haushaltartikel\/faltbaren-artikeln-aus-silikon\/faltbare-sieb-2\/","og_locale":"de_DE","og_type":"article","og_title":"Faltbare Sieb - Eurotrail","og_description":"Faltbare Sieb mit ausziehbarem St\u00fctze f\u00fcr auf dem Waschbecken. Hergestellt aus Silikon und TPP Kunststoff. Leicht zu falten und kleinem Packma\u00df. Material: Silicone \/ TPP&hellip;","og_url":"https:\/\/eurotrail.info\/de\/producten\/haushaltartikel\/faltbaren-artikeln-aus-silikon\/faltbare-sieb-2\/","og_site_name":"Eurotrail","article_modified_time":"2017-03-10T09:07:45+00:00","og_image":[{"width":1772,"height":772,"url":"https:\/\/eurotrail.info\/wp\/wp-content\/uploads\/2017\/01\/Eurotrail-opvouwbare-wasbak-vergiet-4.jpg","type":"image\/jpeg"}],"twitter_card":"summary_large_image","schema":{"@context":"https:\/\/schema.org","@graph":[{"@type":"WebPage","@id":"https:\/\/eurotrail.info\/de\/producten\/haushaltartikel\/faltbaren-artikeln-aus-silikon\/faltbare-sieb-2\/","url":"https:\/\/eurotrail.info\/de\/producten\/haushaltartikel\/faltbaren-artikeln-aus-silikon\/faltbare-sieb-2\/","name":"Faltbare Sieb - Eurotrail","isPartOf":{"@id":"https:\/\/eurotrail.info\/#website"},"primaryImageOfPage":{"@id":"https:\/\/eurotrail.info\/de\/producten\/haushaltartikel\/faltbaren-artikeln-aus-silikon\/faltbare-sieb-2\/#primaryimage"},"image":{"@id":"https:\/\/eurotrail.info\/de\/producten\/haushaltartikel\/faltbaren-artikeln-aus-silikon\/faltbare-sieb-2\/#primaryimage"},"thumbnailUrl":"https:\/\/eurotrail.info\/wp\/wp-content\/uploads\/2017\/01\/Eurotrail-opvouwbare-wasbak-vergiet-4.jpg","datePublished":"2017-01-06T14:24:31+00:00","dateModified":"2017-03-10T09:07:45+00:00","breadcrumb":{"@id":"https:\/\/eurotrail.info\/de\/producten\/haushaltartikel\/faltbaren-artikeln-aus-silikon\/faltbare-sieb-2\/#breadcrumb"},"inLanguage":"de","potentialAction":[{"@type":"ReadAction","target":["https:\/\/eurotrail.info\/de\/producten\/haushaltartikel\/faltbaren-artikeln-aus-silikon\/faltbare-sieb-2\/"]}]},{"@type":"ImageObject","inLanguage":"de","@id":"https:\/\/eurotrail.info\/de\/producten\/haushaltartikel\/faltbaren-artikeln-aus-silikon\/faltbare-sieb-2\/#primaryimage","url":"https:\/\/eurotrail.info\/wp\/wp-content\/uploads\/2017\/01\/Eurotrail-opvouwbare-wasbak-vergiet-4.jpg","contentUrl":"https:\/\/eurotrail.info\/wp\/wp-content\/uploads\/2017\/01\/Eurotrail-opvouwbare-wasbak-vergiet-4.jpg","width":1772,"height":772,"caption":"Faltbare Sieb mit ausziehbarem St\u00fctze"},{"@type":"BreadcrumbList","@id":"https:\/\/eurotrail.info\/de\/producten\/haushaltartikel\/faltbaren-artikeln-aus-silikon\/faltbare-sieb-2\/#breadcrumb","itemListElement":[{"@type":"ListItem","position":1,"name":"Home","item":"https:\/\/eurotrail.info\/de\/"},{"@type":"ListItem","position":2,"name":"Produkte","item":"https:\/\/eurotrail.info\/de\/produkte\/"},{"@type":"ListItem","position":3,"name":"Faltbare Sieb"}]},{"@type":"WebSite","@id":"https:\/\/eurotrail.info\/#website","url":"https:\/\/eurotrail.info\/","name":"Eurotrail","description":"","publisher":{"@id":"https:\/\/eurotrail.info\/#organization"},"potentialAction":[{"@type":"SearchAction","target":{"@type":"EntryPoint","urlTemplate":"https:\/\/eurotrail.info\/?s={search_term_string}"},"query-input":{"@type":"PropertyValueSpecification","valueRequired":true,"valueName":"search_term_string"}}],"inLanguage":"de"},{"@type":"Organization","@id":"https:\/\/eurotrail.info\/#organization","name":"Eurotrail","url":"https:\/\/eurotrail.info\/","logo":{"@type":"ImageObject","inLanguage":"de","@id":"https:\/\/eurotrail.info\/#\/schema\/logo\/image\/","url":"https:\/\/eurotrail.info\/wp\/wp-content\/uploads\/2023\/07\/ET-logo-quote_NL-scaled.jpg","contentUrl":"https:\/\/eurotrail.info\/wp\/wp-content\/uploads\/2023\/07\/ET-logo-quote_NL-scaled.jpg","width":2560,"height":675,"caption":"Eurotrail"},"image":{"@id":"https:\/\/eurotrail.info\/#\/schema\/logo\/image\/"}}]}},"_links":{"self":[{"href":"https:\/\/eurotrail.info\/de\/wp-json\/wp\/v2\/product\/2765","targetHints":{"allow":["GET"]}}],"collection":[{"href":"https:\/\/eurotrail.info\/de\/wp-json\/wp\/v2\/product"}],"about":[{"href":"https:\/\/eurotrail.info\/de\/wp-json\/wp\/v2\/types\/product"}],"replies":[{"embeddable":true,"href":"https:\/\/eurotrail.info\/de\/wp-json\/wp\/v2\/comments?post=2765"}],"wp:featuredmedia":[{"embeddable":true,"href":"https:\/\/eurotrail.info\/de\/wp-json\/wp\/v2\/media\/2764"}],"wp:attachment":[{"href":"https:\/\/eurotrail.info\/de\/wp-json\/wp\/v2\/media?parent=2765"}],"wp:term":[{"taxonomy":"product_brand","embeddable":true,"href":"https:\/\/eurotrail.info\/de\/wp-json\/wp\/v2\/product_brand?post=2765"},{"taxonomy":"product_cat","embeddable":true,"href":"https:\/\/eurotrail.info\/de\/wp-json\/wp\/v2\/product_cat?post=2765"},{"taxonomy":"product_tag","embeddable":true,"href":"https:\/\/eurotrail.info\/de\/wp-json\/wp\/v2\/product_tag?post=2765"}],"curies":[{"name":"wp","href":"https:\/\/api.w.org\/{rel}","templated":true}]}}