{"id":2775,"date":"2017-01-06T15:35:43","date_gmt":"2017-01-06T14:35:43","guid":{"rendered":"http:\/\/preview.eurotrail.info\/producten\/abstellflaeche-mit-haken\/"},"modified":"2021-11-30T10:20:27","modified_gmt":"2021-11-30T09:20:27","slug":"abstellflaeche-mit-haken","status":"publish","type":"product","link":"https:\/\/eurotrail.info\/de\/producten\/badezimmerkuechen-zubehoer\/abstellflaeche-mit-haken\/","title":{"rendered":"Abstellfl\u00e4che mit Haken"},"content":{"rendered":"<p>Abstellfl\u00e4che mit Haken und Saugnapf Haken.<\/p>\n<p>Abstellfl\u00e4che mit Haken und Saugnapf Haken f\u00fcr einfache Montage. Die Haken sind eine perfekte Platz f\u00fcr Ihre K\u00fcchen Sachen wie L\u00f6ffel oder Besteck aber auch f\u00fcr Ihren Mantel, Handt\u00fccher oder andere Gegenst\u00e4nde. F\u00fcr den Einsatz in der K\u00fcche in der Wohnwagen, Reismobile oder zu Hause.<\/p>\n<p>Achtung: dieses Produkt ist nur f\u00fcr den Innenbereich im Badezimmer oder in der K\u00fcche geeignet. Nicht f\u00fcr den Au\u00dfeneinsatz am Wohnwagen oder Wohnmobil geeignet!<\/p>\n<p>Lieferbare farben sind Grau oder Weiss<\/p>\n<p>Grosse: 15.5x9x45cm<br \/>\nMaterial: PP+ABS+PA<br \/>\nMax. Belastung: 3 kg.<\/p>\n","protected":false},"excerpt":{"rendered":"<p>Abstellfl\u00e4che mit Haken und Saugnapf Haken. Abstellfl\u00e4che mit Haken und Saugnapf Haken f\u00fcr einfache Montage. Die Haken sind eine perfekte Platz f\u00fcr Ihre K\u00fcchen Sachen&hellip;<\/p>\n","protected":false},"featured_media":2774,"comment_status":"open","ping_status":"closed","template":"","meta":{"_acf_changed":false},"product_brand":[],"product_cat":[67],"product_tag":[],"class_list":{"0":"post-2775","1":"product","2":"type-product","3":"status-publish","4":"has-post-thumbnail","6":"product_cat-badezimmerkuechen-zubehoer","8":"first","9":"instock","10":"shipping-taxable","11":"product-type-simple"},"acf":[],"yoast_head":"<!-- This site is optimized with the Yoast SEO plugin v27.4 - https:\/\/yoast.com\/product\/yoast-seo-wordpress\/ -->\n<title>Abstellfl\u00e4che mit Haken - Eurotrail<\/title>\n<meta name=\"robots\" content=\"index, follow, max-snippet:-1, max-image-preview:large, max-video-preview:-1\" \/>\n<link rel=\"canonical\" href=\"https:\/\/eurotrail.info\/de\/producten\/badezimmerkuechen-zubehoer\/abstellflaeche-mit-haken\/\" \/>\n<meta property=\"og:locale\" content=\"de_DE\" \/>\n<meta property=\"og:type\" content=\"article\" \/>\n<meta property=\"og:title\" content=\"Abstellfl\u00e4che mit Haken - Eurotrail\" \/>\n<meta property=\"og:description\" content=\"Abstellfl\u00e4che mit Haken und Saugnapf Haken. Abstellfl\u00e4che mit Haken und Saugnapf Haken f\u00fcr einfache Montage. Die Haken sind eine perfekte Platz f\u00fcr Ihre K\u00fcchen Sachen&hellip;\" \/>\n<meta property=\"og:url\" content=\"https:\/\/eurotrail.info\/de\/producten\/badezimmerkuechen-zubehoer\/abstellflaeche-mit-haken\/\" \/>\n<meta property=\"og:site_name\" content=\"Eurotrail\" \/>\n<meta property=\"article:modified_time\" content=\"2021-11-30T09:20:27+00:00\" \/>\n<meta property=\"og:image\" content=\"https:\/\/eurotrail.info\/wp\/wp-content\/uploads\/2017\/01\/Eurotrail-keurkenplank-met-haken-en-zuignap-4.jpg\" \/>\n\t<meta property=\"og:image:width\" content=\"1417\" \/>\n\t<meta property=\"og:image:height\" content=\"1762\" \/>\n\t<meta property=\"og:image:type\" content=\"image\/jpeg\" \/>\n<meta name=\"twitter:card\" content=\"summary_large_image\" \/>\n<meta name=\"twitter:label1\" content=\"Gesch\u00e4tzte Lesezeit\" \/>\n\t<meta name=\"twitter:data1\" content=\"1\u00a0Minute\" \/>\n<script type=\"application\/ld+json\" class=\"yoast-schema-graph\">{\"@context\":\"https:\\\/\\\/schema.org\",\"@graph\":[{\"@type\":\"WebPage\",\"@id\":\"https:\\\/\\\/eurotrail.info\\\/de\\\/producten\\\/badezimmerkuechen-zubehoer\\\/abstellflaeche-mit-haken\\\/\",\"url\":\"https:\\\/\\\/eurotrail.info\\\/de\\\/producten\\\/badezimmerkuechen-zubehoer\\\/abstellflaeche-mit-haken\\\/\",\"name\":\"Abstellfl\u00e4che mit Haken - Eurotrail\",\"isPartOf\":{\"@id\":\"https:\\\/\\\/eurotrail.info\\\/#website\"},\"primaryImageOfPage\":{\"@id\":\"https:\\\/\\\/eurotrail.info\\\/de\\\/producten\\\/badezimmerkuechen-zubehoer\\\/abstellflaeche-mit-haken\\\/#primaryimage\"},\"image\":{\"@id\":\"https:\\\/\\\/eurotrail.info\\\/de\\\/producten\\\/badezimmerkuechen-zubehoer\\\/abstellflaeche-mit-haken\\\/#primaryimage\"},\"thumbnailUrl\":\"https:\\\/\\\/eurotrail.info\\\/wp\\\/wp-content\\\/uploads\\\/2017\\\/01\\\/Eurotrail-keurkenplank-met-haken-en-zuignap-4.jpg\",\"datePublished\":\"2017-01-06T14:35:43+00:00\",\"dateModified\":\"2021-11-30T09:20:27+00:00\",\"breadcrumb\":{\"@id\":\"https:\\\/\\\/eurotrail.info\\\/de\\\/producten\\\/badezimmerkuechen-zubehoer\\\/abstellflaeche-mit-haken\\\/#breadcrumb\"},\"inLanguage\":\"de\",\"potentialAction\":[{\"@type\":\"ReadAction\",\"target\":[\"https:\\\/\\\/eurotrail.info\\\/de\\\/producten\\\/badezimmerkuechen-zubehoer\\\/abstellflaeche-mit-haken\\\/\"]}]},{\"@type\":\"ImageObject\",\"inLanguage\":\"de\",\"@id\":\"https:\\\/\\\/eurotrail.info\\\/de\\\/producten\\\/badezimmerkuechen-zubehoer\\\/abstellflaeche-mit-haken\\\/#primaryimage\",\"url\":\"https:\\\/\\\/eurotrail.info\\\/wp\\\/wp-content\\\/uploads\\\/2017\\\/01\\\/Eurotrail-keurkenplank-met-haken-en-zuignap-4.jpg\",\"contentUrl\":\"https:\\\/\\\/eurotrail.info\\\/wp\\\/wp-content\\\/uploads\\\/2017\\\/01\\\/Eurotrail-keurkenplank-met-haken-en-zuignap-4.jpg\",\"width\":1417,\"height\":1762,\"caption\":\"Abstellfl\u00e4che mit Haken und Saugnapf Haken.\"},{\"@type\":\"BreadcrumbList\",\"@id\":\"https:\\\/\\\/eurotrail.info\\\/de\\\/producten\\\/badezimmerkuechen-zubehoer\\\/abstellflaeche-mit-haken\\\/#breadcrumb\",\"itemListElement\":[{\"@type\":\"ListItem\",\"position\":1,\"name\":\"Home\",\"item\":\"https:\\\/\\\/eurotrail.info\\\/de\\\/\"},{\"@type\":\"ListItem\",\"position\":2,\"name\":\"Produkte\",\"item\":\"https:\\\/\\\/eurotrail.info\\\/de\\\/produkte\\\/\"},{\"@type\":\"ListItem\",\"position\":3,\"name\":\"Abstellfl\u00e4che mit Haken\"}]},{\"@type\":\"WebSite\",\"@id\":\"https:\\\/\\\/eurotrail.info\\\/#website\",\"url\":\"https:\\\/\\\/eurotrail.info\\\/\",\"name\":\"Eurotrail\",\"description\":\"\",\"publisher\":{\"@id\":\"https:\\\/\\\/eurotrail.info\\\/#organization\"},\"potentialAction\":[{\"@type\":\"SearchAction\",\"target\":{\"@type\":\"EntryPoint\",\"urlTemplate\":\"https:\\\/\\\/eurotrail.info\\\/?s={search_term_string}\"},\"query-input\":{\"@type\":\"PropertyValueSpecification\",\"valueRequired\":true,\"valueName\":\"search_term_string\"}}],\"inLanguage\":\"de\"},{\"@type\":\"Organization\",\"@id\":\"https:\\\/\\\/eurotrail.info\\\/#organization\",\"name\":\"Eurotrail\",\"url\":\"https:\\\/\\\/eurotrail.info\\\/\",\"logo\":{\"@type\":\"ImageObject\",\"inLanguage\":\"de\",\"@id\":\"https:\\\/\\\/eurotrail.info\\\/#\\\/schema\\\/logo\\\/image\\\/\",\"url\":\"https:\\\/\\\/eurotrail.info\\\/wp\\\/wp-content\\\/uploads\\\/2023\\\/07\\\/ET-logo-quote_NL-scaled.jpg\",\"contentUrl\":\"https:\\\/\\\/eurotrail.info\\\/wp\\\/wp-content\\\/uploads\\\/2023\\\/07\\\/ET-logo-quote_NL-scaled.jpg\",\"width\":2560,\"height\":675,\"caption\":\"Eurotrail\"},\"image\":{\"@id\":\"https:\\\/\\\/eurotrail.info\\\/#\\\/schema\\\/logo\\\/image\\\/\"}}]}<\/script>\n<!-- \/ Yoast SEO plugin. -->","yoast_head_json":{"title":"Abstellfl\u00e4che mit Haken - Eurotrail","robots":{"index":"index","follow":"follow","max-snippet":"max-snippet:-1","max-image-preview":"max-image-preview:large","max-video-preview":"max-video-preview:-1"},"canonical":"https:\/\/eurotrail.info\/de\/producten\/badezimmerkuechen-zubehoer\/abstellflaeche-mit-haken\/","og_locale":"de_DE","og_type":"article","og_title":"Abstellfl\u00e4che mit Haken - Eurotrail","og_description":"Abstellfl\u00e4che mit Haken und Saugnapf Haken. Abstellfl\u00e4che mit Haken und Saugnapf Haken f\u00fcr einfache Montage. Die Haken sind eine perfekte Platz f\u00fcr Ihre K\u00fcchen Sachen&hellip;","og_url":"https:\/\/eurotrail.info\/de\/producten\/badezimmerkuechen-zubehoer\/abstellflaeche-mit-haken\/","og_site_name":"Eurotrail","article_modified_time":"2021-11-30T09:20:27+00:00","og_image":[{"width":1417,"height":1762,"url":"https:\/\/eurotrail.info\/wp\/wp-content\/uploads\/2017\/01\/Eurotrail-keurkenplank-met-haken-en-zuignap-4.jpg","type":"image\/jpeg"}],"twitter_card":"summary_large_image","twitter_misc":{"Gesch\u00e4tzte Lesezeit":"1\u00a0Minute"},"schema":{"@context":"https:\/\/schema.org","@graph":[{"@type":"WebPage","@id":"https:\/\/eurotrail.info\/de\/producten\/badezimmerkuechen-zubehoer\/abstellflaeche-mit-haken\/","url":"https:\/\/eurotrail.info\/de\/producten\/badezimmerkuechen-zubehoer\/abstellflaeche-mit-haken\/","name":"Abstellfl\u00e4che mit Haken - Eurotrail","isPartOf":{"@id":"https:\/\/eurotrail.info\/#website"},"primaryImageOfPage":{"@id":"https:\/\/eurotrail.info\/de\/producten\/badezimmerkuechen-zubehoer\/abstellflaeche-mit-haken\/#primaryimage"},"image":{"@id":"https:\/\/eurotrail.info\/de\/producten\/badezimmerkuechen-zubehoer\/abstellflaeche-mit-haken\/#primaryimage"},"thumbnailUrl":"https:\/\/eurotrail.info\/wp\/wp-content\/uploads\/2017\/01\/Eurotrail-keurkenplank-met-haken-en-zuignap-4.jpg","datePublished":"2017-01-06T14:35:43+00:00","dateModified":"2021-11-30T09:20:27+00:00","breadcrumb":{"@id":"https:\/\/eurotrail.info\/de\/producten\/badezimmerkuechen-zubehoer\/abstellflaeche-mit-haken\/#breadcrumb"},"inLanguage":"de","potentialAction":[{"@type":"ReadAction","target":["https:\/\/eurotrail.info\/de\/producten\/badezimmerkuechen-zubehoer\/abstellflaeche-mit-haken\/"]}]},{"@type":"ImageObject","inLanguage":"de","@id":"https:\/\/eurotrail.info\/de\/producten\/badezimmerkuechen-zubehoer\/abstellflaeche-mit-haken\/#primaryimage","url":"https:\/\/eurotrail.info\/wp\/wp-content\/uploads\/2017\/01\/Eurotrail-keurkenplank-met-haken-en-zuignap-4.jpg","contentUrl":"https:\/\/eurotrail.info\/wp\/wp-content\/uploads\/2017\/01\/Eurotrail-keurkenplank-met-haken-en-zuignap-4.jpg","width":1417,"height":1762,"caption":"Abstellfl\u00e4che mit Haken und Saugnapf Haken."},{"@type":"BreadcrumbList","@id":"https:\/\/eurotrail.info\/de\/producten\/badezimmerkuechen-zubehoer\/abstellflaeche-mit-haken\/#breadcrumb","itemListElement":[{"@type":"ListItem","position":1,"name":"Home","item":"https:\/\/eurotrail.info\/de\/"},{"@type":"ListItem","position":2,"name":"Produkte","item":"https:\/\/eurotrail.info\/de\/produkte\/"},{"@type":"ListItem","position":3,"name":"Abstellfl\u00e4che mit Haken"}]},{"@type":"WebSite","@id":"https:\/\/eurotrail.info\/#website","url":"https:\/\/eurotrail.info\/","name":"Eurotrail","description":"","publisher":{"@id":"https:\/\/eurotrail.info\/#organization"},"potentialAction":[{"@type":"SearchAction","target":{"@type":"EntryPoint","urlTemplate":"https:\/\/eurotrail.info\/?s={search_term_string}"},"query-input":{"@type":"PropertyValueSpecification","valueRequired":true,"valueName":"search_term_string"}}],"inLanguage":"de"},{"@type":"Organization","@id":"https:\/\/eurotrail.info\/#organization","name":"Eurotrail","url":"https:\/\/eurotrail.info\/","logo":{"@type":"ImageObject","inLanguage":"de","@id":"https:\/\/eurotrail.info\/#\/schema\/logo\/image\/","url":"https:\/\/eurotrail.info\/wp\/wp-content\/uploads\/2023\/07\/ET-logo-quote_NL-scaled.jpg","contentUrl":"https:\/\/eurotrail.info\/wp\/wp-content\/uploads\/2023\/07\/ET-logo-quote_NL-scaled.jpg","width":2560,"height":675,"caption":"Eurotrail"},"image":{"@id":"https:\/\/eurotrail.info\/#\/schema\/logo\/image\/"}}]}},"_links":{"self":[{"href":"https:\/\/eurotrail.info\/de\/wp-json\/wp\/v2\/product\/2775","targetHints":{"allow":["GET"]}}],"collection":[{"href":"https:\/\/eurotrail.info\/de\/wp-json\/wp\/v2\/product"}],"about":[{"href":"https:\/\/eurotrail.info\/de\/wp-json\/wp\/v2\/types\/product"}],"replies":[{"embeddable":true,"href":"https:\/\/eurotrail.info\/de\/wp-json\/wp\/v2\/comments?post=2775"}],"wp:featuredmedia":[{"embeddable":true,"href":"https:\/\/eurotrail.info\/de\/wp-json\/wp\/v2\/media\/2774"}],"wp:attachment":[{"href":"https:\/\/eurotrail.info\/de\/wp-json\/wp\/v2\/media?parent=2775"}],"wp:term":[{"taxonomy":"product_brand","embeddable":true,"href":"https:\/\/eurotrail.info\/de\/wp-json\/wp\/v2\/product_brand?post=2775"},{"taxonomy":"product_cat","embeddable":true,"href":"https:\/\/eurotrail.info\/de\/wp-json\/wp\/v2\/product_cat?post=2775"},{"taxonomy":"product_tag","embeddable":true,"href":"https:\/\/eurotrail.info\/de\/wp-json\/wp\/v2\/product_tag?post=2775"}],"curies":[{"name":"wp","href":"https:\/\/api.w.org\/{rel}","templated":true}]}}