{"id":2803,"date":"2017-01-06T16:00:50","date_gmt":"2017-01-06T15:00:50","guid":{"rendered":"http:\/\/preview.eurotrail.info\/producten\/ecke-regal\/"},"modified":"2021-11-30T09:55:24","modified_gmt":"2021-11-30T08:55:24","slug":"ecke-regal","status":"publish","type":"product","link":"https:\/\/eurotrail.info\/de\/producten\/badezimmerkuechen-zubehoer\/ecke-regal\/","title":{"rendered":"Ecke Regal"},"content":{"rendered":"<p>Ecke Regal mit Saug-Haken.<\/p>\n<p>Ecke Regal mit Saug-Haken f\u00fcr einfache Befestigung. Praktische Regal f\u00fcr Einsatz in der Dusche oder im Toilettenbereich der Wohnwagen oder Reisemobile, aber auf ideal f\u00fcr die Verwendung in der K\u00fcche. Die Acrylplatte sieht elegant und stilvoll aus.<\/p>\n<p>Achtung: dieses Produkt ist nur f\u00fcr den Innenbereich im Badezimmer oder in der K\u00fcche geeignet. Nicht f\u00fcr den Au\u00dfeneinsatz am Wohnwagen oder Wohnmobil geeignet!<\/p>\n<p>Lieferbare Farben sind Grau und Weiss<\/p>\n<p>Grosse: 20x30x20cm<br \/>\nMaterial: ABS+PA+Acrylic<br \/>\nMax. Belastung: 10 kg.<\/p>\n","protected":false},"excerpt":{"rendered":"<p>Ecke Regal mit Saug-Haken. Ecke Regal mit Saug-Haken f\u00fcr einfache Befestigung. Praktische Regal f\u00fcr Einsatz in der Dusche oder im Toilettenbereich der Wohnwagen oder Reisemobile,&hellip;<\/p>\n","protected":false},"featured_media":2796,"comment_status":"open","ping_status":"closed","template":"","meta":{"_acf_changed":false},"product_brand":[],"product_cat":[67],"product_tag":[],"class_list":{"0":"post-2803","1":"product","2":"type-product","3":"status-publish","4":"has-post-thumbnail","6":"product_cat-badezimmerkuechen-zubehoer","8":"first","9":"instock","10":"shipping-taxable","11":"product-type-simple"},"acf":[],"yoast_head":"<!-- This site is optimized with the Yoast SEO plugin v27.4 - https:\/\/yoast.com\/product\/yoast-seo-wordpress\/ -->\n<title>Ecke Regal - Eurotrail<\/title>\n<meta name=\"robots\" content=\"index, follow, max-snippet:-1, max-image-preview:large, max-video-preview:-1\" \/>\n<link rel=\"canonical\" href=\"https:\/\/eurotrail.info\/de\/producten\/badezimmerkuechen-zubehoer\/ecke-regal\/\" \/>\n<meta property=\"og:locale\" content=\"de_DE\" \/>\n<meta property=\"og:type\" content=\"article\" \/>\n<meta property=\"og:title\" content=\"Ecke Regal - Eurotrail\" \/>\n<meta property=\"og:description\" content=\"Ecke Regal mit Saug-Haken. Ecke Regal mit Saug-Haken f\u00fcr einfache Befestigung. Praktische Regal f\u00fcr Einsatz in der Dusche oder im Toilettenbereich der Wohnwagen oder Reisemobile,&hellip;\" \/>\n<meta property=\"og:url\" content=\"https:\/\/eurotrail.info\/de\/producten\/badezimmerkuechen-zubehoer\/ecke-regal\/\" \/>\n<meta property=\"og:site_name\" content=\"Eurotrail\" \/>\n<meta property=\"article:modified_time\" content=\"2021-11-30T08:55:24+00:00\" \/>\n<meta property=\"og:image\" content=\"https:\/\/eurotrail.info\/wp\/wp-content\/uploads\/2017\/01\/Eurotrail-hoekplank-met-zuignappen-3.jpg\" \/>\n\t<meta property=\"og:image:width\" content=\"1772\" \/>\n\t<meta property=\"og:image:height\" content=\"1034\" \/>\n\t<meta property=\"og:image:type\" content=\"image\/jpeg\" \/>\n<meta name=\"twitter:card\" content=\"summary_large_image\" \/>\n<script type=\"application\/ld+json\" class=\"yoast-schema-graph\">{\"@context\":\"https:\\\/\\\/schema.org\",\"@graph\":[{\"@type\":\"WebPage\",\"@id\":\"https:\\\/\\\/eurotrail.info\\\/de\\\/producten\\\/badezimmerkuechen-zubehoer\\\/ecke-regal\\\/\",\"url\":\"https:\\\/\\\/eurotrail.info\\\/de\\\/producten\\\/badezimmerkuechen-zubehoer\\\/ecke-regal\\\/\",\"name\":\"Ecke Regal - Eurotrail\",\"isPartOf\":{\"@id\":\"https:\\\/\\\/eurotrail.info\\\/#website\"},\"primaryImageOfPage\":{\"@id\":\"https:\\\/\\\/eurotrail.info\\\/de\\\/producten\\\/badezimmerkuechen-zubehoer\\\/ecke-regal\\\/#primaryimage\"},\"image\":{\"@id\":\"https:\\\/\\\/eurotrail.info\\\/de\\\/producten\\\/badezimmerkuechen-zubehoer\\\/ecke-regal\\\/#primaryimage\"},\"thumbnailUrl\":\"https:\\\/\\\/eurotrail.info\\\/wp\\\/wp-content\\\/uploads\\\/2017\\\/01\\\/Eurotrail-hoekplank-met-zuignappen-3.jpg\",\"datePublished\":\"2017-01-06T15:00:50+00:00\",\"dateModified\":\"2021-11-30T08:55:24+00:00\",\"breadcrumb\":{\"@id\":\"https:\\\/\\\/eurotrail.info\\\/de\\\/producten\\\/badezimmerkuechen-zubehoer\\\/ecke-regal\\\/#breadcrumb\"},\"inLanguage\":\"de\",\"potentialAction\":[{\"@type\":\"ReadAction\",\"target\":[\"https:\\\/\\\/eurotrail.info\\\/de\\\/producten\\\/badezimmerkuechen-zubehoer\\\/ecke-regal\\\/\"]}]},{\"@type\":\"ImageObject\",\"inLanguage\":\"de\",\"@id\":\"https:\\\/\\\/eurotrail.info\\\/de\\\/producten\\\/badezimmerkuechen-zubehoer\\\/ecke-regal\\\/#primaryimage\",\"url\":\"https:\\\/\\\/eurotrail.info\\\/wp\\\/wp-content\\\/uploads\\\/2017\\\/01\\\/Eurotrail-hoekplank-met-zuignappen-3.jpg\",\"contentUrl\":\"https:\\\/\\\/eurotrail.info\\\/wp\\\/wp-content\\\/uploads\\\/2017\\\/01\\\/Eurotrail-hoekplank-met-zuignappen-3.jpg\",\"width\":1772,\"height\":1034,\"caption\":\"Ecke Regal mit Saug-Haken.\"},{\"@type\":\"BreadcrumbList\",\"@id\":\"https:\\\/\\\/eurotrail.info\\\/de\\\/producten\\\/badezimmerkuechen-zubehoer\\\/ecke-regal\\\/#breadcrumb\",\"itemListElement\":[{\"@type\":\"ListItem\",\"position\":1,\"name\":\"Home\",\"item\":\"https:\\\/\\\/eurotrail.info\\\/de\\\/\"},{\"@type\":\"ListItem\",\"position\":2,\"name\":\"Produkte\",\"item\":\"https:\\\/\\\/eurotrail.info\\\/de\\\/produkte\\\/\"},{\"@type\":\"ListItem\",\"position\":3,\"name\":\"Ecke Regal\"}]},{\"@type\":\"WebSite\",\"@id\":\"https:\\\/\\\/eurotrail.info\\\/#website\",\"url\":\"https:\\\/\\\/eurotrail.info\\\/\",\"name\":\"Eurotrail\",\"description\":\"\",\"publisher\":{\"@id\":\"https:\\\/\\\/eurotrail.info\\\/#organization\"},\"potentialAction\":[{\"@type\":\"SearchAction\",\"target\":{\"@type\":\"EntryPoint\",\"urlTemplate\":\"https:\\\/\\\/eurotrail.info\\\/?s={search_term_string}\"},\"query-input\":{\"@type\":\"PropertyValueSpecification\",\"valueRequired\":true,\"valueName\":\"search_term_string\"}}],\"inLanguage\":\"de\"},{\"@type\":\"Organization\",\"@id\":\"https:\\\/\\\/eurotrail.info\\\/#organization\",\"name\":\"Eurotrail\",\"url\":\"https:\\\/\\\/eurotrail.info\\\/\",\"logo\":{\"@type\":\"ImageObject\",\"inLanguage\":\"de\",\"@id\":\"https:\\\/\\\/eurotrail.info\\\/#\\\/schema\\\/logo\\\/image\\\/\",\"url\":\"https:\\\/\\\/eurotrail.info\\\/wp\\\/wp-content\\\/uploads\\\/2023\\\/07\\\/ET-logo-quote_NL-scaled.jpg\",\"contentUrl\":\"https:\\\/\\\/eurotrail.info\\\/wp\\\/wp-content\\\/uploads\\\/2023\\\/07\\\/ET-logo-quote_NL-scaled.jpg\",\"width\":2560,\"height\":675,\"caption\":\"Eurotrail\"},\"image\":{\"@id\":\"https:\\\/\\\/eurotrail.info\\\/#\\\/schema\\\/logo\\\/image\\\/\"}}]}<\/script>\n<!-- \/ Yoast SEO plugin. -->","yoast_head_json":{"title":"Ecke Regal - Eurotrail","robots":{"index":"index","follow":"follow","max-snippet":"max-snippet:-1","max-image-preview":"max-image-preview:large","max-video-preview":"max-video-preview:-1"},"canonical":"https:\/\/eurotrail.info\/de\/producten\/badezimmerkuechen-zubehoer\/ecke-regal\/","og_locale":"de_DE","og_type":"article","og_title":"Ecke Regal - Eurotrail","og_description":"Ecke Regal mit Saug-Haken. Ecke Regal mit Saug-Haken f\u00fcr einfache Befestigung. Praktische Regal f\u00fcr Einsatz in der Dusche oder im Toilettenbereich der Wohnwagen oder Reisemobile,&hellip;","og_url":"https:\/\/eurotrail.info\/de\/producten\/badezimmerkuechen-zubehoer\/ecke-regal\/","og_site_name":"Eurotrail","article_modified_time":"2021-11-30T08:55:24+00:00","og_image":[{"width":1772,"height":1034,"url":"https:\/\/eurotrail.info\/wp\/wp-content\/uploads\/2017\/01\/Eurotrail-hoekplank-met-zuignappen-3.jpg","type":"image\/jpeg"}],"twitter_card":"summary_large_image","schema":{"@context":"https:\/\/schema.org","@graph":[{"@type":"WebPage","@id":"https:\/\/eurotrail.info\/de\/producten\/badezimmerkuechen-zubehoer\/ecke-regal\/","url":"https:\/\/eurotrail.info\/de\/producten\/badezimmerkuechen-zubehoer\/ecke-regal\/","name":"Ecke Regal - Eurotrail","isPartOf":{"@id":"https:\/\/eurotrail.info\/#website"},"primaryImageOfPage":{"@id":"https:\/\/eurotrail.info\/de\/producten\/badezimmerkuechen-zubehoer\/ecke-regal\/#primaryimage"},"image":{"@id":"https:\/\/eurotrail.info\/de\/producten\/badezimmerkuechen-zubehoer\/ecke-regal\/#primaryimage"},"thumbnailUrl":"https:\/\/eurotrail.info\/wp\/wp-content\/uploads\/2017\/01\/Eurotrail-hoekplank-met-zuignappen-3.jpg","datePublished":"2017-01-06T15:00:50+00:00","dateModified":"2021-11-30T08:55:24+00:00","breadcrumb":{"@id":"https:\/\/eurotrail.info\/de\/producten\/badezimmerkuechen-zubehoer\/ecke-regal\/#breadcrumb"},"inLanguage":"de","potentialAction":[{"@type":"ReadAction","target":["https:\/\/eurotrail.info\/de\/producten\/badezimmerkuechen-zubehoer\/ecke-regal\/"]}]},{"@type":"ImageObject","inLanguage":"de","@id":"https:\/\/eurotrail.info\/de\/producten\/badezimmerkuechen-zubehoer\/ecke-regal\/#primaryimage","url":"https:\/\/eurotrail.info\/wp\/wp-content\/uploads\/2017\/01\/Eurotrail-hoekplank-met-zuignappen-3.jpg","contentUrl":"https:\/\/eurotrail.info\/wp\/wp-content\/uploads\/2017\/01\/Eurotrail-hoekplank-met-zuignappen-3.jpg","width":1772,"height":1034,"caption":"Ecke Regal mit Saug-Haken."},{"@type":"BreadcrumbList","@id":"https:\/\/eurotrail.info\/de\/producten\/badezimmerkuechen-zubehoer\/ecke-regal\/#breadcrumb","itemListElement":[{"@type":"ListItem","position":1,"name":"Home","item":"https:\/\/eurotrail.info\/de\/"},{"@type":"ListItem","position":2,"name":"Produkte","item":"https:\/\/eurotrail.info\/de\/produkte\/"},{"@type":"ListItem","position":3,"name":"Ecke Regal"}]},{"@type":"WebSite","@id":"https:\/\/eurotrail.info\/#website","url":"https:\/\/eurotrail.info\/","name":"Eurotrail","description":"","publisher":{"@id":"https:\/\/eurotrail.info\/#organization"},"potentialAction":[{"@type":"SearchAction","target":{"@type":"EntryPoint","urlTemplate":"https:\/\/eurotrail.info\/?s={search_term_string}"},"query-input":{"@type":"PropertyValueSpecification","valueRequired":true,"valueName":"search_term_string"}}],"inLanguage":"de"},{"@type":"Organization","@id":"https:\/\/eurotrail.info\/#organization","name":"Eurotrail","url":"https:\/\/eurotrail.info\/","logo":{"@type":"ImageObject","inLanguage":"de","@id":"https:\/\/eurotrail.info\/#\/schema\/logo\/image\/","url":"https:\/\/eurotrail.info\/wp\/wp-content\/uploads\/2023\/07\/ET-logo-quote_NL-scaled.jpg","contentUrl":"https:\/\/eurotrail.info\/wp\/wp-content\/uploads\/2023\/07\/ET-logo-quote_NL-scaled.jpg","width":2560,"height":675,"caption":"Eurotrail"},"image":{"@id":"https:\/\/eurotrail.info\/#\/schema\/logo\/image\/"}}]}},"_links":{"self":[{"href":"https:\/\/eurotrail.info\/de\/wp-json\/wp\/v2\/product\/2803","targetHints":{"allow":["GET"]}}],"collection":[{"href":"https:\/\/eurotrail.info\/de\/wp-json\/wp\/v2\/product"}],"about":[{"href":"https:\/\/eurotrail.info\/de\/wp-json\/wp\/v2\/types\/product"}],"replies":[{"embeddable":true,"href":"https:\/\/eurotrail.info\/de\/wp-json\/wp\/v2\/comments?post=2803"}],"wp:featuredmedia":[{"embeddable":true,"href":"https:\/\/eurotrail.info\/de\/wp-json\/wp\/v2\/media\/2796"}],"wp:attachment":[{"href":"https:\/\/eurotrail.info\/de\/wp-json\/wp\/v2\/media?parent=2803"}],"wp:term":[{"taxonomy":"product_brand","embeddable":true,"href":"https:\/\/eurotrail.info\/de\/wp-json\/wp\/v2\/product_brand?post=2803"},{"taxonomy":"product_cat","embeddable":true,"href":"https:\/\/eurotrail.info\/de\/wp-json\/wp\/v2\/product_cat?post=2803"},{"taxonomy":"product_tag","embeddable":true,"href":"https:\/\/eurotrail.info\/de\/wp-json\/wp\/v2\/product_tag?post=2803"}],"curies":[{"name":"wp","href":"https:\/\/api.w.org\/{rel}","templated":true}]}}