{"id":28475,"date":"2026-01-07T15:29:36","date_gmt":"2026-01-07T14:29:36","guid":{"rendered":"https:\/\/eurotrail.info\/?post_type=product&#038;p=28475"},"modified":"2026-01-07T16:22:46","modified_gmt":"2026-01-07T15:22:46","slug":"ligbed-handdoek","status":"publish","type":"product","link":"https:\/\/eurotrail.info\/de\/producten\/campingmoebel\/campngbett\/ligbed-handdoek\/","title":{"rendered":"Strandliegebezug"},"content":{"rendered":"<p>Strandliegebezug aus schnelltrocknendem Mikrofaser-Material, \u00e4hnlich wie Sporthandt\u00fccher.<\/p>\n<p>Oben befindet sich ein Bezug, der \u00fcber das Kopfteil gezogen wird. Dieser sorgt zusammen mit einem Gummiband am Boden daf\u00fcr, dass der Bezug ordentlich auf dem Bett sitzt und nicht abrutscht.<br \/>\nEr ist leicht, schnelltrocknend und mit zwei praktischen Seitentaschen f\u00fcr Handy oder Sonnenbrille ausgestattet. Ideal f\u00fcr Strand, Pool oder Urlaub.<\/p>\n<p>Material: 80 % Polyester, 20 % Polyamid-Mikrofaser<br \/>\nGr\u00f6\u00dfe: 210 x 75 cm<br \/>\nPaket: 40x24x50cm<br \/>\nGewicht: 670 gr.<\/p>\n","protected":false},"excerpt":{"rendered":"<p>Strandliegebezug aus schnelltrocknendem Mikrofaser-Material, \u00e4hnlich wie Sporthandt\u00fccher. Oben befindet sich ein Bezug, der \u00fcber das Kopfteil gezogen wird. Dieser sorgt zusammen mit einem Gummiband am&hellip;<\/p>\n","protected":false},"featured_media":28467,"comment_status":"open","ping_status":"closed","template":"","meta":{"_acf_changed":false},"product_brand":[],"product_cat":[87,82],"product_tag":[],"class_list":{"0":"post-28475","1":"product","2":"type-product","3":"status-publish","4":"has-post-thumbnail","6":"product_cat-campngbett","7":"product_cat-campingmoebel","9":"first","10":"instock","11":"shipping-taxable","12":"product-type-simple"},"acf":[],"yoast_head":"<!-- This site is optimized with the Yoast SEO plugin v27.4 - https:\/\/yoast.com\/product\/yoast-seo-wordpress\/ -->\n<title>Strandliegebezug - Eurotrail<\/title>\n<meta name=\"description\" content=\"Strandliegebezug aus schnelltrocknendem Mikrofaser-Material, \u00e4hnlich wie Sporthandt\u00fccher.\" \/>\n<meta name=\"robots\" content=\"index, follow, max-snippet:-1, max-image-preview:large, max-video-preview:-1\" \/>\n<link rel=\"canonical\" href=\"https:\/\/eurotrail.info\/producten\/kampeermeubelen-campingmeubelen\/ligbedden-veldbedden-logeerbed-camping\/ligbed-handdoek\/\" \/>\n<meta property=\"og:locale\" content=\"de_DE\" \/>\n<meta property=\"og:type\" content=\"article\" \/>\n<meta property=\"og:title\" content=\"Strandliegebezug - Eurotrail\" \/>\n<meta property=\"og:description\" content=\"Strandliegebezug aus schnelltrocknendem Mikrofaser-Material, \u00e4hnlich wie Sporthandt\u00fccher.\" \/>\n<meta property=\"og:url\" content=\"https:\/\/eurotrail.info\/producten\/kampeermeubelen-campingmeubelen\/ligbedden-veldbedden-logeerbed-camping\/ligbed-handdoek\/\" \/>\n<meta property=\"og:site_name\" content=\"Eurotrail\" \/>\n<meta property=\"article:modified_time\" content=\"2026-01-07T15:22:46+00:00\" \/>\n<meta property=\"og:image\" content=\"https:\/\/eurotrail.info\/wp\/wp-content\/uploads\/2026\/01\/ETCF0975-Beach-Bed-Cover-sfeer-.jpg\" \/>\n\t<meta property=\"og:image:width\" content=\"1024\" \/>\n\t<meta property=\"og:image:height\" content=\"1536\" \/>\n\t<meta property=\"og:image:type\" content=\"image\/jpeg\" \/>\n<meta name=\"twitter:card\" content=\"summary_large_image\" \/>\n<meta name=\"twitter:label1\" content=\"Gesch\u00e4tzte Lesezeit\" \/>\n\t<meta name=\"twitter:data1\" content=\"1\u00a0Minute\" \/>\n<script type=\"application\/ld+json\" class=\"yoast-schema-graph\">{\"@context\":\"https:\\\/\\\/schema.org\",\"@graph\":[{\"@type\":\"WebPage\",\"@id\":\"https:\\\/\\\/eurotrail.info\\\/producten\\\/kampeermeubelen-campingmeubelen\\\/ligbedden-veldbedden-logeerbed-camping\\\/ligbed-handdoek\\\/\",\"url\":\"https:\\\/\\\/eurotrail.info\\\/producten\\\/kampeermeubelen-campingmeubelen\\\/ligbedden-veldbedden-logeerbed-camping\\\/ligbed-handdoek\\\/\",\"name\":\"Strandliegebezug - Eurotrail\",\"isPartOf\":{\"@id\":\"https:\\\/\\\/eurotrail.info\\\/#website\"},\"primaryImageOfPage\":{\"@id\":\"https:\\\/\\\/eurotrail.info\\\/producten\\\/kampeermeubelen-campingmeubelen\\\/ligbedden-veldbedden-logeerbed-camping\\\/ligbed-handdoek\\\/#primaryimage\"},\"image\":{\"@id\":\"https:\\\/\\\/eurotrail.info\\\/producten\\\/kampeermeubelen-campingmeubelen\\\/ligbedden-veldbedden-logeerbed-camping\\\/ligbed-handdoek\\\/#primaryimage\"},\"thumbnailUrl\":\"https:\\\/\\\/eurotrail.info\\\/wp\\\/wp-content\\\/uploads\\\/2026\\\/01\\\/ETCF0975-Beach-Bed-Cover-sfeer-.jpg\",\"datePublished\":\"2026-01-07T14:29:36+00:00\",\"dateModified\":\"2026-01-07T15:22:46+00:00\",\"description\":\"Strandliegebezug aus schnelltrocknendem Mikrofaser-Material, \u00e4hnlich wie Sporthandt\u00fccher.\",\"breadcrumb\":{\"@id\":\"https:\\\/\\\/eurotrail.info\\\/producten\\\/kampeermeubelen-campingmeubelen\\\/ligbedden-veldbedden-logeerbed-camping\\\/ligbed-handdoek\\\/#breadcrumb\"},\"inLanguage\":\"de\",\"potentialAction\":[{\"@type\":\"ReadAction\",\"target\":[\"https:\\\/\\\/eurotrail.info\\\/producten\\\/kampeermeubelen-campingmeubelen\\\/ligbedden-veldbedden-logeerbed-camping\\\/ligbed-handdoek\\\/\"]}]},{\"@type\":\"ImageObject\",\"inLanguage\":\"de\",\"@id\":\"https:\\\/\\\/eurotrail.info\\\/producten\\\/kampeermeubelen-campingmeubelen\\\/ligbedden-veldbedden-logeerbed-camping\\\/ligbed-handdoek\\\/#primaryimage\",\"url\":\"https:\\\/\\\/eurotrail.info\\\/wp\\\/wp-content\\\/uploads\\\/2026\\\/01\\\/ETCF0975-Beach-Bed-Cover-sfeer-.jpg\",\"contentUrl\":\"https:\\\/\\\/eurotrail.info\\\/wp\\\/wp-content\\\/uploads\\\/2026\\\/01\\\/ETCF0975-Beach-Bed-Cover-sfeer-.jpg\",\"width\":1024,\"height\":1536},{\"@type\":\"BreadcrumbList\",\"@id\":\"https:\\\/\\\/eurotrail.info\\\/producten\\\/kampeermeubelen-campingmeubelen\\\/ligbedden-veldbedden-logeerbed-camping\\\/ligbed-handdoek\\\/#breadcrumb\",\"itemListElement\":[{\"@type\":\"ListItem\",\"position\":1,\"name\":\"Home\",\"item\":\"https:\\\/\\\/eurotrail.info\\\/de\\\/\"},{\"@type\":\"ListItem\",\"position\":2,\"name\":\"Produkte\",\"item\":\"https:\\\/\\\/eurotrail.info\\\/de\\\/produkte\\\/\"},{\"@type\":\"ListItem\",\"position\":3,\"name\":\"Strandliegebezug\"}]},{\"@type\":\"WebSite\",\"@id\":\"https:\\\/\\\/eurotrail.info\\\/#website\",\"url\":\"https:\\\/\\\/eurotrail.info\\\/\",\"name\":\"Eurotrail\",\"description\":\"\",\"publisher\":{\"@id\":\"https:\\\/\\\/eurotrail.info\\\/#organization\"},\"potentialAction\":[{\"@type\":\"SearchAction\",\"target\":{\"@type\":\"EntryPoint\",\"urlTemplate\":\"https:\\\/\\\/eurotrail.info\\\/?s={search_term_string}\"},\"query-input\":{\"@type\":\"PropertyValueSpecification\",\"valueRequired\":true,\"valueName\":\"search_term_string\"}}],\"inLanguage\":\"de\"},{\"@type\":\"Organization\",\"@id\":\"https:\\\/\\\/eurotrail.info\\\/#organization\",\"name\":\"Eurotrail\",\"url\":\"https:\\\/\\\/eurotrail.info\\\/\",\"logo\":{\"@type\":\"ImageObject\",\"inLanguage\":\"de\",\"@id\":\"https:\\\/\\\/eurotrail.info\\\/#\\\/schema\\\/logo\\\/image\\\/\",\"url\":\"https:\\\/\\\/eurotrail.info\\\/wp\\\/wp-content\\\/uploads\\\/2023\\\/07\\\/ET-logo-quote_NL-scaled.jpg\",\"contentUrl\":\"https:\\\/\\\/eurotrail.info\\\/wp\\\/wp-content\\\/uploads\\\/2023\\\/07\\\/ET-logo-quote_NL-scaled.jpg\",\"width\":2560,\"height\":675,\"caption\":\"Eurotrail\"},\"image\":{\"@id\":\"https:\\\/\\\/eurotrail.info\\\/#\\\/schema\\\/logo\\\/image\\\/\"}}]}<\/script>\n<!-- \/ Yoast SEO plugin. -->","yoast_head_json":{"title":"Strandliegebezug - Eurotrail","description":"Strandliegebezug aus schnelltrocknendem Mikrofaser-Material, \u00e4hnlich wie Sporthandt\u00fccher.","robots":{"index":"index","follow":"follow","max-snippet":"max-snippet:-1","max-image-preview":"max-image-preview:large","max-video-preview":"max-video-preview:-1"},"canonical":"https:\/\/eurotrail.info\/producten\/kampeermeubelen-campingmeubelen\/ligbedden-veldbedden-logeerbed-camping\/ligbed-handdoek\/","og_locale":"de_DE","og_type":"article","og_title":"Strandliegebezug - Eurotrail","og_description":"Strandliegebezug aus schnelltrocknendem Mikrofaser-Material, \u00e4hnlich wie Sporthandt\u00fccher.","og_url":"https:\/\/eurotrail.info\/producten\/kampeermeubelen-campingmeubelen\/ligbedden-veldbedden-logeerbed-camping\/ligbed-handdoek\/","og_site_name":"Eurotrail","article_modified_time":"2026-01-07T15:22:46+00:00","og_image":[{"width":1024,"height":1536,"url":"https:\/\/eurotrail.info\/wp\/wp-content\/uploads\/2026\/01\/ETCF0975-Beach-Bed-Cover-sfeer-.jpg","type":"image\/jpeg"}],"twitter_card":"summary_large_image","twitter_misc":{"Gesch\u00e4tzte Lesezeit":"1\u00a0Minute"},"schema":{"@context":"https:\/\/schema.org","@graph":[{"@type":"WebPage","@id":"https:\/\/eurotrail.info\/producten\/kampeermeubelen-campingmeubelen\/ligbedden-veldbedden-logeerbed-camping\/ligbed-handdoek\/","url":"https:\/\/eurotrail.info\/producten\/kampeermeubelen-campingmeubelen\/ligbedden-veldbedden-logeerbed-camping\/ligbed-handdoek\/","name":"Strandliegebezug - Eurotrail","isPartOf":{"@id":"https:\/\/eurotrail.info\/#website"},"primaryImageOfPage":{"@id":"https:\/\/eurotrail.info\/producten\/kampeermeubelen-campingmeubelen\/ligbedden-veldbedden-logeerbed-camping\/ligbed-handdoek\/#primaryimage"},"image":{"@id":"https:\/\/eurotrail.info\/producten\/kampeermeubelen-campingmeubelen\/ligbedden-veldbedden-logeerbed-camping\/ligbed-handdoek\/#primaryimage"},"thumbnailUrl":"https:\/\/eurotrail.info\/wp\/wp-content\/uploads\/2026\/01\/ETCF0975-Beach-Bed-Cover-sfeer-.jpg","datePublished":"2026-01-07T14:29:36+00:00","dateModified":"2026-01-07T15:22:46+00:00","description":"Strandliegebezug aus schnelltrocknendem Mikrofaser-Material, \u00e4hnlich wie Sporthandt\u00fccher.","breadcrumb":{"@id":"https:\/\/eurotrail.info\/producten\/kampeermeubelen-campingmeubelen\/ligbedden-veldbedden-logeerbed-camping\/ligbed-handdoek\/#breadcrumb"},"inLanguage":"de","potentialAction":[{"@type":"ReadAction","target":["https:\/\/eurotrail.info\/producten\/kampeermeubelen-campingmeubelen\/ligbedden-veldbedden-logeerbed-camping\/ligbed-handdoek\/"]}]},{"@type":"ImageObject","inLanguage":"de","@id":"https:\/\/eurotrail.info\/producten\/kampeermeubelen-campingmeubelen\/ligbedden-veldbedden-logeerbed-camping\/ligbed-handdoek\/#primaryimage","url":"https:\/\/eurotrail.info\/wp\/wp-content\/uploads\/2026\/01\/ETCF0975-Beach-Bed-Cover-sfeer-.jpg","contentUrl":"https:\/\/eurotrail.info\/wp\/wp-content\/uploads\/2026\/01\/ETCF0975-Beach-Bed-Cover-sfeer-.jpg","width":1024,"height":1536},{"@type":"BreadcrumbList","@id":"https:\/\/eurotrail.info\/producten\/kampeermeubelen-campingmeubelen\/ligbedden-veldbedden-logeerbed-camping\/ligbed-handdoek\/#breadcrumb","itemListElement":[{"@type":"ListItem","position":1,"name":"Home","item":"https:\/\/eurotrail.info\/de\/"},{"@type":"ListItem","position":2,"name":"Produkte","item":"https:\/\/eurotrail.info\/de\/produkte\/"},{"@type":"ListItem","position":3,"name":"Strandliegebezug"}]},{"@type":"WebSite","@id":"https:\/\/eurotrail.info\/#website","url":"https:\/\/eurotrail.info\/","name":"Eurotrail","description":"","publisher":{"@id":"https:\/\/eurotrail.info\/#organization"},"potentialAction":[{"@type":"SearchAction","target":{"@type":"EntryPoint","urlTemplate":"https:\/\/eurotrail.info\/?s={search_term_string}"},"query-input":{"@type":"PropertyValueSpecification","valueRequired":true,"valueName":"search_term_string"}}],"inLanguage":"de"},{"@type":"Organization","@id":"https:\/\/eurotrail.info\/#organization","name":"Eurotrail","url":"https:\/\/eurotrail.info\/","logo":{"@type":"ImageObject","inLanguage":"de","@id":"https:\/\/eurotrail.info\/#\/schema\/logo\/image\/","url":"https:\/\/eurotrail.info\/wp\/wp-content\/uploads\/2023\/07\/ET-logo-quote_NL-scaled.jpg","contentUrl":"https:\/\/eurotrail.info\/wp\/wp-content\/uploads\/2023\/07\/ET-logo-quote_NL-scaled.jpg","width":2560,"height":675,"caption":"Eurotrail"},"image":{"@id":"https:\/\/eurotrail.info\/#\/schema\/logo\/image\/"}}]}},"_links":{"self":[{"href":"https:\/\/eurotrail.info\/de\/wp-json\/wp\/v2\/product\/28475","targetHints":{"allow":["GET"]}}],"collection":[{"href":"https:\/\/eurotrail.info\/de\/wp-json\/wp\/v2\/product"}],"about":[{"href":"https:\/\/eurotrail.info\/de\/wp-json\/wp\/v2\/types\/product"}],"replies":[{"embeddable":true,"href":"https:\/\/eurotrail.info\/de\/wp-json\/wp\/v2\/comments?post=28475"}],"wp:featuredmedia":[{"embeddable":true,"href":"https:\/\/eurotrail.info\/de\/wp-json\/wp\/v2\/media\/28467"}],"wp:attachment":[{"href":"https:\/\/eurotrail.info\/de\/wp-json\/wp\/v2\/media?parent=28475"}],"wp:term":[{"taxonomy":"product_brand","embeddable":true,"href":"https:\/\/eurotrail.info\/de\/wp-json\/wp\/v2\/product_brand?post=28475"},{"taxonomy":"product_cat","embeddable":true,"href":"https:\/\/eurotrail.info\/de\/wp-json\/wp\/v2\/product_cat?post=28475"},{"taxonomy":"product_tag","embeddable":true,"href":"https:\/\/eurotrail.info\/de\/wp-json\/wp\/v2\/product_tag?post=28475"}],"curies":[{"name":"wp","href":"https:\/\/api.w.org\/{rel}","templated":true}]}}