{"id":28480,"date":"2026-01-07T14:51:52","date_gmt":"2026-01-07T13:51:52","guid":{"rendered":"https:\/\/eurotrail.info\/producten\/unkategorisiert\/deckenventilator-mit-lampe-fernbedienung-wiederaufladbar\/"},"modified":"2026-03-19T12:09:44","modified_gmt":"2026-03-19T11:09:44","slug":"deckenventilator-mit-lampe-fernbedienung-wiederaufladbar","status":"publish","type":"product","link":"https:\/\/eurotrail.info\/de\/producten\/garten\/garten-terrassenbeleuchtung\/deckenventilator-mit-lampe-fernbedienung-wiederaufladbar\/","title":{"rendered":"Deckenventilator mit Lampe\/Fernbedienung wiederaufladbar"},"content":{"rendered":"<p>Dieser praktische, wiederaufladbare Deckenventilator ist ideal f\u00fcr die Verwendung im Vorzelt, unter dem Vordach oder auf der Veranda. Dank seiner abnehmbaren Klingen ist er kompakt zu verstauen und leicht zu transportieren &#8211; perfekt f\u00fcr Camper und Outdoor-Fans.<br \/>\nVerf\u00fcgt \u00fcber eine integrierte Lampe mit mehreren Lichtmodi, damit Sie immer die richtige Atmosph\u00e4re schaffen.<br \/>\nMit der mitgelieferten Fernbedienung k\u00f6nnen Sie ganz einfach die Helligkeit, die Ventilationsgeschwindigkeit und den Timer einstellen.<br \/>\nDer Ventilator wird mit einem praktischen Haken zum Befestigen an einer Zeltstange und einer Montageplatte zum Anbringen an der Decke geliefert.<br \/>\nSo genie\u00dfen Sie immer K\u00fchlung und Beleuchtung, egal wo Sie sind.<\/p>\n<p>Der Luftstrom sorgt nicht nur f\u00fcr eine wunderbare Bel\u00fcftung, sondern vertreibt auch die M\u00fccken!<\/p>\n<p>Mat\u00e9riau : ABS<br \/>\nDimensions : 27,5 x \u00d8 54 cm<br \/>\nVentilateur : \u00d8 54 cm<br \/>\n\u00c9clairage LED : 36 LED, lumi\u00e8re blanche et chaude<br \/>\nFlux lumineux : 950 lm (lumi\u00e8re blanche), 350 lm (lumi\u00e8re chaude)<br \/>\nAlimentation : 13,5 V, 1,5 A<br \/>\nBatterie rechargeable : 1,1 V, 2200 mAh, lithium-ion 18650<br \/>\nAutonomie du ventilateur : 3 h (\u00e9lev\u00e9e), 4,5 h (moyenne), 6 h (faible)<br \/>\nAutonomie de l&#8217;\u00e9clairage : 5 h (\u00e9lev\u00e9e), 8 h (moyenne), 12 h (faible)<br \/>\nTension de charge : 110-220 V (adaptateur inclus)<\/p>\n","protected":false},"excerpt":{"rendered":"<p>Dieser praktische, wiederaufladbare Deckenventilator ist ideal f\u00fcr die Verwendung im Vorzelt, unter dem Vordach oder auf der Veranda. Dank seiner abnehmbaren Klingen ist er kompakt&hellip;<\/p>\n","protected":false},"featured_media":28914,"comment_status":"open","ping_status":"closed","template":"","meta":{"_acf_changed":false},"product_brand":[],"product_cat":[304,78,205],"product_tag":[],"class_list":{"0":"post-28480","1":"product","2":"type-product","3":"status-publish","4":"has-post-thumbnail","6":"product_cat-garten-terrassenbeleuchtung","7":"product_cat-haushaltartikel","8":"product_cat-ventilatoren","10":"first","11":"instock","12":"shipping-taxable","13":"product-type-simple"},"acf":[],"yoast_head":"<!-- This site is optimized with the Yoast SEO plugin v27.4 - https:\/\/yoast.com\/product\/yoast-seo-wordpress\/ -->\n<title>Deckenventilator mit Lampe\/Fernbedienung wiederaufladbar - Eurotrail<\/title>\n<meta name=\"description\" content=\"Praktischer, wiederaufladbarer Deckenventilator, ideal f\u00fcr die Verwendung im Vorzelt, Partyzelt oder auf der Veranda. Abnehmbare Klingen, kompakte Aufbewahrung. Bel\u00fcftet und vertreibt auch die M\u00fccken! Perfekt f\u00fcr Camper und Outdoor-Fans.\" \/>\n<meta name=\"robots\" content=\"index, follow, max-snippet:-1, max-image-preview:large, max-video-preview:-1\" \/>\n<link rel=\"canonical\" href=\"https:\/\/eurotrail.info\/de\/producten\/haushaltartikel\/ventilatoren\/deckenventilator-mit-lampe-fernbedienung-wiederaufladbar\/\" \/>\n<meta property=\"og:locale\" content=\"de_DE\" \/>\n<meta property=\"og:type\" content=\"article\" \/>\n<meta property=\"og:title\" content=\"Deckenventilator mit Lampe\/Fernbedienung wiederaufladbar - Eurotrail\" \/>\n<meta property=\"og:description\" content=\"Praktischer, wiederaufladbarer Deckenventilator, ideal f\u00fcr die Verwendung im Vorzelt, Partyzelt oder auf der Veranda. Abnehmbare Klingen, kompakte Aufbewahrung. Bel\u00fcftet und vertreibt auch die M\u00fccken! Perfekt f\u00fcr Camper und Outdoor-Fans.\" \/>\n<meta property=\"og:url\" content=\"https:\/\/eurotrail.info\/de\/producten\/haushaltartikel\/ventilatoren\/deckenventilator-mit-lampe-fernbedienung-wiederaufladbar\/\" \/>\n<meta property=\"og:site_name\" content=\"Eurotrail\" \/>\n<meta property=\"article:modified_time\" content=\"2026-03-19T11:09:44+00:00\" \/>\n<meta property=\"og:image\" content=\"https:\/\/eurotrail.info\/wp\/wp-content\/uploads\/2026\/01\/S03H027-Rendering-001-klein-1.jpg\" \/>\n\t<meta property=\"og:image:width\" content=\"2342\" \/>\n\t<meta property=\"og:image:height\" content=\"1638\" \/>\n\t<meta property=\"og:image:type\" content=\"image\/jpeg\" \/>\n<meta name=\"twitter:card\" content=\"summary_large_image\" \/>\n<meta name=\"twitter:label1\" content=\"Gesch\u00e4tzte Lesezeit\" \/>\n\t<meta name=\"twitter:data1\" content=\"2\u00a0Minuten\" \/>\n<script type=\"application\/ld+json\" class=\"yoast-schema-graph\">{\"@context\":\"https:\\\/\\\/schema.org\",\"@graph\":[{\"@type\":\"WebPage\",\"@id\":\"https:\\\/\\\/eurotrail.info\\\/de\\\/producten\\\/haushaltartikel\\\/ventilatoren\\\/deckenventilator-mit-lampe-fernbedienung-wiederaufladbar\\\/\",\"url\":\"https:\\\/\\\/eurotrail.info\\\/de\\\/producten\\\/haushaltartikel\\\/ventilatoren\\\/deckenventilator-mit-lampe-fernbedienung-wiederaufladbar\\\/\",\"name\":\"Deckenventilator mit Lampe\\\/Fernbedienung wiederaufladbar - Eurotrail\",\"isPartOf\":{\"@id\":\"https:\\\/\\\/eurotrail.info\\\/#website\"},\"primaryImageOfPage\":{\"@id\":\"https:\\\/\\\/eurotrail.info\\\/de\\\/producten\\\/haushaltartikel\\\/ventilatoren\\\/deckenventilator-mit-lampe-fernbedienung-wiederaufladbar\\\/#primaryimage\"},\"image\":{\"@id\":\"https:\\\/\\\/eurotrail.info\\\/de\\\/producten\\\/haushaltartikel\\\/ventilatoren\\\/deckenventilator-mit-lampe-fernbedienung-wiederaufladbar\\\/#primaryimage\"},\"thumbnailUrl\":\"https:\\\/\\\/eurotrail.info\\\/wp\\\/wp-content\\\/uploads\\\/2026\\\/01\\\/S03H027-Rendering-001-klein-1.jpg\",\"datePublished\":\"2026-01-07T13:51:52+00:00\",\"dateModified\":\"2026-03-19T11:09:44+00:00\",\"description\":\"Praktischer, wiederaufladbarer Deckenventilator, ideal f\u00fcr die Verwendung im Vorzelt, Partyzelt oder auf der Veranda. Abnehmbare Klingen, kompakte Aufbewahrung. Bel\u00fcftet und vertreibt auch die M\u00fccken! Perfekt f\u00fcr Camper und Outdoor-Fans.\",\"breadcrumb\":{\"@id\":\"https:\\\/\\\/eurotrail.info\\\/de\\\/producten\\\/haushaltartikel\\\/ventilatoren\\\/deckenventilator-mit-lampe-fernbedienung-wiederaufladbar\\\/#breadcrumb\"},\"inLanguage\":\"de\",\"potentialAction\":[{\"@type\":\"ReadAction\",\"target\":[\"https:\\\/\\\/eurotrail.info\\\/de\\\/producten\\\/haushaltartikel\\\/ventilatoren\\\/deckenventilator-mit-lampe-fernbedienung-wiederaufladbar\\\/\"]}]},{\"@type\":\"ImageObject\",\"inLanguage\":\"de\",\"@id\":\"https:\\\/\\\/eurotrail.info\\\/de\\\/producten\\\/haushaltartikel\\\/ventilatoren\\\/deckenventilator-mit-lampe-fernbedienung-wiederaufladbar\\\/#primaryimage\",\"url\":\"https:\\\/\\\/eurotrail.info\\\/wp\\\/wp-content\\\/uploads\\\/2026\\\/01\\\/S03H027-Rendering-001-klein-1.jpg\",\"contentUrl\":\"https:\\\/\\\/eurotrail.info\\\/wp\\\/wp-content\\\/uploads\\\/2026\\\/01\\\/S03H027-Rendering-001-klein-1.jpg\",\"width\":2342,\"height\":1638},{\"@type\":\"BreadcrumbList\",\"@id\":\"https:\\\/\\\/eurotrail.info\\\/de\\\/producten\\\/haushaltartikel\\\/ventilatoren\\\/deckenventilator-mit-lampe-fernbedienung-wiederaufladbar\\\/#breadcrumb\",\"itemListElement\":[{\"@type\":\"ListItem\",\"position\":1,\"name\":\"Home\",\"item\":\"https:\\\/\\\/eurotrail.info\\\/de\\\/\"},{\"@type\":\"ListItem\",\"position\":2,\"name\":\"Produkte\",\"item\":\"https:\\\/\\\/eurotrail.info\\\/de\\\/produkte\\\/\"},{\"@type\":\"ListItem\",\"position\":3,\"name\":\"Deckenventilator mit Lampe\\\/Fernbedienung wiederaufladbar\"}]},{\"@type\":\"WebSite\",\"@id\":\"https:\\\/\\\/eurotrail.info\\\/#website\",\"url\":\"https:\\\/\\\/eurotrail.info\\\/\",\"name\":\"Eurotrail\",\"description\":\"\",\"publisher\":{\"@id\":\"https:\\\/\\\/eurotrail.info\\\/#organization\"},\"potentialAction\":[{\"@type\":\"SearchAction\",\"target\":{\"@type\":\"EntryPoint\",\"urlTemplate\":\"https:\\\/\\\/eurotrail.info\\\/?s={search_term_string}\"},\"query-input\":{\"@type\":\"PropertyValueSpecification\",\"valueRequired\":true,\"valueName\":\"search_term_string\"}}],\"inLanguage\":\"de\"},{\"@type\":\"Organization\",\"@id\":\"https:\\\/\\\/eurotrail.info\\\/#organization\",\"name\":\"Eurotrail\",\"url\":\"https:\\\/\\\/eurotrail.info\\\/\",\"logo\":{\"@type\":\"ImageObject\",\"inLanguage\":\"de\",\"@id\":\"https:\\\/\\\/eurotrail.info\\\/#\\\/schema\\\/logo\\\/image\\\/\",\"url\":\"https:\\\/\\\/eurotrail.info\\\/wp\\\/wp-content\\\/uploads\\\/2023\\\/07\\\/ET-logo-quote_NL-scaled.jpg\",\"contentUrl\":\"https:\\\/\\\/eurotrail.info\\\/wp\\\/wp-content\\\/uploads\\\/2023\\\/07\\\/ET-logo-quote_NL-scaled.jpg\",\"width\":2560,\"height\":675,\"caption\":\"Eurotrail\"},\"image\":{\"@id\":\"https:\\\/\\\/eurotrail.info\\\/#\\\/schema\\\/logo\\\/image\\\/\"}}]}<\/script>\n<!-- \/ Yoast SEO plugin. -->","yoast_head_json":{"title":"Deckenventilator mit Lampe\/Fernbedienung wiederaufladbar - Eurotrail","description":"Praktischer, wiederaufladbarer Deckenventilator, ideal f\u00fcr die Verwendung im Vorzelt, Partyzelt oder auf der Veranda. Abnehmbare Klingen, kompakte Aufbewahrung. Bel\u00fcftet und vertreibt auch die M\u00fccken! Perfekt f\u00fcr Camper und Outdoor-Fans.","robots":{"index":"index","follow":"follow","max-snippet":"max-snippet:-1","max-image-preview":"max-image-preview:large","max-video-preview":"max-video-preview:-1"},"canonical":"https:\/\/eurotrail.info\/de\/producten\/haushaltartikel\/ventilatoren\/deckenventilator-mit-lampe-fernbedienung-wiederaufladbar\/","og_locale":"de_DE","og_type":"article","og_title":"Deckenventilator mit Lampe\/Fernbedienung wiederaufladbar - Eurotrail","og_description":"Praktischer, wiederaufladbarer Deckenventilator, ideal f\u00fcr die Verwendung im Vorzelt, Partyzelt oder auf der Veranda. Abnehmbare Klingen, kompakte Aufbewahrung. Bel\u00fcftet und vertreibt auch die M\u00fccken! Perfekt f\u00fcr Camper und Outdoor-Fans.","og_url":"https:\/\/eurotrail.info\/de\/producten\/haushaltartikel\/ventilatoren\/deckenventilator-mit-lampe-fernbedienung-wiederaufladbar\/","og_site_name":"Eurotrail","article_modified_time":"2026-03-19T11:09:44+00:00","og_image":[{"width":2342,"height":1638,"url":"https:\/\/eurotrail.info\/wp\/wp-content\/uploads\/2026\/01\/S03H027-Rendering-001-klein-1.jpg","type":"image\/jpeg"}],"twitter_card":"summary_large_image","twitter_misc":{"Gesch\u00e4tzte Lesezeit":"2\u00a0Minuten"},"schema":{"@context":"https:\/\/schema.org","@graph":[{"@type":"WebPage","@id":"https:\/\/eurotrail.info\/de\/producten\/haushaltartikel\/ventilatoren\/deckenventilator-mit-lampe-fernbedienung-wiederaufladbar\/","url":"https:\/\/eurotrail.info\/de\/producten\/haushaltartikel\/ventilatoren\/deckenventilator-mit-lampe-fernbedienung-wiederaufladbar\/","name":"Deckenventilator mit Lampe\/Fernbedienung wiederaufladbar - Eurotrail","isPartOf":{"@id":"https:\/\/eurotrail.info\/#website"},"primaryImageOfPage":{"@id":"https:\/\/eurotrail.info\/de\/producten\/haushaltartikel\/ventilatoren\/deckenventilator-mit-lampe-fernbedienung-wiederaufladbar\/#primaryimage"},"image":{"@id":"https:\/\/eurotrail.info\/de\/producten\/haushaltartikel\/ventilatoren\/deckenventilator-mit-lampe-fernbedienung-wiederaufladbar\/#primaryimage"},"thumbnailUrl":"https:\/\/eurotrail.info\/wp\/wp-content\/uploads\/2026\/01\/S03H027-Rendering-001-klein-1.jpg","datePublished":"2026-01-07T13:51:52+00:00","dateModified":"2026-03-19T11:09:44+00:00","description":"Praktischer, wiederaufladbarer Deckenventilator, ideal f\u00fcr die Verwendung im Vorzelt, Partyzelt oder auf der Veranda. Abnehmbare Klingen, kompakte Aufbewahrung. Bel\u00fcftet und vertreibt auch die M\u00fccken! Perfekt f\u00fcr Camper und Outdoor-Fans.","breadcrumb":{"@id":"https:\/\/eurotrail.info\/de\/producten\/haushaltartikel\/ventilatoren\/deckenventilator-mit-lampe-fernbedienung-wiederaufladbar\/#breadcrumb"},"inLanguage":"de","potentialAction":[{"@type":"ReadAction","target":["https:\/\/eurotrail.info\/de\/producten\/haushaltartikel\/ventilatoren\/deckenventilator-mit-lampe-fernbedienung-wiederaufladbar\/"]}]},{"@type":"ImageObject","inLanguage":"de","@id":"https:\/\/eurotrail.info\/de\/producten\/haushaltartikel\/ventilatoren\/deckenventilator-mit-lampe-fernbedienung-wiederaufladbar\/#primaryimage","url":"https:\/\/eurotrail.info\/wp\/wp-content\/uploads\/2026\/01\/S03H027-Rendering-001-klein-1.jpg","contentUrl":"https:\/\/eurotrail.info\/wp\/wp-content\/uploads\/2026\/01\/S03H027-Rendering-001-klein-1.jpg","width":2342,"height":1638},{"@type":"BreadcrumbList","@id":"https:\/\/eurotrail.info\/de\/producten\/haushaltartikel\/ventilatoren\/deckenventilator-mit-lampe-fernbedienung-wiederaufladbar\/#breadcrumb","itemListElement":[{"@type":"ListItem","position":1,"name":"Home","item":"https:\/\/eurotrail.info\/de\/"},{"@type":"ListItem","position":2,"name":"Produkte","item":"https:\/\/eurotrail.info\/de\/produkte\/"},{"@type":"ListItem","position":3,"name":"Deckenventilator mit Lampe\/Fernbedienung wiederaufladbar"}]},{"@type":"WebSite","@id":"https:\/\/eurotrail.info\/#website","url":"https:\/\/eurotrail.info\/","name":"Eurotrail","description":"","publisher":{"@id":"https:\/\/eurotrail.info\/#organization"},"potentialAction":[{"@type":"SearchAction","target":{"@type":"EntryPoint","urlTemplate":"https:\/\/eurotrail.info\/?s={search_term_string}"},"query-input":{"@type":"PropertyValueSpecification","valueRequired":true,"valueName":"search_term_string"}}],"inLanguage":"de"},{"@type":"Organization","@id":"https:\/\/eurotrail.info\/#organization","name":"Eurotrail","url":"https:\/\/eurotrail.info\/","logo":{"@type":"ImageObject","inLanguage":"de","@id":"https:\/\/eurotrail.info\/#\/schema\/logo\/image\/","url":"https:\/\/eurotrail.info\/wp\/wp-content\/uploads\/2023\/07\/ET-logo-quote_NL-scaled.jpg","contentUrl":"https:\/\/eurotrail.info\/wp\/wp-content\/uploads\/2023\/07\/ET-logo-quote_NL-scaled.jpg","width":2560,"height":675,"caption":"Eurotrail"},"image":{"@id":"https:\/\/eurotrail.info\/#\/schema\/logo\/image\/"}}]}},"_links":{"self":[{"href":"https:\/\/eurotrail.info\/de\/wp-json\/wp\/v2\/product\/28480","targetHints":{"allow":["GET"]}}],"collection":[{"href":"https:\/\/eurotrail.info\/de\/wp-json\/wp\/v2\/product"}],"about":[{"href":"https:\/\/eurotrail.info\/de\/wp-json\/wp\/v2\/types\/product"}],"replies":[{"embeddable":true,"href":"https:\/\/eurotrail.info\/de\/wp-json\/wp\/v2\/comments?post=28480"}],"wp:featuredmedia":[{"embeddable":true,"href":"https:\/\/eurotrail.info\/de\/wp-json\/wp\/v2\/media\/28914"}],"wp:attachment":[{"href":"https:\/\/eurotrail.info\/de\/wp-json\/wp\/v2\/media?parent=28480"}],"wp:term":[{"taxonomy":"product_brand","embeddable":true,"href":"https:\/\/eurotrail.info\/de\/wp-json\/wp\/v2\/product_brand?post=28480"},{"taxonomy":"product_cat","embeddable":true,"href":"https:\/\/eurotrail.info\/de\/wp-json\/wp\/v2\/product_cat?post=28480"},{"taxonomy":"product_tag","embeddable":true,"href":"https:\/\/eurotrail.info\/de\/wp-json\/wp\/v2\/product_tag?post=28480"}],"curies":[{"name":"wp","href":"https:\/\/api.w.org\/{rel}","templated":true}]}}