{"id":2850,"date":"2016-01-20T08:38:02","date_gmt":"2016-01-20T07:38:02","guid":{"rendered":"http:\/\/preview.eurotrail.info\/producten\/lorraine-2\/"},"modified":"2026-02-06T11:12:51","modified_gmt":"2026-02-06T10:12:51","slug":"lorraine-2","status":"publish","type":"product","link":"https:\/\/eurotrail.info\/de\/producten\/campingmoebel\/faltmoebel\/lorraine-2\/","title":{"rendered":"Lorraine Regiestuhl"},"content":{"rendered":"<p><strong>Regiestuhl mit Aluminiumrahmen<\/strong><br \/>\nDieser leichte Regiestuhl l\u00e4sst sich leicht zu einem schmalen Paket zusammenklappen und ist daher einfach zu transportieren und zu verstauen. Der stabile Aluminiumrahmen sorgt f\u00fcr einen sicheren und zuverl\u00e4ssigen Sitz. Dank der relativ breiten Sitzfl\u00e4che und der bequemen R\u00fcckenlehne sitzen Sie auch bei l\u00e4ngerem Gebrauch entspannt und bequem.<\/p>\n<p>Bezug: 100% Polyester<br \/>\nGestell: Aluminium<br \/>\nGrosse: 60x45x45\/80cm<br \/>\nPackmass: 78x48x14cm<br \/>\nGewicht: 2.4 kg.<br \/>\nMax. Belastung: 120 kg.<\/p>\n","protected":false},"excerpt":{"rendered":"<p>Regiestuhl mit Aluminiumrahmen Dieser leichte Regiestuhl l\u00e4sst sich leicht zu einem schmalen Paket zusammenklappen und ist daher einfach zu transportieren und zu verstauen. Der stabile&hellip;<\/p>\n","protected":false},"featured_media":1469,"comment_status":"open","ping_status":"closed","template":"","meta":{"_acf_changed":false},"product_brand":[],"product_cat":[89],"product_tag":[],"class_list":{"0":"post-2850","1":"product","2":"type-product","3":"status-publish","4":"has-post-thumbnail","6":"product_cat-faltmoebel","8":"first","9":"instock","10":"shipping-taxable","11":"product-type-simple"},"acf":[],"yoast_head":"<!-- This site is optimized with the Yoast SEO plugin v27.4 - https:\/\/yoast.com\/product\/yoast-seo-wordpress\/ -->\n<title>Lorraine Regiestuhl - Eurotrail<\/title>\n<meta name=\"description\" content=\"Regiestuhl mit Aluminiumrahmen. Kompakt zusammenklappbar, stabil und bequem dank breiter Sitzfl\u00e4che und R\u00fcckenlehne. Ideal f\u00fcr Camping und Veranstaltungen.\" \/>\n<meta name=\"robots\" content=\"index, follow, max-snippet:-1, max-image-preview:large, max-video-preview:-1\" \/>\n<link rel=\"canonical\" href=\"https:\/\/eurotrail.info\/de\/producten\/campingmoebel\/faltmoebel\/lorraine-2\/\" \/>\n<meta property=\"og:locale\" content=\"de_DE\" \/>\n<meta property=\"og:type\" content=\"article\" \/>\n<meta property=\"og:title\" content=\"Lorraine Regiestuhl - Eurotrail\" \/>\n<meta property=\"og:description\" content=\"Regiestuhl mit Aluminiumrahmen. Kompakt zusammenklappbar, stabil und bequem dank breiter Sitzfl\u00e4che und R\u00fcckenlehne. Ideal f\u00fcr Camping und Veranstaltungen.\" \/>\n<meta property=\"og:url\" content=\"https:\/\/eurotrail.info\/de\/producten\/campingmoebel\/faltmoebel\/lorraine-2\/\" \/>\n<meta property=\"og:site_name\" content=\"Eurotrail\" \/>\n<meta property=\"article:modified_time\" content=\"2026-02-06T10:12:51+00:00\" \/>\n<meta property=\"og:image\" content=\"https:\/\/eurotrail.info\/wp\/wp-content\/uploads\/2016\/01\/ETCF0031-Lorraine-12.jpg\" \/>\n\t<meta property=\"og:image:width\" content=\"1084\" \/>\n\t<meta property=\"og:image:height\" content=\"1417\" \/>\n\t<meta property=\"og:image:type\" content=\"image\/jpeg\" \/>\n<meta name=\"twitter:card\" content=\"summary_large_image\" \/>\n<meta name=\"twitter:label1\" content=\"Gesch\u00e4tzte Lesezeit\" \/>\n\t<meta name=\"twitter:data1\" content=\"1\u00a0Minute\" \/>\n<script type=\"application\/ld+json\" class=\"yoast-schema-graph\">{\"@context\":\"https:\\\/\\\/schema.org\",\"@graph\":[{\"@type\":\"WebPage\",\"@id\":\"https:\\\/\\\/eurotrail.info\\\/de\\\/producten\\\/campingmoebel\\\/faltmoebel\\\/lorraine-2\\\/\",\"url\":\"https:\\\/\\\/eurotrail.info\\\/de\\\/producten\\\/campingmoebel\\\/faltmoebel\\\/lorraine-2\\\/\",\"name\":\"Lorraine Regiestuhl - Eurotrail\",\"isPartOf\":{\"@id\":\"https:\\\/\\\/eurotrail.info\\\/#website\"},\"primaryImageOfPage\":{\"@id\":\"https:\\\/\\\/eurotrail.info\\\/de\\\/producten\\\/campingmoebel\\\/faltmoebel\\\/lorraine-2\\\/#primaryimage\"},\"image\":{\"@id\":\"https:\\\/\\\/eurotrail.info\\\/de\\\/producten\\\/campingmoebel\\\/faltmoebel\\\/lorraine-2\\\/#primaryimage\"},\"thumbnailUrl\":\"https:\\\/\\\/eurotrail.info\\\/wp\\\/wp-content\\\/uploads\\\/2016\\\/01\\\/ETCF0031-Lorraine-12.jpg\",\"datePublished\":\"2016-01-20T07:38:02+00:00\",\"dateModified\":\"2026-02-06T10:12:51+00:00\",\"description\":\"Regiestuhl mit Aluminiumrahmen. Kompakt zusammenklappbar, stabil und bequem dank breiter Sitzfl\u00e4che und R\u00fcckenlehne. Ideal f\u00fcr Camping und Veranstaltungen.\",\"breadcrumb\":{\"@id\":\"https:\\\/\\\/eurotrail.info\\\/de\\\/producten\\\/campingmoebel\\\/faltmoebel\\\/lorraine-2\\\/#breadcrumb\"},\"inLanguage\":\"de\",\"potentialAction\":[{\"@type\":\"ReadAction\",\"target\":[\"https:\\\/\\\/eurotrail.info\\\/de\\\/producten\\\/campingmoebel\\\/faltmoebel\\\/lorraine-2\\\/\"]}]},{\"@type\":\"ImageObject\",\"inLanguage\":\"de\",\"@id\":\"https:\\\/\\\/eurotrail.info\\\/de\\\/producten\\\/campingmoebel\\\/faltmoebel\\\/lorraine-2\\\/#primaryimage\",\"url\":\"https:\\\/\\\/eurotrail.info\\\/wp\\\/wp-content\\\/uploads\\\/2016\\\/01\\\/ETCF0031-Lorraine-12.jpg\",\"contentUrl\":\"https:\\\/\\\/eurotrail.info\\\/wp\\\/wp-content\\\/uploads\\\/2016\\\/01\\\/ETCF0031-Lorraine-12.jpg\",\"width\":1084,\"height\":1417,\"caption\":\"Eurotrail Lorraine: bequemer Alu Regiestuhl.\"},{\"@type\":\"BreadcrumbList\",\"@id\":\"https:\\\/\\\/eurotrail.info\\\/de\\\/producten\\\/campingmoebel\\\/faltmoebel\\\/lorraine-2\\\/#breadcrumb\",\"itemListElement\":[{\"@type\":\"ListItem\",\"position\":1,\"name\":\"Home\",\"item\":\"https:\\\/\\\/eurotrail.info\\\/de\\\/\"},{\"@type\":\"ListItem\",\"position\":2,\"name\":\"Produkte\",\"item\":\"https:\\\/\\\/eurotrail.info\\\/de\\\/produkte\\\/\"},{\"@type\":\"ListItem\",\"position\":3,\"name\":\"Lorraine Regiestuhl\"}]},{\"@type\":\"WebSite\",\"@id\":\"https:\\\/\\\/eurotrail.info\\\/#website\",\"url\":\"https:\\\/\\\/eurotrail.info\\\/\",\"name\":\"Eurotrail\",\"description\":\"\",\"publisher\":{\"@id\":\"https:\\\/\\\/eurotrail.info\\\/#organization\"},\"potentialAction\":[{\"@type\":\"SearchAction\",\"target\":{\"@type\":\"EntryPoint\",\"urlTemplate\":\"https:\\\/\\\/eurotrail.info\\\/?s={search_term_string}\"},\"query-input\":{\"@type\":\"PropertyValueSpecification\",\"valueRequired\":true,\"valueName\":\"search_term_string\"}}],\"inLanguage\":\"de\"},{\"@type\":\"Organization\",\"@id\":\"https:\\\/\\\/eurotrail.info\\\/#organization\",\"name\":\"Eurotrail\",\"url\":\"https:\\\/\\\/eurotrail.info\\\/\",\"logo\":{\"@type\":\"ImageObject\",\"inLanguage\":\"de\",\"@id\":\"https:\\\/\\\/eurotrail.info\\\/#\\\/schema\\\/logo\\\/image\\\/\",\"url\":\"https:\\\/\\\/eurotrail.info\\\/wp\\\/wp-content\\\/uploads\\\/2023\\\/07\\\/ET-logo-quote_NL-scaled.jpg\",\"contentUrl\":\"https:\\\/\\\/eurotrail.info\\\/wp\\\/wp-content\\\/uploads\\\/2023\\\/07\\\/ET-logo-quote_NL-scaled.jpg\",\"width\":2560,\"height\":675,\"caption\":\"Eurotrail\"},\"image\":{\"@id\":\"https:\\\/\\\/eurotrail.info\\\/#\\\/schema\\\/logo\\\/image\\\/\"}}]}<\/script>\n<!-- \/ Yoast SEO plugin. -->","yoast_head_json":{"title":"Lorraine Regiestuhl - Eurotrail","description":"Regiestuhl mit Aluminiumrahmen. Kompakt zusammenklappbar, stabil und bequem dank breiter Sitzfl\u00e4che und R\u00fcckenlehne. Ideal f\u00fcr Camping und Veranstaltungen.","robots":{"index":"index","follow":"follow","max-snippet":"max-snippet:-1","max-image-preview":"max-image-preview:large","max-video-preview":"max-video-preview:-1"},"canonical":"https:\/\/eurotrail.info\/de\/producten\/campingmoebel\/faltmoebel\/lorraine-2\/","og_locale":"de_DE","og_type":"article","og_title":"Lorraine Regiestuhl - Eurotrail","og_description":"Regiestuhl mit Aluminiumrahmen. Kompakt zusammenklappbar, stabil und bequem dank breiter Sitzfl\u00e4che und R\u00fcckenlehne. Ideal f\u00fcr Camping und Veranstaltungen.","og_url":"https:\/\/eurotrail.info\/de\/producten\/campingmoebel\/faltmoebel\/lorraine-2\/","og_site_name":"Eurotrail","article_modified_time":"2026-02-06T10:12:51+00:00","og_image":[{"width":1084,"height":1417,"url":"https:\/\/eurotrail.info\/wp\/wp-content\/uploads\/2016\/01\/ETCF0031-Lorraine-12.jpg","type":"image\/jpeg"}],"twitter_card":"summary_large_image","twitter_misc":{"Gesch\u00e4tzte Lesezeit":"1\u00a0Minute"},"schema":{"@context":"https:\/\/schema.org","@graph":[{"@type":"WebPage","@id":"https:\/\/eurotrail.info\/de\/producten\/campingmoebel\/faltmoebel\/lorraine-2\/","url":"https:\/\/eurotrail.info\/de\/producten\/campingmoebel\/faltmoebel\/lorraine-2\/","name":"Lorraine Regiestuhl - Eurotrail","isPartOf":{"@id":"https:\/\/eurotrail.info\/#website"},"primaryImageOfPage":{"@id":"https:\/\/eurotrail.info\/de\/producten\/campingmoebel\/faltmoebel\/lorraine-2\/#primaryimage"},"image":{"@id":"https:\/\/eurotrail.info\/de\/producten\/campingmoebel\/faltmoebel\/lorraine-2\/#primaryimage"},"thumbnailUrl":"https:\/\/eurotrail.info\/wp\/wp-content\/uploads\/2016\/01\/ETCF0031-Lorraine-12.jpg","datePublished":"2016-01-20T07:38:02+00:00","dateModified":"2026-02-06T10:12:51+00:00","description":"Regiestuhl mit Aluminiumrahmen. Kompakt zusammenklappbar, stabil und bequem dank breiter Sitzfl\u00e4che und R\u00fcckenlehne. Ideal f\u00fcr Camping und Veranstaltungen.","breadcrumb":{"@id":"https:\/\/eurotrail.info\/de\/producten\/campingmoebel\/faltmoebel\/lorraine-2\/#breadcrumb"},"inLanguage":"de","potentialAction":[{"@type":"ReadAction","target":["https:\/\/eurotrail.info\/de\/producten\/campingmoebel\/faltmoebel\/lorraine-2\/"]}]},{"@type":"ImageObject","inLanguage":"de","@id":"https:\/\/eurotrail.info\/de\/producten\/campingmoebel\/faltmoebel\/lorraine-2\/#primaryimage","url":"https:\/\/eurotrail.info\/wp\/wp-content\/uploads\/2016\/01\/ETCF0031-Lorraine-12.jpg","contentUrl":"https:\/\/eurotrail.info\/wp\/wp-content\/uploads\/2016\/01\/ETCF0031-Lorraine-12.jpg","width":1084,"height":1417,"caption":"Eurotrail Lorraine: bequemer Alu Regiestuhl."},{"@type":"BreadcrumbList","@id":"https:\/\/eurotrail.info\/de\/producten\/campingmoebel\/faltmoebel\/lorraine-2\/#breadcrumb","itemListElement":[{"@type":"ListItem","position":1,"name":"Home","item":"https:\/\/eurotrail.info\/de\/"},{"@type":"ListItem","position":2,"name":"Produkte","item":"https:\/\/eurotrail.info\/de\/produkte\/"},{"@type":"ListItem","position":3,"name":"Lorraine Regiestuhl"}]},{"@type":"WebSite","@id":"https:\/\/eurotrail.info\/#website","url":"https:\/\/eurotrail.info\/","name":"Eurotrail","description":"","publisher":{"@id":"https:\/\/eurotrail.info\/#organization"},"potentialAction":[{"@type":"SearchAction","target":{"@type":"EntryPoint","urlTemplate":"https:\/\/eurotrail.info\/?s={search_term_string}"},"query-input":{"@type":"PropertyValueSpecification","valueRequired":true,"valueName":"search_term_string"}}],"inLanguage":"de"},{"@type":"Organization","@id":"https:\/\/eurotrail.info\/#organization","name":"Eurotrail","url":"https:\/\/eurotrail.info\/","logo":{"@type":"ImageObject","inLanguage":"de","@id":"https:\/\/eurotrail.info\/#\/schema\/logo\/image\/","url":"https:\/\/eurotrail.info\/wp\/wp-content\/uploads\/2023\/07\/ET-logo-quote_NL-scaled.jpg","contentUrl":"https:\/\/eurotrail.info\/wp\/wp-content\/uploads\/2023\/07\/ET-logo-quote_NL-scaled.jpg","width":2560,"height":675,"caption":"Eurotrail"},"image":{"@id":"https:\/\/eurotrail.info\/#\/schema\/logo\/image\/"}}]}},"_links":{"self":[{"href":"https:\/\/eurotrail.info\/de\/wp-json\/wp\/v2\/product\/2850","targetHints":{"allow":["GET"]}}],"collection":[{"href":"https:\/\/eurotrail.info\/de\/wp-json\/wp\/v2\/product"}],"about":[{"href":"https:\/\/eurotrail.info\/de\/wp-json\/wp\/v2\/types\/product"}],"replies":[{"embeddable":true,"href":"https:\/\/eurotrail.info\/de\/wp-json\/wp\/v2\/comments?post=2850"}],"wp:featuredmedia":[{"embeddable":true,"href":"https:\/\/eurotrail.info\/de\/wp-json\/wp\/v2\/media\/1469"}],"wp:attachment":[{"href":"https:\/\/eurotrail.info\/de\/wp-json\/wp\/v2\/media?parent=2850"}],"wp:term":[{"taxonomy":"product_brand","embeddable":true,"href":"https:\/\/eurotrail.info\/de\/wp-json\/wp\/v2\/product_brand?post=2850"},{"taxonomy":"product_cat","embeddable":true,"href":"https:\/\/eurotrail.info\/de\/wp-json\/wp\/v2\/product_cat?post=2850"},{"taxonomy":"product_tag","embeddable":true,"href":"https:\/\/eurotrail.info\/de\/wp-json\/wp\/v2\/product_tag?post=2850"}],"curies":[{"name":"wp","href":"https:\/\/api.w.org\/{rel}","templated":true}]}}