{"id":28509,"date":"2026-01-07T14:57:44","date_gmt":"2026-01-07T13:57:44","guid":{"rendered":"https:\/\/eurotrail.info\/?post_type=product&#038;p=28509"},"modified":"2026-01-09T14:19:54","modified_gmt":"2026-01-09T13:19:54","slug":"beleuchtete-deko-abspannleinen-wiederaufladbar","status":"publish","type":"product","link":"https:\/\/eurotrail.info\/de\/producten\/zelte\/ersatzteile-zeltbogengestange\/beleuchtete-deko-abspannleinen-wiederaufladbar\/","title":{"rendered":"Beleuchtete Deko-Abspannleinen, wiederaufladbar"},"content":{"rendered":"<p>Beleuchtete Deko-Abspannleinen \u2013 Sicherheit im Dunkeln<\/p>\n<p>Diese 5 mm dicken und 5 Meter langen Abspannleinen sind \u00fcber ihre gesamte L\u00e4nge mit hellen LED-Leuchten ausgestattet. Ideal f\u00fcr zus\u00e4tzliche Sichtbarkeit und Sicherheit rund um Ihr Zelt, Ihre Plane oder Ihre Markise. Kein Stolpern mehr im Dunkeln!<\/p>\n<p>Funktioniert mit einem wiederaufladbaren Akku und l\u00e4sst sich mit dem integrierten Karabinerhaken einfach befestigen. Die LED-Leine verf\u00fcgt \u00fcber nicht weniger als 8 verschiedene Lichtmodi \u2013 von dezentem Stimmungslicht bis hin zu gut sichtbarem Blinklicht.<\/p>\n<p>Material: Nylonseil mit 33 LEDs<br \/>\nGr\u00f6\u00dfe: 5 mm x 5 m<br \/>\nAkku: 800 mAH 18650<br \/>\nLadezeit: \u00b1 2-3 Stunden<br \/>\nBetriebsdauer: \u00b1 20 Stunden.<br \/>\nWasserbest\u00e4ndigkeit: IPX 44<\/p>\n","protected":false},"excerpt":{"rendered":"<p>Beleuchtete Deko-Abspannleinen \u2013 Sicherheit im Dunkeln Diese 5 mm dicken und 5 Meter langen Abspannleinen sind \u00fcber ihre gesamte L\u00e4nge mit hellen LED-Leuchten ausgestattet. Ideal&hellip;<\/p>\n","protected":false},"featured_media":28419,"comment_status":"open","ping_status":"closed","template":"","meta":{"_acf_changed":false},"product_brand":[],"product_cat":[102,164,77,98],"product_tag":[],"class_list":{"0":"post-28509","1":"product","2":"type-product","3":"status-publish","4":"has-post-thumbnail","6":"product_cat-campingleuchten","7":"product_cat-ersatzteile-zeltbogengestange","8":"product_cat-wohnwagen-zubehoer","9":"product_cat-zelte","11":"first","12":"instock","13":"shipping-taxable","14":"product-type-simple"},"acf":[],"yoast_head":"<!-- This site is optimized with the Yoast SEO plugin v27.4 - https:\/\/yoast.com\/product\/yoast-seo-wordpress\/ -->\n<title>Beleuchtete Deko-Abspannleinen, wiederaufladbar - Eurotrail<\/title>\n<meta name=\"description\" content=\"Beleuchtete Deko-Abspannleinen, wiederaufladbar. 5 mm dicken \/5 Meter langen Abspannleinen sind \u00fcber die gesamte L\u00e4nge mit hellen LED-Leuchten ausgestattet.\" \/>\n<meta name=\"robots\" content=\"index, follow, max-snippet:-1, max-image-preview:large, max-video-preview:-1\" \/>\n<link rel=\"canonical\" href=\"https:\/\/eurotrail.info\/de\/producten\/zelte\/ersatzteile-zeltbogengestange\/beleuchtete-deko-abspannleinen-wiederaufladbar\/\" \/>\n<meta property=\"og:locale\" content=\"de_DE\" \/>\n<meta property=\"og:type\" content=\"article\" \/>\n<meta property=\"og:title\" content=\"Beleuchtete Deko-Abspannleinen, wiederaufladbar - Eurotrail\" \/>\n<meta property=\"og:description\" content=\"Beleuchtete Deko-Abspannleinen, wiederaufladbar. 5 mm dicken \/5 Meter langen Abspannleinen sind \u00fcber die gesamte L\u00e4nge mit hellen LED-Leuchten ausgestattet.\" \/>\n<meta property=\"og:url\" content=\"https:\/\/eurotrail.info\/de\/producten\/zelte\/ersatzteile-zeltbogengestange\/beleuchtete-deko-abspannleinen-wiederaufladbar\/\" \/>\n<meta property=\"og:site_name\" content=\"Eurotrail\" \/>\n<meta property=\"article:modified_time\" content=\"2026-01-09T13:19:54+00:00\" \/>\n<meta property=\"og:image\" content=\"https:\/\/eurotrail.info\/wp\/wp-content\/uploads\/2026\/01\/Sfeer-1.jpg\" \/>\n\t<meta property=\"og:image:width\" content=\"1512\" \/>\n\t<meta property=\"og:image:height\" content=\"2016\" \/>\n\t<meta property=\"og:image:type\" content=\"image\/jpeg\" \/>\n<meta name=\"twitter:card\" content=\"summary_large_image\" \/>\n<meta name=\"twitter:label1\" content=\"Gesch\u00e4tzte Lesezeit\" \/>\n\t<meta name=\"twitter:data1\" content=\"1\u00a0Minute\" \/>\n<script type=\"application\/ld+json\" class=\"yoast-schema-graph\">{\"@context\":\"https:\\\/\\\/schema.org\",\"@graph\":[{\"@type\":\"WebPage\",\"@id\":\"https:\\\/\\\/eurotrail.info\\\/de\\\/producten\\\/zelte\\\/ersatzteile-zeltbogengestange\\\/beleuchtete-deko-abspannleinen-wiederaufladbar\\\/\",\"url\":\"https:\\\/\\\/eurotrail.info\\\/de\\\/producten\\\/zelte\\\/ersatzteile-zeltbogengestange\\\/beleuchtete-deko-abspannleinen-wiederaufladbar\\\/\",\"name\":\"Beleuchtete Deko-Abspannleinen, wiederaufladbar - Eurotrail\",\"isPartOf\":{\"@id\":\"https:\\\/\\\/eurotrail.info\\\/#website\"},\"primaryImageOfPage\":{\"@id\":\"https:\\\/\\\/eurotrail.info\\\/de\\\/producten\\\/zelte\\\/ersatzteile-zeltbogengestange\\\/beleuchtete-deko-abspannleinen-wiederaufladbar\\\/#primaryimage\"},\"image\":{\"@id\":\"https:\\\/\\\/eurotrail.info\\\/de\\\/producten\\\/zelte\\\/ersatzteile-zeltbogengestange\\\/beleuchtete-deko-abspannleinen-wiederaufladbar\\\/#primaryimage\"},\"thumbnailUrl\":\"https:\\\/\\\/eurotrail.info\\\/wp\\\/wp-content\\\/uploads\\\/2026\\\/01\\\/Sfeer-1.jpg\",\"datePublished\":\"2026-01-07T13:57:44+00:00\",\"dateModified\":\"2026-01-09T13:19:54+00:00\",\"description\":\"Beleuchtete Deko-Abspannleinen, wiederaufladbar. 5 mm dicken \\\/5 Meter langen Abspannleinen sind \u00fcber die gesamte L\u00e4nge mit hellen LED-Leuchten ausgestattet.\",\"breadcrumb\":{\"@id\":\"https:\\\/\\\/eurotrail.info\\\/de\\\/producten\\\/zelte\\\/ersatzteile-zeltbogengestange\\\/beleuchtete-deko-abspannleinen-wiederaufladbar\\\/#breadcrumb\"},\"inLanguage\":\"de\",\"potentialAction\":[{\"@type\":\"ReadAction\",\"target\":[\"https:\\\/\\\/eurotrail.info\\\/de\\\/producten\\\/zelte\\\/ersatzteile-zeltbogengestange\\\/beleuchtete-deko-abspannleinen-wiederaufladbar\\\/\"]}]},{\"@type\":\"ImageObject\",\"inLanguage\":\"de\",\"@id\":\"https:\\\/\\\/eurotrail.info\\\/de\\\/producten\\\/zelte\\\/ersatzteile-zeltbogengestange\\\/beleuchtete-deko-abspannleinen-wiederaufladbar\\\/#primaryimage\",\"url\":\"https:\\\/\\\/eurotrail.info\\\/wp\\\/wp-content\\\/uploads\\\/2026\\\/01\\\/Sfeer-1.jpg\",\"contentUrl\":\"https:\\\/\\\/eurotrail.info\\\/wp\\\/wp-content\\\/uploads\\\/2026\\\/01\\\/Sfeer-1.jpg\",\"width\":1512,\"height\":2016},{\"@type\":\"BreadcrumbList\",\"@id\":\"https:\\\/\\\/eurotrail.info\\\/de\\\/producten\\\/zelte\\\/ersatzteile-zeltbogengestange\\\/beleuchtete-deko-abspannleinen-wiederaufladbar\\\/#breadcrumb\",\"itemListElement\":[{\"@type\":\"ListItem\",\"position\":1,\"name\":\"Home\",\"item\":\"https:\\\/\\\/eurotrail.info\\\/de\\\/\"},{\"@type\":\"ListItem\",\"position\":2,\"name\":\"Produkte\",\"item\":\"https:\\\/\\\/eurotrail.info\\\/de\\\/produkte\\\/\"},{\"@type\":\"ListItem\",\"position\":3,\"name\":\"Beleuchtete Deko-Abspannleinen, wiederaufladbar\"}]},{\"@type\":\"WebSite\",\"@id\":\"https:\\\/\\\/eurotrail.info\\\/#website\",\"url\":\"https:\\\/\\\/eurotrail.info\\\/\",\"name\":\"Eurotrail\",\"description\":\"\",\"publisher\":{\"@id\":\"https:\\\/\\\/eurotrail.info\\\/#organization\"},\"potentialAction\":[{\"@type\":\"SearchAction\",\"target\":{\"@type\":\"EntryPoint\",\"urlTemplate\":\"https:\\\/\\\/eurotrail.info\\\/?s={search_term_string}\"},\"query-input\":{\"@type\":\"PropertyValueSpecification\",\"valueRequired\":true,\"valueName\":\"search_term_string\"}}],\"inLanguage\":\"de\"},{\"@type\":\"Organization\",\"@id\":\"https:\\\/\\\/eurotrail.info\\\/#organization\",\"name\":\"Eurotrail\",\"url\":\"https:\\\/\\\/eurotrail.info\\\/\",\"logo\":{\"@type\":\"ImageObject\",\"inLanguage\":\"de\",\"@id\":\"https:\\\/\\\/eurotrail.info\\\/#\\\/schema\\\/logo\\\/image\\\/\",\"url\":\"https:\\\/\\\/eurotrail.info\\\/wp\\\/wp-content\\\/uploads\\\/2023\\\/07\\\/ET-logo-quote_NL-scaled.jpg\",\"contentUrl\":\"https:\\\/\\\/eurotrail.info\\\/wp\\\/wp-content\\\/uploads\\\/2023\\\/07\\\/ET-logo-quote_NL-scaled.jpg\",\"width\":2560,\"height\":675,\"caption\":\"Eurotrail\"},\"image\":{\"@id\":\"https:\\\/\\\/eurotrail.info\\\/#\\\/schema\\\/logo\\\/image\\\/\"}}]}<\/script>\n<!-- \/ Yoast SEO plugin. -->","yoast_head_json":{"title":"Beleuchtete Deko-Abspannleinen, wiederaufladbar - Eurotrail","description":"Beleuchtete Deko-Abspannleinen, wiederaufladbar. 5 mm dicken \/5 Meter langen Abspannleinen sind \u00fcber die gesamte L\u00e4nge mit hellen LED-Leuchten ausgestattet.","robots":{"index":"index","follow":"follow","max-snippet":"max-snippet:-1","max-image-preview":"max-image-preview:large","max-video-preview":"max-video-preview:-1"},"canonical":"https:\/\/eurotrail.info\/de\/producten\/zelte\/ersatzteile-zeltbogengestange\/beleuchtete-deko-abspannleinen-wiederaufladbar\/","og_locale":"de_DE","og_type":"article","og_title":"Beleuchtete Deko-Abspannleinen, wiederaufladbar - Eurotrail","og_description":"Beleuchtete Deko-Abspannleinen, wiederaufladbar. 5 mm dicken \/5 Meter langen Abspannleinen sind \u00fcber die gesamte L\u00e4nge mit hellen LED-Leuchten ausgestattet.","og_url":"https:\/\/eurotrail.info\/de\/producten\/zelte\/ersatzteile-zeltbogengestange\/beleuchtete-deko-abspannleinen-wiederaufladbar\/","og_site_name":"Eurotrail","article_modified_time":"2026-01-09T13:19:54+00:00","og_image":[{"width":1512,"height":2016,"url":"https:\/\/eurotrail.info\/wp\/wp-content\/uploads\/2026\/01\/Sfeer-1.jpg","type":"image\/jpeg"}],"twitter_card":"summary_large_image","twitter_misc":{"Gesch\u00e4tzte Lesezeit":"1\u00a0Minute"},"schema":{"@context":"https:\/\/schema.org","@graph":[{"@type":"WebPage","@id":"https:\/\/eurotrail.info\/de\/producten\/zelte\/ersatzteile-zeltbogengestange\/beleuchtete-deko-abspannleinen-wiederaufladbar\/","url":"https:\/\/eurotrail.info\/de\/producten\/zelte\/ersatzteile-zeltbogengestange\/beleuchtete-deko-abspannleinen-wiederaufladbar\/","name":"Beleuchtete Deko-Abspannleinen, wiederaufladbar - Eurotrail","isPartOf":{"@id":"https:\/\/eurotrail.info\/#website"},"primaryImageOfPage":{"@id":"https:\/\/eurotrail.info\/de\/producten\/zelte\/ersatzteile-zeltbogengestange\/beleuchtete-deko-abspannleinen-wiederaufladbar\/#primaryimage"},"image":{"@id":"https:\/\/eurotrail.info\/de\/producten\/zelte\/ersatzteile-zeltbogengestange\/beleuchtete-deko-abspannleinen-wiederaufladbar\/#primaryimage"},"thumbnailUrl":"https:\/\/eurotrail.info\/wp\/wp-content\/uploads\/2026\/01\/Sfeer-1.jpg","datePublished":"2026-01-07T13:57:44+00:00","dateModified":"2026-01-09T13:19:54+00:00","description":"Beleuchtete Deko-Abspannleinen, wiederaufladbar. 5 mm dicken \/5 Meter langen Abspannleinen sind \u00fcber die gesamte L\u00e4nge mit hellen LED-Leuchten ausgestattet.","breadcrumb":{"@id":"https:\/\/eurotrail.info\/de\/producten\/zelte\/ersatzteile-zeltbogengestange\/beleuchtete-deko-abspannleinen-wiederaufladbar\/#breadcrumb"},"inLanguage":"de","potentialAction":[{"@type":"ReadAction","target":["https:\/\/eurotrail.info\/de\/producten\/zelte\/ersatzteile-zeltbogengestange\/beleuchtete-deko-abspannleinen-wiederaufladbar\/"]}]},{"@type":"ImageObject","inLanguage":"de","@id":"https:\/\/eurotrail.info\/de\/producten\/zelte\/ersatzteile-zeltbogengestange\/beleuchtete-deko-abspannleinen-wiederaufladbar\/#primaryimage","url":"https:\/\/eurotrail.info\/wp\/wp-content\/uploads\/2026\/01\/Sfeer-1.jpg","contentUrl":"https:\/\/eurotrail.info\/wp\/wp-content\/uploads\/2026\/01\/Sfeer-1.jpg","width":1512,"height":2016},{"@type":"BreadcrumbList","@id":"https:\/\/eurotrail.info\/de\/producten\/zelte\/ersatzteile-zeltbogengestange\/beleuchtete-deko-abspannleinen-wiederaufladbar\/#breadcrumb","itemListElement":[{"@type":"ListItem","position":1,"name":"Home","item":"https:\/\/eurotrail.info\/de\/"},{"@type":"ListItem","position":2,"name":"Produkte","item":"https:\/\/eurotrail.info\/de\/produkte\/"},{"@type":"ListItem","position":3,"name":"Beleuchtete Deko-Abspannleinen, wiederaufladbar"}]},{"@type":"WebSite","@id":"https:\/\/eurotrail.info\/#website","url":"https:\/\/eurotrail.info\/","name":"Eurotrail","description":"","publisher":{"@id":"https:\/\/eurotrail.info\/#organization"},"potentialAction":[{"@type":"SearchAction","target":{"@type":"EntryPoint","urlTemplate":"https:\/\/eurotrail.info\/?s={search_term_string}"},"query-input":{"@type":"PropertyValueSpecification","valueRequired":true,"valueName":"search_term_string"}}],"inLanguage":"de"},{"@type":"Organization","@id":"https:\/\/eurotrail.info\/#organization","name":"Eurotrail","url":"https:\/\/eurotrail.info\/","logo":{"@type":"ImageObject","inLanguage":"de","@id":"https:\/\/eurotrail.info\/#\/schema\/logo\/image\/","url":"https:\/\/eurotrail.info\/wp\/wp-content\/uploads\/2023\/07\/ET-logo-quote_NL-scaled.jpg","contentUrl":"https:\/\/eurotrail.info\/wp\/wp-content\/uploads\/2023\/07\/ET-logo-quote_NL-scaled.jpg","width":2560,"height":675,"caption":"Eurotrail"},"image":{"@id":"https:\/\/eurotrail.info\/#\/schema\/logo\/image\/"}}]}},"_links":{"self":[{"href":"https:\/\/eurotrail.info\/de\/wp-json\/wp\/v2\/product\/28509","targetHints":{"allow":["GET"]}}],"collection":[{"href":"https:\/\/eurotrail.info\/de\/wp-json\/wp\/v2\/product"}],"about":[{"href":"https:\/\/eurotrail.info\/de\/wp-json\/wp\/v2\/types\/product"}],"replies":[{"embeddable":true,"href":"https:\/\/eurotrail.info\/de\/wp-json\/wp\/v2\/comments?post=28509"}],"wp:featuredmedia":[{"embeddable":true,"href":"https:\/\/eurotrail.info\/de\/wp-json\/wp\/v2\/media\/28419"}],"wp:attachment":[{"href":"https:\/\/eurotrail.info\/de\/wp-json\/wp\/v2\/media?parent=28509"}],"wp:term":[{"taxonomy":"product_brand","embeddable":true,"href":"https:\/\/eurotrail.info\/de\/wp-json\/wp\/v2\/product_brand?post=28509"},{"taxonomy":"product_cat","embeddable":true,"href":"https:\/\/eurotrail.info\/de\/wp-json\/wp\/v2\/product_cat?post=28509"},{"taxonomy":"product_tag","embeddable":true,"href":"https:\/\/eurotrail.info\/de\/wp-json\/wp\/v2\/product_tag?post=28509"}],"curies":[{"name":"wp","href":"https:\/\/api.w.org\/{rel}","templated":true}]}}