{"id":28530,"date":"2026-01-07T13:33:52","date_gmt":"2026-01-07T12:33:52","guid":{"rendered":"https:\/\/eurotrail.info\/?post_type=product&#038;p=28530"},"modified":"2026-03-19T12:48:24","modified_gmt":"2026-03-19T11:48:24","slug":"string-camping-taschenlampenlicht","status":"publish","type":"product","link":"https:\/\/eurotrail.info\/de\/producten\/campingleuchten\/string-camping-taschenlampenlicht\/","title":{"rendered":"String \u2013 Camping-\/Taschenlampenlicht"},"content":{"rendered":"<p>Kompakte, Wiederaufladbare Campinglampe mit Spirallicht &amp; Powerbank<br \/>\nDiese kompakte, wiederaufladbare Campinglampe ist die clevere und stilvolle L\u00f6sung f\u00fcr jedes Campingabenteuer. Die originelle Spiral-Lichtquelle sorgt f\u00fcr eine besondere Atmosph\u00e4re. Du kannst zwischen warmem Licht, wei\u00dfem Licht oder einer Kombination aus beiden w\u00e4hlen mit der Dimmerfunktion \u2013 ganz nach deinem Bedarf.<br \/>\nVerwendbar als Stimmungslicht oder Taschenlampe. Mit der beiliegenden Schnur l\u00e4sst sich die Lampe \u00fcberall aufh\u00e4ngen: im Zelt, Vorzelt oder sogar an einem Ast. Ausgestattet mit einer praktischen Ladeanzeige sowie einer Powerbank-Funktion zum Aufladen deines Handys oder anderer Ger\u00e4te.<br \/>\nIdeal f\u00fcr den Einsatz im (Zusatz-)Zelt oder unterwegs!<\/p>\n<p>Material: ABS + PC, IPX3<br \/>\nLED: Soft COB 180 lm, + XPG 220 lm<br \/>\nGr\u00f6\u00dfe: 11,5 x \u00d8 5,9 cm<br \/>\nGewicht: 158 g<br \/>\nLeistung: DC 5 V 1 A (max.), 4 W<br \/>\nAkku: 1500 mAh 18650<br \/>\nBetriebsdauer: Soft COB 4 Std., XPG 9 Std.<br \/>\nLadeger\u00e4t: 4 Std., 5 V, 1 A, Typ C<br \/>\nPowerbank: USB-Ausgang f\u00fcr Mobiltelefone<\/p>\n","protected":false},"excerpt":{"rendered":"<p>Kompakte, Wiederaufladbare Campinglampe mit Spirallicht &amp; Powerbank Diese kompakte, wiederaufladbare Campinglampe ist die clevere und stilvolle L\u00f6sung f\u00fcr jedes Campingabenteuer. Die originelle Spiral-Lichtquelle sorgt f\u00fcr&hellip;<\/p>\n","protected":false},"featured_media":28278,"comment_status":"open","ping_status":"closed","template":"","meta":{"_acf_changed":false},"product_brand":[],"product_cat":[102],"product_tag":[],"class_list":{"0":"post-28530","1":"product","2":"type-product","3":"status-publish","4":"has-post-thumbnail","6":"product_cat-campingleuchten","8":"first","9":"instock","10":"shipping-taxable","11":"product-type-simple"},"acf":[],"yoast_head":"<!-- This site is optimized with the Yoast SEO plugin v27.3 - https:\/\/yoast.com\/product\/yoast-seo-wordpress\/ -->\n<title>String \u2013 Camping-\/Taschenlampenlicht - Eurotrail<\/title>\n<meta name=\"description\" content=\"Diese kompakte, wiederaufladbare Campinglampe ist die clevere und stilvolle L\u00f6sung f\u00fcr jedes Campingabenteuer.\" \/>\n<meta name=\"robots\" content=\"index, follow, max-snippet:-1, max-image-preview:large, max-video-preview:-1\" \/>\n<link rel=\"canonical\" href=\"https:\/\/eurotrail.info\/de\/producten\/campingleuchten\/string-camping-taschenlampenlicht\/\" \/>\n<meta property=\"og:locale\" content=\"de_DE\" \/>\n<meta property=\"og:type\" content=\"article\" \/>\n<meta property=\"og:title\" content=\"String \u2013 Camping-\/Taschenlampenlicht - Eurotrail\" \/>\n<meta property=\"og:description\" content=\"Diese kompakte, wiederaufladbare Campinglampe ist die clevere und stilvolle L\u00f6sung f\u00fcr jedes Campingabenteuer.\" \/>\n<meta property=\"og:url\" content=\"https:\/\/eurotrail.info\/de\/producten\/campingleuchten\/string-camping-taschenlampenlicht\/\" \/>\n<meta property=\"og:site_name\" content=\"Eurotrail\" \/>\n<meta property=\"article:modified_time\" content=\"2026-03-19T11:48:24+00:00\" \/>\n<meta property=\"og:image\" content=\"https:\/\/eurotrail.info\/wp\/wp-content\/uploads\/2026\/01\/ETLT1251_STRING-Zaklampje.jpg\" \/>\n\t<meta property=\"og:image:width\" content=\"1781\" \/>\n\t<meta property=\"og:image:height\" content=\"2189\" \/>\n\t<meta property=\"og:image:type\" content=\"image\/jpeg\" \/>\n<meta name=\"twitter:card\" content=\"summary_large_image\" \/>\n<meta name=\"twitter:label1\" content=\"Gesch\u00e4tzte Lesezeit\" \/>\n\t<meta name=\"twitter:data1\" content=\"1\u00a0Minute\" \/>\n<script type=\"application\/ld+json\" class=\"yoast-schema-graph\">{\"@context\":\"https:\\\/\\\/schema.org\",\"@graph\":[{\"@type\":\"WebPage\",\"@id\":\"https:\\\/\\\/eurotrail.info\\\/de\\\/producten\\\/campingleuchten\\\/string-camping-taschenlampenlicht\\\/\",\"url\":\"https:\\\/\\\/eurotrail.info\\\/de\\\/producten\\\/campingleuchten\\\/string-camping-taschenlampenlicht\\\/\",\"name\":\"String \u2013 Camping-\\\/Taschenlampenlicht - Eurotrail\",\"isPartOf\":{\"@id\":\"https:\\\/\\\/eurotrail.info\\\/#website\"},\"primaryImageOfPage\":{\"@id\":\"https:\\\/\\\/eurotrail.info\\\/de\\\/producten\\\/campingleuchten\\\/string-camping-taschenlampenlicht\\\/#primaryimage\"},\"image\":{\"@id\":\"https:\\\/\\\/eurotrail.info\\\/de\\\/producten\\\/campingleuchten\\\/string-camping-taschenlampenlicht\\\/#primaryimage\"},\"thumbnailUrl\":\"https:\\\/\\\/eurotrail.info\\\/wp\\\/wp-content\\\/uploads\\\/2026\\\/01\\\/ETLT1251_STRING-Zaklampje.jpg\",\"datePublished\":\"2026-01-07T12:33:52+00:00\",\"dateModified\":\"2026-03-19T11:48:24+00:00\",\"description\":\"Diese kompakte, wiederaufladbare Campinglampe ist die clevere und stilvolle L\u00f6sung f\u00fcr jedes Campingabenteuer.\",\"breadcrumb\":{\"@id\":\"https:\\\/\\\/eurotrail.info\\\/de\\\/producten\\\/campingleuchten\\\/string-camping-taschenlampenlicht\\\/#breadcrumb\"},\"inLanguage\":\"de\",\"potentialAction\":[{\"@type\":\"ReadAction\",\"target\":[\"https:\\\/\\\/eurotrail.info\\\/de\\\/producten\\\/campingleuchten\\\/string-camping-taschenlampenlicht\\\/\"]}]},{\"@type\":\"ImageObject\",\"inLanguage\":\"de\",\"@id\":\"https:\\\/\\\/eurotrail.info\\\/de\\\/producten\\\/campingleuchten\\\/string-camping-taschenlampenlicht\\\/#primaryimage\",\"url\":\"https:\\\/\\\/eurotrail.info\\\/wp\\\/wp-content\\\/uploads\\\/2026\\\/01\\\/ETLT1251_STRING-Zaklampje.jpg\",\"contentUrl\":\"https:\\\/\\\/eurotrail.info\\\/wp\\\/wp-content\\\/uploads\\\/2026\\\/01\\\/ETLT1251_STRING-Zaklampje.jpg\",\"width\":1781,\"height\":2189},{\"@type\":\"BreadcrumbList\",\"@id\":\"https:\\\/\\\/eurotrail.info\\\/de\\\/producten\\\/campingleuchten\\\/string-camping-taschenlampenlicht\\\/#breadcrumb\",\"itemListElement\":[{\"@type\":\"ListItem\",\"position\":1,\"name\":\"Home\",\"item\":\"https:\\\/\\\/eurotrail.info\\\/de\\\/\"},{\"@type\":\"ListItem\",\"position\":2,\"name\":\"Produkte\",\"item\":\"https:\\\/\\\/eurotrail.info\\\/de\\\/produkte\\\/\"},{\"@type\":\"ListItem\",\"position\":3,\"name\":\"String \u2013 Camping-\\\/Taschenlampenlicht\"}]},{\"@type\":\"WebSite\",\"@id\":\"https:\\\/\\\/eurotrail.info\\\/#website\",\"url\":\"https:\\\/\\\/eurotrail.info\\\/\",\"name\":\"Eurotrail\",\"description\":\"\",\"publisher\":{\"@id\":\"https:\\\/\\\/eurotrail.info\\\/#organization\"},\"potentialAction\":[{\"@type\":\"SearchAction\",\"target\":{\"@type\":\"EntryPoint\",\"urlTemplate\":\"https:\\\/\\\/eurotrail.info\\\/?s={search_term_string}\"},\"query-input\":{\"@type\":\"PropertyValueSpecification\",\"valueRequired\":true,\"valueName\":\"search_term_string\"}}],\"inLanguage\":\"de\"},{\"@type\":\"Organization\",\"@id\":\"https:\\\/\\\/eurotrail.info\\\/#organization\",\"name\":\"Eurotrail\",\"url\":\"https:\\\/\\\/eurotrail.info\\\/\",\"logo\":{\"@type\":\"ImageObject\",\"inLanguage\":\"de\",\"@id\":\"https:\\\/\\\/eurotrail.info\\\/#\\\/schema\\\/logo\\\/image\\\/\",\"url\":\"https:\\\/\\\/eurotrail.info\\\/wp\\\/wp-content\\\/uploads\\\/2023\\\/07\\\/ET-logo-quote_NL-scaled.jpg\",\"contentUrl\":\"https:\\\/\\\/eurotrail.info\\\/wp\\\/wp-content\\\/uploads\\\/2023\\\/07\\\/ET-logo-quote_NL-scaled.jpg\",\"width\":2560,\"height\":675,\"caption\":\"Eurotrail\"},\"image\":{\"@id\":\"https:\\\/\\\/eurotrail.info\\\/#\\\/schema\\\/logo\\\/image\\\/\"}}]}<\/script>\n<!-- \/ Yoast SEO plugin. -->","yoast_head_json":{"title":"String \u2013 Camping-\/Taschenlampenlicht - Eurotrail","description":"Diese kompakte, wiederaufladbare Campinglampe ist die clevere und stilvolle L\u00f6sung f\u00fcr jedes Campingabenteuer.","robots":{"index":"index","follow":"follow","max-snippet":"max-snippet:-1","max-image-preview":"max-image-preview:large","max-video-preview":"max-video-preview:-1"},"canonical":"https:\/\/eurotrail.info\/de\/producten\/campingleuchten\/string-camping-taschenlampenlicht\/","og_locale":"de_DE","og_type":"article","og_title":"String \u2013 Camping-\/Taschenlampenlicht - Eurotrail","og_description":"Diese kompakte, wiederaufladbare Campinglampe ist die clevere und stilvolle L\u00f6sung f\u00fcr jedes Campingabenteuer.","og_url":"https:\/\/eurotrail.info\/de\/producten\/campingleuchten\/string-camping-taschenlampenlicht\/","og_site_name":"Eurotrail","article_modified_time":"2026-03-19T11:48:24+00:00","og_image":[{"width":1781,"height":2189,"url":"https:\/\/eurotrail.info\/wp\/wp-content\/uploads\/2026\/01\/ETLT1251_STRING-Zaklampje.jpg","type":"image\/jpeg"}],"twitter_card":"summary_large_image","twitter_misc":{"Gesch\u00e4tzte Lesezeit":"1\u00a0Minute"},"schema":{"@context":"https:\/\/schema.org","@graph":[{"@type":"WebPage","@id":"https:\/\/eurotrail.info\/de\/producten\/campingleuchten\/string-camping-taschenlampenlicht\/","url":"https:\/\/eurotrail.info\/de\/producten\/campingleuchten\/string-camping-taschenlampenlicht\/","name":"String \u2013 Camping-\/Taschenlampenlicht - Eurotrail","isPartOf":{"@id":"https:\/\/eurotrail.info\/#website"},"primaryImageOfPage":{"@id":"https:\/\/eurotrail.info\/de\/producten\/campingleuchten\/string-camping-taschenlampenlicht\/#primaryimage"},"image":{"@id":"https:\/\/eurotrail.info\/de\/producten\/campingleuchten\/string-camping-taschenlampenlicht\/#primaryimage"},"thumbnailUrl":"https:\/\/eurotrail.info\/wp\/wp-content\/uploads\/2026\/01\/ETLT1251_STRING-Zaklampje.jpg","datePublished":"2026-01-07T12:33:52+00:00","dateModified":"2026-03-19T11:48:24+00:00","description":"Diese kompakte, wiederaufladbare Campinglampe ist die clevere und stilvolle L\u00f6sung f\u00fcr jedes Campingabenteuer.","breadcrumb":{"@id":"https:\/\/eurotrail.info\/de\/producten\/campingleuchten\/string-camping-taschenlampenlicht\/#breadcrumb"},"inLanguage":"de","potentialAction":[{"@type":"ReadAction","target":["https:\/\/eurotrail.info\/de\/producten\/campingleuchten\/string-camping-taschenlampenlicht\/"]}]},{"@type":"ImageObject","inLanguage":"de","@id":"https:\/\/eurotrail.info\/de\/producten\/campingleuchten\/string-camping-taschenlampenlicht\/#primaryimage","url":"https:\/\/eurotrail.info\/wp\/wp-content\/uploads\/2026\/01\/ETLT1251_STRING-Zaklampje.jpg","contentUrl":"https:\/\/eurotrail.info\/wp\/wp-content\/uploads\/2026\/01\/ETLT1251_STRING-Zaklampje.jpg","width":1781,"height":2189},{"@type":"BreadcrumbList","@id":"https:\/\/eurotrail.info\/de\/producten\/campingleuchten\/string-camping-taschenlampenlicht\/#breadcrumb","itemListElement":[{"@type":"ListItem","position":1,"name":"Home","item":"https:\/\/eurotrail.info\/de\/"},{"@type":"ListItem","position":2,"name":"Produkte","item":"https:\/\/eurotrail.info\/de\/produkte\/"},{"@type":"ListItem","position":3,"name":"String \u2013 Camping-\/Taschenlampenlicht"}]},{"@type":"WebSite","@id":"https:\/\/eurotrail.info\/#website","url":"https:\/\/eurotrail.info\/","name":"Eurotrail","description":"","publisher":{"@id":"https:\/\/eurotrail.info\/#organization"},"potentialAction":[{"@type":"SearchAction","target":{"@type":"EntryPoint","urlTemplate":"https:\/\/eurotrail.info\/?s={search_term_string}"},"query-input":{"@type":"PropertyValueSpecification","valueRequired":true,"valueName":"search_term_string"}}],"inLanguage":"de"},{"@type":"Organization","@id":"https:\/\/eurotrail.info\/#organization","name":"Eurotrail","url":"https:\/\/eurotrail.info\/","logo":{"@type":"ImageObject","inLanguage":"de","@id":"https:\/\/eurotrail.info\/#\/schema\/logo\/image\/","url":"https:\/\/eurotrail.info\/wp\/wp-content\/uploads\/2023\/07\/ET-logo-quote_NL-scaled.jpg","contentUrl":"https:\/\/eurotrail.info\/wp\/wp-content\/uploads\/2023\/07\/ET-logo-quote_NL-scaled.jpg","width":2560,"height":675,"caption":"Eurotrail"},"image":{"@id":"https:\/\/eurotrail.info\/#\/schema\/logo\/image\/"}}]}},"_links":{"self":[{"href":"https:\/\/eurotrail.info\/de\/wp-json\/wp\/v2\/product\/28530","targetHints":{"allow":["GET"]}}],"collection":[{"href":"https:\/\/eurotrail.info\/de\/wp-json\/wp\/v2\/product"}],"about":[{"href":"https:\/\/eurotrail.info\/de\/wp-json\/wp\/v2\/types\/product"}],"replies":[{"embeddable":true,"href":"https:\/\/eurotrail.info\/de\/wp-json\/wp\/v2\/comments?post=28530"}],"wp:featuredmedia":[{"embeddable":true,"href":"https:\/\/eurotrail.info\/de\/wp-json\/wp\/v2\/media\/28278"}],"wp:attachment":[{"href":"https:\/\/eurotrail.info\/de\/wp-json\/wp\/v2\/media?parent=28530"}],"wp:term":[{"taxonomy":"product_brand","embeddable":true,"href":"https:\/\/eurotrail.info\/de\/wp-json\/wp\/v2\/product_brand?post=28530"},{"taxonomy":"product_cat","embeddable":true,"href":"https:\/\/eurotrail.info\/de\/wp-json\/wp\/v2\/product_cat?post=28530"},{"taxonomy":"product_tag","embeddable":true,"href":"https:\/\/eurotrail.info\/de\/wp-json\/wp\/v2\/product_tag?post=28530"}],"curies":[{"name":"wp","href":"https:\/\/api.w.org\/{rel}","templated":true}]}}