{"id":28540,"date":"2026-01-07T13:25:39","date_gmt":"2026-01-07T12:25:39","guid":{"rendered":"https:\/\/eurotrail.info\/?post_type=product&#038;p=28540"},"modified":"2026-03-19T15:22:26","modified_gmt":"2026-03-19T14:22:26","slug":"tivo-wiederaufladbare-campinglampe","status":"publish","type":"product","link":"https:\/\/eurotrail.info\/de\/producten\/campingleuchten\/tivo-wiederaufladbare-campinglampe\/","title":{"rendered":"Tivo \u2013 wiederaufladbare Campinglampe"},"content":{"rendered":"<p>Diese stilvolle, wiederaufladbare Lampe besticht durch ihren Eisenrahmen und die charakteristische Haube. Mit dem Drehknopf oben k\u00f6nnen Sie ganz einfach zwischen warmem und wei\u00dfem Licht wechseln und das Licht auf die gew\u00fcnschte St\u00e4rke dimmen. Die Lampe ist wiederaufladbar und in Schwarz oder Elfenbein erh\u00e4ltlich. Dank der praktischen Halterung k\u00f6nnen Sie sie einfach aufh\u00e4ngen, sie steht aber auch stabil und attraktiv auf dem Tisch \u2013 ideal f\u00fcr drinnen und drau\u00dfen.<\/p>\n<p>Material: ABS + Eisen + PC<br \/>\nLEDs: 6 kaltwei\u00dfe + 2 warmwei\u00dfe LEDs<br \/>\nLichtstrom: max. 200 lm<br \/>\nGr\u00f6\u00dfe: 14 x \u00d8 9,8 cm<br \/>\nGewicht: 239 g<br \/>\nAkku: 2000 mAh 18650<br \/>\nBetriebsdauer: 3\u201340 Std.<br \/>\nLadezeit: 3\u20134 Std., 5 V, Typ C<br \/>\nFunktion: Farbwechsel (warmwei\u00df \u2013 kaltwei\u00df \u2013 warmwei\u00df + kaltwei\u00df)<\/p>\n","protected":false},"excerpt":{"rendered":"<p>Diese stilvolle, wiederaufladbare Lampe besticht durch ihren Eisenrahmen und die charakteristische Haube. Mit dem Drehknopf oben k\u00f6nnen Sie ganz einfach zwischen warmem und wei\u00dfem Licht&hellip;<\/p>\n","protected":false},"featured_media":28251,"comment_status":"open","ping_status":"closed","template":"","meta":{"_acf_changed":false},"product_brand":[],"product_cat":[102],"product_tag":[],"class_list":{"0":"post-28540","1":"product","2":"type-product","3":"status-publish","4":"has-post-thumbnail","6":"product_cat-campingleuchten","8":"first","9":"instock","10":"shipping-taxable","11":"product-type-simple"},"acf":[],"yoast_head":"<!-- This site is optimized with the Yoast SEO plugin v27.3 - https:\/\/yoast.com\/product\/yoast-seo-wordpress\/ -->\n<title>Tivo \u2013 wiederaufladbare Campinglampe - Eurotrail<\/title>\n<meta name=\"description\" content=\"Tivo \u2013 wiederaufladbare CampinglampeDiese stilvolle, wiederaufladbare Lampe besticht durch ihren Eisenrahmen und die charakteristische Haube.\" \/>\n<meta name=\"robots\" content=\"index, follow, max-snippet:-1, max-image-preview:large, max-video-preview:-1\" \/>\n<link rel=\"canonical\" href=\"https:\/\/eurotrail.info\/de\/producten\/campingleuchten\/tivo-wiederaufladbare-campinglampe\/\" \/>\n<meta property=\"og:locale\" content=\"de_DE\" \/>\n<meta property=\"og:type\" content=\"article\" \/>\n<meta property=\"og:title\" content=\"Tivo \u2013 wiederaufladbare Campinglampe - Eurotrail\" \/>\n<meta property=\"og:description\" content=\"Tivo \u2013 wiederaufladbare CampinglampeDiese stilvolle, wiederaufladbare Lampe besticht durch ihren Eisenrahmen und die charakteristische Haube.\" \/>\n<meta property=\"og:url\" content=\"https:\/\/eurotrail.info\/de\/producten\/campingleuchten\/tivo-wiederaufladbare-campinglampe\/\" \/>\n<meta property=\"og:site_name\" content=\"Eurotrail\" \/>\n<meta property=\"article:modified_time\" content=\"2026-03-19T14:22:26+00:00\" \/>\n<meta property=\"og:image\" content=\"https:\/\/eurotrail.info\/wp\/wp-content\/uploads\/2026\/01\/bolletje-zand-1-scaled.jpg\" \/>\n\t<meta property=\"og:image:width\" content=\"1565\" \/>\n\t<meta property=\"og:image:height\" content=\"2560\" \/>\n\t<meta property=\"og:image:type\" content=\"image\/jpeg\" \/>\n<meta name=\"twitter:card\" content=\"summary_large_image\" \/>\n<meta name=\"twitter:label1\" content=\"Gesch\u00e4tzte Lesezeit\" \/>\n\t<meta name=\"twitter:data1\" content=\"1\u00a0Minute\" \/>\n<script type=\"application\/ld+json\" class=\"yoast-schema-graph\">{\"@context\":\"https:\\\/\\\/schema.org\",\"@graph\":[{\"@type\":\"WebPage\",\"@id\":\"https:\\\/\\\/eurotrail.info\\\/de\\\/producten\\\/campingleuchten\\\/tivo-wiederaufladbare-campinglampe\\\/\",\"url\":\"https:\\\/\\\/eurotrail.info\\\/de\\\/producten\\\/campingleuchten\\\/tivo-wiederaufladbare-campinglampe\\\/\",\"name\":\"Tivo \u2013 wiederaufladbare Campinglampe - Eurotrail\",\"isPartOf\":{\"@id\":\"https:\\\/\\\/eurotrail.info\\\/#website\"},\"primaryImageOfPage\":{\"@id\":\"https:\\\/\\\/eurotrail.info\\\/de\\\/producten\\\/campingleuchten\\\/tivo-wiederaufladbare-campinglampe\\\/#primaryimage\"},\"image\":{\"@id\":\"https:\\\/\\\/eurotrail.info\\\/de\\\/producten\\\/campingleuchten\\\/tivo-wiederaufladbare-campinglampe\\\/#primaryimage\"},\"thumbnailUrl\":\"https:\\\/\\\/eurotrail.info\\\/wp\\\/wp-content\\\/uploads\\\/2026\\\/01\\\/bolletje-zand-1-scaled.jpg\",\"datePublished\":\"2026-01-07T12:25:39+00:00\",\"dateModified\":\"2026-03-19T14:22:26+00:00\",\"description\":\"Tivo \u2013 wiederaufladbare CampinglampeDiese stilvolle, wiederaufladbare Lampe besticht durch ihren Eisenrahmen und die charakteristische Haube.\",\"breadcrumb\":{\"@id\":\"https:\\\/\\\/eurotrail.info\\\/de\\\/producten\\\/campingleuchten\\\/tivo-wiederaufladbare-campinglampe\\\/#breadcrumb\"},\"inLanguage\":\"de\",\"potentialAction\":[{\"@type\":\"ReadAction\",\"target\":[\"https:\\\/\\\/eurotrail.info\\\/de\\\/producten\\\/campingleuchten\\\/tivo-wiederaufladbare-campinglampe\\\/\"]}]},{\"@type\":\"ImageObject\",\"inLanguage\":\"de\",\"@id\":\"https:\\\/\\\/eurotrail.info\\\/de\\\/producten\\\/campingleuchten\\\/tivo-wiederaufladbare-campinglampe\\\/#primaryimage\",\"url\":\"https:\\\/\\\/eurotrail.info\\\/wp\\\/wp-content\\\/uploads\\\/2026\\\/01\\\/bolletje-zand-1-scaled.jpg\",\"contentUrl\":\"https:\\\/\\\/eurotrail.info\\\/wp\\\/wp-content\\\/uploads\\\/2026\\\/01\\\/bolletje-zand-1-scaled.jpg\",\"width\":1565,\"height\":2560},{\"@type\":\"BreadcrumbList\",\"@id\":\"https:\\\/\\\/eurotrail.info\\\/de\\\/producten\\\/campingleuchten\\\/tivo-wiederaufladbare-campinglampe\\\/#breadcrumb\",\"itemListElement\":[{\"@type\":\"ListItem\",\"position\":1,\"name\":\"Home\",\"item\":\"https:\\\/\\\/eurotrail.info\\\/de\\\/\"},{\"@type\":\"ListItem\",\"position\":2,\"name\":\"Produkte\",\"item\":\"https:\\\/\\\/eurotrail.info\\\/de\\\/produkte\\\/\"},{\"@type\":\"ListItem\",\"position\":3,\"name\":\"Tivo \u2013 wiederaufladbare Campinglampe\"}]},{\"@type\":\"WebSite\",\"@id\":\"https:\\\/\\\/eurotrail.info\\\/#website\",\"url\":\"https:\\\/\\\/eurotrail.info\\\/\",\"name\":\"Eurotrail\",\"description\":\"\",\"publisher\":{\"@id\":\"https:\\\/\\\/eurotrail.info\\\/#organization\"},\"potentialAction\":[{\"@type\":\"SearchAction\",\"target\":{\"@type\":\"EntryPoint\",\"urlTemplate\":\"https:\\\/\\\/eurotrail.info\\\/?s={search_term_string}\"},\"query-input\":{\"@type\":\"PropertyValueSpecification\",\"valueRequired\":true,\"valueName\":\"search_term_string\"}}],\"inLanguage\":\"de\"},{\"@type\":\"Organization\",\"@id\":\"https:\\\/\\\/eurotrail.info\\\/#organization\",\"name\":\"Eurotrail\",\"url\":\"https:\\\/\\\/eurotrail.info\\\/\",\"logo\":{\"@type\":\"ImageObject\",\"inLanguage\":\"de\",\"@id\":\"https:\\\/\\\/eurotrail.info\\\/#\\\/schema\\\/logo\\\/image\\\/\",\"url\":\"https:\\\/\\\/eurotrail.info\\\/wp\\\/wp-content\\\/uploads\\\/2023\\\/07\\\/ET-logo-quote_NL-scaled.jpg\",\"contentUrl\":\"https:\\\/\\\/eurotrail.info\\\/wp\\\/wp-content\\\/uploads\\\/2023\\\/07\\\/ET-logo-quote_NL-scaled.jpg\",\"width\":2560,\"height\":675,\"caption\":\"Eurotrail\"},\"image\":{\"@id\":\"https:\\\/\\\/eurotrail.info\\\/#\\\/schema\\\/logo\\\/image\\\/\"}}]}<\/script>\n<!-- \/ Yoast SEO plugin. -->","yoast_head_json":{"title":"Tivo \u2013 wiederaufladbare Campinglampe - Eurotrail","description":"Tivo \u2013 wiederaufladbare CampinglampeDiese stilvolle, wiederaufladbare Lampe besticht durch ihren Eisenrahmen und die charakteristische Haube.","robots":{"index":"index","follow":"follow","max-snippet":"max-snippet:-1","max-image-preview":"max-image-preview:large","max-video-preview":"max-video-preview:-1"},"canonical":"https:\/\/eurotrail.info\/de\/producten\/campingleuchten\/tivo-wiederaufladbare-campinglampe\/","og_locale":"de_DE","og_type":"article","og_title":"Tivo \u2013 wiederaufladbare Campinglampe - Eurotrail","og_description":"Tivo \u2013 wiederaufladbare CampinglampeDiese stilvolle, wiederaufladbare Lampe besticht durch ihren Eisenrahmen und die charakteristische Haube.","og_url":"https:\/\/eurotrail.info\/de\/producten\/campingleuchten\/tivo-wiederaufladbare-campinglampe\/","og_site_name":"Eurotrail","article_modified_time":"2026-03-19T14:22:26+00:00","og_image":[{"width":1565,"height":2560,"url":"https:\/\/eurotrail.info\/wp\/wp-content\/uploads\/2026\/01\/bolletje-zand-1-scaled.jpg","type":"image\/jpeg"}],"twitter_card":"summary_large_image","twitter_misc":{"Gesch\u00e4tzte Lesezeit":"1\u00a0Minute"},"schema":{"@context":"https:\/\/schema.org","@graph":[{"@type":"WebPage","@id":"https:\/\/eurotrail.info\/de\/producten\/campingleuchten\/tivo-wiederaufladbare-campinglampe\/","url":"https:\/\/eurotrail.info\/de\/producten\/campingleuchten\/tivo-wiederaufladbare-campinglampe\/","name":"Tivo \u2013 wiederaufladbare Campinglampe - Eurotrail","isPartOf":{"@id":"https:\/\/eurotrail.info\/#website"},"primaryImageOfPage":{"@id":"https:\/\/eurotrail.info\/de\/producten\/campingleuchten\/tivo-wiederaufladbare-campinglampe\/#primaryimage"},"image":{"@id":"https:\/\/eurotrail.info\/de\/producten\/campingleuchten\/tivo-wiederaufladbare-campinglampe\/#primaryimage"},"thumbnailUrl":"https:\/\/eurotrail.info\/wp\/wp-content\/uploads\/2026\/01\/bolletje-zand-1-scaled.jpg","datePublished":"2026-01-07T12:25:39+00:00","dateModified":"2026-03-19T14:22:26+00:00","description":"Tivo \u2013 wiederaufladbare CampinglampeDiese stilvolle, wiederaufladbare Lampe besticht durch ihren Eisenrahmen und die charakteristische Haube.","breadcrumb":{"@id":"https:\/\/eurotrail.info\/de\/producten\/campingleuchten\/tivo-wiederaufladbare-campinglampe\/#breadcrumb"},"inLanguage":"de","potentialAction":[{"@type":"ReadAction","target":["https:\/\/eurotrail.info\/de\/producten\/campingleuchten\/tivo-wiederaufladbare-campinglampe\/"]}]},{"@type":"ImageObject","inLanguage":"de","@id":"https:\/\/eurotrail.info\/de\/producten\/campingleuchten\/tivo-wiederaufladbare-campinglampe\/#primaryimage","url":"https:\/\/eurotrail.info\/wp\/wp-content\/uploads\/2026\/01\/bolletje-zand-1-scaled.jpg","contentUrl":"https:\/\/eurotrail.info\/wp\/wp-content\/uploads\/2026\/01\/bolletje-zand-1-scaled.jpg","width":1565,"height":2560},{"@type":"BreadcrumbList","@id":"https:\/\/eurotrail.info\/de\/producten\/campingleuchten\/tivo-wiederaufladbare-campinglampe\/#breadcrumb","itemListElement":[{"@type":"ListItem","position":1,"name":"Home","item":"https:\/\/eurotrail.info\/de\/"},{"@type":"ListItem","position":2,"name":"Produkte","item":"https:\/\/eurotrail.info\/de\/produkte\/"},{"@type":"ListItem","position":3,"name":"Tivo \u2013 wiederaufladbare Campinglampe"}]},{"@type":"WebSite","@id":"https:\/\/eurotrail.info\/#website","url":"https:\/\/eurotrail.info\/","name":"Eurotrail","description":"","publisher":{"@id":"https:\/\/eurotrail.info\/#organization"},"potentialAction":[{"@type":"SearchAction","target":{"@type":"EntryPoint","urlTemplate":"https:\/\/eurotrail.info\/?s={search_term_string}"},"query-input":{"@type":"PropertyValueSpecification","valueRequired":true,"valueName":"search_term_string"}}],"inLanguage":"de"},{"@type":"Organization","@id":"https:\/\/eurotrail.info\/#organization","name":"Eurotrail","url":"https:\/\/eurotrail.info\/","logo":{"@type":"ImageObject","inLanguage":"de","@id":"https:\/\/eurotrail.info\/#\/schema\/logo\/image\/","url":"https:\/\/eurotrail.info\/wp\/wp-content\/uploads\/2023\/07\/ET-logo-quote_NL-scaled.jpg","contentUrl":"https:\/\/eurotrail.info\/wp\/wp-content\/uploads\/2023\/07\/ET-logo-quote_NL-scaled.jpg","width":2560,"height":675,"caption":"Eurotrail"},"image":{"@id":"https:\/\/eurotrail.info\/#\/schema\/logo\/image\/"}}]}},"_links":{"self":[{"href":"https:\/\/eurotrail.info\/de\/wp-json\/wp\/v2\/product\/28540","targetHints":{"allow":["GET"]}}],"collection":[{"href":"https:\/\/eurotrail.info\/de\/wp-json\/wp\/v2\/product"}],"about":[{"href":"https:\/\/eurotrail.info\/de\/wp-json\/wp\/v2\/types\/product"}],"replies":[{"embeddable":true,"href":"https:\/\/eurotrail.info\/de\/wp-json\/wp\/v2\/comments?post=28540"}],"wp:featuredmedia":[{"embeddable":true,"href":"https:\/\/eurotrail.info\/de\/wp-json\/wp\/v2\/media\/28251"}],"wp:attachment":[{"href":"https:\/\/eurotrail.info\/de\/wp-json\/wp\/v2\/media?parent=28540"}],"wp:term":[{"taxonomy":"product_brand","embeddable":true,"href":"https:\/\/eurotrail.info\/de\/wp-json\/wp\/v2\/product_brand?post=28540"},{"taxonomy":"product_cat","embeddable":true,"href":"https:\/\/eurotrail.info\/de\/wp-json\/wp\/v2\/product_cat?post=28540"},{"taxonomy":"product_tag","embeddable":true,"href":"https:\/\/eurotrail.info\/de\/wp-json\/wp\/v2\/product_tag?post=28540"}],"curies":[{"name":"wp","href":"https:\/\/api.w.org\/{rel}","templated":true}]}}