{"id":28547,"date":"2026-01-07T12:21:11","date_gmt":"2026-01-07T11:21:11","guid":{"rendered":"https:\/\/eurotrail.info\/?post_type=product&#038;p=28547"},"modified":"2026-01-08T11:16:02","modified_gmt":"2026-01-08T10:16:02","slug":"stone-bratpfanne-mit-abnehmbarem-griff","status":"publish","type":"product","link":"https:\/\/eurotrail.info\/de\/producten\/haushaltartikel\/brat-und-wokpfanne\/stone-bratpfanne-mit-abnehmbarem-griff\/","title":{"rendered":"Stone, Bratpfanne mit abnehmbarem Griff"},"content":{"rendered":"<p><strong>Bratpfanne mit abnehmbarem Griff (geeignet f\u00fcr Induktion)<\/strong><\/p>\n<p>Diese Bratpfanne vereint durchdachtes Design mit hochwertigen Materialien. Dank des abnehmbaren Griffs ben\u00f6tigt sie weniger Platz in K\u00fcchenschr\u00e4nken oder beim Camping und l\u00e4sst sich einfach verstauen und transportieren.<br \/>\nDie Pfanne ist f\u00fcr alle Herdarten geeignet, einschlie\u00dflich Induktion, und in zwei praktischen Gr\u00f6\u00dfen erh\u00e4ltlich.<\/p>\n<p>Die Au\u00dfenseite besticht durch ein stilvolles Stone-Look-Design, w\u00e4hrend die Innenseite mit einer keramischen Antihaftbeschichtung in Marmoroptik versehen ist. Diese langlebige Beschichtung verhindert das Anhaften von Speisen und erleichtert die Reinigung erheblich.<\/p>\n<p>Dank ihrer hervorragenden Antihaft-Eigenschaften ist die Pfanne ideal zum fettarmen Braten \u2013 Sie ben\u00f6tigen deutlich weniger \u00d6l oder Butter. Ob Fleisch, Fisch oder Gem\u00fcse: Mit dieser Pfanne kochen Sie ges\u00fcnder und m\u00fchelos.<\/p>\n<p>Material: 3003 Aluminium mit Induktionsboden aus Stahl, Griff aus Bakelit<\/p>\n<p>\u00d8 24 x 4,8 cm, Gewicht: 695 gr.<br \/>\n\u00d8 28 x 5,3 cm, Gewicht: 842 gr.<\/p>\n","protected":false},"excerpt":{"rendered":"<p>Bratpfanne mit abnehmbarem Griff (geeignet f\u00fcr Induktion) Diese Bratpfanne vereint durchdachtes Design mit hochwertigen Materialien. Dank des abnehmbaren Griffs ben\u00f6tigt sie weniger Platz in K\u00fcchenschr\u00e4nken&hellip;<\/p>\n","protected":false},"featured_media":28189,"comment_status":"open","ping_status":"closed","template":"","meta":{"_acf_changed":false},"product_brand":[],"product_cat":[202,78],"product_tag":[],"class_list":{"0":"post-28547","1":"product","2":"type-product","3":"status-publish","4":"has-post-thumbnail","6":"product_cat-brat-und-wokpfanne","7":"product_cat-haushaltartikel","9":"first","10":"instock","11":"shipping-taxable","12":"product-type-simple"},"acf":[],"yoast_head":"<!-- This site is optimized with the Yoast SEO plugin v27.3 - https:\/\/yoast.com\/product\/yoast-seo-wordpress\/ -->\n<title>Stone, Bratpfanne mit abnehmbarem Griff - Eurotrail<\/title>\n<meta name=\"description\" content=\"Diese Bratpfanne vereint durchdachtes Design mit hochwertigen Materialien. Dank des abnehmbaren Griffs ben\u00f6tigt sie weniger Platz in K\u00fcchenschr\u00e4nken oder beim Camping und l\u00e4sst sich einfach verstauen und transportieren.\" \/>\n<meta name=\"robots\" content=\"index, follow, max-snippet:-1, max-image-preview:large, max-video-preview:-1\" \/>\n<link rel=\"canonical\" href=\"https:\/\/eurotrail.info\/de\/producten\/haushaltartikel\/brat-und-wokpfanne\/stone-bratpfanne-mit-abnehmbarem-griff\/\" \/>\n<meta property=\"og:locale\" content=\"de_DE\" \/>\n<meta property=\"og:type\" content=\"article\" \/>\n<meta property=\"og:title\" content=\"Stone, Bratpfanne mit abnehmbarem Griff - Eurotrail\" \/>\n<meta property=\"og:description\" content=\"Diese Bratpfanne vereint durchdachtes Design mit hochwertigen Materialien. Dank des abnehmbaren Griffs ben\u00f6tigt sie weniger Platz in K\u00fcchenschr\u00e4nken oder beim Camping und l\u00e4sst sich einfach verstauen und transportieren.\" \/>\n<meta property=\"og:url\" content=\"https:\/\/eurotrail.info\/de\/producten\/haushaltartikel\/brat-und-wokpfanne\/stone-bratpfanne-mit-abnehmbarem-griff\/\" \/>\n<meta property=\"og:site_name\" content=\"Eurotrail\" \/>\n<meta property=\"article:modified_time\" content=\"2026-01-08T10:16:02+00:00\" \/>\n<meta property=\"og:image\" content=\"https:\/\/eurotrail.info\/wp\/wp-content\/uploads\/2026\/01\/ETKW5551_Koekepan-Stone-scaled.jpg\" \/>\n\t<meta property=\"og:image:width\" content=\"2560\" \/>\n\t<meta property=\"og:image:height\" content=\"706\" \/>\n\t<meta property=\"og:image:type\" content=\"image\/jpeg\" \/>\n<meta name=\"twitter:card\" content=\"summary_large_image\" \/>\n<meta name=\"twitter:label1\" content=\"Gesch\u00e4tzte Lesezeit\" \/>\n\t<meta name=\"twitter:data1\" content=\"1\u00a0Minute\" \/>\n<script type=\"application\/ld+json\" class=\"yoast-schema-graph\">{\"@context\":\"https:\\\/\\\/schema.org\",\"@graph\":[{\"@type\":\"WebPage\",\"@id\":\"https:\\\/\\\/eurotrail.info\\\/de\\\/producten\\\/haushaltartikel\\\/brat-und-wokpfanne\\\/stone-bratpfanne-mit-abnehmbarem-griff\\\/\",\"url\":\"https:\\\/\\\/eurotrail.info\\\/de\\\/producten\\\/haushaltartikel\\\/brat-und-wokpfanne\\\/stone-bratpfanne-mit-abnehmbarem-griff\\\/\",\"name\":\"Stone, Bratpfanne mit abnehmbarem Griff - Eurotrail\",\"isPartOf\":{\"@id\":\"https:\\\/\\\/eurotrail.info\\\/#website\"},\"primaryImageOfPage\":{\"@id\":\"https:\\\/\\\/eurotrail.info\\\/de\\\/producten\\\/haushaltartikel\\\/brat-und-wokpfanne\\\/stone-bratpfanne-mit-abnehmbarem-griff\\\/#primaryimage\"},\"image\":{\"@id\":\"https:\\\/\\\/eurotrail.info\\\/de\\\/producten\\\/haushaltartikel\\\/brat-und-wokpfanne\\\/stone-bratpfanne-mit-abnehmbarem-griff\\\/#primaryimage\"},\"thumbnailUrl\":\"https:\\\/\\\/eurotrail.info\\\/wp\\\/wp-content\\\/uploads\\\/2026\\\/01\\\/ETKW5551_Koekepan-Stone-scaled.jpg\",\"datePublished\":\"2026-01-07T11:21:11+00:00\",\"dateModified\":\"2026-01-08T10:16:02+00:00\",\"description\":\"Diese Bratpfanne vereint durchdachtes Design mit hochwertigen Materialien. Dank des abnehmbaren Griffs ben\u00f6tigt sie weniger Platz in K\u00fcchenschr\u00e4nken oder beim Camping und l\u00e4sst sich einfach verstauen und transportieren.\",\"breadcrumb\":{\"@id\":\"https:\\\/\\\/eurotrail.info\\\/de\\\/producten\\\/haushaltartikel\\\/brat-und-wokpfanne\\\/stone-bratpfanne-mit-abnehmbarem-griff\\\/#breadcrumb\"},\"inLanguage\":\"de\",\"potentialAction\":[{\"@type\":\"ReadAction\",\"target\":[\"https:\\\/\\\/eurotrail.info\\\/de\\\/producten\\\/haushaltartikel\\\/brat-und-wokpfanne\\\/stone-bratpfanne-mit-abnehmbarem-griff\\\/\"]}]},{\"@type\":\"ImageObject\",\"inLanguage\":\"de\",\"@id\":\"https:\\\/\\\/eurotrail.info\\\/de\\\/producten\\\/haushaltartikel\\\/brat-und-wokpfanne\\\/stone-bratpfanne-mit-abnehmbarem-griff\\\/#primaryimage\",\"url\":\"https:\\\/\\\/eurotrail.info\\\/wp\\\/wp-content\\\/uploads\\\/2026\\\/01\\\/ETKW5551_Koekepan-Stone-scaled.jpg\",\"contentUrl\":\"https:\\\/\\\/eurotrail.info\\\/wp\\\/wp-content\\\/uploads\\\/2026\\\/01\\\/ETKW5551_Koekepan-Stone-scaled.jpg\",\"width\":2560,\"height\":706},{\"@type\":\"BreadcrumbList\",\"@id\":\"https:\\\/\\\/eurotrail.info\\\/de\\\/producten\\\/haushaltartikel\\\/brat-und-wokpfanne\\\/stone-bratpfanne-mit-abnehmbarem-griff\\\/#breadcrumb\",\"itemListElement\":[{\"@type\":\"ListItem\",\"position\":1,\"name\":\"Home\",\"item\":\"https:\\\/\\\/eurotrail.info\\\/de\\\/\"},{\"@type\":\"ListItem\",\"position\":2,\"name\":\"Produkte\",\"item\":\"https:\\\/\\\/eurotrail.info\\\/de\\\/produkte\\\/\"},{\"@type\":\"ListItem\",\"position\":3,\"name\":\"Stone, Bratpfanne mit abnehmbarem Griff\"}]},{\"@type\":\"WebSite\",\"@id\":\"https:\\\/\\\/eurotrail.info\\\/#website\",\"url\":\"https:\\\/\\\/eurotrail.info\\\/\",\"name\":\"Eurotrail\",\"description\":\"\",\"publisher\":{\"@id\":\"https:\\\/\\\/eurotrail.info\\\/#organization\"},\"potentialAction\":[{\"@type\":\"SearchAction\",\"target\":{\"@type\":\"EntryPoint\",\"urlTemplate\":\"https:\\\/\\\/eurotrail.info\\\/?s={search_term_string}\"},\"query-input\":{\"@type\":\"PropertyValueSpecification\",\"valueRequired\":true,\"valueName\":\"search_term_string\"}}],\"inLanguage\":\"de\"},{\"@type\":\"Organization\",\"@id\":\"https:\\\/\\\/eurotrail.info\\\/#organization\",\"name\":\"Eurotrail\",\"url\":\"https:\\\/\\\/eurotrail.info\\\/\",\"logo\":{\"@type\":\"ImageObject\",\"inLanguage\":\"de\",\"@id\":\"https:\\\/\\\/eurotrail.info\\\/#\\\/schema\\\/logo\\\/image\\\/\",\"url\":\"https:\\\/\\\/eurotrail.info\\\/wp\\\/wp-content\\\/uploads\\\/2023\\\/07\\\/ET-logo-quote_NL-scaled.jpg\",\"contentUrl\":\"https:\\\/\\\/eurotrail.info\\\/wp\\\/wp-content\\\/uploads\\\/2023\\\/07\\\/ET-logo-quote_NL-scaled.jpg\",\"width\":2560,\"height\":675,\"caption\":\"Eurotrail\"},\"image\":{\"@id\":\"https:\\\/\\\/eurotrail.info\\\/#\\\/schema\\\/logo\\\/image\\\/\"}}]}<\/script>\n<!-- \/ Yoast SEO plugin. -->","yoast_head_json":{"title":"Stone, Bratpfanne mit abnehmbarem Griff - Eurotrail","description":"Diese Bratpfanne vereint durchdachtes Design mit hochwertigen Materialien. Dank des abnehmbaren Griffs ben\u00f6tigt sie weniger Platz in K\u00fcchenschr\u00e4nken oder beim Camping und l\u00e4sst sich einfach verstauen und transportieren.","robots":{"index":"index","follow":"follow","max-snippet":"max-snippet:-1","max-image-preview":"max-image-preview:large","max-video-preview":"max-video-preview:-1"},"canonical":"https:\/\/eurotrail.info\/de\/producten\/haushaltartikel\/brat-und-wokpfanne\/stone-bratpfanne-mit-abnehmbarem-griff\/","og_locale":"de_DE","og_type":"article","og_title":"Stone, Bratpfanne mit abnehmbarem Griff - Eurotrail","og_description":"Diese Bratpfanne vereint durchdachtes Design mit hochwertigen Materialien. Dank des abnehmbaren Griffs ben\u00f6tigt sie weniger Platz in K\u00fcchenschr\u00e4nken oder beim Camping und l\u00e4sst sich einfach verstauen und transportieren.","og_url":"https:\/\/eurotrail.info\/de\/producten\/haushaltartikel\/brat-und-wokpfanne\/stone-bratpfanne-mit-abnehmbarem-griff\/","og_site_name":"Eurotrail","article_modified_time":"2026-01-08T10:16:02+00:00","og_image":[{"width":2560,"height":706,"url":"https:\/\/eurotrail.info\/wp\/wp-content\/uploads\/2026\/01\/ETKW5551_Koekepan-Stone-scaled.jpg","type":"image\/jpeg"}],"twitter_card":"summary_large_image","twitter_misc":{"Gesch\u00e4tzte Lesezeit":"1\u00a0Minute"},"schema":{"@context":"https:\/\/schema.org","@graph":[{"@type":"WebPage","@id":"https:\/\/eurotrail.info\/de\/producten\/haushaltartikel\/brat-und-wokpfanne\/stone-bratpfanne-mit-abnehmbarem-griff\/","url":"https:\/\/eurotrail.info\/de\/producten\/haushaltartikel\/brat-und-wokpfanne\/stone-bratpfanne-mit-abnehmbarem-griff\/","name":"Stone, Bratpfanne mit abnehmbarem Griff - Eurotrail","isPartOf":{"@id":"https:\/\/eurotrail.info\/#website"},"primaryImageOfPage":{"@id":"https:\/\/eurotrail.info\/de\/producten\/haushaltartikel\/brat-und-wokpfanne\/stone-bratpfanne-mit-abnehmbarem-griff\/#primaryimage"},"image":{"@id":"https:\/\/eurotrail.info\/de\/producten\/haushaltartikel\/brat-und-wokpfanne\/stone-bratpfanne-mit-abnehmbarem-griff\/#primaryimage"},"thumbnailUrl":"https:\/\/eurotrail.info\/wp\/wp-content\/uploads\/2026\/01\/ETKW5551_Koekepan-Stone-scaled.jpg","datePublished":"2026-01-07T11:21:11+00:00","dateModified":"2026-01-08T10:16:02+00:00","description":"Diese Bratpfanne vereint durchdachtes Design mit hochwertigen Materialien. Dank des abnehmbaren Griffs ben\u00f6tigt sie weniger Platz in K\u00fcchenschr\u00e4nken oder beim Camping und l\u00e4sst sich einfach verstauen und transportieren.","breadcrumb":{"@id":"https:\/\/eurotrail.info\/de\/producten\/haushaltartikel\/brat-und-wokpfanne\/stone-bratpfanne-mit-abnehmbarem-griff\/#breadcrumb"},"inLanguage":"de","potentialAction":[{"@type":"ReadAction","target":["https:\/\/eurotrail.info\/de\/producten\/haushaltartikel\/brat-und-wokpfanne\/stone-bratpfanne-mit-abnehmbarem-griff\/"]}]},{"@type":"ImageObject","inLanguage":"de","@id":"https:\/\/eurotrail.info\/de\/producten\/haushaltartikel\/brat-und-wokpfanne\/stone-bratpfanne-mit-abnehmbarem-griff\/#primaryimage","url":"https:\/\/eurotrail.info\/wp\/wp-content\/uploads\/2026\/01\/ETKW5551_Koekepan-Stone-scaled.jpg","contentUrl":"https:\/\/eurotrail.info\/wp\/wp-content\/uploads\/2026\/01\/ETKW5551_Koekepan-Stone-scaled.jpg","width":2560,"height":706},{"@type":"BreadcrumbList","@id":"https:\/\/eurotrail.info\/de\/producten\/haushaltartikel\/brat-und-wokpfanne\/stone-bratpfanne-mit-abnehmbarem-griff\/#breadcrumb","itemListElement":[{"@type":"ListItem","position":1,"name":"Home","item":"https:\/\/eurotrail.info\/de\/"},{"@type":"ListItem","position":2,"name":"Produkte","item":"https:\/\/eurotrail.info\/de\/produkte\/"},{"@type":"ListItem","position":3,"name":"Stone, Bratpfanne mit abnehmbarem Griff"}]},{"@type":"WebSite","@id":"https:\/\/eurotrail.info\/#website","url":"https:\/\/eurotrail.info\/","name":"Eurotrail","description":"","publisher":{"@id":"https:\/\/eurotrail.info\/#organization"},"potentialAction":[{"@type":"SearchAction","target":{"@type":"EntryPoint","urlTemplate":"https:\/\/eurotrail.info\/?s={search_term_string}"},"query-input":{"@type":"PropertyValueSpecification","valueRequired":true,"valueName":"search_term_string"}}],"inLanguage":"de"},{"@type":"Organization","@id":"https:\/\/eurotrail.info\/#organization","name":"Eurotrail","url":"https:\/\/eurotrail.info\/","logo":{"@type":"ImageObject","inLanguage":"de","@id":"https:\/\/eurotrail.info\/#\/schema\/logo\/image\/","url":"https:\/\/eurotrail.info\/wp\/wp-content\/uploads\/2023\/07\/ET-logo-quote_NL-scaled.jpg","contentUrl":"https:\/\/eurotrail.info\/wp\/wp-content\/uploads\/2023\/07\/ET-logo-quote_NL-scaled.jpg","width":2560,"height":675,"caption":"Eurotrail"},"image":{"@id":"https:\/\/eurotrail.info\/#\/schema\/logo\/image\/"}}]}},"_links":{"self":[{"href":"https:\/\/eurotrail.info\/de\/wp-json\/wp\/v2\/product\/28547","targetHints":{"allow":["GET"]}}],"collection":[{"href":"https:\/\/eurotrail.info\/de\/wp-json\/wp\/v2\/product"}],"about":[{"href":"https:\/\/eurotrail.info\/de\/wp-json\/wp\/v2\/types\/product"}],"replies":[{"embeddable":true,"href":"https:\/\/eurotrail.info\/de\/wp-json\/wp\/v2\/comments?post=28547"}],"wp:featuredmedia":[{"embeddable":true,"href":"https:\/\/eurotrail.info\/de\/wp-json\/wp\/v2\/media\/28189"}],"wp:attachment":[{"href":"https:\/\/eurotrail.info\/de\/wp-json\/wp\/v2\/media?parent=28547"}],"wp:term":[{"taxonomy":"product_brand","embeddable":true,"href":"https:\/\/eurotrail.info\/de\/wp-json\/wp\/v2\/product_brand?post=28547"},{"taxonomy":"product_cat","embeddable":true,"href":"https:\/\/eurotrail.info\/de\/wp-json\/wp\/v2\/product_cat?post=28547"},{"taxonomy":"product_tag","embeddable":true,"href":"https:\/\/eurotrail.info\/de\/wp-json\/wp\/v2\/product_tag?post=28547"}],"curies":[{"name":"wp","href":"https:\/\/api.w.org\/{rel}","templated":true}]}}