{"id":28552,"date":"2026-01-07T11:58:21","date_gmt":"2026-01-07T10:58:21","guid":{"rendered":"https:\/\/eurotrail.info\/producten\/unkategorisiert\/havanna-inductie-percolator-koffie-maker-3-6\/"},"modified":"2026-01-13T09:23:32","modified_gmt":"2026-01-13T08:23:32","slug":"havanna-inductie-percolator-koffie-maker-3-6","status":"publish","type":"product","link":"https:\/\/eurotrail.info\/de\/producten\/haushaltartikel\/perkolator-kaffeemaschine\/havanna-inductie-percolator-koffie-maker-3-6\/","title":{"rendered":"Havana Induktions-Perkolator-Kaffeemaschine 3\/6"},"content":{"rendered":"<p>Machen Sie den besten Kaffee mit dem <em>Havana<\/em> Perkolator. Der Perkolator ist f\u00fcr Gas-, Keramik-, Elektro-, und Induktion geeignet.<\/p>\n<p>Die auff\u00e4llige achteckige Aluminiumkanne ist einfach zu bedienen und bereitet Ihren Kaffee auf authentische Weise zu. F\u00fcllen Sie den Boden des Vorratsbeh\u00e4lters mit Wasser, geben Sie gemahlenen Kaffee in den Filter, schrauben Sie ihn zusammen und stellen Sie ihn auf eine W\u00e4rmequelle. Das Wasser sprudelt langsam durch den Kaffee und erzeugt in wenigen Minuten einen reichhaltigen, k\u00f6stlichen, aromatischen Kaffee. Der Aluminiumtopf kann zur einfachen Reinigung zerlegt werden.<\/p>\n<p>Die <em>Havana<\/em> -Serie ist f\u00fcr 3 oder 6 kleine Tassen Kaffee erh\u00e4ltlich. Der Griff ist ergonomisch geformt und bietet daher viel Grip. Sowohl der Griff als auch der Knopf am Deckel bestehen aus Kunststoff und bleiben daher beim Br\u00fchen k\u00fchl.<\/p>\n<p>Material: Aluminium, Boden mit Induktionsfunktion.<\/p>\n<p>Havana Percolator 3, 150 ml, \u00d8 10-16cm x 15 cm, 428 gr, 3 expresso&#8217;s (\u00b1 2 Large)<br \/>\nHavana Percolator 6, 350 ml, \u00d810-17cm x 19 cm, 531gr, 6 expresso&#8217;s (\u00b1 3 Large)<\/p>\n<p><a href=\"https:\/\/eurotrail.info\/wp\/wp-content\/uploads\/2023\/12\/ETKW5616-5621-Percolator-manual-24.pdf\">Manual Percolator<\/a><\/p>\n","protected":false},"excerpt":{"rendered":"<p>Machen Sie den besten Kaffee mit dem Havana Perkolator. Der Perkolator ist f\u00fcr Gas-, Keramik-, Elektro-, und Induktion geeignet. Die auff\u00e4llige achteckige Aluminiumkanne ist einfach&hellip;<\/p>\n","protected":false},"featured_media":28156,"comment_status":"open","ping_status":"closed","template":"","meta":{"_acf_changed":false},"product_brand":[],"product_cat":[78,386],"product_tag":[],"class_list":{"0":"post-28552","1":"product","2":"type-product","3":"status-publish","4":"has-post-thumbnail","6":"product_cat-haushaltartikel","7":"product_cat-perkolator-kaffeemaschine","9":"first","10":"instock","11":"shipping-taxable","12":"product-type-simple"},"acf":[],"yoast_head":"<!-- This site is optimized with the Yoast SEO plugin v27.3 - https:\/\/yoast.com\/product\/yoast-seo-wordpress\/ -->\n<title>Havana Induktions-Perkolator-Kaffeemaschine 3\/6 - Eurotrail<\/title>\n<meta name=\"description\" content=\"Machen Sie den besten Kaffee mit dem Havana Perkolator. Der Perkolator ist f\u00fcr Gas-, Keramik-, Elektro-, und Induktion geeignet.\" \/>\n<meta name=\"robots\" content=\"index, follow, max-snippet:-1, max-image-preview:large, max-video-preview:-1\" \/>\n<link rel=\"canonical\" href=\"https:\/\/eurotrail.info\/de\/producten\/haushaltartikel\/perkolator-kaffeemaschine\/havanna-inductie-percolator-koffie-maker-3-6\/\" \/>\n<meta property=\"og:locale\" content=\"de_DE\" \/>\n<meta property=\"og:type\" content=\"article\" \/>\n<meta property=\"og:title\" content=\"Havana Induktions-Perkolator-Kaffeemaschine 3\/6 - Eurotrail\" \/>\n<meta property=\"og:description\" content=\"Machen Sie den besten Kaffee mit dem Havana Perkolator. Der Perkolator ist f\u00fcr Gas-, Keramik-, Elektro-, und Induktion geeignet.\" \/>\n<meta property=\"og:url\" content=\"https:\/\/eurotrail.info\/de\/producten\/haushaltartikel\/perkolator-kaffeemaschine\/havanna-inductie-percolator-koffie-maker-3-6\/\" \/>\n<meta property=\"og:site_name\" content=\"Eurotrail\" \/>\n<meta property=\"article:modified_time\" content=\"2026-01-13T08:23:32+00:00\" \/>\n<meta property=\"og:image\" content=\"https:\/\/eurotrail.info\/wp\/wp-content\/uploads\/2026\/01\/perco-zwart-1-scaled.jpg\" \/>\n\t<meta property=\"og:image:width\" content=\"1809\" \/>\n\t<meta property=\"og:image:height\" content=\"2560\" \/>\n\t<meta property=\"og:image:type\" content=\"image\/jpeg\" \/>\n<meta name=\"twitter:card\" content=\"summary_large_image\" \/>\n<meta name=\"twitter:label1\" content=\"Gesch\u00e4tzte Lesezeit\" \/>\n\t<meta name=\"twitter:data1\" content=\"2\u00a0Minuten\" \/>\n<script type=\"application\/ld+json\" class=\"yoast-schema-graph\">{\"@context\":\"https:\\\/\\\/schema.org\",\"@graph\":[{\"@type\":\"WebPage\",\"@id\":\"https:\\\/\\\/eurotrail.info\\\/de\\\/producten\\\/haushaltartikel\\\/perkolator-kaffeemaschine\\\/havanna-inductie-percolator-koffie-maker-3-6\\\/\",\"url\":\"https:\\\/\\\/eurotrail.info\\\/de\\\/producten\\\/haushaltartikel\\\/perkolator-kaffeemaschine\\\/havanna-inductie-percolator-koffie-maker-3-6\\\/\",\"name\":\"Havana Induktions-Perkolator-Kaffeemaschine 3\\\/6 - Eurotrail\",\"isPartOf\":{\"@id\":\"https:\\\/\\\/eurotrail.info\\\/#website\"},\"primaryImageOfPage\":{\"@id\":\"https:\\\/\\\/eurotrail.info\\\/de\\\/producten\\\/haushaltartikel\\\/perkolator-kaffeemaschine\\\/havanna-inductie-percolator-koffie-maker-3-6\\\/#primaryimage\"},\"image\":{\"@id\":\"https:\\\/\\\/eurotrail.info\\\/de\\\/producten\\\/haushaltartikel\\\/perkolator-kaffeemaschine\\\/havanna-inductie-percolator-koffie-maker-3-6\\\/#primaryimage\"},\"thumbnailUrl\":\"https:\\\/\\\/eurotrail.info\\\/wp\\\/wp-content\\\/uploads\\\/2026\\\/01\\\/perco-zwart-1-scaled.jpg\",\"datePublished\":\"2026-01-07T10:58:21+00:00\",\"dateModified\":\"2026-01-13T08:23:32+00:00\",\"description\":\"Machen Sie den besten Kaffee mit dem Havana Perkolator. Der Perkolator ist f\u00fcr Gas-, Keramik-, Elektro-, und Induktion geeignet.\",\"breadcrumb\":{\"@id\":\"https:\\\/\\\/eurotrail.info\\\/de\\\/producten\\\/haushaltartikel\\\/perkolator-kaffeemaschine\\\/havanna-inductie-percolator-koffie-maker-3-6\\\/#breadcrumb\"},\"inLanguage\":\"de\",\"potentialAction\":[{\"@type\":\"ReadAction\",\"target\":[\"https:\\\/\\\/eurotrail.info\\\/de\\\/producten\\\/haushaltartikel\\\/perkolator-kaffeemaschine\\\/havanna-inductie-percolator-koffie-maker-3-6\\\/\"]}]},{\"@type\":\"ImageObject\",\"inLanguage\":\"de\",\"@id\":\"https:\\\/\\\/eurotrail.info\\\/de\\\/producten\\\/haushaltartikel\\\/perkolator-kaffeemaschine\\\/havanna-inductie-percolator-koffie-maker-3-6\\\/#primaryimage\",\"url\":\"https:\\\/\\\/eurotrail.info\\\/wp\\\/wp-content\\\/uploads\\\/2026\\\/01\\\/perco-zwart-1-scaled.jpg\",\"contentUrl\":\"https:\\\/\\\/eurotrail.info\\\/wp\\\/wp-content\\\/uploads\\\/2026\\\/01\\\/perco-zwart-1-scaled.jpg\",\"width\":1809,\"height\":2560},{\"@type\":\"BreadcrumbList\",\"@id\":\"https:\\\/\\\/eurotrail.info\\\/de\\\/producten\\\/haushaltartikel\\\/perkolator-kaffeemaschine\\\/havanna-inductie-percolator-koffie-maker-3-6\\\/#breadcrumb\",\"itemListElement\":[{\"@type\":\"ListItem\",\"position\":1,\"name\":\"Home\",\"item\":\"https:\\\/\\\/eurotrail.info\\\/de\\\/\"},{\"@type\":\"ListItem\",\"position\":2,\"name\":\"Produkte\",\"item\":\"https:\\\/\\\/eurotrail.info\\\/de\\\/produkte\\\/\"},{\"@type\":\"ListItem\",\"position\":3,\"name\":\"Havana Induktions-Perkolator-Kaffeemaschine 3\\\/6\"}]},{\"@type\":\"WebSite\",\"@id\":\"https:\\\/\\\/eurotrail.info\\\/#website\",\"url\":\"https:\\\/\\\/eurotrail.info\\\/\",\"name\":\"Eurotrail\",\"description\":\"\",\"publisher\":{\"@id\":\"https:\\\/\\\/eurotrail.info\\\/#organization\"},\"potentialAction\":[{\"@type\":\"SearchAction\",\"target\":{\"@type\":\"EntryPoint\",\"urlTemplate\":\"https:\\\/\\\/eurotrail.info\\\/?s={search_term_string}\"},\"query-input\":{\"@type\":\"PropertyValueSpecification\",\"valueRequired\":true,\"valueName\":\"search_term_string\"}}],\"inLanguage\":\"de\"},{\"@type\":\"Organization\",\"@id\":\"https:\\\/\\\/eurotrail.info\\\/#organization\",\"name\":\"Eurotrail\",\"url\":\"https:\\\/\\\/eurotrail.info\\\/\",\"logo\":{\"@type\":\"ImageObject\",\"inLanguage\":\"de\",\"@id\":\"https:\\\/\\\/eurotrail.info\\\/#\\\/schema\\\/logo\\\/image\\\/\",\"url\":\"https:\\\/\\\/eurotrail.info\\\/wp\\\/wp-content\\\/uploads\\\/2023\\\/07\\\/ET-logo-quote_NL-scaled.jpg\",\"contentUrl\":\"https:\\\/\\\/eurotrail.info\\\/wp\\\/wp-content\\\/uploads\\\/2023\\\/07\\\/ET-logo-quote_NL-scaled.jpg\",\"width\":2560,\"height\":675,\"caption\":\"Eurotrail\"},\"image\":{\"@id\":\"https:\\\/\\\/eurotrail.info\\\/#\\\/schema\\\/logo\\\/image\\\/\"}}]}<\/script>\n<!-- \/ Yoast SEO plugin. -->","yoast_head_json":{"title":"Havana Induktions-Perkolator-Kaffeemaschine 3\/6 - Eurotrail","description":"Machen Sie den besten Kaffee mit dem Havana Perkolator. Der Perkolator ist f\u00fcr Gas-, Keramik-, Elektro-, und Induktion geeignet.","robots":{"index":"index","follow":"follow","max-snippet":"max-snippet:-1","max-image-preview":"max-image-preview:large","max-video-preview":"max-video-preview:-1"},"canonical":"https:\/\/eurotrail.info\/de\/producten\/haushaltartikel\/perkolator-kaffeemaschine\/havanna-inductie-percolator-koffie-maker-3-6\/","og_locale":"de_DE","og_type":"article","og_title":"Havana Induktions-Perkolator-Kaffeemaschine 3\/6 - Eurotrail","og_description":"Machen Sie den besten Kaffee mit dem Havana Perkolator. Der Perkolator ist f\u00fcr Gas-, Keramik-, Elektro-, und Induktion geeignet.","og_url":"https:\/\/eurotrail.info\/de\/producten\/haushaltartikel\/perkolator-kaffeemaschine\/havanna-inductie-percolator-koffie-maker-3-6\/","og_site_name":"Eurotrail","article_modified_time":"2026-01-13T08:23:32+00:00","og_image":[{"width":1809,"height":2560,"url":"https:\/\/eurotrail.info\/wp\/wp-content\/uploads\/2026\/01\/perco-zwart-1-scaled.jpg","type":"image\/jpeg"}],"twitter_card":"summary_large_image","twitter_misc":{"Gesch\u00e4tzte Lesezeit":"2\u00a0Minuten"},"schema":{"@context":"https:\/\/schema.org","@graph":[{"@type":"WebPage","@id":"https:\/\/eurotrail.info\/de\/producten\/haushaltartikel\/perkolator-kaffeemaschine\/havanna-inductie-percolator-koffie-maker-3-6\/","url":"https:\/\/eurotrail.info\/de\/producten\/haushaltartikel\/perkolator-kaffeemaschine\/havanna-inductie-percolator-koffie-maker-3-6\/","name":"Havana Induktions-Perkolator-Kaffeemaschine 3\/6 - Eurotrail","isPartOf":{"@id":"https:\/\/eurotrail.info\/#website"},"primaryImageOfPage":{"@id":"https:\/\/eurotrail.info\/de\/producten\/haushaltartikel\/perkolator-kaffeemaschine\/havanna-inductie-percolator-koffie-maker-3-6\/#primaryimage"},"image":{"@id":"https:\/\/eurotrail.info\/de\/producten\/haushaltartikel\/perkolator-kaffeemaschine\/havanna-inductie-percolator-koffie-maker-3-6\/#primaryimage"},"thumbnailUrl":"https:\/\/eurotrail.info\/wp\/wp-content\/uploads\/2026\/01\/perco-zwart-1-scaled.jpg","datePublished":"2026-01-07T10:58:21+00:00","dateModified":"2026-01-13T08:23:32+00:00","description":"Machen Sie den besten Kaffee mit dem Havana Perkolator. Der Perkolator ist f\u00fcr Gas-, Keramik-, Elektro-, und Induktion geeignet.","breadcrumb":{"@id":"https:\/\/eurotrail.info\/de\/producten\/haushaltartikel\/perkolator-kaffeemaschine\/havanna-inductie-percolator-koffie-maker-3-6\/#breadcrumb"},"inLanguage":"de","potentialAction":[{"@type":"ReadAction","target":["https:\/\/eurotrail.info\/de\/producten\/haushaltartikel\/perkolator-kaffeemaschine\/havanna-inductie-percolator-koffie-maker-3-6\/"]}]},{"@type":"ImageObject","inLanguage":"de","@id":"https:\/\/eurotrail.info\/de\/producten\/haushaltartikel\/perkolator-kaffeemaschine\/havanna-inductie-percolator-koffie-maker-3-6\/#primaryimage","url":"https:\/\/eurotrail.info\/wp\/wp-content\/uploads\/2026\/01\/perco-zwart-1-scaled.jpg","contentUrl":"https:\/\/eurotrail.info\/wp\/wp-content\/uploads\/2026\/01\/perco-zwart-1-scaled.jpg","width":1809,"height":2560},{"@type":"BreadcrumbList","@id":"https:\/\/eurotrail.info\/de\/producten\/haushaltartikel\/perkolator-kaffeemaschine\/havanna-inductie-percolator-koffie-maker-3-6\/#breadcrumb","itemListElement":[{"@type":"ListItem","position":1,"name":"Home","item":"https:\/\/eurotrail.info\/de\/"},{"@type":"ListItem","position":2,"name":"Produkte","item":"https:\/\/eurotrail.info\/de\/produkte\/"},{"@type":"ListItem","position":3,"name":"Havana Induktions-Perkolator-Kaffeemaschine 3\/6"}]},{"@type":"WebSite","@id":"https:\/\/eurotrail.info\/#website","url":"https:\/\/eurotrail.info\/","name":"Eurotrail","description":"","publisher":{"@id":"https:\/\/eurotrail.info\/#organization"},"potentialAction":[{"@type":"SearchAction","target":{"@type":"EntryPoint","urlTemplate":"https:\/\/eurotrail.info\/?s={search_term_string}"},"query-input":{"@type":"PropertyValueSpecification","valueRequired":true,"valueName":"search_term_string"}}],"inLanguage":"de"},{"@type":"Organization","@id":"https:\/\/eurotrail.info\/#organization","name":"Eurotrail","url":"https:\/\/eurotrail.info\/","logo":{"@type":"ImageObject","inLanguage":"de","@id":"https:\/\/eurotrail.info\/#\/schema\/logo\/image\/","url":"https:\/\/eurotrail.info\/wp\/wp-content\/uploads\/2023\/07\/ET-logo-quote_NL-scaled.jpg","contentUrl":"https:\/\/eurotrail.info\/wp\/wp-content\/uploads\/2023\/07\/ET-logo-quote_NL-scaled.jpg","width":2560,"height":675,"caption":"Eurotrail"},"image":{"@id":"https:\/\/eurotrail.info\/#\/schema\/logo\/image\/"}}]}},"_links":{"self":[{"href":"https:\/\/eurotrail.info\/de\/wp-json\/wp\/v2\/product\/28552","targetHints":{"allow":["GET"]}}],"collection":[{"href":"https:\/\/eurotrail.info\/de\/wp-json\/wp\/v2\/product"}],"about":[{"href":"https:\/\/eurotrail.info\/de\/wp-json\/wp\/v2\/types\/product"}],"replies":[{"embeddable":true,"href":"https:\/\/eurotrail.info\/de\/wp-json\/wp\/v2\/comments?post=28552"}],"wp:featuredmedia":[{"embeddable":true,"href":"https:\/\/eurotrail.info\/de\/wp-json\/wp\/v2\/media\/28156"}],"wp:attachment":[{"href":"https:\/\/eurotrail.info\/de\/wp-json\/wp\/v2\/media?parent=28552"}],"wp:term":[{"taxonomy":"product_brand","embeddable":true,"href":"https:\/\/eurotrail.info\/de\/wp-json\/wp\/v2\/product_brand?post=28552"},{"taxonomy":"product_cat","embeddable":true,"href":"https:\/\/eurotrail.info\/de\/wp-json\/wp\/v2\/product_cat?post=28552"},{"taxonomy":"product_tag","embeddable":true,"href":"https:\/\/eurotrail.info\/de\/wp-json\/wp\/v2\/product_tag?post=28552"}],"curies":[{"name":"wp","href":"https:\/\/api.w.org\/{rel}","templated":true}]}}