{"id":28564,"date":"2026-01-07T11:11:24","date_gmt":"2026-01-07T10:11:24","guid":{"rendered":"https:\/\/eurotrail.info\/?post_type=product&#038;p=28564"},"modified":"2026-01-21T08:54:54","modified_gmt":"2026-01-21T07:54:54","slug":"florence-12-teiliges-geschirrset-recycelt","status":"publish","type":"product","link":"https:\/\/eurotrail.info\/de\/producten\/haushaltartikel\/haushalt-geschirr\/florence-12-teiliges-geschirrset-recycelt\/","title":{"rendered":"Florence 12-teiliges Geschirrset (recycelt)"},"content":{"rendered":"<p><strong>RPET-Geschirr \u2013 stilvoll, sicher und verantwortungsbewusst<\/strong><\/p>\n<p>Neues Geschirr aus 100 % recyceltem RPET-Material. Diese innovativen und umweltfreundlichen Produkte werden aus recycelten PET-Wasserflaschen hergestellt und bieten eine nachhaltige Alternative zu herk\u00f6mmlichem Geschirr.<\/p>\n<p>Das RPET-Geschirr ist nicht nur robust und leicht \u2013 ideal f\u00fcr den Einsatz beim Camping \u2013, sondern auch hitzebest\u00e4ndig bis 120 \u00b0C und sp\u00fclmaschinenfest. Dank einer Verst\u00e4rkungstechnologie ist das Geschirr nachhaltiger als herk\u00f6mmliches PET und h\u00e4lt auch bei intensiver t\u00e4glicher Nutzung lange.<\/p>\n<p>Dar\u00fcber hinaus erf\u00fcllt das RPET-Material die strengsten europ\u00e4ischen Lebensmittelsicherheitsstandards (LFGB, EFSA-zertifiziert), ist frei von BPA\/PVC, Weichmachern und Schwermetallen und tr\u00e4gt durch seine Wiederverwendbarkeit und Recyclingf\u00e4higkeit zu einer Kreislaufwirtschaft bei.<\/p>\n<p>Mit diesem Geschirr bieten wir Campingfreunden eine verantwortungsbewusste Wahl, die Komfort, Sicherheit und Nachhaltigkeit m\u00fchelos miteinander verbindet.<\/p>\n<p>Optional sind passende Becher erh\u00e4ltlich.<\/p>\n<p>Material: 82 % RPET, 6 % PP, 12 % Silikate<br \/>\nSpeiseteller \u00d8 27,5 x 2,2 cm, 379 g<br \/>\nKleiner Teller \u00d8 22 x 2,1 cm, 225 g<br \/>\nSch\u00fcssel \u00d8 14 x 5,6 cm, 172 g<\/p>\n","protected":false},"excerpt":{"rendered":"<p>RPET-Geschirr \u2013 stilvoll, sicher und verantwortungsbewusst Neues Geschirr aus 100 % recyceltem RPET-Material. Diese innovativen und umweltfreundlichen Produkte werden aus recycelten PET-Wasserflaschen hergestellt und bieten&hellip;<\/p>\n","protected":false},"featured_media":28117,"comment_status":"open","ping_status":"closed","template":"","meta":{"_acf_changed":false},"product_brand":[],"product_cat":[81,78],"product_tag":[],"class_list":{"0":"post-28564","1":"product","2":"type-product","3":"status-publish","4":"has-post-thumbnail","6":"product_cat-haushalt-geschirr","7":"product_cat-haushaltartikel","9":"first","10":"instock","11":"shipping-taxable","12":"product-type-simple"},"acf":[],"yoast_head":"<!-- This site is optimized with the Yoast SEO plugin v27.3 - https:\/\/yoast.com\/product\/yoast-seo-wordpress\/ -->\n<title>Florence 12-teiliges Geschirrset (recycelt) - Eurotrail<\/title>\n<meta name=\"description\" content=\"Geschirr aus 100 % recyceltem RPET-Material \u2013 eine nachhaltige Alternative zu herk\u00f6mmlichem Geschirr.\" \/>\n<meta name=\"robots\" content=\"index, follow, max-snippet:-1, max-image-preview:large, max-video-preview:-1\" \/>\n<link rel=\"canonical\" href=\"https:\/\/eurotrail.info\/de\/producten\/haushaltartikel\/haushalt-geschirr\/florence-12-teiliges-geschirrset-recycelt\/\" \/>\n<meta property=\"og:locale\" content=\"de_DE\" \/>\n<meta property=\"og:type\" content=\"article\" \/>\n<meta property=\"og:title\" content=\"Florence 12-teiliges Geschirrset (recycelt) - Eurotrail\" \/>\n<meta property=\"og:description\" content=\"Geschirr aus 100 % recyceltem RPET-Material \u2013 eine nachhaltige Alternative zu herk\u00f6mmlichem Geschirr.\" \/>\n<meta property=\"og:url\" content=\"https:\/\/eurotrail.info\/de\/producten\/haushaltartikel\/haushalt-geschirr\/florence-12-teiliges-geschirrset-recycelt\/\" \/>\n<meta property=\"og:site_name\" content=\"Eurotrail\" \/>\n<meta property=\"article:modified_time\" content=\"2026-01-21T07:54:54+00:00\" \/>\n<meta property=\"og:image\" content=\"https:\/\/eurotrail.info\/wp\/wp-content\/uploads\/2026\/01\/set-D2-scaled.jpg\" \/>\n\t<meta property=\"og:image:width\" content=\"2560\" \/>\n\t<meta property=\"og:image:height\" content=\"2320\" \/>\n\t<meta property=\"og:image:type\" content=\"image\/jpeg\" \/>\n<meta name=\"twitter:card\" content=\"summary_large_image\" \/>\n<meta name=\"twitter:label1\" content=\"Gesch\u00e4tzte Lesezeit\" \/>\n\t<meta name=\"twitter:data1\" content=\"1\u00a0Minute\" \/>\n<script type=\"application\/ld+json\" class=\"yoast-schema-graph\">{\"@context\":\"https:\\\/\\\/schema.org\",\"@graph\":[{\"@type\":\"WebPage\",\"@id\":\"https:\\\/\\\/eurotrail.info\\\/de\\\/producten\\\/haushaltartikel\\\/haushalt-geschirr\\\/florence-12-teiliges-geschirrset-recycelt\\\/\",\"url\":\"https:\\\/\\\/eurotrail.info\\\/de\\\/producten\\\/haushaltartikel\\\/haushalt-geschirr\\\/florence-12-teiliges-geschirrset-recycelt\\\/\",\"name\":\"Florence 12-teiliges Geschirrset (recycelt) - Eurotrail\",\"isPartOf\":{\"@id\":\"https:\\\/\\\/eurotrail.info\\\/#website\"},\"primaryImageOfPage\":{\"@id\":\"https:\\\/\\\/eurotrail.info\\\/de\\\/producten\\\/haushaltartikel\\\/haushalt-geschirr\\\/florence-12-teiliges-geschirrset-recycelt\\\/#primaryimage\"},\"image\":{\"@id\":\"https:\\\/\\\/eurotrail.info\\\/de\\\/producten\\\/haushaltartikel\\\/haushalt-geschirr\\\/florence-12-teiliges-geschirrset-recycelt\\\/#primaryimage\"},\"thumbnailUrl\":\"https:\\\/\\\/eurotrail.info\\\/wp\\\/wp-content\\\/uploads\\\/2026\\\/01\\\/set-D2-scaled.jpg\",\"datePublished\":\"2026-01-07T10:11:24+00:00\",\"dateModified\":\"2026-01-21T07:54:54+00:00\",\"description\":\"Geschirr aus 100 % recyceltem RPET-Material \u2013 eine nachhaltige Alternative zu herk\u00f6mmlichem Geschirr.\",\"breadcrumb\":{\"@id\":\"https:\\\/\\\/eurotrail.info\\\/de\\\/producten\\\/haushaltartikel\\\/haushalt-geschirr\\\/florence-12-teiliges-geschirrset-recycelt\\\/#breadcrumb\"},\"inLanguage\":\"de\",\"potentialAction\":[{\"@type\":\"ReadAction\",\"target\":[\"https:\\\/\\\/eurotrail.info\\\/de\\\/producten\\\/haushaltartikel\\\/haushalt-geschirr\\\/florence-12-teiliges-geschirrset-recycelt\\\/\"]}]},{\"@type\":\"ImageObject\",\"inLanguage\":\"de\",\"@id\":\"https:\\\/\\\/eurotrail.info\\\/de\\\/producten\\\/haushaltartikel\\\/haushalt-geschirr\\\/florence-12-teiliges-geschirrset-recycelt\\\/#primaryimage\",\"url\":\"https:\\\/\\\/eurotrail.info\\\/wp\\\/wp-content\\\/uploads\\\/2026\\\/01\\\/set-D2-scaled.jpg\",\"contentUrl\":\"https:\\\/\\\/eurotrail.info\\\/wp\\\/wp-content\\\/uploads\\\/2026\\\/01\\\/set-D2-scaled.jpg\",\"width\":2560,\"height\":2320,\"caption\":\"Duurzaam Camping Tafelservies van 100% Gerecycled Materiaal\"},{\"@type\":\"BreadcrumbList\",\"@id\":\"https:\\\/\\\/eurotrail.info\\\/de\\\/producten\\\/haushaltartikel\\\/haushalt-geschirr\\\/florence-12-teiliges-geschirrset-recycelt\\\/#breadcrumb\",\"itemListElement\":[{\"@type\":\"ListItem\",\"position\":1,\"name\":\"Home\",\"item\":\"https:\\\/\\\/eurotrail.info\\\/de\\\/\"},{\"@type\":\"ListItem\",\"position\":2,\"name\":\"Produkte\",\"item\":\"https:\\\/\\\/eurotrail.info\\\/de\\\/produkte\\\/\"},{\"@type\":\"ListItem\",\"position\":3,\"name\":\"Florence 12-teiliges Geschirrset (recycelt)\"}]},{\"@type\":\"WebSite\",\"@id\":\"https:\\\/\\\/eurotrail.info\\\/#website\",\"url\":\"https:\\\/\\\/eurotrail.info\\\/\",\"name\":\"Eurotrail\",\"description\":\"\",\"publisher\":{\"@id\":\"https:\\\/\\\/eurotrail.info\\\/#organization\"},\"potentialAction\":[{\"@type\":\"SearchAction\",\"target\":{\"@type\":\"EntryPoint\",\"urlTemplate\":\"https:\\\/\\\/eurotrail.info\\\/?s={search_term_string}\"},\"query-input\":{\"@type\":\"PropertyValueSpecification\",\"valueRequired\":true,\"valueName\":\"search_term_string\"}}],\"inLanguage\":\"de\"},{\"@type\":\"Organization\",\"@id\":\"https:\\\/\\\/eurotrail.info\\\/#organization\",\"name\":\"Eurotrail\",\"url\":\"https:\\\/\\\/eurotrail.info\\\/\",\"logo\":{\"@type\":\"ImageObject\",\"inLanguage\":\"de\",\"@id\":\"https:\\\/\\\/eurotrail.info\\\/#\\\/schema\\\/logo\\\/image\\\/\",\"url\":\"https:\\\/\\\/eurotrail.info\\\/wp\\\/wp-content\\\/uploads\\\/2023\\\/07\\\/ET-logo-quote_NL-scaled.jpg\",\"contentUrl\":\"https:\\\/\\\/eurotrail.info\\\/wp\\\/wp-content\\\/uploads\\\/2023\\\/07\\\/ET-logo-quote_NL-scaled.jpg\",\"width\":2560,\"height\":675,\"caption\":\"Eurotrail\"},\"image\":{\"@id\":\"https:\\\/\\\/eurotrail.info\\\/#\\\/schema\\\/logo\\\/image\\\/\"}}]}<\/script>\n<!-- \/ Yoast SEO plugin. -->","yoast_head_json":{"title":"Florence 12-teiliges Geschirrset (recycelt) - Eurotrail","description":"Geschirr aus 100 % recyceltem RPET-Material \u2013 eine nachhaltige Alternative zu herk\u00f6mmlichem Geschirr.","robots":{"index":"index","follow":"follow","max-snippet":"max-snippet:-1","max-image-preview":"max-image-preview:large","max-video-preview":"max-video-preview:-1"},"canonical":"https:\/\/eurotrail.info\/de\/producten\/haushaltartikel\/haushalt-geschirr\/florence-12-teiliges-geschirrset-recycelt\/","og_locale":"de_DE","og_type":"article","og_title":"Florence 12-teiliges Geschirrset (recycelt) - Eurotrail","og_description":"Geschirr aus 100 % recyceltem RPET-Material \u2013 eine nachhaltige Alternative zu herk\u00f6mmlichem Geschirr.","og_url":"https:\/\/eurotrail.info\/de\/producten\/haushaltartikel\/haushalt-geschirr\/florence-12-teiliges-geschirrset-recycelt\/","og_site_name":"Eurotrail","article_modified_time":"2026-01-21T07:54:54+00:00","og_image":[{"width":2560,"height":2320,"url":"https:\/\/eurotrail.info\/wp\/wp-content\/uploads\/2026\/01\/set-D2-scaled.jpg","type":"image\/jpeg"}],"twitter_card":"summary_large_image","twitter_misc":{"Gesch\u00e4tzte Lesezeit":"1\u00a0Minute"},"schema":{"@context":"https:\/\/schema.org","@graph":[{"@type":"WebPage","@id":"https:\/\/eurotrail.info\/de\/producten\/haushaltartikel\/haushalt-geschirr\/florence-12-teiliges-geschirrset-recycelt\/","url":"https:\/\/eurotrail.info\/de\/producten\/haushaltartikel\/haushalt-geschirr\/florence-12-teiliges-geschirrset-recycelt\/","name":"Florence 12-teiliges Geschirrset (recycelt) - Eurotrail","isPartOf":{"@id":"https:\/\/eurotrail.info\/#website"},"primaryImageOfPage":{"@id":"https:\/\/eurotrail.info\/de\/producten\/haushaltartikel\/haushalt-geschirr\/florence-12-teiliges-geschirrset-recycelt\/#primaryimage"},"image":{"@id":"https:\/\/eurotrail.info\/de\/producten\/haushaltartikel\/haushalt-geschirr\/florence-12-teiliges-geschirrset-recycelt\/#primaryimage"},"thumbnailUrl":"https:\/\/eurotrail.info\/wp\/wp-content\/uploads\/2026\/01\/set-D2-scaled.jpg","datePublished":"2026-01-07T10:11:24+00:00","dateModified":"2026-01-21T07:54:54+00:00","description":"Geschirr aus 100 % recyceltem RPET-Material \u2013 eine nachhaltige Alternative zu herk\u00f6mmlichem Geschirr.","breadcrumb":{"@id":"https:\/\/eurotrail.info\/de\/producten\/haushaltartikel\/haushalt-geschirr\/florence-12-teiliges-geschirrset-recycelt\/#breadcrumb"},"inLanguage":"de","potentialAction":[{"@type":"ReadAction","target":["https:\/\/eurotrail.info\/de\/producten\/haushaltartikel\/haushalt-geschirr\/florence-12-teiliges-geschirrset-recycelt\/"]}]},{"@type":"ImageObject","inLanguage":"de","@id":"https:\/\/eurotrail.info\/de\/producten\/haushaltartikel\/haushalt-geschirr\/florence-12-teiliges-geschirrset-recycelt\/#primaryimage","url":"https:\/\/eurotrail.info\/wp\/wp-content\/uploads\/2026\/01\/set-D2-scaled.jpg","contentUrl":"https:\/\/eurotrail.info\/wp\/wp-content\/uploads\/2026\/01\/set-D2-scaled.jpg","width":2560,"height":2320,"caption":"Duurzaam Camping Tafelservies van 100% Gerecycled Materiaal"},{"@type":"BreadcrumbList","@id":"https:\/\/eurotrail.info\/de\/producten\/haushaltartikel\/haushalt-geschirr\/florence-12-teiliges-geschirrset-recycelt\/#breadcrumb","itemListElement":[{"@type":"ListItem","position":1,"name":"Home","item":"https:\/\/eurotrail.info\/de\/"},{"@type":"ListItem","position":2,"name":"Produkte","item":"https:\/\/eurotrail.info\/de\/produkte\/"},{"@type":"ListItem","position":3,"name":"Florence 12-teiliges Geschirrset (recycelt)"}]},{"@type":"WebSite","@id":"https:\/\/eurotrail.info\/#website","url":"https:\/\/eurotrail.info\/","name":"Eurotrail","description":"","publisher":{"@id":"https:\/\/eurotrail.info\/#organization"},"potentialAction":[{"@type":"SearchAction","target":{"@type":"EntryPoint","urlTemplate":"https:\/\/eurotrail.info\/?s={search_term_string}"},"query-input":{"@type":"PropertyValueSpecification","valueRequired":true,"valueName":"search_term_string"}}],"inLanguage":"de"},{"@type":"Organization","@id":"https:\/\/eurotrail.info\/#organization","name":"Eurotrail","url":"https:\/\/eurotrail.info\/","logo":{"@type":"ImageObject","inLanguage":"de","@id":"https:\/\/eurotrail.info\/#\/schema\/logo\/image\/","url":"https:\/\/eurotrail.info\/wp\/wp-content\/uploads\/2023\/07\/ET-logo-quote_NL-scaled.jpg","contentUrl":"https:\/\/eurotrail.info\/wp\/wp-content\/uploads\/2023\/07\/ET-logo-quote_NL-scaled.jpg","width":2560,"height":675,"caption":"Eurotrail"},"image":{"@id":"https:\/\/eurotrail.info\/#\/schema\/logo\/image\/"}}]}},"_links":{"self":[{"href":"https:\/\/eurotrail.info\/de\/wp-json\/wp\/v2\/product\/28564","targetHints":{"allow":["GET"]}}],"collection":[{"href":"https:\/\/eurotrail.info\/de\/wp-json\/wp\/v2\/product"}],"about":[{"href":"https:\/\/eurotrail.info\/de\/wp-json\/wp\/v2\/types\/product"}],"replies":[{"embeddable":true,"href":"https:\/\/eurotrail.info\/de\/wp-json\/wp\/v2\/comments?post=28564"}],"wp:featuredmedia":[{"embeddable":true,"href":"https:\/\/eurotrail.info\/de\/wp-json\/wp\/v2\/media\/28117"}],"wp:attachment":[{"href":"https:\/\/eurotrail.info\/de\/wp-json\/wp\/v2\/media?parent=28564"}],"wp:term":[{"taxonomy":"product_brand","embeddable":true,"href":"https:\/\/eurotrail.info\/de\/wp-json\/wp\/v2\/product_brand?post=28564"},{"taxonomy":"product_cat","embeddable":true,"href":"https:\/\/eurotrail.info\/de\/wp-json\/wp\/v2\/product_cat?post=28564"},{"taxonomy":"product_tag","embeddable":true,"href":"https:\/\/eurotrail.info\/de\/wp-json\/wp\/v2\/product_tag?post=28564"}],"curies":[{"name":"wp","href":"https:\/\/api.w.org\/{rel}","templated":true}]}}