{"id":28569,"date":"2026-01-07T10:27:56","date_gmt":"2026-01-07T09:27:56","guid":{"rendered":"https:\/\/eurotrail.info\/?post_type=product&#038;p=28569"},"modified":"2026-03-09T11:38:46","modified_gmt":"2026-03-09T10:38:46","slug":"talin-comfort-3d-mesh","status":"publish","type":"product","link":"https:\/\/eurotrail.info\/de\/producten\/campingmoebel\/campingstuhlen-relaxstuhlen-eurotrail\/talin-comfort-3d-mesh\/","title":{"rendered":"Talin Comfort Quick Dry Mesh"},"content":{"rendered":"<p>Der Campingstuhl Talin Comfort ist ein komfortabler, leichter Stuhl, ideal f\u00fcr Camping, unterwegs oder einen Tag im Freien. Dank des atmungsaktiven 3D-Mesh-Gewebes mit schnelltrocknendem Schaumkern bietet er hervorragende Bel\u00fcftung und trocknet besonders schnell. Perfekt f\u00fcr hei\u00dfe Sommertage oder wechselhaftes Wetter.<\/p>\n<p><strong>Ergonomischer Komfort und fester Halt<\/strong><\/p>\n<p>Der Talin verf\u00fcgt \u00fcber breite Armlehnen, die optimale Armunterst\u00fctzung und eine entspannte Sitzposition erm\u00f6glichen. Der Stuhl kombiniert ein stabiles Gestell mit exzellentem Sitzkomfort und eignet sich daher ideal f\u00fcr den Langzeitgebrauch.<\/p>\n<p>Talin Comfort \u2013 zus\u00e4tzlicher Luxus mit breiterer Sitzfl\u00e4che, verstellbarer Kopfst\u00fctze und einer maximalen Belastbarkeit von 140 kg<\/p>\n<p><strong>Optionale Fu\u00dfst\u00fctze f\u00fcr noch mehr Entspannung<\/strong><\/p>\n<p>F\u00fcr noch mehr Komfort ist eine passende Fu\u00dfst\u00fctze erh\u00e4ltlich. Sie ist faltbar, kann separat vor dem Stuhl platziert werden und ist sowohl f\u00fcr den Talin als auch f\u00fcr den Talin Comfort geeignet.<\/p>\n<p><strong>Kompakt, faltbar und ideal f\u00fcr unterwegs<\/strong><\/p>\n<p>Die Talin Campingst\u00fchle sind leicht, lassen sich komplett flach zusammenfalten und sind einfach zu transportieren. Dadurch eignen sie sich ideal als Campingstuhl, Reisestuhl oder kompakter Stuhl f\u00fcr Wohnmobil, Wohnwagen oder Zelt.<\/p>\n<p>Kurz gesagt: Wenn Sie einen robusten, bequemen und gut bel\u00fcfteten Campingstuhl suchen, ist die Talin-Serie eine ausgezeichnete Wahl f\u00fcr jeden Camper.<\/p>\n<p>Material: 100 % Polyester-3D-Mesh-Gewebe mit offenzelligem, schnelltrocknendem Schaumkern.<br \/>\nGestell: Aluminium-D-Rahmen<br \/>\nMa\u00dfe: 51 x 55 x 123 cm<br \/>\nZusammengeklappt: 105 x 63 x 11 cm<br \/>\nGewicht: 5,1 kg<br \/>\nMax. Belastung: 140 kg<\/p>\n","protected":false},"excerpt":{"rendered":"<p>Der Campingstuhl Talin Comfort ist ein komfortabler, leichter Stuhl, ideal f\u00fcr Camping, unterwegs oder einen Tag im Freien. Dank des atmungsaktiven 3D-Mesh-Gewebes mit schnelltrocknendem Schaumkern&hellip;<\/p>\n","protected":false},"featured_media":30178,"comment_status":"open","ping_status":"closed","template":"","meta":{"_acf_changed":false},"product_brand":[],"product_cat":[82,84],"product_tag":[],"class_list":{"0":"post-28569","1":"product","2":"type-product","3":"status-publish","4":"has-post-thumbnail","6":"product_cat-campingmoebel","7":"product_cat-campingstuhlen-relaxstuhlen-eurotrail","9":"first","10":"instock","11":"shipping-taxable","12":"product-type-simple"},"acf":[],"yoast_head":"<!-- This site is optimized with the Yoast SEO plugin v27.3 - https:\/\/yoast.com\/product\/yoast-seo-wordpress\/ -->\n<title>Talin Comfort Quick Dry Mesh - Eurotrail<\/title>\n<meta name=\"description\" content=\"Der bequeme Talin Campingstuhl mit atmungsaktivem 3D-Mesh-Gewebe, schnelltrocknenden Eigenschaften und breiten Armlehnen ist faltbar, leicht und ideal zum Campen und Reisen.\" \/>\n<meta name=\"robots\" content=\"index, follow, max-snippet:-1, max-image-preview:large, max-video-preview:-1\" \/>\n<link rel=\"canonical\" href=\"https:\/\/eurotrail.info\/de\/producten\/campingmoebel\/campingstuhlen-relaxstuhlen-eurotrail\/talin-comfort-3d-mesh\/\" \/>\n<meta property=\"og:locale\" content=\"de_DE\" \/>\n<meta property=\"og:type\" content=\"article\" \/>\n<meta property=\"og:title\" content=\"Talin Comfort Quick Dry Mesh - Eurotrail\" \/>\n<meta property=\"og:description\" content=\"Der bequeme Talin Campingstuhl mit atmungsaktivem 3D-Mesh-Gewebe, schnelltrocknenden Eigenschaften und breiten Armlehnen ist faltbar, leicht und ideal zum Campen und Reisen.\" \/>\n<meta property=\"og:url\" content=\"https:\/\/eurotrail.info\/de\/producten\/campingmoebel\/campingstuhlen-relaxstuhlen-eurotrail\/talin-comfort-3d-mesh\/\" \/>\n<meta property=\"og:site_name\" content=\"Eurotrail\" \/>\n<meta property=\"article:modified_time\" content=\"2026-03-09T10:38:46+00:00\" \/>\n<meta property=\"og:image\" content=\"https:\/\/eurotrail.info\/wp\/wp-content\/uploads\/2026\/01\/ETCF1666-Talin-Comfort-1-scaled.jpg\" \/>\n\t<meta property=\"og:image:width\" content=\"1695\" \/>\n\t<meta property=\"og:image:height\" content=\"2560\" \/>\n\t<meta property=\"og:image:type\" content=\"image\/jpeg\" \/>\n<meta name=\"twitter:card\" content=\"summary_large_image\" \/>\n<meta name=\"twitter:label1\" content=\"Gesch\u00e4tzte Lesezeit\" \/>\n\t<meta name=\"twitter:data1\" content=\"2\u00a0Minuten\" \/>\n<script type=\"application\/ld+json\" class=\"yoast-schema-graph\">{\"@context\":\"https:\\\/\\\/schema.org\",\"@graph\":[{\"@type\":\"WebPage\",\"@id\":\"https:\\\/\\\/eurotrail.info\\\/de\\\/producten\\\/campingmoebel\\\/campingstuhlen-relaxstuhlen-eurotrail\\\/talin-comfort-3d-mesh\\\/\",\"url\":\"https:\\\/\\\/eurotrail.info\\\/de\\\/producten\\\/campingmoebel\\\/campingstuhlen-relaxstuhlen-eurotrail\\\/talin-comfort-3d-mesh\\\/\",\"name\":\"Talin Comfort Quick Dry Mesh - Eurotrail\",\"isPartOf\":{\"@id\":\"https:\\\/\\\/eurotrail.info\\\/#website\"},\"primaryImageOfPage\":{\"@id\":\"https:\\\/\\\/eurotrail.info\\\/de\\\/producten\\\/campingmoebel\\\/campingstuhlen-relaxstuhlen-eurotrail\\\/talin-comfort-3d-mesh\\\/#primaryimage\"},\"image\":{\"@id\":\"https:\\\/\\\/eurotrail.info\\\/de\\\/producten\\\/campingmoebel\\\/campingstuhlen-relaxstuhlen-eurotrail\\\/talin-comfort-3d-mesh\\\/#primaryimage\"},\"thumbnailUrl\":\"https:\\\/\\\/eurotrail.info\\\/wp\\\/wp-content\\\/uploads\\\/2026\\\/01\\\/ETCF1666-Talin-Comfort-1-scaled.jpg\",\"datePublished\":\"2026-01-07T09:27:56+00:00\",\"dateModified\":\"2026-03-09T10:38:46+00:00\",\"description\":\"Der bequeme Talin Campingstuhl mit atmungsaktivem 3D-Mesh-Gewebe, schnelltrocknenden Eigenschaften und breiten Armlehnen ist faltbar, leicht und ideal zum Campen und Reisen.\",\"breadcrumb\":{\"@id\":\"https:\\\/\\\/eurotrail.info\\\/de\\\/producten\\\/campingmoebel\\\/campingstuhlen-relaxstuhlen-eurotrail\\\/talin-comfort-3d-mesh\\\/#breadcrumb\"},\"inLanguage\":\"de\",\"potentialAction\":[{\"@type\":\"ReadAction\",\"target\":[\"https:\\\/\\\/eurotrail.info\\\/de\\\/producten\\\/campingmoebel\\\/campingstuhlen-relaxstuhlen-eurotrail\\\/talin-comfort-3d-mesh\\\/\"]}]},{\"@type\":\"ImageObject\",\"inLanguage\":\"de\",\"@id\":\"https:\\\/\\\/eurotrail.info\\\/de\\\/producten\\\/campingmoebel\\\/campingstuhlen-relaxstuhlen-eurotrail\\\/talin-comfort-3d-mesh\\\/#primaryimage\",\"url\":\"https:\\\/\\\/eurotrail.info\\\/wp\\\/wp-content\\\/uploads\\\/2026\\\/01\\\/ETCF1666-Talin-Comfort-1-scaled.jpg\",\"contentUrl\":\"https:\\\/\\\/eurotrail.info\\\/wp\\\/wp-content\\\/uploads\\\/2026\\\/01\\\/ETCF1666-Talin-Comfort-1-scaled.jpg\",\"width\":1695,\"height\":2560},{\"@type\":\"BreadcrumbList\",\"@id\":\"https:\\\/\\\/eurotrail.info\\\/de\\\/producten\\\/campingmoebel\\\/campingstuhlen-relaxstuhlen-eurotrail\\\/talin-comfort-3d-mesh\\\/#breadcrumb\",\"itemListElement\":[{\"@type\":\"ListItem\",\"position\":1,\"name\":\"Home\",\"item\":\"https:\\\/\\\/eurotrail.info\\\/de\\\/\"},{\"@type\":\"ListItem\",\"position\":2,\"name\":\"Produkte\",\"item\":\"https:\\\/\\\/eurotrail.info\\\/de\\\/produkte\\\/\"},{\"@type\":\"ListItem\",\"position\":3,\"name\":\"Talin Comfort Quick Dry Mesh\"}]},{\"@type\":\"WebSite\",\"@id\":\"https:\\\/\\\/eurotrail.info\\\/#website\",\"url\":\"https:\\\/\\\/eurotrail.info\\\/\",\"name\":\"Eurotrail\",\"description\":\"\",\"publisher\":{\"@id\":\"https:\\\/\\\/eurotrail.info\\\/#organization\"},\"potentialAction\":[{\"@type\":\"SearchAction\",\"target\":{\"@type\":\"EntryPoint\",\"urlTemplate\":\"https:\\\/\\\/eurotrail.info\\\/?s={search_term_string}\"},\"query-input\":{\"@type\":\"PropertyValueSpecification\",\"valueRequired\":true,\"valueName\":\"search_term_string\"}}],\"inLanguage\":\"de\"},{\"@type\":\"Organization\",\"@id\":\"https:\\\/\\\/eurotrail.info\\\/#organization\",\"name\":\"Eurotrail\",\"url\":\"https:\\\/\\\/eurotrail.info\\\/\",\"logo\":{\"@type\":\"ImageObject\",\"inLanguage\":\"de\",\"@id\":\"https:\\\/\\\/eurotrail.info\\\/#\\\/schema\\\/logo\\\/image\\\/\",\"url\":\"https:\\\/\\\/eurotrail.info\\\/wp\\\/wp-content\\\/uploads\\\/2023\\\/07\\\/ET-logo-quote_NL-scaled.jpg\",\"contentUrl\":\"https:\\\/\\\/eurotrail.info\\\/wp\\\/wp-content\\\/uploads\\\/2023\\\/07\\\/ET-logo-quote_NL-scaled.jpg\",\"width\":2560,\"height\":675,\"caption\":\"Eurotrail\"},\"image\":{\"@id\":\"https:\\\/\\\/eurotrail.info\\\/#\\\/schema\\\/logo\\\/image\\\/\"}}]}<\/script>\n<!-- \/ Yoast SEO plugin. -->","yoast_head_json":{"title":"Talin Comfort Quick Dry Mesh - Eurotrail","description":"Der bequeme Talin Campingstuhl mit atmungsaktivem 3D-Mesh-Gewebe, schnelltrocknenden Eigenschaften und breiten Armlehnen ist faltbar, leicht und ideal zum Campen und Reisen.","robots":{"index":"index","follow":"follow","max-snippet":"max-snippet:-1","max-image-preview":"max-image-preview:large","max-video-preview":"max-video-preview:-1"},"canonical":"https:\/\/eurotrail.info\/de\/producten\/campingmoebel\/campingstuhlen-relaxstuhlen-eurotrail\/talin-comfort-3d-mesh\/","og_locale":"de_DE","og_type":"article","og_title":"Talin Comfort Quick Dry Mesh - Eurotrail","og_description":"Der bequeme Talin Campingstuhl mit atmungsaktivem 3D-Mesh-Gewebe, schnelltrocknenden Eigenschaften und breiten Armlehnen ist faltbar, leicht und ideal zum Campen und Reisen.","og_url":"https:\/\/eurotrail.info\/de\/producten\/campingmoebel\/campingstuhlen-relaxstuhlen-eurotrail\/talin-comfort-3d-mesh\/","og_site_name":"Eurotrail","article_modified_time":"2026-03-09T10:38:46+00:00","og_image":[{"width":1695,"height":2560,"url":"https:\/\/eurotrail.info\/wp\/wp-content\/uploads\/2026\/01\/ETCF1666-Talin-Comfort-1-scaled.jpg","type":"image\/jpeg"}],"twitter_card":"summary_large_image","twitter_misc":{"Gesch\u00e4tzte Lesezeit":"2\u00a0Minuten"},"schema":{"@context":"https:\/\/schema.org","@graph":[{"@type":"WebPage","@id":"https:\/\/eurotrail.info\/de\/producten\/campingmoebel\/campingstuhlen-relaxstuhlen-eurotrail\/talin-comfort-3d-mesh\/","url":"https:\/\/eurotrail.info\/de\/producten\/campingmoebel\/campingstuhlen-relaxstuhlen-eurotrail\/talin-comfort-3d-mesh\/","name":"Talin Comfort Quick Dry Mesh - Eurotrail","isPartOf":{"@id":"https:\/\/eurotrail.info\/#website"},"primaryImageOfPage":{"@id":"https:\/\/eurotrail.info\/de\/producten\/campingmoebel\/campingstuhlen-relaxstuhlen-eurotrail\/talin-comfort-3d-mesh\/#primaryimage"},"image":{"@id":"https:\/\/eurotrail.info\/de\/producten\/campingmoebel\/campingstuhlen-relaxstuhlen-eurotrail\/talin-comfort-3d-mesh\/#primaryimage"},"thumbnailUrl":"https:\/\/eurotrail.info\/wp\/wp-content\/uploads\/2026\/01\/ETCF1666-Talin-Comfort-1-scaled.jpg","datePublished":"2026-01-07T09:27:56+00:00","dateModified":"2026-03-09T10:38:46+00:00","description":"Der bequeme Talin Campingstuhl mit atmungsaktivem 3D-Mesh-Gewebe, schnelltrocknenden Eigenschaften und breiten Armlehnen ist faltbar, leicht und ideal zum Campen und Reisen.","breadcrumb":{"@id":"https:\/\/eurotrail.info\/de\/producten\/campingmoebel\/campingstuhlen-relaxstuhlen-eurotrail\/talin-comfort-3d-mesh\/#breadcrumb"},"inLanguage":"de","potentialAction":[{"@type":"ReadAction","target":["https:\/\/eurotrail.info\/de\/producten\/campingmoebel\/campingstuhlen-relaxstuhlen-eurotrail\/talin-comfort-3d-mesh\/"]}]},{"@type":"ImageObject","inLanguage":"de","@id":"https:\/\/eurotrail.info\/de\/producten\/campingmoebel\/campingstuhlen-relaxstuhlen-eurotrail\/talin-comfort-3d-mesh\/#primaryimage","url":"https:\/\/eurotrail.info\/wp\/wp-content\/uploads\/2026\/01\/ETCF1666-Talin-Comfort-1-scaled.jpg","contentUrl":"https:\/\/eurotrail.info\/wp\/wp-content\/uploads\/2026\/01\/ETCF1666-Talin-Comfort-1-scaled.jpg","width":1695,"height":2560},{"@type":"BreadcrumbList","@id":"https:\/\/eurotrail.info\/de\/producten\/campingmoebel\/campingstuhlen-relaxstuhlen-eurotrail\/talin-comfort-3d-mesh\/#breadcrumb","itemListElement":[{"@type":"ListItem","position":1,"name":"Home","item":"https:\/\/eurotrail.info\/de\/"},{"@type":"ListItem","position":2,"name":"Produkte","item":"https:\/\/eurotrail.info\/de\/produkte\/"},{"@type":"ListItem","position":3,"name":"Talin Comfort Quick Dry Mesh"}]},{"@type":"WebSite","@id":"https:\/\/eurotrail.info\/#website","url":"https:\/\/eurotrail.info\/","name":"Eurotrail","description":"","publisher":{"@id":"https:\/\/eurotrail.info\/#organization"},"potentialAction":[{"@type":"SearchAction","target":{"@type":"EntryPoint","urlTemplate":"https:\/\/eurotrail.info\/?s={search_term_string}"},"query-input":{"@type":"PropertyValueSpecification","valueRequired":true,"valueName":"search_term_string"}}],"inLanguage":"de"},{"@type":"Organization","@id":"https:\/\/eurotrail.info\/#organization","name":"Eurotrail","url":"https:\/\/eurotrail.info\/","logo":{"@type":"ImageObject","inLanguage":"de","@id":"https:\/\/eurotrail.info\/#\/schema\/logo\/image\/","url":"https:\/\/eurotrail.info\/wp\/wp-content\/uploads\/2023\/07\/ET-logo-quote_NL-scaled.jpg","contentUrl":"https:\/\/eurotrail.info\/wp\/wp-content\/uploads\/2023\/07\/ET-logo-quote_NL-scaled.jpg","width":2560,"height":675,"caption":"Eurotrail"},"image":{"@id":"https:\/\/eurotrail.info\/#\/schema\/logo\/image\/"}}]}},"_links":{"self":[{"href":"https:\/\/eurotrail.info\/de\/wp-json\/wp\/v2\/product\/28569","targetHints":{"allow":["GET"]}}],"collection":[{"href":"https:\/\/eurotrail.info\/de\/wp-json\/wp\/v2\/product"}],"about":[{"href":"https:\/\/eurotrail.info\/de\/wp-json\/wp\/v2\/types\/product"}],"replies":[{"embeddable":true,"href":"https:\/\/eurotrail.info\/de\/wp-json\/wp\/v2\/comments?post=28569"}],"wp:featuredmedia":[{"embeddable":true,"href":"https:\/\/eurotrail.info\/de\/wp-json\/wp\/v2\/media\/30178"}],"wp:attachment":[{"href":"https:\/\/eurotrail.info\/de\/wp-json\/wp\/v2\/media?parent=28569"}],"wp:term":[{"taxonomy":"product_brand","embeddable":true,"href":"https:\/\/eurotrail.info\/de\/wp-json\/wp\/v2\/product_brand?post=28569"},{"taxonomy":"product_cat","embeddable":true,"href":"https:\/\/eurotrail.info\/de\/wp-json\/wp\/v2\/product_cat?post=28569"},{"taxonomy":"product_tag","embeddable":true,"href":"https:\/\/eurotrail.info\/de\/wp-json\/wp\/v2\/product_tag?post=28569"}],"curies":[{"name":"wp","href":"https:\/\/api.w.org\/{rel}","templated":true}]}}