{"id":28638,"date":"2026-01-08T15:24:56","date_gmt":"2026-01-08T14:24:56","guid":{"rendered":"https:\/\/eurotrail.info\/producten\/unkategorisiert\/talin-voetenbank\/"},"modified":"2026-01-08T15:29:31","modified_gmt":"2026-01-08T14:29:31","slug":"talin-voetenbank","status":"publish","type":"product","link":"https:\/\/eurotrail.info\/de\/producten\/campingmoebel\/campingstuhlen-relaxstuhlen-eurotrail\/talin-voetenbank\/","title":{"rendered":"Talin Fu\u00dfhocker"},"content":{"rendered":"<p>F\u00fcr den Talin ist optional ein passender Fu\u00dfhocker erh\u00e4ltlich.<\/p>\n<p>Dieser Fu\u00dfhocker l\u00e4sst sich einfach vor den Talin-Sessel stellen und verwandelt ihn so in einen bequemen Relaxsessel!<\/p>\n<p>Material: 100 % Polyester-3D-Mesh mit schnelltrocknendem Bezug.<br \/>\nMa\u00dfe: 52 x 46 \/ 41 x 45 \/ 40 cm<br \/>\nZusammengeklappt: 64 x 53 x 7 cm<br \/>\nGewicht: 1,65 kg<\/p>\n<p>&nbsp;<\/p>\n","protected":false},"excerpt":{"rendered":"<p>F\u00fcr den Talin ist optional ein passender Fu\u00dfhocker erh\u00e4ltlich. Dieser Fu\u00dfhocker l\u00e4sst sich einfach vor den Talin-Sessel stellen und verwandelt ihn so in einen bequemen&hellip;<\/p>\n","protected":false},"featured_media":28687,"comment_status":"open","ping_status":"closed","template":"","meta":{"_acf_changed":false},"product_brand":[],"product_cat":[82,84],"product_tag":[],"class_list":{"0":"post-28638","1":"product","2":"type-product","3":"status-publish","4":"has-post-thumbnail","6":"product_cat-campingmoebel","7":"product_cat-campingstuhlen-relaxstuhlen-eurotrail","9":"first","10":"instock","11":"shipping-taxable","12":"product-type-simple"},"acf":[],"yoast_head":"<!-- This site is optimized with the Yoast SEO plugin v27.3 - https:\/\/yoast.com\/product\/yoast-seo-wordpress\/ -->\n<title>Talin Fu\u00dfhocker - Eurotrail<\/title>\n<meta name=\"description\" content=\"Dieser Fu\u00dfhocker l\u00e4sst sich einfach vor den Talin-Sessel stellen und verwandelt ihn so in einen bequemen Relaxsessel!\" \/>\n<meta name=\"robots\" content=\"index, follow, max-snippet:-1, max-image-preview:large, max-video-preview:-1\" \/>\n<link rel=\"canonical\" href=\"https:\/\/eurotrail.info\/de\/producten\/campingmoebel\/campingstuhlen-relaxstuhlen-eurotrail\/talin-voetenbank\/\" \/>\n<meta property=\"og:locale\" content=\"de_DE\" \/>\n<meta property=\"og:type\" content=\"article\" \/>\n<meta property=\"og:title\" content=\"Talin Fu\u00dfhocker - Eurotrail\" \/>\n<meta property=\"og:description\" content=\"Dieser Fu\u00dfhocker l\u00e4sst sich einfach vor den Talin-Sessel stellen und verwandelt ihn so in einen bequemen Relaxsessel!\" \/>\n<meta property=\"og:url\" content=\"https:\/\/eurotrail.info\/de\/producten\/campingmoebel\/campingstuhlen-relaxstuhlen-eurotrail\/talin-voetenbank\/\" \/>\n<meta property=\"og:site_name\" content=\"Eurotrail\" \/>\n<meta property=\"article:modified_time\" content=\"2026-01-08T14:29:31+00:00\" \/>\n<meta property=\"og:image\" content=\"https:\/\/eurotrail.info\/wp\/wp-content\/uploads\/2026\/01\/Talin-3D-voetensteun-2-1-scaled.jpg\" \/>\n\t<meta property=\"og:image:width\" content=\"2436\" \/>\n\t<meta property=\"og:image:height\" content=\"2560\" \/>\n\t<meta property=\"og:image:type\" content=\"image\/jpeg\" \/>\n<meta name=\"twitter:card\" content=\"summary_large_image\" \/>\n<meta name=\"twitter:label1\" content=\"Gesch\u00e4tzte Lesezeit\" \/>\n\t<meta name=\"twitter:data1\" content=\"1\u00a0Minute\" \/>\n<script type=\"application\/ld+json\" class=\"yoast-schema-graph\">{\"@context\":\"https:\\\/\\\/schema.org\",\"@graph\":[{\"@type\":\"WebPage\",\"@id\":\"https:\\\/\\\/eurotrail.info\\\/de\\\/producten\\\/campingmoebel\\\/campingstuhlen-relaxstuhlen-eurotrail\\\/talin-voetenbank\\\/\",\"url\":\"https:\\\/\\\/eurotrail.info\\\/de\\\/producten\\\/campingmoebel\\\/campingstuhlen-relaxstuhlen-eurotrail\\\/talin-voetenbank\\\/\",\"name\":\"Talin Fu\u00dfhocker - Eurotrail\",\"isPartOf\":{\"@id\":\"https:\\\/\\\/eurotrail.info\\\/#website\"},\"primaryImageOfPage\":{\"@id\":\"https:\\\/\\\/eurotrail.info\\\/de\\\/producten\\\/campingmoebel\\\/campingstuhlen-relaxstuhlen-eurotrail\\\/talin-voetenbank\\\/#primaryimage\"},\"image\":{\"@id\":\"https:\\\/\\\/eurotrail.info\\\/de\\\/producten\\\/campingmoebel\\\/campingstuhlen-relaxstuhlen-eurotrail\\\/talin-voetenbank\\\/#primaryimage\"},\"thumbnailUrl\":\"https:\\\/\\\/eurotrail.info\\\/wp\\\/wp-content\\\/uploads\\\/2026\\\/01\\\/Talin-Voetenbank-1-scaled.jpg\",\"datePublished\":\"2026-01-08T14:24:56+00:00\",\"dateModified\":\"2026-01-08T14:29:31+00:00\",\"description\":\"Dieser Fu\u00dfhocker l\u00e4sst sich einfach vor den Talin-Sessel stellen und verwandelt ihn so in einen bequemen Relaxsessel!\",\"breadcrumb\":{\"@id\":\"https:\\\/\\\/eurotrail.info\\\/de\\\/producten\\\/campingmoebel\\\/campingstuhlen-relaxstuhlen-eurotrail\\\/talin-voetenbank\\\/#breadcrumb\"},\"inLanguage\":\"de\",\"potentialAction\":[{\"@type\":\"ReadAction\",\"target\":[\"https:\\\/\\\/eurotrail.info\\\/de\\\/producten\\\/campingmoebel\\\/campingstuhlen-relaxstuhlen-eurotrail\\\/talin-voetenbank\\\/\"]}]},{\"@type\":\"ImageObject\",\"inLanguage\":\"de\",\"@id\":\"https:\\\/\\\/eurotrail.info\\\/de\\\/producten\\\/campingmoebel\\\/campingstuhlen-relaxstuhlen-eurotrail\\\/talin-voetenbank\\\/#primaryimage\",\"url\":\"https:\\\/\\\/eurotrail.info\\\/wp\\\/wp-content\\\/uploads\\\/2026\\\/01\\\/Talin-Voetenbank-1-scaled.jpg\",\"contentUrl\":\"https:\\\/\\\/eurotrail.info\\\/wp\\\/wp-content\\\/uploads\\\/2026\\\/01\\\/Talin-Voetenbank-1-scaled.jpg\",\"width\":2159,\"height\":2560},{\"@type\":\"BreadcrumbList\",\"@id\":\"https:\\\/\\\/eurotrail.info\\\/de\\\/producten\\\/campingmoebel\\\/campingstuhlen-relaxstuhlen-eurotrail\\\/talin-voetenbank\\\/#breadcrumb\",\"itemListElement\":[{\"@type\":\"ListItem\",\"position\":1,\"name\":\"Home\",\"item\":\"https:\\\/\\\/eurotrail.info\\\/de\\\/\"},{\"@type\":\"ListItem\",\"position\":2,\"name\":\"Produkte\",\"item\":\"https:\\\/\\\/eurotrail.info\\\/de\\\/produkte\\\/\"},{\"@type\":\"ListItem\",\"position\":3,\"name\":\"Talin Fu\u00dfhocker\"}]},{\"@type\":\"WebSite\",\"@id\":\"https:\\\/\\\/eurotrail.info\\\/#website\",\"url\":\"https:\\\/\\\/eurotrail.info\\\/\",\"name\":\"Eurotrail\",\"description\":\"\",\"publisher\":{\"@id\":\"https:\\\/\\\/eurotrail.info\\\/#organization\"},\"potentialAction\":[{\"@type\":\"SearchAction\",\"target\":{\"@type\":\"EntryPoint\",\"urlTemplate\":\"https:\\\/\\\/eurotrail.info\\\/?s={search_term_string}\"},\"query-input\":{\"@type\":\"PropertyValueSpecification\",\"valueRequired\":true,\"valueName\":\"search_term_string\"}}],\"inLanguage\":\"de\"},{\"@type\":\"Organization\",\"@id\":\"https:\\\/\\\/eurotrail.info\\\/#organization\",\"name\":\"Eurotrail\",\"url\":\"https:\\\/\\\/eurotrail.info\\\/\",\"logo\":{\"@type\":\"ImageObject\",\"inLanguage\":\"de\",\"@id\":\"https:\\\/\\\/eurotrail.info\\\/#\\\/schema\\\/logo\\\/image\\\/\",\"url\":\"https:\\\/\\\/eurotrail.info\\\/wp\\\/wp-content\\\/uploads\\\/2023\\\/07\\\/ET-logo-quote_NL-scaled.jpg\",\"contentUrl\":\"https:\\\/\\\/eurotrail.info\\\/wp\\\/wp-content\\\/uploads\\\/2023\\\/07\\\/ET-logo-quote_NL-scaled.jpg\",\"width\":2560,\"height\":675,\"caption\":\"Eurotrail\"},\"image\":{\"@id\":\"https:\\\/\\\/eurotrail.info\\\/#\\\/schema\\\/logo\\\/image\\\/\"}}]}<\/script>\n<!-- \/ Yoast SEO plugin. -->","yoast_head_json":{"title":"Talin Fu\u00dfhocker - Eurotrail","description":"Dieser Fu\u00dfhocker l\u00e4sst sich einfach vor den Talin-Sessel stellen und verwandelt ihn so in einen bequemen Relaxsessel!","robots":{"index":"index","follow":"follow","max-snippet":"max-snippet:-1","max-image-preview":"max-image-preview:large","max-video-preview":"max-video-preview:-1"},"canonical":"https:\/\/eurotrail.info\/de\/producten\/campingmoebel\/campingstuhlen-relaxstuhlen-eurotrail\/talin-voetenbank\/","og_locale":"de_DE","og_type":"article","og_title":"Talin Fu\u00dfhocker - Eurotrail","og_description":"Dieser Fu\u00dfhocker l\u00e4sst sich einfach vor den Talin-Sessel stellen und verwandelt ihn so in einen bequemen Relaxsessel!","og_url":"https:\/\/eurotrail.info\/de\/producten\/campingmoebel\/campingstuhlen-relaxstuhlen-eurotrail\/talin-voetenbank\/","og_site_name":"Eurotrail","article_modified_time":"2026-01-08T14:29:31+00:00","og_image":[{"width":2436,"height":2560,"url":"https:\/\/eurotrail.info\/wp\/wp-content\/uploads\/2026\/01\/Talin-3D-voetensteun-2-1-scaled.jpg","type":"image\/jpeg"}],"twitter_card":"summary_large_image","twitter_misc":{"Gesch\u00e4tzte Lesezeit":"1\u00a0Minute"},"schema":{"@context":"https:\/\/schema.org","@graph":[{"@type":"WebPage","@id":"https:\/\/eurotrail.info\/de\/producten\/campingmoebel\/campingstuhlen-relaxstuhlen-eurotrail\/talin-voetenbank\/","url":"https:\/\/eurotrail.info\/de\/producten\/campingmoebel\/campingstuhlen-relaxstuhlen-eurotrail\/talin-voetenbank\/","name":"Talin Fu\u00dfhocker - Eurotrail","isPartOf":{"@id":"https:\/\/eurotrail.info\/#website"},"primaryImageOfPage":{"@id":"https:\/\/eurotrail.info\/de\/producten\/campingmoebel\/campingstuhlen-relaxstuhlen-eurotrail\/talin-voetenbank\/#primaryimage"},"image":{"@id":"https:\/\/eurotrail.info\/de\/producten\/campingmoebel\/campingstuhlen-relaxstuhlen-eurotrail\/talin-voetenbank\/#primaryimage"},"thumbnailUrl":"https:\/\/eurotrail.info\/wp\/wp-content\/uploads\/2026\/01\/Talin-Voetenbank-1-scaled.jpg","datePublished":"2026-01-08T14:24:56+00:00","dateModified":"2026-01-08T14:29:31+00:00","description":"Dieser Fu\u00dfhocker l\u00e4sst sich einfach vor den Talin-Sessel stellen und verwandelt ihn so in einen bequemen Relaxsessel!","breadcrumb":{"@id":"https:\/\/eurotrail.info\/de\/producten\/campingmoebel\/campingstuhlen-relaxstuhlen-eurotrail\/talin-voetenbank\/#breadcrumb"},"inLanguage":"de","potentialAction":[{"@type":"ReadAction","target":["https:\/\/eurotrail.info\/de\/producten\/campingmoebel\/campingstuhlen-relaxstuhlen-eurotrail\/talin-voetenbank\/"]}]},{"@type":"ImageObject","inLanguage":"de","@id":"https:\/\/eurotrail.info\/de\/producten\/campingmoebel\/campingstuhlen-relaxstuhlen-eurotrail\/talin-voetenbank\/#primaryimage","url":"https:\/\/eurotrail.info\/wp\/wp-content\/uploads\/2026\/01\/Talin-Voetenbank-1-scaled.jpg","contentUrl":"https:\/\/eurotrail.info\/wp\/wp-content\/uploads\/2026\/01\/Talin-Voetenbank-1-scaled.jpg","width":2159,"height":2560},{"@type":"BreadcrumbList","@id":"https:\/\/eurotrail.info\/de\/producten\/campingmoebel\/campingstuhlen-relaxstuhlen-eurotrail\/talin-voetenbank\/#breadcrumb","itemListElement":[{"@type":"ListItem","position":1,"name":"Home","item":"https:\/\/eurotrail.info\/de\/"},{"@type":"ListItem","position":2,"name":"Produkte","item":"https:\/\/eurotrail.info\/de\/produkte\/"},{"@type":"ListItem","position":3,"name":"Talin Fu\u00dfhocker"}]},{"@type":"WebSite","@id":"https:\/\/eurotrail.info\/#website","url":"https:\/\/eurotrail.info\/","name":"Eurotrail","description":"","publisher":{"@id":"https:\/\/eurotrail.info\/#organization"},"potentialAction":[{"@type":"SearchAction","target":{"@type":"EntryPoint","urlTemplate":"https:\/\/eurotrail.info\/?s={search_term_string}"},"query-input":{"@type":"PropertyValueSpecification","valueRequired":true,"valueName":"search_term_string"}}],"inLanguage":"de"},{"@type":"Organization","@id":"https:\/\/eurotrail.info\/#organization","name":"Eurotrail","url":"https:\/\/eurotrail.info\/","logo":{"@type":"ImageObject","inLanguage":"de","@id":"https:\/\/eurotrail.info\/#\/schema\/logo\/image\/","url":"https:\/\/eurotrail.info\/wp\/wp-content\/uploads\/2023\/07\/ET-logo-quote_NL-scaled.jpg","contentUrl":"https:\/\/eurotrail.info\/wp\/wp-content\/uploads\/2023\/07\/ET-logo-quote_NL-scaled.jpg","width":2560,"height":675,"caption":"Eurotrail"},"image":{"@id":"https:\/\/eurotrail.info\/#\/schema\/logo\/image\/"}}]}},"_links":{"self":[{"href":"https:\/\/eurotrail.info\/de\/wp-json\/wp\/v2\/product\/28638","targetHints":{"allow":["GET"]}}],"collection":[{"href":"https:\/\/eurotrail.info\/de\/wp-json\/wp\/v2\/product"}],"about":[{"href":"https:\/\/eurotrail.info\/de\/wp-json\/wp\/v2\/types\/product"}],"replies":[{"embeddable":true,"href":"https:\/\/eurotrail.info\/de\/wp-json\/wp\/v2\/comments?post=28638"}],"wp:featuredmedia":[{"embeddable":true,"href":"https:\/\/eurotrail.info\/de\/wp-json\/wp\/v2\/media\/28687"}],"wp:attachment":[{"href":"https:\/\/eurotrail.info\/de\/wp-json\/wp\/v2\/media?parent=28638"}],"wp:term":[{"taxonomy":"product_brand","embeddable":true,"href":"https:\/\/eurotrail.info\/de\/wp-json\/wp\/v2\/product_brand?post=28638"},{"taxonomy":"product_cat","embeddable":true,"href":"https:\/\/eurotrail.info\/de\/wp-json\/wp\/v2\/product_cat?post=28638"},{"taxonomy":"product_tag","embeddable":true,"href":"https:\/\/eurotrail.info\/de\/wp-json\/wp\/v2\/product_tag?post=28638"}],"curies":[{"name":"wp","href":"https:\/\/api.w.org\/{rel}","templated":true}]}}