{"id":2869,"date":"2016-01-20T13:22:59","date_gmt":"2016-01-20T12:22:59","guid":{"rendered":"http:\/\/preview.eurotrail.info\/producten\/pebble-beach-2\/"},"modified":"2026-02-25T16:19:43","modified_gmt":"2026-02-25T15:19:43","slug":"pebble-beach-2","status":"publish","type":"product","link":"https:\/\/eurotrail.info\/de\/producten\/campingmoebel\/campngbett\/pebble-beach-2\/","title":{"rendered":"Pebble Beach"},"content":{"rendered":"<p>Genie\u00dfen Sie ultimative Entspannung, wo immer Sie sind \ud83c\udf1e<\/p>\n<p>Mit der Pebble Beach Liege machen Sie jeden Strandtag oder Campingurlaub zu einem komfortablen Genussmoment. Ob Sie sich am Meer sonnen, vor dem Zelt ein Buch lesen oder ein Mittagsschl\u00e4fchen machen m\u00f6chten \u2013 diese Liege ist immer die richtige Wahl.<\/p>\n<p>Dank des cleveren, kompakten Designs l\u00e4sst es sich einfach zusammenklappen und m\u00fchelos transportieren. Das verstellbare Sonnendach sorgt f\u00fcr genau den Schatten, den Sie brauchen. So k\u00f6nnen Sie selbst entscheiden: Sonne auf den Beinen, Schatten im Gesicht \u2013 perfekt ausbalanciert.<\/p>\n<p>Die Liegefl\u00e4che besteht aus hochwertigem Textilene. Dieses robuste Material trocknet schnell und hat eine offene Struktur, sodass Sand und Wasser leicht hindurchfallen k\u00f6nnen. Ideal f\u00fcr den Strand und den Campingplatz.<\/p>\n<p>\u2728 Bequem und stabil<br \/>\n\u2728 Kompakt und einfach zusammenklappbar<br \/>\n\u2728 Verstellbares Sonnendach f\u00fcr zus\u00e4tzlichen Schatten<br \/>\n\u2728 Schnell trocknendes Textilene<br \/>\n\u2728 Erh\u00e4ltlich in verschiedenen frischen, sommerlichen Farben<\/p>\n<p>Klappen Sie es auf, lehnen Sie sich zur\u00fcck und genie\u00dfen Sie. So sollte Urlaub sein.<\/p>\n<p>Bezug: Textilen (70% PVC, 30% PES)<br \/>\nGestell: Aluminium Gestell<br \/>\nGrosse: 188x57x30cm<br \/>\nPackmass: 79x59x16cm<br \/>\nGewicht: 5.9 kg.<br \/>\nMax. Belastung: ca. 120 kg.<\/p>\n","protected":false},"excerpt":{"rendered":"<p>Genie\u00dfen Sie ultimative Entspannung, wo immer Sie sind \ud83c\udf1e Mit der Pebble Beach Liege machen Sie jeden Strandtag oder Campingurlaub zu einem komfortablen Genussmoment. Ob&hellip;<\/p>\n","protected":false},"featured_media":1530,"comment_status":"open","ping_status":"closed","template":"","meta":{"_acf_changed":false},"product_brand":[],"product_cat":[87],"product_tag":[],"class_list":{"0":"post-2869","1":"product","2":"type-product","3":"status-publish","4":"has-post-thumbnail","6":"product_cat-campngbett","8":"first","9":"instock","10":"shipping-taxable","11":"product-type-simple"},"acf":[],"yoast_head":"<!-- This site is optimized with the Yoast SEO plugin v27.4 - https:\/\/yoast.com\/product\/yoast-seo-wordpress\/ -->\n<title>Pebble Beach - Eurotrail<\/title>\n<meta name=\"robots\" content=\"index, follow, max-snippet:-1, max-image-preview:large, max-video-preview:-1\" \/>\n<link rel=\"canonical\" href=\"https:\/\/eurotrail.info\/de\/producten\/campingmoebel\/campngbett\/pebble-beach-2\/\" \/>\n<meta property=\"og:locale\" content=\"de_DE\" \/>\n<meta property=\"og:type\" content=\"article\" \/>\n<meta property=\"og:title\" content=\"Pebble Beach - Eurotrail\" \/>\n<meta property=\"og:description\" content=\"Genie\u00dfen Sie ultimative Entspannung, wo immer Sie sind \ud83c\udf1e Mit der Pebble Beach Liege machen Sie jeden Strandtag oder Campingurlaub zu einem komfortablen Genussmoment. Ob&hellip;\" \/>\n<meta property=\"og:url\" content=\"https:\/\/eurotrail.info\/de\/producten\/campingmoebel\/campngbett\/pebble-beach-2\/\" \/>\n<meta property=\"og:site_name\" content=\"Eurotrail\" \/>\n<meta property=\"article:modified_time\" content=\"2026-02-25T15:19:43+00:00\" \/>\n<meta property=\"og:image\" content=\"https:\/\/eurotrail.info\/wp\/wp-content\/uploads\/2016\/01\/ETCF5011-Pebble-Beach-Blue.jpg\" \/>\n\t<meta property=\"og:image:width\" content=\"1417\" \/>\n\t<meta property=\"og:image:height\" content=\"1217\" \/>\n\t<meta property=\"og:image:type\" content=\"image\/jpeg\" \/>\n<meta name=\"twitter:card\" content=\"summary_large_image\" \/>\n<meta name=\"twitter:label1\" content=\"Gesch\u00e4tzte Lesezeit\" \/>\n\t<meta name=\"twitter:data1\" content=\"2\u00a0Minuten\" \/>\n<script type=\"application\/ld+json\" class=\"yoast-schema-graph\">{\"@context\":\"https:\\\/\\\/schema.org\",\"@graph\":[{\"@type\":\"WebPage\",\"@id\":\"https:\\\/\\\/eurotrail.info\\\/de\\\/producten\\\/campingmoebel\\\/campngbett\\\/pebble-beach-2\\\/\",\"url\":\"https:\\\/\\\/eurotrail.info\\\/de\\\/producten\\\/campingmoebel\\\/campngbett\\\/pebble-beach-2\\\/\",\"name\":\"Pebble Beach - Eurotrail\",\"isPartOf\":{\"@id\":\"https:\\\/\\\/eurotrail.info\\\/#website\"},\"primaryImageOfPage\":{\"@id\":\"https:\\\/\\\/eurotrail.info\\\/de\\\/producten\\\/campingmoebel\\\/campngbett\\\/pebble-beach-2\\\/#primaryimage\"},\"image\":{\"@id\":\"https:\\\/\\\/eurotrail.info\\\/de\\\/producten\\\/campingmoebel\\\/campngbett\\\/pebble-beach-2\\\/#primaryimage\"},\"thumbnailUrl\":\"https:\\\/\\\/eurotrail.info\\\/wp\\\/wp-content\\\/uploads\\\/2016\\\/01\\\/ETCF5011-Pebble-Beach-Blue.jpg\",\"datePublished\":\"2016-01-20T12:22:59+00:00\",\"dateModified\":\"2026-02-25T15:19:43+00:00\",\"breadcrumb\":{\"@id\":\"https:\\\/\\\/eurotrail.info\\\/de\\\/producten\\\/campingmoebel\\\/campngbett\\\/pebble-beach-2\\\/#breadcrumb\"},\"inLanguage\":\"de\",\"potentialAction\":[{\"@type\":\"ReadAction\",\"target\":[\"https:\\\/\\\/eurotrail.info\\\/de\\\/producten\\\/campingmoebel\\\/campngbett\\\/pebble-beach-2\\\/\"]}]},{\"@type\":\"ImageObject\",\"inLanguage\":\"de\",\"@id\":\"https:\\\/\\\/eurotrail.info\\\/de\\\/producten\\\/campingmoebel\\\/campngbett\\\/pebble-beach-2\\\/#primaryimage\",\"url\":\"https:\\\/\\\/eurotrail.info\\\/wp\\\/wp-content\\\/uploads\\\/2016\\\/01\\\/ETCF5011-Pebble-Beach-Blue.jpg\",\"contentUrl\":\"https:\\\/\\\/eurotrail.info\\\/wp\\\/wp-content\\\/uploads\\\/2016\\\/01\\\/ETCF5011-Pebble-Beach-Blue.jpg\",\"width\":1417,\"height\":1217,\"caption\":\"Wetterfeste komfortable Liege mit verstelbarem Kopfteil und Sonnenschutz.\"},{\"@type\":\"BreadcrumbList\",\"@id\":\"https:\\\/\\\/eurotrail.info\\\/de\\\/producten\\\/campingmoebel\\\/campngbett\\\/pebble-beach-2\\\/#breadcrumb\",\"itemListElement\":[{\"@type\":\"ListItem\",\"position\":1,\"name\":\"Home\",\"item\":\"https:\\\/\\\/eurotrail.info\\\/de\\\/\"},{\"@type\":\"ListItem\",\"position\":2,\"name\":\"Produkte\",\"item\":\"https:\\\/\\\/eurotrail.info\\\/de\\\/produkte\\\/\"},{\"@type\":\"ListItem\",\"position\":3,\"name\":\"Pebble Beach\"}]},{\"@type\":\"WebSite\",\"@id\":\"https:\\\/\\\/eurotrail.info\\\/#website\",\"url\":\"https:\\\/\\\/eurotrail.info\\\/\",\"name\":\"Eurotrail\",\"description\":\"\",\"publisher\":{\"@id\":\"https:\\\/\\\/eurotrail.info\\\/#organization\"},\"potentialAction\":[{\"@type\":\"SearchAction\",\"target\":{\"@type\":\"EntryPoint\",\"urlTemplate\":\"https:\\\/\\\/eurotrail.info\\\/?s={search_term_string}\"},\"query-input\":{\"@type\":\"PropertyValueSpecification\",\"valueRequired\":true,\"valueName\":\"search_term_string\"}}],\"inLanguage\":\"de\"},{\"@type\":\"Organization\",\"@id\":\"https:\\\/\\\/eurotrail.info\\\/#organization\",\"name\":\"Eurotrail\",\"url\":\"https:\\\/\\\/eurotrail.info\\\/\",\"logo\":{\"@type\":\"ImageObject\",\"inLanguage\":\"de\",\"@id\":\"https:\\\/\\\/eurotrail.info\\\/#\\\/schema\\\/logo\\\/image\\\/\",\"url\":\"https:\\\/\\\/eurotrail.info\\\/wp\\\/wp-content\\\/uploads\\\/2023\\\/07\\\/ET-logo-quote_NL-scaled.jpg\",\"contentUrl\":\"https:\\\/\\\/eurotrail.info\\\/wp\\\/wp-content\\\/uploads\\\/2023\\\/07\\\/ET-logo-quote_NL-scaled.jpg\",\"width\":2560,\"height\":675,\"caption\":\"Eurotrail\"},\"image\":{\"@id\":\"https:\\\/\\\/eurotrail.info\\\/#\\\/schema\\\/logo\\\/image\\\/\"}}]}<\/script>\n<!-- \/ Yoast SEO plugin. -->","yoast_head_json":{"title":"Pebble Beach - Eurotrail","robots":{"index":"index","follow":"follow","max-snippet":"max-snippet:-1","max-image-preview":"max-image-preview:large","max-video-preview":"max-video-preview:-1"},"canonical":"https:\/\/eurotrail.info\/de\/producten\/campingmoebel\/campngbett\/pebble-beach-2\/","og_locale":"de_DE","og_type":"article","og_title":"Pebble Beach - Eurotrail","og_description":"Genie\u00dfen Sie ultimative Entspannung, wo immer Sie sind \ud83c\udf1e Mit der Pebble Beach Liege machen Sie jeden Strandtag oder Campingurlaub zu einem komfortablen Genussmoment. Ob&hellip;","og_url":"https:\/\/eurotrail.info\/de\/producten\/campingmoebel\/campngbett\/pebble-beach-2\/","og_site_name":"Eurotrail","article_modified_time":"2026-02-25T15:19:43+00:00","og_image":[{"width":1417,"height":1217,"url":"https:\/\/eurotrail.info\/wp\/wp-content\/uploads\/2016\/01\/ETCF5011-Pebble-Beach-Blue.jpg","type":"image\/jpeg"}],"twitter_card":"summary_large_image","twitter_misc":{"Gesch\u00e4tzte Lesezeit":"2\u00a0Minuten"},"schema":{"@context":"https:\/\/schema.org","@graph":[{"@type":"WebPage","@id":"https:\/\/eurotrail.info\/de\/producten\/campingmoebel\/campngbett\/pebble-beach-2\/","url":"https:\/\/eurotrail.info\/de\/producten\/campingmoebel\/campngbett\/pebble-beach-2\/","name":"Pebble Beach - Eurotrail","isPartOf":{"@id":"https:\/\/eurotrail.info\/#website"},"primaryImageOfPage":{"@id":"https:\/\/eurotrail.info\/de\/producten\/campingmoebel\/campngbett\/pebble-beach-2\/#primaryimage"},"image":{"@id":"https:\/\/eurotrail.info\/de\/producten\/campingmoebel\/campngbett\/pebble-beach-2\/#primaryimage"},"thumbnailUrl":"https:\/\/eurotrail.info\/wp\/wp-content\/uploads\/2016\/01\/ETCF5011-Pebble-Beach-Blue.jpg","datePublished":"2016-01-20T12:22:59+00:00","dateModified":"2026-02-25T15:19:43+00:00","breadcrumb":{"@id":"https:\/\/eurotrail.info\/de\/producten\/campingmoebel\/campngbett\/pebble-beach-2\/#breadcrumb"},"inLanguage":"de","potentialAction":[{"@type":"ReadAction","target":["https:\/\/eurotrail.info\/de\/producten\/campingmoebel\/campngbett\/pebble-beach-2\/"]}]},{"@type":"ImageObject","inLanguage":"de","@id":"https:\/\/eurotrail.info\/de\/producten\/campingmoebel\/campngbett\/pebble-beach-2\/#primaryimage","url":"https:\/\/eurotrail.info\/wp\/wp-content\/uploads\/2016\/01\/ETCF5011-Pebble-Beach-Blue.jpg","contentUrl":"https:\/\/eurotrail.info\/wp\/wp-content\/uploads\/2016\/01\/ETCF5011-Pebble-Beach-Blue.jpg","width":1417,"height":1217,"caption":"Wetterfeste komfortable Liege mit verstelbarem Kopfteil und Sonnenschutz."},{"@type":"BreadcrumbList","@id":"https:\/\/eurotrail.info\/de\/producten\/campingmoebel\/campngbett\/pebble-beach-2\/#breadcrumb","itemListElement":[{"@type":"ListItem","position":1,"name":"Home","item":"https:\/\/eurotrail.info\/de\/"},{"@type":"ListItem","position":2,"name":"Produkte","item":"https:\/\/eurotrail.info\/de\/produkte\/"},{"@type":"ListItem","position":3,"name":"Pebble Beach"}]},{"@type":"WebSite","@id":"https:\/\/eurotrail.info\/#website","url":"https:\/\/eurotrail.info\/","name":"Eurotrail","description":"","publisher":{"@id":"https:\/\/eurotrail.info\/#organization"},"potentialAction":[{"@type":"SearchAction","target":{"@type":"EntryPoint","urlTemplate":"https:\/\/eurotrail.info\/?s={search_term_string}"},"query-input":{"@type":"PropertyValueSpecification","valueRequired":true,"valueName":"search_term_string"}}],"inLanguage":"de"},{"@type":"Organization","@id":"https:\/\/eurotrail.info\/#organization","name":"Eurotrail","url":"https:\/\/eurotrail.info\/","logo":{"@type":"ImageObject","inLanguage":"de","@id":"https:\/\/eurotrail.info\/#\/schema\/logo\/image\/","url":"https:\/\/eurotrail.info\/wp\/wp-content\/uploads\/2023\/07\/ET-logo-quote_NL-scaled.jpg","contentUrl":"https:\/\/eurotrail.info\/wp\/wp-content\/uploads\/2023\/07\/ET-logo-quote_NL-scaled.jpg","width":2560,"height":675,"caption":"Eurotrail"},"image":{"@id":"https:\/\/eurotrail.info\/#\/schema\/logo\/image\/"}}]}},"_links":{"self":[{"href":"https:\/\/eurotrail.info\/de\/wp-json\/wp\/v2\/product\/2869","targetHints":{"allow":["GET"]}}],"collection":[{"href":"https:\/\/eurotrail.info\/de\/wp-json\/wp\/v2\/product"}],"about":[{"href":"https:\/\/eurotrail.info\/de\/wp-json\/wp\/v2\/types\/product"}],"replies":[{"embeddable":true,"href":"https:\/\/eurotrail.info\/de\/wp-json\/wp\/v2\/comments?post=2869"}],"wp:featuredmedia":[{"embeddable":true,"href":"https:\/\/eurotrail.info\/de\/wp-json\/wp\/v2\/media\/1530"}],"wp:attachment":[{"href":"https:\/\/eurotrail.info\/de\/wp-json\/wp\/v2\/media?parent=2869"}],"wp:term":[{"taxonomy":"product_brand","embeddable":true,"href":"https:\/\/eurotrail.info\/de\/wp-json\/wp\/v2\/product_brand?post=2869"},{"taxonomy":"product_cat","embeddable":true,"href":"https:\/\/eurotrail.info\/de\/wp-json\/wp\/v2\/product_cat?post=2869"},{"taxonomy":"product_tag","embeddable":true,"href":"https:\/\/eurotrail.info\/de\/wp-json\/wp\/v2\/product_tag?post=2869"}],"curies":[{"name":"wp","href":"https:\/\/api.w.org\/{rel}","templated":true}]}}