{"id":29699,"date":"2024-01-18T11:07:32","date_gmt":"2024-01-18T10:07:32","guid":{"rendered":"https:\/\/eurotrail.info\/?post_type=product&#038;p=29699"},"modified":"2026-02-10T17:15:27","modified_gmt":"2026-02-10T16:15:27","slug":"gartenmoebelschutzhuelle","status":"publish","type":"product","link":"https:\/\/eurotrail.info\/de\/producten\/garten\/moebelhuelle\/gartenmoebelschutzhuelle\/","title":{"rendered":"Gartenm\u00f6belschutzh\u00fclle"},"content":{"rendered":"<p>Die Gartenm\u00f6belh\u00fcllen bestehen aus wasserdichtem Cantonic-Ripstop-Polyester mit atmungsaktiver Beschichtung, versiegelten N\u00e4hten und einer speziellen UV-Schutzbehandlung f\u00fcr optimalen UV-Schutz. Die H\u00fcllen sind einfach in der Handhabung und ideal, um Ihre Gartenm\u00f6bel vor Schmutz und Regen zu sch\u00fctzen.<\/p>\n<p>Hinweis: Temperaturschwankungen zwischen Tag und Nacht k\u00f6nnen zu Kondensation in der H\u00fclle f\u00fchren. Dies ist unvermeidbar und wird oft f\u00e4lschlicherweise f\u00fcr Undichtigkeit gehalten. Sie k\u00f6nnen dies so weit wie m\u00f6glich verhindern, indem Sie die H\u00fclle gelegentlich l\u00fcften oder den speziellen H\u00fcllenhalter COVER ETGF7270 verwenden!<\/p>\n<p>Das gesamte Sortiment finden Sie auf unserer Website: <a href=\"https:\/\/trailstore.nl\/product-category\/tuin\/beschermhoezen\/tuinmeubelhoezen\/\">www.eurotrail-gartenm\u00f6belh\u00fclle<\/a><\/p>\n","protected":false},"excerpt":{"rendered":"<p>Die Gartenm\u00f6belh\u00fcllen bestehen aus wasserdichtem Cantonic-Ripstop-Polyester mit atmungsaktiver Beschichtung, versiegelten N\u00e4hten und einer speziellen UV-Schutzbehandlung f\u00fcr optimalen UV-Schutz. Die H\u00fcllen sind einfach in der Handhabung&hellip;<\/p>\n","protected":false},"featured_media":22405,"comment_status":"open","ping_status":"closed","template":"","meta":{"_acf_changed":false},"product_brand":[],"product_cat":[299,298],"product_tag":[],"class_list":{"0":"post-29699","1":"product","2":"type-product","3":"status-publish","4":"has-post-thumbnail","6":"product_cat-garten","7":"product_cat-moebelhuelle","9":"first","10":"instock","11":"shipping-taxable","12":"product-type-simple"},"acf":[],"yoast_head":"<!-- This site is optimized with the Yoast SEO plugin v27.4 - https:\/\/yoast.com\/product\/yoast-seo-wordpress\/ -->\n<title>Gartenm\u00f6belschutzh\u00fclle - Eurotrail<\/title>\n<meta name=\"description\" content=\"M\u00f6belh\u00fcllen aus wasserdichtem Cantonic-Ripstop-Polyester mit atmungsaktiver Beschichtung, versiegelten N\u00e4hten und UV-Schutzbehandlung f\u00fcr optimalen Schutz.\" \/>\n<meta name=\"robots\" content=\"index, follow, max-snippet:-1, max-image-preview:large, max-video-preview:-1\" \/>\n<link rel=\"canonical\" href=\"https:\/\/eurotrail.info\/de\/producten\/garten\/moebelhuelle\/gartenmoebelschutzhuelle\/\" \/>\n<meta property=\"og:locale\" content=\"de_DE\" \/>\n<meta property=\"og:type\" content=\"article\" \/>\n<meta property=\"og:title\" content=\"Gartenm\u00f6belschutzh\u00fclle - Eurotrail\" \/>\n<meta property=\"og:description\" content=\"M\u00f6belh\u00fcllen aus wasserdichtem Cantonic-Ripstop-Polyester mit atmungsaktiver Beschichtung, versiegelten N\u00e4hten und UV-Schutzbehandlung f\u00fcr optimalen Schutz.\" \/>\n<meta property=\"og:url\" content=\"https:\/\/eurotrail.info\/de\/producten\/garten\/moebelhuelle\/gartenmoebelschutzhuelle\/\" \/>\n<meta property=\"og:site_name\" content=\"Eurotrail\" \/>\n<meta property=\"article:modified_time\" content=\"2026-02-10T16:15:27+00:00\" \/>\n<meta property=\"og:image\" content=\"https:\/\/eurotrail.info\/wp\/wp-content\/uploads\/2024\/01\/Box-1-klein.jpg\" \/>\n\t<meta property=\"og:image:width\" content=\"1500\" \/>\n\t<meta property=\"og:image:height\" content=\"1000\" \/>\n\t<meta property=\"og:image:type\" content=\"image\/jpeg\" \/>\n<meta name=\"twitter:card\" content=\"summary_large_image\" \/>\n<meta name=\"twitter:label1\" content=\"Gesch\u00e4tzte Lesezeit\" \/>\n\t<meta name=\"twitter:data1\" content=\"1\u00a0Minute\" \/>\n<script type=\"application\/ld+json\" class=\"yoast-schema-graph\">{\"@context\":\"https:\\\/\\\/schema.org\",\"@graph\":[{\"@type\":\"WebPage\",\"@id\":\"https:\\\/\\\/eurotrail.info\\\/de\\\/producten\\\/garten\\\/moebelhuelle\\\/gartenmoebelschutzhuelle\\\/\",\"url\":\"https:\\\/\\\/eurotrail.info\\\/de\\\/producten\\\/garten\\\/moebelhuelle\\\/gartenmoebelschutzhuelle\\\/\",\"name\":\"Gartenm\u00f6belschutzh\u00fclle - Eurotrail\",\"isPartOf\":{\"@id\":\"https:\\\/\\\/eurotrail.info\\\/#website\"},\"primaryImageOfPage\":{\"@id\":\"https:\\\/\\\/eurotrail.info\\\/de\\\/producten\\\/garten\\\/moebelhuelle\\\/gartenmoebelschutzhuelle\\\/#primaryimage\"},\"image\":{\"@id\":\"https:\\\/\\\/eurotrail.info\\\/de\\\/producten\\\/garten\\\/moebelhuelle\\\/gartenmoebelschutzhuelle\\\/#primaryimage\"},\"thumbnailUrl\":\"https:\\\/\\\/eurotrail.info\\\/wp\\\/wp-content\\\/uploads\\\/2024\\\/01\\\/Box-1-klein.jpg\",\"datePublished\":\"2024-01-18T10:07:32+00:00\",\"dateModified\":\"2026-02-10T16:15:27+00:00\",\"description\":\"M\u00f6belh\u00fcllen aus wasserdichtem Cantonic-Ripstop-Polyester mit atmungsaktiver Beschichtung, versiegelten N\u00e4hten und UV-Schutzbehandlung f\u00fcr optimalen Schutz.\",\"breadcrumb\":{\"@id\":\"https:\\\/\\\/eurotrail.info\\\/de\\\/producten\\\/garten\\\/moebelhuelle\\\/gartenmoebelschutzhuelle\\\/#breadcrumb\"},\"inLanguage\":\"de\",\"potentialAction\":[{\"@type\":\"ReadAction\",\"target\":[\"https:\\\/\\\/eurotrail.info\\\/de\\\/producten\\\/garten\\\/moebelhuelle\\\/gartenmoebelschutzhuelle\\\/\"]}]},{\"@type\":\"ImageObject\",\"inLanguage\":\"de\",\"@id\":\"https:\\\/\\\/eurotrail.info\\\/de\\\/producten\\\/garten\\\/moebelhuelle\\\/gartenmoebelschutzhuelle\\\/#primaryimage\",\"url\":\"https:\\\/\\\/eurotrail.info\\\/wp\\\/wp-content\\\/uploads\\\/2024\\\/01\\\/Box-1-klein.jpg\",\"contentUrl\":\"https:\\\/\\\/eurotrail.info\\\/wp\\\/wp-content\\\/uploads\\\/2024\\\/01\\\/Box-1-klein.jpg\",\"width\":1500,\"height\":1000},{\"@type\":\"BreadcrumbList\",\"@id\":\"https:\\\/\\\/eurotrail.info\\\/de\\\/producten\\\/garten\\\/moebelhuelle\\\/gartenmoebelschutzhuelle\\\/#breadcrumb\",\"itemListElement\":[{\"@type\":\"ListItem\",\"position\":1,\"name\":\"Home\",\"item\":\"https:\\\/\\\/eurotrail.info\\\/de\\\/\"},{\"@type\":\"ListItem\",\"position\":2,\"name\":\"Produkte\",\"item\":\"https:\\\/\\\/eurotrail.info\\\/de\\\/produkte\\\/\"},{\"@type\":\"ListItem\",\"position\":3,\"name\":\"Gartenm\u00f6belschutzh\u00fclle\"}]},{\"@type\":\"WebSite\",\"@id\":\"https:\\\/\\\/eurotrail.info\\\/#website\",\"url\":\"https:\\\/\\\/eurotrail.info\\\/\",\"name\":\"Eurotrail\",\"description\":\"\",\"publisher\":{\"@id\":\"https:\\\/\\\/eurotrail.info\\\/#organization\"},\"potentialAction\":[{\"@type\":\"SearchAction\",\"target\":{\"@type\":\"EntryPoint\",\"urlTemplate\":\"https:\\\/\\\/eurotrail.info\\\/?s={search_term_string}\"},\"query-input\":{\"@type\":\"PropertyValueSpecification\",\"valueRequired\":true,\"valueName\":\"search_term_string\"}}],\"inLanguage\":\"de\"},{\"@type\":\"Organization\",\"@id\":\"https:\\\/\\\/eurotrail.info\\\/#organization\",\"name\":\"Eurotrail\",\"url\":\"https:\\\/\\\/eurotrail.info\\\/\",\"logo\":{\"@type\":\"ImageObject\",\"inLanguage\":\"de\",\"@id\":\"https:\\\/\\\/eurotrail.info\\\/#\\\/schema\\\/logo\\\/image\\\/\",\"url\":\"https:\\\/\\\/eurotrail.info\\\/wp\\\/wp-content\\\/uploads\\\/2023\\\/07\\\/ET-logo-quote_NL-scaled.jpg\",\"contentUrl\":\"https:\\\/\\\/eurotrail.info\\\/wp\\\/wp-content\\\/uploads\\\/2023\\\/07\\\/ET-logo-quote_NL-scaled.jpg\",\"width\":2560,\"height\":675,\"caption\":\"Eurotrail\"},\"image\":{\"@id\":\"https:\\\/\\\/eurotrail.info\\\/#\\\/schema\\\/logo\\\/image\\\/\"}}]}<\/script>\n<!-- \/ Yoast SEO plugin. -->","yoast_head_json":{"title":"Gartenm\u00f6belschutzh\u00fclle - Eurotrail","description":"M\u00f6belh\u00fcllen aus wasserdichtem Cantonic-Ripstop-Polyester mit atmungsaktiver Beschichtung, versiegelten N\u00e4hten und UV-Schutzbehandlung f\u00fcr optimalen Schutz.","robots":{"index":"index","follow":"follow","max-snippet":"max-snippet:-1","max-image-preview":"max-image-preview:large","max-video-preview":"max-video-preview:-1"},"canonical":"https:\/\/eurotrail.info\/de\/producten\/garten\/moebelhuelle\/gartenmoebelschutzhuelle\/","og_locale":"de_DE","og_type":"article","og_title":"Gartenm\u00f6belschutzh\u00fclle - Eurotrail","og_description":"M\u00f6belh\u00fcllen aus wasserdichtem Cantonic-Ripstop-Polyester mit atmungsaktiver Beschichtung, versiegelten N\u00e4hten und UV-Schutzbehandlung f\u00fcr optimalen Schutz.","og_url":"https:\/\/eurotrail.info\/de\/producten\/garten\/moebelhuelle\/gartenmoebelschutzhuelle\/","og_site_name":"Eurotrail","article_modified_time":"2026-02-10T16:15:27+00:00","og_image":[{"width":1500,"height":1000,"url":"https:\/\/eurotrail.info\/wp\/wp-content\/uploads\/2024\/01\/Box-1-klein.jpg","type":"image\/jpeg"}],"twitter_card":"summary_large_image","twitter_misc":{"Gesch\u00e4tzte Lesezeit":"1\u00a0Minute"},"schema":{"@context":"https:\/\/schema.org","@graph":[{"@type":"WebPage","@id":"https:\/\/eurotrail.info\/de\/producten\/garten\/moebelhuelle\/gartenmoebelschutzhuelle\/","url":"https:\/\/eurotrail.info\/de\/producten\/garten\/moebelhuelle\/gartenmoebelschutzhuelle\/","name":"Gartenm\u00f6belschutzh\u00fclle - Eurotrail","isPartOf":{"@id":"https:\/\/eurotrail.info\/#website"},"primaryImageOfPage":{"@id":"https:\/\/eurotrail.info\/de\/producten\/garten\/moebelhuelle\/gartenmoebelschutzhuelle\/#primaryimage"},"image":{"@id":"https:\/\/eurotrail.info\/de\/producten\/garten\/moebelhuelle\/gartenmoebelschutzhuelle\/#primaryimage"},"thumbnailUrl":"https:\/\/eurotrail.info\/wp\/wp-content\/uploads\/2024\/01\/Box-1-klein.jpg","datePublished":"2024-01-18T10:07:32+00:00","dateModified":"2026-02-10T16:15:27+00:00","description":"M\u00f6belh\u00fcllen aus wasserdichtem Cantonic-Ripstop-Polyester mit atmungsaktiver Beschichtung, versiegelten N\u00e4hten und UV-Schutzbehandlung f\u00fcr optimalen Schutz.","breadcrumb":{"@id":"https:\/\/eurotrail.info\/de\/producten\/garten\/moebelhuelle\/gartenmoebelschutzhuelle\/#breadcrumb"},"inLanguage":"de","potentialAction":[{"@type":"ReadAction","target":["https:\/\/eurotrail.info\/de\/producten\/garten\/moebelhuelle\/gartenmoebelschutzhuelle\/"]}]},{"@type":"ImageObject","inLanguage":"de","@id":"https:\/\/eurotrail.info\/de\/producten\/garten\/moebelhuelle\/gartenmoebelschutzhuelle\/#primaryimage","url":"https:\/\/eurotrail.info\/wp\/wp-content\/uploads\/2024\/01\/Box-1-klein.jpg","contentUrl":"https:\/\/eurotrail.info\/wp\/wp-content\/uploads\/2024\/01\/Box-1-klein.jpg","width":1500,"height":1000},{"@type":"BreadcrumbList","@id":"https:\/\/eurotrail.info\/de\/producten\/garten\/moebelhuelle\/gartenmoebelschutzhuelle\/#breadcrumb","itemListElement":[{"@type":"ListItem","position":1,"name":"Home","item":"https:\/\/eurotrail.info\/de\/"},{"@type":"ListItem","position":2,"name":"Produkte","item":"https:\/\/eurotrail.info\/de\/produkte\/"},{"@type":"ListItem","position":3,"name":"Gartenm\u00f6belschutzh\u00fclle"}]},{"@type":"WebSite","@id":"https:\/\/eurotrail.info\/#website","url":"https:\/\/eurotrail.info\/","name":"Eurotrail","description":"","publisher":{"@id":"https:\/\/eurotrail.info\/#organization"},"potentialAction":[{"@type":"SearchAction","target":{"@type":"EntryPoint","urlTemplate":"https:\/\/eurotrail.info\/?s={search_term_string}"},"query-input":{"@type":"PropertyValueSpecification","valueRequired":true,"valueName":"search_term_string"}}],"inLanguage":"de"},{"@type":"Organization","@id":"https:\/\/eurotrail.info\/#organization","name":"Eurotrail","url":"https:\/\/eurotrail.info\/","logo":{"@type":"ImageObject","inLanguage":"de","@id":"https:\/\/eurotrail.info\/#\/schema\/logo\/image\/","url":"https:\/\/eurotrail.info\/wp\/wp-content\/uploads\/2023\/07\/ET-logo-quote_NL-scaled.jpg","contentUrl":"https:\/\/eurotrail.info\/wp\/wp-content\/uploads\/2023\/07\/ET-logo-quote_NL-scaled.jpg","width":2560,"height":675,"caption":"Eurotrail"},"image":{"@id":"https:\/\/eurotrail.info\/#\/schema\/logo\/image\/"}}]}},"_links":{"self":[{"href":"https:\/\/eurotrail.info\/de\/wp-json\/wp\/v2\/product\/29699","targetHints":{"allow":["GET"]}}],"collection":[{"href":"https:\/\/eurotrail.info\/de\/wp-json\/wp\/v2\/product"}],"about":[{"href":"https:\/\/eurotrail.info\/de\/wp-json\/wp\/v2\/types\/product"}],"replies":[{"embeddable":true,"href":"https:\/\/eurotrail.info\/de\/wp-json\/wp\/v2\/comments?post=29699"}],"wp:featuredmedia":[{"embeddable":true,"href":"https:\/\/eurotrail.info\/de\/wp-json\/wp\/v2\/media\/22405"}],"wp:attachment":[{"href":"https:\/\/eurotrail.info\/de\/wp-json\/wp\/v2\/media?parent=29699"}],"wp:term":[{"taxonomy":"product_brand","embeddable":true,"href":"https:\/\/eurotrail.info\/de\/wp-json\/wp\/v2\/product_brand?post=29699"},{"taxonomy":"product_cat","embeddable":true,"href":"https:\/\/eurotrail.info\/de\/wp-json\/wp\/v2\/product_cat?post=29699"},{"taxonomy":"product_tag","embeddable":true,"href":"https:\/\/eurotrail.info\/de\/wp-json\/wp\/v2\/product_tag?post=29699"}],"curies":[{"name":"wp","href":"https:\/\/api.w.org\/{rel}","templated":true}]}}