{"id":3003,"date":"2016-01-20T16:35:11","date_gmt":"2016-01-20T15:35:11","guid":{"rendered":"http:\/\/preview.eurotrail.info\/producten\/3003\/"},"modified":"2026-02-06T11:42:30","modified_gmt":"2026-02-06T10:42:30","slug":"acapulco","status":"publish","type":"product","link":"https:\/\/eurotrail.info\/de\/producten\/campingmoebel\/strandstuhlen\/acapulco\/","title":{"rendered":"Acapulco Strandstuhl"},"content":{"rendered":"<p>\u2600\ufe0f Acapulco Strandstuhl \u2013 Entspannen mit Stil<\/p>\n<p>Der Acapulco Strandstuhl ist Ihr idealer Begleiter f\u00fcr sonnige Tage am Strand, beim Camping oder im Garten. Dieser bequeme Relaxstuhl hat ein niedriges Design und eine mehrfach verstellbare R\u00fcckenlehne, die sogar vollst\u00e4ndig flach gestellt werden kann. So verwandeln Sie den Stuhl in eine herrliche Liege, um die Sonne optimal zu genie\u00dfen.<\/p>\n<p>Dank der bequemen Armlehnen und des verstellbaren Kopfkissens sitzen oder liegen Sie immer genau so, wie Sie es m\u00f6chten. Der strapazierf\u00e4hige Textilene-Stoff wurde speziell f\u00fcr den Au\u00dfenbereich entwickelt: Wasser und Sand laufen leicht durch, sodass der Stuhl schnell trocknet und leicht zu reinigen ist.<\/p>\n<p>Stilvoll, praktisch und herrlich entspannend \u2013 mit dem Acapulco-Strandstuhl holen Sie sich das ultimative Urlaubsgef\u00fchl nach Hause.<\/p>\n<p>Bezug: Textilene 70% PVC 30% PES<br \/>\nGestell: Aluminium Rundrohr<br \/>\nGrosse: 60x55x20\/74cm<br \/>\nPackmass: 77x56x21cm<br \/>\nGewicht: 2.4 kg.<br \/>\nMax. Belastunbg: 100 kg.<\/p>\n","protected":false},"excerpt":{"rendered":"<p>\u2600\ufe0f Acapulco Strandstuhl \u2013 Entspannen mit Stil Der Acapulco Strandstuhl ist Ihr idealer Begleiter f\u00fcr sonnige Tage am Strand, beim Camping oder im Garten. Dieser&hellip;<\/p>\n","protected":false},"featured_media":28698,"comment_status":"open","ping_status":"closed","template":"","meta":{"_acf_changed":false},"product_brand":[],"product_cat":[88],"product_tag":[],"class_list":{"0":"post-3003","1":"product","2":"type-product","3":"status-publish","4":"has-post-thumbnail","6":"product_cat-strandstuhlen","8":"first","9":"instock","10":"shipping-taxable","11":"product-type-simple"},"acf":[],"yoast_head":"<!-- This site is optimized with the Yoast SEO plugin v27.4 - https:\/\/yoast.com\/product\/yoast-seo-wordpress\/ -->\n<title>Acapulco Strandstuhl - Eurotrail<\/title>\n<meta name=\"description\" content=\"Bequemer Acapulco-Strandstuhl mit verstellbarer R\u00fcckenlehne, Armlehnen und Kopfkissen. Dank Textilene-Bezug schnell trocknend. Ideal f\u00fcr Strand und Camping.\" \/>\n<meta name=\"robots\" content=\"index, follow, max-snippet:-1, max-image-preview:large, max-video-preview:-1\" \/>\n<link rel=\"canonical\" href=\"https:\/\/eurotrail.info\/de\/producten\/campingmoebel\/strandstuhlen\/acapulco\/\" \/>\n<meta property=\"og:locale\" content=\"de_DE\" \/>\n<meta property=\"og:type\" content=\"article\" \/>\n<meta property=\"og:title\" content=\"Acapulco Strandstuhl - Eurotrail\" \/>\n<meta property=\"og:description\" content=\"Bequemer Acapulco-Strandstuhl mit verstellbarer R\u00fcckenlehne, Armlehnen und Kopfkissen. Dank Textilene-Bezug schnell trocknend. Ideal f\u00fcr Strand und Camping.\" \/>\n<meta property=\"og:url\" content=\"https:\/\/eurotrail.info\/de\/producten\/campingmoebel\/strandstuhlen\/acapulco\/\" \/>\n<meta property=\"og:site_name\" content=\"Eurotrail\" \/>\n<meta property=\"article:modified_time\" content=\"2026-02-06T10:42:30+00:00\" \/>\n<meta property=\"og:image\" content=\"https:\/\/eurotrail.info\/wp\/wp-content\/uploads\/2016\/01\/ETCF5021-Acapulco-red-2S0-1.jpg\" \/>\n\t<meta property=\"og:image:width\" content=\"1586\" \/>\n\t<meta property=\"og:image:height\" content=\"1772\" \/>\n\t<meta property=\"og:image:type\" content=\"image\/jpeg\" \/>\n<meta name=\"twitter:card\" content=\"summary_large_image\" \/>\n<meta name=\"twitter:label1\" content=\"Gesch\u00e4tzte Lesezeit\" \/>\n\t<meta name=\"twitter:data1\" content=\"1\u00a0Minute\" \/>\n<script type=\"application\/ld+json\" class=\"yoast-schema-graph\">{\"@context\":\"https:\\\/\\\/schema.org\",\"@graph\":[{\"@type\":\"WebPage\",\"@id\":\"https:\\\/\\\/eurotrail.info\\\/de\\\/producten\\\/campingmoebel\\\/strandstuhlen\\\/acapulco\\\/\",\"url\":\"https:\\\/\\\/eurotrail.info\\\/de\\\/producten\\\/campingmoebel\\\/strandstuhlen\\\/acapulco\\\/\",\"name\":\"Acapulco Strandstuhl - Eurotrail\",\"isPartOf\":{\"@id\":\"https:\\\/\\\/eurotrail.info\\\/#website\"},\"primaryImageOfPage\":{\"@id\":\"https:\\\/\\\/eurotrail.info\\\/de\\\/producten\\\/campingmoebel\\\/strandstuhlen\\\/acapulco\\\/#primaryimage\"},\"image\":{\"@id\":\"https:\\\/\\\/eurotrail.info\\\/de\\\/producten\\\/campingmoebel\\\/strandstuhlen\\\/acapulco\\\/#primaryimage\"},\"thumbnailUrl\":\"https:\\\/\\\/eurotrail.info\\\/wp\\\/wp-content\\\/uploads\\\/2016\\\/01\\\/ETCF5021-Acapulco-red-2S0-1.jpg\",\"datePublished\":\"2016-01-20T15:35:11+00:00\",\"dateModified\":\"2026-02-06T10:42:30+00:00\",\"description\":\"Bequemer Acapulco-Strandstuhl mit verstellbarer R\u00fcckenlehne, Armlehnen und Kopfkissen. Dank Textilene-Bezug schnell trocknend. Ideal f\u00fcr Strand und Camping.\",\"breadcrumb\":{\"@id\":\"https:\\\/\\\/eurotrail.info\\\/de\\\/producten\\\/campingmoebel\\\/strandstuhlen\\\/acapulco\\\/#breadcrumb\"},\"inLanguage\":\"de\",\"potentialAction\":[{\"@type\":\"ReadAction\",\"target\":[\"https:\\\/\\\/eurotrail.info\\\/de\\\/producten\\\/campingmoebel\\\/strandstuhlen\\\/acapulco\\\/\"]}]},{\"@type\":\"ImageObject\",\"inLanguage\":\"de\",\"@id\":\"https:\\\/\\\/eurotrail.info\\\/de\\\/producten\\\/campingmoebel\\\/strandstuhlen\\\/acapulco\\\/#primaryimage\",\"url\":\"https:\\\/\\\/eurotrail.info\\\/wp\\\/wp-content\\\/uploads\\\/2016\\\/01\\\/ETCF5021-Acapulco-red-2S0-1.jpg\",\"contentUrl\":\"https:\\\/\\\/eurotrail.info\\\/wp\\\/wp-content\\\/uploads\\\/2016\\\/01\\\/ETCF5021-Acapulco-red-2S0-1.jpg\",\"width\":1586,\"height\":1772},{\"@type\":\"BreadcrumbList\",\"@id\":\"https:\\\/\\\/eurotrail.info\\\/de\\\/producten\\\/campingmoebel\\\/strandstuhlen\\\/acapulco\\\/#breadcrumb\",\"itemListElement\":[{\"@type\":\"ListItem\",\"position\":1,\"name\":\"Home\",\"item\":\"https:\\\/\\\/eurotrail.info\\\/de\\\/\"},{\"@type\":\"ListItem\",\"position\":2,\"name\":\"Produkte\",\"item\":\"https:\\\/\\\/eurotrail.info\\\/de\\\/produkte\\\/\"},{\"@type\":\"ListItem\",\"position\":3,\"name\":\"Acapulco Strandstuhl\"}]},{\"@type\":\"WebSite\",\"@id\":\"https:\\\/\\\/eurotrail.info\\\/#website\",\"url\":\"https:\\\/\\\/eurotrail.info\\\/\",\"name\":\"Eurotrail\",\"description\":\"\",\"publisher\":{\"@id\":\"https:\\\/\\\/eurotrail.info\\\/#organization\"},\"potentialAction\":[{\"@type\":\"SearchAction\",\"target\":{\"@type\":\"EntryPoint\",\"urlTemplate\":\"https:\\\/\\\/eurotrail.info\\\/?s={search_term_string}\"},\"query-input\":{\"@type\":\"PropertyValueSpecification\",\"valueRequired\":true,\"valueName\":\"search_term_string\"}}],\"inLanguage\":\"de\"},{\"@type\":\"Organization\",\"@id\":\"https:\\\/\\\/eurotrail.info\\\/#organization\",\"name\":\"Eurotrail\",\"url\":\"https:\\\/\\\/eurotrail.info\\\/\",\"logo\":{\"@type\":\"ImageObject\",\"inLanguage\":\"de\",\"@id\":\"https:\\\/\\\/eurotrail.info\\\/#\\\/schema\\\/logo\\\/image\\\/\",\"url\":\"https:\\\/\\\/eurotrail.info\\\/wp\\\/wp-content\\\/uploads\\\/2023\\\/07\\\/ET-logo-quote_NL-scaled.jpg\",\"contentUrl\":\"https:\\\/\\\/eurotrail.info\\\/wp\\\/wp-content\\\/uploads\\\/2023\\\/07\\\/ET-logo-quote_NL-scaled.jpg\",\"width\":2560,\"height\":675,\"caption\":\"Eurotrail\"},\"image\":{\"@id\":\"https:\\\/\\\/eurotrail.info\\\/#\\\/schema\\\/logo\\\/image\\\/\"}}]}<\/script>\n<!-- \/ Yoast SEO plugin. -->","yoast_head_json":{"title":"Acapulco Strandstuhl - Eurotrail","description":"Bequemer Acapulco-Strandstuhl mit verstellbarer R\u00fcckenlehne, Armlehnen und Kopfkissen. Dank Textilene-Bezug schnell trocknend. Ideal f\u00fcr Strand und Camping.","robots":{"index":"index","follow":"follow","max-snippet":"max-snippet:-1","max-image-preview":"max-image-preview:large","max-video-preview":"max-video-preview:-1"},"canonical":"https:\/\/eurotrail.info\/de\/producten\/campingmoebel\/strandstuhlen\/acapulco\/","og_locale":"de_DE","og_type":"article","og_title":"Acapulco Strandstuhl - Eurotrail","og_description":"Bequemer Acapulco-Strandstuhl mit verstellbarer R\u00fcckenlehne, Armlehnen und Kopfkissen. Dank Textilene-Bezug schnell trocknend. Ideal f\u00fcr Strand und Camping.","og_url":"https:\/\/eurotrail.info\/de\/producten\/campingmoebel\/strandstuhlen\/acapulco\/","og_site_name":"Eurotrail","article_modified_time":"2026-02-06T10:42:30+00:00","og_image":[{"width":1586,"height":1772,"url":"https:\/\/eurotrail.info\/wp\/wp-content\/uploads\/2016\/01\/ETCF5021-Acapulco-red-2S0-1.jpg","type":"image\/jpeg"}],"twitter_card":"summary_large_image","twitter_misc":{"Gesch\u00e4tzte Lesezeit":"1\u00a0Minute"},"schema":{"@context":"https:\/\/schema.org","@graph":[{"@type":"WebPage","@id":"https:\/\/eurotrail.info\/de\/producten\/campingmoebel\/strandstuhlen\/acapulco\/","url":"https:\/\/eurotrail.info\/de\/producten\/campingmoebel\/strandstuhlen\/acapulco\/","name":"Acapulco Strandstuhl - Eurotrail","isPartOf":{"@id":"https:\/\/eurotrail.info\/#website"},"primaryImageOfPage":{"@id":"https:\/\/eurotrail.info\/de\/producten\/campingmoebel\/strandstuhlen\/acapulco\/#primaryimage"},"image":{"@id":"https:\/\/eurotrail.info\/de\/producten\/campingmoebel\/strandstuhlen\/acapulco\/#primaryimage"},"thumbnailUrl":"https:\/\/eurotrail.info\/wp\/wp-content\/uploads\/2016\/01\/ETCF5021-Acapulco-red-2S0-1.jpg","datePublished":"2016-01-20T15:35:11+00:00","dateModified":"2026-02-06T10:42:30+00:00","description":"Bequemer Acapulco-Strandstuhl mit verstellbarer R\u00fcckenlehne, Armlehnen und Kopfkissen. Dank Textilene-Bezug schnell trocknend. Ideal f\u00fcr Strand und Camping.","breadcrumb":{"@id":"https:\/\/eurotrail.info\/de\/producten\/campingmoebel\/strandstuhlen\/acapulco\/#breadcrumb"},"inLanguage":"de","potentialAction":[{"@type":"ReadAction","target":["https:\/\/eurotrail.info\/de\/producten\/campingmoebel\/strandstuhlen\/acapulco\/"]}]},{"@type":"ImageObject","inLanguage":"de","@id":"https:\/\/eurotrail.info\/de\/producten\/campingmoebel\/strandstuhlen\/acapulco\/#primaryimage","url":"https:\/\/eurotrail.info\/wp\/wp-content\/uploads\/2016\/01\/ETCF5021-Acapulco-red-2S0-1.jpg","contentUrl":"https:\/\/eurotrail.info\/wp\/wp-content\/uploads\/2016\/01\/ETCF5021-Acapulco-red-2S0-1.jpg","width":1586,"height":1772},{"@type":"BreadcrumbList","@id":"https:\/\/eurotrail.info\/de\/producten\/campingmoebel\/strandstuhlen\/acapulco\/#breadcrumb","itemListElement":[{"@type":"ListItem","position":1,"name":"Home","item":"https:\/\/eurotrail.info\/de\/"},{"@type":"ListItem","position":2,"name":"Produkte","item":"https:\/\/eurotrail.info\/de\/produkte\/"},{"@type":"ListItem","position":3,"name":"Acapulco Strandstuhl"}]},{"@type":"WebSite","@id":"https:\/\/eurotrail.info\/#website","url":"https:\/\/eurotrail.info\/","name":"Eurotrail","description":"","publisher":{"@id":"https:\/\/eurotrail.info\/#organization"},"potentialAction":[{"@type":"SearchAction","target":{"@type":"EntryPoint","urlTemplate":"https:\/\/eurotrail.info\/?s={search_term_string}"},"query-input":{"@type":"PropertyValueSpecification","valueRequired":true,"valueName":"search_term_string"}}],"inLanguage":"de"},{"@type":"Organization","@id":"https:\/\/eurotrail.info\/#organization","name":"Eurotrail","url":"https:\/\/eurotrail.info\/","logo":{"@type":"ImageObject","inLanguage":"de","@id":"https:\/\/eurotrail.info\/#\/schema\/logo\/image\/","url":"https:\/\/eurotrail.info\/wp\/wp-content\/uploads\/2023\/07\/ET-logo-quote_NL-scaled.jpg","contentUrl":"https:\/\/eurotrail.info\/wp\/wp-content\/uploads\/2023\/07\/ET-logo-quote_NL-scaled.jpg","width":2560,"height":675,"caption":"Eurotrail"},"image":{"@id":"https:\/\/eurotrail.info\/#\/schema\/logo\/image\/"}}]}},"_links":{"self":[{"href":"https:\/\/eurotrail.info\/de\/wp-json\/wp\/v2\/product\/3003","targetHints":{"allow":["GET"]}}],"collection":[{"href":"https:\/\/eurotrail.info\/de\/wp-json\/wp\/v2\/product"}],"about":[{"href":"https:\/\/eurotrail.info\/de\/wp-json\/wp\/v2\/types\/product"}],"replies":[{"embeddable":true,"href":"https:\/\/eurotrail.info\/de\/wp-json\/wp\/v2\/comments?post=3003"}],"wp:featuredmedia":[{"embeddable":true,"href":"https:\/\/eurotrail.info\/de\/wp-json\/wp\/v2\/media\/28698"}],"wp:attachment":[{"href":"https:\/\/eurotrail.info\/de\/wp-json\/wp\/v2\/media?parent=3003"}],"wp:term":[{"taxonomy":"product_brand","embeddable":true,"href":"https:\/\/eurotrail.info\/de\/wp-json\/wp\/v2\/product_brand?post=3003"},{"taxonomy":"product_cat","embeddable":true,"href":"https:\/\/eurotrail.info\/de\/wp-json\/wp\/v2\/product_cat?post=3003"},{"taxonomy":"product_tag","embeddable":true,"href":"https:\/\/eurotrail.info\/de\/wp-json\/wp\/v2\/product_tag?post=3003"}],"curies":[{"name":"wp","href":"https:\/\/api.w.org\/{rel}","templated":true}]}}