{"id":3005,"date":"2016-01-20T16:59:04","date_gmt":"2016-01-20T15:59:04","guid":{"rendered":"http:\/\/preview.eurotrail.info\/producten\/3005\/"},"modified":"2025-02-03T15:59:54","modified_gmt":"2025-02-03T14:59:54","slug":"ardeche","status":"publish","type":"product","link":"https:\/\/eurotrail.info\/de\/producten\/campingmoebel\/kinderstuhlen\/ardeche\/","title":{"rendered":"Ardeche Kinderstuhl"},"content":{"rendered":"<p>Dieser fr\u00f6hliche Kinderklappstuhl ist perfekt f\u00fcr jede Gelegenheit! Er ist in einer Vielzahl von verspielten Farben erh\u00e4ltlich und verf\u00fcgt \u00fcber eine hohe R\u00fcckenlehne und bequeme Armlehnen. Der robuste Klapprahmen aus Stahl sorgt f\u00fcr Stabilit\u00e4t und Langlebigkeit, w\u00e4hrend sich der Sitz leicht zusammen- und auseinanderklappen l\u00e4sst. Im Lieferumfang ist eine praktische Aufbewahrungstasche mit Tragegurt enthalten, so dass der Sitz \u00fcberallhin mitgenommen werden kann. Ideal zum Campen, f\u00fcr den Garten oder einen Tagesausflug!<\/p>\n<p>Erh\u00e4ltlich in verschiedenen Farben.<\/p>\n<p>Bezug: 100% Polyester<br \/>\nGestell: Stahlrahmen<br \/>\nGrosse: 54x35x30\/58cm<br \/>\nPackmass: 51x\u00d812cm<br \/>\nGewicht: 2.1 kg.<br \/>\nMaximale Belastung: 40 kg.<\/p>\n","protected":false},"excerpt":{"rendered":"<p>Dieser fr\u00f6hliche Kinderklappstuhl ist perfekt f\u00fcr jede Gelegenheit! Er ist in einer Vielzahl von verspielten Farben erh\u00e4ltlich und verf\u00fcgt \u00fcber eine hohe R\u00fcckenlehne und bequeme&hellip;<\/p>\n","protected":false},"featured_media":28677,"comment_status":"open","ping_status":"closed","template":"","meta":{"_acf_changed":false},"product_brand":[],"product_cat":[62],"product_tag":[],"class_list":{"0":"post-3005","1":"product","2":"type-product","3":"status-publish","4":"has-post-thumbnail","6":"product_cat-kinderstuhlen","8":"first","9":"instock","10":"shipping-taxable","11":"product-type-simple"},"acf":[],"yoast_head":"<!-- This site is optimized with the Yoast SEO plugin v27.3 - https:\/\/yoast.com\/product\/yoast-seo-wordpress\/ -->\n<title>Ardeche Kinderstuhl - Eurotrail<\/title>\n<meta name=\"robots\" content=\"index, follow, max-snippet:-1, max-image-preview:large, max-video-preview:-1\" \/>\n<link rel=\"canonical\" href=\"https:\/\/eurotrail.info\/de\/producten\/campingmoebel\/kinderstuhlen\/ardeche\/\" \/>\n<meta property=\"og:locale\" content=\"de_DE\" \/>\n<meta property=\"og:type\" content=\"article\" \/>\n<meta property=\"og:title\" content=\"Ardeche Kinderstuhl - Eurotrail\" \/>\n<meta property=\"og:description\" content=\"Dieser fr\u00f6hliche Kinderklappstuhl ist perfekt f\u00fcr jede Gelegenheit! Er ist in einer Vielzahl von verspielten Farben erh\u00e4ltlich und verf\u00fcgt \u00fcber eine hohe R\u00fcckenlehne und bequeme&hellip;\" \/>\n<meta property=\"og:url\" content=\"https:\/\/eurotrail.info\/de\/producten\/campingmoebel\/kinderstuhlen\/ardeche\/\" \/>\n<meta property=\"og:site_name\" content=\"Eurotrail\" \/>\n<meta property=\"article:modified_time\" content=\"2025-02-03T14:59:54+00:00\" \/>\n<meta property=\"og:image\" content=\"https:\/\/eurotrail.info\/wp\/wp-content\/uploads\/2016\/01\/ETCF0041-Ardeche-15-Lime.jpg\" \/>\n\t<meta property=\"og:image:width\" content=\"1182\" \/>\n\t<meta property=\"og:image:height\" content=\"1417\" \/>\n\t<meta property=\"og:image:type\" content=\"image\/jpeg\" \/>\n<meta name=\"twitter:card\" content=\"summary_large_image\" \/>\n<meta name=\"twitter:label1\" content=\"Gesch\u00e4tzte Lesezeit\" \/>\n\t<meta name=\"twitter:data1\" content=\"1\u00a0Minute\" \/>\n<script type=\"application\/ld+json\" class=\"yoast-schema-graph\">{\"@context\":\"https:\\\/\\\/schema.org\",\"@graph\":[{\"@type\":\"WebPage\",\"@id\":\"https:\\\/\\\/eurotrail.info\\\/de\\\/producten\\\/campingmoebel\\\/kinderstuhlen\\\/ardeche\\\/\",\"url\":\"https:\\\/\\\/eurotrail.info\\\/de\\\/producten\\\/campingmoebel\\\/kinderstuhlen\\\/ardeche\\\/\",\"name\":\"Ardeche Kinderstuhl - Eurotrail\",\"isPartOf\":{\"@id\":\"https:\\\/\\\/eurotrail.info\\\/#website\"},\"primaryImageOfPage\":{\"@id\":\"https:\\\/\\\/eurotrail.info\\\/de\\\/producten\\\/campingmoebel\\\/kinderstuhlen\\\/ardeche\\\/#primaryimage\"},\"image\":{\"@id\":\"https:\\\/\\\/eurotrail.info\\\/de\\\/producten\\\/campingmoebel\\\/kinderstuhlen\\\/ardeche\\\/#primaryimage\"},\"thumbnailUrl\":\"https:\\\/\\\/eurotrail.info\\\/wp\\\/wp-content\\\/uploads\\\/2016\\\/01\\\/ETCF0041-Ardeche-Lila-23-S.jpg\",\"datePublished\":\"2016-01-20T15:59:04+00:00\",\"dateModified\":\"2025-02-03T14:59:54+00:00\",\"breadcrumb\":{\"@id\":\"https:\\\/\\\/eurotrail.info\\\/de\\\/producten\\\/campingmoebel\\\/kinderstuhlen\\\/ardeche\\\/#breadcrumb\"},\"inLanguage\":\"de\",\"potentialAction\":[{\"@type\":\"ReadAction\",\"target\":[\"https:\\\/\\\/eurotrail.info\\\/de\\\/producten\\\/campingmoebel\\\/kinderstuhlen\\\/ardeche\\\/\"]}]},{\"@type\":\"ImageObject\",\"inLanguage\":\"de\",\"@id\":\"https:\\\/\\\/eurotrail.info\\\/de\\\/producten\\\/campingmoebel\\\/kinderstuhlen\\\/ardeche\\\/#primaryimage\",\"url\":\"https:\\\/\\\/eurotrail.info\\\/wp\\\/wp-content\\\/uploads\\\/2016\\\/01\\\/ETCF0041-Ardeche-Lila-23-S.jpg\",\"contentUrl\":\"https:\\\/\\\/eurotrail.info\\\/wp\\\/wp-content\\\/uploads\\\/2016\\\/01\\\/ETCF0041-Ardeche-Lila-23-S.jpg\",\"width\":980,\"height\":1190},{\"@type\":\"BreadcrumbList\",\"@id\":\"https:\\\/\\\/eurotrail.info\\\/de\\\/producten\\\/campingmoebel\\\/kinderstuhlen\\\/ardeche\\\/#breadcrumb\",\"itemListElement\":[{\"@type\":\"ListItem\",\"position\":1,\"name\":\"Home\",\"item\":\"https:\\\/\\\/eurotrail.info\\\/de\\\/\"},{\"@type\":\"ListItem\",\"position\":2,\"name\":\"Produkte\",\"item\":\"https:\\\/\\\/eurotrail.info\\\/de\\\/produkte\\\/\"},{\"@type\":\"ListItem\",\"position\":3,\"name\":\"Ardeche Kinderstuhl\"}]},{\"@type\":\"WebSite\",\"@id\":\"https:\\\/\\\/eurotrail.info\\\/#website\",\"url\":\"https:\\\/\\\/eurotrail.info\\\/\",\"name\":\"Eurotrail\",\"description\":\"\",\"publisher\":{\"@id\":\"https:\\\/\\\/eurotrail.info\\\/#organization\"},\"potentialAction\":[{\"@type\":\"SearchAction\",\"target\":{\"@type\":\"EntryPoint\",\"urlTemplate\":\"https:\\\/\\\/eurotrail.info\\\/?s={search_term_string}\"},\"query-input\":{\"@type\":\"PropertyValueSpecification\",\"valueRequired\":true,\"valueName\":\"search_term_string\"}}],\"inLanguage\":\"de\"},{\"@type\":\"Organization\",\"@id\":\"https:\\\/\\\/eurotrail.info\\\/#organization\",\"name\":\"Eurotrail\",\"url\":\"https:\\\/\\\/eurotrail.info\\\/\",\"logo\":{\"@type\":\"ImageObject\",\"inLanguage\":\"de\",\"@id\":\"https:\\\/\\\/eurotrail.info\\\/#\\\/schema\\\/logo\\\/image\\\/\",\"url\":\"https:\\\/\\\/eurotrail.info\\\/wp\\\/wp-content\\\/uploads\\\/2023\\\/07\\\/ET-logo-quote_NL-scaled.jpg\",\"contentUrl\":\"https:\\\/\\\/eurotrail.info\\\/wp\\\/wp-content\\\/uploads\\\/2023\\\/07\\\/ET-logo-quote_NL-scaled.jpg\",\"width\":2560,\"height\":675,\"caption\":\"Eurotrail\"},\"image\":{\"@id\":\"https:\\\/\\\/eurotrail.info\\\/#\\\/schema\\\/logo\\\/image\\\/\"}}]}<\/script>\n<!-- \/ Yoast SEO plugin. -->","yoast_head_json":{"title":"Ardeche Kinderstuhl - Eurotrail","robots":{"index":"index","follow":"follow","max-snippet":"max-snippet:-1","max-image-preview":"max-image-preview:large","max-video-preview":"max-video-preview:-1"},"canonical":"https:\/\/eurotrail.info\/de\/producten\/campingmoebel\/kinderstuhlen\/ardeche\/","og_locale":"de_DE","og_type":"article","og_title":"Ardeche Kinderstuhl - Eurotrail","og_description":"Dieser fr\u00f6hliche Kinderklappstuhl ist perfekt f\u00fcr jede Gelegenheit! Er ist in einer Vielzahl von verspielten Farben erh\u00e4ltlich und verf\u00fcgt \u00fcber eine hohe R\u00fcckenlehne und bequeme&hellip;","og_url":"https:\/\/eurotrail.info\/de\/producten\/campingmoebel\/kinderstuhlen\/ardeche\/","og_site_name":"Eurotrail","article_modified_time":"2025-02-03T14:59:54+00:00","og_image":[{"width":1182,"height":1417,"url":"https:\/\/eurotrail.info\/wp\/wp-content\/uploads\/2016\/01\/ETCF0041-Ardeche-15-Lime.jpg","type":"image\/jpeg"}],"twitter_card":"summary_large_image","twitter_misc":{"Gesch\u00e4tzte Lesezeit":"1\u00a0Minute"},"schema":{"@context":"https:\/\/schema.org","@graph":[{"@type":"WebPage","@id":"https:\/\/eurotrail.info\/de\/producten\/campingmoebel\/kinderstuhlen\/ardeche\/","url":"https:\/\/eurotrail.info\/de\/producten\/campingmoebel\/kinderstuhlen\/ardeche\/","name":"Ardeche Kinderstuhl - Eurotrail","isPartOf":{"@id":"https:\/\/eurotrail.info\/#website"},"primaryImageOfPage":{"@id":"https:\/\/eurotrail.info\/de\/producten\/campingmoebel\/kinderstuhlen\/ardeche\/#primaryimage"},"image":{"@id":"https:\/\/eurotrail.info\/de\/producten\/campingmoebel\/kinderstuhlen\/ardeche\/#primaryimage"},"thumbnailUrl":"https:\/\/eurotrail.info\/wp\/wp-content\/uploads\/2016\/01\/ETCF0041-Ardeche-Lila-23-S.jpg","datePublished":"2016-01-20T15:59:04+00:00","dateModified":"2025-02-03T14:59:54+00:00","breadcrumb":{"@id":"https:\/\/eurotrail.info\/de\/producten\/campingmoebel\/kinderstuhlen\/ardeche\/#breadcrumb"},"inLanguage":"de","potentialAction":[{"@type":"ReadAction","target":["https:\/\/eurotrail.info\/de\/producten\/campingmoebel\/kinderstuhlen\/ardeche\/"]}]},{"@type":"ImageObject","inLanguage":"de","@id":"https:\/\/eurotrail.info\/de\/producten\/campingmoebel\/kinderstuhlen\/ardeche\/#primaryimage","url":"https:\/\/eurotrail.info\/wp\/wp-content\/uploads\/2016\/01\/ETCF0041-Ardeche-Lila-23-S.jpg","contentUrl":"https:\/\/eurotrail.info\/wp\/wp-content\/uploads\/2016\/01\/ETCF0041-Ardeche-Lila-23-S.jpg","width":980,"height":1190},{"@type":"BreadcrumbList","@id":"https:\/\/eurotrail.info\/de\/producten\/campingmoebel\/kinderstuhlen\/ardeche\/#breadcrumb","itemListElement":[{"@type":"ListItem","position":1,"name":"Home","item":"https:\/\/eurotrail.info\/de\/"},{"@type":"ListItem","position":2,"name":"Produkte","item":"https:\/\/eurotrail.info\/de\/produkte\/"},{"@type":"ListItem","position":3,"name":"Ardeche Kinderstuhl"}]},{"@type":"WebSite","@id":"https:\/\/eurotrail.info\/#website","url":"https:\/\/eurotrail.info\/","name":"Eurotrail","description":"","publisher":{"@id":"https:\/\/eurotrail.info\/#organization"},"potentialAction":[{"@type":"SearchAction","target":{"@type":"EntryPoint","urlTemplate":"https:\/\/eurotrail.info\/?s={search_term_string}"},"query-input":{"@type":"PropertyValueSpecification","valueRequired":true,"valueName":"search_term_string"}}],"inLanguage":"de"},{"@type":"Organization","@id":"https:\/\/eurotrail.info\/#organization","name":"Eurotrail","url":"https:\/\/eurotrail.info\/","logo":{"@type":"ImageObject","inLanguage":"de","@id":"https:\/\/eurotrail.info\/#\/schema\/logo\/image\/","url":"https:\/\/eurotrail.info\/wp\/wp-content\/uploads\/2023\/07\/ET-logo-quote_NL-scaled.jpg","contentUrl":"https:\/\/eurotrail.info\/wp\/wp-content\/uploads\/2023\/07\/ET-logo-quote_NL-scaled.jpg","width":2560,"height":675,"caption":"Eurotrail"},"image":{"@id":"https:\/\/eurotrail.info\/#\/schema\/logo\/image\/"}}]}},"_links":{"self":[{"href":"https:\/\/eurotrail.info\/de\/wp-json\/wp\/v2\/product\/3005","targetHints":{"allow":["GET"]}}],"collection":[{"href":"https:\/\/eurotrail.info\/de\/wp-json\/wp\/v2\/product"}],"about":[{"href":"https:\/\/eurotrail.info\/de\/wp-json\/wp\/v2\/types\/product"}],"replies":[{"embeddable":true,"href":"https:\/\/eurotrail.info\/de\/wp-json\/wp\/v2\/comments?post=3005"}],"wp:featuredmedia":[{"embeddable":true,"href":"https:\/\/eurotrail.info\/de\/wp-json\/wp\/v2\/media\/28677"}],"wp:attachment":[{"href":"https:\/\/eurotrail.info\/de\/wp-json\/wp\/v2\/media?parent=3005"}],"wp:term":[{"taxonomy":"product_brand","embeddable":true,"href":"https:\/\/eurotrail.info\/de\/wp-json\/wp\/v2\/product_brand?post=3005"},{"taxonomy":"product_cat","embeddable":true,"href":"https:\/\/eurotrail.info\/de\/wp-json\/wp\/v2\/product_cat?post=3005"},{"taxonomy":"product_tag","embeddable":true,"href":"https:\/\/eurotrail.info\/de\/wp-json\/wp\/v2\/product_tag?post=3005"}],"curies":[{"name":"wp","href":"https:\/\/api.w.org\/{rel}","templated":true}]}}