{"id":30542,"date":"2026-01-07T14:20:16","date_gmt":"2026-01-07T13:20:16","guid":{"rendered":"https:\/\/eurotrail.info\/?post_type=product&#038;p=30542"},"modified":"2026-03-19T11:52:58","modified_gmt":"2026-03-19T10:52:58","slug":"wiederaufladbare-mueckenlampe","status":"publish","type":"product","link":"https:\/\/eurotrail.info\/de\/producten\/haushaltartikel\/anti-muecken-lampe\/wiederaufladbare-mueckenlampe\/","title":{"rendered":"Wiederaufladbare M\u00fcckenlampe"},"content":{"rendered":"<p>Geplagt von M\u00fccken im Zelt beim Camping? Diese kompakte, wiederaufladbare M\u00fcckenlampe kombiniert effektive Insektenbek\u00e4mpfung mit stimmungsvoller Beleuchtung. Das UV-Licht lockt M\u00fccken und andere fliegende Insekten an, die anschlie\u00dfend durch das interne Gitter sicher get\u00f6tet werden. Zus\u00e4tzlich zur M\u00fcckenbek\u00e4mpfung erzeugt die Lampe ein warmes, flammen\u00e4hnliches Licht, das eine gem\u00fctliche Atmosph\u00e4re schafft \u2013 perfekt f\u00fcr Abende im Freien. Sie k\u00f6nnen die Lampe \u00fcberall aufh\u00e4ngen: im Zelt, unter dem Vordach oder an einem Ast.<\/p>\n<p>Material: ABS + PC, IPX4<br \/>\nLEDs: UV SMD2835 x 6 St\u00fcck, Flamme SD2835 x 36 St\u00fcck<br \/>\nLeistung: 3 W<br \/>\nGitterspannung: 800 V<br \/>\nGr\u00f6\u00dfe: 13 x \u00d8 9 cm<br \/>\nGewicht: 240 g<br \/>\nAkku: Polymer-Akku 803040, 1000 mAh<br \/>\nBetriebsdauer: UV 10\u201311 Std., Flamme 10 Std., Kombi 7 Std. Ladezeit: Mini-USB, 3 Std.<\/p>\n","protected":false},"excerpt":{"rendered":"<p>Geplagt von M\u00fccken im Zelt beim Camping? Diese kompakte, wiederaufladbare M\u00fcckenlampe kombiniert effektive Insektenbek\u00e4mpfung mit stimmungsvoller Beleuchtung. Das UV-Licht lockt M\u00fccken und andere fliegende Insekten&hellip;<\/p>\n","protected":false},"featured_media":28309,"comment_status":"open","ping_status":"closed","template":"","meta":{"_acf_changed":false},"product_brand":[],"product_cat":[208],"product_tag":[],"class_list":{"0":"post-30542","1":"product","2":"type-product","3":"status-publish","4":"has-post-thumbnail","6":"product_cat-anti-muecken-lampe","8":"first","9":"instock","10":"shipping-taxable","11":"product-type-simple"},"acf":[],"yoast_head":"<!-- This site is optimized with the Yoast SEO plugin v27.4 - https:\/\/yoast.com\/product\/yoast-seo-wordpress\/ -->\n<title>Wiederaufladbare M\u00fcckenlampe - Eurotrail<\/title>\n<meta name=\"description\" content=\"Wiederaufladbare M\u00fcckenlampe mit stimmungsvoller Beleuchtung. UV-Licht lockt M\u00fccken an, die anschlie\u00dfend durch das interne Gitter sicher get\u00f6tet werden.\" \/>\n<meta name=\"robots\" content=\"index, follow, max-snippet:-1, max-image-preview:large, max-video-preview:-1\" \/>\n<link rel=\"canonical\" href=\"https:\/\/eurotrail.info\/de\/producten\/haushaltartikel\/anti-muecken-lampe\/wiederaufladbare-mueckenlampe\/\" \/>\n<meta property=\"og:locale\" content=\"de_DE\" \/>\n<meta property=\"og:type\" content=\"article\" \/>\n<meta property=\"og:title\" content=\"Wiederaufladbare M\u00fcckenlampe - Eurotrail\" \/>\n<meta property=\"og:description\" content=\"Wiederaufladbare M\u00fcckenlampe mit stimmungsvoller Beleuchtung. UV-Licht lockt M\u00fccken an, die anschlie\u00dfend durch das interne Gitter sicher get\u00f6tet werden.\" \/>\n<meta property=\"og:url\" content=\"https:\/\/eurotrail.info\/de\/producten\/haushaltartikel\/anti-muecken-lampe\/wiederaufladbare-mueckenlampe\/\" \/>\n<meta property=\"og:site_name\" content=\"Eurotrail\" \/>\n<meta property=\"article:modified_time\" content=\"2026-03-19T10:52:58+00:00\" \/>\n<meta property=\"og:image\" content=\"https:\/\/eurotrail.info\/wp\/wp-content\/uploads\/2026\/01\/muggenlampje-1-scaled.jpg\" \/>\n\t<meta property=\"og:image:width\" content=\"1368\" \/>\n\t<meta property=\"og:image:height\" content=\"2560\" \/>\n\t<meta property=\"og:image:type\" content=\"image\/jpeg\" \/>\n<meta name=\"twitter:card\" content=\"summary_large_image\" \/>\n<meta name=\"twitter:label1\" content=\"Gesch\u00e4tzte Lesezeit\" \/>\n\t<meta name=\"twitter:data1\" content=\"1\u00a0Minute\" \/>\n<script type=\"application\/ld+json\" class=\"yoast-schema-graph\">{\"@context\":\"https:\\\/\\\/schema.org\",\"@graph\":[{\"@type\":\"WebPage\",\"@id\":\"https:\\\/\\\/eurotrail.info\\\/de\\\/producten\\\/haushaltartikel\\\/anti-muecken-lampe\\\/wiederaufladbare-mueckenlampe\\\/\",\"url\":\"https:\\\/\\\/eurotrail.info\\\/de\\\/producten\\\/haushaltartikel\\\/anti-muecken-lampe\\\/wiederaufladbare-mueckenlampe\\\/\",\"name\":\"Wiederaufladbare M\u00fcckenlampe - Eurotrail\",\"isPartOf\":{\"@id\":\"https:\\\/\\\/eurotrail.info\\\/#website\"},\"primaryImageOfPage\":{\"@id\":\"https:\\\/\\\/eurotrail.info\\\/de\\\/producten\\\/haushaltartikel\\\/anti-muecken-lampe\\\/wiederaufladbare-mueckenlampe\\\/#primaryimage\"},\"image\":{\"@id\":\"https:\\\/\\\/eurotrail.info\\\/de\\\/producten\\\/haushaltartikel\\\/anti-muecken-lampe\\\/wiederaufladbare-mueckenlampe\\\/#primaryimage\"},\"thumbnailUrl\":\"https:\\\/\\\/eurotrail.info\\\/wp\\\/wp-content\\\/uploads\\\/2026\\\/01\\\/muggenlampje-1-scaled.jpg\",\"datePublished\":\"2026-01-07T13:20:16+00:00\",\"dateModified\":\"2026-03-19T10:52:58+00:00\",\"description\":\"Wiederaufladbare M\u00fcckenlampe mit stimmungsvoller Beleuchtung. UV-Licht lockt M\u00fccken an, die anschlie\u00dfend durch das interne Gitter sicher get\u00f6tet werden.\",\"breadcrumb\":{\"@id\":\"https:\\\/\\\/eurotrail.info\\\/de\\\/producten\\\/haushaltartikel\\\/anti-muecken-lampe\\\/wiederaufladbare-mueckenlampe\\\/#breadcrumb\"},\"inLanguage\":\"de\",\"potentialAction\":[{\"@type\":\"ReadAction\",\"target\":[\"https:\\\/\\\/eurotrail.info\\\/de\\\/producten\\\/haushaltartikel\\\/anti-muecken-lampe\\\/wiederaufladbare-mueckenlampe\\\/\"]}]},{\"@type\":\"ImageObject\",\"inLanguage\":\"de\",\"@id\":\"https:\\\/\\\/eurotrail.info\\\/de\\\/producten\\\/haushaltartikel\\\/anti-muecken-lampe\\\/wiederaufladbare-mueckenlampe\\\/#primaryimage\",\"url\":\"https:\\\/\\\/eurotrail.info\\\/wp\\\/wp-content\\\/uploads\\\/2026\\\/01\\\/muggenlampje-1-scaled.jpg\",\"contentUrl\":\"https:\\\/\\\/eurotrail.info\\\/wp\\\/wp-content\\\/uploads\\\/2026\\\/01\\\/muggenlampje-1-scaled.jpg\",\"width\":1368,\"height\":2560},{\"@type\":\"BreadcrumbList\",\"@id\":\"https:\\\/\\\/eurotrail.info\\\/de\\\/producten\\\/haushaltartikel\\\/anti-muecken-lampe\\\/wiederaufladbare-mueckenlampe\\\/#breadcrumb\",\"itemListElement\":[{\"@type\":\"ListItem\",\"position\":1,\"name\":\"Home\",\"item\":\"https:\\\/\\\/eurotrail.info\\\/de\\\/\"},{\"@type\":\"ListItem\",\"position\":2,\"name\":\"Produkte\",\"item\":\"https:\\\/\\\/eurotrail.info\\\/de\\\/produkte\\\/\"},{\"@type\":\"ListItem\",\"position\":3,\"name\":\"Wiederaufladbare M\u00fcckenlampe\"}]},{\"@type\":\"WebSite\",\"@id\":\"https:\\\/\\\/eurotrail.info\\\/#website\",\"url\":\"https:\\\/\\\/eurotrail.info\\\/\",\"name\":\"Eurotrail\",\"description\":\"\",\"publisher\":{\"@id\":\"https:\\\/\\\/eurotrail.info\\\/#organization\"},\"potentialAction\":[{\"@type\":\"SearchAction\",\"target\":{\"@type\":\"EntryPoint\",\"urlTemplate\":\"https:\\\/\\\/eurotrail.info\\\/?s={search_term_string}\"},\"query-input\":{\"@type\":\"PropertyValueSpecification\",\"valueRequired\":true,\"valueName\":\"search_term_string\"}}],\"inLanguage\":\"de\"},{\"@type\":\"Organization\",\"@id\":\"https:\\\/\\\/eurotrail.info\\\/#organization\",\"name\":\"Eurotrail\",\"url\":\"https:\\\/\\\/eurotrail.info\\\/\",\"logo\":{\"@type\":\"ImageObject\",\"inLanguage\":\"de\",\"@id\":\"https:\\\/\\\/eurotrail.info\\\/#\\\/schema\\\/logo\\\/image\\\/\",\"url\":\"https:\\\/\\\/eurotrail.info\\\/wp\\\/wp-content\\\/uploads\\\/2023\\\/07\\\/ET-logo-quote_NL-scaled.jpg\",\"contentUrl\":\"https:\\\/\\\/eurotrail.info\\\/wp\\\/wp-content\\\/uploads\\\/2023\\\/07\\\/ET-logo-quote_NL-scaled.jpg\",\"width\":2560,\"height\":675,\"caption\":\"Eurotrail\"},\"image\":{\"@id\":\"https:\\\/\\\/eurotrail.info\\\/#\\\/schema\\\/logo\\\/image\\\/\"}}]}<\/script>\n<!-- \/ Yoast SEO plugin. -->","yoast_head_json":{"title":"Wiederaufladbare M\u00fcckenlampe - Eurotrail","description":"Wiederaufladbare M\u00fcckenlampe mit stimmungsvoller Beleuchtung. UV-Licht lockt M\u00fccken an, die anschlie\u00dfend durch das interne Gitter sicher get\u00f6tet werden.","robots":{"index":"index","follow":"follow","max-snippet":"max-snippet:-1","max-image-preview":"max-image-preview:large","max-video-preview":"max-video-preview:-1"},"canonical":"https:\/\/eurotrail.info\/de\/producten\/haushaltartikel\/anti-muecken-lampe\/wiederaufladbare-mueckenlampe\/","og_locale":"de_DE","og_type":"article","og_title":"Wiederaufladbare M\u00fcckenlampe - Eurotrail","og_description":"Wiederaufladbare M\u00fcckenlampe mit stimmungsvoller Beleuchtung. UV-Licht lockt M\u00fccken an, die anschlie\u00dfend durch das interne Gitter sicher get\u00f6tet werden.","og_url":"https:\/\/eurotrail.info\/de\/producten\/haushaltartikel\/anti-muecken-lampe\/wiederaufladbare-mueckenlampe\/","og_site_name":"Eurotrail","article_modified_time":"2026-03-19T10:52:58+00:00","og_image":[{"width":1368,"height":2560,"url":"https:\/\/eurotrail.info\/wp\/wp-content\/uploads\/2026\/01\/muggenlampje-1-scaled.jpg","type":"image\/jpeg"}],"twitter_card":"summary_large_image","twitter_misc":{"Gesch\u00e4tzte Lesezeit":"1\u00a0Minute"},"schema":{"@context":"https:\/\/schema.org","@graph":[{"@type":"WebPage","@id":"https:\/\/eurotrail.info\/de\/producten\/haushaltartikel\/anti-muecken-lampe\/wiederaufladbare-mueckenlampe\/","url":"https:\/\/eurotrail.info\/de\/producten\/haushaltartikel\/anti-muecken-lampe\/wiederaufladbare-mueckenlampe\/","name":"Wiederaufladbare M\u00fcckenlampe - Eurotrail","isPartOf":{"@id":"https:\/\/eurotrail.info\/#website"},"primaryImageOfPage":{"@id":"https:\/\/eurotrail.info\/de\/producten\/haushaltartikel\/anti-muecken-lampe\/wiederaufladbare-mueckenlampe\/#primaryimage"},"image":{"@id":"https:\/\/eurotrail.info\/de\/producten\/haushaltartikel\/anti-muecken-lampe\/wiederaufladbare-mueckenlampe\/#primaryimage"},"thumbnailUrl":"https:\/\/eurotrail.info\/wp\/wp-content\/uploads\/2026\/01\/muggenlampje-1-scaled.jpg","datePublished":"2026-01-07T13:20:16+00:00","dateModified":"2026-03-19T10:52:58+00:00","description":"Wiederaufladbare M\u00fcckenlampe mit stimmungsvoller Beleuchtung. UV-Licht lockt M\u00fccken an, die anschlie\u00dfend durch das interne Gitter sicher get\u00f6tet werden.","breadcrumb":{"@id":"https:\/\/eurotrail.info\/de\/producten\/haushaltartikel\/anti-muecken-lampe\/wiederaufladbare-mueckenlampe\/#breadcrumb"},"inLanguage":"de","potentialAction":[{"@type":"ReadAction","target":["https:\/\/eurotrail.info\/de\/producten\/haushaltartikel\/anti-muecken-lampe\/wiederaufladbare-mueckenlampe\/"]}]},{"@type":"ImageObject","inLanguage":"de","@id":"https:\/\/eurotrail.info\/de\/producten\/haushaltartikel\/anti-muecken-lampe\/wiederaufladbare-mueckenlampe\/#primaryimage","url":"https:\/\/eurotrail.info\/wp\/wp-content\/uploads\/2026\/01\/muggenlampje-1-scaled.jpg","contentUrl":"https:\/\/eurotrail.info\/wp\/wp-content\/uploads\/2026\/01\/muggenlampje-1-scaled.jpg","width":1368,"height":2560},{"@type":"BreadcrumbList","@id":"https:\/\/eurotrail.info\/de\/producten\/haushaltartikel\/anti-muecken-lampe\/wiederaufladbare-mueckenlampe\/#breadcrumb","itemListElement":[{"@type":"ListItem","position":1,"name":"Home","item":"https:\/\/eurotrail.info\/de\/"},{"@type":"ListItem","position":2,"name":"Produkte","item":"https:\/\/eurotrail.info\/de\/produkte\/"},{"@type":"ListItem","position":3,"name":"Wiederaufladbare M\u00fcckenlampe"}]},{"@type":"WebSite","@id":"https:\/\/eurotrail.info\/#website","url":"https:\/\/eurotrail.info\/","name":"Eurotrail","description":"","publisher":{"@id":"https:\/\/eurotrail.info\/#organization"},"potentialAction":[{"@type":"SearchAction","target":{"@type":"EntryPoint","urlTemplate":"https:\/\/eurotrail.info\/?s={search_term_string}"},"query-input":{"@type":"PropertyValueSpecification","valueRequired":true,"valueName":"search_term_string"}}],"inLanguage":"de"},{"@type":"Organization","@id":"https:\/\/eurotrail.info\/#organization","name":"Eurotrail","url":"https:\/\/eurotrail.info\/","logo":{"@type":"ImageObject","inLanguage":"de","@id":"https:\/\/eurotrail.info\/#\/schema\/logo\/image\/","url":"https:\/\/eurotrail.info\/wp\/wp-content\/uploads\/2023\/07\/ET-logo-quote_NL-scaled.jpg","contentUrl":"https:\/\/eurotrail.info\/wp\/wp-content\/uploads\/2023\/07\/ET-logo-quote_NL-scaled.jpg","width":2560,"height":675,"caption":"Eurotrail"},"image":{"@id":"https:\/\/eurotrail.info\/#\/schema\/logo\/image\/"}}]}},"_links":{"self":[{"href":"https:\/\/eurotrail.info\/de\/wp-json\/wp\/v2\/product\/30542","targetHints":{"allow":["GET"]}}],"collection":[{"href":"https:\/\/eurotrail.info\/de\/wp-json\/wp\/v2\/product"}],"about":[{"href":"https:\/\/eurotrail.info\/de\/wp-json\/wp\/v2\/types\/product"}],"replies":[{"embeddable":true,"href":"https:\/\/eurotrail.info\/de\/wp-json\/wp\/v2\/comments?post=30542"}],"wp:featuredmedia":[{"embeddable":true,"href":"https:\/\/eurotrail.info\/de\/wp-json\/wp\/v2\/media\/28309"}],"wp:attachment":[{"href":"https:\/\/eurotrail.info\/de\/wp-json\/wp\/v2\/media?parent=30542"}],"wp:term":[{"taxonomy":"product_brand","embeddable":true,"href":"https:\/\/eurotrail.info\/de\/wp-json\/wp\/v2\/product_brand?post=30542"},{"taxonomy":"product_cat","embeddable":true,"href":"https:\/\/eurotrail.info\/de\/wp-json\/wp\/v2\/product_cat?post=30542"},{"taxonomy":"product_tag","embeddable":true,"href":"https:\/\/eurotrail.info\/de\/wp-json\/wp\/v2\/product_tag?post=30542"}],"curies":[{"name":"wp","href":"https:\/\/api.w.org\/{rel}","templated":true}]}}