{"id":30548,"date":"2026-01-07T13:12:09","date_gmt":"2026-01-07T12:12:09","guid":{"rendered":"https:\/\/eurotrail.info\/?post_type=product&#038;p=30548"},"modified":"2026-03-19T12:23:44","modified_gmt":"2026-03-19T11:23:44","slug":"30548","status":"publish","type":"product","link":"https:\/\/eurotrail.info\/de\/producten\/campingleuchten\/30548\/","title":{"rendered":"Orix wiederaufladbare Campinglampe"},"content":{"rendered":"<p>Diese robuste Campinglampe mit stabilem Eisenrahmen und originellem Schirm ist ein echter Hingucker. Klassisches Design trifft auf modernen Komfort: Aufladbar per USB und einfach zu bedienen mit dem Drehknopf oben. So k\u00f6nnen Sie die Lampe ein- und ausschalten, zwischen warmwei\u00dfem und kaltem Licht w\u00e4hlen und die Helligkeit stufenlos dimmen. Eine stimmungsvolle und praktische Lampe f\u00fcr jeden Outdoor-Einsatz mit Charakter. Zus\u00e4tzlich mit Powerbank-Funktion.<\/p>\n<p>Material: ABS + PP<br \/>\nLEDs: 6 kaltwei\u00dfe + 3 warmwei\u00dfe LEDs<br \/>\nLichtstrom: max. 400 lm<br \/>\nGr\u00f6\u00dfe: 18 x \u00d8 14 cm<br \/>\nGewicht: 225 g<br \/>\nAkku: 2000 mAh 18650<br \/>\nBetriebsdauer: 3\u201340 Std.<\/p>\n<p>Ladezeit: 3\u20134 Std., 5 V, Typ C<br \/>\nFunktion: Farbtemperaturen: Warmlicht \u2013 Kaltlicht \u2013 Warm+Kaltlicht<br \/>\nUSB: Ein- und Ausgang<\/p>\n","protected":false},"excerpt":{"rendered":"<p>Diese robuste Campinglampe mit stabilem Eisenrahmen und originellem Schirm ist ein echter Hingucker. Klassisches Design trifft auf modernen Komfort: Aufladbar per USB und einfach zu&hellip;<\/p>\n","protected":false},"featured_media":28220,"comment_status":"open","ping_status":"closed","template":"","meta":{"_acf_changed":false},"product_brand":[],"product_cat":[102],"product_tag":[],"class_list":{"0":"post-30548","1":"product","2":"type-product","3":"status-publish","4":"has-post-thumbnail","6":"product_cat-campingleuchten","8":"first","9":"instock","10":"shipping-taxable","11":"product-type-simple"},"acf":[],"yoast_head":"<!-- This site is optimized with the Yoast SEO plugin v27.4 - https:\/\/yoast.com\/product\/yoast-seo-wordpress\/ -->\n<title>Orix wiederaufladbare Campinglampe - Eurotrail<\/title>\n<meta name=\"description\" content=\"Diese robuste Campinglampe mit stabilem Eisenrahmen und originellem Schirm ist ein echter Hingucker. Klassisches Design trifft auf modernen Komfort.\" \/>\n<meta name=\"robots\" content=\"index, follow, max-snippet:-1, max-image-preview:large, max-video-preview:-1\" \/>\n<link rel=\"canonical\" href=\"https:\/\/eurotrail.info\/de\/producten\/campingleuchten\/30548\/\" \/>\n<meta property=\"og:locale\" content=\"de_DE\" \/>\n<meta property=\"og:type\" content=\"article\" \/>\n<meta property=\"og:title\" content=\"Orix wiederaufladbare Campinglampe - Eurotrail\" \/>\n<meta property=\"og:description\" content=\"Diese robuste Campinglampe mit stabilem Eisenrahmen und originellem Schirm ist ein echter Hingucker. Klassisches Design trifft auf modernen Komfort.\" \/>\n<meta property=\"og:url\" content=\"https:\/\/eurotrail.info\/de\/producten\/campingleuchten\/30548\/\" \/>\n<meta property=\"og:site_name\" content=\"Eurotrail\" \/>\n<meta property=\"article:modified_time\" content=\"2026-03-19T11:23:44+00:00\" \/>\n<meta property=\"og:image\" content=\"https:\/\/eurotrail.info\/wp\/wp-content\/uploads\/2026\/01\/ETLT1266_ORIX-Copper-scaled.jpg\" \/>\n\t<meta property=\"og:image:width\" content=\"1628\" \/>\n\t<meta property=\"og:image:height\" content=\"2560\" \/>\n\t<meta property=\"og:image:type\" content=\"image\/jpeg\" \/>\n<meta name=\"twitter:card\" content=\"summary_large_image\" \/>\n<meta name=\"twitter:label1\" content=\"Gesch\u00e4tzte Lesezeit\" \/>\n\t<meta name=\"twitter:data1\" content=\"1\u00a0Minute\" \/>\n<script type=\"application\/ld+json\" class=\"yoast-schema-graph\">{\"@context\":\"https:\\\/\\\/schema.org\",\"@graph\":[{\"@type\":\"WebPage\",\"@id\":\"https:\\\/\\\/eurotrail.info\\\/de\\\/producten\\\/campingleuchten\\\/30548\\\/\",\"url\":\"https:\\\/\\\/eurotrail.info\\\/de\\\/producten\\\/campingleuchten\\\/30548\\\/\",\"name\":\"Orix wiederaufladbare Campinglampe - Eurotrail\",\"isPartOf\":{\"@id\":\"https:\\\/\\\/eurotrail.info\\\/#website\"},\"primaryImageOfPage\":{\"@id\":\"https:\\\/\\\/eurotrail.info\\\/de\\\/producten\\\/campingleuchten\\\/30548\\\/#primaryimage\"},\"image\":{\"@id\":\"https:\\\/\\\/eurotrail.info\\\/de\\\/producten\\\/campingleuchten\\\/30548\\\/#primaryimage\"},\"thumbnailUrl\":\"https:\\\/\\\/eurotrail.info\\\/wp\\\/wp-content\\\/uploads\\\/2026\\\/01\\\/ETLT1266_ORIX-Copper-scaled.jpg\",\"datePublished\":\"2026-01-07T12:12:09+00:00\",\"dateModified\":\"2026-03-19T11:23:44+00:00\",\"description\":\"Diese robuste Campinglampe mit stabilem Eisenrahmen und originellem Schirm ist ein echter Hingucker. Klassisches Design trifft auf modernen Komfort.\",\"breadcrumb\":{\"@id\":\"https:\\\/\\\/eurotrail.info\\\/de\\\/producten\\\/campingleuchten\\\/30548\\\/#breadcrumb\"},\"inLanguage\":\"de\",\"potentialAction\":[{\"@type\":\"ReadAction\",\"target\":[\"https:\\\/\\\/eurotrail.info\\\/de\\\/producten\\\/campingleuchten\\\/30548\\\/\"]}]},{\"@type\":\"ImageObject\",\"inLanguage\":\"de\",\"@id\":\"https:\\\/\\\/eurotrail.info\\\/de\\\/producten\\\/campingleuchten\\\/30548\\\/#primaryimage\",\"url\":\"https:\\\/\\\/eurotrail.info\\\/wp\\\/wp-content\\\/uploads\\\/2026\\\/01\\\/ETLT1266_ORIX-Copper-scaled.jpg\",\"contentUrl\":\"https:\\\/\\\/eurotrail.info\\\/wp\\\/wp-content\\\/uploads\\\/2026\\\/01\\\/ETLT1266_ORIX-Copper-scaled.jpg\",\"width\":1628,\"height\":2560},{\"@type\":\"BreadcrumbList\",\"@id\":\"https:\\\/\\\/eurotrail.info\\\/de\\\/producten\\\/campingleuchten\\\/30548\\\/#breadcrumb\",\"itemListElement\":[{\"@type\":\"ListItem\",\"position\":1,\"name\":\"Home\",\"item\":\"https:\\\/\\\/eurotrail.info\\\/de\\\/\"},{\"@type\":\"ListItem\",\"position\":2,\"name\":\"Produkte\",\"item\":\"https:\\\/\\\/eurotrail.info\\\/de\\\/produkte\\\/\"},{\"@type\":\"ListItem\",\"position\":3,\"name\":\"Orix wiederaufladbare Campinglampe\"}]},{\"@type\":\"WebSite\",\"@id\":\"https:\\\/\\\/eurotrail.info\\\/#website\",\"url\":\"https:\\\/\\\/eurotrail.info\\\/\",\"name\":\"Eurotrail\",\"description\":\"\",\"publisher\":{\"@id\":\"https:\\\/\\\/eurotrail.info\\\/#organization\"},\"potentialAction\":[{\"@type\":\"SearchAction\",\"target\":{\"@type\":\"EntryPoint\",\"urlTemplate\":\"https:\\\/\\\/eurotrail.info\\\/?s={search_term_string}\"},\"query-input\":{\"@type\":\"PropertyValueSpecification\",\"valueRequired\":true,\"valueName\":\"search_term_string\"}}],\"inLanguage\":\"de\"},{\"@type\":\"Organization\",\"@id\":\"https:\\\/\\\/eurotrail.info\\\/#organization\",\"name\":\"Eurotrail\",\"url\":\"https:\\\/\\\/eurotrail.info\\\/\",\"logo\":{\"@type\":\"ImageObject\",\"inLanguage\":\"de\",\"@id\":\"https:\\\/\\\/eurotrail.info\\\/#\\\/schema\\\/logo\\\/image\\\/\",\"url\":\"https:\\\/\\\/eurotrail.info\\\/wp\\\/wp-content\\\/uploads\\\/2023\\\/07\\\/ET-logo-quote_NL-scaled.jpg\",\"contentUrl\":\"https:\\\/\\\/eurotrail.info\\\/wp\\\/wp-content\\\/uploads\\\/2023\\\/07\\\/ET-logo-quote_NL-scaled.jpg\",\"width\":2560,\"height\":675,\"caption\":\"Eurotrail\"},\"image\":{\"@id\":\"https:\\\/\\\/eurotrail.info\\\/#\\\/schema\\\/logo\\\/image\\\/\"}}]}<\/script>\n<!-- \/ Yoast SEO plugin. -->","yoast_head_json":{"title":"Orix wiederaufladbare Campinglampe - Eurotrail","description":"Diese robuste Campinglampe mit stabilem Eisenrahmen und originellem Schirm ist ein echter Hingucker. Klassisches Design trifft auf modernen Komfort.","robots":{"index":"index","follow":"follow","max-snippet":"max-snippet:-1","max-image-preview":"max-image-preview:large","max-video-preview":"max-video-preview:-1"},"canonical":"https:\/\/eurotrail.info\/de\/producten\/campingleuchten\/30548\/","og_locale":"de_DE","og_type":"article","og_title":"Orix wiederaufladbare Campinglampe - Eurotrail","og_description":"Diese robuste Campinglampe mit stabilem Eisenrahmen und originellem Schirm ist ein echter Hingucker. Klassisches Design trifft auf modernen Komfort.","og_url":"https:\/\/eurotrail.info\/de\/producten\/campingleuchten\/30548\/","og_site_name":"Eurotrail","article_modified_time":"2026-03-19T11:23:44+00:00","og_image":[{"width":1628,"height":2560,"url":"https:\/\/eurotrail.info\/wp\/wp-content\/uploads\/2026\/01\/ETLT1266_ORIX-Copper-scaled.jpg","type":"image\/jpeg"}],"twitter_card":"summary_large_image","twitter_misc":{"Gesch\u00e4tzte Lesezeit":"1\u00a0Minute"},"schema":{"@context":"https:\/\/schema.org","@graph":[{"@type":"WebPage","@id":"https:\/\/eurotrail.info\/de\/producten\/campingleuchten\/30548\/","url":"https:\/\/eurotrail.info\/de\/producten\/campingleuchten\/30548\/","name":"Orix wiederaufladbare Campinglampe - Eurotrail","isPartOf":{"@id":"https:\/\/eurotrail.info\/#website"},"primaryImageOfPage":{"@id":"https:\/\/eurotrail.info\/de\/producten\/campingleuchten\/30548\/#primaryimage"},"image":{"@id":"https:\/\/eurotrail.info\/de\/producten\/campingleuchten\/30548\/#primaryimage"},"thumbnailUrl":"https:\/\/eurotrail.info\/wp\/wp-content\/uploads\/2026\/01\/ETLT1266_ORIX-Copper-scaled.jpg","datePublished":"2026-01-07T12:12:09+00:00","dateModified":"2026-03-19T11:23:44+00:00","description":"Diese robuste Campinglampe mit stabilem Eisenrahmen und originellem Schirm ist ein echter Hingucker. Klassisches Design trifft auf modernen Komfort.","breadcrumb":{"@id":"https:\/\/eurotrail.info\/de\/producten\/campingleuchten\/30548\/#breadcrumb"},"inLanguage":"de","potentialAction":[{"@type":"ReadAction","target":["https:\/\/eurotrail.info\/de\/producten\/campingleuchten\/30548\/"]}]},{"@type":"ImageObject","inLanguage":"de","@id":"https:\/\/eurotrail.info\/de\/producten\/campingleuchten\/30548\/#primaryimage","url":"https:\/\/eurotrail.info\/wp\/wp-content\/uploads\/2026\/01\/ETLT1266_ORIX-Copper-scaled.jpg","contentUrl":"https:\/\/eurotrail.info\/wp\/wp-content\/uploads\/2026\/01\/ETLT1266_ORIX-Copper-scaled.jpg","width":1628,"height":2560},{"@type":"BreadcrumbList","@id":"https:\/\/eurotrail.info\/de\/producten\/campingleuchten\/30548\/#breadcrumb","itemListElement":[{"@type":"ListItem","position":1,"name":"Home","item":"https:\/\/eurotrail.info\/de\/"},{"@type":"ListItem","position":2,"name":"Produkte","item":"https:\/\/eurotrail.info\/de\/produkte\/"},{"@type":"ListItem","position":3,"name":"Orix wiederaufladbare Campinglampe"}]},{"@type":"WebSite","@id":"https:\/\/eurotrail.info\/#website","url":"https:\/\/eurotrail.info\/","name":"Eurotrail","description":"","publisher":{"@id":"https:\/\/eurotrail.info\/#organization"},"potentialAction":[{"@type":"SearchAction","target":{"@type":"EntryPoint","urlTemplate":"https:\/\/eurotrail.info\/?s={search_term_string}"},"query-input":{"@type":"PropertyValueSpecification","valueRequired":true,"valueName":"search_term_string"}}],"inLanguage":"de"},{"@type":"Organization","@id":"https:\/\/eurotrail.info\/#organization","name":"Eurotrail","url":"https:\/\/eurotrail.info\/","logo":{"@type":"ImageObject","inLanguage":"de","@id":"https:\/\/eurotrail.info\/#\/schema\/logo\/image\/","url":"https:\/\/eurotrail.info\/wp\/wp-content\/uploads\/2023\/07\/ET-logo-quote_NL-scaled.jpg","contentUrl":"https:\/\/eurotrail.info\/wp\/wp-content\/uploads\/2023\/07\/ET-logo-quote_NL-scaled.jpg","width":2560,"height":675,"caption":"Eurotrail"},"image":{"@id":"https:\/\/eurotrail.info\/#\/schema\/logo\/image\/"}}]}},"_links":{"self":[{"href":"https:\/\/eurotrail.info\/de\/wp-json\/wp\/v2\/product\/30548","targetHints":{"allow":["GET"]}}],"collection":[{"href":"https:\/\/eurotrail.info\/de\/wp-json\/wp\/v2\/product"}],"about":[{"href":"https:\/\/eurotrail.info\/de\/wp-json\/wp\/v2\/types\/product"}],"replies":[{"embeddable":true,"href":"https:\/\/eurotrail.info\/de\/wp-json\/wp\/v2\/comments?post=30548"}],"wp:featuredmedia":[{"embeddable":true,"href":"https:\/\/eurotrail.info\/de\/wp-json\/wp\/v2\/media\/28220"}],"wp:attachment":[{"href":"https:\/\/eurotrail.info\/de\/wp-json\/wp\/v2\/media?parent=30548"}],"wp:term":[{"taxonomy":"product_brand","embeddable":true,"href":"https:\/\/eurotrail.info\/de\/wp-json\/wp\/v2\/product_brand?post=30548"},{"taxonomy":"product_cat","embeddable":true,"href":"https:\/\/eurotrail.info\/de\/wp-json\/wp\/v2\/product_cat?post=30548"},{"taxonomy":"product_tag","embeddable":true,"href":"https:\/\/eurotrail.info\/de\/wp-json\/wp\/v2\/product_tag?post=30548"}],"curies":[{"name":"wp","href":"https:\/\/api.w.org\/{rel}","templated":true}]}}