{"id":30753,"date":"2026-01-07T14:30:41","date_gmt":"2026-01-07T13:30:41","guid":{"rendered":"https:\/\/eurotrail.info\/?post_type=product&#038;p=30753"},"modified":"2026-03-25T13:05:47","modified_gmt":"2026-03-25T12:05:47","slug":"komplettes-wiederaufladbares-waschset","status":"publish","type":"product","link":"https:\/\/eurotrail.info\/de\/producten\/haushaltartikel\/faltbaren-artikeln-aus-silikon\/komplettes-wiederaufladbares-waschset\/","title":{"rendered":"Komplettes, wiederaufladbares Waschset"},"content":{"rendered":"<p><strong>Jederzeit und \u00fcberall im Handumdrehen sauber!<\/strong><\/p>\n<p>Mit diesem cleveren und kompakten Waschset reinigen Sie Ihr Auto, Ihren Wohnwagen oder Ihr Fahrrad m\u00fchelos. Das Set besteht aus einem faltbaren Silikoneimer mit integrierter, wiederaufladbarer Kompressorpumpe und einem Schlauch mit verstellbarer Spr\u00fchd\u00fcse. Dank des kraftvollen Wasserstrahls entfernen Sie Schmutz und Matsch im Handumdrehen.<\/p>\n<p>Die Spr\u00fchd\u00fcse bietet verschiedene Einstellungen, darunter eine praktische Duschfunktion, sodass Sie den Strahl an jede Reinigungsaufgabe anpassen k\u00f6nnen. Der flexible Eimer ist vollst\u00e4ndig faltbar und daher leicht zu verstauen oder mitzunehmen. Da die Pumpe wiederaufladbar ist, ben\u00f6tigen Sie keinen Wasseranschluss: Das Set ist jederzeit und \u00fcberall einsatzbereit.<\/p>\n<p>Dieses Waschset ist ideal f\u00fcr unterwegs \u2013 als Dusche (einfach hei\u00dfes Wasser hinzuf\u00fcgen und schon haben Sie im Nu eine warme Dusche!), zum Absp\u00fclen Ihres Mountainbikes oder Ihres Hundes. Aber auch zu Hause im Garten k\u00f6nnen Sie es zum Gie\u00dfen Ihrer Pflanzen verwenden! Abmessungen: 36 x 36 x 33 cm<br \/>\nZusammengeklappt: 36 x 36 x 7,5 cm<br \/>\nGewicht: 1900 g<br \/>\nMaterial: Silikon\/PP<br \/>\nAkku: 2000 mAh<br \/>\nLadezeit: 6 Std., USB-Kabel<br \/>\nBetriebszeit: 50\u201360 Min.<br \/>\nSchlauchl\u00e4nge: 5 m<br \/>\nD\u00fcse: 7 Positionen<br \/>\nDurchfluss: 3,5 l\/min (offen)<br \/>\nFassungsverm\u00f6gen: 15 l<br \/>\nWasserdruck: 6,0 bar<\/p>\n<h5><strong><span style=\"color: #ff0000;\">Interessiert an diesem praktischen Artikel?<\/span><\/strong> <a href=\"https:\/\/www.obelink.de\/eurotrail-15-liter-wiederaufladbares-faltbarer-spulsystem-8718685022805.html\">Hier bestellen!<\/a><\/h5>\n<p>&nbsp;<\/p>\n","protected":false},"excerpt":{"rendered":"<p>Jederzeit und \u00fcberall im Handumdrehen sauber! Mit diesem cleveren und kompakten Waschset reinigen Sie Ihr Auto, Ihren Wohnwagen oder Ihr Fahrrad m\u00fchelos. Das Set besteht&hellip;<\/p>\n","protected":false},"featured_media":28335,"comment_status":"open","ping_status":"closed","template":"","meta":{"_acf_changed":false},"product_brand":[],"product_cat":[80,77,71],"product_tag":[],"class_list":{"0":"post-30753","1":"product","2":"type-product","3":"status-publish","4":"has-post-thumbnail","6":"product_cat-faltbaren-artikeln-aus-silikon","7":"product_cat-wohnwagen-zubehoer","8":"product_cat-wohnwagenwohnmobilebus","10":"first","11":"instock","12":"shipping-taxable","13":"product-type-simple"},"acf":[],"yoast_head":"<!-- This site is optimized with the Yoast SEO plugin v27.4 - https:\/\/yoast.com\/product\/yoast-seo-wordpress\/ -->\n<title>Komplettes, wiederaufladbares Waschset - Eurotrail<\/title>\n<meta name=\"description\" content=\"Waschset, m\u00fchelose Reinigung Ihres Autos, Wohnwagens, Fahrrads. Faltbarer Eimer mit wiederaufladbare Kompressorpumpe, Schlauch, verstellbare Spr\u00fchd\u00fcse.\" \/>\n<meta name=\"robots\" content=\"index, follow, max-snippet:-1, max-image-preview:large, max-video-preview:-1\" \/>\n<link rel=\"canonical\" href=\"https:\/\/eurotrail.info\/de\/producten\/haushaltartikel\/faltbaren-artikeln-aus-silikon\/komplettes-wiederaufladbares-waschset\/\" \/>\n<meta property=\"og:locale\" content=\"de_DE\" \/>\n<meta property=\"og:type\" content=\"article\" \/>\n<meta property=\"og:title\" content=\"Komplettes, wiederaufladbares Waschset - Eurotrail\" \/>\n<meta property=\"og:description\" content=\"Waschset, m\u00fchelose Reinigung Ihres Autos, Wohnwagens, Fahrrads. Faltbarer Eimer mit wiederaufladbare Kompressorpumpe, Schlauch, verstellbare Spr\u00fchd\u00fcse.\" \/>\n<meta property=\"og:url\" content=\"https:\/\/eurotrail.info\/de\/producten\/haushaltartikel\/faltbaren-artikeln-aus-silikon\/komplettes-wiederaufladbares-waschset\/\" \/>\n<meta property=\"og:site_name\" content=\"Eurotrail\" \/>\n<meta property=\"article:modified_time\" content=\"2026-03-25T12:05:47+00:00\" \/>\n<meta property=\"og:image\" content=\"https:\/\/eurotrail.info\/wp\/wp-content\/uploads\/2026\/01\/Afspuitset-1.jpg\" \/>\n\t<meta property=\"og:image:width\" content=\"605\" \/>\n\t<meta property=\"og:image:height\" content=\"481\" \/>\n\t<meta property=\"og:image:type\" content=\"image\/jpeg\" \/>\n<meta name=\"twitter:card\" content=\"summary_large_image\" \/>\n<meta name=\"twitter:label1\" content=\"Gesch\u00e4tzte Lesezeit\" \/>\n\t<meta name=\"twitter:data1\" content=\"2\u00a0Minuten\" \/>\n<script type=\"application\/ld+json\" class=\"yoast-schema-graph\">{\"@context\":\"https:\\\/\\\/schema.org\",\"@graph\":[{\"@type\":\"WebPage\",\"@id\":\"https:\\\/\\\/eurotrail.info\\\/de\\\/producten\\\/haushaltartikel\\\/faltbaren-artikeln-aus-silikon\\\/komplettes-wiederaufladbares-waschset\\\/\",\"url\":\"https:\\\/\\\/eurotrail.info\\\/de\\\/producten\\\/haushaltartikel\\\/faltbaren-artikeln-aus-silikon\\\/komplettes-wiederaufladbares-waschset\\\/\",\"name\":\"Komplettes, wiederaufladbares Waschset - Eurotrail\",\"isPartOf\":{\"@id\":\"https:\\\/\\\/eurotrail.info\\\/#website\"},\"primaryImageOfPage\":{\"@id\":\"https:\\\/\\\/eurotrail.info\\\/de\\\/producten\\\/haushaltartikel\\\/faltbaren-artikeln-aus-silikon\\\/komplettes-wiederaufladbares-waschset\\\/#primaryimage\"},\"image\":{\"@id\":\"https:\\\/\\\/eurotrail.info\\\/de\\\/producten\\\/haushaltartikel\\\/faltbaren-artikeln-aus-silikon\\\/komplettes-wiederaufladbares-waschset\\\/#primaryimage\"},\"thumbnailUrl\":\"https:\\\/\\\/eurotrail.info\\\/wp\\\/wp-content\\\/uploads\\\/2026\\\/01\\\/Afspuitset-1.jpg\",\"datePublished\":\"2026-01-07T13:30:41+00:00\",\"dateModified\":\"2026-03-25T12:05:47+00:00\",\"description\":\"Waschset, m\u00fchelose Reinigung Ihres Autos, Wohnwagens, Fahrrads. Faltbarer Eimer mit wiederaufladbare Kompressorpumpe, Schlauch, verstellbare Spr\u00fchd\u00fcse.\",\"breadcrumb\":{\"@id\":\"https:\\\/\\\/eurotrail.info\\\/de\\\/producten\\\/haushaltartikel\\\/faltbaren-artikeln-aus-silikon\\\/komplettes-wiederaufladbares-waschset\\\/#breadcrumb\"},\"inLanguage\":\"de\",\"potentialAction\":[{\"@type\":\"ReadAction\",\"target\":[\"https:\\\/\\\/eurotrail.info\\\/de\\\/producten\\\/haushaltartikel\\\/faltbaren-artikeln-aus-silikon\\\/komplettes-wiederaufladbares-waschset\\\/\"]}]},{\"@type\":\"ImageObject\",\"inLanguage\":\"de\",\"@id\":\"https:\\\/\\\/eurotrail.info\\\/de\\\/producten\\\/haushaltartikel\\\/faltbaren-artikeln-aus-silikon\\\/komplettes-wiederaufladbares-waschset\\\/#primaryimage\",\"url\":\"https:\\\/\\\/eurotrail.info\\\/wp\\\/wp-content\\\/uploads\\\/2026\\\/01\\\/Afspuitset-1.jpg\",\"contentUrl\":\"https:\\\/\\\/eurotrail.info\\\/wp\\\/wp-content\\\/uploads\\\/2026\\\/01\\\/Afspuitset-1.jpg\",\"width\":605,\"height\":481},{\"@type\":\"BreadcrumbList\",\"@id\":\"https:\\\/\\\/eurotrail.info\\\/de\\\/producten\\\/haushaltartikel\\\/faltbaren-artikeln-aus-silikon\\\/komplettes-wiederaufladbares-waschset\\\/#breadcrumb\",\"itemListElement\":[{\"@type\":\"ListItem\",\"position\":1,\"name\":\"Home\",\"item\":\"https:\\\/\\\/eurotrail.info\\\/de\\\/\"},{\"@type\":\"ListItem\",\"position\":2,\"name\":\"Produkte\",\"item\":\"https:\\\/\\\/eurotrail.info\\\/de\\\/produkte\\\/\"},{\"@type\":\"ListItem\",\"position\":3,\"name\":\"Komplettes, wiederaufladbares Waschset\"}]},{\"@type\":\"WebSite\",\"@id\":\"https:\\\/\\\/eurotrail.info\\\/#website\",\"url\":\"https:\\\/\\\/eurotrail.info\\\/\",\"name\":\"Eurotrail\",\"description\":\"\",\"publisher\":{\"@id\":\"https:\\\/\\\/eurotrail.info\\\/#organization\"},\"potentialAction\":[{\"@type\":\"SearchAction\",\"target\":{\"@type\":\"EntryPoint\",\"urlTemplate\":\"https:\\\/\\\/eurotrail.info\\\/?s={search_term_string}\"},\"query-input\":{\"@type\":\"PropertyValueSpecification\",\"valueRequired\":true,\"valueName\":\"search_term_string\"}}],\"inLanguage\":\"de\"},{\"@type\":\"Organization\",\"@id\":\"https:\\\/\\\/eurotrail.info\\\/#organization\",\"name\":\"Eurotrail\",\"url\":\"https:\\\/\\\/eurotrail.info\\\/\",\"logo\":{\"@type\":\"ImageObject\",\"inLanguage\":\"de\",\"@id\":\"https:\\\/\\\/eurotrail.info\\\/#\\\/schema\\\/logo\\\/image\\\/\",\"url\":\"https:\\\/\\\/eurotrail.info\\\/wp\\\/wp-content\\\/uploads\\\/2023\\\/07\\\/ET-logo-quote_NL-scaled.jpg\",\"contentUrl\":\"https:\\\/\\\/eurotrail.info\\\/wp\\\/wp-content\\\/uploads\\\/2023\\\/07\\\/ET-logo-quote_NL-scaled.jpg\",\"width\":2560,\"height\":675,\"caption\":\"Eurotrail\"},\"image\":{\"@id\":\"https:\\\/\\\/eurotrail.info\\\/#\\\/schema\\\/logo\\\/image\\\/\"}}]}<\/script>\n<!-- \/ Yoast SEO plugin. -->","yoast_head_json":{"title":"Komplettes, wiederaufladbares Waschset - Eurotrail","description":"Waschset, m\u00fchelose Reinigung Ihres Autos, Wohnwagens, Fahrrads. Faltbarer Eimer mit wiederaufladbare Kompressorpumpe, Schlauch, verstellbare Spr\u00fchd\u00fcse.","robots":{"index":"index","follow":"follow","max-snippet":"max-snippet:-1","max-image-preview":"max-image-preview:large","max-video-preview":"max-video-preview:-1"},"canonical":"https:\/\/eurotrail.info\/de\/producten\/haushaltartikel\/faltbaren-artikeln-aus-silikon\/komplettes-wiederaufladbares-waschset\/","og_locale":"de_DE","og_type":"article","og_title":"Komplettes, wiederaufladbares Waschset - Eurotrail","og_description":"Waschset, m\u00fchelose Reinigung Ihres Autos, Wohnwagens, Fahrrads. Faltbarer Eimer mit wiederaufladbare Kompressorpumpe, Schlauch, verstellbare Spr\u00fchd\u00fcse.","og_url":"https:\/\/eurotrail.info\/de\/producten\/haushaltartikel\/faltbaren-artikeln-aus-silikon\/komplettes-wiederaufladbares-waschset\/","og_site_name":"Eurotrail","article_modified_time":"2026-03-25T12:05:47+00:00","og_image":[{"width":605,"height":481,"url":"https:\/\/eurotrail.info\/wp\/wp-content\/uploads\/2026\/01\/Afspuitset-1.jpg","type":"image\/jpeg"}],"twitter_card":"summary_large_image","twitter_misc":{"Gesch\u00e4tzte Lesezeit":"2\u00a0Minuten"},"schema":{"@context":"https:\/\/schema.org","@graph":[{"@type":"WebPage","@id":"https:\/\/eurotrail.info\/de\/producten\/haushaltartikel\/faltbaren-artikeln-aus-silikon\/komplettes-wiederaufladbares-waschset\/","url":"https:\/\/eurotrail.info\/de\/producten\/haushaltartikel\/faltbaren-artikeln-aus-silikon\/komplettes-wiederaufladbares-waschset\/","name":"Komplettes, wiederaufladbares Waschset - Eurotrail","isPartOf":{"@id":"https:\/\/eurotrail.info\/#website"},"primaryImageOfPage":{"@id":"https:\/\/eurotrail.info\/de\/producten\/haushaltartikel\/faltbaren-artikeln-aus-silikon\/komplettes-wiederaufladbares-waschset\/#primaryimage"},"image":{"@id":"https:\/\/eurotrail.info\/de\/producten\/haushaltartikel\/faltbaren-artikeln-aus-silikon\/komplettes-wiederaufladbares-waschset\/#primaryimage"},"thumbnailUrl":"https:\/\/eurotrail.info\/wp\/wp-content\/uploads\/2026\/01\/Afspuitset-1.jpg","datePublished":"2026-01-07T13:30:41+00:00","dateModified":"2026-03-25T12:05:47+00:00","description":"Waschset, m\u00fchelose Reinigung Ihres Autos, Wohnwagens, Fahrrads. Faltbarer Eimer mit wiederaufladbare Kompressorpumpe, Schlauch, verstellbare Spr\u00fchd\u00fcse.","breadcrumb":{"@id":"https:\/\/eurotrail.info\/de\/producten\/haushaltartikel\/faltbaren-artikeln-aus-silikon\/komplettes-wiederaufladbares-waschset\/#breadcrumb"},"inLanguage":"de","potentialAction":[{"@type":"ReadAction","target":["https:\/\/eurotrail.info\/de\/producten\/haushaltartikel\/faltbaren-artikeln-aus-silikon\/komplettes-wiederaufladbares-waschset\/"]}]},{"@type":"ImageObject","inLanguage":"de","@id":"https:\/\/eurotrail.info\/de\/producten\/haushaltartikel\/faltbaren-artikeln-aus-silikon\/komplettes-wiederaufladbares-waschset\/#primaryimage","url":"https:\/\/eurotrail.info\/wp\/wp-content\/uploads\/2026\/01\/Afspuitset-1.jpg","contentUrl":"https:\/\/eurotrail.info\/wp\/wp-content\/uploads\/2026\/01\/Afspuitset-1.jpg","width":605,"height":481},{"@type":"BreadcrumbList","@id":"https:\/\/eurotrail.info\/de\/producten\/haushaltartikel\/faltbaren-artikeln-aus-silikon\/komplettes-wiederaufladbares-waschset\/#breadcrumb","itemListElement":[{"@type":"ListItem","position":1,"name":"Home","item":"https:\/\/eurotrail.info\/de\/"},{"@type":"ListItem","position":2,"name":"Produkte","item":"https:\/\/eurotrail.info\/de\/produkte\/"},{"@type":"ListItem","position":3,"name":"Komplettes, wiederaufladbares Waschset"}]},{"@type":"WebSite","@id":"https:\/\/eurotrail.info\/#website","url":"https:\/\/eurotrail.info\/","name":"Eurotrail","description":"","publisher":{"@id":"https:\/\/eurotrail.info\/#organization"},"potentialAction":[{"@type":"SearchAction","target":{"@type":"EntryPoint","urlTemplate":"https:\/\/eurotrail.info\/?s={search_term_string}"},"query-input":{"@type":"PropertyValueSpecification","valueRequired":true,"valueName":"search_term_string"}}],"inLanguage":"de"},{"@type":"Organization","@id":"https:\/\/eurotrail.info\/#organization","name":"Eurotrail","url":"https:\/\/eurotrail.info\/","logo":{"@type":"ImageObject","inLanguage":"de","@id":"https:\/\/eurotrail.info\/#\/schema\/logo\/image\/","url":"https:\/\/eurotrail.info\/wp\/wp-content\/uploads\/2023\/07\/ET-logo-quote_NL-scaled.jpg","contentUrl":"https:\/\/eurotrail.info\/wp\/wp-content\/uploads\/2023\/07\/ET-logo-quote_NL-scaled.jpg","width":2560,"height":675,"caption":"Eurotrail"},"image":{"@id":"https:\/\/eurotrail.info\/#\/schema\/logo\/image\/"}}]}},"_links":{"self":[{"href":"https:\/\/eurotrail.info\/de\/wp-json\/wp\/v2\/product\/30753","targetHints":{"allow":["GET"]}}],"collection":[{"href":"https:\/\/eurotrail.info\/de\/wp-json\/wp\/v2\/product"}],"about":[{"href":"https:\/\/eurotrail.info\/de\/wp-json\/wp\/v2\/types\/product"}],"replies":[{"embeddable":true,"href":"https:\/\/eurotrail.info\/de\/wp-json\/wp\/v2\/comments?post=30753"}],"wp:featuredmedia":[{"embeddable":true,"href":"https:\/\/eurotrail.info\/de\/wp-json\/wp\/v2\/media\/28335"}],"wp:attachment":[{"href":"https:\/\/eurotrail.info\/de\/wp-json\/wp\/v2\/media?parent=30753"}],"wp:term":[{"taxonomy":"product_brand","embeddable":true,"href":"https:\/\/eurotrail.info\/de\/wp-json\/wp\/v2\/product_brand?post=30753"},{"taxonomy":"product_cat","embeddable":true,"href":"https:\/\/eurotrail.info\/de\/wp-json\/wp\/v2\/product_cat?post=30753"},{"taxonomy":"product_tag","embeddable":true,"href":"https:\/\/eurotrail.info\/de\/wp-json\/wp\/v2\/product_tag?post=30753"}],"curies":[{"name":"wp","href":"https:\/\/api.w.org\/{rel}","templated":true}]}}