{"id":30792,"date":"2026-03-26T10:05:50","date_gmt":"2026-03-26T09:05:50","guid":{"rendered":"https:\/\/eurotrail.info\/?post_type=product&#038;p=30792"},"modified":"2026-03-26T10:12:11","modified_gmt":"2026-03-26T09:12:11","slug":"henkelbecher-florence-trento","status":"publish","type":"product","link":"https:\/\/eurotrail.info\/de\/producten\/haushaltartikel\/haushalt-geschirr\/henkelbecher-florence-trento\/","title":{"rendered":"Henkelbecher (Florence\/Trento)"},"content":{"rendered":"<p>RPET-Henkelbecher \u2013 praktisch, stilvoll und unverzichtbar<\/p>\n<p>Dieser Becher ist die perfekte Erg\u00e4nzung zu den Geschirrserien Florence und Trento. Hergestellt aus 100 % recyceltem RPET, vereint er Nachhaltigkeit mit Benutzerfreundlichkeit.<\/p>\n<p>Leicht, robust und liegt angenehm in der Hand \u2013 ideal f\u00fcr Kaffee, Tee oder ein erfrischendes Getr\u00e4nk, ob beim Camping oder zu Hause.<\/p>\n<p>Wie das gesamte Geschirr ist auch dieser Becher hitzebest\u00e4ndig, sp\u00fclmaschinenfest und f\u00fcr den h\u00e4ufigen Gebrauch konzipiert. So genie\u00dfen Sie jeden Tag eine bewusste und stilvolle Tischdekoration.<\/p>\n<p>Material: 82 % RPET, 6 % PP, 12 % Silikate<br \/>\nInhalt: 350 ml<br \/>\nAbmessungen: \u00d8 9 x 10 cm<\/p>\n","protected":false},"excerpt":{"rendered":"<p>RPET-Henkelbecher \u2013 praktisch, stilvoll und unverzichtbar Dieser Becher ist die perfekte Erg\u00e4nzung zu den Geschirrserien Florence und Trento. Hergestellt aus 100 % recyceltem RPET, vereint&hellip;<\/p>\n","protected":false},"featured_media":30791,"comment_status":"open","ping_status":"closed","template":"","meta":{"_acf_changed":false},"product_brand":[],"product_cat":[81,78],"product_tag":[],"class_list":{"0":"post-30792","1":"product","2":"type-product","3":"status-publish","4":"has-post-thumbnail","6":"product_cat-haushalt-geschirr","7":"product_cat-haushaltartikel","9":"first","10":"instock","11":"shipping-taxable","12":"product-type-simple"},"acf":[],"yoast_head":"<!-- This site is optimized with the Yoast SEO plugin v27.4 - https:\/\/yoast.com\/product\/yoast-seo-wordpress\/ -->\n<title>Henkelbecher (Florence\/Trento) - Eurotrail<\/title>\n<meta name=\"description\" content=\"Henkelbecher perfekte Erg\u00e4nzung zu den Geschirrserien Florence und Trento. Hergestellt aus 100 % recyceltem RPET. Inhalt: 350 ml\" \/>\n<meta name=\"robots\" content=\"index, follow, max-snippet:-1, max-image-preview:large, max-video-preview:-1\" \/>\n<link rel=\"canonical\" href=\"https:\/\/eurotrail.info\/de\/producten\/haushaltartikel\/haushalt-geschirr\/henkelbecher-florence-trento\/\" \/>\n<meta property=\"og:locale\" content=\"de_DE\" \/>\n<meta property=\"og:type\" content=\"article\" \/>\n<meta property=\"og:title\" content=\"Henkelbecher (Florence\/Trento) - Eurotrail\" \/>\n<meta property=\"og:description\" content=\"Henkelbecher perfekte Erg\u00e4nzung zu den Geschirrserien Florence und Trento. Hergestellt aus 100 % recyceltem RPET. Inhalt: 350 ml\" \/>\n<meta property=\"og:url\" content=\"https:\/\/eurotrail.info\/de\/producten\/haushaltartikel\/haushalt-geschirr\/henkelbecher-florence-trento\/\" \/>\n<meta property=\"og:site_name\" content=\"Eurotrail\" \/>\n<meta property=\"article:modified_time\" content=\"2026-03-26T09:12:11+00:00\" \/>\n<meta property=\"og:image\" content=\"https:\/\/eurotrail.info\/wp\/wp-content\/uploads\/2026\/03\/beker-bruin.jpg\" \/>\n\t<meta property=\"og:image:width\" content=\"2245\" \/>\n\t<meta property=\"og:image:height\" content=\"1976\" \/>\n\t<meta property=\"og:image:type\" content=\"image\/jpeg\" \/>\n<meta name=\"twitter:card\" content=\"summary_large_image\" \/>\n<meta name=\"twitter:label1\" content=\"Gesch\u00e4tzte Lesezeit\" \/>\n\t<meta name=\"twitter:data1\" content=\"1\u00a0Minute\" \/>\n<script type=\"application\/ld+json\" class=\"yoast-schema-graph\">{\"@context\":\"https:\\\/\\\/schema.org\",\"@graph\":[{\"@type\":\"WebPage\",\"@id\":\"https:\\\/\\\/eurotrail.info\\\/de\\\/producten\\\/haushaltartikel\\\/haushalt-geschirr\\\/henkelbecher-florence-trento\\\/\",\"url\":\"https:\\\/\\\/eurotrail.info\\\/de\\\/producten\\\/haushaltartikel\\\/haushalt-geschirr\\\/henkelbecher-florence-trento\\\/\",\"name\":\"Henkelbecher (Florence\\\/Trento) - Eurotrail\",\"isPartOf\":{\"@id\":\"https:\\\/\\\/eurotrail.info\\\/#website\"},\"primaryImageOfPage\":{\"@id\":\"https:\\\/\\\/eurotrail.info\\\/de\\\/producten\\\/haushaltartikel\\\/haushalt-geschirr\\\/henkelbecher-florence-trento\\\/#primaryimage\"},\"image\":{\"@id\":\"https:\\\/\\\/eurotrail.info\\\/de\\\/producten\\\/haushaltartikel\\\/haushalt-geschirr\\\/henkelbecher-florence-trento\\\/#primaryimage\"},\"thumbnailUrl\":\"https:\\\/\\\/eurotrail.info\\\/wp\\\/wp-content\\\/uploads\\\/2026\\\/03\\\/beker-bruin.jpg\",\"datePublished\":\"2026-03-26T09:05:50+00:00\",\"dateModified\":\"2026-03-26T09:12:11+00:00\",\"description\":\"Henkelbecher perfekte Erg\u00e4nzung zu den Geschirrserien Florence und Trento. Hergestellt aus 100 % recyceltem RPET. Inhalt: 350 ml\",\"breadcrumb\":{\"@id\":\"https:\\\/\\\/eurotrail.info\\\/de\\\/producten\\\/haushaltartikel\\\/haushalt-geschirr\\\/henkelbecher-florence-trento\\\/#breadcrumb\"},\"inLanguage\":\"de\",\"potentialAction\":[{\"@type\":\"ReadAction\",\"target\":[\"https:\\\/\\\/eurotrail.info\\\/de\\\/producten\\\/haushaltartikel\\\/haushalt-geschirr\\\/henkelbecher-florence-trento\\\/\"]}]},{\"@type\":\"ImageObject\",\"inLanguage\":\"de\",\"@id\":\"https:\\\/\\\/eurotrail.info\\\/de\\\/producten\\\/haushaltartikel\\\/haushalt-geschirr\\\/henkelbecher-florence-trento\\\/#primaryimage\",\"url\":\"https:\\\/\\\/eurotrail.info\\\/wp\\\/wp-content\\\/uploads\\\/2026\\\/03\\\/beker-bruin.jpg\",\"contentUrl\":\"https:\\\/\\\/eurotrail.info\\\/wp\\\/wp-content\\\/uploads\\\/2026\\\/03\\\/beker-bruin.jpg\",\"width\":2245,\"height\":1976},{\"@type\":\"BreadcrumbList\",\"@id\":\"https:\\\/\\\/eurotrail.info\\\/de\\\/producten\\\/haushaltartikel\\\/haushalt-geschirr\\\/henkelbecher-florence-trento\\\/#breadcrumb\",\"itemListElement\":[{\"@type\":\"ListItem\",\"position\":1,\"name\":\"Home\",\"item\":\"https:\\\/\\\/eurotrail.info\\\/de\\\/\"},{\"@type\":\"ListItem\",\"position\":2,\"name\":\"Produkte\",\"item\":\"https:\\\/\\\/eurotrail.info\\\/de\\\/produkte\\\/\"},{\"@type\":\"ListItem\",\"position\":3,\"name\":\"Henkelbecher (Florence\\\/Trento)\"}]},{\"@type\":\"WebSite\",\"@id\":\"https:\\\/\\\/eurotrail.info\\\/#website\",\"url\":\"https:\\\/\\\/eurotrail.info\\\/\",\"name\":\"Eurotrail\",\"description\":\"\",\"publisher\":{\"@id\":\"https:\\\/\\\/eurotrail.info\\\/#organization\"},\"potentialAction\":[{\"@type\":\"SearchAction\",\"target\":{\"@type\":\"EntryPoint\",\"urlTemplate\":\"https:\\\/\\\/eurotrail.info\\\/?s={search_term_string}\"},\"query-input\":{\"@type\":\"PropertyValueSpecification\",\"valueRequired\":true,\"valueName\":\"search_term_string\"}}],\"inLanguage\":\"de\"},{\"@type\":\"Organization\",\"@id\":\"https:\\\/\\\/eurotrail.info\\\/#organization\",\"name\":\"Eurotrail\",\"url\":\"https:\\\/\\\/eurotrail.info\\\/\",\"logo\":{\"@type\":\"ImageObject\",\"inLanguage\":\"de\",\"@id\":\"https:\\\/\\\/eurotrail.info\\\/#\\\/schema\\\/logo\\\/image\\\/\",\"url\":\"https:\\\/\\\/eurotrail.info\\\/wp\\\/wp-content\\\/uploads\\\/2023\\\/07\\\/ET-logo-quote_NL-scaled.jpg\",\"contentUrl\":\"https:\\\/\\\/eurotrail.info\\\/wp\\\/wp-content\\\/uploads\\\/2023\\\/07\\\/ET-logo-quote_NL-scaled.jpg\",\"width\":2560,\"height\":675,\"caption\":\"Eurotrail\"},\"image\":{\"@id\":\"https:\\\/\\\/eurotrail.info\\\/#\\\/schema\\\/logo\\\/image\\\/\"}}]}<\/script>\n<!-- \/ Yoast SEO plugin. -->","yoast_head_json":{"title":"Henkelbecher (Florence\/Trento) - Eurotrail","description":"Henkelbecher perfekte Erg\u00e4nzung zu den Geschirrserien Florence und Trento. Hergestellt aus 100 % recyceltem RPET. Inhalt: 350 ml","robots":{"index":"index","follow":"follow","max-snippet":"max-snippet:-1","max-image-preview":"max-image-preview:large","max-video-preview":"max-video-preview:-1"},"canonical":"https:\/\/eurotrail.info\/de\/producten\/haushaltartikel\/haushalt-geschirr\/henkelbecher-florence-trento\/","og_locale":"de_DE","og_type":"article","og_title":"Henkelbecher (Florence\/Trento) - Eurotrail","og_description":"Henkelbecher perfekte Erg\u00e4nzung zu den Geschirrserien Florence und Trento. Hergestellt aus 100 % recyceltem RPET. Inhalt: 350 ml","og_url":"https:\/\/eurotrail.info\/de\/producten\/haushaltartikel\/haushalt-geschirr\/henkelbecher-florence-trento\/","og_site_name":"Eurotrail","article_modified_time":"2026-03-26T09:12:11+00:00","og_image":[{"width":2245,"height":1976,"url":"https:\/\/eurotrail.info\/wp\/wp-content\/uploads\/2026\/03\/beker-bruin.jpg","type":"image\/jpeg"}],"twitter_card":"summary_large_image","twitter_misc":{"Gesch\u00e4tzte Lesezeit":"1\u00a0Minute"},"schema":{"@context":"https:\/\/schema.org","@graph":[{"@type":"WebPage","@id":"https:\/\/eurotrail.info\/de\/producten\/haushaltartikel\/haushalt-geschirr\/henkelbecher-florence-trento\/","url":"https:\/\/eurotrail.info\/de\/producten\/haushaltartikel\/haushalt-geschirr\/henkelbecher-florence-trento\/","name":"Henkelbecher (Florence\/Trento) - Eurotrail","isPartOf":{"@id":"https:\/\/eurotrail.info\/#website"},"primaryImageOfPage":{"@id":"https:\/\/eurotrail.info\/de\/producten\/haushaltartikel\/haushalt-geschirr\/henkelbecher-florence-trento\/#primaryimage"},"image":{"@id":"https:\/\/eurotrail.info\/de\/producten\/haushaltartikel\/haushalt-geschirr\/henkelbecher-florence-trento\/#primaryimage"},"thumbnailUrl":"https:\/\/eurotrail.info\/wp\/wp-content\/uploads\/2026\/03\/beker-bruin.jpg","datePublished":"2026-03-26T09:05:50+00:00","dateModified":"2026-03-26T09:12:11+00:00","description":"Henkelbecher perfekte Erg\u00e4nzung zu den Geschirrserien Florence und Trento. Hergestellt aus 100 % recyceltem RPET. Inhalt: 350 ml","breadcrumb":{"@id":"https:\/\/eurotrail.info\/de\/producten\/haushaltartikel\/haushalt-geschirr\/henkelbecher-florence-trento\/#breadcrumb"},"inLanguage":"de","potentialAction":[{"@type":"ReadAction","target":["https:\/\/eurotrail.info\/de\/producten\/haushaltartikel\/haushalt-geschirr\/henkelbecher-florence-trento\/"]}]},{"@type":"ImageObject","inLanguage":"de","@id":"https:\/\/eurotrail.info\/de\/producten\/haushaltartikel\/haushalt-geschirr\/henkelbecher-florence-trento\/#primaryimage","url":"https:\/\/eurotrail.info\/wp\/wp-content\/uploads\/2026\/03\/beker-bruin.jpg","contentUrl":"https:\/\/eurotrail.info\/wp\/wp-content\/uploads\/2026\/03\/beker-bruin.jpg","width":2245,"height":1976},{"@type":"BreadcrumbList","@id":"https:\/\/eurotrail.info\/de\/producten\/haushaltartikel\/haushalt-geschirr\/henkelbecher-florence-trento\/#breadcrumb","itemListElement":[{"@type":"ListItem","position":1,"name":"Home","item":"https:\/\/eurotrail.info\/de\/"},{"@type":"ListItem","position":2,"name":"Produkte","item":"https:\/\/eurotrail.info\/de\/produkte\/"},{"@type":"ListItem","position":3,"name":"Henkelbecher (Florence\/Trento)"}]},{"@type":"WebSite","@id":"https:\/\/eurotrail.info\/#website","url":"https:\/\/eurotrail.info\/","name":"Eurotrail","description":"","publisher":{"@id":"https:\/\/eurotrail.info\/#organization"},"potentialAction":[{"@type":"SearchAction","target":{"@type":"EntryPoint","urlTemplate":"https:\/\/eurotrail.info\/?s={search_term_string}"},"query-input":{"@type":"PropertyValueSpecification","valueRequired":true,"valueName":"search_term_string"}}],"inLanguage":"de"},{"@type":"Organization","@id":"https:\/\/eurotrail.info\/#organization","name":"Eurotrail","url":"https:\/\/eurotrail.info\/","logo":{"@type":"ImageObject","inLanguage":"de","@id":"https:\/\/eurotrail.info\/#\/schema\/logo\/image\/","url":"https:\/\/eurotrail.info\/wp\/wp-content\/uploads\/2023\/07\/ET-logo-quote_NL-scaled.jpg","contentUrl":"https:\/\/eurotrail.info\/wp\/wp-content\/uploads\/2023\/07\/ET-logo-quote_NL-scaled.jpg","width":2560,"height":675,"caption":"Eurotrail"},"image":{"@id":"https:\/\/eurotrail.info\/#\/schema\/logo\/image\/"}}]}},"_links":{"self":[{"href":"https:\/\/eurotrail.info\/de\/wp-json\/wp\/v2\/product\/30792","targetHints":{"allow":["GET"]}}],"collection":[{"href":"https:\/\/eurotrail.info\/de\/wp-json\/wp\/v2\/product"}],"about":[{"href":"https:\/\/eurotrail.info\/de\/wp-json\/wp\/v2\/types\/product"}],"replies":[{"embeddable":true,"href":"https:\/\/eurotrail.info\/de\/wp-json\/wp\/v2\/comments?post=30792"}],"wp:featuredmedia":[{"embeddable":true,"href":"https:\/\/eurotrail.info\/de\/wp-json\/wp\/v2\/media\/30791"}],"wp:attachment":[{"href":"https:\/\/eurotrail.info\/de\/wp-json\/wp\/v2\/media?parent=30792"}],"wp:term":[{"taxonomy":"product_brand","embeddable":true,"href":"https:\/\/eurotrail.info\/de\/wp-json\/wp\/v2\/product_brand?post=30792"},{"taxonomy":"product_cat","embeddable":true,"href":"https:\/\/eurotrail.info\/de\/wp-json\/wp\/v2\/product_cat?post=30792"},{"taxonomy":"product_tag","embeddable":true,"href":"https:\/\/eurotrail.info\/de\/wp-json\/wp\/v2\/product_tag?post=30792"}],"curies":[{"name":"wp","href":"https:\/\/api.w.org\/{rel}","templated":true}]}}