{"id":3245,"date":"2017-01-17T08:51:47","date_gmt":"2017-01-17T07:51:47","guid":{"rendered":"http:\/\/preview.eurotrail.info\/producten\/faltbare-gepaeckwagen-sunny\/"},"modified":"2017-01-17T09:08:23","modified_gmt":"2017-01-17T08:08:23","slug":"faltbare-gepaeckwagen-sunny","status":"publish","type":"product","link":"https:\/\/eurotrail.info\/de\/producten\/campingmoebel\/bollerwagen\/faltbare-gepaeckwagen-sunny\/","title":{"rendered":"Faltbare Gep\u00e4ckwagen Sunny"},"content":{"rendered":"<p>Faltbare Gep\u00e4ckwagen, speziell f\u00fcr den Einsatz auf dem Strand eingestellt. Die gro\u00dfen R\u00e4der sorgen f\u00fcr leichte Transport und verhindern dass der Wagen im Sand stecken bleibt. Leicht zu falten und braucht wenig Speicherplatz.<\/p>\n<p>Lieferbare Farbe Grau<\/p>\n<p>Material: 100% Polyester<br \/>\nGestell: Stahlen Faltgestell<br \/>\nGrosse: 86x47x25cm<br \/>\nPackmass: 76x50x18cm<br \/>\nGewicht: 11.2 kg.<br \/>\nMax. Belastung: 75 kg.<\/p>\n","protected":false},"excerpt":{"rendered":"<p>Faltbare Gep\u00e4ckwagen, speziell f\u00fcr den Einsatz auf dem Strand eingestellt. Die gro\u00dfen R\u00e4der sorgen f\u00fcr leichte Transport und verhindern dass der Wagen im Sand stecken&hellip;<\/p>\n","protected":false},"featured_media":3244,"comment_status":"open","ping_status":"closed","template":"","meta":{"_acf_changed":false},"product_brand":[],"product_cat":[91],"product_tag":[],"class_list":{"0":"post-3245","1":"product","2":"type-product","3":"status-publish","4":"has-post-thumbnail","6":"product_cat-bollerwagen","8":"first","9":"instock","10":"shipping-taxable","11":"product-type-simple"},"acf":[],"yoast_head":"<!-- This site is optimized with the Yoast SEO plugin v27.3 - https:\/\/yoast.com\/product\/yoast-seo-wordpress\/ -->\n<title>Faltbare Gep\u00e4ckwagen Sunny - Eurotrail<\/title>\n<meta name=\"robots\" content=\"index, follow, max-snippet:-1, max-image-preview:large, max-video-preview:-1\" \/>\n<link rel=\"canonical\" href=\"https:\/\/eurotrail.info\/producten\/kampeermeubelen-campingmeubelen\/bagagewagens-bollerwagen-strandwagen\/strandkar-sunny\/\" \/>\n<meta property=\"og:locale\" content=\"de_DE\" \/>\n<meta property=\"og:type\" content=\"article\" \/>\n<meta property=\"og:title\" content=\"Faltbare Gep\u00e4ckwagen Sunny - Eurotrail\" \/>\n<meta property=\"og:description\" content=\"Faltbare Gep\u00e4ckwagen, speziell f\u00fcr den Einsatz auf dem Strand eingestellt. Die gro\u00dfen R\u00e4der sorgen f\u00fcr leichte Transport und verhindern dass der Wagen im Sand stecken&hellip;\" \/>\n<meta property=\"og:url\" content=\"https:\/\/eurotrail.info\/producten\/kampeermeubelen-campingmeubelen\/bagagewagens-bollerwagen-strandwagen\/strandkar-sunny\/\" \/>\n<meta property=\"og:site_name\" content=\"Eurotrail\" \/>\n<meta property=\"article:modified_time\" content=\"2017-01-17T08:08:23+00:00\" \/>\n<meta property=\"og:image\" content=\"https:\/\/eurotrail.info\/wp\/wp-content\/uploads\/2017\/01\/Beach-trolley-Sunny-7.jpg\" \/>\n\t<meta property=\"og:image:width\" content=\"1772\" \/>\n\t<meta property=\"og:image:height\" content=\"1492\" \/>\n\t<meta property=\"og:image:type\" content=\"image\/jpeg\" \/>\n<meta name=\"twitter:card\" content=\"summary_large_image\" \/>\n<script type=\"application\/ld+json\" class=\"yoast-schema-graph\">{\"@context\":\"https:\\\/\\\/schema.org\",\"@graph\":[{\"@type\":\"WebPage\",\"@id\":\"https:\\\/\\\/eurotrail.info\\\/producten\\\/kampeermeubelen-campingmeubelen\\\/bagagewagens-bollerwagen-strandwagen\\\/strandkar-sunny\\\/\",\"url\":\"https:\\\/\\\/eurotrail.info\\\/producten\\\/kampeermeubelen-campingmeubelen\\\/bagagewagens-bollerwagen-strandwagen\\\/strandkar-sunny\\\/\",\"name\":\"Faltbare Gep\u00e4ckwagen Sunny - Eurotrail\",\"isPartOf\":{\"@id\":\"https:\\\/\\\/eurotrail.info\\\/#website\"},\"primaryImageOfPage\":{\"@id\":\"https:\\\/\\\/eurotrail.info\\\/producten\\\/kampeermeubelen-campingmeubelen\\\/bagagewagens-bollerwagen-strandwagen\\\/strandkar-sunny\\\/#primaryimage\"},\"image\":{\"@id\":\"https:\\\/\\\/eurotrail.info\\\/producten\\\/kampeermeubelen-campingmeubelen\\\/bagagewagens-bollerwagen-strandwagen\\\/strandkar-sunny\\\/#primaryimage\"},\"thumbnailUrl\":\"https:\\\/\\\/eurotrail.info\\\/wp\\\/wp-content\\\/uploads\\\/2017\\\/01\\\/Beach-trolley-Sunny-7.jpg\",\"datePublished\":\"2017-01-17T07:51:47+00:00\",\"dateModified\":\"2017-01-17T08:08:23+00:00\",\"breadcrumb\":{\"@id\":\"https:\\\/\\\/eurotrail.info\\\/producten\\\/kampeermeubelen-campingmeubelen\\\/bagagewagens-bollerwagen-strandwagen\\\/strandkar-sunny\\\/#breadcrumb\"},\"inLanguage\":\"de\",\"potentialAction\":[{\"@type\":\"ReadAction\",\"target\":[\"https:\\\/\\\/eurotrail.info\\\/producten\\\/kampeermeubelen-campingmeubelen\\\/bagagewagens-bollerwagen-strandwagen\\\/strandkar-sunny\\\/\"]}]},{\"@type\":\"ImageObject\",\"inLanguage\":\"de\",\"@id\":\"https:\\\/\\\/eurotrail.info\\\/producten\\\/kampeermeubelen-campingmeubelen\\\/bagagewagens-bollerwagen-strandwagen\\\/strandkar-sunny\\\/#primaryimage\",\"url\":\"https:\\\/\\\/eurotrail.info\\\/wp\\\/wp-content\\\/uploads\\\/2017\\\/01\\\/Beach-trolley-Sunny-7.jpg\",\"contentUrl\":\"https:\\\/\\\/eurotrail.info\\\/wp\\\/wp-content\\\/uploads\\\/2017\\\/01\\\/Beach-trolley-Sunny-7.jpg\",\"width\":1772,\"height\":1492,\"caption\":\"Faltbare Gep\u00e4ckwagen, speziell f\u00fcr den Einsatz auf dem Strand eingestellt.\"},{\"@type\":\"BreadcrumbList\",\"@id\":\"https:\\\/\\\/eurotrail.info\\\/producten\\\/kampeermeubelen-campingmeubelen\\\/bagagewagens-bollerwagen-strandwagen\\\/strandkar-sunny\\\/#breadcrumb\",\"itemListElement\":[{\"@type\":\"ListItem\",\"position\":1,\"name\":\"Home\",\"item\":\"https:\\\/\\\/eurotrail.info\\\/de\\\/\"},{\"@type\":\"ListItem\",\"position\":2,\"name\":\"Produkte\",\"item\":\"https:\\\/\\\/eurotrail.info\\\/de\\\/produkte\\\/\"},{\"@type\":\"ListItem\",\"position\":3,\"name\":\"Faltbare Gep\u00e4ckwagen Sunny\"}]},{\"@type\":\"WebSite\",\"@id\":\"https:\\\/\\\/eurotrail.info\\\/#website\",\"url\":\"https:\\\/\\\/eurotrail.info\\\/\",\"name\":\"Eurotrail\",\"description\":\"\",\"publisher\":{\"@id\":\"https:\\\/\\\/eurotrail.info\\\/#organization\"},\"potentialAction\":[{\"@type\":\"SearchAction\",\"target\":{\"@type\":\"EntryPoint\",\"urlTemplate\":\"https:\\\/\\\/eurotrail.info\\\/?s={search_term_string}\"},\"query-input\":{\"@type\":\"PropertyValueSpecification\",\"valueRequired\":true,\"valueName\":\"search_term_string\"}}],\"inLanguage\":\"de\"},{\"@type\":\"Organization\",\"@id\":\"https:\\\/\\\/eurotrail.info\\\/#organization\",\"name\":\"Eurotrail\",\"url\":\"https:\\\/\\\/eurotrail.info\\\/\",\"logo\":{\"@type\":\"ImageObject\",\"inLanguage\":\"de\",\"@id\":\"https:\\\/\\\/eurotrail.info\\\/#\\\/schema\\\/logo\\\/image\\\/\",\"url\":\"https:\\\/\\\/eurotrail.info\\\/wp\\\/wp-content\\\/uploads\\\/2023\\\/07\\\/ET-logo-quote_NL-scaled.jpg\",\"contentUrl\":\"https:\\\/\\\/eurotrail.info\\\/wp\\\/wp-content\\\/uploads\\\/2023\\\/07\\\/ET-logo-quote_NL-scaled.jpg\",\"width\":2560,\"height\":675,\"caption\":\"Eurotrail\"},\"image\":{\"@id\":\"https:\\\/\\\/eurotrail.info\\\/#\\\/schema\\\/logo\\\/image\\\/\"}}]}<\/script>\n<!-- \/ Yoast SEO plugin. -->","yoast_head_json":{"title":"Faltbare Gep\u00e4ckwagen Sunny - Eurotrail","robots":{"index":"index","follow":"follow","max-snippet":"max-snippet:-1","max-image-preview":"max-image-preview:large","max-video-preview":"max-video-preview:-1"},"canonical":"https:\/\/eurotrail.info\/producten\/kampeermeubelen-campingmeubelen\/bagagewagens-bollerwagen-strandwagen\/strandkar-sunny\/","og_locale":"de_DE","og_type":"article","og_title":"Faltbare Gep\u00e4ckwagen Sunny - Eurotrail","og_description":"Faltbare Gep\u00e4ckwagen, speziell f\u00fcr den Einsatz auf dem Strand eingestellt. Die gro\u00dfen R\u00e4der sorgen f\u00fcr leichte Transport und verhindern dass der Wagen im Sand stecken&hellip;","og_url":"https:\/\/eurotrail.info\/producten\/kampeermeubelen-campingmeubelen\/bagagewagens-bollerwagen-strandwagen\/strandkar-sunny\/","og_site_name":"Eurotrail","article_modified_time":"2017-01-17T08:08:23+00:00","og_image":[{"width":1772,"height":1492,"url":"https:\/\/eurotrail.info\/wp\/wp-content\/uploads\/2017\/01\/Beach-trolley-Sunny-7.jpg","type":"image\/jpeg"}],"twitter_card":"summary_large_image","schema":{"@context":"https:\/\/schema.org","@graph":[{"@type":"WebPage","@id":"https:\/\/eurotrail.info\/producten\/kampeermeubelen-campingmeubelen\/bagagewagens-bollerwagen-strandwagen\/strandkar-sunny\/","url":"https:\/\/eurotrail.info\/producten\/kampeermeubelen-campingmeubelen\/bagagewagens-bollerwagen-strandwagen\/strandkar-sunny\/","name":"Faltbare Gep\u00e4ckwagen Sunny - Eurotrail","isPartOf":{"@id":"https:\/\/eurotrail.info\/#website"},"primaryImageOfPage":{"@id":"https:\/\/eurotrail.info\/producten\/kampeermeubelen-campingmeubelen\/bagagewagens-bollerwagen-strandwagen\/strandkar-sunny\/#primaryimage"},"image":{"@id":"https:\/\/eurotrail.info\/producten\/kampeermeubelen-campingmeubelen\/bagagewagens-bollerwagen-strandwagen\/strandkar-sunny\/#primaryimage"},"thumbnailUrl":"https:\/\/eurotrail.info\/wp\/wp-content\/uploads\/2017\/01\/Beach-trolley-Sunny-7.jpg","datePublished":"2017-01-17T07:51:47+00:00","dateModified":"2017-01-17T08:08:23+00:00","breadcrumb":{"@id":"https:\/\/eurotrail.info\/producten\/kampeermeubelen-campingmeubelen\/bagagewagens-bollerwagen-strandwagen\/strandkar-sunny\/#breadcrumb"},"inLanguage":"de","potentialAction":[{"@type":"ReadAction","target":["https:\/\/eurotrail.info\/producten\/kampeermeubelen-campingmeubelen\/bagagewagens-bollerwagen-strandwagen\/strandkar-sunny\/"]}]},{"@type":"ImageObject","inLanguage":"de","@id":"https:\/\/eurotrail.info\/producten\/kampeermeubelen-campingmeubelen\/bagagewagens-bollerwagen-strandwagen\/strandkar-sunny\/#primaryimage","url":"https:\/\/eurotrail.info\/wp\/wp-content\/uploads\/2017\/01\/Beach-trolley-Sunny-7.jpg","contentUrl":"https:\/\/eurotrail.info\/wp\/wp-content\/uploads\/2017\/01\/Beach-trolley-Sunny-7.jpg","width":1772,"height":1492,"caption":"Faltbare Gep\u00e4ckwagen, speziell f\u00fcr den Einsatz auf dem Strand eingestellt."},{"@type":"BreadcrumbList","@id":"https:\/\/eurotrail.info\/producten\/kampeermeubelen-campingmeubelen\/bagagewagens-bollerwagen-strandwagen\/strandkar-sunny\/#breadcrumb","itemListElement":[{"@type":"ListItem","position":1,"name":"Home","item":"https:\/\/eurotrail.info\/de\/"},{"@type":"ListItem","position":2,"name":"Produkte","item":"https:\/\/eurotrail.info\/de\/produkte\/"},{"@type":"ListItem","position":3,"name":"Faltbare Gep\u00e4ckwagen Sunny"}]},{"@type":"WebSite","@id":"https:\/\/eurotrail.info\/#website","url":"https:\/\/eurotrail.info\/","name":"Eurotrail","description":"","publisher":{"@id":"https:\/\/eurotrail.info\/#organization"},"potentialAction":[{"@type":"SearchAction","target":{"@type":"EntryPoint","urlTemplate":"https:\/\/eurotrail.info\/?s={search_term_string}"},"query-input":{"@type":"PropertyValueSpecification","valueRequired":true,"valueName":"search_term_string"}}],"inLanguage":"de"},{"@type":"Organization","@id":"https:\/\/eurotrail.info\/#organization","name":"Eurotrail","url":"https:\/\/eurotrail.info\/","logo":{"@type":"ImageObject","inLanguage":"de","@id":"https:\/\/eurotrail.info\/#\/schema\/logo\/image\/","url":"https:\/\/eurotrail.info\/wp\/wp-content\/uploads\/2023\/07\/ET-logo-quote_NL-scaled.jpg","contentUrl":"https:\/\/eurotrail.info\/wp\/wp-content\/uploads\/2023\/07\/ET-logo-quote_NL-scaled.jpg","width":2560,"height":675,"caption":"Eurotrail"},"image":{"@id":"https:\/\/eurotrail.info\/#\/schema\/logo\/image\/"}}]}},"_links":{"self":[{"href":"https:\/\/eurotrail.info\/de\/wp-json\/wp\/v2\/product\/3245","targetHints":{"allow":["GET"]}}],"collection":[{"href":"https:\/\/eurotrail.info\/de\/wp-json\/wp\/v2\/product"}],"about":[{"href":"https:\/\/eurotrail.info\/de\/wp-json\/wp\/v2\/types\/product"}],"replies":[{"embeddable":true,"href":"https:\/\/eurotrail.info\/de\/wp-json\/wp\/v2\/comments?post=3245"}],"wp:featuredmedia":[{"embeddable":true,"href":"https:\/\/eurotrail.info\/de\/wp-json\/wp\/v2\/media\/3244"}],"wp:attachment":[{"href":"https:\/\/eurotrail.info\/de\/wp-json\/wp\/v2\/media?parent=3245"}],"wp:term":[{"taxonomy":"product_brand","embeddable":true,"href":"https:\/\/eurotrail.info\/de\/wp-json\/wp\/v2\/product_brand?post=3245"},{"taxonomy":"product_cat","embeddable":true,"href":"https:\/\/eurotrail.info\/de\/wp-json\/wp\/v2\/product_cat?post=3245"},{"taxonomy":"product_tag","embeddable":true,"href":"https:\/\/eurotrail.info\/de\/wp-json\/wp\/v2\/product_tag?post=3245"}],"curies":[{"name":"wp","href":"https:\/\/api.w.org\/{rel}","templated":true}]}}